{"id":1889,"date":"2017-03-01T18:57:42","date_gmt":"2017-03-01T17:57:42","guid":{"rendered":"http:\/\/www.guayapi.com\/boutique\/retractation_2014\/"},"modified":"2017-03-24T15:47:40","modified_gmt":"2017-03-24T14:47:40","slug":"retractation","status":"publish","type":"page","link":"https:\/\/www.guayapi.com\/boutique\/retractation\/","title":{"rendered":"R\u00e9tractation"},"content":{"rendered":"<h2>D\u00e9lai de r\u00e9tractation<\/h2>\n<p>\u00ab Art. L. 121-21. \u2013 Le consommateur <strong>dispose d&rsquo;un d\u00e9lai de 14\u00a0jours pour exercer son droit de r\u00e9tractation<\/strong> d&rsquo;un contrat conclu \u00e0 distance, \u00e0 la suite d&rsquo;un d\u00e9marchage t\u00e9l\u00e9phonique ou hors \u00e9tablissement, sans avoir \u00e0 motiver sa d\u00e9cision, ni \u00e0 supporter d&rsquo;autres co\u00fbts que ceux pr\u00e9vus aux articles L. 121-21-3 \u00e0 L. 121-21-5. Toute clause par laquelle le consommateur abandonne son droit de r\u00e9tractation est nulle. \u00bb<\/p>\n<h2>Utilisation de son droit de r\u00e9tractation<\/h2>\n<p>Vous pouvez exercer votre droit de r\u00e9tractation en envoyant votre demande par courrier libre \u00e0 l&rsquo;adresse postal <strong>Guayapi tropical, 55 rue traversi\u00e8re, 75 012 Paris, France<\/strong>, ou via le formulaire ci-dessous.<\/p>\n<p>Votre demande doit \u00eatre faite dans les 14 jours qui suivent votre commande, et doit contenir les informations suivantes :<\/p>\n<ul>\n<li>Nom\/Pr\u00e9nom ou Raison Sociale du client<\/li>\n<li>Coordonn\u00e9es<\/li>\n<li>Num\u00e9ro de commande<\/li>\n<li>Date d&rsquo;envoi du courrier<\/li>\n<\/ul>\n<h2>Frais de renvoi des produits<\/h2>\n<p>Tous les produits faisant l&rsquo;objet d&rsquo;une demande de r\u00e9tractation, doivent \u00eatre renvoy\u00e9s aux frais du client \u00e0 l&rsquo;adresse\u00a0<strong>Guayapi tropical, 55 rue traversi\u00e8re, 75 012 Paris, France<\/strong>\u00a0dans un d\u00e9lai maximum de 14\u00a0jours apr\u00e8s la date de demande de r\u00e9tractation.<\/p>\n<p>Ce d\u00e9lai est r\u00e9put\u00e9 respect\u00e9 si vous renvoyez le bien avant l\u2019expiration du d\u00e9lai de 14\u00a0jours.<\/p>\n<p>Votre responsabilit\u00e9 n\u2019est engag\u00e9e qu\u2019\u00e0 l\u2019\u00e9gard de la d\u00e9pr\u00e9ciation du bien r\u00e9sultant de manipulations autres que celles n\u00e9cessaires pour \u00e9tablir la nature, les caract\u00e9ristiques et le bon fonctionnement de ce bien.<\/p>\n<h2>Effets de la r\u00e9tractation<\/h2>\n<p>En cas de r\u00e9tractation de votre part du pr\u00e9sent contrat, nous vous rembourserons tous les paiements re\u00e7us de vous, y compris les frais de livraison (\u00e0 l\u2019exception des frais suppl\u00e9mentaires d\u00e9coulant du fait que vous avez choisi, le cas \u00e9ch\u00e9ant, un mode de livraison autre que le mode moins co\u00fbteux de livraison standard propos\u00e9 par nous) sans retard excessif et, en tout \u00e9tat de cause, au plus tard 14\u00a0jours \u00e0 compter du jour o\u00f9 nous sommes inform\u00e9s de votre d\u00e9cision de r\u00e9tractation du pr\u00e9sent contrat.<\/p>\n<p>Nous proc\u00e9derons au remboursement en utilisant le m\u00eame moyen de paiement que celui que vous aurez utilis\u00e9 pour la transaction initiale, sauf si vous convenez express\u00e9ment d\u2019un moyen diff\u00e9rent; en tout \u00e9tat de cause, ce remboursement n\u2019occasionnera pas de frais pour vous.<\/p>\n<h2>Formulaire de r\u00e9tractation<\/h2>\n\n<div class=\"wpcf7 no-js\" id=\"wpcf7-f1972-o1\" lang=\"fr-FR\" dir=\"ltr\" data-wpcf7-id=\"1972\">\n<div class=\"screen-reader-response\"><p role=\"status\" aria-live=\"polite\" aria-atomic=\"true\"><\/p> <ul><\/ul><\/div>\n<form action=\"\/boutique\/wp-json\/wp\/v2\/pages\/1889\/#wpcf7-f1972-o1\" method=\"post\" class=\"wpcf7-form init wpcf7-acceptance-as-validation\" aria-label=\"Formulaire de contact\" novalidate=\"novalidate\" data-status=\"init\">\n<fieldset class=\"hidden-fields-container\"><input type=\"hidden\" name=\"_wpcf7\" value=\"1972\" \/><input type=\"hidden\" name=\"_wpcf7_version\" value=\"6.1.5\" \/><input type=\"hidden\" name=\"_wpcf7_locale\" value=\"fr_FR\" \/><input type=\"hidden\" name=\"_wpcf7_unit_tag\" value=\"wpcf7-f1972-o1\" \/><input type=\"hidden\" name=\"_wpcf7_container_post\" value=\"0\" \/><input type=\"hidden\" name=\"_wpcf7_posted_data_hash\" value=\"\" \/>\n<\/fieldset>\n<p><span class=\"wpcf7-form-control-wrap\" data-name=\"your-name\"><input size=\"40\" maxlength=\"400\" class=\"wpcf7-form-control wpcf7-text wpcf7-validates-as-required\" aria-required=\"true\" aria-invalid=\"false\" placeholder=\"Nom et pr\u00e9nom *\" value=\"\" type=\"text\" name=\"your-name\" \/><\/span><br \/>\n<span class=\"wpcf7-form-control-wrap\" data-name=\"your-adresse\"><textarea cols=\"40\" rows=\"2\" maxlength=\"2000\" class=\"wpcf7-form-control wpcf7-textarea wpcf7-validates-as-required\" aria-required=\"true\" aria-invalid=\"false\" placeholder=\"Adresse\" name=\"your-adresse\"><\/textarea><\/span><br \/>\n<span class=\"wpcf7-form-control-wrap\" data-name=\"your-cp\"><input class=\"wpcf7-form-control wpcf7-number wpcf7-validates-as-required wpcf7-validates-as-number\" aria-required=\"true\" aria-invalid=\"false\" placeholder=\"Code Postal\" value=\"\" type=\"number\" name=\"your-cp\" \/><\/span><br \/>\n<span class=\"wpcf7-form-control-wrap\" data-name=\"your-ville\"><input size=\"40\" maxlength=\"400\" class=\"wpcf7-form-control wpcf7-text wpcf7-validates-as-required\" aria-required=\"true\" aria-invalid=\"false\" placeholder=\"Ville\" value=\"\" type=\"text\" name=\"your-ville\" \/><\/span><br \/>\n<span class=\"wpcf7-form-control-wrap\" data-name=\"your-email\"><input size=\"40\" maxlength=\"400\" class=\"wpcf7-form-control wpcf7-email wpcf7-validates-as-required wpcf7-text wpcf7-validates-as-email\" aria-required=\"true\" aria-invalid=\"false\" placeholder=\"Email\" value=\"\" type=\"email\" name=\"your-email\" \/><\/span><br \/>\n<span class=\"wpcf7-form-control-wrap\" data-name=\"your-tel\"><input size=\"40\" maxlength=\"400\" class=\"wpcf7-form-control wpcf7-tel wpcf7-validates-as-required wpcf7-text wpcf7-validates-as-tel\" aria-required=\"true\" aria-invalid=\"false\" placeholder=\"T\u00e9l\u00e9phone\" value=\"\" type=\"tel\" name=\"your-tel\" \/><\/span><br \/>\n<span class=\"wpcf7-form-control-wrap\" data-name=\"your-ncommande\"><input class=\"wpcf7-form-control wpcf7-number wpcf7-validates-as-required wpcf7-validates-as-number\" aria-required=\"true\" aria-invalid=\"false\" placeholder=\"N\u00b0 de commande ou de facture\" value=\"\" type=\"number\" name=\"your-ncommande\" \/><\/span><br \/>\n<span class=\"wpcf7-form-control-wrap\" data-name=\"your-date\"><input class=\"wpcf7-form-control wpcf7-date wpcf7-validates-as-required wpcf7-validates-as-date\" aria-required=\"true\" aria-invalid=\"false\" value=\"Date de commande ou de facture\" type=\"date\" name=\"your-date\" \/><\/span>\n<\/p>\n<p><span class=\"wpcf7-form-control-wrap\" data-name=\"your-consent\"><span class=\"wpcf7-form-control wpcf7-acceptance\"><span class=\"wpcf7-list-item\"><label><input type=\"checkbox\" name=\"your-consent\" value=\"1\" aria-invalid=\"false\" \/><span class=\"wpcf7-list-item-label\">En soumettant ce formulaire, j\u2019accepte que les informations saisies dans ce formulaire soient utilis\u00e9es pour permettre de me recontacter. Consulter notre <a href=\"\/politique-de-confidentialite\/\">politique de confidentialit\u00e9<\/a>.<\/span><\/label><\/span><\/span><\/span>\n<\/p>\n<p><input class=\"wpcf7-form-control wpcf7-submit has-spinner\" type=\"submit\" value=\"Envoyer\" \/><br \/>\n* obligatoire\n<\/p><div class=\"wpcf7-response-output\" aria-hidden=\"true\"><\/div>\n<\/form>\n<\/div>\n\n","protected":false},"excerpt":{"rendered":"<p>D\u00e9lai de r\u00e9tractation \u00ab Art. L. 121-21. \u2013 Le consommateur dispose d&rsquo;un d\u00e9lai de 14\u00a0jours pour exercer son droit de r\u00e9tractation d&rsquo;un contrat conclu \u00e0 distance, \u00e0 la suite d&rsquo;un d\u00e9marchage t\u00e9l\u00e9phonique ou hors \u00e9tablissement, sans avoir \u00e0 motiver sa d\u00e9cision, ni \u00e0 supporter d&rsquo;autres co\u00fbts que ceux pr\u00e9vus aux articles L. 121-21-3 \u00e0 L.<\/p>\n","protected":false},"author":1,"featured_media":0,"parent":0,"menu_order":0,"comment_status":"closed","ping_status":"closed","template":"","meta":{"_acf_changed":false,"footnotes":""},"class_list":["post-1889","page","type-page","status-publish","hentry"],"acf":[],"yoast_head":"<title>R\u00e9tractation - Guayapi<\/title>\n<meta name=\"robots\" content=\"index, follow, max-snippet:-1, max-image-preview:large, max-video-preview:-1\" \/>\n<link rel=\"canonical\" href=\"https:\/\/www.guayapi.com\/boutique\/retractation\/\" \/>\n<meta property=\"og:locale\" content=\"fr_FR\" \/>\n<meta property=\"og:type\" content=\"article\" \/>\n<meta property=\"og:title\" content=\"R\u00e9tractation - Guayapi\" \/>\n<meta property=\"og:description\" content=\"D\u00e9lai de r\u00e9tractation \u00ab Art. L. 121-21. \u2013 Le consommateur dispose d&rsquo;un d\u00e9lai de 14\u00a0jours pour exercer son droit de r\u00e9tractation d&rsquo;un contrat conclu \u00e0 distance, \u00e0 la suite d&rsquo;un d\u00e9marchage t\u00e9l\u00e9phonique ou hors \u00e9tablissement, sans avoir \u00e0 motiver sa d\u00e9cision, ni \u00e0 supporter d&rsquo;autres co\u00fbts que ceux pr\u00e9vus aux articles L. 121-21-3 \u00e0 L.\" \/>\n<meta property=\"og:url\" content=\"https:\/\/www.guayapi.com\/boutique\/retractation\/\" \/>\n<meta property=\"og:site_name\" content=\"Guayapi\" \/>\n<meta property=\"article:modified_time\" content=\"2017-03-24T14:47:40+00:00\" \/>\n<meta name=\"twitter:card\" content=\"summary_large_image\" \/>\n<meta name=\"twitter:label1\" content=\"Dur\u00e9e de lecture estim\u00e9e\" \/>\n\t<meta name=\"twitter:data1\" content=\"2 minutes\" \/>\n<script type=\"application\/ld+json\" class=\"yoast-schema-graph\">{\"@context\":\"https:\\\/\\\/schema.org\",\"@graph\":[{\"@type\":\"WebPage\",\"@id\":\"https:\\\/\\\/www.guayapi.com\\\/boutique\\\/retractation\\\/\",\"url\":\"https:\\\/\\\/www.guayapi.com\\\/boutique\\\/retractation\\\/\",\"name\":\"R\u00e9tractation - Guayapi\",\"isPartOf\":{\"@id\":\"https:\\\/\\\/www.guayapi.com\\\/boutique\\\/#website\"},\"datePublished\":\"2017-03-01T17:57:42+00:00\",\"dateModified\":\"2017-03-24T14:47:40+00:00\",\"breadcrumb\":{\"@id\":\"https:\\\/\\\/www.guayapi.com\\\/boutique\\\/retractation\\\/#breadcrumb\"},\"inLanguage\":\"fr-FR\",\"potentialAction\":[{\"@type\":\"ReadAction\",\"target\":[\"https:\\\/\\\/www.guayapi.com\\\/boutique\\\/retractation\\\/\"]}]},{\"@type\":\"BreadcrumbList\",\"@id\":\"https:\\\/\\\/www.guayapi.com\\\/boutique\\\/retractation\\\/#breadcrumb\",\"itemListElement\":[{\"@type\":\"ListItem\",\"position\":1,\"name\":\"Accueil\",\"item\":\"https:\\\/\\\/www.guayapi.com\\\/boutique\\\/\"},{\"@type\":\"ListItem\",\"position\":2,\"name\":\"R\u00e9tractation\"}]},{\"@type\":\"WebSite\",\"@id\":\"https:\\\/\\\/www.guayapi.com\\\/boutique\\\/#website\",\"url\":\"https:\\\/\\\/www.guayapi.com\\\/boutique\\\/\",\"name\":\"Guayapi\",\"description\":\"Super-aliments \u2022 \u00c9picerie fine \u2022 Cosm\u00e9tiques\",\"potentialAction\":[{\"@type\":\"SearchAction\",\"target\":{\"@type\":\"EntryPoint\",\"urlTemplate\":\"https:\\\/\\\/www.guayapi.com\\\/boutique\\\/?s={search_term_string}\"},\"query-input\":{\"@type\":\"PropertyValueSpecification\",\"valueRequired\":true,\"valueName\":\"search_term_string\"}}],\"inLanguage\":\"fr-FR\"}]}<\/script>","yoast_head_json":{"title":"R\u00e9tractation - Guayapi","robots":{"index":"index","follow":"follow","max-snippet":"max-snippet:-1","max-image-preview":"max-image-preview:large","max-video-preview":"max-video-preview:-1"},"canonical":"https:\/\/www.guayapi.com\/boutique\/retractation\/","og_locale":"fr_FR","og_type":"article","og_title":"R\u00e9tractation - Guayapi","og_description":"D\u00e9lai de r\u00e9tractation \u00ab Art. L. 121-21. \u2013 Le consommateur dispose d&rsquo;un d\u00e9lai de 14\u00a0jours pour exercer son droit de r\u00e9tractation d&rsquo;un contrat conclu \u00e0 distance, \u00e0 la suite d&rsquo;un d\u00e9marchage t\u00e9l\u00e9phonique ou hors \u00e9tablissement, sans avoir \u00e0 motiver sa d\u00e9cision, ni \u00e0 supporter d&rsquo;autres co\u00fbts que ceux pr\u00e9vus aux articles L. 121-21-3 \u00e0 L.","og_url":"https:\/\/www.guayapi.com\/boutique\/retractation\/","og_site_name":"Guayapi","article_modified_time":"2017-03-24T14:47:40+00:00","twitter_card":"summary_large_image","twitter_misc":{"Dur\u00e9e de lecture estim\u00e9e":"2 minutes"},"schema":{"@context":"https:\/\/schema.org","@graph":[{"@type":"WebPage","@id":"https:\/\/www.guayapi.com\/boutique\/retractation\/","url":"https:\/\/www.guayapi.com\/boutique\/retractation\/","name":"R\u00e9tractation - Guayapi","isPartOf":{"@id":"https:\/\/www.guayapi.com\/boutique\/#website"},"datePublished":"2017-03-01T17:57:42+00:00","dateModified":"2017-03-24T14:47:40+00:00","breadcrumb":{"@id":"https:\/\/www.guayapi.com\/boutique\/retractation\/#breadcrumb"},"inLanguage":"fr-FR","potentialAction":[{"@type":"ReadAction","target":["https:\/\/www.guayapi.com\/boutique\/retractation\/"]}]},{"@type":"BreadcrumbList","@id":"https:\/\/www.guayapi.com\/boutique\/retractation\/#breadcrumb","itemListElement":[{"@type":"ListItem","position":1,"name":"Accueil","item":"https:\/\/www.guayapi.com\/boutique\/"},{"@type":"ListItem","position":2,"name":"R\u00e9tractation"}]},{"@type":"WebSite","@id":"https:\/\/www.guayapi.com\/boutique\/#website","url":"https:\/\/www.guayapi.com\/boutique\/","name":"Guayapi","description":"Super-aliments \u2022 \u00c9picerie fine \u2022 Cosm\u00e9tiques","potentialAction":[{"@type":"SearchAction","target":{"@type":"EntryPoint","urlTemplate":"https:\/\/www.guayapi.com\/boutique\/?s={search_term_string}"},"query-input":{"@type":"PropertyValueSpecification","valueRequired":true,"valueName":"search_term_string"}}],"inLanguage":"fr-FR"}]}},"_links":{"self":[{"href":"https:\/\/www.guayapi.com\/boutique\/wp-json\/wp\/v2\/pages\/1889","targetHints":{"allow":["GET"]}}],"collection":[{"href":"https:\/\/www.guayapi.com\/boutique\/wp-json\/wp\/v2\/pages"}],"about":[{"href":"https:\/\/www.guayapi.com\/boutique\/wp-json\/wp\/v2\/types\/page"}],"author":[{"embeddable":true,"href":"https:\/\/www.guayapi.com\/boutique\/wp-json\/wp\/v2\/users\/1"}],"replies":[{"embeddable":true,"href":"https:\/\/www.guayapi.com\/boutique\/wp-json\/wp\/v2\/comments?post=1889"}],"version-history":[{"count":0,"href":"https:\/\/www.guayapi.com\/boutique\/wp-json\/wp\/v2\/pages\/1889\/revisions"}],"wp:attachment":[{"href":"https:\/\/www.guayapi.com\/boutique\/wp-json\/wp\/v2\/media?parent=1889"}],"curies":[{"name":"wp","href":"https:\/\/api.w.org\/{rel}","templated":true}]}}