{"id":1962,"date":"2017-03-24T09:58:31","date_gmt":"2017-03-24T08:58:31","guid":{"rendered":"http:\/\/www.guayapi.com\/boutique\/?page_id=1962"},"modified":"2018-01-31T10:47:11","modified_gmt":"2018-01-31T09:47:11","slug":"conditions-generales-de-ventes","status":"publish","type":"page","link":"https:\/\/www.guayapi.com\/boutique\/conditions-generales-de-ventes\/","title":{"rendered":"Conditions g\u00e9n\u00e9rales de ventes"},"content":{"rendered":"<h2>ARTICLE 1 : CHAMP D\u2019APPLICATION :<\/h2>\n<p>Les pr\u00e9sentes conditions de ventes visent \u00e0 d\u00e9finir les modalit\u00e9s de vente par correspondance entre Guayapi tropical et les personnes souhaitant effectuer un achat sur le site internet de Guayapi tropical.<\/p>\n<h2>ARTICLE 2 : COMMANDES :<\/h2>\n<p>En commandant ses produits, le client est pr\u00e9sum\u00e9 adh\u00e9rer \u00e0 l\u2019int\u00e9gralit\u00e9 des pr\u00e9sentes conditions de vente.<\/p>\n<p>Les donn\u00e9es enregistr\u00e9es par Guayapi tropical constitueront la preuve de l\u2019ensemble des op\u00e9rations et transactions financi\u00e8res effectu\u00e9es par le client.<\/p>\n<p>Toute commande pass\u00e9e avant une modification demeure soumise aux conditions en vigueur \u00e0 la date \u00e0 laquelle elle a \u00e9t\u00e9 pass\u00e9e.<\/p>\n<h2>ARTICLE 3 : DISPONIBILIT\u00c9 DES PRODUITS :<\/h2>\n<p>Nos produits sont propos\u00e9s dans la limite des stocks disponibles. L\u2019indisponibilit\u00e9 d\u2019un ou plusieurs produit(s) ne peut engager la responsabilit\u00e9 de Guayapi Tropical. N\u00e9anmoins, si un ou plusieurs produits venaient \u00e0 \u00eatre indisponible(s), Guayapi Tropical en avertira le client dans les meilleurs d\u00e9lais, par courrier \u00e9lectronique.<\/p>\n<h2>ARTICLE 4 : PRIX :<\/h2>\n<p>Les prix sont indiqu\u00e9s en euros toutes taxes comprises, hors la participation des frais d\u2019exp\u00e9dition, indiqu\u00e9s \u00e0 l\u2019article 6 des pr\u00e9sentes conditions g\u00e9n\u00e9rales de vente.<\/p>\n<p>Ils tiennent compte de la TVA au jour de la commande. Tout changement de taux applicable pourra \u00eatre modifi\u00e9. Les prix sont modifiables \u00e0 tout moment, sans pr\u00e9avis. Toutefois, les produits sont factur\u00e9s sur la base en vigueur \u00e0 l\u2019enregistrement de la commande.<\/p>\n<h2>ARTICLE 5 : PAIEMENT :<\/h2>\n<p>Le r\u00e8glement des achats s\u2019effectue par par ch\u00e8que libell\u00e9 en euros et \u00e0 l\u2019ordre de Guayapi tropical.<\/p>\n<p>Il est indispensable de mentionner l\u2019adresse de livraison, si elle diff\u00e8re de l\u2019adresse du ch\u00e8que.<\/p>\n<h2>ARTICLE 6 : LIVRAISON :<\/h2>\n<p>Guayapi tropical s\u2019engage \u00e0 effectuer les livraisons des produits command\u00e9s dans les plus brefs d\u00e9lais \u00e0 la r\u00e9ception du r\u00e8glement.<\/p>\n<p>Les frais de port sont \u00e0 la charge du client. Les frais postaux s\u2019\u00e9l\u00e8veront \u00e0 10 (dix) euros en France m\u00e9tropolitaine jusqu\u2019\u00e0 1kg. Le port sera gratuit \u00e0 compter de 150 (cent cinquante) euros d&rsquo;achats TTC.<\/p>\n<p>Les produits sont livr\u00e9s par la poste \u00e0 l\u2019adresse de livraison indiqu\u00e9e lors de la commande.<\/p>\n<p>A d\u00e9faut d\u2019indication, ils sont livr\u00e9s \u00e0 l\u2019adresse du ch\u00e8que.<\/p>\n<p>Guayapi tropical ne peut \u00eatre tenu pour responsable d\u2019un retard \u00e9ventuel de livraison, en cas de force majeur (Inondation, guerre, gr\u00e8ve des services postaux\/transports, intemp\u00e9ries, et.)<\/p>\n<p>Les produits doivent \u00eatre contr\u00f4l\u00e9s par le client lors de la livraison, les risques du transport sont \u00e0 la charge du client, \u00e0 compter de la sortie du d\u00e9p\u00f4t du ou des produits(s).<\/p>\n<p>Concernant, les livraisons hors de France m\u00e9tropolitaine, les produits command\u00e9s sont import\u00e9s dans le pays de destination par et sous la responsabilit\u00e9 du client.<\/p>\n<p>Il lui appartient de prendre aupr\u00e8s des autorit\u00e9s locales concern\u00e9es les informations n\u00e9cessaires et de veiller \u00e0 respecter scrupuleusement les formalit\u00e9s sp\u00e9cifiques \u00e0 l\u2019importation des produits de Guayapi tropical sur le territoire du pays de destination.<\/p>\n<p>Les produits peuvent \u00eatre \u00e9galement retir\u00e9s dans le showroom de Guayapi Tropical au 73 Rue de Charenton 75012 Paris lorsque cette option est coch\u00e9e au moment de l&rsquo;achat en ligne. Le produit sera pay\u00e9 en ligne et mis \u00e0 disposition du client dans les 3 heures qui suivent l&rsquo;acte d&rsquo;achat et ce pendant 10 jours ouvr\u00e9s (le showroom est ouvert le lundi de 10h \u00e0 19h, du mardi au samedi de 9h30 \u00e0 19h30 et il est ferm\u00e9 le dimanche). Le produit ne sera pas mis \u00e0 disposition s&rsquo;il est indisponible.<\/p>\n<p>Si le client ne se pr\u00e9sente pas dans les 10 jours \u00e0 notre showroom, il a toujours la possibilit\u00e9 de retirer le colis \u00e0 notre d\u00e9p\u00f4t : ESAT MOSKOWA 2 Rue Ang\u00e9lique Compoint 75018 Paris et ce pendant 1 (un) an. Le d\u00e9lai courre \u00e0 compter de la date de l&rsquo;achat.<\/p>\n<h2>ARTICLE 7 : D\u00c9LAI DE R\u00c9TRACTATION :<\/h2>\n<p>Si le produit ne convient pas, pour quelle raison que ce soit, le client dispose d\u2019un d\u00e9lai de r\u00e9tractation de 14 (quatorze) jours francs \u00e0 compter de la r\u00e9ception pour faire retour de sa commande. (c.consom.art L 120-20, al.1 et 2).<\/p>\n<p>Le colis doit \u00eatre retourn\u00e9 par courrier exclusivement, obligatoirement dans son emballage d\u2019origine, en parfait \u00e9tat, et accompagn\u00e9 du bon de livraison correspondant.<\/p>\n<p>La commande est alors rembours\u00e9e, sous 14 (quatorze) jours apr\u00e8s retour du colis, \u00e0 l\u2019exception des frais de retour qui demeurent \u00e0 la charge du client. En cons\u00e9quence, seul le prix du ou des produit(s) lui sera rembours\u00e9.<\/p>\n<p>Les produits endommag\u00e9s par le client ne sont pas repris.<\/p>\n<p>Les retours sont \u00e0 effectuer \u00e0 :<\/p>\n<p><strong>SHOWROOM GUAYAPI<\/strong><\/p>\n<p><strong>73 RUE DE CHARENTON 75012 PARIS<\/strong><\/p>\n<h2>ARTICLE 8 : DUR\u00c9E :<\/h2>\n<p>Les pr\u00e9sentes conditions s\u2019appliquent pendant la dur\u00e9e de possibilit\u00e9 d\u2019achat de nos produits.<\/p>\n<h2>ARTICLE 9 : LOI APPLICABLE ET COMP\u00c9TENCE :<\/h2>\n<p>Les pr\u00e9sentes conditions sont soumises \u00e0 la loi fran\u00e7aise.<\/p>\n<p>En cas de litige, les tribunaux de Paris seront les seuls comp\u00e9tents.<\/p>\n<h2>ARTICLE 10 : PROTECTION DES DONN\u00c9ES \u00c0 CARACT\u00c8RE PERSONNEL<strong>\u00a0<\/strong><strong>:<\/strong><\/h2>\n<p>Les donn\u00e9es personnelles transmises \u00e0 Guayapi seront conserv\u00e9es dans la plus grande confidentialit\u00e9 et ne pourront faire l\u2019objet de divulgation ou de transaction.<\/p>\n<p>&nbsp;<\/p>\n","protected":false},"excerpt":{"rendered":"<p>ARTICLE 1 : CHAMP D\u2019APPLICATION : Les pr\u00e9sentes conditions de ventes visent \u00e0 d\u00e9finir les modalit\u00e9s de vente par correspondance entre Guayapi tropical et les personnes souhaitant effectuer un achat sur le site internet de Guayapi tropical. ARTICLE 2 : COMMANDES : En commandant ses produits, le client est pr\u00e9sum\u00e9 adh\u00e9rer \u00e0 l\u2019int\u00e9gralit\u00e9 des pr\u00e9sentes<\/p>\n","protected":false},"author":1,"featured_media":0,"parent":0,"menu_order":0,"comment_status":"closed","ping_status":"closed","template":"","meta":{"_acf_changed":false,"footnotes":""},"class_list":["post-1962","page","type-page","status-publish","hentry"],"acf":[],"yoast_head":"<title>Conditions g\u00e9n\u00e9rales de ventes - Guayapi<\/title>\n<meta name=\"robots\" content=\"index, follow, max-snippet:-1, max-image-preview:large, max-video-preview:-1\" \/>\n<link rel=\"canonical\" href=\"https:\/\/www.guayapi.com\/boutique\/conditions-generales-de-ventes\/\" \/>\n<meta property=\"og:locale\" content=\"fr_FR\" \/>\n<meta property=\"og:type\" content=\"article\" \/>\n<meta property=\"og:title\" content=\"Conditions g\u00e9n\u00e9rales de ventes - Guayapi\" \/>\n<meta property=\"og:description\" content=\"ARTICLE 1 : CHAMP D\u2019APPLICATION : Les pr\u00e9sentes conditions de ventes visent \u00e0 d\u00e9finir les modalit\u00e9s de vente par correspondance entre Guayapi tropical et les personnes souhaitant effectuer un achat sur le site internet de Guayapi tropical. ARTICLE 2 : COMMANDES : En commandant ses produits, le client est pr\u00e9sum\u00e9 adh\u00e9rer \u00e0 l\u2019int\u00e9gralit\u00e9 des pr\u00e9sentes\" \/>\n<meta property=\"og:url\" content=\"https:\/\/www.guayapi.com\/boutique\/conditions-generales-de-ventes\/\" \/>\n<meta property=\"og:site_name\" content=\"Guayapi\" \/>\n<meta property=\"article:modified_time\" content=\"2018-01-31T09:47:11+00:00\" \/>\n<meta name=\"twitter:card\" content=\"summary_large_image\" \/>\n<meta name=\"twitter:label1\" content=\"Dur\u00e9e de lecture estim\u00e9e\" \/>\n\t<meta name=\"twitter:data1\" content=\"4 minutes\" \/>\n<script type=\"application\/ld+json\" class=\"yoast-schema-graph\">{\"@context\":\"https:\\\/\\\/schema.org\",\"@graph\":[{\"@type\":\"WebPage\",\"@id\":\"https:\\\/\\\/www.guayapi.com\\\/boutique\\\/conditions-generales-de-ventes\\\/\",\"url\":\"https:\\\/\\\/www.guayapi.com\\\/boutique\\\/conditions-generales-de-ventes\\\/\",\"name\":\"Conditions g\u00e9n\u00e9rales de ventes - Guayapi\",\"isPartOf\":{\"@id\":\"https:\\\/\\\/www.guayapi.com\\\/boutique\\\/#website\"},\"datePublished\":\"2017-03-24T08:58:31+00:00\",\"dateModified\":\"2018-01-31T09:47:11+00:00\",\"breadcrumb\":{\"@id\":\"https:\\\/\\\/www.guayapi.com\\\/boutique\\\/conditions-generales-de-ventes\\\/#breadcrumb\"},\"inLanguage\":\"fr-FR\",\"potentialAction\":[{\"@type\":\"ReadAction\",\"target\":[\"https:\\\/\\\/www.guayapi.com\\\/boutique\\\/conditions-generales-de-ventes\\\/\"]}]},{\"@type\":\"BreadcrumbList\",\"@id\":\"https:\\\/\\\/www.guayapi.com\\\/boutique\\\/conditions-generales-de-ventes\\\/#breadcrumb\",\"itemListElement\":[{\"@type\":\"ListItem\",\"position\":1,\"name\":\"Accueil\",\"item\":\"https:\\\/\\\/www.guayapi.com\\\/boutique\\\/\"},{\"@type\":\"ListItem\",\"position\":2,\"name\":\"Conditions g\u00e9n\u00e9rales de ventes\"}]},{\"@type\":\"WebSite\",\"@id\":\"https:\\\/\\\/www.guayapi.com\\\/boutique\\\/#website\",\"url\":\"https:\\\/\\\/www.guayapi.com\\\/boutique\\\/\",\"name\":\"Guayapi\",\"description\":\"Super-aliments \u2022 \u00c9picerie fine \u2022 Cosm\u00e9tiques\",\"potentialAction\":[{\"@type\":\"SearchAction\",\"target\":{\"@type\":\"EntryPoint\",\"urlTemplate\":\"https:\\\/\\\/www.guayapi.com\\\/boutique\\\/?s={search_term_string}\"},\"query-input\":{\"@type\":\"PropertyValueSpecification\",\"valueRequired\":true,\"valueName\":\"search_term_string\"}}],\"inLanguage\":\"fr-FR\"}]}<\/script>","yoast_head_json":{"title":"Conditions g\u00e9n\u00e9rales de ventes - Guayapi","robots":{"index":"index","follow":"follow","max-snippet":"max-snippet:-1","max-image-preview":"max-image-preview:large","max-video-preview":"max-video-preview:-1"},"canonical":"https:\/\/www.guayapi.com\/boutique\/conditions-generales-de-ventes\/","og_locale":"fr_FR","og_type":"article","og_title":"Conditions g\u00e9n\u00e9rales de ventes - Guayapi","og_description":"ARTICLE 1 : CHAMP D\u2019APPLICATION : Les pr\u00e9sentes conditions de ventes visent \u00e0 d\u00e9finir les modalit\u00e9s de vente par correspondance entre Guayapi tropical et les personnes souhaitant effectuer un achat sur le site internet de Guayapi tropical. ARTICLE 2 : COMMANDES : En commandant ses produits, le client est pr\u00e9sum\u00e9 adh\u00e9rer \u00e0 l\u2019int\u00e9gralit\u00e9 des pr\u00e9sentes","og_url":"https:\/\/www.guayapi.com\/boutique\/conditions-generales-de-ventes\/","og_site_name":"Guayapi","article_modified_time":"2018-01-31T09:47:11+00:00","twitter_card":"summary_large_image","twitter_misc":{"Dur\u00e9e de lecture estim\u00e9e":"4 minutes"},"schema":{"@context":"https:\/\/schema.org","@graph":[{"@type":"WebPage","@id":"https:\/\/www.guayapi.com\/boutique\/conditions-generales-de-ventes\/","url":"https:\/\/www.guayapi.com\/boutique\/conditions-generales-de-ventes\/","name":"Conditions g\u00e9n\u00e9rales de ventes - Guayapi","isPartOf":{"@id":"https:\/\/www.guayapi.com\/boutique\/#website"},"datePublished":"2017-03-24T08:58:31+00:00","dateModified":"2018-01-31T09:47:11+00:00","breadcrumb":{"@id":"https:\/\/www.guayapi.com\/boutique\/conditions-generales-de-ventes\/#breadcrumb"},"inLanguage":"fr-FR","potentialAction":[{"@type":"ReadAction","target":["https:\/\/www.guayapi.com\/boutique\/conditions-generales-de-ventes\/"]}]},{"@type":"BreadcrumbList","@id":"https:\/\/www.guayapi.com\/boutique\/conditions-generales-de-ventes\/#breadcrumb","itemListElement":[{"@type":"ListItem","position":1,"name":"Accueil","item":"https:\/\/www.guayapi.com\/boutique\/"},{"@type":"ListItem","position":2,"name":"Conditions g\u00e9n\u00e9rales de ventes"}]},{"@type":"WebSite","@id":"https:\/\/www.guayapi.com\/boutique\/#website","url":"https:\/\/www.guayapi.com\/boutique\/","name":"Guayapi","description":"Super-aliments \u2022 \u00c9picerie fine \u2022 Cosm\u00e9tiques","potentialAction":[{"@type":"SearchAction","target":{"@type":"EntryPoint","urlTemplate":"https:\/\/www.guayapi.com\/boutique\/?s={search_term_string}"},"query-input":{"@type":"PropertyValueSpecification","valueRequired":true,"valueName":"search_term_string"}}],"inLanguage":"fr-FR"}]}},"_links":{"self":[{"href":"https:\/\/www.guayapi.com\/boutique\/wp-json\/wp\/v2\/pages\/1962","targetHints":{"allow":["GET"]}}],"collection":[{"href":"https:\/\/www.guayapi.com\/boutique\/wp-json\/wp\/v2\/pages"}],"about":[{"href":"https:\/\/www.guayapi.com\/boutique\/wp-json\/wp\/v2\/types\/page"}],"author":[{"embeddable":true,"href":"https:\/\/www.guayapi.com\/boutique\/wp-json\/wp\/v2\/users\/1"}],"replies":[{"embeddable":true,"href":"https:\/\/www.guayapi.com\/boutique\/wp-json\/wp\/v2\/comments?post=1962"}],"version-history":[{"count":3,"href":"https:\/\/www.guayapi.com\/boutique\/wp-json\/wp\/v2\/pages\/1962\/revisions"}],"predecessor-version":[{"id":4779,"href":"https:\/\/www.guayapi.com\/boutique\/wp-json\/wp\/v2\/pages\/1962\/revisions\/4779"}],"wp:attachment":[{"href":"https:\/\/www.guayapi.com\/boutique\/wp-json\/wp\/v2\/media?parent=1962"}],"curies":[{"name":"wp","href":"https:\/\/api.w.org\/{rel}","templated":true}]}}