{"id":10497,"date":"2019-09-17T14:50:17","date_gmt":"2019-09-17T12:50:17","guid":{"rendered":"https:\/\/www.guayapi.com\/boutique\/?post_type=product&#038;p=10497"},"modified":"2026-01-02T14:55:36","modified_gmt":"2026-01-02T13:55:36","slug":"guarana-premium-warana-satere-mawe-30-ans-de-guayapi","status":"publish","type":"product","link":"https:\/\/www.guayapi.com\/boutique\/produit\/guarana-premium-warana-satere-mawe-30-ans-de-guayapi\/","title":{"rendered":"Warana Premium (Guarana Satere Maw\u00e9) 30 ans de Guayapi"},"content":{"rendered":"<p>Nous f\u00eatons nos 30 ans d&rsquo;engagement pour la biodiversit\u00e9 et le commerce \u00e9quitable !<\/p>\n<p>30 ans que nous proposons des produits afin de lutter activement contre la d\u00e9forestation en Amazonie et pour l&rsquo;auto d\u00e9termination des populations indig\u00e8nes de la for\u00eat !<\/p>\n<p>Afin de c\u00e9l\u00e9brer ces 30 ans, nous proposons ce mill\u00e9sim\u00e9 exceptionnel de Warana Satere Maw\u00e9 : le Guarana Premium.<\/p>\n<p>Ce format tr\u00e8s pratique et tr\u00e8s esth\u00e9tique de 250 g de poudre va pouvoir s&rsquo;utiliser pendant plus de 6 mois.<\/p>\n<p>Dynamisant physique et c\u00e9r\u00e9bral, le Warana\u00a0aide \u00e0 entreprendre, se concentrer,\u00a0\u00e9tudier, rester vigilant.\u00a0Il se m\u00e9lange \u00e0 hauteur d&rsquo;une cuill\u00e8re \u00e0 caf\u00e9 dans 20 cl d&rsquo;eau, de jus de fruit ou de votre smoothie pr\u00e9f\u00e9r\u00e9.<\/p>\n<p>Il s&rsquo;utilise de fa\u00e7on ponctuelle avant un effort physique, intellectuel ou en cure.<\/p>\n<p>Conseil d\u2019utilisation: 1 petite cuill\u00e8re \u00e0 caf\u00e9 de poudre \u00e0 m\u00e9langer dans une boisson froide, dans une compote, un yaourt ou dans l\u2019alimentation. Ponctuellement avant l\u2019effort ou durant des p\u00e9riodes de 1 \u00e0 3 semaines.<\/p>\n<p><iframe title=\"\ud83e\udd9c Savez-vous quelle est la diff\u00e9rence entre #warana et #guarana ? \u2728\" width=\"422\" height=\"750\" src=\"https:\/\/www.youtube-nocookie.com\/embed\/ajl-GGljq34?feature=oembed\" frameborder=\"0\" allow=\"accelerometer; autoplay; clipboard-write; encrypted-media; gyroscope; picture-in-picture; web-share\" referrerpolicy=\"strict-origin-when-cross-origin\" allowfullscreen><\/iframe><\/p>\n<p>INFORMATION NUTRITIONNELLE POUR 100 GRAMMES<\/p>\n<p>Valeur \u00e9nerg\u00e9tique:<br \/>\nKcal 370,<br \/>\nKJ 1548<\/p>\n<p>Lipides: 2,4 g;<br \/>\nDont acides gras satur\u00e9s: 0,2 g<\/p>\n<p>Glucides: 73,3;<br \/>\nDont sucres: 1,7 g<\/p>\n<p>Prot\u00e9ines: 13,9 g<\/p>\n<p>Sel: 0 g<\/p>\n<p>Potassium: 445 mg (22,25% des VNR*)<br \/>\nPhosphore: 383 mg (54,71% des VNR*)<br \/>\nGuaranine: &gt; 4,5 g<\/p>\n<p>*VNR: Valeur Nutritionnelle de R\u00e9f\u00e9rence<\/p>\n<p>INFORMATION NUTRITIONNELLE PAR PORTION DE 2 GRAMMES (1 CUILL\u00c8RE \u00c0 CAF\u00c9)<\/p>\n<p>Valeur \u00e9nerg\u00e9tique:<br \/>\nKcal 7,4<br \/>\nKJ 31<\/p>\n<p>Lipides: 0,05 g;<br \/>\ndont acides gras satur\u00e9s: 0 g<\/p>\n<p>Glucides: 1,47 g;<br \/>\nDont sucres: 0,03 g<\/p>\n<p>Prot\u00e9ines: 0,28 g<\/p>\n<p>Sel: 0 g<\/p>\n<p>Potassium: 8,9 mg (0,45 % des VNR*)<br \/>\nPhosphore: 7,7 mg (1,1 % des VNR*)<br \/>\nGuaranine: &gt; 0,09 g<\/p>\n<p>*VNR: Valeur Nutritionnelle de R\u00e9f\u00e9rence<\/p>\n<p><span style=\"font-size: 8pt\"><em>COMPL\u00c9MENT ALIMENTAIRE. TENIR HORS DE PORT\u00c9E DES JEUNES ENFANTS. NE PEUT SE SUBSTITUER \u00c0 UN R\u00c9GIME ALIMENTAIRE VARI\u00c9, NI \u00c0 UN MODE DE VIE SAIN. \u00c0 CONSOMMER DE PR\u00c9F\u00c9RENCE AVANT FIN : VOIR AU FOND DE LA BO\u00ceTE<\/em><\/span><\/p>\n","protected":false},"excerpt":{"rendered":"<p>MILL\u00c9SIME EXCEPTIONNEL DE WARANA SATER\u00c9 MAW\u00c9<br \/>\nDYNAMISANT PHYSIQUE ET C\u00c9R\u00c9BRAL<\/p>\n<p>(295,60\u20ac\/Kg)<\/p>\n","protected":false},"featured_media":43771,"template":"","meta":{"_acf_changed":false},"product_brand":[],"product_cat":[7],"product_tag":[47,17],"class_list":{"0":"post-10497","1":"product","2":"type-product","3":"status-publish","4":"has-post-thumbnail","6":"product_cat-super-aliments","7":"product_tag-tonus-energie","8":"product_tag-sport","10":"first","11":"instock","12":"taxable","13":"shipping-taxable","14":"purchasable","15":"product-type-simple"},"acf":[],"yoast_head":"<title>Warana Premium (Guarana Satere Maw\u00e9) 30 ans de Guayapi - Guayapi<\/title>\n<meta name=\"robots\" content=\"index, follow, max-snippet:-1, max-image-preview:large, max-video-preview:-1\" \/>\n<link rel=\"canonical\" href=\"https:\/\/www.guayapi.com\/boutique\/produit\/guarana-premium-warana-satere-mawe-30-ans-de-guayapi\/\" \/>\n<meta property=\"og:locale\" content=\"fr_FR\" \/>\n<meta property=\"og:type\" content=\"article\" \/>\n<meta property=\"og:title\" content=\"Warana Premium (Guarana Satere Maw\u00e9) 30 ans de Guayapi - Guayapi\" \/>\n<meta property=\"og:description\" content=\"MILL\u00c9SIME EXCEPTIONNEL DE WARANA SATER\u00c9 MAW\u00c9 DYNAMISANT PHYSIQUE ET C\u00c9R\u00c9BRAL  (295,60\u20ac\/Kg)\" \/>\n<meta property=\"og:url\" content=\"https:\/\/www.guayapi.com\/boutique\/produit\/guarana-premium-warana-satere-mawe-30-ans-de-guayapi\/\" \/>\n<meta property=\"og:site_name\" content=\"Guayapi\" \/>\n<meta property=\"article:modified_time\" content=\"2026-01-02T13:55:36+00:00\" \/>\n<meta property=\"og:image\" content=\"https:\/\/www.guayapi.com\/boutique\/wp-content\/uploads\/2019\/09\/guayapi-guarana-premium-250-g-e1666176399469.png\" \/>\n\t<meta property=\"og:image:width\" content=\"408\" \/>\n\t<meta property=\"og:image:height\" content=\"483\" \/>\n\t<meta property=\"og:image:type\" content=\"image\/png\" \/>\n<meta name=\"twitter:card\" content=\"summary_large_image\" \/>\n<meta name=\"twitter:label1\" content=\"Dur\u00e9e de lecture estim\u00e9e\" \/>\n\t<meta name=\"twitter:data1\" content=\"2 minutes\" \/>\n<script type=\"application\/ld+json\" class=\"yoast-schema-graph\">{\"@context\":\"https:\\\/\\\/schema.org\",\"@graph\":[{\"@type\":\"WebPage\",\"@id\":\"https:\\\/\\\/www.guayapi.com\\\/boutique\\\/produit\\\/guarana-premium-warana-satere-mawe-30-ans-de-guayapi\\\/\",\"url\":\"https:\\\/\\\/www.guayapi.com\\\/boutique\\\/produit\\\/guarana-premium-warana-satere-mawe-30-ans-de-guayapi\\\/\",\"name\":\"Warana Premium (Guarana Satere Maw\u00e9) 30 ans de Guayapi - Guayapi\",\"isPartOf\":{\"@id\":\"https:\\\/\\\/www.guayapi.com\\\/boutique\\\/#website\"},\"primaryImageOfPage\":{\"@id\":\"https:\\\/\\\/www.guayapi.com\\\/boutique\\\/produit\\\/guarana-premium-warana-satere-mawe-30-ans-de-guayapi\\\/#primaryimage\"},\"image\":{\"@id\":\"https:\\\/\\\/www.guayapi.com\\\/boutique\\\/produit\\\/guarana-premium-warana-satere-mawe-30-ans-de-guayapi\\\/#primaryimage\"},\"thumbnailUrl\":\"https:\\\/\\\/www.guayapi.com\\\/boutique\\\/wp-content\\\/uploads\\\/2019\\\/09\\\/guayapi-guarana-premium-250-g-e1666176399469.png\",\"datePublished\":\"2019-09-17T12:50:17+00:00\",\"dateModified\":\"2026-01-02T13:55:36+00:00\",\"breadcrumb\":{\"@id\":\"https:\\\/\\\/www.guayapi.com\\\/boutique\\\/produit\\\/guarana-premium-warana-satere-mawe-30-ans-de-guayapi\\\/#breadcrumb\"},\"inLanguage\":\"fr-FR\",\"potentialAction\":[{\"@type\":\"ReadAction\",\"target\":[\"https:\\\/\\\/www.guayapi.com\\\/boutique\\\/produit\\\/guarana-premium-warana-satere-mawe-30-ans-de-guayapi\\\/\"]}]},{\"@type\":\"ImageObject\",\"inLanguage\":\"fr-FR\",\"@id\":\"https:\\\/\\\/www.guayapi.com\\\/boutique\\\/produit\\\/guarana-premium-warana-satere-mawe-30-ans-de-guayapi\\\/#primaryimage\",\"url\":\"https:\\\/\\\/www.guayapi.com\\\/boutique\\\/wp-content\\\/uploads\\\/2019\\\/09\\\/guayapi-guarana-premium-250-g-e1666176399469.png\",\"contentUrl\":\"https:\\\/\\\/www.guayapi.com\\\/boutique\\\/wp-content\\\/uploads\\\/2019\\\/09\\\/guayapi-guarana-premium-250-g-e1666176399469.png\",\"width\":408,\"height\":483},{\"@type\":\"BreadcrumbList\",\"@id\":\"https:\\\/\\\/www.guayapi.com\\\/boutique\\\/produit\\\/guarana-premium-warana-satere-mawe-30-ans-de-guayapi\\\/#breadcrumb\",\"itemListElement\":[{\"@type\":\"ListItem\",\"position\":1,\"name\":\"Accueil\",\"item\":\"https:\\\/\\\/www.guayapi.com\\\/boutique\\\/\"},{\"@type\":\"ListItem\",\"position\":2,\"name\":\"Boutique\",\"item\":\"https:\\\/\\\/www.guayapi.com\\\/boutique\\\/\"},{\"@type\":\"ListItem\",\"position\":3,\"name\":\"Warana Premium (Guarana Satere Maw\u00e9) 30 ans de Guayapi\"}]},{\"@type\":\"WebSite\",\"@id\":\"https:\\\/\\\/www.guayapi.com\\\/boutique\\\/#website\",\"url\":\"https:\\\/\\\/www.guayapi.com\\\/boutique\\\/\",\"name\":\"Guayapi\",\"description\":\"Super-aliments \u2022 \u00c9picerie fine \u2022 Cosm\u00e9tiques\",\"potentialAction\":[{\"@type\":\"SearchAction\",\"target\":{\"@type\":\"EntryPoint\",\"urlTemplate\":\"https:\\\/\\\/www.guayapi.com\\\/boutique\\\/?s={search_term_string}\"},\"query-input\":{\"@type\":\"PropertyValueSpecification\",\"valueRequired\":true,\"valueName\":\"search_term_string\"}}],\"inLanguage\":\"fr-FR\"}]}<\/script>","yoast_head_json":{"title":"Warana Premium (Guarana Satere Maw\u00e9) 30 ans de Guayapi - Guayapi","robots":{"index":"index","follow":"follow","max-snippet":"max-snippet:-1","max-image-preview":"max-image-preview:large","max-video-preview":"max-video-preview:-1"},"canonical":"https:\/\/www.guayapi.com\/boutique\/produit\/guarana-premium-warana-satere-mawe-30-ans-de-guayapi\/","og_locale":"fr_FR","og_type":"article","og_title":"Warana Premium (Guarana Satere Maw\u00e9) 30 ans de Guayapi - Guayapi","og_description":"MILL\u00c9SIME EXCEPTIONNEL DE WARANA SATER\u00c9 MAW\u00c9 DYNAMISANT PHYSIQUE ET C\u00c9R\u00c9BRAL  (295,60\u20ac\/Kg)","og_url":"https:\/\/www.guayapi.com\/boutique\/produit\/guarana-premium-warana-satere-mawe-30-ans-de-guayapi\/","og_site_name":"Guayapi","article_modified_time":"2026-01-02T13:55:36+00:00","og_image":[{"width":408,"height":483,"url":"https:\/\/www.guayapi.com\/boutique\/wp-content\/uploads\/2019\/09\/guayapi-guarana-premium-250-g-e1666176399469.png","type":"image\/png"}],"twitter_card":"summary_large_image","twitter_misc":{"Dur\u00e9e de lecture estim\u00e9e":"2 minutes"},"schema":{"@context":"https:\/\/schema.org","@graph":[{"@type":"WebPage","@id":"https:\/\/www.guayapi.com\/boutique\/produit\/guarana-premium-warana-satere-mawe-30-ans-de-guayapi\/","url":"https:\/\/www.guayapi.com\/boutique\/produit\/guarana-premium-warana-satere-mawe-30-ans-de-guayapi\/","name":"Warana Premium (Guarana Satere Maw\u00e9) 30 ans de Guayapi - Guayapi","isPartOf":{"@id":"https:\/\/www.guayapi.com\/boutique\/#website"},"primaryImageOfPage":{"@id":"https:\/\/www.guayapi.com\/boutique\/produit\/guarana-premium-warana-satere-mawe-30-ans-de-guayapi\/#primaryimage"},"image":{"@id":"https:\/\/www.guayapi.com\/boutique\/produit\/guarana-premium-warana-satere-mawe-30-ans-de-guayapi\/#primaryimage"},"thumbnailUrl":"https:\/\/www.guayapi.com\/boutique\/wp-content\/uploads\/2019\/09\/guayapi-guarana-premium-250-g-e1666176399469.png","datePublished":"2019-09-17T12:50:17+00:00","dateModified":"2026-01-02T13:55:36+00:00","breadcrumb":{"@id":"https:\/\/www.guayapi.com\/boutique\/produit\/guarana-premium-warana-satere-mawe-30-ans-de-guayapi\/#breadcrumb"},"inLanguage":"fr-FR","potentialAction":[{"@type":"ReadAction","target":["https:\/\/www.guayapi.com\/boutique\/produit\/guarana-premium-warana-satere-mawe-30-ans-de-guayapi\/"]}]},{"@type":"ImageObject","inLanguage":"fr-FR","@id":"https:\/\/www.guayapi.com\/boutique\/produit\/guarana-premium-warana-satere-mawe-30-ans-de-guayapi\/#primaryimage","url":"https:\/\/www.guayapi.com\/boutique\/wp-content\/uploads\/2019\/09\/guayapi-guarana-premium-250-g-e1666176399469.png","contentUrl":"https:\/\/www.guayapi.com\/boutique\/wp-content\/uploads\/2019\/09\/guayapi-guarana-premium-250-g-e1666176399469.png","width":408,"height":483},{"@type":"BreadcrumbList","@id":"https:\/\/www.guayapi.com\/boutique\/produit\/guarana-premium-warana-satere-mawe-30-ans-de-guayapi\/#breadcrumb","itemListElement":[{"@type":"ListItem","position":1,"name":"Accueil","item":"https:\/\/www.guayapi.com\/boutique\/"},{"@type":"ListItem","position":2,"name":"Boutique","item":"https:\/\/www.guayapi.com\/boutique\/"},{"@type":"ListItem","position":3,"name":"Warana Premium (Guarana Satere Maw\u00e9) 30 ans de Guayapi"}]},{"@type":"WebSite","@id":"https:\/\/www.guayapi.com\/boutique\/#website","url":"https:\/\/www.guayapi.com\/boutique\/","name":"Guayapi","description":"Super-aliments \u2022 \u00c9picerie fine \u2022 Cosm\u00e9tiques","potentialAction":[{"@type":"SearchAction","target":{"@type":"EntryPoint","urlTemplate":"https:\/\/www.guayapi.com\/boutique\/?s={search_term_string}"},"query-input":{"@type":"PropertyValueSpecification","valueRequired":true,"valueName":"search_term_string"}}],"inLanguage":"fr-FR"}]}},"_links":{"self":[{"href":"https:\/\/www.guayapi.com\/boutique\/wp-json\/wp\/v2\/product\/10497","targetHints":{"allow":["GET"]}}],"collection":[{"href":"https:\/\/www.guayapi.com\/boutique\/wp-json\/wp\/v2\/product"}],"about":[{"href":"https:\/\/www.guayapi.com\/boutique\/wp-json\/wp\/v2\/types\/product"}],"wp:featuredmedia":[{"embeddable":true,"href":"https:\/\/www.guayapi.com\/boutique\/wp-json\/wp\/v2\/media\/43771"}],"wp:attachment":[{"href":"https:\/\/www.guayapi.com\/boutique\/wp-json\/wp\/v2\/media?parent=10497"}],"wp:term":[{"taxonomy":"product_brand","embeddable":true,"href":"https:\/\/www.guayapi.com\/boutique\/wp-json\/wp\/v2\/product_brand?post=10497"},{"taxonomy":"product_cat","embeddable":true,"href":"https:\/\/www.guayapi.com\/boutique\/wp-json\/wp\/v2\/product_cat?post=10497"},{"taxonomy":"product_tag","embeddable":true,"href":"https:\/\/www.guayapi.com\/boutique\/wp-json\/wp\/v2\/product_tag?post=10497"}],"curies":[{"name":"wp","href":"https:\/\/api.w.org\/{rel}","templated":true}]}}