{"id":10963,"date":"2019-10-31T10:08:19","date_gmt":"2019-10-31T09:08:19","guid":{"rendered":"https:\/\/www.guayapi.com\/boutique\/?post_type=product&#038;p=10963"},"modified":"2026-01-02T13:44:04","modified_gmt":"2026-01-02T12:44:04","slug":"pfaffia-gelules","status":"publish","type":"product","link":"https:\/\/www.guayapi.com\/boutique\/produit\/pfaffia-gelules\/","title":{"rendered":"Pfaffia G\u00e9lules"},"content":{"rendered":"<p>\u00ab\u00a0Vivre ses mouvements\u00a0\u00bb<\/p>\n<p>Souvent surnomm\u00e9 Ginseng Br\u00e9silien. Gestuelle assur\u00e9e.<\/p>\n<p>Mode d\u2019emploi : 3 g\u00e9lules par jour au cours du repas pendant des p\u00e9riodes de 2 \u00e0 3 semaines. Renouvelable.<\/p>\n<p>INFORMATION NUTRITIONNELLE POUR 100 GRAMMES:<\/p>\n<p>Valeur \u00e9nerg\u00e9tique:<br \/>\nKcal 360<br \/>\nKJ 1520<\/p>\n<p>Lipides: 1,1 g<br \/>\nDont acides gras satur\u00e9s: 0,58 g<\/p>\n<p>Glucides: 78,30 g<br \/>\nDont sucres: 2 g<\/p>\n<p>Prot\u00e9ines: 8,9<\/p>\n<p>Sel: 0,3g<\/p>\n<p>Fer:13 mg (92,86 % des VNR*)<\/p>\n<p>*VNR: Valeur Nutritionnelle de R\u00e9f\u00e9rence<\/p>\n<p>&nbsp;<\/p>\n<p>INFORMATION NUTRITIONNELLE PAR PORTION DE 3 G\u00c9LULES (SOIT 1,11 GRAMMES):<\/p>\n<p>Valeur \u00e9nerg\u00e9tique:<br \/>\nKcal 4<br \/>\nKJ 17<\/p>\n<p>Lipides: 0,01 g<br \/>\nDont acides gras satur\u00e9s: 0,01 g<\/p>\n<p>Glucides: 0,9 g<br \/>\nDont sucres: 0,02 g<\/p>\n<p>Prot\u00e9ines: 0,1 g<\/p>\n<p>Sel: 0 g<\/p>\n<p>Fer: 0,03 mg (1,03 % des VNR*)<\/p>\n<p>*VNR: Valeur Nutritionnelle de R\u00e9f\u00e9rence<\/p>\n<p>&nbsp;<\/p>\n<p>&nbsp;<\/p>\n<p><span style=\"font-size: 8pt\"><em>COMPL\u00c9MENT ALIMENTAIRE. TENIR HORS DE PORT\u00c9E DES JEUNES ENFANTS. NE PEUT SE SUBSTITUER \u00c0 UN R\u00c9GIME ALIMENTAIRE VARI\u00c9, NI \u00c0 UN MODE DE VIE SAIN. \u00c0 CONSOMMER DE PR\u00c9F\u00c9RENCE AVANT FIN : VOIR AU FOND DE LA BO\u00ceTE<\/em><\/span><\/p>\n","protected":false},"excerpt":{"rendered":"<p>DDM (Date de Durabilit\u00e9 Minimale) 12\/2022 &#8211; Le produit est toujours consommable.<\/p>\n<p>Le produit est encore excellent, b\u00e9n\u00e9ficiez d&rsquo;une super promo : 1 achet\u00e9 = 1 offert.<\/p>\n<p>\u00ab\u00a0Vivre ses mouvements\u00a0\u00bb<\/p>\n<p>(1.232,43\u20ac\/Kg)<\/p>\n","protected":false},"featured_media":43773,"template":"","meta":{"_acf_changed":false},"product_brand":[],"product_cat":[7],"product_tag":[288],"class_list":{"0":"post-10963","1":"product","2":"type-product","3":"status-publish","4":"has-post-thumbnail","6":"product_cat-super-aliments","7":"product_tag-gestuelle","9":"first","10":"outofstock","11":"taxable","12":"shipping-taxable","13":"purchasable","14":"product-type-simple"},"acf":[],"yoast_head":"<title>Pfaffia G\u00e9lules - Guayapi<\/title>\n<meta name=\"robots\" content=\"index, follow, max-snippet:-1, max-image-preview:large, max-video-preview:-1\" \/>\n<link rel=\"canonical\" href=\"https:\/\/www.guayapi.com\/boutique\/produit\/pfaffia-gelules\/\" \/>\n<meta property=\"og:locale\" content=\"fr_FR\" \/>\n<meta property=\"og:type\" content=\"article\" \/>\n<meta property=\"og:title\" content=\"Pfaffia G\u00e9lules - Guayapi\" \/>\n<meta property=\"og:description\" content=\"DDM (Date de Durabilit\u00e9 Minimale) 12\/2022 - Le produit est toujours consommable.  Le produit est encore excellent, b\u00e9n\u00e9ficiez d&#039;une super promo : 1 achet\u00e9 = 1 offert.  &quot;Vivre ses mouvements&quot;  (1.232,43\u20ac\/Kg)\" \/>\n<meta property=\"og:url\" content=\"https:\/\/www.guayapi.com\/boutique\/produit\/pfaffia-gelules\/\" \/>\n<meta property=\"og:site_name\" content=\"Guayapi\" \/>\n<meta property=\"article:modified_time\" content=\"2026-01-02T12:44:04+00:00\" \/>\n<meta property=\"og:image\" content=\"https:\/\/www.guayapi.com\/boutique\/wp-content\/uploads\/2019\/10\/guayapi-pfaffia-gelule-e1666176748553.png\" \/>\n\t<meta property=\"og:image:width\" content=\"237\" \/>\n\t<meta property=\"og:image:height\" content=\"312\" \/>\n\t<meta property=\"og:image:type\" content=\"image\/png\" \/>\n<meta name=\"twitter:card\" content=\"summary_large_image\" \/>\n<meta name=\"twitter:label1\" content=\"Dur\u00e9e de lecture estim\u00e9e\" \/>\n\t<meta name=\"twitter:data1\" content=\"2 minutes\" \/>\n<script type=\"application\/ld+json\" class=\"yoast-schema-graph\">{\"@context\":\"https:\\\/\\\/schema.org\",\"@graph\":[{\"@type\":\"WebPage\",\"@id\":\"https:\\\/\\\/www.guayapi.com\\\/boutique\\\/produit\\\/pfaffia-gelules\\\/\",\"url\":\"https:\\\/\\\/www.guayapi.com\\\/boutique\\\/produit\\\/pfaffia-gelules\\\/\",\"name\":\"Pfaffia G\u00e9lules - Guayapi\",\"isPartOf\":{\"@id\":\"https:\\\/\\\/www.guayapi.com\\\/boutique\\\/#website\"},\"primaryImageOfPage\":{\"@id\":\"https:\\\/\\\/www.guayapi.com\\\/boutique\\\/produit\\\/pfaffia-gelules\\\/#primaryimage\"},\"image\":{\"@id\":\"https:\\\/\\\/www.guayapi.com\\\/boutique\\\/produit\\\/pfaffia-gelules\\\/#primaryimage\"},\"thumbnailUrl\":\"https:\\\/\\\/www.guayapi.com\\\/boutique\\\/wp-content\\\/uploads\\\/2019\\\/10\\\/guayapi-pfaffia-gelule-e1666176748553.png\",\"datePublished\":\"2019-10-31T09:08:19+00:00\",\"dateModified\":\"2026-01-02T12:44:04+00:00\",\"breadcrumb\":{\"@id\":\"https:\\\/\\\/www.guayapi.com\\\/boutique\\\/produit\\\/pfaffia-gelules\\\/#breadcrumb\"},\"inLanguage\":\"fr-FR\",\"potentialAction\":[{\"@type\":\"ReadAction\",\"target\":[\"https:\\\/\\\/www.guayapi.com\\\/boutique\\\/produit\\\/pfaffia-gelules\\\/\"]}]},{\"@type\":\"ImageObject\",\"inLanguage\":\"fr-FR\",\"@id\":\"https:\\\/\\\/www.guayapi.com\\\/boutique\\\/produit\\\/pfaffia-gelules\\\/#primaryimage\",\"url\":\"https:\\\/\\\/www.guayapi.com\\\/boutique\\\/wp-content\\\/uploads\\\/2019\\\/10\\\/guayapi-pfaffia-gelule-e1666176748553.png\",\"contentUrl\":\"https:\\\/\\\/www.guayapi.com\\\/boutique\\\/wp-content\\\/uploads\\\/2019\\\/10\\\/guayapi-pfaffia-gelule-e1666176748553.png\",\"width\":237,\"height\":312},{\"@type\":\"BreadcrumbList\",\"@id\":\"https:\\\/\\\/www.guayapi.com\\\/boutique\\\/produit\\\/pfaffia-gelules\\\/#breadcrumb\",\"itemListElement\":[{\"@type\":\"ListItem\",\"position\":1,\"name\":\"Accueil\",\"item\":\"https:\\\/\\\/www.guayapi.com\\\/boutique\\\/\"},{\"@type\":\"ListItem\",\"position\":2,\"name\":\"Boutique\",\"item\":\"https:\\\/\\\/www.guayapi.com\\\/boutique\\\/\"},{\"@type\":\"ListItem\",\"position\":3,\"name\":\"Pfaffia G\u00e9lules\"}]},{\"@type\":\"WebSite\",\"@id\":\"https:\\\/\\\/www.guayapi.com\\\/boutique\\\/#website\",\"url\":\"https:\\\/\\\/www.guayapi.com\\\/boutique\\\/\",\"name\":\"Guayapi\",\"description\":\"Super-aliments \u2022 \u00c9picerie fine \u2022 Cosm\u00e9tiques\",\"potentialAction\":[{\"@type\":\"SearchAction\",\"target\":{\"@type\":\"EntryPoint\",\"urlTemplate\":\"https:\\\/\\\/www.guayapi.com\\\/boutique\\\/?s={search_term_string}\"},\"query-input\":{\"@type\":\"PropertyValueSpecification\",\"valueRequired\":true,\"valueName\":\"search_term_string\"}}],\"inLanguage\":\"fr-FR\"}]}<\/script>","yoast_head_json":{"title":"Pfaffia G\u00e9lules - Guayapi","robots":{"index":"index","follow":"follow","max-snippet":"max-snippet:-1","max-image-preview":"max-image-preview:large","max-video-preview":"max-video-preview:-1"},"canonical":"https:\/\/www.guayapi.com\/boutique\/produit\/pfaffia-gelules\/","og_locale":"fr_FR","og_type":"article","og_title":"Pfaffia G\u00e9lules - Guayapi","og_description":"DDM (Date de Durabilit\u00e9 Minimale) 12\/2022 - Le produit est toujours consommable.  Le produit est encore excellent, b\u00e9n\u00e9ficiez d'une super promo : 1 achet\u00e9 = 1 offert.  \"Vivre ses mouvements\"  (1.232,43\u20ac\/Kg)","og_url":"https:\/\/www.guayapi.com\/boutique\/produit\/pfaffia-gelules\/","og_site_name":"Guayapi","article_modified_time":"2026-01-02T12:44:04+00:00","og_image":[{"width":237,"height":312,"url":"https:\/\/www.guayapi.com\/boutique\/wp-content\/uploads\/2019\/10\/guayapi-pfaffia-gelule-e1666176748553.png","type":"image\/png"}],"twitter_card":"summary_large_image","twitter_misc":{"Dur\u00e9e de lecture estim\u00e9e":"2 minutes"},"schema":{"@context":"https:\/\/schema.org","@graph":[{"@type":"WebPage","@id":"https:\/\/www.guayapi.com\/boutique\/produit\/pfaffia-gelules\/","url":"https:\/\/www.guayapi.com\/boutique\/produit\/pfaffia-gelules\/","name":"Pfaffia G\u00e9lules - Guayapi","isPartOf":{"@id":"https:\/\/www.guayapi.com\/boutique\/#website"},"primaryImageOfPage":{"@id":"https:\/\/www.guayapi.com\/boutique\/produit\/pfaffia-gelules\/#primaryimage"},"image":{"@id":"https:\/\/www.guayapi.com\/boutique\/produit\/pfaffia-gelules\/#primaryimage"},"thumbnailUrl":"https:\/\/www.guayapi.com\/boutique\/wp-content\/uploads\/2019\/10\/guayapi-pfaffia-gelule-e1666176748553.png","datePublished":"2019-10-31T09:08:19+00:00","dateModified":"2026-01-02T12:44:04+00:00","breadcrumb":{"@id":"https:\/\/www.guayapi.com\/boutique\/produit\/pfaffia-gelules\/#breadcrumb"},"inLanguage":"fr-FR","potentialAction":[{"@type":"ReadAction","target":["https:\/\/www.guayapi.com\/boutique\/produit\/pfaffia-gelules\/"]}]},{"@type":"ImageObject","inLanguage":"fr-FR","@id":"https:\/\/www.guayapi.com\/boutique\/produit\/pfaffia-gelules\/#primaryimage","url":"https:\/\/www.guayapi.com\/boutique\/wp-content\/uploads\/2019\/10\/guayapi-pfaffia-gelule-e1666176748553.png","contentUrl":"https:\/\/www.guayapi.com\/boutique\/wp-content\/uploads\/2019\/10\/guayapi-pfaffia-gelule-e1666176748553.png","width":237,"height":312},{"@type":"BreadcrumbList","@id":"https:\/\/www.guayapi.com\/boutique\/produit\/pfaffia-gelules\/#breadcrumb","itemListElement":[{"@type":"ListItem","position":1,"name":"Accueil","item":"https:\/\/www.guayapi.com\/boutique\/"},{"@type":"ListItem","position":2,"name":"Boutique","item":"https:\/\/www.guayapi.com\/boutique\/"},{"@type":"ListItem","position":3,"name":"Pfaffia G\u00e9lules"}]},{"@type":"WebSite","@id":"https:\/\/www.guayapi.com\/boutique\/#website","url":"https:\/\/www.guayapi.com\/boutique\/","name":"Guayapi","description":"Super-aliments \u2022 \u00c9picerie fine \u2022 Cosm\u00e9tiques","potentialAction":[{"@type":"SearchAction","target":{"@type":"EntryPoint","urlTemplate":"https:\/\/www.guayapi.com\/boutique\/?s={search_term_string}"},"query-input":{"@type":"PropertyValueSpecification","valueRequired":true,"valueName":"search_term_string"}}],"inLanguage":"fr-FR"}]}},"_links":{"self":[{"href":"https:\/\/www.guayapi.com\/boutique\/wp-json\/wp\/v2\/product\/10963","targetHints":{"allow":["GET"]}}],"collection":[{"href":"https:\/\/www.guayapi.com\/boutique\/wp-json\/wp\/v2\/product"}],"about":[{"href":"https:\/\/www.guayapi.com\/boutique\/wp-json\/wp\/v2\/types\/product"}],"wp:featuredmedia":[{"embeddable":true,"href":"https:\/\/www.guayapi.com\/boutique\/wp-json\/wp\/v2\/media\/43773"}],"wp:attachment":[{"href":"https:\/\/www.guayapi.com\/boutique\/wp-json\/wp\/v2\/media?parent=10963"}],"wp:term":[{"taxonomy":"product_brand","embeddable":true,"href":"https:\/\/www.guayapi.com\/boutique\/wp-json\/wp\/v2\/product_brand?post=10963"},{"taxonomy":"product_cat","embeddable":true,"href":"https:\/\/www.guayapi.com\/boutique\/wp-json\/wp\/v2\/product_cat?post=10963"},{"taxonomy":"product_tag","embeddable":true,"href":"https:\/\/www.guayapi.com\/boutique\/wp-json\/wp\/v2\/product_tag?post=10963"}],"curies":[{"name":"wp","href":"https:\/\/api.w.org\/{rel}","templated":true}]}}