{"id":11609,"date":"2020-01-03T21:06:57","date_gmt":"2020-01-03T20:06:57","guid":{"rendered":"https:\/\/www.guayapi.com\/boutique\/?post_type=product&#038;p=11609"},"modified":"2026-03-05T15:02:39","modified_gmt":"2026-03-05T14:02:39","slug":"gomphrena-gelules","status":"publish","type":"product","link":"https:\/\/www.guayapi.com\/boutique\/produit\/gomphrena-gelules\/","title":{"rendered":"Gomphr\u00e9na G\u00e9lules"},"content":{"rendered":"<p>S\u00e9r\u00e9nit\u00e9 &#8211; Qui\u00e9tude &#8211; Douceur cheveux<\/p>\n<p>Le Gomphrena, aussi appel\u00e9 \u00ab para tudo \u00bb (\u00ab bonne pour tout \u00bb): source de magn\u00e9sium, qui contribue au fonctions normales du syst\u00e8me nerveux, psychologique, et \u00e0 la r\u00e9duction de la fatigue; source de s\u00e9l\u00e9nium, qui participe au maintien des cheveux et des ongles.<\/p>\n<p><iframe title=\"Claudie Ravel de GUAYAPI - Chronique Bien-\u00catre sur CNews - La plante antistress\" width=\"500\" height=\"281\" src=\"https:\/\/www.youtube-nocookie.com\/embed\/ymH0Gv8eMHU?start=24&#038;feature=oembed\" frameborder=\"0\" allow=\"accelerometer; autoplay; clipboard-write; encrypted-media; gyroscope; picture-in-picture; web-share\" referrerpolicy=\"strict-origin-when-cross-origin\" allowfullscreen><\/iframe><\/p>\n<p>Conseils d\u2019utilisation : 4 \u00e0 14 g\u00e9lules par jour, avant les repas, pendant trois semaines, \u00e0 renouveler le cas \u00e9ch\u00e9ant.<\/p>\n<p>&nbsp;<\/p>\n<p>INFORMATIONS NUTRITIONNELLES POUR 100 GRAMMES:<\/p>\n<p>Valeur \u00e9nerg\u00e9tique:<br \/>\nKcal 369;<br \/>\nKJ 1569<\/p>\n<p>Lipides: 0,6 g;<br \/>\nDont acides gras satur\u00e9s: 0,32g<\/p>\n<p>Glucides: 89,3 g;<br \/>\nDont sucres: 1,4 g<\/p>\n<p>Prot\u00e9ines: 3 g<\/p>\n<p>Sel: 0,01g<\/p>\n<p>Mangan\u00e8se: 8,3 mg (415 % des VNR*)<br \/>\nS\u00e9l\u00e9nium: 20 \u03bcg (36,36 % des VNR*)<br \/>\nMagn\u00e9sium 93,3mg (24,88 % des VNR*)<\/p>\n<p>*VNR: Valeur Nutritionnelle de R\u00e9f\u00e9rence<\/p>\n<p>&nbsp;<\/p>\n<p>INFORMATIONS NUTRITIONNELLES PAR PORTION DE 9 G\u00c9LULES (SOIT 2,16 GRAMMES):<\/p>\n<p>Valeur \u00e9nerg\u00e9tique:<br \/>\nKcal 8;<br \/>\nKJ 33,9<\/p>\n<p>Lipides: 0,01 g;<br \/>\nDont acides gras satur\u00e9s: 0,01 g<\/p>\n<p>Glucides: 1,93g;<br \/>\nDont sucres: 0,03 g<\/p>\n<p>Prot\u00e9ines: 0,06 g<\/p>\n<p>Sel: 0 g<\/p>\n<p>Mangan\u00e8se: 0,18 mg (9 % des VNR*)<br \/>\nS\u00e9l\u00e9nium: 0,4 \u03bcg (1 % des VNR*)<br \/>\nMagn\u00e9sium 2,02 mg (1 % des VNR*)<\/p>\n<p>*VNR: Valeur Nutritionnelle de R\u00e9f\u00e9rence<\/p>\n<p>&nbsp;<\/p>\n<p><span style=\"font-size: 8pt\"><em>COMPL\u00c9MENT ALIMENTAIRE. TENIR HORS DE PORT\u00c9E DES JEUNES ENFANTS. NE PEUT SE SUBSTITUER \u00c0 UN R\u00c9GIME ALIMENTAIRE VARI\u00c9, NI \u00c0 UN MODE DE VIE SAIN. \u00c0 CONSOMMER DE PR\u00c9F\u00c9RENCE AVANT FIN : VOIR AU FOND DE LA BO\u00ceTE.<\/em><\/span><\/p>\n","protected":false},"excerpt":{"rendered":"<p>LE GOMPHR\u00c9NA EST UNE RACINE UTILIS\u00c9E DEPUIS LA NUIT DES TEMPS PAR LES POPULATIONS AM\u00c9RINDIENNES.<\/p>\n<p>(1009,62\u20ac \/kg)<\/p>\n","protected":false},"featured_media":43825,"template":"","meta":{"_acf_changed":false},"product_brand":[],"product_cat":[7],"product_tag":[332,446,444],"class_list":{"0":"post-11609","1":"product","2":"type-product","3":"status-publish","4":"has-post-thumbnail","6":"product_cat-super-aliments","7":"product_tag-detente-en-fr","8":"product_tag-beaute","9":"product_tag-sommeil","11":"first","12":"onbackorder","13":"taxable","14":"shipping-taxable","15":"purchasable","16":"product-type-simple"},"acf":[],"yoast_head":"<title>Gomphr\u00e9na G\u00e9lules - Guayapi<\/title>\n<meta name=\"robots\" content=\"index, follow, max-snippet:-1, max-image-preview:large, max-video-preview:-1\" \/>\n<link rel=\"canonical\" href=\"https:\/\/www.guayapi.com\/boutique\/produit\/gomphrena-gelules\/\" \/>\n<meta property=\"og:locale\" content=\"fr_FR\" \/>\n<meta property=\"og:type\" content=\"article\" \/>\n<meta property=\"og:title\" content=\"Gomphr\u00e9na G\u00e9lules - Guayapi\" \/>\n<meta property=\"og:description\" content=\"LE GOMPHR\u00c9NA EST UNE RACINE UTILIS\u00c9E DEPUIS LA NUIT DES TEMPS PAR LES POPULATIONS AM\u00c9RINDIENNES.  (1009,62\u20ac \/kg)\" \/>\n<meta property=\"og:url\" content=\"https:\/\/www.guayapi.com\/boutique\/produit\/gomphrena-gelules\/\" \/>\n<meta property=\"og:site_name\" content=\"Guayapi\" \/>\n<meta property=\"article:modified_time\" content=\"2026-03-05T14:02:39+00:00\" \/>\n<meta property=\"og:image\" content=\"https:\/\/www.guayapi.com\/boutique\/wp-content\/uploads\/2020\/03\/capture-d-ecran-2022-10-20-172340-removebg-preview.png\" \/>\n\t<meta property=\"og:image:width\" content=\"375\" \/>\n\t<meta property=\"og:image:height\" content=\"666\" \/>\n\t<meta property=\"og:image:type\" content=\"image\/png\" \/>\n<meta name=\"twitter:card\" content=\"summary_large_image\" \/>\n<meta name=\"twitter:label1\" content=\"Dur\u00e9e de lecture estim\u00e9e\" \/>\n\t<meta name=\"twitter:data1\" content=\"2 minutes\" \/>\n<script type=\"application\/ld+json\" class=\"yoast-schema-graph\">{\"@context\":\"https:\\\/\\\/schema.org\",\"@graph\":[{\"@type\":\"WebPage\",\"@id\":\"https:\\\/\\\/www.guayapi.com\\\/boutique\\\/produit\\\/gomphrena-gelules\\\/\",\"url\":\"https:\\\/\\\/www.guayapi.com\\\/boutique\\\/produit\\\/gomphrena-gelules\\\/\",\"name\":\"Gomphr\u00e9na G\u00e9lules - Guayapi\",\"isPartOf\":{\"@id\":\"https:\\\/\\\/www.guayapi.com\\\/boutique\\\/#website\"},\"primaryImageOfPage\":{\"@id\":\"https:\\\/\\\/www.guayapi.com\\\/boutique\\\/produit\\\/gomphrena-gelules\\\/#primaryimage\"},\"image\":{\"@id\":\"https:\\\/\\\/www.guayapi.com\\\/boutique\\\/produit\\\/gomphrena-gelules\\\/#primaryimage\"},\"thumbnailUrl\":\"https:\\\/\\\/www.guayapi.com\\\/boutique\\\/wp-content\\\/uploads\\\/2020\\\/03\\\/capture-d-ecran-2022-10-20-172340-removebg-preview.png\",\"datePublished\":\"2020-01-03T20:06:57+00:00\",\"dateModified\":\"2026-03-05T14:02:39+00:00\",\"breadcrumb\":{\"@id\":\"https:\\\/\\\/www.guayapi.com\\\/boutique\\\/produit\\\/gomphrena-gelules\\\/#breadcrumb\"},\"inLanguage\":\"fr-FR\",\"potentialAction\":[{\"@type\":\"ReadAction\",\"target\":[\"https:\\\/\\\/www.guayapi.com\\\/boutique\\\/produit\\\/gomphrena-gelules\\\/\"]}]},{\"@type\":\"ImageObject\",\"inLanguage\":\"fr-FR\",\"@id\":\"https:\\\/\\\/www.guayapi.com\\\/boutique\\\/produit\\\/gomphrena-gelules\\\/#primaryimage\",\"url\":\"https:\\\/\\\/www.guayapi.com\\\/boutique\\\/wp-content\\\/uploads\\\/2020\\\/03\\\/capture-d-ecran-2022-10-20-172340-removebg-preview.png\",\"contentUrl\":\"https:\\\/\\\/www.guayapi.com\\\/boutique\\\/wp-content\\\/uploads\\\/2020\\\/03\\\/capture-d-ecran-2022-10-20-172340-removebg-preview.png\",\"width\":375,\"height\":666},{\"@type\":\"BreadcrumbList\",\"@id\":\"https:\\\/\\\/www.guayapi.com\\\/boutique\\\/produit\\\/gomphrena-gelules\\\/#breadcrumb\",\"itemListElement\":[{\"@type\":\"ListItem\",\"position\":1,\"name\":\"Accueil\",\"item\":\"https:\\\/\\\/www.guayapi.com\\\/boutique\\\/\"},{\"@type\":\"ListItem\",\"position\":2,\"name\":\"Boutique\",\"item\":\"https:\\\/\\\/www.guayapi.com\\\/boutique\\\/\"},{\"@type\":\"ListItem\",\"position\":3,\"name\":\"Gomphr\u00e9na G\u00e9lules\"}]},{\"@type\":\"WebSite\",\"@id\":\"https:\\\/\\\/www.guayapi.com\\\/boutique\\\/#website\",\"url\":\"https:\\\/\\\/www.guayapi.com\\\/boutique\\\/\",\"name\":\"Guayapi\",\"description\":\"Super-aliments \u2022 \u00c9picerie fine \u2022 Cosm\u00e9tiques\",\"potentialAction\":[{\"@type\":\"SearchAction\",\"target\":{\"@type\":\"EntryPoint\",\"urlTemplate\":\"https:\\\/\\\/www.guayapi.com\\\/boutique\\\/?s={search_term_string}\"},\"query-input\":{\"@type\":\"PropertyValueSpecification\",\"valueRequired\":true,\"valueName\":\"search_term_string\"}}],\"inLanguage\":\"fr-FR\"}]}<\/script>","yoast_head_json":{"title":"Gomphr\u00e9na G\u00e9lules - Guayapi","robots":{"index":"index","follow":"follow","max-snippet":"max-snippet:-1","max-image-preview":"max-image-preview:large","max-video-preview":"max-video-preview:-1"},"canonical":"https:\/\/www.guayapi.com\/boutique\/produit\/gomphrena-gelules\/","og_locale":"fr_FR","og_type":"article","og_title":"Gomphr\u00e9na G\u00e9lules - Guayapi","og_description":"LE GOMPHR\u00c9NA EST UNE RACINE UTILIS\u00c9E DEPUIS LA NUIT DES TEMPS PAR LES POPULATIONS AM\u00c9RINDIENNES.  (1009,62\u20ac \/kg)","og_url":"https:\/\/www.guayapi.com\/boutique\/produit\/gomphrena-gelules\/","og_site_name":"Guayapi","article_modified_time":"2026-03-05T14:02:39+00:00","og_image":[{"width":375,"height":666,"url":"https:\/\/www.guayapi.com\/boutique\/wp-content\/uploads\/2020\/03\/capture-d-ecran-2022-10-20-172340-removebg-preview.png","type":"image\/png"}],"twitter_card":"summary_large_image","twitter_misc":{"Dur\u00e9e de lecture estim\u00e9e":"2 minutes"},"schema":{"@context":"https:\/\/schema.org","@graph":[{"@type":"WebPage","@id":"https:\/\/www.guayapi.com\/boutique\/produit\/gomphrena-gelules\/","url":"https:\/\/www.guayapi.com\/boutique\/produit\/gomphrena-gelules\/","name":"Gomphr\u00e9na G\u00e9lules - Guayapi","isPartOf":{"@id":"https:\/\/www.guayapi.com\/boutique\/#website"},"primaryImageOfPage":{"@id":"https:\/\/www.guayapi.com\/boutique\/produit\/gomphrena-gelules\/#primaryimage"},"image":{"@id":"https:\/\/www.guayapi.com\/boutique\/produit\/gomphrena-gelules\/#primaryimage"},"thumbnailUrl":"https:\/\/www.guayapi.com\/boutique\/wp-content\/uploads\/2020\/03\/capture-d-ecran-2022-10-20-172340-removebg-preview.png","datePublished":"2020-01-03T20:06:57+00:00","dateModified":"2026-03-05T14:02:39+00:00","breadcrumb":{"@id":"https:\/\/www.guayapi.com\/boutique\/produit\/gomphrena-gelules\/#breadcrumb"},"inLanguage":"fr-FR","potentialAction":[{"@type":"ReadAction","target":["https:\/\/www.guayapi.com\/boutique\/produit\/gomphrena-gelules\/"]}]},{"@type":"ImageObject","inLanguage":"fr-FR","@id":"https:\/\/www.guayapi.com\/boutique\/produit\/gomphrena-gelules\/#primaryimage","url":"https:\/\/www.guayapi.com\/boutique\/wp-content\/uploads\/2020\/03\/capture-d-ecran-2022-10-20-172340-removebg-preview.png","contentUrl":"https:\/\/www.guayapi.com\/boutique\/wp-content\/uploads\/2020\/03\/capture-d-ecran-2022-10-20-172340-removebg-preview.png","width":375,"height":666},{"@type":"BreadcrumbList","@id":"https:\/\/www.guayapi.com\/boutique\/produit\/gomphrena-gelules\/#breadcrumb","itemListElement":[{"@type":"ListItem","position":1,"name":"Accueil","item":"https:\/\/www.guayapi.com\/boutique\/"},{"@type":"ListItem","position":2,"name":"Boutique","item":"https:\/\/www.guayapi.com\/boutique\/"},{"@type":"ListItem","position":3,"name":"Gomphr\u00e9na G\u00e9lules"}]},{"@type":"WebSite","@id":"https:\/\/www.guayapi.com\/boutique\/#website","url":"https:\/\/www.guayapi.com\/boutique\/","name":"Guayapi","description":"Super-aliments \u2022 \u00c9picerie fine \u2022 Cosm\u00e9tiques","potentialAction":[{"@type":"SearchAction","target":{"@type":"EntryPoint","urlTemplate":"https:\/\/www.guayapi.com\/boutique\/?s={search_term_string}"},"query-input":{"@type":"PropertyValueSpecification","valueRequired":true,"valueName":"search_term_string"}}],"inLanguage":"fr-FR"}]}},"_links":{"self":[{"href":"https:\/\/www.guayapi.com\/boutique\/wp-json\/wp\/v2\/product\/11609","targetHints":{"allow":["GET"]}}],"collection":[{"href":"https:\/\/www.guayapi.com\/boutique\/wp-json\/wp\/v2\/product"}],"about":[{"href":"https:\/\/www.guayapi.com\/boutique\/wp-json\/wp\/v2\/types\/product"}],"wp:featuredmedia":[{"embeddable":true,"href":"https:\/\/www.guayapi.com\/boutique\/wp-json\/wp\/v2\/media\/43825"}],"wp:attachment":[{"href":"https:\/\/www.guayapi.com\/boutique\/wp-json\/wp\/v2\/media?parent=11609"}],"wp:term":[{"taxonomy":"product_brand","embeddable":true,"href":"https:\/\/www.guayapi.com\/boutique\/wp-json\/wp\/v2\/product_brand?post=11609"},{"taxonomy":"product_cat","embeddable":true,"href":"https:\/\/www.guayapi.com\/boutique\/wp-json\/wp\/v2\/product_cat?post=11609"},{"taxonomy":"product_tag","embeddable":true,"href":"https:\/\/www.guayapi.com\/boutique\/wp-json\/wp\/v2\/product_tag?post=11609"}],"curies":[{"name":"wp","href":"https:\/\/api.w.org\/{rel}","templated":true}]}}