{"id":13081,"date":"2020-03-31T11:21:24","date_gmt":"2020-03-31T09:21:24","guid":{"rendered":"https:\/\/www.guayapi.com\/boutique\/?post_type=product&#038;p=13081"},"modified":"2026-01-02T12:18:53","modified_gmt":"2026-01-02T11:18:53","slug":"guarana-premium-warana-satere-mawe-30-years-of-guayapi","status":"publish","type":"product","link":"https:\/\/www.guayapi.com\/boutique\/en\/produit\/guarana-premium-warana-satere-mawe-30-years-of-guayapi\/","title":{"rendered":"GUARANA PREMIUM (WARANA SATERE MAW\u00c9) 30 Years of Guayapi"},"content":{"rendered":"<p>We are celebrating 30 years of commitment to biodiversity and fair trade!<\/p>\n<p>30 years that we have been offering products in order to actively fight against deforestation in the Amazon and to increase the self-determination of the indigenous populations of the forest!<\/p>\n<p>To celebrate these 30 years, we offer this exceptional vintage pack of Warana from the Sater\u00e9 Maw\u00e9: Guarana Premium.<br \/>\nThis very practical and aesthetic 250 g powder format can be used for more than 6 months.<\/p>\n<p>Physical and cerebral energizer, Warana helps to undertake, to concentrate, to study, to remain vigilant. It can be mixed up to one teaspoon in 20 cl of water, fruit juice or your favourite smoothie.<\/p>\n<p>It can be used occasionally before physical or intellectual effort or as a cure.<\/p>\n<p>Directions for use: 1 teaspoon of powder to be mixed in a cold drink, in a compote, a yoghurt or in food. Punctually before the effort or during periods of 1 to 3 weeks.<\/p>\n<p>NUTRITIONAL INFORMATION PER 100 GRAMS<br \/>\nEnergy value:<br \/>\nKcal 370,<br \/>\nKJ 1548<br \/>\nFat: 2.4 g;<br \/>\nOf which saturated fatty acids: 0,2 g<br \/>\nCarbohydrates: 73.3;<br \/>\nOf which sugars: 1.7 g<br \/>\nProtein: 13.9 g<br \/>\nSalt: 0 g<br \/>\nPotassium: 445 mg<br \/>\nPhosphorus: 383 mg<\/p>\n","protected":false},"excerpt":{"rendered":"<p>Exceptional vintage pack of Warana coming from the Sater\u00e9 Maw\u00e9.<br \/>\nStimulates your body and mind.<br \/>\n(295,60\u20ac\/Kg)<\/p>\n","protected":false},"featured_media":43771,"template":"","meta":{"_acf_changed":false},"product_brand":[],"product_cat":[113],"product_tag":[140,423],"class_list":{"0":"post-13081","1":"product","2":"type-product","3":"status-publish","4":"has-post-thumbnail","6":"product_cat-super-foods","7":"product_tag-sport-en","8":"product_tag-tonus-energie-en","10":"first","11":"instock","12":"taxable","13":"shipping-taxable","14":"purchasable","15":"product-type-simple"},"acf":[],"yoast_head":"<title>GUARANA PREMIUM (WARANA SATERE MAW\u00c9) 30 Years of Guayapi - Guayapi<\/title>\n<meta name=\"robots\" content=\"index, follow, max-snippet:-1, max-image-preview:large, max-video-preview:-1\" \/>\n<link rel=\"canonical\" href=\"https:\/\/www.guayapi.com\/boutique\/en\/produit\/guarana-premium-warana-satere-mawe-30-years-of-guayapi\/\" \/>\n<meta property=\"og:locale\" content=\"fr_FR\" \/>\n<meta property=\"og:type\" content=\"article\" \/>\n<meta property=\"og:title\" content=\"GUARANA PREMIUM (WARANA SATERE MAW\u00c9) 30 Years of Guayapi - Guayapi\" \/>\n<meta property=\"og:description\" content=\"Exceptional vintage pack of Warana coming from the Sater\u00e9 Maw\u00e9. Stimulates your body and mind. (295,60\u20ac\/Kg)\" \/>\n<meta property=\"og:url\" content=\"https:\/\/www.guayapi.com\/boutique\/en\/produit\/guarana-premium-warana-satere-mawe-30-years-of-guayapi\/\" \/>\n<meta property=\"og:site_name\" content=\"Guayapi\" \/>\n<meta property=\"article:modified_time\" content=\"2026-01-02T11:18:53+00:00\" \/>\n<meta property=\"og:image\" content=\"https:\/\/www.guayapi.com\/boutique\/wp-content\/uploads\/2019\/09\/guayapi-guarana-premium-250-g-e1666176399469.png\" \/>\n\t<meta property=\"og:image:width\" content=\"408\" \/>\n\t<meta property=\"og:image:height\" content=\"483\" \/>\n\t<meta property=\"og:image:type\" content=\"image\/png\" \/>\n<meta name=\"twitter:card\" content=\"summary_large_image\" \/>\n<meta name=\"twitter:label1\" content=\"Dur\u00e9e de lecture estim\u00e9e\" \/>\n\t<meta name=\"twitter:data1\" content=\"2 minutes\" \/>\n<script type=\"application\/ld+json\" class=\"yoast-schema-graph\">{\"@context\":\"https:\\\/\\\/schema.org\",\"@graph\":[{\"@type\":\"WebPage\",\"@id\":\"https:\\\/\\\/www.guayapi.com\\\/boutique\\\/en\\\/produit\\\/guarana-premium-warana-satere-mawe-30-years-of-guayapi\\\/\",\"url\":\"https:\\\/\\\/www.guayapi.com\\\/boutique\\\/en\\\/produit\\\/guarana-premium-warana-satere-mawe-30-years-of-guayapi\\\/\",\"name\":\"GUARANA PREMIUM (WARANA SATERE MAW\u00c9) 30 Years of Guayapi - Guayapi\",\"isPartOf\":{\"@id\":\"https:\\\/\\\/www.guayapi.com\\\/boutique\\\/#website\"},\"primaryImageOfPage\":{\"@id\":\"https:\\\/\\\/www.guayapi.com\\\/boutique\\\/en\\\/produit\\\/guarana-premium-warana-satere-mawe-30-years-of-guayapi\\\/#primaryimage\"},\"image\":{\"@id\":\"https:\\\/\\\/www.guayapi.com\\\/boutique\\\/en\\\/produit\\\/guarana-premium-warana-satere-mawe-30-years-of-guayapi\\\/#primaryimage\"},\"thumbnailUrl\":\"https:\\\/\\\/www.guayapi.com\\\/boutique\\\/wp-content\\\/uploads\\\/2019\\\/09\\\/guayapi-guarana-premium-250-g-e1666176399469.png\",\"datePublished\":\"2020-03-31T09:21:24+00:00\",\"dateModified\":\"2026-01-02T11:18:53+00:00\",\"breadcrumb\":{\"@id\":\"https:\\\/\\\/www.guayapi.com\\\/boutique\\\/en\\\/produit\\\/guarana-premium-warana-satere-mawe-30-years-of-guayapi\\\/#breadcrumb\"},\"inLanguage\":\"fr-FR\",\"potentialAction\":[{\"@type\":\"ReadAction\",\"target\":[\"https:\\\/\\\/www.guayapi.com\\\/boutique\\\/en\\\/produit\\\/guarana-premium-warana-satere-mawe-30-years-of-guayapi\\\/\"]}]},{\"@type\":\"ImageObject\",\"inLanguage\":\"fr-FR\",\"@id\":\"https:\\\/\\\/www.guayapi.com\\\/boutique\\\/en\\\/produit\\\/guarana-premium-warana-satere-mawe-30-years-of-guayapi\\\/#primaryimage\",\"url\":\"https:\\\/\\\/www.guayapi.com\\\/boutique\\\/wp-content\\\/uploads\\\/2019\\\/09\\\/guayapi-guarana-premium-250-g-e1666176399469.png\",\"contentUrl\":\"https:\\\/\\\/www.guayapi.com\\\/boutique\\\/wp-content\\\/uploads\\\/2019\\\/09\\\/guayapi-guarana-premium-250-g-e1666176399469.png\",\"width\":408,\"height\":483},{\"@type\":\"BreadcrumbList\",\"@id\":\"https:\\\/\\\/www.guayapi.com\\\/boutique\\\/en\\\/produit\\\/guarana-premium-warana-satere-mawe-30-years-of-guayapi\\\/#breadcrumb\",\"itemListElement\":[{\"@type\":\"ListItem\",\"position\":1,\"name\":\"Accueil\",\"item\":\"https:\\\/\\\/www.guayapi.com\\\/boutique\\\/\"},{\"@type\":\"ListItem\",\"position\":2,\"name\":\"Boutique\",\"item\":\"https:\\\/\\\/www.guayapi.com\\\/boutique\\\/\"},{\"@type\":\"ListItem\",\"position\":3,\"name\":\"GUARANA PREMIUM (WARANA SATERE MAW\u00c9) 30 Years of Guayapi\"}]},{\"@type\":\"WebSite\",\"@id\":\"https:\\\/\\\/www.guayapi.com\\\/boutique\\\/#website\",\"url\":\"https:\\\/\\\/www.guayapi.com\\\/boutique\\\/\",\"name\":\"Guayapi\",\"description\":\"Super-aliments \u2022 \u00c9picerie fine \u2022 Cosm\u00e9tiques\",\"potentialAction\":[{\"@type\":\"SearchAction\",\"target\":{\"@type\":\"EntryPoint\",\"urlTemplate\":\"https:\\\/\\\/www.guayapi.com\\\/boutique\\\/?s={search_term_string}\"},\"query-input\":{\"@type\":\"PropertyValueSpecification\",\"valueRequired\":true,\"valueName\":\"search_term_string\"}}],\"inLanguage\":\"fr-FR\"}]}<\/script>","yoast_head_json":{"title":"GUARANA PREMIUM (WARANA SATERE MAW\u00c9) 30 Years of Guayapi - Guayapi","robots":{"index":"index","follow":"follow","max-snippet":"max-snippet:-1","max-image-preview":"max-image-preview:large","max-video-preview":"max-video-preview:-1"},"canonical":"https:\/\/www.guayapi.com\/boutique\/en\/produit\/guarana-premium-warana-satere-mawe-30-years-of-guayapi\/","og_locale":"fr_FR","og_type":"article","og_title":"GUARANA PREMIUM (WARANA SATERE MAW\u00c9) 30 Years of Guayapi - Guayapi","og_description":"Exceptional vintage pack of Warana coming from the Sater\u00e9 Maw\u00e9. Stimulates your body and mind. (295,60\u20ac\/Kg)","og_url":"https:\/\/www.guayapi.com\/boutique\/en\/produit\/guarana-premium-warana-satere-mawe-30-years-of-guayapi\/","og_site_name":"Guayapi","article_modified_time":"2026-01-02T11:18:53+00:00","og_image":[{"width":408,"height":483,"url":"https:\/\/www.guayapi.com\/boutique\/wp-content\/uploads\/2019\/09\/guayapi-guarana-premium-250-g-e1666176399469.png","type":"image\/png"}],"twitter_card":"summary_large_image","twitter_misc":{"Dur\u00e9e de lecture estim\u00e9e":"2 minutes"},"schema":{"@context":"https:\/\/schema.org","@graph":[{"@type":"WebPage","@id":"https:\/\/www.guayapi.com\/boutique\/en\/produit\/guarana-premium-warana-satere-mawe-30-years-of-guayapi\/","url":"https:\/\/www.guayapi.com\/boutique\/en\/produit\/guarana-premium-warana-satere-mawe-30-years-of-guayapi\/","name":"GUARANA PREMIUM (WARANA SATERE MAW\u00c9) 30 Years of Guayapi - Guayapi","isPartOf":{"@id":"https:\/\/www.guayapi.com\/boutique\/#website"},"primaryImageOfPage":{"@id":"https:\/\/www.guayapi.com\/boutique\/en\/produit\/guarana-premium-warana-satere-mawe-30-years-of-guayapi\/#primaryimage"},"image":{"@id":"https:\/\/www.guayapi.com\/boutique\/en\/produit\/guarana-premium-warana-satere-mawe-30-years-of-guayapi\/#primaryimage"},"thumbnailUrl":"https:\/\/www.guayapi.com\/boutique\/wp-content\/uploads\/2019\/09\/guayapi-guarana-premium-250-g-e1666176399469.png","datePublished":"2020-03-31T09:21:24+00:00","dateModified":"2026-01-02T11:18:53+00:00","breadcrumb":{"@id":"https:\/\/www.guayapi.com\/boutique\/en\/produit\/guarana-premium-warana-satere-mawe-30-years-of-guayapi\/#breadcrumb"},"inLanguage":"fr-FR","potentialAction":[{"@type":"ReadAction","target":["https:\/\/www.guayapi.com\/boutique\/en\/produit\/guarana-premium-warana-satere-mawe-30-years-of-guayapi\/"]}]},{"@type":"ImageObject","inLanguage":"fr-FR","@id":"https:\/\/www.guayapi.com\/boutique\/en\/produit\/guarana-premium-warana-satere-mawe-30-years-of-guayapi\/#primaryimage","url":"https:\/\/www.guayapi.com\/boutique\/wp-content\/uploads\/2019\/09\/guayapi-guarana-premium-250-g-e1666176399469.png","contentUrl":"https:\/\/www.guayapi.com\/boutique\/wp-content\/uploads\/2019\/09\/guayapi-guarana-premium-250-g-e1666176399469.png","width":408,"height":483},{"@type":"BreadcrumbList","@id":"https:\/\/www.guayapi.com\/boutique\/en\/produit\/guarana-premium-warana-satere-mawe-30-years-of-guayapi\/#breadcrumb","itemListElement":[{"@type":"ListItem","position":1,"name":"Accueil","item":"https:\/\/www.guayapi.com\/boutique\/"},{"@type":"ListItem","position":2,"name":"Boutique","item":"https:\/\/www.guayapi.com\/boutique\/"},{"@type":"ListItem","position":3,"name":"GUARANA PREMIUM (WARANA SATERE MAW\u00c9) 30 Years of Guayapi"}]},{"@type":"WebSite","@id":"https:\/\/www.guayapi.com\/boutique\/#website","url":"https:\/\/www.guayapi.com\/boutique\/","name":"Guayapi","description":"Super-aliments \u2022 \u00c9picerie fine \u2022 Cosm\u00e9tiques","potentialAction":[{"@type":"SearchAction","target":{"@type":"EntryPoint","urlTemplate":"https:\/\/www.guayapi.com\/boutique\/?s={search_term_string}"},"query-input":{"@type":"PropertyValueSpecification","valueRequired":true,"valueName":"search_term_string"}}],"inLanguage":"fr-FR"}]}},"_links":{"self":[{"href":"https:\/\/www.guayapi.com\/boutique\/wp-json\/wp\/v2\/product\/13081","targetHints":{"allow":["GET"]}}],"collection":[{"href":"https:\/\/www.guayapi.com\/boutique\/wp-json\/wp\/v2\/product"}],"about":[{"href":"https:\/\/www.guayapi.com\/boutique\/wp-json\/wp\/v2\/types\/product"}],"wp:featuredmedia":[{"embeddable":true,"href":"https:\/\/www.guayapi.com\/boutique\/wp-json\/wp\/v2\/media\/43771"}],"wp:attachment":[{"href":"https:\/\/www.guayapi.com\/boutique\/wp-json\/wp\/v2\/media?parent=13081"}],"wp:term":[{"taxonomy":"product_brand","embeddable":true,"href":"https:\/\/www.guayapi.com\/boutique\/wp-json\/wp\/v2\/product_brand?post=13081"},{"taxonomy":"product_cat","embeddable":true,"href":"https:\/\/www.guayapi.com\/boutique\/wp-json\/wp\/v2\/product_cat?post=13081"},{"taxonomy":"product_tag","embeddable":true,"href":"https:\/\/www.guayapi.com\/boutique\/wp-json\/wp\/v2\/product_tag?post=13081"}],"curies":[{"name":"wp","href":"https:\/\/api.w.org\/{rel}","templated":true}]}}