{"id":13165,"date":"2020-04-01T11:39:14","date_gmt":"2020-04-01T09:39:14","guid":{"rendered":"https:\/\/www.guayapi.com\/boutique\/?post_type=product&#038;p=13165"},"modified":"2026-01-02T12:37:12","modified_gmt":"2026-01-02T11:37:12","slug":"kurakkan-seeds","status":"publish","type":"product","link":"https:\/\/www.guayapi.com\/boutique\/en\/produit\/kurakkan-seeds\/","title":{"rendered":"Kurakkan seeds"},"content":{"rendered":"<p>Gluten-free, Kurrakan cereal contains fiber and is a source of calcium and iron. Excellent for babies, children, seniors, nursing mothers, vegans, vegetarians, and vegans.<br \/>\nKurrakan is a variety of Sri Lankan wild millet whose richness makes it a unique product.<\/p>\n<p>It is very environmentally friendly as it enriches the earth and draws carbon pollution. Kurrakan contributes to the rapid sequestration of carbon, while it enriches the soil with nitrogen.<\/p>\n<p>NUTRITIONAL INFORMATION PER 100 GRAMS<\/p>\n<p>Energy value:<br \/>\nKcal 396,<br \/>\nKJ 1657<\/p>\n<p>Fat: 1.5 g;<br \/>\nOf which saturated fatty acids: 0 g<\/p>\n<p>Carbohydrates: 88;<br \/>\nOf which sugars: 0 g<\/p>\n<p>Fibre: 3 g<\/p>\n<p>Protein: 7.6 g<\/p>\n<p>Salt: 0 g<\/p>\n<p>Vitamin A: 480 \u03bcg<br \/>\nThiamine (Vitamin B1): 0.33 mg<br \/>\nCalcium: 410 mg<br \/>\nPhosphorus: 290 mg<br \/>\nIron: 12.6 mg<\/p>\n","protected":false},"excerpt":{"rendered":"<p>(18,44\u20ac \/kg)<\/p>\n<p>DDM (Date de Durabilit\u00e9 Minimale) 10\/2023, les produits peuvent \u00eatre parfaitement consomm\u00e9s apr\u00e8s leur DDM : <a href=\"https:\/\/www.service-public.fr\/particuliers\/vosdroits\/F10990\">https:\/\/www.service-public.fr\/particuliers\/vosdroits\/F10990<\/a><\/p>\n<p>&nbsp;<\/p>\n","protected":false},"featured_media":50435,"template":"","meta":{"_acf_changed":false},"product_brand":[],"product_cat":[115],"product_tag":[483],"class_list":{"0":"post-13165","1":"product","2":"type-product","3":"status-publish","4":"has-post-thumbnail","6":"product_cat-fine-grocery","7":"product_tag-sans-gluten-en","9":"first","10":"instock","11":"taxable","12":"shipping-taxable","13":"purchasable","14":"product-type-simple"},"acf":[],"yoast_head":"<title>Kurakkan seeds - Guayapi<\/title>\n<meta name=\"robots\" content=\"index, follow, max-snippet:-1, max-image-preview:large, max-video-preview:-1\" \/>\n<link rel=\"canonical\" href=\"https:\/\/www.guayapi.com\/boutique\/en\/produit\/kurakkan-seeds\/\" \/>\n<meta property=\"og:locale\" content=\"fr_FR\" \/>\n<meta property=\"og:type\" content=\"article\" \/>\n<meta property=\"og:title\" content=\"Kurakkan seeds - Guayapi\" \/>\n<meta property=\"og:description\" content=\"(18,44\u20ac \/kg)  DDM (Date de Durabilit\u00e9 Minimale) 10\/2023, les produits peuvent \u00eatre parfaitement consomm\u00e9s apr\u00e8s leur DDM : https:\/\/www.service-public.fr\/particuliers\/vosdroits\/F10990  &nbsp;\" \/>\n<meta property=\"og:url\" content=\"https:\/\/www.guayapi.com\/boutique\/en\/produit\/kurakkan-seeds\/\" \/>\n<meta property=\"og:site_name\" content=\"Guayapi\" \/>\n<meta property=\"article:modified_time\" content=\"2026-01-02T11:37:12+00:00\" \/>\n<meta property=\"og:image\" content=\"https:\/\/www.guayapi.com\/boutique\/wp-content\/uploads\/2017\/04\/whatsapp-image-2025-09-24-at-125400-1-removebg-preview.png\" \/>\n\t<meta property=\"og:image:width\" content=\"396\" \/>\n\t<meta property=\"og:image:height\" content=\"631\" \/>\n\t<meta property=\"og:image:type\" content=\"image\/png\" \/>\n<meta name=\"twitter:card\" content=\"summary_large_image\" \/>\n<meta name=\"twitter:label1\" content=\"Dur\u00e9e de lecture estim\u00e9e\" \/>\n\t<meta name=\"twitter:data1\" content=\"1 minute\" \/>\n<script type=\"application\/ld+json\" class=\"yoast-schema-graph\">{\"@context\":\"https:\\\/\\\/schema.org\",\"@graph\":[{\"@type\":\"WebPage\",\"@id\":\"https:\\\/\\\/www.guayapi.com\\\/boutique\\\/en\\\/produit\\\/kurakkan-seeds\\\/\",\"url\":\"https:\\\/\\\/www.guayapi.com\\\/boutique\\\/en\\\/produit\\\/kurakkan-seeds\\\/\",\"name\":\"Kurakkan seeds - Guayapi\",\"isPartOf\":{\"@id\":\"https:\\\/\\\/www.guayapi.com\\\/boutique\\\/#website\"},\"primaryImageOfPage\":{\"@id\":\"https:\\\/\\\/www.guayapi.com\\\/boutique\\\/en\\\/produit\\\/kurakkan-seeds\\\/#primaryimage\"},\"image\":{\"@id\":\"https:\\\/\\\/www.guayapi.com\\\/boutique\\\/en\\\/produit\\\/kurakkan-seeds\\\/#primaryimage\"},\"thumbnailUrl\":\"https:\\\/\\\/www.guayapi.com\\\/boutique\\\/wp-content\\\/uploads\\\/2017\\\/04\\\/whatsapp-image-2025-09-24-at-125400-1-removebg-preview.png\",\"datePublished\":\"2020-04-01T09:39:14+00:00\",\"dateModified\":\"2026-01-02T11:37:12+00:00\",\"breadcrumb\":{\"@id\":\"https:\\\/\\\/www.guayapi.com\\\/boutique\\\/en\\\/produit\\\/kurakkan-seeds\\\/#breadcrumb\"},\"inLanguage\":\"fr-FR\",\"potentialAction\":[{\"@type\":\"ReadAction\",\"target\":[\"https:\\\/\\\/www.guayapi.com\\\/boutique\\\/en\\\/produit\\\/kurakkan-seeds\\\/\"]}]},{\"@type\":\"ImageObject\",\"inLanguage\":\"fr-FR\",\"@id\":\"https:\\\/\\\/www.guayapi.com\\\/boutique\\\/en\\\/produit\\\/kurakkan-seeds\\\/#primaryimage\",\"url\":\"https:\\\/\\\/www.guayapi.com\\\/boutique\\\/wp-content\\\/uploads\\\/2017\\\/04\\\/whatsapp-image-2025-09-24-at-125400-1-removebg-preview.png\",\"contentUrl\":\"https:\\\/\\\/www.guayapi.com\\\/boutique\\\/wp-content\\\/uploads\\\/2017\\\/04\\\/whatsapp-image-2025-09-24-at-125400-1-removebg-preview.png\",\"width\":396,\"height\":631},{\"@type\":\"BreadcrumbList\",\"@id\":\"https:\\\/\\\/www.guayapi.com\\\/boutique\\\/en\\\/produit\\\/kurakkan-seeds\\\/#breadcrumb\",\"itemListElement\":[{\"@type\":\"ListItem\",\"position\":1,\"name\":\"Accueil\",\"item\":\"https:\\\/\\\/www.guayapi.com\\\/boutique\\\/\"},{\"@type\":\"ListItem\",\"position\":2,\"name\":\"Boutique\",\"item\":\"https:\\\/\\\/www.guayapi.com\\\/boutique\\\/\"},{\"@type\":\"ListItem\",\"position\":3,\"name\":\"Kurakkan seeds\"}]},{\"@type\":\"WebSite\",\"@id\":\"https:\\\/\\\/www.guayapi.com\\\/boutique\\\/#website\",\"url\":\"https:\\\/\\\/www.guayapi.com\\\/boutique\\\/\",\"name\":\"Guayapi\",\"description\":\"Super-aliments \u2022 \u00c9picerie fine \u2022 Cosm\u00e9tiques\",\"potentialAction\":[{\"@type\":\"SearchAction\",\"target\":{\"@type\":\"EntryPoint\",\"urlTemplate\":\"https:\\\/\\\/www.guayapi.com\\\/boutique\\\/?s={search_term_string}\"},\"query-input\":{\"@type\":\"PropertyValueSpecification\",\"valueRequired\":true,\"valueName\":\"search_term_string\"}}],\"inLanguage\":\"fr-FR\"}]}<\/script>","yoast_head_json":{"title":"Kurakkan seeds - Guayapi","robots":{"index":"index","follow":"follow","max-snippet":"max-snippet:-1","max-image-preview":"max-image-preview:large","max-video-preview":"max-video-preview:-1"},"canonical":"https:\/\/www.guayapi.com\/boutique\/en\/produit\/kurakkan-seeds\/","og_locale":"fr_FR","og_type":"article","og_title":"Kurakkan seeds - Guayapi","og_description":"(18,44\u20ac \/kg)  DDM (Date de Durabilit\u00e9 Minimale) 10\/2023, les produits peuvent \u00eatre parfaitement consomm\u00e9s apr\u00e8s leur DDM : https:\/\/www.service-public.fr\/particuliers\/vosdroits\/F10990  &nbsp;","og_url":"https:\/\/www.guayapi.com\/boutique\/en\/produit\/kurakkan-seeds\/","og_site_name":"Guayapi","article_modified_time":"2026-01-02T11:37:12+00:00","og_image":[{"width":396,"height":631,"url":"https:\/\/www.guayapi.com\/boutique\/wp-content\/uploads\/2017\/04\/whatsapp-image-2025-09-24-at-125400-1-removebg-preview.png","type":"image\/png"}],"twitter_card":"summary_large_image","twitter_misc":{"Dur\u00e9e de lecture estim\u00e9e":"1 minute"},"schema":{"@context":"https:\/\/schema.org","@graph":[{"@type":"WebPage","@id":"https:\/\/www.guayapi.com\/boutique\/en\/produit\/kurakkan-seeds\/","url":"https:\/\/www.guayapi.com\/boutique\/en\/produit\/kurakkan-seeds\/","name":"Kurakkan seeds - Guayapi","isPartOf":{"@id":"https:\/\/www.guayapi.com\/boutique\/#website"},"primaryImageOfPage":{"@id":"https:\/\/www.guayapi.com\/boutique\/en\/produit\/kurakkan-seeds\/#primaryimage"},"image":{"@id":"https:\/\/www.guayapi.com\/boutique\/en\/produit\/kurakkan-seeds\/#primaryimage"},"thumbnailUrl":"https:\/\/www.guayapi.com\/boutique\/wp-content\/uploads\/2017\/04\/whatsapp-image-2025-09-24-at-125400-1-removebg-preview.png","datePublished":"2020-04-01T09:39:14+00:00","dateModified":"2026-01-02T11:37:12+00:00","breadcrumb":{"@id":"https:\/\/www.guayapi.com\/boutique\/en\/produit\/kurakkan-seeds\/#breadcrumb"},"inLanguage":"fr-FR","potentialAction":[{"@type":"ReadAction","target":["https:\/\/www.guayapi.com\/boutique\/en\/produit\/kurakkan-seeds\/"]}]},{"@type":"ImageObject","inLanguage":"fr-FR","@id":"https:\/\/www.guayapi.com\/boutique\/en\/produit\/kurakkan-seeds\/#primaryimage","url":"https:\/\/www.guayapi.com\/boutique\/wp-content\/uploads\/2017\/04\/whatsapp-image-2025-09-24-at-125400-1-removebg-preview.png","contentUrl":"https:\/\/www.guayapi.com\/boutique\/wp-content\/uploads\/2017\/04\/whatsapp-image-2025-09-24-at-125400-1-removebg-preview.png","width":396,"height":631},{"@type":"BreadcrumbList","@id":"https:\/\/www.guayapi.com\/boutique\/en\/produit\/kurakkan-seeds\/#breadcrumb","itemListElement":[{"@type":"ListItem","position":1,"name":"Accueil","item":"https:\/\/www.guayapi.com\/boutique\/"},{"@type":"ListItem","position":2,"name":"Boutique","item":"https:\/\/www.guayapi.com\/boutique\/"},{"@type":"ListItem","position":3,"name":"Kurakkan seeds"}]},{"@type":"WebSite","@id":"https:\/\/www.guayapi.com\/boutique\/#website","url":"https:\/\/www.guayapi.com\/boutique\/","name":"Guayapi","description":"Super-aliments \u2022 \u00c9picerie fine \u2022 Cosm\u00e9tiques","potentialAction":[{"@type":"SearchAction","target":{"@type":"EntryPoint","urlTemplate":"https:\/\/www.guayapi.com\/boutique\/?s={search_term_string}"},"query-input":{"@type":"PropertyValueSpecification","valueRequired":true,"valueName":"search_term_string"}}],"inLanguage":"fr-FR"}]}},"_links":{"self":[{"href":"https:\/\/www.guayapi.com\/boutique\/wp-json\/wp\/v2\/product\/13165","targetHints":{"allow":["GET"]}}],"collection":[{"href":"https:\/\/www.guayapi.com\/boutique\/wp-json\/wp\/v2\/product"}],"about":[{"href":"https:\/\/www.guayapi.com\/boutique\/wp-json\/wp\/v2\/types\/product"}],"wp:featuredmedia":[{"embeddable":true,"href":"https:\/\/www.guayapi.com\/boutique\/wp-json\/wp\/v2\/media\/50435"}],"wp:attachment":[{"href":"https:\/\/www.guayapi.com\/boutique\/wp-json\/wp\/v2\/media?parent=13165"}],"wp:term":[{"taxonomy":"product_brand","embeddable":true,"href":"https:\/\/www.guayapi.com\/boutique\/wp-json\/wp\/v2\/product_brand?post=13165"},{"taxonomy":"product_cat","embeddable":true,"href":"https:\/\/www.guayapi.com\/boutique\/wp-json\/wp\/v2\/product_cat?post=13165"},{"taxonomy":"product_tag","embeddable":true,"href":"https:\/\/www.guayapi.com\/boutique\/wp-json\/wp\/v2\/product_tag?post=13165"}],"curies":[{"name":"wp","href":"https:\/\/api.w.org\/{rel}","templated":true}]}}