{"id":13238,"date":"2020-04-01T15:42:55","date_gmt":"2020-04-01T13:42:55","guid":{"rendered":"https:\/\/www.guayapi.com\/boutique\/?post_type=product&#038;p=13238"},"modified":"2026-01-30T16:32:37","modified_gmt":"2026-01-30T15:32:37","slug":"kituls-sap","status":"publish","type":"product","link":"https:\/\/www.guayapi.com\/boutique\/en\/produit\/kituls-sap\/","title":{"rendered":"Kitul\u2019s sap"},"content":{"rendered":"<p>Kitul&rsquo;s Sap is a natural sweetener with a low glycemic index, which contains invert sugars. Kitul, Caryota Urens, is a palm tree with large and beautiful flowers that growths in Sri Lanka. The sap from the flower is harvested daily by cutting off a piece of the flower stalk; this sap is filtered, then heated and boiled at a temperature of approximately 110\u00b0 until a beautiful brown colour is obtained.<\/p>\n<p>Voted Ark of Taste by the Slow Food Movement, Kitul Sap is produced in accordance with local traditions and customs. Withstands cooking at up to 200\u00b0C, this sap can also be used in recipes ranging from the most traditional to the most exotic (baked apples, coconut flan, banana gratin, etc.). This sap is very much appreciated for naturally sweetening desserts, hot or cold drinks by giving them a refined and original flavour. It can be used to coat ice creams, fruit salads, white cheeses or desserts.<\/p>\n<p>FLAVORS<br \/>\nCreamy, amber-coloured, S\u00e8ve de Kitul has fine notes of caramel. Its smell is sweet, subtly smoky.<\/p>\n<p>ELECTED ARCH OF TASTE BY THE SLOW FOOD MOVEMENT.<\/p>\n<p>Glycemic index: 48.7<\/p>\n<p>NUTRITIONAL INFORMATION PER 100 GRAMS<\/p>\n<p>Energy value:<br \/>\nKcal 279,<br \/>\nKJ 1185<\/p>\n<p>Fat: 0,15 g;<br \/>\nOf which saturated fatty acids: 0 g<\/p>\n<p>Carbohydrates: 68.1 g;<br \/>\nOf which sugars: 67.2 g<\/p>\n<p>Protein: 1.4 g<\/p>\n<p>Salt: 0 g<\/p>\n","protected":false},"excerpt":{"rendered":"<p>ELECTED ARCH OF TASTE BY THE SLOW FOOD MOVEMENT<\/p>\n<p>Kitul&rsquo;s Sap is a natural sweetener with a low glycemic index.<br \/>\nKitul, Caryota Urens, is a palm tree with large and beautiful flowers growing in Sri Lanka. The sap from the flower is harvested daily by cutting off a piece of the flower stalk; this sap is filtered, then heated and boiled at a temperature of approximately 110\u00b0 until a beautiful brown colour is obtained.<\/p>\n<p>(74,13\u20ac\/L)<\/p>\n<p style=\"text-align: center\">Ce produit est actuellement en rupture de stock.\u00a0 En remplacement, nous vous proposons\u00a0 la S\u00e8ve de Kitul de nos Petits Producteurs.<\/p>\n<hr \/>\n<blockquote>\n<p style=\"text-align: center\"><strong><a href=\"https:\/\/www.guayapi.com\/boutique\/produit\/seve-de-kitul-petits-producteurs\/\">&gt; D\u00e9couvrir la S\u00e8ve de Kitul Petits Producteurs &lt;<br \/>\n<\/a><\/strong><\/p>\n<\/blockquote>\n<hr \/>\n<p>&nbsp;<\/p>\n","protected":false},"featured_media":2520,"template":"","meta":{"_acf_changed":false},"product_brand":[],"product_cat":[115],"product_tag":[324,321],"class_list":{"0":"post-13238","1":"product","2":"type-product","3":"status-publish","4":"has-post-thumbnail","6":"product_cat-fine-grocery","7":"product_tag-regime-hypocalorique-en","8":"product_tag-alternative-au-sucre-en","10":"first","11":"instock","12":"taxable","13":"shipping-taxable","14":"purchasable","15":"product-type-simple"},"acf":[],"yoast_head":"<title>Kitul\u2019s sap - Guayapi<\/title>\n<meta name=\"robots\" content=\"index, follow, max-snippet:-1, max-image-preview:large, max-video-preview:-1\" \/>\n<link rel=\"canonical\" href=\"https:\/\/www.guayapi.com\/boutique\/en\/produit\/kituls-sap\/\" \/>\n<meta property=\"og:locale\" content=\"fr_FR\" \/>\n<meta property=\"og:type\" content=\"article\" \/>\n<meta property=\"og:title\" content=\"Kitul\u2019s sap - Guayapi\" \/>\n<meta property=\"og:description\" content=\"ELECTED ARCH OF TASTE BY THE SLOW FOOD MOVEMENT  Kitul&#039;s Sap is a natural sweetener with a low glycemic index. Kitul, Caryota Urens, is a palm tree with large and beautiful flowers growing in Sri Lanka. The sap from the flower is harvested daily by cutting off a piece of the flower stalk; this sap is filtered, then heated and boiled at a temperature of approximately 110\u00b0 until a beautiful brown colour is obtained.  (74,13\u20ac\/L) Ce produit est actuellement en rupture de stock.\u00a0 En remplacement, nous vous proposons\u00a0 la S\u00e8ve de Kitul de nos Petits Producteurs.      &gt; D\u00e9couvrir la S\u00e8ve de Kitul Petits Producteurs &lt;      &nbsp;\" \/>\n<meta property=\"og:url\" content=\"https:\/\/www.guayapi.com\/boutique\/en\/produit\/kituls-sap\/\" \/>\n<meta property=\"og:site_name\" content=\"Guayapi\" \/>\n<meta property=\"article:modified_time\" content=\"2026-01-30T15:32:37+00:00\" \/>\n<meta property=\"og:image\" content=\"https:\/\/www.guayapi.com\/boutique\/wp-content\/uploads\/2017\/03\/kitul.png\" \/>\n\t<meta property=\"og:image:width\" content=\"308\" \/>\n\t<meta property=\"og:image:height\" content=\"1200\" \/>\n\t<meta property=\"og:image:type\" content=\"image\/png\" \/>\n<meta name=\"twitter:card\" content=\"summary_large_image\" \/>\n<meta name=\"twitter:label1\" content=\"Dur\u00e9e de lecture estim\u00e9e\" \/>\n\t<meta name=\"twitter:data1\" content=\"2 minutes\" \/>\n<script type=\"application\/ld+json\" class=\"yoast-schema-graph\">{\"@context\":\"https:\\\/\\\/schema.org\",\"@graph\":[{\"@type\":\"WebPage\",\"@id\":\"https:\\\/\\\/www.guayapi.com\\\/boutique\\\/en\\\/produit\\\/kituls-sap\\\/\",\"url\":\"https:\\\/\\\/www.guayapi.com\\\/boutique\\\/en\\\/produit\\\/kituls-sap\\\/\",\"name\":\"Kitul\u2019s sap - Guayapi\",\"isPartOf\":{\"@id\":\"https:\\\/\\\/www.guayapi.com\\\/boutique\\\/#website\"},\"primaryImageOfPage\":{\"@id\":\"https:\\\/\\\/www.guayapi.com\\\/boutique\\\/en\\\/produit\\\/kituls-sap\\\/#primaryimage\"},\"image\":{\"@id\":\"https:\\\/\\\/www.guayapi.com\\\/boutique\\\/en\\\/produit\\\/kituls-sap\\\/#primaryimage\"},\"thumbnailUrl\":\"https:\\\/\\\/www.guayapi.com\\\/boutique\\\/wp-content\\\/uploads\\\/2017\\\/03\\\/kitul.png\",\"datePublished\":\"2020-04-01T13:42:55+00:00\",\"dateModified\":\"2026-01-30T15:32:37+00:00\",\"breadcrumb\":{\"@id\":\"https:\\\/\\\/www.guayapi.com\\\/boutique\\\/en\\\/produit\\\/kituls-sap\\\/#breadcrumb\"},\"inLanguage\":\"fr-FR\",\"potentialAction\":[{\"@type\":\"ReadAction\",\"target\":[\"https:\\\/\\\/www.guayapi.com\\\/boutique\\\/en\\\/produit\\\/kituls-sap\\\/\"]}]},{\"@type\":\"ImageObject\",\"inLanguage\":\"fr-FR\",\"@id\":\"https:\\\/\\\/www.guayapi.com\\\/boutique\\\/en\\\/produit\\\/kituls-sap\\\/#primaryimage\",\"url\":\"https:\\\/\\\/www.guayapi.com\\\/boutique\\\/wp-content\\\/uploads\\\/2017\\\/03\\\/kitul.png\",\"contentUrl\":\"https:\\\/\\\/www.guayapi.com\\\/boutique\\\/wp-content\\\/uploads\\\/2017\\\/03\\\/kitul.png\",\"width\":308,\"height\":1200},{\"@type\":\"BreadcrumbList\",\"@id\":\"https:\\\/\\\/www.guayapi.com\\\/boutique\\\/en\\\/produit\\\/kituls-sap\\\/#breadcrumb\",\"itemListElement\":[{\"@type\":\"ListItem\",\"position\":1,\"name\":\"Accueil\",\"item\":\"https:\\\/\\\/www.guayapi.com\\\/boutique\\\/\"},{\"@type\":\"ListItem\",\"position\":2,\"name\":\"Boutique\",\"item\":\"https:\\\/\\\/www.guayapi.com\\\/boutique\\\/\"},{\"@type\":\"ListItem\",\"position\":3,\"name\":\"Kitul\u2019s sap\"}]},{\"@type\":\"WebSite\",\"@id\":\"https:\\\/\\\/www.guayapi.com\\\/boutique\\\/#website\",\"url\":\"https:\\\/\\\/www.guayapi.com\\\/boutique\\\/\",\"name\":\"Guayapi\",\"description\":\"Super-aliments \u2022 \u00c9picerie fine \u2022 Cosm\u00e9tiques\",\"potentialAction\":[{\"@type\":\"SearchAction\",\"target\":{\"@type\":\"EntryPoint\",\"urlTemplate\":\"https:\\\/\\\/www.guayapi.com\\\/boutique\\\/?s={search_term_string}\"},\"query-input\":{\"@type\":\"PropertyValueSpecification\",\"valueRequired\":true,\"valueName\":\"search_term_string\"}}],\"inLanguage\":\"fr-FR\"}]}<\/script>","yoast_head_json":{"title":"Kitul\u2019s sap - Guayapi","robots":{"index":"index","follow":"follow","max-snippet":"max-snippet:-1","max-image-preview":"max-image-preview:large","max-video-preview":"max-video-preview:-1"},"canonical":"https:\/\/www.guayapi.com\/boutique\/en\/produit\/kituls-sap\/","og_locale":"fr_FR","og_type":"article","og_title":"Kitul\u2019s sap - Guayapi","og_description":"ELECTED ARCH OF TASTE BY THE SLOW FOOD MOVEMENT  Kitul's Sap is a natural sweetener with a low glycemic index. Kitul, Caryota Urens, is a palm tree with large and beautiful flowers growing in Sri Lanka. The sap from the flower is harvested daily by cutting off a piece of the flower stalk; this sap is filtered, then heated and boiled at a temperature of approximately 110\u00b0 until a beautiful brown colour is obtained.  (74,13\u20ac\/L) Ce produit est actuellement en rupture de stock.\u00a0 En remplacement, nous vous proposons\u00a0 la S\u00e8ve de Kitul de nos Petits Producteurs.      &gt; D\u00e9couvrir la S\u00e8ve de Kitul Petits Producteurs &lt;      &nbsp;","og_url":"https:\/\/www.guayapi.com\/boutique\/en\/produit\/kituls-sap\/","og_site_name":"Guayapi","article_modified_time":"2026-01-30T15:32:37+00:00","og_image":[{"width":308,"height":1200,"url":"https:\/\/www.guayapi.com\/boutique\/wp-content\/uploads\/2017\/03\/kitul.png","type":"image\/png"}],"twitter_card":"summary_large_image","twitter_misc":{"Dur\u00e9e de lecture estim\u00e9e":"2 minutes"},"schema":{"@context":"https:\/\/schema.org","@graph":[{"@type":"WebPage","@id":"https:\/\/www.guayapi.com\/boutique\/en\/produit\/kituls-sap\/","url":"https:\/\/www.guayapi.com\/boutique\/en\/produit\/kituls-sap\/","name":"Kitul\u2019s sap - Guayapi","isPartOf":{"@id":"https:\/\/www.guayapi.com\/boutique\/#website"},"primaryImageOfPage":{"@id":"https:\/\/www.guayapi.com\/boutique\/en\/produit\/kituls-sap\/#primaryimage"},"image":{"@id":"https:\/\/www.guayapi.com\/boutique\/en\/produit\/kituls-sap\/#primaryimage"},"thumbnailUrl":"https:\/\/www.guayapi.com\/boutique\/wp-content\/uploads\/2017\/03\/kitul.png","datePublished":"2020-04-01T13:42:55+00:00","dateModified":"2026-01-30T15:32:37+00:00","breadcrumb":{"@id":"https:\/\/www.guayapi.com\/boutique\/en\/produit\/kituls-sap\/#breadcrumb"},"inLanguage":"fr-FR","potentialAction":[{"@type":"ReadAction","target":["https:\/\/www.guayapi.com\/boutique\/en\/produit\/kituls-sap\/"]}]},{"@type":"ImageObject","inLanguage":"fr-FR","@id":"https:\/\/www.guayapi.com\/boutique\/en\/produit\/kituls-sap\/#primaryimage","url":"https:\/\/www.guayapi.com\/boutique\/wp-content\/uploads\/2017\/03\/kitul.png","contentUrl":"https:\/\/www.guayapi.com\/boutique\/wp-content\/uploads\/2017\/03\/kitul.png","width":308,"height":1200},{"@type":"BreadcrumbList","@id":"https:\/\/www.guayapi.com\/boutique\/en\/produit\/kituls-sap\/#breadcrumb","itemListElement":[{"@type":"ListItem","position":1,"name":"Accueil","item":"https:\/\/www.guayapi.com\/boutique\/"},{"@type":"ListItem","position":2,"name":"Boutique","item":"https:\/\/www.guayapi.com\/boutique\/"},{"@type":"ListItem","position":3,"name":"Kitul\u2019s sap"}]},{"@type":"WebSite","@id":"https:\/\/www.guayapi.com\/boutique\/#website","url":"https:\/\/www.guayapi.com\/boutique\/","name":"Guayapi","description":"Super-aliments \u2022 \u00c9picerie fine \u2022 Cosm\u00e9tiques","potentialAction":[{"@type":"SearchAction","target":{"@type":"EntryPoint","urlTemplate":"https:\/\/www.guayapi.com\/boutique\/?s={search_term_string}"},"query-input":{"@type":"PropertyValueSpecification","valueRequired":true,"valueName":"search_term_string"}}],"inLanguage":"fr-FR"}]}},"_links":{"self":[{"href":"https:\/\/www.guayapi.com\/boutique\/wp-json\/wp\/v2\/product\/13238","targetHints":{"allow":["GET"]}}],"collection":[{"href":"https:\/\/www.guayapi.com\/boutique\/wp-json\/wp\/v2\/product"}],"about":[{"href":"https:\/\/www.guayapi.com\/boutique\/wp-json\/wp\/v2\/types\/product"}],"wp:featuredmedia":[{"embeddable":true,"href":"https:\/\/www.guayapi.com\/boutique\/wp-json\/wp\/v2\/media\/2520"}],"wp:attachment":[{"href":"https:\/\/www.guayapi.com\/boutique\/wp-json\/wp\/v2\/media?parent=13238"}],"wp:term":[{"taxonomy":"product_brand","embeddable":true,"href":"https:\/\/www.guayapi.com\/boutique\/wp-json\/wp\/v2\/product_brand?post=13238"},{"taxonomy":"product_cat","embeddable":true,"href":"https:\/\/www.guayapi.com\/boutique\/wp-json\/wp\/v2\/product_cat?post=13238"},{"taxonomy":"product_tag","embeddable":true,"href":"https:\/\/www.guayapi.com\/boutique\/wp-json\/wp\/v2\/product_tag?post=13238"}],"curies":[{"name":"wp","href":"https:\/\/api.w.org\/{rel}","templated":true}]}}