{"id":13240,"date":"2020-04-01T16:03:14","date_gmt":"2020-04-01T14:03:14","guid":{"rendered":"https:\/\/www.guayapi.com\/boutique\/?post_type=product&#038;p=13240"},"modified":"2026-03-05T14:39:06","modified_gmt":"2026-03-05T13:39:06","slug":"powdered-warana-guarana-from-the-land-of-origin","status":"publish","type":"product","link":"https:\/\/www.guayapi.com\/boutique\/en\/produit\/powdered-warana-guarana-from-the-land-of-origin\/","title":{"rendered":"WARANA &#8211; GUARANA FROM THE LAND OF ORIGIN"},"content":{"rendered":"<p>The Waran\u00e0, Guarani Denomination of Controlled Origin, is a mythical and mystical treasure of the Amazon.<\/p>\n<p>Physical and cerebral energizer without excitement or irritation thanks to the ancestral methods used, rich in guaranine and source of trace elements, the Waran\u00e0 helps to undertake, concentrate, study, stay alert, negotiate, have a better speech, watch (parties), and to control one&rsquo;s weight.<\/p>\n<p>It is therefore suitable for students, workers, creative people, businessmen and women, artists, sportsmen and women.<\/p>\n<p>The Sater\u00e9 Maw\u00e9 Indians, with whom we have been working at GUAYAPI since 1993, have been watching over her for thousands of years. They are the ones who discovered and domesticated the liana as an edible shrub thousands of years ago.<\/p>\n<p>Of a beautiful off-white colour, the Waran\u00e0 of the Sater\u00e9 Maw\u00e9 Indians is described by oenologists as having the bitterness of dandelion and the consistency of chestnut. It sharpens the senses, as ancient tastes know how to do, and potentiates the virtues of the foods with which it is associated.<\/p>\n<p>The Sater\u00e9 Maw\u00e9 Indians possess the ancestral know-how of cultivating the plant. They are the inventors of the technique for the domestication of Waran\u00e0, a cultural and natural heritage of the whole of humanity.<\/p>\n<p>The Sater\u00e9 Maw\u00e9 Indians, in partnership with GUAYAPI since 1993, are the Guardians of the World Warana Gene Bank.<\/p>\n<p>Since 2016 the Waran\u00e0 Sater\u00e9 Maw\u00e9 has been the subject of a Denomina\u00e7\u00e3o de Origem at the National Institute of Industrial Property in Brazil, the Brazilian equivalent of French AOC (Denomination of Controlled Origin).<\/p>\n<p>For more information on the Waran\u00e0 Project: www.nusoken.com<\/p>\n<p>Directions for use: 1 teaspoon of powder to be mixed in a cold drink, in a compote, a yoghurt or in food. Punctually before the effort or daily for periods of 1 to 3 weeks.<\/p>\n<p>At the rate of one teaspoon per day this 65g can of Powder lasts 1 month and a half.<\/p>\n<p>Flavours: The bitterness of dandelion with the consistency of chestnut. Subtle refreshing smoky notes that delight the taste buds. A salty, authentic mouthfeel.<\/p>\n<p>NUTRITIONAL INFORMATION PER 100 GRAMS:<\/p>\n<p>Energy value:<br \/>\nKcal 370<br \/>\nKJ 1548<\/p>\n<p>Fat: 2.4 g;<br \/>\nof which saturated fatty acids: 0,2 g<\/p>\n<p>Carbohydrates: 73.3 g;<br \/>\nOf which sugars: 1.7 g<\/p>\n<p>Protein: 13.9 g<\/p>\n<p>Salt: 0 g<\/p>\n<p>Potassium: 445 mg<br \/>\nPhosphorus: 383 mg<br \/>\nVitamin PP: 1.63 mg<br \/>\nGuaranine: &gt; 4,5 g<\/p>\n","protected":false},"excerpt":{"rendered":"<p>WARANA, GUARANA&rsquo;S DENOMINATION OF CONTROLLED ORIGIN, IS A PHYSICAL AND INTELLECTUAL ENERGIZER, A MYTHICAL AND MYSTICAL TREASURE OF THE AMAZON.<\/p>\n<p>(460\u20ac\/kg)<\/p>\n","protected":false},"featured_media":43827,"template":"","meta":{"_acf_changed":false},"product_brand":[],"product_cat":[113],"product_tag":[140,423],"class_list":{"0":"post-13240","1":"product","2":"type-product","3":"status-publish","4":"has-post-thumbnail","6":"product_cat-super-foods","7":"product_tag-sport-en","8":"product_tag-tonus-energie-en","10":"first","11":"instock","12":"taxable","13":"shipping-taxable","14":"purchasable","15":"product-type-simple"},"acf":[],"yoast_head":"<title>WARANA - GUARANA FROM THE LAND OF ORIGIN - Guayapi<\/title>\n<meta name=\"robots\" content=\"index, follow, max-snippet:-1, max-image-preview:large, max-video-preview:-1\" \/>\n<link rel=\"canonical\" href=\"https:\/\/www.guayapi.com\/boutique\/en\/produit\/powdered-warana-guarana-from-the-land-of-origin\/\" \/>\n<meta property=\"og:locale\" content=\"fr_FR\" \/>\n<meta property=\"og:type\" content=\"article\" \/>\n<meta property=\"og:title\" content=\"WARANA - GUARANA FROM THE LAND OF ORIGIN - Guayapi\" \/>\n<meta property=\"og:description\" content=\"WARANA, GUARANA&#039;S DENOMINATION OF CONTROLLED ORIGIN, IS A PHYSICAL AND INTELLECTUAL ENERGIZER, A MYTHICAL AND MYSTICAL TREASURE OF THE AMAZON.  (460\u20ac\/kg)\" \/>\n<meta property=\"og:url\" content=\"https:\/\/www.guayapi.com\/boutique\/en\/produit\/powdered-warana-guarana-from-the-land-of-origin\/\" \/>\n<meta property=\"og:site_name\" content=\"Guayapi\" \/>\n<meta property=\"article:modified_time\" content=\"2026-03-05T13:39:06+00:00\" \/>\n<meta property=\"og:image\" content=\"https:\/\/www.guayapi.com\/boutique\/wp-content\/uploads\/2017\/03\/capture-d-ecran-2022-10-20-172825-removebg-preview.png\" \/>\n\t<meta property=\"og:image:width\" content=\"401\" \/>\n\t<meta property=\"og:image:height\" content=\"622\" \/>\n\t<meta property=\"og:image:type\" content=\"image\/png\" \/>\n<meta name=\"twitter:card\" content=\"summary_large_image\" \/>\n<meta name=\"twitter:label1\" content=\"Dur\u00e9e de lecture estim\u00e9e\" \/>\n\t<meta name=\"twitter:data1\" content=\"3 minutes\" \/>\n<script type=\"application\/ld+json\" class=\"yoast-schema-graph\">{\"@context\":\"https:\\\/\\\/schema.org\",\"@graph\":[{\"@type\":\"WebPage\",\"@id\":\"https:\\\/\\\/www.guayapi.com\\\/boutique\\\/en\\\/produit\\\/powdered-warana-guarana-from-the-land-of-origin\\\/\",\"url\":\"https:\\\/\\\/www.guayapi.com\\\/boutique\\\/en\\\/produit\\\/powdered-warana-guarana-from-the-land-of-origin\\\/\",\"name\":\"WARANA - GUARANA FROM THE LAND OF ORIGIN - Guayapi\",\"isPartOf\":{\"@id\":\"https:\\\/\\\/www.guayapi.com\\\/boutique\\\/#website\"},\"primaryImageOfPage\":{\"@id\":\"https:\\\/\\\/www.guayapi.com\\\/boutique\\\/en\\\/produit\\\/powdered-warana-guarana-from-the-land-of-origin\\\/#primaryimage\"},\"image\":{\"@id\":\"https:\\\/\\\/www.guayapi.com\\\/boutique\\\/en\\\/produit\\\/powdered-warana-guarana-from-the-land-of-origin\\\/#primaryimage\"},\"thumbnailUrl\":\"https:\\\/\\\/www.guayapi.com\\\/boutique\\\/wp-content\\\/uploads\\\/2017\\\/03\\\/capture-d-ecran-2022-10-20-172825-removebg-preview.png\",\"datePublished\":\"2020-04-01T14:03:14+00:00\",\"dateModified\":\"2026-03-05T13:39:06+00:00\",\"breadcrumb\":{\"@id\":\"https:\\\/\\\/www.guayapi.com\\\/boutique\\\/en\\\/produit\\\/powdered-warana-guarana-from-the-land-of-origin\\\/#breadcrumb\"},\"inLanguage\":\"fr-FR\",\"potentialAction\":[{\"@type\":\"ReadAction\",\"target\":[\"https:\\\/\\\/www.guayapi.com\\\/boutique\\\/en\\\/produit\\\/powdered-warana-guarana-from-the-land-of-origin\\\/\"]}]},{\"@type\":\"ImageObject\",\"inLanguage\":\"fr-FR\",\"@id\":\"https:\\\/\\\/www.guayapi.com\\\/boutique\\\/en\\\/produit\\\/powdered-warana-guarana-from-the-land-of-origin\\\/#primaryimage\",\"url\":\"https:\\\/\\\/www.guayapi.com\\\/boutique\\\/wp-content\\\/uploads\\\/2017\\\/03\\\/capture-d-ecran-2022-10-20-172825-removebg-preview.png\",\"contentUrl\":\"https:\\\/\\\/www.guayapi.com\\\/boutique\\\/wp-content\\\/uploads\\\/2017\\\/03\\\/capture-d-ecran-2022-10-20-172825-removebg-preview.png\",\"width\":401,\"height\":622},{\"@type\":\"BreadcrumbList\",\"@id\":\"https:\\\/\\\/www.guayapi.com\\\/boutique\\\/en\\\/produit\\\/powdered-warana-guarana-from-the-land-of-origin\\\/#breadcrumb\",\"itemListElement\":[{\"@type\":\"ListItem\",\"position\":1,\"name\":\"Accueil\",\"item\":\"https:\\\/\\\/www.guayapi.com\\\/boutique\\\/\"},{\"@type\":\"ListItem\",\"position\":2,\"name\":\"Boutique\",\"item\":\"https:\\\/\\\/www.guayapi.com\\\/boutique\\\/\"},{\"@type\":\"ListItem\",\"position\":3,\"name\":\"WARANA &#8211; GUARANA FROM THE LAND OF ORIGIN\"}]},{\"@type\":\"WebSite\",\"@id\":\"https:\\\/\\\/www.guayapi.com\\\/boutique\\\/#website\",\"url\":\"https:\\\/\\\/www.guayapi.com\\\/boutique\\\/\",\"name\":\"Guayapi\",\"description\":\"Super-aliments \u2022 \u00c9picerie fine \u2022 Cosm\u00e9tiques\",\"potentialAction\":[{\"@type\":\"SearchAction\",\"target\":{\"@type\":\"EntryPoint\",\"urlTemplate\":\"https:\\\/\\\/www.guayapi.com\\\/boutique\\\/?s={search_term_string}\"},\"query-input\":{\"@type\":\"PropertyValueSpecification\",\"valueRequired\":true,\"valueName\":\"search_term_string\"}}],\"inLanguage\":\"fr-FR\"}]}<\/script>","yoast_head_json":{"title":"WARANA - GUARANA FROM THE LAND OF ORIGIN - Guayapi","robots":{"index":"index","follow":"follow","max-snippet":"max-snippet:-1","max-image-preview":"max-image-preview:large","max-video-preview":"max-video-preview:-1"},"canonical":"https:\/\/www.guayapi.com\/boutique\/en\/produit\/powdered-warana-guarana-from-the-land-of-origin\/","og_locale":"fr_FR","og_type":"article","og_title":"WARANA - GUARANA FROM THE LAND OF ORIGIN - Guayapi","og_description":"WARANA, GUARANA'S DENOMINATION OF CONTROLLED ORIGIN, IS A PHYSICAL AND INTELLECTUAL ENERGIZER, A MYTHICAL AND MYSTICAL TREASURE OF THE AMAZON.  (460\u20ac\/kg)","og_url":"https:\/\/www.guayapi.com\/boutique\/en\/produit\/powdered-warana-guarana-from-the-land-of-origin\/","og_site_name":"Guayapi","article_modified_time":"2026-03-05T13:39:06+00:00","og_image":[{"width":401,"height":622,"url":"https:\/\/www.guayapi.com\/boutique\/wp-content\/uploads\/2017\/03\/capture-d-ecran-2022-10-20-172825-removebg-preview.png","type":"image\/png"}],"twitter_card":"summary_large_image","twitter_misc":{"Dur\u00e9e de lecture estim\u00e9e":"3 minutes"},"schema":{"@context":"https:\/\/schema.org","@graph":[{"@type":"WebPage","@id":"https:\/\/www.guayapi.com\/boutique\/en\/produit\/powdered-warana-guarana-from-the-land-of-origin\/","url":"https:\/\/www.guayapi.com\/boutique\/en\/produit\/powdered-warana-guarana-from-the-land-of-origin\/","name":"WARANA - GUARANA FROM THE LAND OF ORIGIN - Guayapi","isPartOf":{"@id":"https:\/\/www.guayapi.com\/boutique\/#website"},"primaryImageOfPage":{"@id":"https:\/\/www.guayapi.com\/boutique\/en\/produit\/powdered-warana-guarana-from-the-land-of-origin\/#primaryimage"},"image":{"@id":"https:\/\/www.guayapi.com\/boutique\/en\/produit\/powdered-warana-guarana-from-the-land-of-origin\/#primaryimage"},"thumbnailUrl":"https:\/\/www.guayapi.com\/boutique\/wp-content\/uploads\/2017\/03\/capture-d-ecran-2022-10-20-172825-removebg-preview.png","datePublished":"2020-04-01T14:03:14+00:00","dateModified":"2026-03-05T13:39:06+00:00","breadcrumb":{"@id":"https:\/\/www.guayapi.com\/boutique\/en\/produit\/powdered-warana-guarana-from-the-land-of-origin\/#breadcrumb"},"inLanguage":"fr-FR","potentialAction":[{"@type":"ReadAction","target":["https:\/\/www.guayapi.com\/boutique\/en\/produit\/powdered-warana-guarana-from-the-land-of-origin\/"]}]},{"@type":"ImageObject","inLanguage":"fr-FR","@id":"https:\/\/www.guayapi.com\/boutique\/en\/produit\/powdered-warana-guarana-from-the-land-of-origin\/#primaryimage","url":"https:\/\/www.guayapi.com\/boutique\/wp-content\/uploads\/2017\/03\/capture-d-ecran-2022-10-20-172825-removebg-preview.png","contentUrl":"https:\/\/www.guayapi.com\/boutique\/wp-content\/uploads\/2017\/03\/capture-d-ecran-2022-10-20-172825-removebg-preview.png","width":401,"height":622},{"@type":"BreadcrumbList","@id":"https:\/\/www.guayapi.com\/boutique\/en\/produit\/powdered-warana-guarana-from-the-land-of-origin\/#breadcrumb","itemListElement":[{"@type":"ListItem","position":1,"name":"Accueil","item":"https:\/\/www.guayapi.com\/boutique\/"},{"@type":"ListItem","position":2,"name":"Boutique","item":"https:\/\/www.guayapi.com\/boutique\/"},{"@type":"ListItem","position":3,"name":"WARANA &#8211; GUARANA FROM THE LAND OF ORIGIN"}]},{"@type":"WebSite","@id":"https:\/\/www.guayapi.com\/boutique\/#website","url":"https:\/\/www.guayapi.com\/boutique\/","name":"Guayapi","description":"Super-aliments \u2022 \u00c9picerie fine \u2022 Cosm\u00e9tiques","potentialAction":[{"@type":"SearchAction","target":{"@type":"EntryPoint","urlTemplate":"https:\/\/www.guayapi.com\/boutique\/?s={search_term_string}"},"query-input":{"@type":"PropertyValueSpecification","valueRequired":true,"valueName":"search_term_string"}}],"inLanguage":"fr-FR"}]}},"_links":{"self":[{"href":"https:\/\/www.guayapi.com\/boutique\/wp-json\/wp\/v2\/product\/13240","targetHints":{"allow":["GET"]}}],"collection":[{"href":"https:\/\/www.guayapi.com\/boutique\/wp-json\/wp\/v2\/product"}],"about":[{"href":"https:\/\/www.guayapi.com\/boutique\/wp-json\/wp\/v2\/types\/product"}],"wp:featuredmedia":[{"embeddable":true,"href":"https:\/\/www.guayapi.com\/boutique\/wp-json\/wp\/v2\/media\/43827"}],"wp:attachment":[{"href":"https:\/\/www.guayapi.com\/boutique\/wp-json\/wp\/v2\/media?parent=13240"}],"wp:term":[{"taxonomy":"product_brand","embeddable":true,"href":"https:\/\/www.guayapi.com\/boutique\/wp-json\/wp\/v2\/product_brand?post=13240"},{"taxonomy":"product_cat","embeddable":true,"href":"https:\/\/www.guayapi.com\/boutique\/wp-json\/wp\/v2\/product_cat?post=13240"},{"taxonomy":"product_tag","embeddable":true,"href":"https:\/\/www.guayapi.com\/boutique\/wp-json\/wp\/v2\/product_tag?post=13240"}],"curies":[{"name":"wp","href":"https:\/\/api.w.org\/{rel}","templated":true}]}}