{"id":15479,"date":"2020-06-23T17:05:57","date_gmt":"2020-06-23T15:05:57","guid":{"rendered":"https:\/\/www.guayapi.com\/boutique\/?post_type=product&#038;p=15479"},"modified":"2026-01-02T11:45:19","modified_gmt":"2026-01-02T10:45:19","slug":"tatouage-ephemere-traditionnel-amazonien","status":"publish","type":"product","link":"https:\/\/www.guayapi.com\/boutique\/produit\/tatouage-ephemere-traditionnel-amazonien\/","title":{"rendered":"Genipapo Tatouage \u00e9ph\u00e9m\u00e8re"},"content":{"rendered":"<h3>Le mythe :<\/h3>\n<p>Au commencement, il y avait deux Anciens, sages, \u00ab Nag \u00bb, nomm\u00e9s Waham Kuri et Nui\u2019 Wa\u2019i Na. Il n\u2019y avait alors pas de nuit, si bien que l\u2019on ne pouvait dormir. Waham Kuri s\u2019en alla acheter de la nuit, avec la teinte de Genipapo et le Chocalho \u00ab Ja\u2019ambe \u00bb (percussion traditionnelle utilis\u00e9e dans la Tucandeira), \u00e0 des vieux serpents. Cependant, comme les serpents n\u2019avaient ni mains ni jambes, ils ne pouvaient tenir la teinte de Genipapo ni le Chocalho \u00ab Ja\u2019ambe \u00bb. Alors ils demand\u00e8rent \u00e0 Waham Kuri de peindre leurs corps. Il en fit ainsi ; voil\u00e0 pourquoi chaque serpent a une peinture corporelle, qui l\u2019identifie selon son esp\u00e8ce. Waham Kuri essaya \u00e9galement de leur mettre le Chocalho ; mais comme ils n\u2019avaient pas de moyens pour le tenir non plus, alors ils ne gard\u00e8rent du Chocalho que le son : tsss, tsss, tsss. Le vieux serpent dit \u00e0 Wahamkuri : \u00ab je ne garderai que le son du Chocalho Ja\u2019ambe afin que nos descendances puissent s\u2019identifier quand elles se rencontreront. Ainsi, jusqu\u2019aujourd\u2019hui, quand un serpent rencontre un homme, il joue du Chocalho \u00ab queue de cobra \u00bb en faisant tsss, tsss, tsss&#8230;<\/p>\n<p>Comme le serpent n\u2019a pas conserv\u00e9 la teinte de Genipapo, ni l\u2019instrument Chocalho, Waham kuri les rapporta. Le fait d\u2019avoir conserv\u00e9 la teinte du Genipapo et le Chocalho permet de se souvenir de cet accord pass\u00e9 avec le serpent en \u00e9change de la nuit. Le bruit \u00e9mis par le serpent lui permet de signaler sa pr\u00e9sence, pour \u00e9viter qu\u2019on lui fasse du mal, ou qu\u2019il ne nous en fasse en retour.<\/p>\n<p>Aujourd\u2019hui encore, les Sater\u00e9 Maw\u00e9 utilisent la teinte Genipapo pour le \u00ab Rituel de la Tucandeira \u00bb.<\/p>\n<p><b>Le rituel<\/b>\u00a0<b>:<\/b><\/p>\n<p>La Tucandeira est un rituel initiatique pour les jeunes hommes\u00a0 Sater\u00e9 Maw\u00e9 et marque leur passage de l\u2019adolescence \u00e0 l\u2019\u00e2ge\u00a0 adulte. Avant de le vivre, ces derniers doivent adopter un r\u00e9gime\u00a0 sp\u00e9cial, ne peuvent aller dans la for\u00eat, ni se baigner dans la rivi\u00e8re\u00a0 afin de se pr\u00e9server. Ce rituel prend la forme d\u2019une f\u00eate, pour\u00a0 laquelle de nombreux pr\u00e9paratifs sont r\u00e9alis\u00e9s \u2013 Warana,\u00a0 nourriture, chants, musique \u2013 et au cours de laquelle les jeunes\u00a0 hommes mettent leurs mains dans deux \u201cluvas\u201d tress\u00e9es de paille,\u00a0 qui contiennent des fourmis Tucandeiras au venin tr\u00e8s puissant.\u00a0 Ce rituel, bien que tr\u00e8s douloureux, doit leur assurer une\u00a0 croissance rapide, renforcer leur syst\u00e8me immunitaire, leur\u00a0 permettre d\u2019\u00eatre de bons p\u00eacheurs et de bons archers.<\/p>\n<p><b>Le Mode d\u2019emploi<\/b>\u00a0:<\/p>\n<p>1. Utilisez le b\u00e2ton fourni ou un pinceau pour dessiner sur la peau.<\/p>\n<p>2. V\u00e9rifiez que la zone soit propre, s\u00e8che, id\u00e9alement sans pilosit\u00e9.<\/p>\n<p>3. De pr\u00e9f\u00e9rence se tatouer apr\u00e8s une douche et laissez s\u00e9cher.<\/p>\n<p>4. En cas de coulure laver imm\u00e9diatement \u00e0 l\u2019eau froide.<\/p>\n<p>5. Pour une couleur plus intense n\u2019h\u00e9sitez pas \u00e0 repasser 2 \u00e0 3 fois les jours suivants.<\/p>\n<p>Votre tatouage durera une dizaine de jours de mani\u00e8re naturelle.<\/p>\n<p>D\u00e9couvrez le Carnet d\u2019Inspiration du Genipapo Sater\u00e9 Maw\u00e9 contenant le mythe fondateur et les dessins traditionnels :\u00a0<a href=\"https:\/\/www.guayapi.com\/wp-content\/uploads\/2020\/06\/guayapi-genipapo-tatouage-ephemere-amazonien-carnet-dinspirations-vdef-1.pdf\" target=\"_blank\" rel=\"noopener\">https:\/\/www.guayapi.com\/wp-content\/uploads\/2020\/06\/guayapi-genipapo-tatouage-ephemere-amazonien-carnet-dinspirations-vdef-1.pdf<\/a><\/p>\n<p>(3800,00\u20ac\/L)<\/p>\n","protected":false},"excerpt":{"rendered":"<h3>Extrait naturel de Genipapo, tatouage \u00e9ph\u00e9m\u00e8re des Indiens Sater\u00e9 Maw\u00e9 des Indiens Sater\u00e9 Maw\u00e9 d&rsquo;Amazonie (quantit\u00e9s limit\u00e9s)<\/h3>\n<p>Le Genipapo est un fruit amazonien dont la pulpe contient un pigment noir, utilis\u00e9 traditionnellement par les Indiens Sat\u00e9r\u00e9 Maw\u00e9 pour r\u00e9aliser des tatouages \u00e9ph\u00e9m\u00e8res.<br \/>\nIl peut \u00eatre \u00e9galement utilis\u00e9 comme colorant naturel pour les cheveux.<\/p>\n<p>A l&rsquo;achat de votre tatouage un carnet d&rsquo;inspirations et un b\u00e2ton pour dessiner sont offerts.<\/p>\n<p>(3.960,00\u20ac\/L)<\/p>\n","protected":false},"featured_media":43873,"template":"","meta":{"_acf_changed":false},"product_brand":[],"product_cat":[16],"product_tag":[446],"class_list":{"0":"post-15479","1":"product","2":"type-product","3":"status-publish","4":"has-post-thumbnail","6":"product_cat-cosmetiques","7":"product_tag-beaute","9":"first","10":"outofstock","11":"taxable","12":"shipping-taxable","13":"purchasable","14":"product-type-simple"},"acf":[],"yoast_head":"<title>Genipapo Tatouage \u00e9ph\u00e9m\u00e8re - Guayapi<\/title>\n<meta name=\"robots\" content=\"index, follow, max-snippet:-1, max-image-preview:large, max-video-preview:-1\" \/>\n<link rel=\"canonical\" href=\"https:\/\/www.guayapi.com\/boutique\/produit\/tatouage-ephemere-traditionnel-amazonien\/\" \/>\n<meta property=\"og:locale\" content=\"fr_FR\" \/>\n<meta property=\"og:type\" content=\"article\" \/>\n<meta property=\"og:title\" content=\"Genipapo Tatouage \u00e9ph\u00e9m\u00e8re - Guayapi\" \/>\n<meta property=\"og:description\" content=\"Extrait naturel de Genipapo, tatouage \u00e9ph\u00e9m\u00e8re des Indiens Sater\u00e9 Maw\u00e9 des Indiens Sater\u00e9 Maw\u00e9 d&#039;Amazonie (quantit\u00e9s limit\u00e9s) Le Genipapo est un fruit amazonien dont la pulpe contient un pigment noir, utilis\u00e9 traditionnellement par les Indiens Sat\u00e9r\u00e9 Maw\u00e9 pour r\u00e9aliser des tatouages \u00e9ph\u00e9m\u00e8res. Il peut \u00eatre \u00e9galement utilis\u00e9 comme colorant naturel pour les cheveux.  A l&#039;achat de votre tatouage un carnet d&#039;inspirations et un b\u00e2ton pour dessiner sont offerts.  (3.960,00\u20ac\/L)\" \/>\n<meta property=\"og:url\" content=\"https:\/\/www.guayapi.com\/boutique\/produit\/tatouage-ephemere-traditionnel-amazonien\/\" \/>\n<meta property=\"og:site_name\" content=\"Guayapi\" \/>\n<meta property=\"article:modified_time\" content=\"2026-01-02T10:45:19+00:00\" \/>\n<meta property=\"og:image\" content=\"https:\/\/www.guayapi.com\/boutique\/wp-content\/uploads\/2020\/06\/flacon-detoure-e1666339350420.png\" \/>\n\t<meta property=\"og:image:width\" content=\"170\" \/>\n\t<meta property=\"og:image:height\" content=\"291\" \/>\n\t<meta property=\"og:image:type\" content=\"image\/png\" \/>\n<meta name=\"twitter:card\" content=\"summary_large_image\" \/>\n<meta name=\"twitter:label1\" content=\"Dur\u00e9e de lecture estim\u00e9e\" \/>\n\t<meta name=\"twitter:data1\" content=\"3 minutes\" \/>\n<script type=\"application\/ld+json\" class=\"yoast-schema-graph\">{\"@context\":\"https:\\\/\\\/schema.org\",\"@graph\":[{\"@type\":\"WebPage\",\"@id\":\"https:\\\/\\\/www.guayapi.com\\\/boutique\\\/produit\\\/tatouage-ephemere-traditionnel-amazonien\\\/\",\"url\":\"https:\\\/\\\/www.guayapi.com\\\/boutique\\\/produit\\\/tatouage-ephemere-traditionnel-amazonien\\\/\",\"name\":\"Genipapo Tatouage \u00e9ph\u00e9m\u00e8re - Guayapi\",\"isPartOf\":{\"@id\":\"https:\\\/\\\/www.guayapi.com\\\/boutique\\\/#website\"},\"primaryImageOfPage\":{\"@id\":\"https:\\\/\\\/www.guayapi.com\\\/boutique\\\/produit\\\/tatouage-ephemere-traditionnel-amazonien\\\/#primaryimage\"},\"image\":{\"@id\":\"https:\\\/\\\/www.guayapi.com\\\/boutique\\\/produit\\\/tatouage-ephemere-traditionnel-amazonien\\\/#primaryimage\"},\"thumbnailUrl\":\"https:\\\/\\\/www.guayapi.com\\\/boutique\\\/wp-content\\\/uploads\\\/2020\\\/06\\\/flacon-detoure-e1666339350420.png\",\"datePublished\":\"2020-06-23T15:05:57+00:00\",\"dateModified\":\"2026-01-02T10:45:19+00:00\",\"breadcrumb\":{\"@id\":\"https:\\\/\\\/www.guayapi.com\\\/boutique\\\/produit\\\/tatouage-ephemere-traditionnel-amazonien\\\/#breadcrumb\"},\"inLanguage\":\"fr-FR\",\"potentialAction\":[{\"@type\":\"ReadAction\",\"target\":[\"https:\\\/\\\/www.guayapi.com\\\/boutique\\\/produit\\\/tatouage-ephemere-traditionnel-amazonien\\\/\"]}]},{\"@type\":\"ImageObject\",\"inLanguage\":\"fr-FR\",\"@id\":\"https:\\\/\\\/www.guayapi.com\\\/boutique\\\/produit\\\/tatouage-ephemere-traditionnel-amazonien\\\/#primaryimage\",\"url\":\"https:\\\/\\\/www.guayapi.com\\\/boutique\\\/wp-content\\\/uploads\\\/2020\\\/06\\\/flacon-detoure-e1666339350420.png\",\"contentUrl\":\"https:\\\/\\\/www.guayapi.com\\\/boutique\\\/wp-content\\\/uploads\\\/2020\\\/06\\\/flacon-detoure-e1666339350420.png\",\"width\":170,\"height\":291},{\"@type\":\"BreadcrumbList\",\"@id\":\"https:\\\/\\\/www.guayapi.com\\\/boutique\\\/produit\\\/tatouage-ephemere-traditionnel-amazonien\\\/#breadcrumb\",\"itemListElement\":[{\"@type\":\"ListItem\",\"position\":1,\"name\":\"Accueil\",\"item\":\"https:\\\/\\\/www.guayapi.com\\\/boutique\\\/\"},{\"@type\":\"ListItem\",\"position\":2,\"name\":\"Boutique\",\"item\":\"https:\\\/\\\/www.guayapi.com\\\/boutique\\\/\"},{\"@type\":\"ListItem\",\"position\":3,\"name\":\"Genipapo Tatouage \u00e9ph\u00e9m\u00e8re\"}]},{\"@type\":\"WebSite\",\"@id\":\"https:\\\/\\\/www.guayapi.com\\\/boutique\\\/#website\",\"url\":\"https:\\\/\\\/www.guayapi.com\\\/boutique\\\/\",\"name\":\"Guayapi\",\"description\":\"Super-aliments \u2022 \u00c9picerie fine \u2022 Cosm\u00e9tiques\",\"potentialAction\":[{\"@type\":\"SearchAction\",\"target\":{\"@type\":\"EntryPoint\",\"urlTemplate\":\"https:\\\/\\\/www.guayapi.com\\\/boutique\\\/?s={search_term_string}\"},\"query-input\":{\"@type\":\"PropertyValueSpecification\",\"valueRequired\":true,\"valueName\":\"search_term_string\"}}],\"inLanguage\":\"fr-FR\"}]}<\/script>","yoast_head_json":{"title":"Genipapo Tatouage \u00e9ph\u00e9m\u00e8re - Guayapi","robots":{"index":"index","follow":"follow","max-snippet":"max-snippet:-1","max-image-preview":"max-image-preview:large","max-video-preview":"max-video-preview:-1"},"canonical":"https:\/\/www.guayapi.com\/boutique\/produit\/tatouage-ephemere-traditionnel-amazonien\/","og_locale":"fr_FR","og_type":"article","og_title":"Genipapo Tatouage \u00e9ph\u00e9m\u00e8re - Guayapi","og_description":"Extrait naturel de Genipapo, tatouage \u00e9ph\u00e9m\u00e8re des Indiens Sater\u00e9 Maw\u00e9 des Indiens Sater\u00e9 Maw\u00e9 d'Amazonie (quantit\u00e9s limit\u00e9s) Le Genipapo est un fruit amazonien dont la pulpe contient un pigment noir, utilis\u00e9 traditionnellement par les Indiens Sat\u00e9r\u00e9 Maw\u00e9 pour r\u00e9aliser des tatouages \u00e9ph\u00e9m\u00e8res. Il peut \u00eatre \u00e9galement utilis\u00e9 comme colorant naturel pour les cheveux.  A l'achat de votre tatouage un carnet d'inspirations et un b\u00e2ton pour dessiner sont offerts.  (3.960,00\u20ac\/L)","og_url":"https:\/\/www.guayapi.com\/boutique\/produit\/tatouage-ephemere-traditionnel-amazonien\/","og_site_name":"Guayapi","article_modified_time":"2026-01-02T10:45:19+00:00","og_image":[{"width":170,"height":291,"url":"https:\/\/www.guayapi.com\/boutique\/wp-content\/uploads\/2020\/06\/flacon-detoure-e1666339350420.png","type":"image\/png"}],"twitter_card":"summary_large_image","twitter_misc":{"Dur\u00e9e de lecture estim\u00e9e":"3 minutes"},"schema":{"@context":"https:\/\/schema.org","@graph":[{"@type":"WebPage","@id":"https:\/\/www.guayapi.com\/boutique\/produit\/tatouage-ephemere-traditionnel-amazonien\/","url":"https:\/\/www.guayapi.com\/boutique\/produit\/tatouage-ephemere-traditionnel-amazonien\/","name":"Genipapo Tatouage \u00e9ph\u00e9m\u00e8re - Guayapi","isPartOf":{"@id":"https:\/\/www.guayapi.com\/boutique\/#website"},"primaryImageOfPage":{"@id":"https:\/\/www.guayapi.com\/boutique\/produit\/tatouage-ephemere-traditionnel-amazonien\/#primaryimage"},"image":{"@id":"https:\/\/www.guayapi.com\/boutique\/produit\/tatouage-ephemere-traditionnel-amazonien\/#primaryimage"},"thumbnailUrl":"https:\/\/www.guayapi.com\/boutique\/wp-content\/uploads\/2020\/06\/flacon-detoure-e1666339350420.png","datePublished":"2020-06-23T15:05:57+00:00","dateModified":"2026-01-02T10:45:19+00:00","breadcrumb":{"@id":"https:\/\/www.guayapi.com\/boutique\/produit\/tatouage-ephemere-traditionnel-amazonien\/#breadcrumb"},"inLanguage":"fr-FR","potentialAction":[{"@type":"ReadAction","target":["https:\/\/www.guayapi.com\/boutique\/produit\/tatouage-ephemere-traditionnel-amazonien\/"]}]},{"@type":"ImageObject","inLanguage":"fr-FR","@id":"https:\/\/www.guayapi.com\/boutique\/produit\/tatouage-ephemere-traditionnel-amazonien\/#primaryimage","url":"https:\/\/www.guayapi.com\/boutique\/wp-content\/uploads\/2020\/06\/flacon-detoure-e1666339350420.png","contentUrl":"https:\/\/www.guayapi.com\/boutique\/wp-content\/uploads\/2020\/06\/flacon-detoure-e1666339350420.png","width":170,"height":291},{"@type":"BreadcrumbList","@id":"https:\/\/www.guayapi.com\/boutique\/produit\/tatouage-ephemere-traditionnel-amazonien\/#breadcrumb","itemListElement":[{"@type":"ListItem","position":1,"name":"Accueil","item":"https:\/\/www.guayapi.com\/boutique\/"},{"@type":"ListItem","position":2,"name":"Boutique","item":"https:\/\/www.guayapi.com\/boutique\/"},{"@type":"ListItem","position":3,"name":"Genipapo Tatouage \u00e9ph\u00e9m\u00e8re"}]},{"@type":"WebSite","@id":"https:\/\/www.guayapi.com\/boutique\/#website","url":"https:\/\/www.guayapi.com\/boutique\/","name":"Guayapi","description":"Super-aliments \u2022 \u00c9picerie fine \u2022 Cosm\u00e9tiques","potentialAction":[{"@type":"SearchAction","target":{"@type":"EntryPoint","urlTemplate":"https:\/\/www.guayapi.com\/boutique\/?s={search_term_string}"},"query-input":{"@type":"PropertyValueSpecification","valueRequired":true,"valueName":"search_term_string"}}],"inLanguage":"fr-FR"}]}},"_links":{"self":[{"href":"https:\/\/www.guayapi.com\/boutique\/wp-json\/wp\/v2\/product\/15479","targetHints":{"allow":["GET"]}}],"collection":[{"href":"https:\/\/www.guayapi.com\/boutique\/wp-json\/wp\/v2\/product"}],"about":[{"href":"https:\/\/www.guayapi.com\/boutique\/wp-json\/wp\/v2\/types\/product"}],"wp:featuredmedia":[{"embeddable":true,"href":"https:\/\/www.guayapi.com\/boutique\/wp-json\/wp\/v2\/media\/43873"}],"wp:attachment":[{"href":"https:\/\/www.guayapi.com\/boutique\/wp-json\/wp\/v2\/media?parent=15479"}],"wp:term":[{"taxonomy":"product_brand","embeddable":true,"href":"https:\/\/www.guayapi.com\/boutique\/wp-json\/wp\/v2\/product_brand?post=15479"},{"taxonomy":"product_cat","embeddable":true,"href":"https:\/\/www.guayapi.com\/boutique\/wp-json\/wp\/v2\/product_cat?post=15479"},{"taxonomy":"product_tag","embeddable":true,"href":"https:\/\/www.guayapi.com\/boutique\/wp-json\/wp\/v2\/product_tag?post=15479"}],"curies":[{"name":"wp","href":"https:\/\/api.w.org\/{rel}","templated":true}]}}