{"id":1915,"date":"2017-03-02T22:47:06","date_gmt":"2017-03-02T21:47:06","guid":{"rendered":"http:\/\/www.guayapi.com\/boutique\/?post_type=product&#038;p=1915"},"modified":"2026-01-02T10:20:49","modified_gmt":"2026-01-02T09:20:49","slug":"acai","status":"publish","type":"product","link":"https:\/\/www.guayapi.com\/boutique\/produit\/acai\/","title":{"rendered":"A\u00e7a\u00ef"},"content":{"rendered":"<p>Antioxydant, nutritif : riche en vitamine E, qui aide \u00e0 pr\u00e9server les cellules du stress oxydatif, et source de fer, potassium et magn\u00e9sium.<\/p>\n<p>Une d\u00e9licieuse poudre \u00e0 m\u00e9langer pour vos boissons : \u00e0 la saveur fruit\u00e9e et cacaot\u00e9e, l\u2019A\u00e7a\u00ef se boit tout au long de la journ\u00e9e et peut \u00e9galement \u00eatre utilis\u00e9 dans la confection de desserts.<\/p>\n<p>Origine\u00a0: Nord du Br\u00e9sil, r\u00e9gion de Belem, province du Para.<\/p>\n<p>Partie utilis\u00e9e\u00a0: fruits du palmier.<\/p>\n<p>Conseils d\u2019utilisation\u00a0: A saupoudrer sur les desserts, laitages, dans des boissons ou smoothies.<\/p>\n<p>Format\u00a0: bo\u00eete de 50 g de poudre.<\/p>\n<p>&nbsp;<\/p>\n<p>INFORMATION NUTRITIONNELLE POUR 100 GRAMMES<\/p>\n<p>Valeur \u00e9nerg\u00e9tique:<br \/>\nKcal 541,<br \/>\nKJ 2264<\/p>\n<p>Lipides: 54 g;<br \/>\nDont acides gras satur\u00e9s: 15 g<\/p>\n<p>Glucides: 32 g;<br \/>\nDont sucres: 3 g<\/p>\n<p>Prot\u00e9ines: 9,8 g<\/p>\n<p>Sel: 0,16 g<\/p>\n<p>Vitamine E: 12,7 mg (105,83% des VNR*)<br \/>\nFer: 3,8 mg (27,14% des VNR*)<br \/>\nPotassium: 715 mg (35,75 % des VNR*)<br \/>\nMagn\u00e9sium: 174 mg (46,40 % des VNR*)<br \/>\nOmega 9: 30,3 g<br \/>\nOmega 6: 5,1 g<br \/>\nPolyphenols: 3,29g<\/p>\n<p>*VNR: Valeur Nutritionnelle de R\u00e9f\u00e9rence<\/p>\n<p><span style=\"font-size: 8pt\"><em>PRODUIT ALIMENTAIRE. TENIR HORS DE PORT\u00c9E DES JEUNES ENFANTS. NE PEUT SE SUBSTITUER \u00c0 UN R\u00c9GIME ALIMENTAIRE VARI\u00c9, NI \u00c0 UN MODE DE VIE SAIN. \u00c0 CONSOMMER DE PR\u00c9F\u00c9RENCE AVANT FIN : VOIR AU FOND DE LA BO\u00ceTE<\/em><\/span><\/p>\n","protected":false},"excerpt":{"rendered":"<p>Baie Antioxydante et Nutritive<\/p>\n<p>D\u00e9licieuse poudre \u00e0 m\u00e9langer pour vos boissons, jus ou smoothies : \u00e0 la saveur fruit\u00e9e et cacaot\u00e9e, l\u2019A\u00e7a\u00ef est id\u00e9al pour commencer la journ\u00e9e pleine d&rsquo;\u00e9nergie !<\/p>\n<p>(330.00\u20ac \/kg)<\/p>\n","protected":false},"featured_media":43828,"template":"","meta":{"_acf_changed":false},"product_brand":[],"product_cat":[7],"product_tag":[17],"class_list":{"0":"post-1915","1":"product","2":"type-product","3":"status-publish","4":"has-post-thumbnail","6":"product_cat-super-aliments","7":"product_tag-sport","9":"first","10":"instock","11":"sale","12":"taxable","13":"shipping-taxable","14":"purchasable","15":"product-type-simple"},"acf":[],"yoast_head":"<title>A\u00e7a\u00ef - Guayapi<\/title>\n<meta name=\"robots\" content=\"index, follow, max-snippet:-1, max-image-preview:large, max-video-preview:-1\" \/>\n<link rel=\"canonical\" href=\"https:\/\/www.guayapi.com\/boutique\/produit\/acai\/\" \/>\n<meta property=\"og:locale\" content=\"fr_FR\" \/>\n<meta property=\"og:type\" content=\"article\" \/>\n<meta property=\"og:title\" content=\"A\u00e7a\u00ef - Guayapi\" \/>\n<meta property=\"og:description\" content=\"Baie Antioxydante et Nutritive  D\u00e9licieuse poudre \u00e0 m\u00e9langer pour vos boissons, jus ou smoothies : \u00e0 la saveur fruit\u00e9e et cacaot\u00e9e, l\u2019A\u00e7a\u00ef est id\u00e9al pour commencer la journ\u00e9e pleine d&#039;\u00e9nergie !  (330.00\u20ac \/kg)\" \/>\n<meta property=\"og:url\" content=\"https:\/\/www.guayapi.com\/boutique\/produit\/acai\/\" \/>\n<meta property=\"og:site_name\" content=\"Guayapi\" \/>\n<meta property=\"article:modified_time\" content=\"2026-01-02T09:20:49+00:00\" \/>\n<meta property=\"og:image\" content=\"https:\/\/www.guayapi.com\/boutique\/wp-content\/uploads\/2017\/03\/capture-d-ecran-2022-10-20-172947-removebg-preview.png\" \/>\n\t<meta property=\"og:image:width\" content=\"398\" \/>\n\t<meta property=\"og:image:height\" content=\"626\" \/>\n\t<meta property=\"og:image:type\" content=\"image\/png\" \/>\n<meta name=\"twitter:card\" content=\"summary_large_image\" \/>\n<meta name=\"twitter:label1\" content=\"Dur\u00e9e de lecture estim\u00e9e\" \/>\n\t<meta name=\"twitter:data1\" content=\"2 minutes\" \/>\n<script type=\"application\/ld+json\" class=\"yoast-schema-graph\">{\"@context\":\"https:\\\/\\\/schema.org\",\"@graph\":[{\"@type\":\"WebPage\",\"@id\":\"https:\\\/\\\/www.guayapi.com\\\/boutique\\\/produit\\\/acai\\\/\",\"url\":\"https:\\\/\\\/www.guayapi.com\\\/boutique\\\/produit\\\/acai\\\/\",\"name\":\"A\u00e7a\u00ef - Guayapi\",\"isPartOf\":{\"@id\":\"https:\\\/\\\/www.guayapi.com\\\/boutique\\\/#website\"},\"primaryImageOfPage\":{\"@id\":\"https:\\\/\\\/www.guayapi.com\\\/boutique\\\/produit\\\/acai\\\/#primaryimage\"},\"image\":{\"@id\":\"https:\\\/\\\/www.guayapi.com\\\/boutique\\\/produit\\\/acai\\\/#primaryimage\"},\"thumbnailUrl\":\"https:\\\/\\\/www.guayapi.com\\\/boutique\\\/wp-content\\\/uploads\\\/2017\\\/03\\\/capture-d-ecran-2022-10-20-172947-removebg-preview.png\",\"datePublished\":\"2017-03-02T21:47:06+00:00\",\"dateModified\":\"2026-01-02T09:20:49+00:00\",\"breadcrumb\":{\"@id\":\"https:\\\/\\\/www.guayapi.com\\\/boutique\\\/produit\\\/acai\\\/#breadcrumb\"},\"inLanguage\":\"fr-FR\",\"potentialAction\":[{\"@type\":\"ReadAction\",\"target\":[\"https:\\\/\\\/www.guayapi.com\\\/boutique\\\/produit\\\/acai\\\/\"]}]},{\"@type\":\"ImageObject\",\"inLanguage\":\"fr-FR\",\"@id\":\"https:\\\/\\\/www.guayapi.com\\\/boutique\\\/produit\\\/acai\\\/#primaryimage\",\"url\":\"https:\\\/\\\/www.guayapi.com\\\/boutique\\\/wp-content\\\/uploads\\\/2017\\\/03\\\/capture-d-ecran-2022-10-20-172947-removebg-preview.png\",\"contentUrl\":\"https:\\\/\\\/www.guayapi.com\\\/boutique\\\/wp-content\\\/uploads\\\/2017\\\/03\\\/capture-d-ecran-2022-10-20-172947-removebg-preview.png\",\"width\":398,\"height\":626},{\"@type\":\"BreadcrumbList\",\"@id\":\"https:\\\/\\\/www.guayapi.com\\\/boutique\\\/produit\\\/acai\\\/#breadcrumb\",\"itemListElement\":[{\"@type\":\"ListItem\",\"position\":1,\"name\":\"Accueil\",\"item\":\"https:\\\/\\\/www.guayapi.com\\\/boutique\\\/\"},{\"@type\":\"ListItem\",\"position\":2,\"name\":\"Boutique\",\"item\":\"https:\\\/\\\/www.guayapi.com\\\/boutique\\\/\"},{\"@type\":\"ListItem\",\"position\":3,\"name\":\"A\u00e7a\u00ef\"}]},{\"@type\":\"WebSite\",\"@id\":\"https:\\\/\\\/www.guayapi.com\\\/boutique\\\/#website\",\"url\":\"https:\\\/\\\/www.guayapi.com\\\/boutique\\\/\",\"name\":\"Guayapi\",\"description\":\"Super-aliments \u2022 \u00c9picerie fine \u2022 Cosm\u00e9tiques\",\"potentialAction\":[{\"@type\":\"SearchAction\",\"target\":{\"@type\":\"EntryPoint\",\"urlTemplate\":\"https:\\\/\\\/www.guayapi.com\\\/boutique\\\/?s={search_term_string}\"},\"query-input\":{\"@type\":\"PropertyValueSpecification\",\"valueRequired\":true,\"valueName\":\"search_term_string\"}}],\"inLanguage\":\"fr-FR\"}]}<\/script>","yoast_head_json":{"title":"A\u00e7a\u00ef - Guayapi","robots":{"index":"index","follow":"follow","max-snippet":"max-snippet:-1","max-image-preview":"max-image-preview:large","max-video-preview":"max-video-preview:-1"},"canonical":"https:\/\/www.guayapi.com\/boutique\/produit\/acai\/","og_locale":"fr_FR","og_type":"article","og_title":"A\u00e7a\u00ef - Guayapi","og_description":"Baie Antioxydante et Nutritive  D\u00e9licieuse poudre \u00e0 m\u00e9langer pour vos boissons, jus ou smoothies : \u00e0 la saveur fruit\u00e9e et cacaot\u00e9e, l\u2019A\u00e7a\u00ef est id\u00e9al pour commencer la journ\u00e9e pleine d'\u00e9nergie !  (330.00\u20ac \/kg)","og_url":"https:\/\/www.guayapi.com\/boutique\/produit\/acai\/","og_site_name":"Guayapi","article_modified_time":"2026-01-02T09:20:49+00:00","og_image":[{"width":398,"height":626,"url":"https:\/\/www.guayapi.com\/boutique\/wp-content\/uploads\/2017\/03\/capture-d-ecran-2022-10-20-172947-removebg-preview.png","type":"image\/png"}],"twitter_card":"summary_large_image","twitter_misc":{"Dur\u00e9e de lecture estim\u00e9e":"2 minutes"},"schema":{"@context":"https:\/\/schema.org","@graph":[{"@type":"WebPage","@id":"https:\/\/www.guayapi.com\/boutique\/produit\/acai\/","url":"https:\/\/www.guayapi.com\/boutique\/produit\/acai\/","name":"A\u00e7a\u00ef - Guayapi","isPartOf":{"@id":"https:\/\/www.guayapi.com\/boutique\/#website"},"primaryImageOfPage":{"@id":"https:\/\/www.guayapi.com\/boutique\/produit\/acai\/#primaryimage"},"image":{"@id":"https:\/\/www.guayapi.com\/boutique\/produit\/acai\/#primaryimage"},"thumbnailUrl":"https:\/\/www.guayapi.com\/boutique\/wp-content\/uploads\/2017\/03\/capture-d-ecran-2022-10-20-172947-removebg-preview.png","datePublished":"2017-03-02T21:47:06+00:00","dateModified":"2026-01-02T09:20:49+00:00","breadcrumb":{"@id":"https:\/\/www.guayapi.com\/boutique\/produit\/acai\/#breadcrumb"},"inLanguage":"fr-FR","potentialAction":[{"@type":"ReadAction","target":["https:\/\/www.guayapi.com\/boutique\/produit\/acai\/"]}]},{"@type":"ImageObject","inLanguage":"fr-FR","@id":"https:\/\/www.guayapi.com\/boutique\/produit\/acai\/#primaryimage","url":"https:\/\/www.guayapi.com\/boutique\/wp-content\/uploads\/2017\/03\/capture-d-ecran-2022-10-20-172947-removebg-preview.png","contentUrl":"https:\/\/www.guayapi.com\/boutique\/wp-content\/uploads\/2017\/03\/capture-d-ecran-2022-10-20-172947-removebg-preview.png","width":398,"height":626},{"@type":"BreadcrumbList","@id":"https:\/\/www.guayapi.com\/boutique\/produit\/acai\/#breadcrumb","itemListElement":[{"@type":"ListItem","position":1,"name":"Accueil","item":"https:\/\/www.guayapi.com\/boutique\/"},{"@type":"ListItem","position":2,"name":"Boutique","item":"https:\/\/www.guayapi.com\/boutique\/"},{"@type":"ListItem","position":3,"name":"A\u00e7a\u00ef"}]},{"@type":"WebSite","@id":"https:\/\/www.guayapi.com\/boutique\/#website","url":"https:\/\/www.guayapi.com\/boutique\/","name":"Guayapi","description":"Super-aliments \u2022 \u00c9picerie fine \u2022 Cosm\u00e9tiques","potentialAction":[{"@type":"SearchAction","target":{"@type":"EntryPoint","urlTemplate":"https:\/\/www.guayapi.com\/boutique\/?s={search_term_string}"},"query-input":{"@type":"PropertyValueSpecification","valueRequired":true,"valueName":"search_term_string"}}],"inLanguage":"fr-FR"}]}},"_links":{"self":[{"href":"https:\/\/www.guayapi.com\/boutique\/wp-json\/wp\/v2\/product\/1915","targetHints":{"allow":["GET"]}}],"collection":[{"href":"https:\/\/www.guayapi.com\/boutique\/wp-json\/wp\/v2\/product"}],"about":[{"href":"https:\/\/www.guayapi.com\/boutique\/wp-json\/wp\/v2\/types\/product"}],"wp:featuredmedia":[{"embeddable":true,"href":"https:\/\/www.guayapi.com\/boutique\/wp-json\/wp\/v2\/media\/43828"}],"wp:attachment":[{"href":"https:\/\/www.guayapi.com\/boutique\/wp-json\/wp\/v2\/media?parent=1915"}],"wp:term":[{"taxonomy":"product_brand","embeddable":true,"href":"https:\/\/www.guayapi.com\/boutique\/wp-json\/wp\/v2\/product_brand?post=1915"},{"taxonomy":"product_cat","embeddable":true,"href":"https:\/\/www.guayapi.com\/boutique\/wp-json\/wp\/v2\/product_cat?post=1915"},{"taxonomy":"product_tag","embeddable":true,"href":"https:\/\/www.guayapi.com\/boutique\/wp-json\/wp\/v2\/product_tag?post=1915"}],"curies":[{"name":"wp","href":"https:\/\/api.w.org\/{rel}","templated":true}]}}