{"id":1918,"date":"2017-03-03T00:51:07","date_gmt":"2017-03-02T23:51:07","guid":{"rendered":"http:\/\/www.guayapi.com\/boutique\/?post_type=product&#038;p=1918"},"modified":"2026-01-02T10:45:24","modified_gmt":"2026-01-02T09:45:24","slug":"baccharis","status":"publish","type":"product","link":"https:\/\/www.guayapi.com\/boutique\/produit\/baccharis\/","title":{"rendered":"Baccharis Poudre &#8211; Jaguar&rsquo;ete Ka&rsquo;a &#8211; Carqueja des Terres d&rsquo;Origine"},"content":{"rendered":"<p>Origine : Amazonie du Br\u00e9sil et Paraguay, de cueillette sauvage.<\/p>\n<p>Le Baccharis (<em>Baccharis trimera<\/em>\u00a0de son nom scientifique) est une plante connue dans la pharmacop\u00e9e des Indiens Guarani du Paraguay et traditionnelle du Br\u00e9sil depuis des mill\u00e9naires. Au Paraguay, elle est souvent associ\u00e9e au Mat\u00e9, en infusion, pour ses multiples vertus. Au Paraguay elle est appel\u00e9e\u00a0<em>Jaguar\u2019ete Ka\u2019a<\/em>, signifiant la plante du grand jaguar, et\u00a0<em>Carqueja<\/em>\u00a0au Br\u00e9sil. R\u00e9f\u00e9rez-vous aux bibliographies existantes pour en savoir plus.<\/p>\n<p>Partie utilis\u00e9e\u00a0: partie haute des tiges et des feuilles de la plante.<\/p>\n<p>Conseils d\u2019utilisation : 1 cc le matin et le midi avant les repas. A diluer dans une boisson froide. Cure de 3 semaines \u00e0 renouveler. A associer au Tecoma et au Mat\u00e9 pour b\u00e9n\u00e9ficier du meilleur des plantes.<\/p>\n<p><iframe title=\"\ud83c\udf42 Quels Superaliments pour les changements de saison ? \u2728#guayapi #detox #instagood\" width=\"422\" height=\"750\" src=\"https:\/\/www.youtube-nocookie.com\/embed\/kV8EaDSuBu4?feature=oembed\" frameborder=\"0\" allow=\"accelerometer; autoplay; clipboard-write; encrypted-media; gyroscope; picture-in-picture; web-share\" referrerpolicy=\"strict-origin-when-cross-origin\" allowfullscreen><\/iframe><\/p>\n<p>INFORMATION NUTRITIONNELLE POUR 100 GRAMMES<\/p>\n<p>Valeur \u00e9nerg\u00e9tique:<br \/>\nKcal 359,<br \/>\nKJ 1525<\/p>\n<p>Lipides: 1,7 g;<br \/>\nDont acides gras satur\u00e9s: 1,1 g<\/p>\n<p>Glucides: 77,6;<br \/>\nDont sucres: 0,7 g<\/p>\n<p>Prot\u00e9ines: 8,4 g<\/p>\n<p>Sel: 0,01 g<\/p>\n<p>&nbsp;<\/p>\n<p>INFORMATIONS NUTRITIONNELLES PAR PORTION DE\u00a0 2 GRAMMES (2 CUILL\u00c8RES \u00c0 CAF\u00c9):<\/p>\n<p>Valeur \u00e9nerg\u00e9tique:<br \/>\nKcal 7,18,<br \/>\nKJ 30,5<\/p>\n<p>Lipides: 0,03 g;<br \/>\nDont acides gras satur\u00e9s: 0,02 g<\/p>\n<p>Glucides: 1,55;<br \/>\nDont sucres: 0,01 g<\/p>\n<p>Prot\u00e9ines: 0,17 g<\/p>\n<p>Sel: 0 g<\/p>\n<p><span style=\"font-size: 8pt\"><em>COMPL\u00c9MENT ALIMENTAIRE. TENIR HORS DE PORT\u00c9E DES JEUNES ENFANTS. NE PEUT SE SUBSTITUER \u00c0 UN R\u00c9GIME ALIMENTAIRE VARI\u00c9, NI \u00c0 UN MODE DE VIE SAIN. \u00c0 CONSOMMER DE PR\u00c9F\u00c9RENCE AVANT FIN : VOIR AU FOND DE LA BO\u00ceTE.<\/em><\/span><\/p>\n","protected":false},"excerpt":{"rendered":"<p>Le Baccharis (<em>Baccharis trimera<\/em>\u00a0de son nom scientifique) est une plante connue dans la pharmacop\u00e9e des Indiens Guarani du Paraguay et traditionnelle du Br\u00e9sil depuis des mill\u00e9naires.<\/p>\n<p>Origine : Amazonie du Br\u00e9sil et Paraguay, de cueillette sauvage.<\/p>\n<p>Ses noms traditionnels sont <em>Jaguar&rsquo;ete Ka&rsquo;a <\/em>au Paraguay et\u00a0Carqueja au Br\u00e9sil.<\/p>\n<p>(416.00\u20ac\/kg)<\/p>\n","protected":false},"featured_media":43767,"template":"","meta":{"_acf_changed":false},"product_brand":[],"product_cat":[7],"product_tag":[493],"class_list":{"0":"post-1918","1":"product","2":"type-product","3":"status-publish","4":"has-post-thumbnail","6":"product_cat-super-aliments","7":"product_tag-changement-de-saison-fr","9":"first","10":"instock","11":"taxable","12":"shipping-taxable","13":"purchasable","14":"product-type-simple"},"acf":[],"yoast_head":"<title>Baccharis Poudre - Jaguar&#039;ete Ka&#039;a - Carqueja des Terres d&#039;Origine - Guayapi<\/title>\n<meta name=\"robots\" content=\"index, follow, max-snippet:-1, max-image-preview:large, max-video-preview:-1\" \/>\n<link rel=\"canonical\" href=\"https:\/\/www.guayapi.com\/boutique\/produit\/baccharis\/\" \/>\n<meta property=\"og:locale\" content=\"fr_FR\" \/>\n<meta property=\"og:type\" content=\"article\" \/>\n<meta property=\"og:title\" content=\"Baccharis Poudre - Jaguar&#039;ete Ka&#039;a - Carqueja des Terres d&#039;Origine - Guayapi\" \/>\n<meta property=\"og:description\" content=\"Le Baccharis (Baccharis trimera\u00a0de son nom scientifique) est une plante connue dans la pharmacop\u00e9e des Indiens Guarani du Paraguay et traditionnelle du Br\u00e9sil depuis des mill\u00e9naires.  Origine : Amazonie du Br\u00e9sil et Paraguay, de cueillette sauvage.  Ses noms traditionnels sont Jaguar&#039;ete Ka&#039;a au Paraguay et\u00a0Carqueja au Br\u00e9sil.  (416.00\u20ac\/kg)\" \/>\n<meta property=\"og:url\" content=\"https:\/\/www.guayapi.com\/boutique\/produit\/baccharis\/\" \/>\n<meta property=\"og:site_name\" content=\"Guayapi\" \/>\n<meta property=\"article:modified_time\" content=\"2026-01-02T09:45:24+00:00\" \/>\n<meta property=\"og:image\" content=\"https:\/\/www.guayapi.com\/boutique\/wp-content\/uploads\/2017\/03\/guayapi-baccharis-poudre-e1666175987469.png\" \/>\n\t<meta property=\"og:image:width\" content=\"246\" \/>\n\t<meta property=\"og:image:height\" content=\"347\" \/>\n\t<meta property=\"og:image:type\" content=\"image\/png\" \/>\n<meta name=\"twitter:card\" content=\"summary_large_image\" \/>\n<meta name=\"twitter:label1\" content=\"Dur\u00e9e de lecture estim\u00e9e\" \/>\n\t<meta name=\"twitter:data1\" content=\"2 minutes\" \/>\n<script type=\"application\/ld+json\" class=\"yoast-schema-graph\">{\"@context\":\"https:\\\/\\\/schema.org\",\"@graph\":[{\"@type\":\"WebPage\",\"@id\":\"https:\\\/\\\/www.guayapi.com\\\/boutique\\\/produit\\\/baccharis\\\/\",\"url\":\"https:\\\/\\\/www.guayapi.com\\\/boutique\\\/produit\\\/baccharis\\\/\",\"name\":\"Baccharis Poudre - Jaguar'ete Ka'a - Carqueja des Terres d'Origine - Guayapi\",\"isPartOf\":{\"@id\":\"https:\\\/\\\/www.guayapi.com\\\/boutique\\\/#website\"},\"primaryImageOfPage\":{\"@id\":\"https:\\\/\\\/www.guayapi.com\\\/boutique\\\/produit\\\/baccharis\\\/#primaryimage\"},\"image\":{\"@id\":\"https:\\\/\\\/www.guayapi.com\\\/boutique\\\/produit\\\/baccharis\\\/#primaryimage\"},\"thumbnailUrl\":\"https:\\\/\\\/www.guayapi.com\\\/boutique\\\/wp-content\\\/uploads\\\/2017\\\/03\\\/guayapi-baccharis-poudre-e1666175987469.png\",\"datePublished\":\"2017-03-02T23:51:07+00:00\",\"dateModified\":\"2026-01-02T09:45:24+00:00\",\"breadcrumb\":{\"@id\":\"https:\\\/\\\/www.guayapi.com\\\/boutique\\\/produit\\\/baccharis\\\/#breadcrumb\"},\"inLanguage\":\"fr-FR\",\"potentialAction\":[{\"@type\":\"ReadAction\",\"target\":[\"https:\\\/\\\/www.guayapi.com\\\/boutique\\\/produit\\\/baccharis\\\/\"]}]},{\"@type\":\"ImageObject\",\"inLanguage\":\"fr-FR\",\"@id\":\"https:\\\/\\\/www.guayapi.com\\\/boutique\\\/produit\\\/baccharis\\\/#primaryimage\",\"url\":\"https:\\\/\\\/www.guayapi.com\\\/boutique\\\/wp-content\\\/uploads\\\/2017\\\/03\\\/guayapi-baccharis-poudre-e1666175987469.png\",\"contentUrl\":\"https:\\\/\\\/www.guayapi.com\\\/boutique\\\/wp-content\\\/uploads\\\/2017\\\/03\\\/guayapi-baccharis-poudre-e1666175987469.png\",\"width\":246,\"height\":347},{\"@type\":\"BreadcrumbList\",\"@id\":\"https:\\\/\\\/www.guayapi.com\\\/boutique\\\/produit\\\/baccharis\\\/#breadcrumb\",\"itemListElement\":[{\"@type\":\"ListItem\",\"position\":1,\"name\":\"Accueil\",\"item\":\"https:\\\/\\\/www.guayapi.com\\\/boutique\\\/\"},{\"@type\":\"ListItem\",\"position\":2,\"name\":\"Boutique\",\"item\":\"https:\\\/\\\/www.guayapi.com\\\/boutique\\\/\"},{\"@type\":\"ListItem\",\"position\":3,\"name\":\"Baccharis Poudre &#8211; Jaguar&rsquo;ete Ka&rsquo;a &#8211; Carqueja des Terres d&rsquo;Origine\"}]},{\"@type\":\"WebSite\",\"@id\":\"https:\\\/\\\/www.guayapi.com\\\/boutique\\\/#website\",\"url\":\"https:\\\/\\\/www.guayapi.com\\\/boutique\\\/\",\"name\":\"Guayapi\",\"description\":\"Super-aliments \u2022 \u00c9picerie fine \u2022 Cosm\u00e9tiques\",\"potentialAction\":[{\"@type\":\"SearchAction\",\"target\":{\"@type\":\"EntryPoint\",\"urlTemplate\":\"https:\\\/\\\/www.guayapi.com\\\/boutique\\\/?s={search_term_string}\"},\"query-input\":{\"@type\":\"PropertyValueSpecification\",\"valueRequired\":true,\"valueName\":\"search_term_string\"}}],\"inLanguage\":\"fr-FR\"}]}<\/script>","yoast_head_json":{"title":"Baccharis Poudre - Jaguar'ete Ka'a - Carqueja des Terres d'Origine - Guayapi","robots":{"index":"index","follow":"follow","max-snippet":"max-snippet:-1","max-image-preview":"max-image-preview:large","max-video-preview":"max-video-preview:-1"},"canonical":"https:\/\/www.guayapi.com\/boutique\/produit\/baccharis\/","og_locale":"fr_FR","og_type":"article","og_title":"Baccharis Poudre - Jaguar'ete Ka'a - Carqueja des Terres d'Origine - Guayapi","og_description":"Le Baccharis (Baccharis trimera\u00a0de son nom scientifique) est une plante connue dans la pharmacop\u00e9e des Indiens Guarani du Paraguay et traditionnelle du Br\u00e9sil depuis des mill\u00e9naires.  Origine : Amazonie du Br\u00e9sil et Paraguay, de cueillette sauvage.  Ses noms traditionnels sont Jaguar'ete Ka'a au Paraguay et\u00a0Carqueja au Br\u00e9sil.  (416.00\u20ac\/kg)","og_url":"https:\/\/www.guayapi.com\/boutique\/produit\/baccharis\/","og_site_name":"Guayapi","article_modified_time":"2026-01-02T09:45:24+00:00","og_image":[{"width":246,"height":347,"url":"https:\/\/www.guayapi.com\/boutique\/wp-content\/uploads\/2017\/03\/guayapi-baccharis-poudre-e1666175987469.png","type":"image\/png"}],"twitter_card":"summary_large_image","twitter_misc":{"Dur\u00e9e de lecture estim\u00e9e":"2 minutes"},"schema":{"@context":"https:\/\/schema.org","@graph":[{"@type":"WebPage","@id":"https:\/\/www.guayapi.com\/boutique\/produit\/baccharis\/","url":"https:\/\/www.guayapi.com\/boutique\/produit\/baccharis\/","name":"Baccharis Poudre - Jaguar'ete Ka'a - Carqueja des Terres d'Origine - Guayapi","isPartOf":{"@id":"https:\/\/www.guayapi.com\/boutique\/#website"},"primaryImageOfPage":{"@id":"https:\/\/www.guayapi.com\/boutique\/produit\/baccharis\/#primaryimage"},"image":{"@id":"https:\/\/www.guayapi.com\/boutique\/produit\/baccharis\/#primaryimage"},"thumbnailUrl":"https:\/\/www.guayapi.com\/boutique\/wp-content\/uploads\/2017\/03\/guayapi-baccharis-poudre-e1666175987469.png","datePublished":"2017-03-02T23:51:07+00:00","dateModified":"2026-01-02T09:45:24+00:00","breadcrumb":{"@id":"https:\/\/www.guayapi.com\/boutique\/produit\/baccharis\/#breadcrumb"},"inLanguage":"fr-FR","potentialAction":[{"@type":"ReadAction","target":["https:\/\/www.guayapi.com\/boutique\/produit\/baccharis\/"]}]},{"@type":"ImageObject","inLanguage":"fr-FR","@id":"https:\/\/www.guayapi.com\/boutique\/produit\/baccharis\/#primaryimage","url":"https:\/\/www.guayapi.com\/boutique\/wp-content\/uploads\/2017\/03\/guayapi-baccharis-poudre-e1666175987469.png","contentUrl":"https:\/\/www.guayapi.com\/boutique\/wp-content\/uploads\/2017\/03\/guayapi-baccharis-poudre-e1666175987469.png","width":246,"height":347},{"@type":"BreadcrumbList","@id":"https:\/\/www.guayapi.com\/boutique\/produit\/baccharis\/#breadcrumb","itemListElement":[{"@type":"ListItem","position":1,"name":"Accueil","item":"https:\/\/www.guayapi.com\/boutique\/"},{"@type":"ListItem","position":2,"name":"Boutique","item":"https:\/\/www.guayapi.com\/boutique\/"},{"@type":"ListItem","position":3,"name":"Baccharis Poudre &#8211; Jaguar&rsquo;ete Ka&rsquo;a &#8211; Carqueja des Terres d&rsquo;Origine"}]},{"@type":"WebSite","@id":"https:\/\/www.guayapi.com\/boutique\/#website","url":"https:\/\/www.guayapi.com\/boutique\/","name":"Guayapi","description":"Super-aliments \u2022 \u00c9picerie fine \u2022 Cosm\u00e9tiques","potentialAction":[{"@type":"SearchAction","target":{"@type":"EntryPoint","urlTemplate":"https:\/\/www.guayapi.com\/boutique\/?s={search_term_string}"},"query-input":{"@type":"PropertyValueSpecification","valueRequired":true,"valueName":"search_term_string"}}],"inLanguage":"fr-FR"}]}},"_links":{"self":[{"href":"https:\/\/www.guayapi.com\/boutique\/wp-json\/wp\/v2\/product\/1918","targetHints":{"allow":["GET"]}}],"collection":[{"href":"https:\/\/www.guayapi.com\/boutique\/wp-json\/wp\/v2\/product"}],"about":[{"href":"https:\/\/www.guayapi.com\/boutique\/wp-json\/wp\/v2\/types\/product"}],"wp:featuredmedia":[{"embeddable":true,"href":"https:\/\/www.guayapi.com\/boutique\/wp-json\/wp\/v2\/media\/43767"}],"wp:attachment":[{"href":"https:\/\/www.guayapi.com\/boutique\/wp-json\/wp\/v2\/media?parent=1918"}],"wp:term":[{"taxonomy":"product_brand","embeddable":true,"href":"https:\/\/www.guayapi.com\/boutique\/wp-json\/wp\/v2\/product_brand?post=1918"},{"taxonomy":"product_cat","embeddable":true,"href":"https:\/\/www.guayapi.com\/boutique\/wp-json\/wp\/v2\/product_cat?post=1918"},{"taxonomy":"product_tag","embeddable":true,"href":"https:\/\/www.guayapi.com\/boutique\/wp-json\/wp\/v2\/product_tag?post=1918"}],"curies":[{"name":"wp","href":"https:\/\/api.w.org\/{rel}","templated":true}]}}