{"id":1920,"date":"2017-03-03T00:52:52","date_gmt":"2017-03-02T23:52:52","guid":{"rendered":"http:\/\/www.guayapi.com\/boutique\/?post_type=product&#038;p=1920"},"modified":"2026-01-02T10:43:52","modified_gmt":"2026-01-02T09:43:52","slug":"baccharis-2","status":"publish","type":"product","link":"https:\/\/www.guayapi.com\/boutique\/produit\/baccharis-2\/","title":{"rendered":"Baccharis G\u00e9lules"},"content":{"rendered":"<p>\u00ab\u00a0L\u2019herbe du grand jaguar\u00a0\u00bb<\/p>\n<p>Origine\u00a0: Amazonie Br\u00e9silienne, de cueillette sauvage.<\/p>\n<p>Partie utilis\u00e9e\u00a0: partie haute des tiges et des feuilles de la plante.<\/p>\n<p>Conseils d\u2019utilisation :\u00a0 2 g\u00e9lules le matin et le midi avant les repas. A diluer dans une boisson froide. Cure de 3 semaines \u00e0 renouveler. A associer au Tecoma pour b\u00e9n\u00e9ficier du meilleur des plantes.<\/p>\n<p><iframe title=\"\ud83c\udf42 Quels Superaliments pour les changements de saison ? \u2728#guayapi #detox #instagood\" width=\"422\" height=\"750\" src=\"https:\/\/www.youtube-nocookie.com\/embed\/kV8EaDSuBu4?feature=oembed\" frameborder=\"0\" allow=\"accelerometer; autoplay; clipboard-write; encrypted-media; gyroscope; picture-in-picture; web-share\" referrerpolicy=\"strict-origin-when-cross-origin\" allowfullscreen><\/iframe><\/p>\n<p>INFORMATION NUTRITIONNELLE POUR 100 GRAMMES<\/p>\n<p>Valeur \u00e9nerg\u00e9tique:<br \/>\nKcal 359,<br \/>\nKJ 1525<\/p>\n<p>Lipides: 1,7 g;<br \/>\nDont acides gras satur\u00e9s: 1,1 g<\/p>\n<p>Glucides: 77,6;<br \/>\nDont sucres: 0,7 g<\/p>\n<p>Prot\u00e9ines: 8,4 g<\/p>\n<p>Sel: 0,01 g<\/p>\n<p>&nbsp;<\/p>\n<p>INFORMATION NUTRITIONNELLE PAR PORTION DE 4 G\u00c9LULES (SOIT\u00a0 1 GRAMME)<\/p>\n<p>Valeur \u00e9nerg\u00e9tique:<br \/>\nKcal 3,59,<br \/>\nKJ 15,25<\/p>\n<p>Lipides: 0,02 g;<br \/>\nDont acides gras satur\u00e9s: 0,01 g<\/p>\n<p>Glucides: 0,78 g;<br \/>\nDont sucres: 0,01 g<\/p>\n<p>Prot\u00e9ines: 0,08 g<\/p>\n<p>Sel: 0 g<\/p>\n<p>&nbsp;<\/p>\n<p><em><span style=\"font-size: 8pt\">COMPL\u00c9MENT ALIMENTAIRE. TENIR HORS DE PORT\u00c9E DES JEUNES ENFANTS. NE PEUT SE SUBSTITUER \u00c0 UN R\u00c9GIME ALIMENTAIRE VARI\u00c9, NI \u00c0 UN MODE DE VIE SAIN. \u00c0 CONSOMMER DE PR\u00c9F\u00c9RENCE AVANT FIN : VOIR AU FOND DE LA BO\u00ceTE<\/span>.<\/em><\/p>\n","protected":false},"excerpt":{"rendered":"<p>\u00ab\u00a0L\u2019herbe du grand jaguar\u00a0\u00bb<\/p>\n<p>Origine\u00a0: Amazonie Br\u00e9silienne, de cueillette sauvage.<\/p>\n<p>Carqueja des Terres d&rsquo;Origine<\/p>\n<p>(968,88\u20ac\/kg)<\/p>\n","protected":false},"featured_media":35023,"template":"","meta":{"_acf_changed":false},"product_brand":[],"product_cat":[7],"product_tag":[493],"class_list":{"0":"post-1920","1":"product","2":"type-product","3":"status-publish","4":"has-post-thumbnail","6":"product_cat-super-aliments","7":"product_tag-changement-de-saison-fr","9":"first","10":"outofstock","11":"taxable","12":"shipping-taxable","13":"purchasable","14":"product-type-simple"},"acf":[],"yoast_head":"<title>Baccharis G\u00e9lules - Guayapi<\/title>\n<meta name=\"robots\" content=\"index, follow, max-snippet:-1, max-image-preview:large, max-video-preview:-1\" \/>\n<link rel=\"canonical\" href=\"https:\/\/www.guayapi.com\/boutique\/produit\/baccharis-2\/\" \/>\n<meta property=\"og:locale\" content=\"fr_FR\" \/>\n<meta property=\"og:type\" content=\"article\" \/>\n<meta property=\"og:title\" content=\"Baccharis G\u00e9lules - Guayapi\" \/>\n<meta property=\"og:description\" content=\"\u00ab\u00a0L\u2019herbe du grand jaguar\u00a0\u00bb  Origine\u00a0: Amazonie Br\u00e9silienne, de cueillette sauvage.  Carqueja des Terres d&#039;Origine  (968,88\u20ac\/kg)\" \/>\n<meta property=\"og:url\" content=\"https:\/\/www.guayapi.com\/boutique\/produit\/baccharis-2\/\" \/>\n<meta property=\"og:site_name\" content=\"Guayapi\" \/>\n<meta property=\"article:modified_time\" content=\"2026-01-02T09:43:52+00:00\" \/>\n<meta property=\"og:image\" content=\"https:\/\/www.guayapi.com\/boutique\/wp-content\/uploads\/2020\/04\/5f73b783-9b4f-4d36-b2a1-63566f0210d7-removebg-preview-e1638799895370.png\" \/>\n\t<meta property=\"og:image:width\" content=\"213\" \/>\n\t<meta property=\"og:image:height\" content=\"361\" \/>\n\t<meta property=\"og:image:type\" content=\"image\/png\" \/>\n<meta name=\"twitter:card\" content=\"summary_large_image\" \/>\n<meta name=\"twitter:label1\" content=\"Dur\u00e9e de lecture estim\u00e9e\" \/>\n\t<meta name=\"twitter:data1\" content=\"2 minutes\" \/>\n<script type=\"application\/ld+json\" class=\"yoast-schema-graph\">{\"@context\":\"https:\\\/\\\/schema.org\",\"@graph\":[{\"@type\":\"WebPage\",\"@id\":\"https:\\\/\\\/www.guayapi.com\\\/boutique\\\/produit\\\/baccharis-2\\\/\",\"url\":\"https:\\\/\\\/www.guayapi.com\\\/boutique\\\/produit\\\/baccharis-2\\\/\",\"name\":\"Baccharis G\u00e9lules - Guayapi\",\"isPartOf\":{\"@id\":\"https:\\\/\\\/www.guayapi.com\\\/boutique\\\/#website\"},\"primaryImageOfPage\":{\"@id\":\"https:\\\/\\\/www.guayapi.com\\\/boutique\\\/produit\\\/baccharis-2\\\/#primaryimage\"},\"image\":{\"@id\":\"https:\\\/\\\/www.guayapi.com\\\/boutique\\\/produit\\\/baccharis-2\\\/#primaryimage\"},\"thumbnailUrl\":\"https:\\\/\\\/www.guayapi.com\\\/boutique\\\/wp-content\\\/uploads\\\/2020\\\/04\\\/5f73b783-9b4f-4d36-b2a1-63566f0210d7-removebg-preview-e1638799895370.png\",\"datePublished\":\"2017-03-02T23:52:52+00:00\",\"dateModified\":\"2026-01-02T09:43:52+00:00\",\"breadcrumb\":{\"@id\":\"https:\\\/\\\/www.guayapi.com\\\/boutique\\\/produit\\\/baccharis-2\\\/#breadcrumb\"},\"inLanguage\":\"fr-FR\",\"potentialAction\":[{\"@type\":\"ReadAction\",\"target\":[\"https:\\\/\\\/www.guayapi.com\\\/boutique\\\/produit\\\/baccharis-2\\\/\"]}]},{\"@type\":\"ImageObject\",\"inLanguage\":\"fr-FR\",\"@id\":\"https:\\\/\\\/www.guayapi.com\\\/boutique\\\/produit\\\/baccharis-2\\\/#primaryimage\",\"url\":\"https:\\\/\\\/www.guayapi.com\\\/boutique\\\/wp-content\\\/uploads\\\/2020\\\/04\\\/5f73b783-9b4f-4d36-b2a1-63566f0210d7-removebg-preview-e1638799895370.png\",\"contentUrl\":\"https:\\\/\\\/www.guayapi.com\\\/boutique\\\/wp-content\\\/uploads\\\/2020\\\/04\\\/5f73b783-9b4f-4d36-b2a1-63566f0210d7-removebg-preview-e1638799895370.png\",\"width\":213,\"height\":361},{\"@type\":\"BreadcrumbList\",\"@id\":\"https:\\\/\\\/www.guayapi.com\\\/boutique\\\/produit\\\/baccharis-2\\\/#breadcrumb\",\"itemListElement\":[{\"@type\":\"ListItem\",\"position\":1,\"name\":\"Accueil\",\"item\":\"https:\\\/\\\/www.guayapi.com\\\/boutique\\\/\"},{\"@type\":\"ListItem\",\"position\":2,\"name\":\"Boutique\",\"item\":\"https:\\\/\\\/www.guayapi.com\\\/boutique\\\/\"},{\"@type\":\"ListItem\",\"position\":3,\"name\":\"Baccharis G\u00e9lules\"}]},{\"@type\":\"WebSite\",\"@id\":\"https:\\\/\\\/www.guayapi.com\\\/boutique\\\/#website\",\"url\":\"https:\\\/\\\/www.guayapi.com\\\/boutique\\\/\",\"name\":\"Guayapi\",\"description\":\"Super-aliments \u2022 \u00c9picerie fine \u2022 Cosm\u00e9tiques\",\"potentialAction\":[{\"@type\":\"SearchAction\",\"target\":{\"@type\":\"EntryPoint\",\"urlTemplate\":\"https:\\\/\\\/www.guayapi.com\\\/boutique\\\/?s={search_term_string}\"},\"query-input\":{\"@type\":\"PropertyValueSpecification\",\"valueRequired\":true,\"valueName\":\"search_term_string\"}}],\"inLanguage\":\"fr-FR\"}]}<\/script>","yoast_head_json":{"title":"Baccharis G\u00e9lules - Guayapi","robots":{"index":"index","follow":"follow","max-snippet":"max-snippet:-1","max-image-preview":"max-image-preview:large","max-video-preview":"max-video-preview:-1"},"canonical":"https:\/\/www.guayapi.com\/boutique\/produit\/baccharis-2\/","og_locale":"fr_FR","og_type":"article","og_title":"Baccharis G\u00e9lules - Guayapi","og_description":"\u00ab\u00a0L\u2019herbe du grand jaguar\u00a0\u00bb  Origine\u00a0: Amazonie Br\u00e9silienne, de cueillette sauvage.  Carqueja des Terres d'Origine  (968,88\u20ac\/kg)","og_url":"https:\/\/www.guayapi.com\/boutique\/produit\/baccharis-2\/","og_site_name":"Guayapi","article_modified_time":"2026-01-02T09:43:52+00:00","og_image":[{"width":213,"height":361,"url":"https:\/\/www.guayapi.com\/boutique\/wp-content\/uploads\/2020\/04\/5f73b783-9b4f-4d36-b2a1-63566f0210d7-removebg-preview-e1638799895370.png","type":"image\/png"}],"twitter_card":"summary_large_image","twitter_misc":{"Dur\u00e9e de lecture estim\u00e9e":"2 minutes"},"schema":{"@context":"https:\/\/schema.org","@graph":[{"@type":"WebPage","@id":"https:\/\/www.guayapi.com\/boutique\/produit\/baccharis-2\/","url":"https:\/\/www.guayapi.com\/boutique\/produit\/baccharis-2\/","name":"Baccharis G\u00e9lules - Guayapi","isPartOf":{"@id":"https:\/\/www.guayapi.com\/boutique\/#website"},"primaryImageOfPage":{"@id":"https:\/\/www.guayapi.com\/boutique\/produit\/baccharis-2\/#primaryimage"},"image":{"@id":"https:\/\/www.guayapi.com\/boutique\/produit\/baccharis-2\/#primaryimage"},"thumbnailUrl":"https:\/\/www.guayapi.com\/boutique\/wp-content\/uploads\/2020\/04\/5f73b783-9b4f-4d36-b2a1-63566f0210d7-removebg-preview-e1638799895370.png","datePublished":"2017-03-02T23:52:52+00:00","dateModified":"2026-01-02T09:43:52+00:00","breadcrumb":{"@id":"https:\/\/www.guayapi.com\/boutique\/produit\/baccharis-2\/#breadcrumb"},"inLanguage":"fr-FR","potentialAction":[{"@type":"ReadAction","target":["https:\/\/www.guayapi.com\/boutique\/produit\/baccharis-2\/"]}]},{"@type":"ImageObject","inLanguage":"fr-FR","@id":"https:\/\/www.guayapi.com\/boutique\/produit\/baccharis-2\/#primaryimage","url":"https:\/\/www.guayapi.com\/boutique\/wp-content\/uploads\/2020\/04\/5f73b783-9b4f-4d36-b2a1-63566f0210d7-removebg-preview-e1638799895370.png","contentUrl":"https:\/\/www.guayapi.com\/boutique\/wp-content\/uploads\/2020\/04\/5f73b783-9b4f-4d36-b2a1-63566f0210d7-removebg-preview-e1638799895370.png","width":213,"height":361},{"@type":"BreadcrumbList","@id":"https:\/\/www.guayapi.com\/boutique\/produit\/baccharis-2\/#breadcrumb","itemListElement":[{"@type":"ListItem","position":1,"name":"Accueil","item":"https:\/\/www.guayapi.com\/boutique\/"},{"@type":"ListItem","position":2,"name":"Boutique","item":"https:\/\/www.guayapi.com\/boutique\/"},{"@type":"ListItem","position":3,"name":"Baccharis G\u00e9lules"}]},{"@type":"WebSite","@id":"https:\/\/www.guayapi.com\/boutique\/#website","url":"https:\/\/www.guayapi.com\/boutique\/","name":"Guayapi","description":"Super-aliments \u2022 \u00c9picerie fine \u2022 Cosm\u00e9tiques","potentialAction":[{"@type":"SearchAction","target":{"@type":"EntryPoint","urlTemplate":"https:\/\/www.guayapi.com\/boutique\/?s={search_term_string}"},"query-input":{"@type":"PropertyValueSpecification","valueRequired":true,"valueName":"search_term_string"}}],"inLanguage":"fr-FR"}]}},"_links":{"self":[{"href":"https:\/\/www.guayapi.com\/boutique\/wp-json\/wp\/v2\/product\/1920","targetHints":{"allow":["GET"]}}],"collection":[{"href":"https:\/\/www.guayapi.com\/boutique\/wp-json\/wp\/v2\/product"}],"about":[{"href":"https:\/\/www.guayapi.com\/boutique\/wp-json\/wp\/v2\/types\/product"}],"wp:featuredmedia":[{"embeddable":true,"href":"https:\/\/www.guayapi.com\/boutique\/wp-json\/wp\/v2\/media\/35023"}],"wp:attachment":[{"href":"https:\/\/www.guayapi.com\/boutique\/wp-json\/wp\/v2\/media?parent=1920"}],"wp:term":[{"taxonomy":"product_brand","embeddable":true,"href":"https:\/\/www.guayapi.com\/boutique\/wp-json\/wp\/v2\/product_brand?post=1920"},{"taxonomy":"product_cat","embeddable":true,"href":"https:\/\/www.guayapi.com\/boutique\/wp-json\/wp\/v2\/product_cat?post=1920"},{"taxonomy":"product_tag","embeddable":true,"href":"https:\/\/www.guayapi.com\/boutique\/wp-json\/wp\/v2\/product_tag?post=1920"}],"curies":[{"name":"wp","href":"https:\/\/api.w.org\/{rel}","templated":true}]}}