{"id":1923,"date":"2017-03-03T01:12:00","date_gmt":"2017-03-03T00:12:00","guid":{"rendered":"http:\/\/www.guayapi.com\/boutique\/?post_type=product&#038;p=1923"},"modified":"2026-01-02T11:02:32","modified_gmt":"2026-01-02T10:02:32","slug":"canna-sauvage","status":"publish","type":"product","link":"https:\/\/www.guayapi.com\/boutique\/produit\/canna-sauvage\/","title":{"rendered":"Canna Sauvage"},"content":{"rendered":"<p>\u00ab Les glyco-prot\u00e9ines \u00e0 l\u2019\u00e9tat naturel \u00bb<br \/>\nCe nutriment basique du Sri Lanka contient 85% de glyco-prot\u00e9ines v\u00e9g\u00e9tales.<br \/>\nOrigine : Sri Lanka.<br \/>\nPartie utilis\u00e9e : racine de la plante.<br \/>\nConseils d\u2019utilisation : 2 cc de poudre pendant les repas, le matin et le midi, \u00e0 diluer dans une boisson froide ou ti\u00e8de, ou \u00e0 saupoudrer sur l\u2019alimentation sal\u00e9e ou sucr\u00e9e, 2 fois par jour, durant une p\u00e9riode de 2 \u00e0 3 semaines. A renouveler plusieurs fois par an ou ponctuellement.<\/p>\n<p>INFORMATION NUTRITIONNELLE POUR 100 GRAMMES<\/p>\n<p>Valeur \u00e9nerg\u00e9tique:<br \/>\nKcal 346,<br \/>\nKJ 1469<\/p>\n<p>Lipides: 0 g;<br \/>\nDont acides gras satur\u00e9s: 0 g<\/p>\n<p>Glucides: 86,4;<br \/>\nDont sucres: 0 g<\/p>\n<p>Prot\u00e9ines: 0 g<\/p>\n<p>Sel: 0,01 g<\/p>\n<p>INFORMATION NUTRITIONNELLE PAR PORTION DE 2 GRAMMES (2 CUILL\u00c8RES \u00c0 CAF\u00c9)<\/p>\n<p>Valeur \u00e9nerg\u00e9tique:<br \/>\nKcal 7,<br \/>\nKJ 29,5<\/p>\n<p>Lipides: 0 g;<br \/>\nDont acides gras satur\u00e9s: 0 g<\/p>\n<p>Glucides: 1,73;<br \/>\nDont sucres: 0 g<\/p>\n<p>Prot\u00e9ines: 0 g<\/p>\n<p>Sel: 0 g<\/p>\n<p><span style=\"font-size: 8pt\"><em>PRODUIT ALIMENTAIRE. TENIR HORS DE PORT\u00c9E DES JEUNES ENFANTS. NE PEUT SE SUBSTITUER \u00c0 UN R\u00c9GIME ALIMENTAIRE VARI\u00c9, NI \u00c0 UN MODE DE VIE SAIN. \u00c0 CONSOMMER DE PR\u00c9F\u00c9RENCE AVANT FIN : VOIR AU FOND DE LA BO\u00ceTE<\/em><\/span><\/p>\n","protected":false},"excerpt":{"rendered":"<p>\u00ab Les glyco-prot\u00e9ines \u00e0 l\u2019\u00e9tat naturel \u00bb<\/p>\n<p>(396\u20ac\/kg)<\/p>\n","protected":false},"featured_media":43837,"template":"","meta":{"_acf_changed":false},"product_brand":[],"product_cat":[7],"product_tag":[250,486],"class_list":{"0":"post-1923","1":"product","2":"type-product","3":"status-publish","4":"has-post-thumbnail","6":"product_cat-super-aliments","7":"product_tag-sans-gluten","8":"product_tag-glyco-proteines-vegetales","10":"first","11":"outofstock","12":"featured","13":"taxable","14":"shipping-taxable","15":"purchasable","16":"product-type-simple"},"acf":[],"yoast_head":"<title>Canna Sauvage - Guayapi<\/title>\n<meta name=\"robots\" content=\"index, follow, max-snippet:-1, max-image-preview:large, max-video-preview:-1\" \/>\n<link rel=\"canonical\" href=\"https:\/\/www.guayapi.com\/boutique\/produit\/canna-sauvage\/\" \/>\n<meta property=\"og:locale\" content=\"fr_FR\" \/>\n<meta property=\"og:type\" content=\"article\" \/>\n<meta property=\"og:title\" content=\"Canna Sauvage - Guayapi\" \/>\n<meta property=\"og:description\" content=\"\u00ab Les glyco-prot\u00e9ines \u00e0 l\u2019\u00e9tat naturel \u00bb  (396\u20ac\/kg)\" \/>\n<meta property=\"og:url\" content=\"https:\/\/www.guayapi.com\/boutique\/produit\/canna-sauvage\/\" \/>\n<meta property=\"og:site_name\" content=\"Guayapi\" \/>\n<meta property=\"article:modified_time\" content=\"2026-01-02T10:02:32+00:00\" \/>\n<meta property=\"og:image\" content=\"https:\/\/www.guayapi.com\/boutique\/wp-content\/uploads\/2017\/03\/capture-d-ecran-2022-10-20-174330-removebg-preview.png\" \/>\n\t<meta property=\"og:image:width\" content=\"289\" \/>\n\t<meta property=\"og:image:height\" content=\"372\" \/>\n\t<meta property=\"og:image:type\" content=\"image\/png\" \/>\n<meta name=\"twitter:card\" content=\"summary_large_image\" \/>\n<meta name=\"twitter:label1\" content=\"Dur\u00e9e de lecture estim\u00e9e\" \/>\n\t<meta name=\"twitter:data1\" content=\"2 minutes\" \/>\n<script type=\"application\/ld+json\" class=\"yoast-schema-graph\">{\"@context\":\"https:\\\/\\\/schema.org\",\"@graph\":[{\"@type\":\"WebPage\",\"@id\":\"https:\\\/\\\/www.guayapi.com\\\/boutique\\\/produit\\\/canna-sauvage\\\/\",\"url\":\"https:\\\/\\\/www.guayapi.com\\\/boutique\\\/produit\\\/canna-sauvage\\\/\",\"name\":\"Canna Sauvage - Guayapi\",\"isPartOf\":{\"@id\":\"https:\\\/\\\/www.guayapi.com\\\/boutique\\\/#website\"},\"primaryImageOfPage\":{\"@id\":\"https:\\\/\\\/www.guayapi.com\\\/boutique\\\/produit\\\/canna-sauvage\\\/#primaryimage\"},\"image\":{\"@id\":\"https:\\\/\\\/www.guayapi.com\\\/boutique\\\/produit\\\/canna-sauvage\\\/#primaryimage\"},\"thumbnailUrl\":\"https:\\\/\\\/www.guayapi.com\\\/boutique\\\/wp-content\\\/uploads\\\/2017\\\/03\\\/capture-d-ecran-2022-10-20-174330-removebg-preview.png\",\"datePublished\":\"2017-03-03T00:12:00+00:00\",\"dateModified\":\"2026-01-02T10:02:32+00:00\",\"breadcrumb\":{\"@id\":\"https:\\\/\\\/www.guayapi.com\\\/boutique\\\/produit\\\/canna-sauvage\\\/#breadcrumb\"},\"inLanguage\":\"fr-FR\",\"potentialAction\":[{\"@type\":\"ReadAction\",\"target\":[\"https:\\\/\\\/www.guayapi.com\\\/boutique\\\/produit\\\/canna-sauvage\\\/\"]}]},{\"@type\":\"ImageObject\",\"inLanguage\":\"fr-FR\",\"@id\":\"https:\\\/\\\/www.guayapi.com\\\/boutique\\\/produit\\\/canna-sauvage\\\/#primaryimage\",\"url\":\"https:\\\/\\\/www.guayapi.com\\\/boutique\\\/wp-content\\\/uploads\\\/2017\\\/03\\\/capture-d-ecran-2022-10-20-174330-removebg-preview.png\",\"contentUrl\":\"https:\\\/\\\/www.guayapi.com\\\/boutique\\\/wp-content\\\/uploads\\\/2017\\\/03\\\/capture-d-ecran-2022-10-20-174330-removebg-preview.png\",\"width\":289,\"height\":372},{\"@type\":\"BreadcrumbList\",\"@id\":\"https:\\\/\\\/www.guayapi.com\\\/boutique\\\/produit\\\/canna-sauvage\\\/#breadcrumb\",\"itemListElement\":[{\"@type\":\"ListItem\",\"position\":1,\"name\":\"Accueil\",\"item\":\"https:\\\/\\\/www.guayapi.com\\\/boutique\\\/\"},{\"@type\":\"ListItem\",\"position\":2,\"name\":\"Boutique\",\"item\":\"https:\\\/\\\/www.guayapi.com\\\/boutique\\\/\"},{\"@type\":\"ListItem\",\"position\":3,\"name\":\"Canna Sauvage\"}]},{\"@type\":\"WebSite\",\"@id\":\"https:\\\/\\\/www.guayapi.com\\\/boutique\\\/#website\",\"url\":\"https:\\\/\\\/www.guayapi.com\\\/boutique\\\/\",\"name\":\"Guayapi\",\"description\":\"Super-aliments \u2022 \u00c9picerie fine \u2022 Cosm\u00e9tiques\",\"potentialAction\":[{\"@type\":\"SearchAction\",\"target\":{\"@type\":\"EntryPoint\",\"urlTemplate\":\"https:\\\/\\\/www.guayapi.com\\\/boutique\\\/?s={search_term_string}\"},\"query-input\":{\"@type\":\"PropertyValueSpecification\",\"valueRequired\":true,\"valueName\":\"search_term_string\"}}],\"inLanguage\":\"fr-FR\"}]}<\/script>","yoast_head_json":{"title":"Canna Sauvage - Guayapi","robots":{"index":"index","follow":"follow","max-snippet":"max-snippet:-1","max-image-preview":"max-image-preview:large","max-video-preview":"max-video-preview:-1"},"canonical":"https:\/\/www.guayapi.com\/boutique\/produit\/canna-sauvage\/","og_locale":"fr_FR","og_type":"article","og_title":"Canna Sauvage - Guayapi","og_description":"\u00ab Les glyco-prot\u00e9ines \u00e0 l\u2019\u00e9tat naturel \u00bb  (396\u20ac\/kg)","og_url":"https:\/\/www.guayapi.com\/boutique\/produit\/canna-sauvage\/","og_site_name":"Guayapi","article_modified_time":"2026-01-02T10:02:32+00:00","og_image":[{"width":289,"height":372,"url":"https:\/\/www.guayapi.com\/boutique\/wp-content\/uploads\/2017\/03\/capture-d-ecran-2022-10-20-174330-removebg-preview.png","type":"image\/png"}],"twitter_card":"summary_large_image","twitter_misc":{"Dur\u00e9e de lecture estim\u00e9e":"2 minutes"},"schema":{"@context":"https:\/\/schema.org","@graph":[{"@type":"WebPage","@id":"https:\/\/www.guayapi.com\/boutique\/produit\/canna-sauvage\/","url":"https:\/\/www.guayapi.com\/boutique\/produit\/canna-sauvage\/","name":"Canna Sauvage - Guayapi","isPartOf":{"@id":"https:\/\/www.guayapi.com\/boutique\/#website"},"primaryImageOfPage":{"@id":"https:\/\/www.guayapi.com\/boutique\/produit\/canna-sauvage\/#primaryimage"},"image":{"@id":"https:\/\/www.guayapi.com\/boutique\/produit\/canna-sauvage\/#primaryimage"},"thumbnailUrl":"https:\/\/www.guayapi.com\/boutique\/wp-content\/uploads\/2017\/03\/capture-d-ecran-2022-10-20-174330-removebg-preview.png","datePublished":"2017-03-03T00:12:00+00:00","dateModified":"2026-01-02T10:02:32+00:00","breadcrumb":{"@id":"https:\/\/www.guayapi.com\/boutique\/produit\/canna-sauvage\/#breadcrumb"},"inLanguage":"fr-FR","potentialAction":[{"@type":"ReadAction","target":["https:\/\/www.guayapi.com\/boutique\/produit\/canna-sauvage\/"]}]},{"@type":"ImageObject","inLanguage":"fr-FR","@id":"https:\/\/www.guayapi.com\/boutique\/produit\/canna-sauvage\/#primaryimage","url":"https:\/\/www.guayapi.com\/boutique\/wp-content\/uploads\/2017\/03\/capture-d-ecran-2022-10-20-174330-removebg-preview.png","contentUrl":"https:\/\/www.guayapi.com\/boutique\/wp-content\/uploads\/2017\/03\/capture-d-ecran-2022-10-20-174330-removebg-preview.png","width":289,"height":372},{"@type":"BreadcrumbList","@id":"https:\/\/www.guayapi.com\/boutique\/produit\/canna-sauvage\/#breadcrumb","itemListElement":[{"@type":"ListItem","position":1,"name":"Accueil","item":"https:\/\/www.guayapi.com\/boutique\/"},{"@type":"ListItem","position":2,"name":"Boutique","item":"https:\/\/www.guayapi.com\/boutique\/"},{"@type":"ListItem","position":3,"name":"Canna Sauvage"}]},{"@type":"WebSite","@id":"https:\/\/www.guayapi.com\/boutique\/#website","url":"https:\/\/www.guayapi.com\/boutique\/","name":"Guayapi","description":"Super-aliments \u2022 \u00c9picerie fine \u2022 Cosm\u00e9tiques","potentialAction":[{"@type":"SearchAction","target":{"@type":"EntryPoint","urlTemplate":"https:\/\/www.guayapi.com\/boutique\/?s={search_term_string}"},"query-input":{"@type":"PropertyValueSpecification","valueRequired":true,"valueName":"search_term_string"}}],"inLanguage":"fr-FR"}]}},"_links":{"self":[{"href":"https:\/\/www.guayapi.com\/boutique\/wp-json\/wp\/v2\/product\/1923","targetHints":{"allow":["GET"]}}],"collection":[{"href":"https:\/\/www.guayapi.com\/boutique\/wp-json\/wp\/v2\/product"}],"about":[{"href":"https:\/\/www.guayapi.com\/boutique\/wp-json\/wp\/v2\/types\/product"}],"wp:featuredmedia":[{"embeddable":true,"href":"https:\/\/www.guayapi.com\/boutique\/wp-json\/wp\/v2\/media\/43837"}],"wp:attachment":[{"href":"https:\/\/www.guayapi.com\/boutique\/wp-json\/wp\/v2\/media?parent=1923"}],"wp:term":[{"taxonomy":"product_brand","embeddable":true,"href":"https:\/\/www.guayapi.com\/boutique\/wp-json\/wp\/v2\/product_brand?post=1923"},{"taxonomy":"product_cat","embeddable":true,"href":"https:\/\/www.guayapi.com\/boutique\/wp-json\/wp\/v2\/product_cat?post=1923"},{"taxonomy":"product_tag","embeddable":true,"href":"https:\/\/www.guayapi.com\/boutique\/wp-json\/wp\/v2\/product_tag?post=1923"}],"curies":[{"name":"wp","href":"https:\/\/api.w.org\/{rel}","templated":true}]}}