{"id":1944,"date":"2017-03-16T14:55:33","date_gmt":"2017-03-16T13:55:33","guid":{"rendered":"http:\/\/www.guayapi.com\/boutique\/?post_type=product&#038;p=1944"},"modified":"2026-01-02T13:54:54","modified_gmt":"2026-01-02T12:54:54","slug":"shampoing-en-poudre","status":"publish","type":"product","link":"https:\/\/www.guayapi.com\/boutique\/produit\/shampoing-en-poudre\/","title":{"rendered":"Shampoing en poudre"},"content":{"rendered":"<p>Cette formulation exclusive de Guayapi est n\u00e9e de l\u2019observation des peuples autochtones. Nous avons identifi\u00e9, gr\u00e2ce \u00e0 leurs savoirs, les mati\u00e8res premi\u00e8res constitutives d&rsquo;un shampooing 100% naturel et sans conservateur pour une efficacit\u00e9 incomparable. Concentration unique d&rsquo;actifs naturels. Parfum envo\u00fbtant issu d&rsquo;un encens chamanique, le Palo Santo.<\/p>\n<p>Bon pour la plan\u00e8te (pas de transport d\u2019eau, moins d\u2019emballage donc le poids au transport est moindre), \u00a0ce shampooing \u00e9quivaut \u00e0 1 L de shampooing liquide avec concentr\u00e9 d\u2019actifs.<\/p>\n","protected":false},"excerpt":{"rendered":"<p>Cette formulation exclusive de Guayapi est n\u00e9e de l\u2019observation des peuples autochtones. Nous avons identifi\u00e9, gr\u00e2ce \u00e0 leurs savoirs, les mati\u00e8res premi\u00e8res constitutives d&rsquo;un shampooing 100% naturel et sans conservateur pour une efficacit\u00e9 incomparable.<\/p>\n<p>(604\u20ac\/kg)<\/p>\n","protected":false},"featured_media":1945,"template":"","meta":{"_acf_changed":false},"product_brand":[],"product_cat":[16],"product_tag":[446],"class_list":{"0":"post-1944","1":"product","2":"type-product","3":"status-publish","4":"has-post-thumbnail","6":"product_cat-cosmetiques","7":"product_tag-beaute","9":"first","10":"outofstock","11":"taxable","12":"shipping-taxable","13":"purchasable","14":"product-type-simple"},"acf":[],"yoast_head":"<title>Shampoing en poudre - Guayapi<\/title>\n<meta name=\"robots\" content=\"index, follow, max-snippet:-1, max-image-preview:large, max-video-preview:-1\" \/>\n<link rel=\"canonical\" href=\"https:\/\/www.guayapi.com\/boutique\/produit\/shampoing-en-poudre\/\" \/>\n<meta property=\"og:locale\" content=\"fr_FR\" \/>\n<meta property=\"og:type\" content=\"article\" \/>\n<meta property=\"og:title\" content=\"Shampoing en poudre - Guayapi\" \/>\n<meta property=\"og:description\" content=\"Cette formulation exclusive de Guayapi est n\u00e9e de l\u2019observation des peuples autochtones. Nous avons identifi\u00e9, gr\u00e2ce \u00e0 leurs savoirs, les mati\u00e8res premi\u00e8res constitutives d&#039;un shampooing 100% naturel et sans conservateur pour une efficacit\u00e9 incomparable.  (604\u20ac\/kg)\" \/>\n<meta property=\"og:url\" content=\"https:\/\/www.guayapi.com\/boutique\/produit\/shampoing-en-poudre\/\" \/>\n<meta property=\"og:site_name\" content=\"Guayapi\" \/>\n<meta property=\"article:modified_time\" content=\"2026-01-02T12:54:54+00:00\" \/>\n<meta property=\"og:image\" content=\"https:\/\/www.guayapi.com\/boutique\/wp-content\/uploads\/2017\/03\/guayapi-shampoing.png\" \/>\n\t<meta property=\"og:image:width\" content=\"440\" \/>\n\t<meta property=\"og:image:height\" content=\"1200\" \/>\n\t<meta property=\"og:image:type\" content=\"image\/png\" \/>\n<meta name=\"twitter:card\" content=\"summary_large_image\" \/>\n<meta name=\"twitter:label1\" content=\"Dur\u00e9e de lecture estim\u00e9e\" \/>\n\t<meta name=\"twitter:data1\" content=\"1 minute\" \/>\n<script type=\"application\/ld+json\" class=\"yoast-schema-graph\">{\"@context\":\"https:\\\/\\\/schema.org\",\"@graph\":[{\"@type\":\"WebPage\",\"@id\":\"https:\\\/\\\/www.guayapi.com\\\/boutique\\\/produit\\\/shampoing-en-poudre\\\/\",\"url\":\"https:\\\/\\\/www.guayapi.com\\\/boutique\\\/produit\\\/shampoing-en-poudre\\\/\",\"name\":\"Shampoing en poudre - Guayapi\",\"isPartOf\":{\"@id\":\"https:\\\/\\\/www.guayapi.com\\\/boutique\\\/#website\"},\"primaryImageOfPage\":{\"@id\":\"https:\\\/\\\/www.guayapi.com\\\/boutique\\\/produit\\\/shampoing-en-poudre\\\/#primaryimage\"},\"image\":{\"@id\":\"https:\\\/\\\/www.guayapi.com\\\/boutique\\\/produit\\\/shampoing-en-poudre\\\/#primaryimage\"},\"thumbnailUrl\":\"https:\\\/\\\/www.guayapi.com\\\/boutique\\\/wp-content\\\/uploads\\\/2017\\\/03\\\/guayapi-shampoing.png\",\"datePublished\":\"2017-03-16T13:55:33+00:00\",\"dateModified\":\"2026-01-02T12:54:54+00:00\",\"breadcrumb\":{\"@id\":\"https:\\\/\\\/www.guayapi.com\\\/boutique\\\/produit\\\/shampoing-en-poudre\\\/#breadcrumb\"},\"inLanguage\":\"fr-FR\",\"potentialAction\":[{\"@type\":\"ReadAction\",\"target\":[\"https:\\\/\\\/www.guayapi.com\\\/boutique\\\/produit\\\/shampoing-en-poudre\\\/\"]}]},{\"@type\":\"ImageObject\",\"inLanguage\":\"fr-FR\",\"@id\":\"https:\\\/\\\/www.guayapi.com\\\/boutique\\\/produit\\\/shampoing-en-poudre\\\/#primaryimage\",\"url\":\"https:\\\/\\\/www.guayapi.com\\\/boutique\\\/wp-content\\\/uploads\\\/2017\\\/03\\\/guayapi-shampoing.png\",\"contentUrl\":\"https:\\\/\\\/www.guayapi.com\\\/boutique\\\/wp-content\\\/uploads\\\/2017\\\/03\\\/guayapi-shampoing.png\",\"width\":440,\"height\":1200},{\"@type\":\"BreadcrumbList\",\"@id\":\"https:\\\/\\\/www.guayapi.com\\\/boutique\\\/produit\\\/shampoing-en-poudre\\\/#breadcrumb\",\"itemListElement\":[{\"@type\":\"ListItem\",\"position\":1,\"name\":\"Accueil\",\"item\":\"https:\\\/\\\/www.guayapi.com\\\/boutique\\\/\"},{\"@type\":\"ListItem\",\"position\":2,\"name\":\"Boutique\",\"item\":\"https:\\\/\\\/www.guayapi.com\\\/boutique\\\/\"},{\"@type\":\"ListItem\",\"position\":3,\"name\":\"Shampoing en poudre\"}]},{\"@type\":\"WebSite\",\"@id\":\"https:\\\/\\\/www.guayapi.com\\\/boutique\\\/#website\",\"url\":\"https:\\\/\\\/www.guayapi.com\\\/boutique\\\/\",\"name\":\"Guayapi\",\"description\":\"Super-aliments \u2022 \u00c9picerie fine \u2022 Cosm\u00e9tiques\",\"potentialAction\":[{\"@type\":\"SearchAction\",\"target\":{\"@type\":\"EntryPoint\",\"urlTemplate\":\"https:\\\/\\\/www.guayapi.com\\\/boutique\\\/?s={search_term_string}\"},\"query-input\":{\"@type\":\"PropertyValueSpecification\",\"valueRequired\":true,\"valueName\":\"search_term_string\"}}],\"inLanguage\":\"fr-FR\"}]}<\/script>","yoast_head_json":{"title":"Shampoing en poudre - Guayapi","robots":{"index":"index","follow":"follow","max-snippet":"max-snippet:-1","max-image-preview":"max-image-preview:large","max-video-preview":"max-video-preview:-1"},"canonical":"https:\/\/www.guayapi.com\/boutique\/produit\/shampoing-en-poudre\/","og_locale":"fr_FR","og_type":"article","og_title":"Shampoing en poudre - Guayapi","og_description":"Cette formulation exclusive de Guayapi est n\u00e9e de l\u2019observation des peuples autochtones. Nous avons identifi\u00e9, gr\u00e2ce \u00e0 leurs savoirs, les mati\u00e8res premi\u00e8res constitutives d'un shampooing 100% naturel et sans conservateur pour une efficacit\u00e9 incomparable.  (604\u20ac\/kg)","og_url":"https:\/\/www.guayapi.com\/boutique\/produit\/shampoing-en-poudre\/","og_site_name":"Guayapi","article_modified_time":"2026-01-02T12:54:54+00:00","og_image":[{"width":440,"height":1200,"url":"https:\/\/www.guayapi.com\/boutique\/wp-content\/uploads\/2017\/03\/guayapi-shampoing.png","type":"image\/png"}],"twitter_card":"summary_large_image","twitter_misc":{"Dur\u00e9e de lecture estim\u00e9e":"1 minute"},"schema":{"@context":"https:\/\/schema.org","@graph":[{"@type":"WebPage","@id":"https:\/\/www.guayapi.com\/boutique\/produit\/shampoing-en-poudre\/","url":"https:\/\/www.guayapi.com\/boutique\/produit\/shampoing-en-poudre\/","name":"Shampoing en poudre - Guayapi","isPartOf":{"@id":"https:\/\/www.guayapi.com\/boutique\/#website"},"primaryImageOfPage":{"@id":"https:\/\/www.guayapi.com\/boutique\/produit\/shampoing-en-poudre\/#primaryimage"},"image":{"@id":"https:\/\/www.guayapi.com\/boutique\/produit\/shampoing-en-poudre\/#primaryimage"},"thumbnailUrl":"https:\/\/www.guayapi.com\/boutique\/wp-content\/uploads\/2017\/03\/guayapi-shampoing.png","datePublished":"2017-03-16T13:55:33+00:00","dateModified":"2026-01-02T12:54:54+00:00","breadcrumb":{"@id":"https:\/\/www.guayapi.com\/boutique\/produit\/shampoing-en-poudre\/#breadcrumb"},"inLanguage":"fr-FR","potentialAction":[{"@type":"ReadAction","target":["https:\/\/www.guayapi.com\/boutique\/produit\/shampoing-en-poudre\/"]}]},{"@type":"ImageObject","inLanguage":"fr-FR","@id":"https:\/\/www.guayapi.com\/boutique\/produit\/shampoing-en-poudre\/#primaryimage","url":"https:\/\/www.guayapi.com\/boutique\/wp-content\/uploads\/2017\/03\/guayapi-shampoing.png","contentUrl":"https:\/\/www.guayapi.com\/boutique\/wp-content\/uploads\/2017\/03\/guayapi-shampoing.png","width":440,"height":1200},{"@type":"BreadcrumbList","@id":"https:\/\/www.guayapi.com\/boutique\/produit\/shampoing-en-poudre\/#breadcrumb","itemListElement":[{"@type":"ListItem","position":1,"name":"Accueil","item":"https:\/\/www.guayapi.com\/boutique\/"},{"@type":"ListItem","position":2,"name":"Boutique","item":"https:\/\/www.guayapi.com\/boutique\/"},{"@type":"ListItem","position":3,"name":"Shampoing en poudre"}]},{"@type":"WebSite","@id":"https:\/\/www.guayapi.com\/boutique\/#website","url":"https:\/\/www.guayapi.com\/boutique\/","name":"Guayapi","description":"Super-aliments \u2022 \u00c9picerie fine \u2022 Cosm\u00e9tiques","potentialAction":[{"@type":"SearchAction","target":{"@type":"EntryPoint","urlTemplate":"https:\/\/www.guayapi.com\/boutique\/?s={search_term_string}"},"query-input":{"@type":"PropertyValueSpecification","valueRequired":true,"valueName":"search_term_string"}}],"inLanguage":"fr-FR"}]}},"_links":{"self":[{"href":"https:\/\/www.guayapi.com\/boutique\/wp-json\/wp\/v2\/product\/1944","targetHints":{"allow":["GET"]}}],"collection":[{"href":"https:\/\/www.guayapi.com\/boutique\/wp-json\/wp\/v2\/product"}],"about":[{"href":"https:\/\/www.guayapi.com\/boutique\/wp-json\/wp\/v2\/types\/product"}],"wp:featuredmedia":[{"embeddable":true,"href":"https:\/\/www.guayapi.com\/boutique\/wp-json\/wp\/v2\/media\/1945"}],"wp:attachment":[{"href":"https:\/\/www.guayapi.com\/boutique\/wp-json\/wp\/v2\/media?parent=1944"}],"wp:term":[{"taxonomy":"product_brand","embeddable":true,"href":"https:\/\/www.guayapi.com\/boutique\/wp-json\/wp\/v2\/product_brand?post=1944"},{"taxonomy":"product_cat","embeddable":true,"href":"https:\/\/www.guayapi.com\/boutique\/wp-json\/wp\/v2\/product_cat?post=1944"},{"taxonomy":"product_tag","embeddable":true,"href":"https:\/\/www.guayapi.com\/boutique\/wp-json\/wp\/v2\/product_tag?post=1944"}],"curies":[{"name":"wp","href":"https:\/\/api.w.org\/{rel}","templated":true}]}}