{"id":1946,"date":"2017-03-16T16:02:00","date_gmt":"2017-03-16T15:02:00","guid":{"rendered":"http:\/\/www.guayapi.com\/boutique\/?post_type=product&#038;p=1946"},"modified":"2026-01-30T16:32:46","modified_gmt":"2026-01-30T15:32:46","slug":"seve-de-kitul","status":"publish","type":"product","link":"https:\/\/www.guayapi.com\/boutique\/produit\/seve-de-kitul\/","title":{"rendered":"S\u00e8ve de Kitul"},"content":{"rendered":"<p>La S\u00e8ve de Kitul est un \u00e9dulcorant naturel \u00e0 l&rsquo;indice glyc\u00e9mique faible, qui contient des sucres invertis. Le Kitul, Caryota Urens, est un palmier avec des grandes et belles fleurs poussant au Sri Lanka. La s\u00e8ve de la fleur est r\u00e9colt\u00e9e chaque jour en coupant un morceau de la tige de la fleur; cette s\u00e8ve est filtr\u00e9e, puis chauff\u00e9e, puis bouillie \u00e0 une temp\u00e9rature atteignant approximativement 110\u00b0 jusqu&rsquo;\u00e0 l&rsquo;obtention d&rsquo;une belle couleur brune.<\/p>\n<p>\u00c9lue Arche du Go\u00fbt par le Mouvement Slow Food, la S\u00e8ve de Kitul est produite dans le respect des traditions et usages locaux. Supportant la cuisson jusqu\u2019\u00e0 200\u00b0C, cette s\u00e8ve permet aussi de r\u00e9aliser les recettes des plus traditionnelles aux plus exotiques (pommes au four, flan coco, gratin de bananes&#8230;). Cette s\u00e8ve est tr\u00e8s appr\u00e9ci\u00e9e pour sucrer naturellement les desserts, les boissons chaudes ou froides en leur apportant la saveur raffin\u00e9e et originale. On peut l\u2019utiliser pour napper les glaces, salades de fruits, fromages blancs ou desserts.<\/p>\n<h3>SAVEURS<\/h3>\n<p>Onctueuse, \u00e0 la couleur ambr\u00e9e, la S\u00e8ve de Kitul poss\u00e8de de fines notes de caramel. Son odeur est douce, subtilement fum\u00e9e.<\/p>\n<p>ELUE ARCHE DU GOUT PAR LE MOUVEMENT SLOW FOOD<\/p>\n<p>Indice glyc\u00e9mique: 48,7<\/p>\n<p>INFORMATION NUTRITIONNELLE POUR 100 GRAMMES<\/p>\n<p>Valeur \u00e9nerg\u00e9tique:<br \/>\nKcal 279,<br \/>\nKJ 1185<\/p>\n<p>Lipides: 0,15 g;<br \/>\nDont acides gras satur\u00e9s: 0 g<\/p>\n<p>Glucides: 68,1 g;<br \/>\nDont sucres: 67,2 g<\/p>\n<p>Prot\u00e9ines: 1,4 g<\/p>\n<p>Sel: 0 g<\/p>\n","protected":false},"excerpt":{"rendered":"<p>ELUE ARCHE DU GOUT PAR LE MOUVEMENT SLOW FOOD<\/p>\n<p>La S\u00e8ve de Kitul est un \u00e9dulcorant naturel \u00e0 l&rsquo;indice glyc\u00e9rique faible.<br \/>\nLe Kitul, Caryota Urens, est un palmier avec des grandes et belles fleurs poussant au Sri Lanka. La s\u00e8ve de la fleur est r\u00e9colt\u00e9e chaque jour en coupant un morceau de la tige de la fleur; cette s\u00e8ve est filtr\u00e9e, puis chauff\u00e9e, puis bouillie \u00e0 une temp\u00e9rature atteignant approximativement 110\u00b0 jusqu&rsquo;\u00e0 l&rsquo;obtention d&rsquo;une belle couleur brune.<\/p>\n<p>(74,13\u20ac\/L)<\/p>\n","protected":false},"featured_media":2520,"template":"","meta":{"_acf_changed":false},"product_brand":[],"product_cat":[9],"product_tag":[317,319],"class_list":{"0":"post-1946","1":"product","2":"type-product","3":"status-publish","4":"has-post-thumbnail","6":"product_cat-epicerie-fine","7":"product_tag-regime-hypocalorique","8":"product_tag-alternative-au-sucre","10":"first","11":"instock","12":"taxable","13":"shipping-taxable","14":"purchasable","15":"product-type-simple"},"acf":[],"yoast_head":"<title>S\u00e8ve de Kitul - Guayapi<\/title>\n<meta name=\"robots\" content=\"index, follow, max-snippet:-1, max-image-preview:large, max-video-preview:-1\" \/>\n<link rel=\"canonical\" href=\"https:\/\/www.guayapi.com\/boutique\/produit\/seve-de-kitul\/\" \/>\n<meta property=\"og:locale\" content=\"fr_FR\" \/>\n<meta property=\"og:type\" content=\"article\" \/>\n<meta property=\"og:title\" content=\"S\u00e8ve de Kitul - Guayapi\" \/>\n<meta property=\"og:description\" content=\"ELUE ARCHE DU GOUT PAR LE MOUVEMENT SLOW FOOD  La S\u00e8ve de Kitul est un \u00e9dulcorant naturel \u00e0 l&#039;indice glyc\u00e9rique faible. Le Kitul, Caryota Urens, est un palmier avec des grandes et belles fleurs poussant au Sri Lanka. La s\u00e8ve de la fleur est r\u00e9colt\u00e9e chaque jour en coupant un morceau de la tige de la fleur; cette s\u00e8ve est filtr\u00e9e, puis chauff\u00e9e, puis bouillie \u00e0 une temp\u00e9rature atteignant approximativement 110\u00b0 jusqu&#039;\u00e0 l&#039;obtention d&#039;une belle couleur brune.  (74,13\u20ac\/L)\" \/>\n<meta property=\"og:url\" content=\"https:\/\/www.guayapi.com\/boutique\/produit\/seve-de-kitul\/\" \/>\n<meta property=\"og:site_name\" content=\"Guayapi\" \/>\n<meta property=\"article:modified_time\" content=\"2026-01-30T15:32:46+00:00\" \/>\n<meta property=\"og:image\" content=\"https:\/\/www.guayapi.com\/boutique\/wp-content\/uploads\/2017\/03\/kitul.png\" \/>\n\t<meta property=\"og:image:width\" content=\"308\" \/>\n\t<meta property=\"og:image:height\" content=\"1200\" \/>\n\t<meta property=\"og:image:type\" content=\"image\/png\" \/>\n<meta name=\"twitter:card\" content=\"summary_large_image\" \/>\n<meta name=\"twitter:label1\" content=\"Dur\u00e9e de lecture estim\u00e9e\" \/>\n\t<meta name=\"twitter:data1\" content=\"2 minutes\" \/>\n<script type=\"application\/ld+json\" class=\"yoast-schema-graph\">{\"@context\":\"https:\\\/\\\/schema.org\",\"@graph\":[{\"@type\":\"WebPage\",\"@id\":\"https:\\\/\\\/www.guayapi.com\\\/boutique\\\/produit\\\/seve-de-kitul\\\/\",\"url\":\"https:\\\/\\\/www.guayapi.com\\\/boutique\\\/produit\\\/seve-de-kitul\\\/\",\"name\":\"S\u00e8ve de Kitul - Guayapi\",\"isPartOf\":{\"@id\":\"https:\\\/\\\/www.guayapi.com\\\/boutique\\\/#website\"},\"primaryImageOfPage\":{\"@id\":\"https:\\\/\\\/www.guayapi.com\\\/boutique\\\/produit\\\/seve-de-kitul\\\/#primaryimage\"},\"image\":{\"@id\":\"https:\\\/\\\/www.guayapi.com\\\/boutique\\\/produit\\\/seve-de-kitul\\\/#primaryimage\"},\"thumbnailUrl\":\"https:\\\/\\\/www.guayapi.com\\\/boutique\\\/wp-content\\\/uploads\\\/2017\\\/03\\\/kitul.png\",\"datePublished\":\"2017-03-16T15:02:00+00:00\",\"dateModified\":\"2026-01-30T15:32:46+00:00\",\"breadcrumb\":{\"@id\":\"https:\\\/\\\/www.guayapi.com\\\/boutique\\\/produit\\\/seve-de-kitul\\\/#breadcrumb\"},\"inLanguage\":\"fr-FR\",\"potentialAction\":[{\"@type\":\"ReadAction\",\"target\":[\"https:\\\/\\\/www.guayapi.com\\\/boutique\\\/produit\\\/seve-de-kitul\\\/\"]}]},{\"@type\":\"ImageObject\",\"inLanguage\":\"fr-FR\",\"@id\":\"https:\\\/\\\/www.guayapi.com\\\/boutique\\\/produit\\\/seve-de-kitul\\\/#primaryimage\",\"url\":\"https:\\\/\\\/www.guayapi.com\\\/boutique\\\/wp-content\\\/uploads\\\/2017\\\/03\\\/kitul.png\",\"contentUrl\":\"https:\\\/\\\/www.guayapi.com\\\/boutique\\\/wp-content\\\/uploads\\\/2017\\\/03\\\/kitul.png\",\"width\":308,\"height\":1200},{\"@type\":\"BreadcrumbList\",\"@id\":\"https:\\\/\\\/www.guayapi.com\\\/boutique\\\/produit\\\/seve-de-kitul\\\/#breadcrumb\",\"itemListElement\":[{\"@type\":\"ListItem\",\"position\":1,\"name\":\"Accueil\",\"item\":\"https:\\\/\\\/www.guayapi.com\\\/boutique\\\/\"},{\"@type\":\"ListItem\",\"position\":2,\"name\":\"Boutique\",\"item\":\"https:\\\/\\\/www.guayapi.com\\\/boutique\\\/\"},{\"@type\":\"ListItem\",\"position\":3,\"name\":\"S\u00e8ve de Kitul\"}]},{\"@type\":\"WebSite\",\"@id\":\"https:\\\/\\\/www.guayapi.com\\\/boutique\\\/#website\",\"url\":\"https:\\\/\\\/www.guayapi.com\\\/boutique\\\/\",\"name\":\"Guayapi\",\"description\":\"Super-aliments \u2022 \u00c9picerie fine \u2022 Cosm\u00e9tiques\",\"potentialAction\":[{\"@type\":\"SearchAction\",\"target\":{\"@type\":\"EntryPoint\",\"urlTemplate\":\"https:\\\/\\\/www.guayapi.com\\\/boutique\\\/?s={search_term_string}\"},\"query-input\":{\"@type\":\"PropertyValueSpecification\",\"valueRequired\":true,\"valueName\":\"search_term_string\"}}],\"inLanguage\":\"fr-FR\"}]}<\/script>","yoast_head_json":{"title":"S\u00e8ve de Kitul - Guayapi","robots":{"index":"index","follow":"follow","max-snippet":"max-snippet:-1","max-image-preview":"max-image-preview:large","max-video-preview":"max-video-preview:-1"},"canonical":"https:\/\/www.guayapi.com\/boutique\/produit\/seve-de-kitul\/","og_locale":"fr_FR","og_type":"article","og_title":"S\u00e8ve de Kitul - Guayapi","og_description":"ELUE ARCHE DU GOUT PAR LE MOUVEMENT SLOW FOOD  La S\u00e8ve de Kitul est un \u00e9dulcorant naturel \u00e0 l'indice glyc\u00e9rique faible. Le Kitul, Caryota Urens, est un palmier avec des grandes et belles fleurs poussant au Sri Lanka. La s\u00e8ve de la fleur est r\u00e9colt\u00e9e chaque jour en coupant un morceau de la tige de la fleur; cette s\u00e8ve est filtr\u00e9e, puis chauff\u00e9e, puis bouillie \u00e0 une temp\u00e9rature atteignant approximativement 110\u00b0 jusqu'\u00e0 l'obtention d'une belle couleur brune.  (74,13\u20ac\/L)","og_url":"https:\/\/www.guayapi.com\/boutique\/produit\/seve-de-kitul\/","og_site_name":"Guayapi","article_modified_time":"2026-01-30T15:32:46+00:00","og_image":[{"width":308,"height":1200,"url":"https:\/\/www.guayapi.com\/boutique\/wp-content\/uploads\/2017\/03\/kitul.png","type":"image\/png"}],"twitter_card":"summary_large_image","twitter_misc":{"Dur\u00e9e de lecture estim\u00e9e":"2 minutes"},"schema":{"@context":"https:\/\/schema.org","@graph":[{"@type":"WebPage","@id":"https:\/\/www.guayapi.com\/boutique\/produit\/seve-de-kitul\/","url":"https:\/\/www.guayapi.com\/boutique\/produit\/seve-de-kitul\/","name":"S\u00e8ve de Kitul - Guayapi","isPartOf":{"@id":"https:\/\/www.guayapi.com\/boutique\/#website"},"primaryImageOfPage":{"@id":"https:\/\/www.guayapi.com\/boutique\/produit\/seve-de-kitul\/#primaryimage"},"image":{"@id":"https:\/\/www.guayapi.com\/boutique\/produit\/seve-de-kitul\/#primaryimage"},"thumbnailUrl":"https:\/\/www.guayapi.com\/boutique\/wp-content\/uploads\/2017\/03\/kitul.png","datePublished":"2017-03-16T15:02:00+00:00","dateModified":"2026-01-30T15:32:46+00:00","breadcrumb":{"@id":"https:\/\/www.guayapi.com\/boutique\/produit\/seve-de-kitul\/#breadcrumb"},"inLanguage":"fr-FR","potentialAction":[{"@type":"ReadAction","target":["https:\/\/www.guayapi.com\/boutique\/produit\/seve-de-kitul\/"]}]},{"@type":"ImageObject","inLanguage":"fr-FR","@id":"https:\/\/www.guayapi.com\/boutique\/produit\/seve-de-kitul\/#primaryimage","url":"https:\/\/www.guayapi.com\/boutique\/wp-content\/uploads\/2017\/03\/kitul.png","contentUrl":"https:\/\/www.guayapi.com\/boutique\/wp-content\/uploads\/2017\/03\/kitul.png","width":308,"height":1200},{"@type":"BreadcrumbList","@id":"https:\/\/www.guayapi.com\/boutique\/produit\/seve-de-kitul\/#breadcrumb","itemListElement":[{"@type":"ListItem","position":1,"name":"Accueil","item":"https:\/\/www.guayapi.com\/boutique\/"},{"@type":"ListItem","position":2,"name":"Boutique","item":"https:\/\/www.guayapi.com\/boutique\/"},{"@type":"ListItem","position":3,"name":"S\u00e8ve de Kitul"}]},{"@type":"WebSite","@id":"https:\/\/www.guayapi.com\/boutique\/#website","url":"https:\/\/www.guayapi.com\/boutique\/","name":"Guayapi","description":"Super-aliments \u2022 \u00c9picerie fine \u2022 Cosm\u00e9tiques","potentialAction":[{"@type":"SearchAction","target":{"@type":"EntryPoint","urlTemplate":"https:\/\/www.guayapi.com\/boutique\/?s={search_term_string}"},"query-input":{"@type":"PropertyValueSpecification","valueRequired":true,"valueName":"search_term_string"}}],"inLanguage":"fr-FR"}]}},"_links":{"self":[{"href":"https:\/\/www.guayapi.com\/boutique\/wp-json\/wp\/v2\/product\/1946","targetHints":{"allow":["GET"]}}],"collection":[{"href":"https:\/\/www.guayapi.com\/boutique\/wp-json\/wp\/v2\/product"}],"about":[{"href":"https:\/\/www.guayapi.com\/boutique\/wp-json\/wp\/v2\/types\/product"}],"wp:featuredmedia":[{"embeddable":true,"href":"https:\/\/www.guayapi.com\/boutique\/wp-json\/wp\/v2\/media\/2520"}],"wp:attachment":[{"href":"https:\/\/www.guayapi.com\/boutique\/wp-json\/wp\/v2\/media?parent=1946"}],"wp:term":[{"taxonomy":"product_brand","embeddable":true,"href":"https:\/\/www.guayapi.com\/boutique\/wp-json\/wp\/v2\/product_brand?post=1946"},{"taxonomy":"product_cat","embeddable":true,"href":"https:\/\/www.guayapi.com\/boutique\/wp-json\/wp\/v2\/product_cat?post=1946"},{"taxonomy":"product_tag","embeddable":true,"href":"https:\/\/www.guayapi.com\/boutique\/wp-json\/wp\/v2\/product_tag?post=1946"}],"curies":[{"name":"wp","href":"https:\/\/api.w.org\/{rel}","templated":true}]}}