{"id":2007,"date":"2017-04-05T15:52:43","date_gmt":"2017-04-05T13:52:43","guid":{"rendered":"http:\/\/www.guayapi.com\/boutique\/?post_type=product&#038;p=2007"},"modified":"2026-01-02T12:53:29","modified_gmt":"2026-01-02T11:53:29","slug":"lapacho-poudre","status":"publish","type":"product","link":"https:\/\/www.guayapi.com\/boutique\/produit\/lapacho-poudre\/","title":{"rendered":"Lapacho (Tecoma Adenophylla) Poudre"},"content":{"rendered":"<p>La Tecoma Adenophilla (Lapacho) est un Detox qui favorise l&rsquo;\u00e9limination naturelle des toxines en soutenant les fonctions \u00e9monctoires des reins. Il aide \u00e0 pr\u00e9server les parois vasculaires et \u00e0 maintenir une pression art\u00e9rielle normale.<\/p>\n<p>Origine : Amazonie Br\u00e9silienne, de cueillette sauvage.<br \/>\nPartie utilis\u00e9e : deuxi\u00e8me \u00e9corce de l\u2019arbre, aussi appel\u00e9e pau d\u2019arco, lapacho.<\/p>\n<p>Conseils d\u2019utilisation : 1 cc 2 fois par jour. Cure de 2 \u00e0 3 semaines, \u00e0 renouveler de fa\u00e7on ponctuelle.<\/p>\n<p><iframe title=\"\ud83c\udf42 Quels Superaliments pour les changements de saison ? \u2728#guayapi #detox #instagood\" width=\"422\" height=\"750\" src=\"https:\/\/www.youtube-nocookie.com\/embed\/kV8EaDSuBu4?feature=oembed\" frameborder=\"0\" allow=\"accelerometer; autoplay; clipboard-write; encrypted-media; gyroscope; picture-in-picture; web-share\" referrerpolicy=\"strict-origin-when-cross-origin\" allowfullscreen><\/iframe><\/p>\n<p>INFORMATIONS NUTRITIONNELLES POUR 100 GRAMMES:<\/p>\n<p>Valeur \u00e9nerg\u00e9tique:<br \/>\nKcal 275;<br \/>\nKJ 1169<\/p>\n<p>Lipides: 0,7 g;<br \/>\nDont acides gras satur\u00e9s: 0,32g<\/p>\n<p>Glucides: 61,4 g;<br \/>\nDont sucres: 0,2 g<\/p>\n<p>Prot\u00e9ines: 5,7 g<\/p>\n<p>Sel: 0,02g<\/p>\n<p>INFORMATIONS NUTRITIONNELLES PAR PORTION DE\u00a0 2 GRAMMES (2 CUILL\u00c8RES \u00c0 CAF\u00c9):<\/p>\n<p>Valeur \u00e9nerg\u00e9tique:<br \/>\nKcal 5,5;<br \/>\nKJ 23,38<\/p>\n<p>Lipides: 0,01 g;<br \/>\nDont acides gras satur\u00e9s: 0g<\/p>\n<p>Glucides: 1,23 g;<br \/>\nDont sucres: 0 g<\/p>\n<p>Prot\u00e9ines: 0,11 g<\/p>\n<p>Sel: 0g<\/p>\n<p><span style=\"font-size: 8pt\"><em>COMPL\u00c9MENT ALIMENTAIRE. TENIR HORS DE PORT\u00c9E DES JEUNES ENFANTS. NE PEUT SE SUBSTITUER \u00c0 UN R\u00c9GIME ALIMENTAIRE VARI\u00c9, NI \u00c0 UN MODE DE VIE SAIN. \u00c0 CONSOMMER DE PR\u00c9F\u00c9RENCE AVANT FIN : VOIR AU FOND DE LA BO\u00ceTE.<\/em><\/span><\/p>\n","protected":false},"excerpt":{"rendered":"<p>\u00ab la s\u00e8ve du corps \u00bb<\/p>\n<p>Detox &#8211; Syst\u00e8me vasculaire<\/p>\n<p>(456\u20ac\/kg)<\/p>\n","protected":false},"featured_media":45167,"template":"","meta":{"_acf_changed":false},"product_brand":[],"product_cat":[7],"product_tag":[493],"class_list":{"0":"post-2007","1":"product","2":"type-product","3":"status-publish","4":"has-post-thumbnail","6":"product_cat-super-aliments","7":"product_tag-changement-de-saison-fr","9":"first","10":"instock","11":"featured","12":"taxable","13":"shipping-taxable","14":"purchasable","15":"product-type-simple"},"acf":[],"yoast_head":"<title>Lapacho (Tecoma Adenophylla) Poudre - Guayapi<\/title>\n<meta name=\"robots\" content=\"index, follow, max-snippet:-1, max-image-preview:large, max-video-preview:-1\" \/>\n<link rel=\"canonical\" href=\"https:\/\/www.guayapi.com\/boutique\/produit\/lapacho-poudre\/\" \/>\n<meta property=\"og:locale\" content=\"fr_FR\" \/>\n<meta property=\"og:type\" content=\"article\" \/>\n<meta property=\"og:title\" content=\"Lapacho (Tecoma Adenophylla) Poudre - Guayapi\" \/>\n<meta property=\"og:description\" content=\"\u00ab la s\u00e8ve du corps \u00bb  Detox - Syst\u00e8me vasculaire  (456\u20ac\/kg)\" \/>\n<meta property=\"og:url\" content=\"https:\/\/www.guayapi.com\/boutique\/produit\/lapacho-poudre\/\" \/>\n<meta property=\"og:site_name\" content=\"Guayapi\" \/>\n<meta property=\"article:modified_time\" content=\"2026-01-02T11:53:29+00:00\" \/>\n<meta property=\"og:image\" content=\"https:\/\/www.guayapi.com\/boutique\/wp-content\/uploads\/2017\/04\/lapacho-poudre-removebg-preview-e1669647057671.png\" \/>\n\t<meta property=\"og:image:width\" content=\"252\" \/>\n\t<meta property=\"og:image:height\" content=\"471\" \/>\n\t<meta property=\"og:image:type\" content=\"image\/png\" \/>\n<meta name=\"twitter:card\" content=\"summary_large_image\" \/>\n<meta name=\"twitter:label1\" content=\"Dur\u00e9e de lecture estim\u00e9e\" \/>\n\t<meta name=\"twitter:data1\" content=\"2 minutes\" \/>\n<script type=\"application\/ld+json\" class=\"yoast-schema-graph\">{\"@context\":\"https:\\\/\\\/schema.org\",\"@graph\":[{\"@type\":\"WebPage\",\"@id\":\"https:\\\/\\\/www.guayapi.com\\\/boutique\\\/produit\\\/lapacho-poudre\\\/\",\"url\":\"https:\\\/\\\/www.guayapi.com\\\/boutique\\\/produit\\\/lapacho-poudre\\\/\",\"name\":\"Lapacho (Tecoma Adenophylla) Poudre - Guayapi\",\"isPartOf\":{\"@id\":\"https:\\\/\\\/www.guayapi.com\\\/boutique\\\/#website\"},\"primaryImageOfPage\":{\"@id\":\"https:\\\/\\\/www.guayapi.com\\\/boutique\\\/produit\\\/lapacho-poudre\\\/#primaryimage\"},\"image\":{\"@id\":\"https:\\\/\\\/www.guayapi.com\\\/boutique\\\/produit\\\/lapacho-poudre\\\/#primaryimage\"},\"thumbnailUrl\":\"https:\\\/\\\/www.guayapi.com\\\/boutique\\\/wp-content\\\/uploads\\\/2017\\\/04\\\/lapacho-poudre-removebg-preview-e1669647057671.png\",\"datePublished\":\"2017-04-05T13:52:43+00:00\",\"dateModified\":\"2026-01-02T11:53:29+00:00\",\"breadcrumb\":{\"@id\":\"https:\\\/\\\/www.guayapi.com\\\/boutique\\\/produit\\\/lapacho-poudre\\\/#breadcrumb\"},\"inLanguage\":\"fr-FR\",\"potentialAction\":[{\"@type\":\"ReadAction\",\"target\":[\"https:\\\/\\\/www.guayapi.com\\\/boutique\\\/produit\\\/lapacho-poudre\\\/\"]}]},{\"@type\":\"ImageObject\",\"inLanguage\":\"fr-FR\",\"@id\":\"https:\\\/\\\/www.guayapi.com\\\/boutique\\\/produit\\\/lapacho-poudre\\\/#primaryimage\",\"url\":\"https:\\\/\\\/www.guayapi.com\\\/boutique\\\/wp-content\\\/uploads\\\/2017\\\/04\\\/lapacho-poudre-removebg-preview-e1669647057671.png\",\"contentUrl\":\"https:\\\/\\\/www.guayapi.com\\\/boutique\\\/wp-content\\\/uploads\\\/2017\\\/04\\\/lapacho-poudre-removebg-preview-e1669647057671.png\",\"width\":252,\"height\":471},{\"@type\":\"BreadcrumbList\",\"@id\":\"https:\\\/\\\/www.guayapi.com\\\/boutique\\\/produit\\\/lapacho-poudre\\\/#breadcrumb\",\"itemListElement\":[{\"@type\":\"ListItem\",\"position\":1,\"name\":\"Accueil\",\"item\":\"https:\\\/\\\/www.guayapi.com\\\/boutique\\\/\"},{\"@type\":\"ListItem\",\"position\":2,\"name\":\"Boutique\",\"item\":\"https:\\\/\\\/www.guayapi.com\\\/boutique\\\/\"},{\"@type\":\"ListItem\",\"position\":3,\"name\":\"Lapacho (Tecoma Adenophylla) Poudre\"}]},{\"@type\":\"WebSite\",\"@id\":\"https:\\\/\\\/www.guayapi.com\\\/boutique\\\/#website\",\"url\":\"https:\\\/\\\/www.guayapi.com\\\/boutique\\\/\",\"name\":\"Guayapi\",\"description\":\"Super-aliments \u2022 \u00c9picerie fine \u2022 Cosm\u00e9tiques\",\"potentialAction\":[{\"@type\":\"SearchAction\",\"target\":{\"@type\":\"EntryPoint\",\"urlTemplate\":\"https:\\\/\\\/www.guayapi.com\\\/boutique\\\/?s={search_term_string}\"},\"query-input\":{\"@type\":\"PropertyValueSpecification\",\"valueRequired\":true,\"valueName\":\"search_term_string\"}}],\"inLanguage\":\"fr-FR\"}]}<\/script>","yoast_head_json":{"title":"Lapacho (Tecoma Adenophylla) Poudre - Guayapi","robots":{"index":"index","follow":"follow","max-snippet":"max-snippet:-1","max-image-preview":"max-image-preview:large","max-video-preview":"max-video-preview:-1"},"canonical":"https:\/\/www.guayapi.com\/boutique\/produit\/lapacho-poudre\/","og_locale":"fr_FR","og_type":"article","og_title":"Lapacho (Tecoma Adenophylla) Poudre - Guayapi","og_description":"\u00ab la s\u00e8ve du corps \u00bb  Detox - Syst\u00e8me vasculaire  (456\u20ac\/kg)","og_url":"https:\/\/www.guayapi.com\/boutique\/produit\/lapacho-poudre\/","og_site_name":"Guayapi","article_modified_time":"2026-01-02T11:53:29+00:00","og_image":[{"width":252,"height":471,"url":"https:\/\/www.guayapi.com\/boutique\/wp-content\/uploads\/2017\/04\/lapacho-poudre-removebg-preview-e1669647057671.png","type":"image\/png"}],"twitter_card":"summary_large_image","twitter_misc":{"Dur\u00e9e de lecture estim\u00e9e":"2 minutes"},"schema":{"@context":"https:\/\/schema.org","@graph":[{"@type":"WebPage","@id":"https:\/\/www.guayapi.com\/boutique\/produit\/lapacho-poudre\/","url":"https:\/\/www.guayapi.com\/boutique\/produit\/lapacho-poudre\/","name":"Lapacho (Tecoma Adenophylla) Poudre - Guayapi","isPartOf":{"@id":"https:\/\/www.guayapi.com\/boutique\/#website"},"primaryImageOfPage":{"@id":"https:\/\/www.guayapi.com\/boutique\/produit\/lapacho-poudre\/#primaryimage"},"image":{"@id":"https:\/\/www.guayapi.com\/boutique\/produit\/lapacho-poudre\/#primaryimage"},"thumbnailUrl":"https:\/\/www.guayapi.com\/boutique\/wp-content\/uploads\/2017\/04\/lapacho-poudre-removebg-preview-e1669647057671.png","datePublished":"2017-04-05T13:52:43+00:00","dateModified":"2026-01-02T11:53:29+00:00","breadcrumb":{"@id":"https:\/\/www.guayapi.com\/boutique\/produit\/lapacho-poudre\/#breadcrumb"},"inLanguage":"fr-FR","potentialAction":[{"@type":"ReadAction","target":["https:\/\/www.guayapi.com\/boutique\/produit\/lapacho-poudre\/"]}]},{"@type":"ImageObject","inLanguage":"fr-FR","@id":"https:\/\/www.guayapi.com\/boutique\/produit\/lapacho-poudre\/#primaryimage","url":"https:\/\/www.guayapi.com\/boutique\/wp-content\/uploads\/2017\/04\/lapacho-poudre-removebg-preview-e1669647057671.png","contentUrl":"https:\/\/www.guayapi.com\/boutique\/wp-content\/uploads\/2017\/04\/lapacho-poudre-removebg-preview-e1669647057671.png","width":252,"height":471},{"@type":"BreadcrumbList","@id":"https:\/\/www.guayapi.com\/boutique\/produit\/lapacho-poudre\/#breadcrumb","itemListElement":[{"@type":"ListItem","position":1,"name":"Accueil","item":"https:\/\/www.guayapi.com\/boutique\/"},{"@type":"ListItem","position":2,"name":"Boutique","item":"https:\/\/www.guayapi.com\/boutique\/"},{"@type":"ListItem","position":3,"name":"Lapacho (Tecoma Adenophylla) Poudre"}]},{"@type":"WebSite","@id":"https:\/\/www.guayapi.com\/boutique\/#website","url":"https:\/\/www.guayapi.com\/boutique\/","name":"Guayapi","description":"Super-aliments \u2022 \u00c9picerie fine \u2022 Cosm\u00e9tiques","potentialAction":[{"@type":"SearchAction","target":{"@type":"EntryPoint","urlTemplate":"https:\/\/www.guayapi.com\/boutique\/?s={search_term_string}"},"query-input":{"@type":"PropertyValueSpecification","valueRequired":true,"valueName":"search_term_string"}}],"inLanguage":"fr-FR"}]}},"_links":{"self":[{"href":"https:\/\/www.guayapi.com\/boutique\/wp-json\/wp\/v2\/product\/2007","targetHints":{"allow":["GET"]}}],"collection":[{"href":"https:\/\/www.guayapi.com\/boutique\/wp-json\/wp\/v2\/product"}],"about":[{"href":"https:\/\/www.guayapi.com\/boutique\/wp-json\/wp\/v2\/types\/product"}],"wp:featuredmedia":[{"embeddable":true,"href":"https:\/\/www.guayapi.com\/boutique\/wp-json\/wp\/v2\/media\/45167"}],"wp:attachment":[{"href":"https:\/\/www.guayapi.com\/boutique\/wp-json\/wp\/v2\/media?parent=2007"}],"wp:term":[{"taxonomy":"product_brand","embeddable":true,"href":"https:\/\/www.guayapi.com\/boutique\/wp-json\/wp\/v2\/product_brand?post=2007"},{"taxonomy":"product_cat","embeddable":true,"href":"https:\/\/www.guayapi.com\/boutique\/wp-json\/wp\/v2\/product_cat?post=2007"},{"taxonomy":"product_tag","embeddable":true,"href":"https:\/\/www.guayapi.com\/boutique\/wp-json\/wp\/v2\/product_tag?post=2007"}],"curies":[{"name":"wp","href":"https:\/\/api.w.org\/{rel}","templated":true}]}}