{"id":2019,"date":"2017-04-05T17:04:12","date_gmt":"2017-04-05T15:04:12","guid":{"rendered":"http:\/\/www.guayapi.com\/boutique\/?post_type=product&#038;p=2019"},"modified":"2026-01-02T11:38:16","modified_gmt":"2026-01-02T10:38:16","slug":"complexe-depurimum","status":"publish","type":"product","link":"https:\/\/www.guayapi.com\/boutique\/produit\/complexe-depurimum\/","title":{"rendered":"Depurimun"},"content":{"rendered":"<p>Synergie de Baccharis et de Lapacho (Tecoma)<\/p>\n<p>Conseils d\u2019utilisation : prendre 1 ampoule 2 fois par jour, de pr\u00e9f\u00e9rence avant le petit d\u00e9jeuner et avant l\u2019un des principaux repas. A d\u00e9poser directement sous la langue, pur ou dilu\u00e9 avec de l\u2019eau, durant des p\u00e9riodes de 2 \u00e0 3 semaines, et ponctuellement durant 10 jours.<\/p>\n<p>Format : Lot de deux complexes: 20 ampoules de 5ml.<\/p>\n<p><iframe title=\"\ud83c\udf42 Quels Superaliments pour les changements de saison ? \u2728#guayapi #detox #instagood\" width=\"422\" height=\"750\" src=\"https:\/\/www.youtube-nocookie.com\/embed\/kV8EaDSuBu4?feature=oembed\" frameborder=\"0\" allow=\"accelerometer; autoplay; clipboard-write; encrypted-media; gyroscope; picture-in-picture; web-share\" referrerpolicy=\"strict-origin-when-cross-origin\" allowfullscreen><\/iframe><\/p>\n<p>INFORMATION NUTRITIONNELLE POUR 100 ML:<\/p>\n<p>Valeur \u00e9nerg\u00e9tique:<br \/>\nKcal 212;<br \/>\nKJ 888<\/p>\n<p>Lipides: 0,8 g;<br \/>\nDont acides gras satur\u00e9s: 0,4 g<\/p>\n<p>Glucides: 46,4 g;<br \/>\nDont sucres: 0,4 g<\/p>\n<p>Prot\u00e9ines: 0,4 g<\/p>\n<p>Sel: 0 g<\/p>\n<p>&nbsp;<\/p>\n<p>INFORMATION NUTRITIONNELLE PAR PORTION DE 1 AMPOULE (SOIT 5ML):<\/p>\n<p>Valeur \u00e9nerg\u00e9tique:<br \/>\nKcal 10,6;<br \/>\nKJ 44,4<\/p>\n<p>Lipides: 0,04 g;<br \/>\nDont acides gras satur\u00e9s: 0,02 g<\/p>\n<p>Glucides: 2,32 g;<br \/>\nDont sucres: 0,02 g<\/p>\n<p>Prot\u00e9ines: 0,02 g<\/p>\n<p>Sel: 0 g<\/p>\n<p>&nbsp;<\/p>\n<p><span style=\"font-size: 8pt\"><em>COMPL\u00c9MENT ALIMENTAIRE. TENIR HORS DE PORT\u00c9E DES JEUNES ENFANTS. NE PEUT SE SUBSTITUER \u00c0 UN R\u00c9GIME ALIMENTAIRE VARI\u00c9, NI \u00c0 UN MODE DE VIE SAIN. \u00c0 CONSOMMER DE PR\u00c9F\u00c9RENCE AVANT FIN : VOIR AU FOND DE LA BO\u00ceTE.<\/em><\/span><\/p>\n","protected":false},"excerpt":{"rendered":"<p>Synergie de Baccharis et de Lapacho (Tecoma)<\/p>\n<p>(224\u20ac\/L)<\/p>\n","protected":false},"featured_media":43769,"template":"","meta":{"_acf_changed":false},"product_brand":[],"product_cat":[7],"product_tag":[493],"class_list":{"0":"post-2019","1":"product","2":"type-product","3":"status-publish","4":"has-post-thumbnail","6":"product_cat-super-aliments","7":"product_tag-changement-de-saison-fr","9":"first","10":"instock","11":"sale","12":"taxable","13":"shipping-taxable","14":"purchasable","15":"product-type-simple"},"acf":[],"yoast_head":"<title>Depurimun - Guayapi<\/title>\n<meta name=\"robots\" content=\"index, follow, max-snippet:-1, max-image-preview:large, max-video-preview:-1\" \/>\n<link rel=\"canonical\" href=\"https:\/\/www.guayapi.com\/boutique\/produit\/complexe-depurimum\/\" \/>\n<meta property=\"og:locale\" content=\"fr_FR\" \/>\n<meta property=\"og:type\" content=\"article\" \/>\n<meta property=\"og:title\" content=\"Depurimun - Guayapi\" \/>\n<meta property=\"og:description\" content=\"Synergie de Baccharis et de Lapacho (Tecoma)  (224\u20ac\/L)\" \/>\n<meta property=\"og:url\" content=\"https:\/\/www.guayapi.com\/boutique\/produit\/complexe-depurimum\/\" \/>\n<meta property=\"og:site_name\" content=\"Guayapi\" \/>\n<meta property=\"article:modified_time\" content=\"2026-01-02T10:38:16+00:00\" \/>\n<meta property=\"og:image\" content=\"https:\/\/www.guayapi.com\/boutique\/wp-content\/uploads\/2017\/04\/guayapi-depurimun.png\" \/>\n\t<meta property=\"og:image:width\" content=\"408\" \/>\n\t<meta property=\"og:image:height\" content=\"612\" \/>\n\t<meta property=\"og:image:type\" content=\"image\/png\" \/>\n<meta name=\"twitter:card\" content=\"summary_large_image\" \/>\n<meta name=\"twitter:label1\" content=\"Dur\u00e9e de lecture estim\u00e9e\" \/>\n\t<meta name=\"twitter:data1\" content=\"2 minutes\" \/>\n<script type=\"application\/ld+json\" class=\"yoast-schema-graph\">{\"@context\":\"https:\\\/\\\/schema.org\",\"@graph\":[{\"@type\":\"WebPage\",\"@id\":\"https:\\\/\\\/www.guayapi.com\\\/boutique\\\/produit\\\/complexe-depurimum\\\/\",\"url\":\"https:\\\/\\\/www.guayapi.com\\\/boutique\\\/produit\\\/complexe-depurimum\\\/\",\"name\":\"Depurimun - Guayapi\",\"isPartOf\":{\"@id\":\"https:\\\/\\\/www.guayapi.com\\\/boutique\\\/#website\"},\"primaryImageOfPage\":{\"@id\":\"https:\\\/\\\/www.guayapi.com\\\/boutique\\\/produit\\\/complexe-depurimum\\\/#primaryimage\"},\"image\":{\"@id\":\"https:\\\/\\\/www.guayapi.com\\\/boutique\\\/produit\\\/complexe-depurimum\\\/#primaryimage\"},\"thumbnailUrl\":\"https:\\\/\\\/www.guayapi.com\\\/boutique\\\/wp-content\\\/uploads\\\/2017\\\/04\\\/guayapi-depurimun.png\",\"datePublished\":\"2017-04-05T15:04:12+00:00\",\"dateModified\":\"2026-01-02T10:38:16+00:00\",\"breadcrumb\":{\"@id\":\"https:\\\/\\\/www.guayapi.com\\\/boutique\\\/produit\\\/complexe-depurimum\\\/#breadcrumb\"},\"inLanguage\":\"fr-FR\",\"potentialAction\":[{\"@type\":\"ReadAction\",\"target\":[\"https:\\\/\\\/www.guayapi.com\\\/boutique\\\/produit\\\/complexe-depurimum\\\/\"]}]},{\"@type\":\"ImageObject\",\"inLanguage\":\"fr-FR\",\"@id\":\"https:\\\/\\\/www.guayapi.com\\\/boutique\\\/produit\\\/complexe-depurimum\\\/#primaryimage\",\"url\":\"https:\\\/\\\/www.guayapi.com\\\/boutique\\\/wp-content\\\/uploads\\\/2017\\\/04\\\/guayapi-depurimun.png\",\"contentUrl\":\"https:\\\/\\\/www.guayapi.com\\\/boutique\\\/wp-content\\\/uploads\\\/2017\\\/04\\\/guayapi-depurimun.png\",\"width\":408,\"height\":612},{\"@type\":\"BreadcrumbList\",\"@id\":\"https:\\\/\\\/www.guayapi.com\\\/boutique\\\/produit\\\/complexe-depurimum\\\/#breadcrumb\",\"itemListElement\":[{\"@type\":\"ListItem\",\"position\":1,\"name\":\"Accueil\",\"item\":\"https:\\\/\\\/www.guayapi.com\\\/boutique\\\/\"},{\"@type\":\"ListItem\",\"position\":2,\"name\":\"Boutique\",\"item\":\"https:\\\/\\\/www.guayapi.com\\\/boutique\\\/\"},{\"@type\":\"ListItem\",\"position\":3,\"name\":\"Depurimun\"}]},{\"@type\":\"WebSite\",\"@id\":\"https:\\\/\\\/www.guayapi.com\\\/boutique\\\/#website\",\"url\":\"https:\\\/\\\/www.guayapi.com\\\/boutique\\\/\",\"name\":\"Guayapi\",\"description\":\"Super-aliments \u2022 \u00c9picerie fine \u2022 Cosm\u00e9tiques\",\"potentialAction\":[{\"@type\":\"SearchAction\",\"target\":{\"@type\":\"EntryPoint\",\"urlTemplate\":\"https:\\\/\\\/www.guayapi.com\\\/boutique\\\/?s={search_term_string}\"},\"query-input\":{\"@type\":\"PropertyValueSpecification\",\"valueRequired\":true,\"valueName\":\"search_term_string\"}}],\"inLanguage\":\"fr-FR\"}]}<\/script>","yoast_head_json":{"title":"Depurimun - Guayapi","robots":{"index":"index","follow":"follow","max-snippet":"max-snippet:-1","max-image-preview":"max-image-preview:large","max-video-preview":"max-video-preview:-1"},"canonical":"https:\/\/www.guayapi.com\/boutique\/produit\/complexe-depurimum\/","og_locale":"fr_FR","og_type":"article","og_title":"Depurimun - Guayapi","og_description":"Synergie de Baccharis et de Lapacho (Tecoma)  (224\u20ac\/L)","og_url":"https:\/\/www.guayapi.com\/boutique\/produit\/complexe-depurimum\/","og_site_name":"Guayapi","article_modified_time":"2026-01-02T10:38:16+00:00","og_image":[{"width":408,"height":612,"url":"https:\/\/www.guayapi.com\/boutique\/wp-content\/uploads\/2017\/04\/guayapi-depurimun.png","type":"image\/png"}],"twitter_card":"summary_large_image","twitter_misc":{"Dur\u00e9e de lecture estim\u00e9e":"2 minutes"},"schema":{"@context":"https:\/\/schema.org","@graph":[{"@type":"WebPage","@id":"https:\/\/www.guayapi.com\/boutique\/produit\/complexe-depurimum\/","url":"https:\/\/www.guayapi.com\/boutique\/produit\/complexe-depurimum\/","name":"Depurimun - Guayapi","isPartOf":{"@id":"https:\/\/www.guayapi.com\/boutique\/#website"},"primaryImageOfPage":{"@id":"https:\/\/www.guayapi.com\/boutique\/produit\/complexe-depurimum\/#primaryimage"},"image":{"@id":"https:\/\/www.guayapi.com\/boutique\/produit\/complexe-depurimum\/#primaryimage"},"thumbnailUrl":"https:\/\/www.guayapi.com\/boutique\/wp-content\/uploads\/2017\/04\/guayapi-depurimun.png","datePublished":"2017-04-05T15:04:12+00:00","dateModified":"2026-01-02T10:38:16+00:00","breadcrumb":{"@id":"https:\/\/www.guayapi.com\/boutique\/produit\/complexe-depurimum\/#breadcrumb"},"inLanguage":"fr-FR","potentialAction":[{"@type":"ReadAction","target":["https:\/\/www.guayapi.com\/boutique\/produit\/complexe-depurimum\/"]}]},{"@type":"ImageObject","inLanguage":"fr-FR","@id":"https:\/\/www.guayapi.com\/boutique\/produit\/complexe-depurimum\/#primaryimage","url":"https:\/\/www.guayapi.com\/boutique\/wp-content\/uploads\/2017\/04\/guayapi-depurimun.png","contentUrl":"https:\/\/www.guayapi.com\/boutique\/wp-content\/uploads\/2017\/04\/guayapi-depurimun.png","width":408,"height":612},{"@type":"BreadcrumbList","@id":"https:\/\/www.guayapi.com\/boutique\/produit\/complexe-depurimum\/#breadcrumb","itemListElement":[{"@type":"ListItem","position":1,"name":"Accueil","item":"https:\/\/www.guayapi.com\/boutique\/"},{"@type":"ListItem","position":2,"name":"Boutique","item":"https:\/\/www.guayapi.com\/boutique\/"},{"@type":"ListItem","position":3,"name":"Depurimun"}]},{"@type":"WebSite","@id":"https:\/\/www.guayapi.com\/boutique\/#website","url":"https:\/\/www.guayapi.com\/boutique\/","name":"Guayapi","description":"Super-aliments \u2022 \u00c9picerie fine \u2022 Cosm\u00e9tiques","potentialAction":[{"@type":"SearchAction","target":{"@type":"EntryPoint","urlTemplate":"https:\/\/www.guayapi.com\/boutique\/?s={search_term_string}"},"query-input":{"@type":"PropertyValueSpecification","valueRequired":true,"valueName":"search_term_string"}}],"inLanguage":"fr-FR"}]}},"_links":{"self":[{"href":"https:\/\/www.guayapi.com\/boutique\/wp-json\/wp\/v2\/product\/2019","targetHints":{"allow":["GET"]}}],"collection":[{"href":"https:\/\/www.guayapi.com\/boutique\/wp-json\/wp\/v2\/product"}],"about":[{"href":"https:\/\/www.guayapi.com\/boutique\/wp-json\/wp\/v2\/types\/product"}],"wp:featuredmedia":[{"embeddable":true,"href":"https:\/\/www.guayapi.com\/boutique\/wp-json\/wp\/v2\/media\/43769"}],"wp:attachment":[{"href":"https:\/\/www.guayapi.com\/boutique\/wp-json\/wp\/v2\/media?parent=2019"}],"wp:term":[{"taxonomy":"product_brand","embeddable":true,"href":"https:\/\/www.guayapi.com\/boutique\/wp-json\/wp\/v2\/product_brand?post=2019"},{"taxonomy":"product_cat","embeddable":true,"href":"https:\/\/www.guayapi.com\/boutique\/wp-json\/wp\/v2\/product_cat?post=2019"},{"taxonomy":"product_tag","embeddable":true,"href":"https:\/\/www.guayapi.com\/boutique\/wp-json\/wp\/v2\/product_tag?post=2019"}],"curies":[{"name":"wp","href":"https:\/\/api.w.org\/{rel}","templated":true}]}}