{"id":2023,"date":"2017-04-05T17:24:21","date_gmt":"2017-04-05T15:24:21","guid":{"rendered":"http:\/\/www.guayapi.com\/boutique\/?post_type=product&#038;p=2023"},"modified":"2026-01-02T12:21:03","modified_gmt":"2026-01-02T11:21:03","slug":"complexe-guayafine","status":"publish","type":"product","link":"https:\/\/www.guayapi.com\/boutique\/produit\/complexe-guayafine\/","title":{"rendered":"Guayafine"},"content":{"rendered":"<p>Association unique de Warana (Guarana des terres d\u2019origine), adjuavant des r\u00e9gimes hypocaloriques, th\u00e9 vert et caf\u00e9 vert, Baccharis trimera et nopal.<\/p>\n<p>Origine : Amazonie, Sri Lanka, Mexique<\/p>\n<p>Conseils d\u2019utilisation : 1 ampoule 1 \u00e0 2 fois par jour de pr\u00e9f\u00e9rence avant le petit d\u00e9jeuner et d\u00e9jeuner. A poser directement sous la langue, pur ou dilu\u00e9 dans un liquide froid, pendant des p\u00e9riodes de 1 \u00e0 3 mois, et ponctuellement.<\/p>\n<p>Format : bo\u00eete de 20 ampoules de 5ml.<\/p>\n<p>INFORMATION NUTRITIONNELLE POUR 100 ML:<\/p>\n<p>Valeur \u00e9nerg\u00e9tique:<br \/>\nKcal 200;<br \/>\nKJ 880<\/p>\n<p>Lipides: 2 g;<br \/>\nDont acides gras satur\u00e9s: 0,02 g<\/p>\n<p>Glucides: 49 g;<br \/>\nDont sucres: 0,2 g<\/p>\n<p>Prot\u00e9ines: 0,2 g<\/p>\n<p>Sel: 0g<\/p>\n<p>INFORMATION NUTRITIONNELLE POUR UNE AMPOULE, SOIT 5 ML:<\/p>\n<p>Valeur \u00e9nerg\u00e9tique:<br \/>\nKcal 10;<br \/>\nKJ 44<\/p>\n<p>Lipides: 0,1 g;<br \/>\nDont acides gras satur\u00e9s: 0 g<\/p>\n<p>Glucides: 2,45 g;<br \/>\nDont sucres: 0,01 g<\/p>\n<p>Prot\u00e9ines: 0,01 g<\/p>\n<p>Sel: 0g<\/p>\n<p><span style=\"font-size: 8pt\"><em>COMPL\u00c9MENT ALIMENTAIRE. TENIR HORS DE PORT\u00c9E DES JEUNES ENFANTS. NE PEUT SE SUBSTITUER \u00c0 UN R\u00c9GIME ALIMENTAIRE VARI\u00c9, NI \u00c0 UN MODE DE VIE SAIN. \u00c0 CONSOMMER DE PR\u00c9F\u00c9RENCE AVANT FIN : VOIR AU FOND DE LA BO\u00ceTE.<\/em><\/span><\/p>\n<p>DLUO (DDM) 30\/09\/2024. La Date de Durabilit\u00e9 Minimale (DDM) est seulement indicative, vous pouvez consommer le produit une fois la date pass\u00e9e : https:\/\/www.service-public.fr\/particuliers\/vosdroits\/F10990<\/p>\n","protected":false},"excerpt":{"rendered":"<p>\u00ab Synergie l\u00e9g\u00e8re \u00bb<\/p>\n<p>(228\u20ac\/L)<\/p>\n","protected":false},"featured_media":35167,"template":"","meta":{"_acf_changed":false},"product_brand":[],"product_cat":[7],"product_tag":[404],"class_list":{"0":"post-2023","1":"product","2":"type-product","3":"status-publish","4":"has-post-thumbnail","6":"product_cat-super-aliments","7":"product_tag-silhouette-en-fr","9":"first","10":"instock","11":"sale","12":"taxable","13":"shipping-taxable","14":"purchasable","15":"product-type-simple"},"acf":[],"yoast_head":"<title>Guayafine - Guayapi<\/title>\n<meta name=\"robots\" content=\"index, follow, max-snippet:-1, max-image-preview:large, max-video-preview:-1\" \/>\n<link rel=\"canonical\" href=\"https:\/\/www.guayapi.com\/boutique\/produit\/complexe-guayafine\/\" \/>\n<meta property=\"og:locale\" content=\"fr_FR\" \/>\n<meta property=\"og:type\" content=\"article\" \/>\n<meta property=\"og:title\" content=\"Guayafine - Guayapi\" \/>\n<meta property=\"og:description\" content=\"\u00ab Synergie l\u00e9g\u00e8re \u00bb  (228\u20ac\/L)\" \/>\n<meta property=\"og:url\" content=\"https:\/\/www.guayapi.com\/boutique\/produit\/complexe-guayafine\/\" \/>\n<meta property=\"og:site_name\" content=\"Guayapi\" \/>\n<meta property=\"article:modified_time\" content=\"2026-01-02T11:21:03+00:00\" \/>\n<meta property=\"og:image\" content=\"https:\/\/www.guayapi.com\/boutique\/wp-content\/uploads\/2017\/04\/whatsapp-image-2021-12-16-at-15.21.19-removebg-preview-e1639729655589.png\" \/>\n\t<meta property=\"og:image:width\" content=\"356\" \/>\n\t<meta property=\"og:image:height\" content=\"468\" \/>\n\t<meta property=\"og:image:type\" content=\"image\/png\" \/>\n<meta name=\"twitter:card\" content=\"summary_large_image\" \/>\n<meta name=\"twitter:label1\" content=\"Dur\u00e9e de lecture estim\u00e9e\" \/>\n\t<meta name=\"twitter:data1\" content=\"2 minutes\" \/>\n<script type=\"application\/ld+json\" class=\"yoast-schema-graph\">{\"@context\":\"https:\\\/\\\/schema.org\",\"@graph\":[{\"@type\":\"WebPage\",\"@id\":\"https:\\\/\\\/www.guayapi.com\\\/boutique\\\/produit\\\/complexe-guayafine\\\/\",\"url\":\"https:\\\/\\\/www.guayapi.com\\\/boutique\\\/produit\\\/complexe-guayafine\\\/\",\"name\":\"Guayafine - Guayapi\",\"isPartOf\":{\"@id\":\"https:\\\/\\\/www.guayapi.com\\\/boutique\\\/#website\"},\"primaryImageOfPage\":{\"@id\":\"https:\\\/\\\/www.guayapi.com\\\/boutique\\\/produit\\\/complexe-guayafine\\\/#primaryimage\"},\"image\":{\"@id\":\"https:\\\/\\\/www.guayapi.com\\\/boutique\\\/produit\\\/complexe-guayafine\\\/#primaryimage\"},\"thumbnailUrl\":\"https:\\\/\\\/www.guayapi.com\\\/boutique\\\/wp-content\\\/uploads\\\/2017\\\/04\\\/whatsapp-image-2021-12-16-at-15.21.19-removebg-preview-e1639729655589.png\",\"datePublished\":\"2017-04-05T15:24:21+00:00\",\"dateModified\":\"2026-01-02T11:21:03+00:00\",\"breadcrumb\":{\"@id\":\"https:\\\/\\\/www.guayapi.com\\\/boutique\\\/produit\\\/complexe-guayafine\\\/#breadcrumb\"},\"inLanguage\":\"fr-FR\",\"potentialAction\":[{\"@type\":\"ReadAction\",\"target\":[\"https:\\\/\\\/www.guayapi.com\\\/boutique\\\/produit\\\/complexe-guayafine\\\/\"]}]},{\"@type\":\"ImageObject\",\"inLanguage\":\"fr-FR\",\"@id\":\"https:\\\/\\\/www.guayapi.com\\\/boutique\\\/produit\\\/complexe-guayafine\\\/#primaryimage\",\"url\":\"https:\\\/\\\/www.guayapi.com\\\/boutique\\\/wp-content\\\/uploads\\\/2017\\\/04\\\/whatsapp-image-2021-12-16-at-15.21.19-removebg-preview-e1639729655589.png\",\"contentUrl\":\"https:\\\/\\\/www.guayapi.com\\\/boutique\\\/wp-content\\\/uploads\\\/2017\\\/04\\\/whatsapp-image-2021-12-16-at-15.21.19-removebg-preview-e1639729655589.png\",\"width\":356,\"height\":468},{\"@type\":\"BreadcrumbList\",\"@id\":\"https:\\\/\\\/www.guayapi.com\\\/boutique\\\/produit\\\/complexe-guayafine\\\/#breadcrumb\",\"itemListElement\":[{\"@type\":\"ListItem\",\"position\":1,\"name\":\"Accueil\",\"item\":\"https:\\\/\\\/www.guayapi.com\\\/boutique\\\/\"},{\"@type\":\"ListItem\",\"position\":2,\"name\":\"Boutique\",\"item\":\"https:\\\/\\\/www.guayapi.com\\\/boutique\\\/\"},{\"@type\":\"ListItem\",\"position\":3,\"name\":\"Guayafine\"}]},{\"@type\":\"WebSite\",\"@id\":\"https:\\\/\\\/www.guayapi.com\\\/boutique\\\/#website\",\"url\":\"https:\\\/\\\/www.guayapi.com\\\/boutique\\\/\",\"name\":\"Guayapi\",\"description\":\"Super-aliments \u2022 \u00c9picerie fine \u2022 Cosm\u00e9tiques\",\"potentialAction\":[{\"@type\":\"SearchAction\",\"target\":{\"@type\":\"EntryPoint\",\"urlTemplate\":\"https:\\\/\\\/www.guayapi.com\\\/boutique\\\/?s={search_term_string}\"},\"query-input\":{\"@type\":\"PropertyValueSpecification\",\"valueRequired\":true,\"valueName\":\"search_term_string\"}}],\"inLanguage\":\"fr-FR\"}]}<\/script>","yoast_head_json":{"title":"Guayafine - Guayapi","robots":{"index":"index","follow":"follow","max-snippet":"max-snippet:-1","max-image-preview":"max-image-preview:large","max-video-preview":"max-video-preview:-1"},"canonical":"https:\/\/www.guayapi.com\/boutique\/produit\/complexe-guayafine\/","og_locale":"fr_FR","og_type":"article","og_title":"Guayafine - Guayapi","og_description":"\u00ab Synergie l\u00e9g\u00e8re \u00bb  (228\u20ac\/L)","og_url":"https:\/\/www.guayapi.com\/boutique\/produit\/complexe-guayafine\/","og_site_name":"Guayapi","article_modified_time":"2026-01-02T11:21:03+00:00","og_image":[{"width":356,"height":468,"url":"https:\/\/www.guayapi.com\/boutique\/wp-content\/uploads\/2017\/04\/whatsapp-image-2021-12-16-at-15.21.19-removebg-preview-e1639729655589.png","type":"image\/png"}],"twitter_card":"summary_large_image","twitter_misc":{"Dur\u00e9e de lecture estim\u00e9e":"2 minutes"},"schema":{"@context":"https:\/\/schema.org","@graph":[{"@type":"WebPage","@id":"https:\/\/www.guayapi.com\/boutique\/produit\/complexe-guayafine\/","url":"https:\/\/www.guayapi.com\/boutique\/produit\/complexe-guayafine\/","name":"Guayafine - Guayapi","isPartOf":{"@id":"https:\/\/www.guayapi.com\/boutique\/#website"},"primaryImageOfPage":{"@id":"https:\/\/www.guayapi.com\/boutique\/produit\/complexe-guayafine\/#primaryimage"},"image":{"@id":"https:\/\/www.guayapi.com\/boutique\/produit\/complexe-guayafine\/#primaryimage"},"thumbnailUrl":"https:\/\/www.guayapi.com\/boutique\/wp-content\/uploads\/2017\/04\/whatsapp-image-2021-12-16-at-15.21.19-removebg-preview-e1639729655589.png","datePublished":"2017-04-05T15:24:21+00:00","dateModified":"2026-01-02T11:21:03+00:00","breadcrumb":{"@id":"https:\/\/www.guayapi.com\/boutique\/produit\/complexe-guayafine\/#breadcrumb"},"inLanguage":"fr-FR","potentialAction":[{"@type":"ReadAction","target":["https:\/\/www.guayapi.com\/boutique\/produit\/complexe-guayafine\/"]}]},{"@type":"ImageObject","inLanguage":"fr-FR","@id":"https:\/\/www.guayapi.com\/boutique\/produit\/complexe-guayafine\/#primaryimage","url":"https:\/\/www.guayapi.com\/boutique\/wp-content\/uploads\/2017\/04\/whatsapp-image-2021-12-16-at-15.21.19-removebg-preview-e1639729655589.png","contentUrl":"https:\/\/www.guayapi.com\/boutique\/wp-content\/uploads\/2017\/04\/whatsapp-image-2021-12-16-at-15.21.19-removebg-preview-e1639729655589.png","width":356,"height":468},{"@type":"BreadcrumbList","@id":"https:\/\/www.guayapi.com\/boutique\/produit\/complexe-guayafine\/#breadcrumb","itemListElement":[{"@type":"ListItem","position":1,"name":"Accueil","item":"https:\/\/www.guayapi.com\/boutique\/"},{"@type":"ListItem","position":2,"name":"Boutique","item":"https:\/\/www.guayapi.com\/boutique\/"},{"@type":"ListItem","position":3,"name":"Guayafine"}]},{"@type":"WebSite","@id":"https:\/\/www.guayapi.com\/boutique\/#website","url":"https:\/\/www.guayapi.com\/boutique\/","name":"Guayapi","description":"Super-aliments \u2022 \u00c9picerie fine \u2022 Cosm\u00e9tiques","potentialAction":[{"@type":"SearchAction","target":{"@type":"EntryPoint","urlTemplate":"https:\/\/www.guayapi.com\/boutique\/?s={search_term_string}"},"query-input":{"@type":"PropertyValueSpecification","valueRequired":true,"valueName":"search_term_string"}}],"inLanguage":"fr-FR"}]}},"_links":{"self":[{"href":"https:\/\/www.guayapi.com\/boutique\/wp-json\/wp\/v2\/product\/2023","targetHints":{"allow":["GET"]}}],"collection":[{"href":"https:\/\/www.guayapi.com\/boutique\/wp-json\/wp\/v2\/product"}],"about":[{"href":"https:\/\/www.guayapi.com\/boutique\/wp-json\/wp\/v2\/types\/product"}],"wp:featuredmedia":[{"embeddable":true,"href":"https:\/\/www.guayapi.com\/boutique\/wp-json\/wp\/v2\/media\/35167"}],"wp:attachment":[{"href":"https:\/\/www.guayapi.com\/boutique\/wp-json\/wp\/v2\/media?parent=2023"}],"wp:term":[{"taxonomy":"product_brand","embeddable":true,"href":"https:\/\/www.guayapi.com\/boutique\/wp-json\/wp\/v2\/product_brand?post=2023"},{"taxonomy":"product_cat","embeddable":true,"href":"https:\/\/www.guayapi.com\/boutique\/wp-json\/wp\/v2\/product_cat?post=2023"},{"taxonomy":"product_tag","embeddable":true,"href":"https:\/\/www.guayapi.com\/boutique\/wp-json\/wp\/v2\/product_tag?post=2023"}],"curies":[{"name":"wp","href":"https:\/\/api.w.org\/{rel}","templated":true}]}}