{"id":2025,"date":"2017-04-06T14:59:43","date_gmt":"2017-04-06T12:59:43","guid":{"rendered":"http:\/\/www.guayapi.com\/boutique\/?post_type=product&#038;p=2025"},"modified":"2026-01-02T13:00:49","modified_gmt":"2026-01-02T12:00:49","slug":"maca-bio","status":"publish","type":"product","link":"https:\/\/www.guayapi.com\/boutique\/produit\/maca-bio\/","title":{"rendered":"Maca Bio"},"content":{"rendered":"<p>\u00ab Plante \u00e0 racine naturelle des hautes Andes p\u00e9ruviennes \u00bb<br \/>\nRevitalisante, la Maca est conseill\u00e9e pour maintenir vitalit\u00e9 et endurance optimales. Pendant la m\u00e9nopause, elle apporte des phytoestrog\u00e8ne. Stimule d\u00e9sir. Influence b\u00e9n\u00e9fique sur la fertilit\u00e9.<\/p>\n<p>Origine : Andes P\u00e9ruviennes, Huancayo.<br \/>\nPartie utilis\u00e9e : racine.<\/p>\n<p>Conseils d\u2019utilisation : 1 cc ou par jour avant les repas dans une boisson froide pendant 2 \u00e0 3 semaine. A renouveler.<\/p>\n<p>INFORMATIONS NUTRITIONNELLES POUR 100 GRAMMES:<\/p>\n<p>Valeur \u00e9nerg\u00e9tique:<br \/>\nKcal 359;<br \/>\nKJ 1500<\/p>\n<p>Lipides: 0,76 g;<br \/>\nDont acides gras satur\u00e9s: 0,25g<\/p>\n<p>Glucides: 77,9 g;<br \/>\nDont sucres: 19,6 g<\/p>\n<p>Prot\u00e9ines: 10,01 g<\/p>\n<p>Sel: 0,39 g<\/p>\n<p>INFORMATION NUTRITIONNELLE PAR PORTION DE 2 GRAMMES (1 CUILL\u00c8RE \u00c0 CAF\u00c9)<\/p>\n<p>Valeur \u00e9nerg\u00e9tique:<br \/>\nKcal 7,2;<br \/>\nKJ 39<\/p>\n<p>Lipides: 0,02 g;<br \/>\nDont acides gras satur\u00e9s: 0,01g<\/p>\n<p>Glucides: 1,56 g;<br \/>\nDont sucres: 0,39 g<\/p>\n<p>Prot\u00e9ines: 0,2 g<\/p>\n<p>Sel: 0,01 g<\/p>\n<p><span style=\"font-size: 8pt\"><em>COMPL\u00c9MENT ALIMENTAIRE. TENIR HORS DE PORT\u00c9E DES JEUNES ENFANTS. NE PEUT SE SUBSTITUER \u00c0 UN R\u00c9GIME ALIMENTAIRE VARI\u00c9, NI \u00c0 UN MODE DE VIE SAIN. \u00c0 CONSOMMER DE PR\u00c9F\u00c9RENCE AVANT FIN : VOIR AU FOND DE LA BO\u00ceTE<\/em><\/span><\/p>\n","protected":false},"excerpt":{"rendered":"<p>\u00ab Plante \u00e0 racine naturelle des hautes Andes p\u00e9ruviennes \u00bb<\/p>\n<p>Le Super-Aliment adaptog\u00e8ne!<\/p>\n<p>(132\u20ac\/kg)<\/p>\n","protected":false},"featured_media":43840,"template":"","meta":{"_acf_changed":false},"product_brand":[],"product_cat":[7],"product_tag":[17,294],"class_list":{"0":"post-2025","1":"product","2":"type-product","3":"status-publish","4":"has-post-thumbnail","6":"product_cat-super-aliments","7":"product_tag-sport","8":"product_tag-fertilite","10":"first","11":"instock","12":"taxable","13":"shipping-taxable","14":"purchasable","15":"product-type-simple"},"acf":[],"yoast_head":"<title>Maca Bio - Guayapi<\/title>\n<meta name=\"robots\" content=\"index, follow, max-snippet:-1, max-image-preview:large, max-video-preview:-1\" \/>\n<link rel=\"canonical\" href=\"https:\/\/www.guayapi.com\/boutique\/produit\/maca-bio\/\" \/>\n<meta property=\"og:locale\" content=\"fr_FR\" \/>\n<meta property=\"og:type\" content=\"article\" \/>\n<meta property=\"og:title\" content=\"Maca Bio - Guayapi\" \/>\n<meta property=\"og:description\" content=\"\u00ab Plante \u00e0 racine naturelle des hautes Andes p\u00e9ruviennes \u00bb  Le Super-Aliment adaptog\u00e8ne!  (132\u20ac\/kg)\" \/>\n<meta property=\"og:url\" content=\"https:\/\/www.guayapi.com\/boutique\/produit\/maca-bio\/\" \/>\n<meta property=\"og:site_name\" content=\"Guayapi\" \/>\n<meta property=\"article:modified_time\" content=\"2026-01-02T12:00:49+00:00\" \/>\n<meta property=\"og:image\" content=\"https:\/\/www.guayapi.com\/boutique\/wp-content\/uploads\/2017\/04\/capture-d-ecran-2022-10-20-174959-removebg-preview-e1666338008438.png\" \/>\n\t<meta property=\"og:image:width\" content=\"249\" \/>\n\t<meta property=\"og:image:height\" content=\"693\" \/>\n\t<meta property=\"og:image:type\" content=\"image\/png\" \/>\n<meta name=\"twitter:card\" content=\"summary_large_image\" \/>\n<meta name=\"twitter:label1\" content=\"Dur\u00e9e de lecture estim\u00e9e\" \/>\n\t<meta name=\"twitter:data1\" content=\"2 minutes\" \/>\n<script type=\"application\/ld+json\" class=\"yoast-schema-graph\">{\"@context\":\"https:\\\/\\\/schema.org\",\"@graph\":[{\"@type\":\"WebPage\",\"@id\":\"https:\\\/\\\/www.guayapi.com\\\/boutique\\\/produit\\\/maca-bio\\\/\",\"url\":\"https:\\\/\\\/www.guayapi.com\\\/boutique\\\/produit\\\/maca-bio\\\/\",\"name\":\"Maca Bio - Guayapi\",\"isPartOf\":{\"@id\":\"https:\\\/\\\/www.guayapi.com\\\/boutique\\\/#website\"},\"primaryImageOfPage\":{\"@id\":\"https:\\\/\\\/www.guayapi.com\\\/boutique\\\/produit\\\/maca-bio\\\/#primaryimage\"},\"image\":{\"@id\":\"https:\\\/\\\/www.guayapi.com\\\/boutique\\\/produit\\\/maca-bio\\\/#primaryimage\"},\"thumbnailUrl\":\"https:\\\/\\\/www.guayapi.com\\\/boutique\\\/wp-content\\\/uploads\\\/2017\\\/04\\\/capture-d-ecran-2022-10-20-174959-removebg-preview-e1666338008438.png\",\"datePublished\":\"2017-04-06T12:59:43+00:00\",\"dateModified\":\"2026-01-02T12:00:49+00:00\",\"breadcrumb\":{\"@id\":\"https:\\\/\\\/www.guayapi.com\\\/boutique\\\/produit\\\/maca-bio\\\/#breadcrumb\"},\"inLanguage\":\"fr-FR\",\"potentialAction\":[{\"@type\":\"ReadAction\",\"target\":[\"https:\\\/\\\/www.guayapi.com\\\/boutique\\\/produit\\\/maca-bio\\\/\"]}]},{\"@type\":\"ImageObject\",\"inLanguage\":\"fr-FR\",\"@id\":\"https:\\\/\\\/www.guayapi.com\\\/boutique\\\/produit\\\/maca-bio\\\/#primaryimage\",\"url\":\"https:\\\/\\\/www.guayapi.com\\\/boutique\\\/wp-content\\\/uploads\\\/2017\\\/04\\\/capture-d-ecran-2022-10-20-174959-removebg-preview-e1666338008438.png\",\"contentUrl\":\"https:\\\/\\\/www.guayapi.com\\\/boutique\\\/wp-content\\\/uploads\\\/2017\\\/04\\\/capture-d-ecran-2022-10-20-174959-removebg-preview-e1666338008438.png\",\"width\":249,\"height\":693},{\"@type\":\"BreadcrumbList\",\"@id\":\"https:\\\/\\\/www.guayapi.com\\\/boutique\\\/produit\\\/maca-bio\\\/#breadcrumb\",\"itemListElement\":[{\"@type\":\"ListItem\",\"position\":1,\"name\":\"Accueil\",\"item\":\"https:\\\/\\\/www.guayapi.com\\\/boutique\\\/\"},{\"@type\":\"ListItem\",\"position\":2,\"name\":\"Boutique\",\"item\":\"https:\\\/\\\/www.guayapi.com\\\/boutique\\\/\"},{\"@type\":\"ListItem\",\"position\":3,\"name\":\"Maca Bio\"}]},{\"@type\":\"WebSite\",\"@id\":\"https:\\\/\\\/www.guayapi.com\\\/boutique\\\/#website\",\"url\":\"https:\\\/\\\/www.guayapi.com\\\/boutique\\\/\",\"name\":\"Guayapi\",\"description\":\"Super-aliments \u2022 \u00c9picerie fine \u2022 Cosm\u00e9tiques\",\"potentialAction\":[{\"@type\":\"SearchAction\",\"target\":{\"@type\":\"EntryPoint\",\"urlTemplate\":\"https:\\\/\\\/www.guayapi.com\\\/boutique\\\/?s={search_term_string}\"},\"query-input\":{\"@type\":\"PropertyValueSpecification\",\"valueRequired\":true,\"valueName\":\"search_term_string\"}}],\"inLanguage\":\"fr-FR\"}]}<\/script>","yoast_head_json":{"title":"Maca Bio - Guayapi","robots":{"index":"index","follow":"follow","max-snippet":"max-snippet:-1","max-image-preview":"max-image-preview:large","max-video-preview":"max-video-preview:-1"},"canonical":"https:\/\/www.guayapi.com\/boutique\/produit\/maca-bio\/","og_locale":"fr_FR","og_type":"article","og_title":"Maca Bio - Guayapi","og_description":"\u00ab Plante \u00e0 racine naturelle des hautes Andes p\u00e9ruviennes \u00bb  Le Super-Aliment adaptog\u00e8ne!  (132\u20ac\/kg)","og_url":"https:\/\/www.guayapi.com\/boutique\/produit\/maca-bio\/","og_site_name":"Guayapi","article_modified_time":"2026-01-02T12:00:49+00:00","og_image":[{"width":249,"height":693,"url":"https:\/\/www.guayapi.com\/boutique\/wp-content\/uploads\/2017\/04\/capture-d-ecran-2022-10-20-174959-removebg-preview-e1666338008438.png","type":"image\/png"}],"twitter_card":"summary_large_image","twitter_misc":{"Dur\u00e9e de lecture estim\u00e9e":"2 minutes"},"schema":{"@context":"https:\/\/schema.org","@graph":[{"@type":"WebPage","@id":"https:\/\/www.guayapi.com\/boutique\/produit\/maca-bio\/","url":"https:\/\/www.guayapi.com\/boutique\/produit\/maca-bio\/","name":"Maca Bio - Guayapi","isPartOf":{"@id":"https:\/\/www.guayapi.com\/boutique\/#website"},"primaryImageOfPage":{"@id":"https:\/\/www.guayapi.com\/boutique\/produit\/maca-bio\/#primaryimage"},"image":{"@id":"https:\/\/www.guayapi.com\/boutique\/produit\/maca-bio\/#primaryimage"},"thumbnailUrl":"https:\/\/www.guayapi.com\/boutique\/wp-content\/uploads\/2017\/04\/capture-d-ecran-2022-10-20-174959-removebg-preview-e1666338008438.png","datePublished":"2017-04-06T12:59:43+00:00","dateModified":"2026-01-02T12:00:49+00:00","breadcrumb":{"@id":"https:\/\/www.guayapi.com\/boutique\/produit\/maca-bio\/#breadcrumb"},"inLanguage":"fr-FR","potentialAction":[{"@type":"ReadAction","target":["https:\/\/www.guayapi.com\/boutique\/produit\/maca-bio\/"]}]},{"@type":"ImageObject","inLanguage":"fr-FR","@id":"https:\/\/www.guayapi.com\/boutique\/produit\/maca-bio\/#primaryimage","url":"https:\/\/www.guayapi.com\/boutique\/wp-content\/uploads\/2017\/04\/capture-d-ecran-2022-10-20-174959-removebg-preview-e1666338008438.png","contentUrl":"https:\/\/www.guayapi.com\/boutique\/wp-content\/uploads\/2017\/04\/capture-d-ecran-2022-10-20-174959-removebg-preview-e1666338008438.png","width":249,"height":693},{"@type":"BreadcrumbList","@id":"https:\/\/www.guayapi.com\/boutique\/produit\/maca-bio\/#breadcrumb","itemListElement":[{"@type":"ListItem","position":1,"name":"Accueil","item":"https:\/\/www.guayapi.com\/boutique\/"},{"@type":"ListItem","position":2,"name":"Boutique","item":"https:\/\/www.guayapi.com\/boutique\/"},{"@type":"ListItem","position":3,"name":"Maca Bio"}]},{"@type":"WebSite","@id":"https:\/\/www.guayapi.com\/boutique\/#website","url":"https:\/\/www.guayapi.com\/boutique\/","name":"Guayapi","description":"Super-aliments \u2022 \u00c9picerie fine \u2022 Cosm\u00e9tiques","potentialAction":[{"@type":"SearchAction","target":{"@type":"EntryPoint","urlTemplate":"https:\/\/www.guayapi.com\/boutique\/?s={search_term_string}"},"query-input":{"@type":"PropertyValueSpecification","valueRequired":true,"valueName":"search_term_string"}}],"inLanguage":"fr-FR"}]}},"_links":{"self":[{"href":"https:\/\/www.guayapi.com\/boutique\/wp-json\/wp\/v2\/product\/2025","targetHints":{"allow":["GET"]}}],"collection":[{"href":"https:\/\/www.guayapi.com\/boutique\/wp-json\/wp\/v2\/product"}],"about":[{"href":"https:\/\/www.guayapi.com\/boutique\/wp-json\/wp\/v2\/types\/product"}],"wp:featuredmedia":[{"embeddable":true,"href":"https:\/\/www.guayapi.com\/boutique\/wp-json\/wp\/v2\/media\/43840"}],"wp:attachment":[{"href":"https:\/\/www.guayapi.com\/boutique\/wp-json\/wp\/v2\/media?parent=2025"}],"wp:term":[{"taxonomy":"product_brand","embeddable":true,"href":"https:\/\/www.guayapi.com\/boutique\/wp-json\/wp\/v2\/product_brand?post=2025"},{"taxonomy":"product_cat","embeddable":true,"href":"https:\/\/www.guayapi.com\/boutique\/wp-json\/wp\/v2\/product_cat?post=2025"},{"taxonomy":"product_tag","embeddable":true,"href":"https:\/\/www.guayapi.com\/boutique\/wp-json\/wp\/v2\/product_tag?post=2025"}],"curies":[{"name":"wp","href":"https:\/\/api.w.org\/{rel}","templated":true}]}}