{"id":2033,"date":"2017-04-06T15:36:39","date_gmt":"2017-04-06T13:36:39","guid":{"rendered":"http:\/\/www.guayapi.com\/boutique\/?post_type=product&#038;p=2033"},"modified":"2026-01-02T13:59:58","modified_gmt":"2026-01-02T12:59:58","slug":"stevia-kaa-hee","status":"publish","type":"product","link":"https:\/\/www.guayapi.com\/boutique\/produit\/stevia-kaa-hee\/","title":{"rendered":"ST\u00c9VIA VERTE  KA&rsquo;A H\u00caE"},"content":{"rendered":"<p>\u00ab La St\u00e9via des Terres d\u2019Origine \u00bb<br \/>\nDenr\u00e9e alimentaire au pouvoir sucrant. Sucre 15 fois plus que le sucre (utilisez 15 fois moins de St\u00e9via que vous n\u2019utilisez de sucre habituellement).<br \/>\nConseill\u00e9e pour les personnes ne pouvant consommer de sucre.<br \/>\nSaveur proche de celle de la r\u00e9glisse, tr\u00e8s agr\u00e9able dans une tisane, un Mat\u00e9, une compote, une mousse au chocolat, un clafoutis \u2026<\/p>\n<p>Origine : Paraguay<\/p>\n<p>Partie utilis\u00e9e : feuilles de la plante<br \/>\nConseils d\u2019utilisation : \u00e0 saupoudrer dans les boissons ou sur les aliments d\u00e9sir\u00e9s. A utiliser sans mod\u00e9ration. Peut \u00eatre filtr\u00e9e si utilis\u00e9e dans un liquide.<br \/>\nFormat : bo\u00eete de 50g de poudre.<\/p>\n<p>INFORMATION NUTRITIONNELLE POUR 100 GRAMMES<\/p>\n<p>Valeur \u00e9nerg\u00e9tique:<br \/>\nKcal 369,<br \/>\nKJ 1438<\/p>\n<p>Lipides: 3,3 g;<br \/>\nDont acides gras satur\u00e9s: 1,19 g<\/p>\n<p>Glucides: 64;<br \/>\nDont sucres: 0 g<\/p>\n<p>Prot\u00e9ines: 13,4 g<\/p>\n<p>Sel: 0,02 g<\/p>\n<p>&nbsp;<\/p>\n<p><span style=\"font-size: 8pt\"><em>PRODUIT ALIMENTAIRE. TENIR HORS DE PORT\u00c9E DES JEUNES ENFANTS. NE PEUT SE SUBSTITUER \u00c0 UN R\u00c9GIME ALIMENTAIRE VARI\u00c9, NI \u00c0 UN MODE DE VIE SAIN. \u00c0 CONSOMMER DE PR\u00c9F\u00c9RENCE AVANT FIN : VOIR AU FOND DE LA BO\u00ceTE<\/em><\/span><\/p>\n","protected":false},"excerpt":{"rendered":"<p>\u00ab La St\u00e9via des Terres d\u2019Origine \u00bb<br \/>\nDenr\u00e9e alimentaire au pouvoir sucrant. Sucre 15 fois plus que le sucre (utilisez 15 fois moins de St\u00e9via que vous n\u2019utilisez de sucre habituellement).<br \/>\nConseill\u00e9e pour les personnes ne pouvant consommer de sucre.<\/p>\n<p>(272\u20ac\/kg)<\/p>\n","protected":false},"featured_media":35006,"template":"","meta":{"_acf_changed":false},"product_brand":[],"product_cat":[7],"product_tag":[317,319],"class_list":{"0":"post-2033","1":"product","2":"type-product","3":"status-publish","4":"has-post-thumbnail","6":"product_cat-super-aliments","7":"product_tag-regime-hypocalorique","8":"product_tag-alternative-au-sucre","10":"first","11":"instock","12":"taxable","13":"shipping-taxable","14":"purchasable","15":"product-type-simple"},"acf":[],"yoast_head":"<title>ST\u00c9VIA VERTE KA&#039;A H\u00caE - Guayapi<\/title>\n<meta name=\"robots\" content=\"index, follow, max-snippet:-1, max-image-preview:large, max-video-preview:-1\" \/>\n<link rel=\"canonical\" href=\"https:\/\/www.guayapi.com\/boutique\/produit\/stevia-kaa-hee\/\" \/>\n<meta property=\"og:locale\" content=\"fr_FR\" \/>\n<meta property=\"og:type\" content=\"article\" \/>\n<meta property=\"og:title\" content=\"ST\u00c9VIA VERTE KA&#039;A H\u00caE - Guayapi\" \/>\n<meta property=\"og:description\" content=\"\u00ab La St\u00e9via des Terres d\u2019Origine \u00bb Denr\u00e9e alimentaire au pouvoir sucrant. Sucre 15 fois plus que le sucre (utilisez 15 fois moins de St\u00e9via que vous n\u2019utilisez de sucre habituellement). Conseill\u00e9e pour les personnes ne pouvant consommer de sucre.  (272\u20ac\/kg)\" \/>\n<meta property=\"og:url\" content=\"https:\/\/www.guayapi.com\/boutique\/produit\/stevia-kaa-hee\/\" \/>\n<meta property=\"og:site_name\" content=\"Guayapi\" \/>\n<meta property=\"article:modified_time\" content=\"2026-01-02T12:59:58+00:00\" \/>\n<meta property=\"og:image\" content=\"https:\/\/www.guayapi.com\/boutique\/wp-content\/uploads\/2017\/04\/whatsapp-image-2021-12-02-at-16.38.36-removebg-preview-e1638788496635.png\" \/>\n\t<meta property=\"og:image:width\" content=\"272\" \/>\n\t<meta property=\"og:image:height\" content=\"455\" \/>\n\t<meta property=\"og:image:type\" content=\"image\/png\" \/>\n<meta name=\"twitter:card\" content=\"summary_large_image\" \/>\n<meta name=\"twitter:label1\" content=\"Dur\u00e9e de lecture estim\u00e9e\" \/>\n\t<meta name=\"twitter:data1\" content=\"2 minutes\" \/>\n<script type=\"application\/ld+json\" class=\"yoast-schema-graph\">{\"@context\":\"https:\\\/\\\/schema.org\",\"@graph\":[{\"@type\":\"WebPage\",\"@id\":\"https:\\\/\\\/www.guayapi.com\\\/boutique\\\/produit\\\/stevia-kaa-hee\\\/\",\"url\":\"https:\\\/\\\/www.guayapi.com\\\/boutique\\\/produit\\\/stevia-kaa-hee\\\/\",\"name\":\"ST\u00c9VIA VERTE KA'A H\u00caE - Guayapi\",\"isPartOf\":{\"@id\":\"https:\\\/\\\/www.guayapi.com\\\/boutique\\\/#website\"},\"primaryImageOfPage\":{\"@id\":\"https:\\\/\\\/www.guayapi.com\\\/boutique\\\/produit\\\/stevia-kaa-hee\\\/#primaryimage\"},\"image\":{\"@id\":\"https:\\\/\\\/www.guayapi.com\\\/boutique\\\/produit\\\/stevia-kaa-hee\\\/#primaryimage\"},\"thumbnailUrl\":\"https:\\\/\\\/www.guayapi.com\\\/boutique\\\/wp-content\\\/uploads\\\/2017\\\/04\\\/whatsapp-image-2021-12-02-at-16.38.36-removebg-preview-e1638788496635.png\",\"datePublished\":\"2017-04-06T13:36:39+00:00\",\"dateModified\":\"2026-01-02T12:59:58+00:00\",\"breadcrumb\":{\"@id\":\"https:\\\/\\\/www.guayapi.com\\\/boutique\\\/produit\\\/stevia-kaa-hee\\\/#breadcrumb\"},\"inLanguage\":\"fr-FR\",\"potentialAction\":[{\"@type\":\"ReadAction\",\"target\":[\"https:\\\/\\\/www.guayapi.com\\\/boutique\\\/produit\\\/stevia-kaa-hee\\\/\"]}]},{\"@type\":\"ImageObject\",\"inLanguage\":\"fr-FR\",\"@id\":\"https:\\\/\\\/www.guayapi.com\\\/boutique\\\/produit\\\/stevia-kaa-hee\\\/#primaryimage\",\"url\":\"https:\\\/\\\/www.guayapi.com\\\/boutique\\\/wp-content\\\/uploads\\\/2017\\\/04\\\/whatsapp-image-2021-12-02-at-16.38.36-removebg-preview-e1638788496635.png\",\"contentUrl\":\"https:\\\/\\\/www.guayapi.com\\\/boutique\\\/wp-content\\\/uploads\\\/2017\\\/04\\\/whatsapp-image-2021-12-02-at-16.38.36-removebg-preview-e1638788496635.png\",\"width\":272,\"height\":455},{\"@type\":\"BreadcrumbList\",\"@id\":\"https:\\\/\\\/www.guayapi.com\\\/boutique\\\/produit\\\/stevia-kaa-hee\\\/#breadcrumb\",\"itemListElement\":[{\"@type\":\"ListItem\",\"position\":1,\"name\":\"Accueil\",\"item\":\"https:\\\/\\\/www.guayapi.com\\\/boutique\\\/\"},{\"@type\":\"ListItem\",\"position\":2,\"name\":\"Boutique\",\"item\":\"https:\\\/\\\/www.guayapi.com\\\/boutique\\\/\"},{\"@type\":\"ListItem\",\"position\":3,\"name\":\"ST\u00c9VIA VERTE KA&rsquo;A H\u00caE\"}]},{\"@type\":\"WebSite\",\"@id\":\"https:\\\/\\\/www.guayapi.com\\\/boutique\\\/#website\",\"url\":\"https:\\\/\\\/www.guayapi.com\\\/boutique\\\/\",\"name\":\"Guayapi\",\"description\":\"Super-aliments \u2022 \u00c9picerie fine \u2022 Cosm\u00e9tiques\",\"potentialAction\":[{\"@type\":\"SearchAction\",\"target\":{\"@type\":\"EntryPoint\",\"urlTemplate\":\"https:\\\/\\\/www.guayapi.com\\\/boutique\\\/?s={search_term_string}\"},\"query-input\":{\"@type\":\"PropertyValueSpecification\",\"valueRequired\":true,\"valueName\":\"search_term_string\"}}],\"inLanguage\":\"fr-FR\"}]}<\/script>","yoast_head_json":{"title":"ST\u00c9VIA VERTE KA'A H\u00caE - Guayapi","robots":{"index":"index","follow":"follow","max-snippet":"max-snippet:-1","max-image-preview":"max-image-preview:large","max-video-preview":"max-video-preview:-1"},"canonical":"https:\/\/www.guayapi.com\/boutique\/produit\/stevia-kaa-hee\/","og_locale":"fr_FR","og_type":"article","og_title":"ST\u00c9VIA VERTE KA'A H\u00caE - Guayapi","og_description":"\u00ab La St\u00e9via des Terres d\u2019Origine \u00bb Denr\u00e9e alimentaire au pouvoir sucrant. Sucre 15 fois plus que le sucre (utilisez 15 fois moins de St\u00e9via que vous n\u2019utilisez de sucre habituellement). Conseill\u00e9e pour les personnes ne pouvant consommer de sucre.  (272\u20ac\/kg)","og_url":"https:\/\/www.guayapi.com\/boutique\/produit\/stevia-kaa-hee\/","og_site_name":"Guayapi","article_modified_time":"2026-01-02T12:59:58+00:00","og_image":[{"width":272,"height":455,"url":"https:\/\/www.guayapi.com\/boutique\/wp-content\/uploads\/2017\/04\/whatsapp-image-2021-12-02-at-16.38.36-removebg-preview-e1638788496635.png","type":"image\/png"}],"twitter_card":"summary_large_image","twitter_misc":{"Dur\u00e9e de lecture estim\u00e9e":"2 minutes"},"schema":{"@context":"https:\/\/schema.org","@graph":[{"@type":"WebPage","@id":"https:\/\/www.guayapi.com\/boutique\/produit\/stevia-kaa-hee\/","url":"https:\/\/www.guayapi.com\/boutique\/produit\/stevia-kaa-hee\/","name":"ST\u00c9VIA VERTE KA'A H\u00caE - Guayapi","isPartOf":{"@id":"https:\/\/www.guayapi.com\/boutique\/#website"},"primaryImageOfPage":{"@id":"https:\/\/www.guayapi.com\/boutique\/produit\/stevia-kaa-hee\/#primaryimage"},"image":{"@id":"https:\/\/www.guayapi.com\/boutique\/produit\/stevia-kaa-hee\/#primaryimage"},"thumbnailUrl":"https:\/\/www.guayapi.com\/boutique\/wp-content\/uploads\/2017\/04\/whatsapp-image-2021-12-02-at-16.38.36-removebg-preview-e1638788496635.png","datePublished":"2017-04-06T13:36:39+00:00","dateModified":"2026-01-02T12:59:58+00:00","breadcrumb":{"@id":"https:\/\/www.guayapi.com\/boutique\/produit\/stevia-kaa-hee\/#breadcrumb"},"inLanguage":"fr-FR","potentialAction":[{"@type":"ReadAction","target":["https:\/\/www.guayapi.com\/boutique\/produit\/stevia-kaa-hee\/"]}]},{"@type":"ImageObject","inLanguage":"fr-FR","@id":"https:\/\/www.guayapi.com\/boutique\/produit\/stevia-kaa-hee\/#primaryimage","url":"https:\/\/www.guayapi.com\/boutique\/wp-content\/uploads\/2017\/04\/whatsapp-image-2021-12-02-at-16.38.36-removebg-preview-e1638788496635.png","contentUrl":"https:\/\/www.guayapi.com\/boutique\/wp-content\/uploads\/2017\/04\/whatsapp-image-2021-12-02-at-16.38.36-removebg-preview-e1638788496635.png","width":272,"height":455},{"@type":"BreadcrumbList","@id":"https:\/\/www.guayapi.com\/boutique\/produit\/stevia-kaa-hee\/#breadcrumb","itemListElement":[{"@type":"ListItem","position":1,"name":"Accueil","item":"https:\/\/www.guayapi.com\/boutique\/"},{"@type":"ListItem","position":2,"name":"Boutique","item":"https:\/\/www.guayapi.com\/boutique\/"},{"@type":"ListItem","position":3,"name":"ST\u00c9VIA VERTE KA&rsquo;A H\u00caE"}]},{"@type":"WebSite","@id":"https:\/\/www.guayapi.com\/boutique\/#website","url":"https:\/\/www.guayapi.com\/boutique\/","name":"Guayapi","description":"Super-aliments \u2022 \u00c9picerie fine \u2022 Cosm\u00e9tiques","potentialAction":[{"@type":"SearchAction","target":{"@type":"EntryPoint","urlTemplate":"https:\/\/www.guayapi.com\/boutique\/?s={search_term_string}"},"query-input":{"@type":"PropertyValueSpecification","valueRequired":true,"valueName":"search_term_string"}}],"inLanguage":"fr-FR"}]}},"_links":{"self":[{"href":"https:\/\/www.guayapi.com\/boutique\/wp-json\/wp\/v2\/product\/2033","targetHints":{"allow":["GET"]}}],"collection":[{"href":"https:\/\/www.guayapi.com\/boutique\/wp-json\/wp\/v2\/product"}],"about":[{"href":"https:\/\/www.guayapi.com\/boutique\/wp-json\/wp\/v2\/types\/product"}],"wp:featuredmedia":[{"embeddable":true,"href":"https:\/\/www.guayapi.com\/boutique\/wp-json\/wp\/v2\/media\/35006"}],"wp:attachment":[{"href":"https:\/\/www.guayapi.com\/boutique\/wp-json\/wp\/v2\/media?parent=2033"}],"wp:term":[{"taxonomy":"product_brand","embeddable":true,"href":"https:\/\/www.guayapi.com\/boutique\/wp-json\/wp\/v2\/product_brand?post=2033"},{"taxonomy":"product_cat","embeddable":true,"href":"https:\/\/www.guayapi.com\/boutique\/wp-json\/wp\/v2\/product_cat?post=2033"},{"taxonomy":"product_tag","embeddable":true,"href":"https:\/\/www.guayapi.com\/boutique\/wp-json\/wp\/v2\/product_tag?post=2033"}],"curies":[{"name":"wp","href":"https:\/\/api.w.org\/{rel}","templated":true}]}}