{"id":2037,"date":"2017-04-06T15:53:20","date_gmt":"2017-04-06T13:53:20","guid":{"rendered":"http:\/\/www.guayapi.com\/boutique\/?post_type=product&#038;p=2037"},"modified":"2026-03-31T11:47:49","modified_gmt":"2026-03-31T09:47:49","slug":"muirapuama-liriosma-ovata","status":"publish","type":"product","link":"https:\/\/www.guayapi.com\/boutique\/produit\/muirapuama-liriosma-ovata\/","title":{"rendered":"Muirapuama Poudre"},"content":{"rendered":"<p>Aussi appel\u00e9 \u00ab\u00a0bois band\u00e9\u00a0\u00bb, le Muirapuama est un arbre originaire des for\u00eats br\u00e9siliennes.\u00a0 Les tiges et racines aromatiques des jeunes plants sont utilis\u00e9es pour leurs vertus.<\/p>\n<p>Tonique physique, il vous apporte aide dans les phases de fatigue musculaire. Il tonifie le corps et lui apporte les moyens de s&rsquo;adapter \u00e0 toutes situations sollicitant l&rsquo;activit\u00e9 physique. Utile en cas d&rsquo;efforts ponctuels ou de reprise d&rsquo;activit\u00e9.<br \/>\nTonique sexuel, il \u00e9vite les d\u00e9sagr\u00e9ments occasionn\u00e9s en phase pr\u00e9-m\u00e9nauposale ou post-m\u00e9nauposale.<\/p>\n<p>Le Muirapuama\u00a0 Guayapi est issu de cueillette sauvage. Il est r\u00e9colt\u00e9 est pr\u00e9par\u00e9 selon des m\u00e9thodes traditionnelles et respectueuses de l\u2019environnement par les Indiens Sater\u00e9 Maw\u00e9.<\/p>\n<p>Mode d\u2019emploi : 1 \u00e0 3 cuill\u00e8res \u00e0 caf\u00e9 par jour \u00e0 saupoudrer dans l\u2019alimentation ou dans une boisson froide pendant des p\u00e9riodes de 2 \u00e0 3 semaines. Renouvelable.<\/p>\n<p>INFORMATION NUTRITIONNELLE POUR 100 GRAMMES<\/p>\n<p>Valeur \u00e9nerg\u00e9tique:<br \/>\nKcal 370;<br \/>\nKJ 1548<\/p>\n<p>Lipides: 0,5;<br \/>\nDont acides gras satur\u00e9s: 0,23 g<\/p>\n<p>Glucides: 92,1;<br \/>\nDont sucres: 0 g<\/p>\n<p>Prot\u00e9ines: 1,4 g<\/p>\n<p>Sel: 0,11 g<\/p>\n<p>&nbsp;<\/p>\n<p>INFORMATION NUTRITIONNELLE PAR PORTION DE 2 GRAMMES (2 CUILL\u00c8RES \u00c0 CAF\u00c9)<\/p>\n<p>Valeur \u00e9nerg\u00e9tique:<br \/>\nKcal 7,4;<br \/>\nKJ 31<\/p>\n<p>Lipides: 0,01;<br \/>\nDont acides gras satur\u00e9s: 0 g<\/p>\n<p>Glucides: 1,8;<br \/>\nDont sucres: 0 g<\/p>\n<p>Prot\u00e9ines: 0,03 g<\/p>\n<p>Sel: 0 g<\/p>\n<p>&nbsp;<\/p>\n<p><span style=\"font-size: 8pt\"><em>COMPL\u00c9MENT ALIMENTAIRE. TENIR HORS DE PORT\u00c9E DES JEUNES ENFANTS. NE PEUT SE SUBSTITUER \u00c0 UN R\u00c9GIME ALIMENTAIRE VARI\u00c9, NI \u00c0 UN MODE DE VIE SAIN. \u00c0 CONSOMMER DE PR\u00c9F\u00c9RENCE AVANT FIN : VOIR AU FOND DE LA BO\u00ceTE<\/em><\/span><\/p>\n","protected":false},"excerpt":{"rendered":"<p>\u00abLa force de la nature\u00bb<\/p>\n<p>Le Bois Band\u00e9 des Terres d&rsquo;Origine.<\/p>\n<p>(480\u20ac\/kg)<\/p>\n","protected":false},"featured_media":51099,"template":"","meta":{"_acf_changed":false},"product_brand":[],"product_cat":[7],"product_tag":[47,17,270],"class_list":{"0":"post-2037","1":"product","2":"type-product","3":"status-publish","4":"has-post-thumbnail","6":"product_cat-super-aliments","7":"product_tag-tonus-energie","8":"product_tag-sport","9":"product_tag-sexualite-fertilite","11":"first","12":"instock","13":"taxable","14":"shipping-taxable","15":"purchasable","16":"product-type-simple"},"acf":[],"yoast_head":"<title>Muirapuama Poudre - Guayapi<\/title>\n<meta name=\"robots\" content=\"index, follow, max-snippet:-1, max-image-preview:large, max-video-preview:-1\" \/>\n<link rel=\"canonical\" href=\"https:\/\/www.guayapi.com\/boutique\/produit\/muirapuama-liriosma-ovata\/\" \/>\n<meta property=\"og:locale\" content=\"fr_FR\" \/>\n<meta property=\"og:type\" content=\"article\" \/>\n<meta property=\"og:title\" content=\"Muirapuama Poudre - Guayapi\" \/>\n<meta property=\"og:description\" content=\"\u00abLa force de la nature\u00bb  Le Bois Band\u00e9 des Terres d&#039;Origine.  (480\u20ac\/kg)\" \/>\n<meta property=\"og:url\" content=\"https:\/\/www.guayapi.com\/boutique\/produit\/muirapuama-liriosma-ovata\/\" \/>\n<meta property=\"og:site_name\" content=\"Guayapi\" \/>\n<meta property=\"article:modified_time\" content=\"2026-03-31T09:47:49+00:00\" \/>\n<meta property=\"og:image\" content=\"https:\/\/www.guayapi.com\/boutique\/wp-content\/uploads\/2017\/04\/muirapuama-50g-sachet-2025-photo.jpeg\" \/>\n\t<meta property=\"og:image:width\" content=\"1660\" \/>\n\t<meta property=\"og:image:height\" content=\"2816\" \/>\n\t<meta property=\"og:image:type\" content=\"image\/jpeg\" \/>\n<meta name=\"twitter:card\" content=\"summary_large_image\" \/>\n<meta name=\"twitter:label1\" content=\"Dur\u00e9e de lecture estim\u00e9e\" \/>\n\t<meta name=\"twitter:data1\" content=\"2 minutes\" \/>\n<script type=\"application\/ld+json\" class=\"yoast-schema-graph\">{\"@context\":\"https:\\\/\\\/schema.org\",\"@graph\":[{\"@type\":\"WebPage\",\"@id\":\"https:\\\/\\\/www.guayapi.com\\\/boutique\\\/produit\\\/muirapuama-liriosma-ovata\\\/\",\"url\":\"https:\\\/\\\/www.guayapi.com\\\/boutique\\\/produit\\\/muirapuama-liriosma-ovata\\\/\",\"name\":\"Muirapuama Poudre - Guayapi\",\"isPartOf\":{\"@id\":\"https:\\\/\\\/www.guayapi.com\\\/boutique\\\/#website\"},\"primaryImageOfPage\":{\"@id\":\"https:\\\/\\\/www.guayapi.com\\\/boutique\\\/produit\\\/muirapuama-liriosma-ovata\\\/#primaryimage\"},\"image\":{\"@id\":\"https:\\\/\\\/www.guayapi.com\\\/boutique\\\/produit\\\/muirapuama-liriosma-ovata\\\/#primaryimage\"},\"thumbnailUrl\":\"https:\\\/\\\/www.guayapi.com\\\/boutique\\\/wp-content\\\/uploads\\\/2017\\\/04\\\/muirapuama-50g-sachet-2025-photo.jpeg\",\"datePublished\":\"2017-04-06T13:53:20+00:00\",\"dateModified\":\"2026-03-31T09:47:49+00:00\",\"breadcrumb\":{\"@id\":\"https:\\\/\\\/www.guayapi.com\\\/boutique\\\/produit\\\/muirapuama-liriosma-ovata\\\/#breadcrumb\"},\"inLanguage\":\"fr-FR\",\"potentialAction\":[{\"@type\":\"ReadAction\",\"target\":[\"https:\\\/\\\/www.guayapi.com\\\/boutique\\\/produit\\\/muirapuama-liriosma-ovata\\\/\"]}]},{\"@type\":\"ImageObject\",\"inLanguage\":\"fr-FR\",\"@id\":\"https:\\\/\\\/www.guayapi.com\\\/boutique\\\/produit\\\/muirapuama-liriosma-ovata\\\/#primaryimage\",\"url\":\"https:\\\/\\\/www.guayapi.com\\\/boutique\\\/wp-content\\\/uploads\\\/2017\\\/04\\\/muirapuama-50g-sachet-2025-photo.jpeg\",\"contentUrl\":\"https:\\\/\\\/www.guayapi.com\\\/boutique\\\/wp-content\\\/uploads\\\/2017\\\/04\\\/muirapuama-50g-sachet-2025-photo.jpeg\",\"width\":1660,\"height\":2816},{\"@type\":\"BreadcrumbList\",\"@id\":\"https:\\\/\\\/www.guayapi.com\\\/boutique\\\/produit\\\/muirapuama-liriosma-ovata\\\/#breadcrumb\",\"itemListElement\":[{\"@type\":\"ListItem\",\"position\":1,\"name\":\"Accueil\",\"item\":\"https:\\\/\\\/www.guayapi.com\\\/boutique\\\/\"},{\"@type\":\"ListItem\",\"position\":2,\"name\":\"Boutique\",\"item\":\"https:\\\/\\\/www.guayapi.com\\\/boutique\\\/\"},{\"@type\":\"ListItem\",\"position\":3,\"name\":\"Muirapuama Poudre\"}]},{\"@type\":\"WebSite\",\"@id\":\"https:\\\/\\\/www.guayapi.com\\\/boutique\\\/#website\",\"url\":\"https:\\\/\\\/www.guayapi.com\\\/boutique\\\/\",\"name\":\"Guayapi\",\"description\":\"Super-aliments \u2022 \u00c9picerie fine \u2022 Cosm\u00e9tiques\",\"potentialAction\":[{\"@type\":\"SearchAction\",\"target\":{\"@type\":\"EntryPoint\",\"urlTemplate\":\"https:\\\/\\\/www.guayapi.com\\\/boutique\\\/?s={search_term_string}\"},\"query-input\":{\"@type\":\"PropertyValueSpecification\",\"valueRequired\":true,\"valueName\":\"search_term_string\"}}],\"inLanguage\":\"fr-FR\"}]}<\/script>","yoast_head_json":{"title":"Muirapuama Poudre - Guayapi","robots":{"index":"index","follow":"follow","max-snippet":"max-snippet:-1","max-image-preview":"max-image-preview:large","max-video-preview":"max-video-preview:-1"},"canonical":"https:\/\/www.guayapi.com\/boutique\/produit\/muirapuama-liriosma-ovata\/","og_locale":"fr_FR","og_type":"article","og_title":"Muirapuama Poudre - Guayapi","og_description":"\u00abLa force de la nature\u00bb  Le Bois Band\u00e9 des Terres d'Origine.  (480\u20ac\/kg)","og_url":"https:\/\/www.guayapi.com\/boutique\/produit\/muirapuama-liriosma-ovata\/","og_site_name":"Guayapi","article_modified_time":"2026-03-31T09:47:49+00:00","og_image":[{"width":1660,"height":2816,"url":"https:\/\/www.guayapi.com\/boutique\/wp-content\/uploads\/2017\/04\/muirapuama-50g-sachet-2025-photo.jpeg","type":"image\/jpeg"}],"twitter_card":"summary_large_image","twitter_misc":{"Dur\u00e9e de lecture estim\u00e9e":"2 minutes"},"schema":{"@context":"https:\/\/schema.org","@graph":[{"@type":"WebPage","@id":"https:\/\/www.guayapi.com\/boutique\/produit\/muirapuama-liriosma-ovata\/","url":"https:\/\/www.guayapi.com\/boutique\/produit\/muirapuama-liriosma-ovata\/","name":"Muirapuama Poudre - Guayapi","isPartOf":{"@id":"https:\/\/www.guayapi.com\/boutique\/#website"},"primaryImageOfPage":{"@id":"https:\/\/www.guayapi.com\/boutique\/produit\/muirapuama-liriosma-ovata\/#primaryimage"},"image":{"@id":"https:\/\/www.guayapi.com\/boutique\/produit\/muirapuama-liriosma-ovata\/#primaryimage"},"thumbnailUrl":"https:\/\/www.guayapi.com\/boutique\/wp-content\/uploads\/2017\/04\/muirapuama-50g-sachet-2025-photo.jpeg","datePublished":"2017-04-06T13:53:20+00:00","dateModified":"2026-03-31T09:47:49+00:00","breadcrumb":{"@id":"https:\/\/www.guayapi.com\/boutique\/produit\/muirapuama-liriosma-ovata\/#breadcrumb"},"inLanguage":"fr-FR","potentialAction":[{"@type":"ReadAction","target":["https:\/\/www.guayapi.com\/boutique\/produit\/muirapuama-liriosma-ovata\/"]}]},{"@type":"ImageObject","inLanguage":"fr-FR","@id":"https:\/\/www.guayapi.com\/boutique\/produit\/muirapuama-liriosma-ovata\/#primaryimage","url":"https:\/\/www.guayapi.com\/boutique\/wp-content\/uploads\/2017\/04\/muirapuama-50g-sachet-2025-photo.jpeg","contentUrl":"https:\/\/www.guayapi.com\/boutique\/wp-content\/uploads\/2017\/04\/muirapuama-50g-sachet-2025-photo.jpeg","width":1660,"height":2816},{"@type":"BreadcrumbList","@id":"https:\/\/www.guayapi.com\/boutique\/produit\/muirapuama-liriosma-ovata\/#breadcrumb","itemListElement":[{"@type":"ListItem","position":1,"name":"Accueil","item":"https:\/\/www.guayapi.com\/boutique\/"},{"@type":"ListItem","position":2,"name":"Boutique","item":"https:\/\/www.guayapi.com\/boutique\/"},{"@type":"ListItem","position":3,"name":"Muirapuama Poudre"}]},{"@type":"WebSite","@id":"https:\/\/www.guayapi.com\/boutique\/#website","url":"https:\/\/www.guayapi.com\/boutique\/","name":"Guayapi","description":"Super-aliments \u2022 \u00c9picerie fine \u2022 Cosm\u00e9tiques","potentialAction":[{"@type":"SearchAction","target":{"@type":"EntryPoint","urlTemplate":"https:\/\/www.guayapi.com\/boutique\/?s={search_term_string}"},"query-input":{"@type":"PropertyValueSpecification","valueRequired":true,"valueName":"search_term_string"}}],"inLanguage":"fr-FR"}]}},"_links":{"self":[{"href":"https:\/\/www.guayapi.com\/boutique\/wp-json\/wp\/v2\/product\/2037","targetHints":{"allow":["GET"]}}],"collection":[{"href":"https:\/\/www.guayapi.com\/boutique\/wp-json\/wp\/v2\/product"}],"about":[{"href":"https:\/\/www.guayapi.com\/boutique\/wp-json\/wp\/v2\/types\/product"}],"wp:featuredmedia":[{"embeddable":true,"href":"https:\/\/www.guayapi.com\/boutique\/wp-json\/wp\/v2\/media\/51099"}],"wp:attachment":[{"href":"https:\/\/www.guayapi.com\/boutique\/wp-json\/wp\/v2\/media?parent=2037"}],"wp:term":[{"taxonomy":"product_brand","embeddable":true,"href":"https:\/\/www.guayapi.com\/boutique\/wp-json\/wp\/v2\/product_brand?post=2037"},{"taxonomy":"product_cat","embeddable":true,"href":"https:\/\/www.guayapi.com\/boutique\/wp-json\/wp\/v2\/product_cat?post=2037"},{"taxonomy":"product_tag","embeddable":true,"href":"https:\/\/www.guayapi.com\/boutique\/wp-json\/wp\/v2\/product_tag?post=2037"}],"curies":[{"name":"wp","href":"https:\/\/api.w.org\/{rel}","templated":true}]}}