{"id":2041,"date":"2017-04-06T16:05:44","date_gmt":"2017-04-06T14:05:44","guid":{"rendered":"http:\/\/www.guayapi.com\/boutique\/?post_type=product&#038;p=2041"},"modified":"2026-01-02T14:41:58","modified_gmt":"2026-01-02T13:41:58","slug":"urucum-bixa-orellana","status":"publish","type":"product","link":"https:\/\/www.guayapi.com\/boutique\/produit\/urucum-bixa-orellana\/","title":{"rendered":"Urucum (Bixa Orellana) Poudre"},"content":{"rendered":"<p>\u00abLe soleil de votre peau\u00bb<\/p>\n<p>Riche en bixine en synergie avec le S\u00e9l\u00e9nium, l\u2019Urucum est un anti-oxydant naturel qui contribue au maintien de la peau.<br \/>\nLa bixine s\u2019apparente au b\u00eata carot\u00e8ne : l\u2019Urucum contient 100 fois plus de bixine que la carotte de b\u00eata carot\u00e8ne.<\/p>\n<p>Lorsque les portugais sont arriv\u00e9s sur le territoire br\u00e9silien et ont p\u00e9n\u00e9tr\u00e9 l\u2019Amazonie, ils ont constat\u00e9 que les indiens \u00e9taient enduits d\u2019une poudre rouge afin de se prot\u00e9ger du soleil et des moustiques ! Il s\u2019agissait en fait de l\u2019Urucum. La d\u00e9nomination par les portugais \u00ab\u00a0les Peaux Rouges\u00a0\u00bb est issue de cette rencontre.<\/p>\n<p>Condiment traditionnel, il colore tous vos plats (riz, viandes, Kurakkan, salade\u2026) et les aromatise d\u2019une touche d\u00e9licate.<\/p>\n<p>Mode d\u2019emploi : 1 \u00e0 2 cuill\u00e8res \u00e0 caf\u00e9 par jour \u00e0 saupoudrer dans l\u2019alimentation ou dans une boisson froide avant le petit d\u00e9jeuner pendant une p\u00e9riode d\u2019un mois. \u00c0 utiliser comme colorant de l\u2019alimentation. En usage externe, illumine le teint de touches cuivr\u00e9es.<\/p>\n<h3>SAVEURS<\/h3>\n<p>Des notes de safran et de grains de moutarde tr\u00e8s caract\u00e9ristiques. Peut servir de colorant alimentaire naturel pour obtenir des teintes de rouille orang\u00e9.<\/p>\n<p>INFORMATION NUTRITIONNELLE POUR 100 GRAMMES<\/p>\n<p>Valeur \u00e9nerg\u00e9tique:<br \/>\nKcal 390;<br \/>\nKJ 1649<\/p>\n<p>Lipides: 4,8 g;<br \/>\nDont acides gras satur\u00e9s: 1,47 g<\/p>\n<p>Glucides: 70,7;<br \/>\nDont sucres: 6,3 g<\/p>\n<p>Prot\u00e9ines: 15,9 g<\/p>\n<p>Sel: 0 g<\/p>\n<p>Bixine\/Provitamine A (carot\u00e9no\u00efdes)\u00a0: 3200mg<br \/>\nS\u00e9l\u00e9nium\u00a0: 20 \u03bcg (36,36 % des VNR*)<\/p>\n<p>*VNR: Valeur Nutritionnelle de R\u00e9f\u00e9rence<\/p>\n<p>&nbsp;<\/p>\n<p>INFORMATION NUTRITIONNELLE PAR PORTION DE 2 GRAMMES (2 CUILL\u00c8RES \u00c0 CAF\u00c9)<\/p>\n<p>Kcal 7,8;<br \/>\nKJ 33<\/p>\n<p>Lipides: 0,03 g;<br \/>\nDont acides gras satur\u00e9s: 0,29 g<\/p>\n<p>Glucides: 1,41;<br \/>\nDont sucres: 0,13 g<\/p>\n<p>Prot\u00e9ines: 0,32 g<\/p>\n<p>Sel: 0 g<\/p>\n<p>Bixine\/Provitamine A (carot\u00e9no\u00efdes) : 64 mg<br \/>\nS\u00e9l\u00e9nium : 0,04 \u03bcg (0,8 % des VNR*)<\/p>\n<p>*VNR: Valeur Nutritionnelle de R\u00e9f\u00e9rence<\/p>\n<p><span style=\"font-size: 8pt\"><em>COMPL\u00c9MENT ALIMENTAIRE. TENIR HORS DE PORT\u00c9E DES JEUNES ENFANTS. NE PEUT SE SUBSTITUER \u00c0 UN R\u00c9GIME ALIMENTAIRE VARI\u00c9, NI \u00c0 UN MODE DE VIE SAIN. \u00c0 CONSOMMER DE PR\u00c9F\u00c9RENCE AVANT FIN : VOIR AU FOND DE LA BO\u00ceTE<\/em><\/span><\/p>\n","protected":false},"excerpt":{"rendered":"<p>\u00ab\u00a0Terre de soleil\u00a0\u00bb<\/p>\n<p>(396\u20ac\/kg)<\/p>\n","protected":false},"featured_media":35008,"template":"","meta":{"_acf_changed":false},"product_brand":[],"product_cat":[7],"product_tag":[50],"class_list":{"0":"post-2041","1":"product","2":"type-product","3":"status-publish","4":"has-post-thumbnail","6":"product_cat-super-aliments","7":"product_tag-bronzage-soleil-peau","9":"first","10":"instock","11":"taxable","12":"shipping-taxable","13":"purchasable","14":"product-type-simple"},"acf":[],"yoast_head":"<title>Urucum (Bixa Orellana) Poudre - Guayapi<\/title>\n<meta name=\"robots\" content=\"index, follow, max-snippet:-1, max-image-preview:large, max-video-preview:-1\" \/>\n<link rel=\"canonical\" href=\"https:\/\/www.guayapi.com\/boutique\/produit\/urucum-bixa-orellana\/\" \/>\n<meta property=\"og:locale\" content=\"fr_FR\" \/>\n<meta property=\"og:type\" content=\"article\" \/>\n<meta property=\"og:title\" content=\"Urucum (Bixa Orellana) Poudre - Guayapi\" \/>\n<meta property=\"og:description\" content=\"&quot;Terre de soleil&quot;  (396\u20ac\/kg)\" \/>\n<meta property=\"og:url\" content=\"https:\/\/www.guayapi.com\/boutique\/produit\/urucum-bixa-orellana\/\" \/>\n<meta property=\"og:site_name\" content=\"Guayapi\" \/>\n<meta property=\"article:modified_time\" content=\"2026-01-02T13:41:58+00:00\" \/>\n<meta property=\"og:image\" content=\"https:\/\/www.guayapi.com\/boutique\/wp-content\/uploads\/2017\/04\/whatsapp-image-2021-12-02-at-16.38.31-removebg-preview-e1638788689738.png\" \/>\n\t<meta property=\"og:image:width\" content=\"294\" \/>\n\t<meta property=\"og:image:height\" content=\"473\" \/>\n\t<meta property=\"og:image:type\" content=\"image\/png\" \/>\n<meta name=\"twitter:card\" content=\"summary_large_image\" \/>\n<meta name=\"twitter:label1\" content=\"Dur\u00e9e de lecture estim\u00e9e\" \/>\n\t<meta name=\"twitter:data1\" content=\"2 minutes\" \/>\n<script type=\"application\/ld+json\" class=\"yoast-schema-graph\">{\"@context\":\"https:\\\/\\\/schema.org\",\"@graph\":[{\"@type\":\"WebPage\",\"@id\":\"https:\\\/\\\/www.guayapi.com\\\/boutique\\\/produit\\\/urucum-bixa-orellana\\\/\",\"url\":\"https:\\\/\\\/www.guayapi.com\\\/boutique\\\/produit\\\/urucum-bixa-orellana\\\/\",\"name\":\"Urucum (Bixa Orellana) Poudre - Guayapi\",\"isPartOf\":{\"@id\":\"https:\\\/\\\/www.guayapi.com\\\/boutique\\\/#website\"},\"primaryImageOfPage\":{\"@id\":\"https:\\\/\\\/www.guayapi.com\\\/boutique\\\/produit\\\/urucum-bixa-orellana\\\/#primaryimage\"},\"image\":{\"@id\":\"https:\\\/\\\/www.guayapi.com\\\/boutique\\\/produit\\\/urucum-bixa-orellana\\\/#primaryimage\"},\"thumbnailUrl\":\"https:\\\/\\\/www.guayapi.com\\\/boutique\\\/wp-content\\\/uploads\\\/2017\\\/04\\\/whatsapp-image-2021-12-02-at-16.38.31-removebg-preview-e1638788689738.png\",\"datePublished\":\"2017-04-06T14:05:44+00:00\",\"dateModified\":\"2026-01-02T13:41:58+00:00\",\"breadcrumb\":{\"@id\":\"https:\\\/\\\/www.guayapi.com\\\/boutique\\\/produit\\\/urucum-bixa-orellana\\\/#breadcrumb\"},\"inLanguage\":\"fr-FR\",\"potentialAction\":[{\"@type\":\"ReadAction\",\"target\":[\"https:\\\/\\\/www.guayapi.com\\\/boutique\\\/produit\\\/urucum-bixa-orellana\\\/\"]}]},{\"@type\":\"ImageObject\",\"inLanguage\":\"fr-FR\",\"@id\":\"https:\\\/\\\/www.guayapi.com\\\/boutique\\\/produit\\\/urucum-bixa-orellana\\\/#primaryimage\",\"url\":\"https:\\\/\\\/www.guayapi.com\\\/boutique\\\/wp-content\\\/uploads\\\/2017\\\/04\\\/whatsapp-image-2021-12-02-at-16.38.31-removebg-preview-e1638788689738.png\",\"contentUrl\":\"https:\\\/\\\/www.guayapi.com\\\/boutique\\\/wp-content\\\/uploads\\\/2017\\\/04\\\/whatsapp-image-2021-12-02-at-16.38.31-removebg-preview-e1638788689738.png\",\"width\":294,\"height\":473},{\"@type\":\"BreadcrumbList\",\"@id\":\"https:\\\/\\\/www.guayapi.com\\\/boutique\\\/produit\\\/urucum-bixa-orellana\\\/#breadcrumb\",\"itemListElement\":[{\"@type\":\"ListItem\",\"position\":1,\"name\":\"Accueil\",\"item\":\"https:\\\/\\\/www.guayapi.com\\\/boutique\\\/\"},{\"@type\":\"ListItem\",\"position\":2,\"name\":\"Boutique\",\"item\":\"https:\\\/\\\/www.guayapi.com\\\/boutique\\\/\"},{\"@type\":\"ListItem\",\"position\":3,\"name\":\"Urucum (Bixa Orellana) Poudre\"}]},{\"@type\":\"WebSite\",\"@id\":\"https:\\\/\\\/www.guayapi.com\\\/boutique\\\/#website\",\"url\":\"https:\\\/\\\/www.guayapi.com\\\/boutique\\\/\",\"name\":\"Guayapi\",\"description\":\"Super-aliments \u2022 \u00c9picerie fine \u2022 Cosm\u00e9tiques\",\"potentialAction\":[{\"@type\":\"SearchAction\",\"target\":{\"@type\":\"EntryPoint\",\"urlTemplate\":\"https:\\\/\\\/www.guayapi.com\\\/boutique\\\/?s={search_term_string}\"},\"query-input\":{\"@type\":\"PropertyValueSpecification\",\"valueRequired\":true,\"valueName\":\"search_term_string\"}}],\"inLanguage\":\"fr-FR\"}]}<\/script>","yoast_head_json":{"title":"Urucum (Bixa Orellana) Poudre - Guayapi","robots":{"index":"index","follow":"follow","max-snippet":"max-snippet:-1","max-image-preview":"max-image-preview:large","max-video-preview":"max-video-preview:-1"},"canonical":"https:\/\/www.guayapi.com\/boutique\/produit\/urucum-bixa-orellana\/","og_locale":"fr_FR","og_type":"article","og_title":"Urucum (Bixa Orellana) Poudre - Guayapi","og_description":"\"Terre de soleil\"  (396\u20ac\/kg)","og_url":"https:\/\/www.guayapi.com\/boutique\/produit\/urucum-bixa-orellana\/","og_site_name":"Guayapi","article_modified_time":"2026-01-02T13:41:58+00:00","og_image":[{"width":294,"height":473,"url":"https:\/\/www.guayapi.com\/boutique\/wp-content\/uploads\/2017\/04\/whatsapp-image-2021-12-02-at-16.38.31-removebg-preview-e1638788689738.png","type":"image\/png"}],"twitter_card":"summary_large_image","twitter_misc":{"Dur\u00e9e de lecture estim\u00e9e":"2 minutes"},"schema":{"@context":"https:\/\/schema.org","@graph":[{"@type":"WebPage","@id":"https:\/\/www.guayapi.com\/boutique\/produit\/urucum-bixa-orellana\/","url":"https:\/\/www.guayapi.com\/boutique\/produit\/urucum-bixa-orellana\/","name":"Urucum (Bixa Orellana) Poudre - Guayapi","isPartOf":{"@id":"https:\/\/www.guayapi.com\/boutique\/#website"},"primaryImageOfPage":{"@id":"https:\/\/www.guayapi.com\/boutique\/produit\/urucum-bixa-orellana\/#primaryimage"},"image":{"@id":"https:\/\/www.guayapi.com\/boutique\/produit\/urucum-bixa-orellana\/#primaryimage"},"thumbnailUrl":"https:\/\/www.guayapi.com\/boutique\/wp-content\/uploads\/2017\/04\/whatsapp-image-2021-12-02-at-16.38.31-removebg-preview-e1638788689738.png","datePublished":"2017-04-06T14:05:44+00:00","dateModified":"2026-01-02T13:41:58+00:00","breadcrumb":{"@id":"https:\/\/www.guayapi.com\/boutique\/produit\/urucum-bixa-orellana\/#breadcrumb"},"inLanguage":"fr-FR","potentialAction":[{"@type":"ReadAction","target":["https:\/\/www.guayapi.com\/boutique\/produit\/urucum-bixa-orellana\/"]}]},{"@type":"ImageObject","inLanguage":"fr-FR","@id":"https:\/\/www.guayapi.com\/boutique\/produit\/urucum-bixa-orellana\/#primaryimage","url":"https:\/\/www.guayapi.com\/boutique\/wp-content\/uploads\/2017\/04\/whatsapp-image-2021-12-02-at-16.38.31-removebg-preview-e1638788689738.png","contentUrl":"https:\/\/www.guayapi.com\/boutique\/wp-content\/uploads\/2017\/04\/whatsapp-image-2021-12-02-at-16.38.31-removebg-preview-e1638788689738.png","width":294,"height":473},{"@type":"BreadcrumbList","@id":"https:\/\/www.guayapi.com\/boutique\/produit\/urucum-bixa-orellana\/#breadcrumb","itemListElement":[{"@type":"ListItem","position":1,"name":"Accueil","item":"https:\/\/www.guayapi.com\/boutique\/"},{"@type":"ListItem","position":2,"name":"Boutique","item":"https:\/\/www.guayapi.com\/boutique\/"},{"@type":"ListItem","position":3,"name":"Urucum (Bixa Orellana) Poudre"}]},{"@type":"WebSite","@id":"https:\/\/www.guayapi.com\/boutique\/#website","url":"https:\/\/www.guayapi.com\/boutique\/","name":"Guayapi","description":"Super-aliments \u2022 \u00c9picerie fine \u2022 Cosm\u00e9tiques","potentialAction":[{"@type":"SearchAction","target":{"@type":"EntryPoint","urlTemplate":"https:\/\/www.guayapi.com\/boutique\/?s={search_term_string}"},"query-input":{"@type":"PropertyValueSpecification","valueRequired":true,"valueName":"search_term_string"}}],"inLanguage":"fr-FR"}]}},"_links":{"self":[{"href":"https:\/\/www.guayapi.com\/boutique\/wp-json\/wp\/v2\/product\/2041","targetHints":{"allow":["GET"]}}],"collection":[{"href":"https:\/\/www.guayapi.com\/boutique\/wp-json\/wp\/v2\/product"}],"about":[{"href":"https:\/\/www.guayapi.com\/boutique\/wp-json\/wp\/v2\/types\/product"}],"wp:featuredmedia":[{"embeddable":true,"href":"https:\/\/www.guayapi.com\/boutique\/wp-json\/wp\/v2\/media\/35008"}],"wp:attachment":[{"href":"https:\/\/www.guayapi.com\/boutique\/wp-json\/wp\/v2\/media?parent=2041"}],"wp:term":[{"taxonomy":"product_brand","embeddable":true,"href":"https:\/\/www.guayapi.com\/boutique\/wp-json\/wp\/v2\/product_brand?post=2041"},{"taxonomy":"product_cat","embeddable":true,"href":"https:\/\/www.guayapi.com\/boutique\/wp-json\/wp\/v2\/product_cat?post=2041"},{"taxonomy":"product_tag","embeddable":true,"href":"https:\/\/www.guayapi.com\/boutique\/wp-json\/wp\/v2\/product_tag?post=2041"}],"curies":[{"name":"wp","href":"https:\/\/api.w.org\/{rel}","templated":true}]}}