{"id":2046,"date":"2017-04-06T16:24:02","date_gmt":"2017-04-06T14:24:02","guid":{"rendered":"http:\/\/www.guayapi.com\/boutique\/?post_type=product&#038;p=2046"},"modified":"2025-04-23T15:27:51","modified_gmt":"2025-04-23T13:27:51","slug":"guayashot-au-warana","status":"publish","type":"product","link":"https:\/\/www.guayapi.com\/boutique\/produit\/guayashot-au-warana\/","title":{"rendered":"GUAYASHOT AU WARANA 1 ACHETE = 1 OFFERT"},"content":{"rendered":"<p>\u00ab L\u2019\u00e9nergie en un clin d\u2019\u0153il \u00bb<\/p>\n<p>Concentr\u00e9 d\u2019\u00e9nergie gr\u00e2ce \u00e0 sa teneur en Warana (Guarana des Terres d\u2019Origine), le Guayashot s\u2019emporte et se consomme partout. Efficace en cas de baisse du tonus. Le Warana est un dynamisant physique et c\u00e9r\u00e9bral.<\/p>\n<p>Conseils d\u2019utilisation : une dose ponctuellement selon les besoins (en moyenne 3 par jour). Bien secouer avec emploi.<\/p>\n<p>Chaque shot contient 10 mL avec 1 g de Warana.<\/p>\n<p>INFORMATIONS NUTRITIONNELLES POUR 100 ML:<\/p>\n<p>Valeur \u00e9nerg\u00e9tique:<br \/>\nKcal 63;<br \/>\nKJ 264<\/p>\n<p>Lipides: 0,24 g;<br \/>\nDont acides gras satur\u00e9s: 0,02g<\/p>\n<p>Glucides: 13,83 g;<br \/>\nDont sucres: 6,67 g<\/p>\n<p>Prot\u00e9ines: 1,39 g<\/p>\n<p>Sel: 0 g<\/p>\n<p>&nbsp;<\/p>\n<p>INFORMATION NUTRITIONNELLE PAR DOSE DE 10 ML (UN SHOT)<\/p>\n<p>Valeur \u00e9nerg\u00e9tique:<br \/>\nKcal 6,3;<br \/>\nKJ 26,4<\/p>\n<p>Lipides: 002 g;<br \/>\nDont acides gras satur\u00e9s: 0 g<\/p>\n<p>Glucides: 1,38 g;<br \/>\nDont sucres: 0,67 g<\/p>\n<p>Prot\u00e9ines: 0,14 g<\/p>\n<p>Sel: 0 g<\/p>\n","protected":false},"excerpt":{"rendered":"<p>DDM (DLUO) : 09\/2021<\/p>\n<p>Le produit est encore bon \u00e0 consommer : b\u00e9n\u00e9ficiez de la promo : 1 achet\u00e9 = 1 offert<\/p>\n<p>En 2019 les DLUO furent d\u00e9finitivement supprim\u00e9es et remplac\u00e9es par les DDM dans le cadre de la lutte contre le gaspillage alimentaire : <a href=\"https:\/\/www.service-public.fr\/particuliers\/vosdroits\/F10990\">https:\/\/www.service-public.fr\/particuliers\/vosdroits\/F10990<\/a><\/p>\n<p>Les produits en DDM pass\u00e9es peuvent donc non seulement \u00eatre consomm\u00e9s (ils peuvent simplement avoir perdu l\u00e9g\u00e8rement en qualit\u00e9 organoleptique)\u00a0 mais aussi VENDUS dans le commerce. Faites valoir vos droits et sensibilisez vos commer\u00e7ants \u00e0 votre \u00e9chelle gr\u00e2ce \u00e0 l&rsquo;action anti-gaspi !<\/p>\n<p>\u00ab L\u2019\u00e9nergie en un clin d\u2019\u0153il \u00bb<\/p>\n<p>Concentr\u00e9 d\u2019\u00e9nergie gr\u00e2ce \u00e0 sa teneur en Warana (Guarana des Terres d\u2019Origine)<\/p>\n<p>(200.00\u20ac\/L)<\/p>\n","protected":false},"featured_media":11456,"template":"","meta":{"_acf_changed":false},"product_brand":[],"product_cat":[7],"product_tag":[47],"class_list":{"0":"post-2046","1":"product","2":"type-product","3":"status-publish","4":"has-post-thumbnail","6":"product_cat-super-aliments","7":"product_tag-tonus-energie","9":"first","10":"outofstock","11":"taxable","12":"shipping-taxable","13":"purchasable","14":"product-type-simple"},"acf":[],"yoast_head":"<title>GUAYASHOT AU WARANA 1 ACHETE = 1 OFFERT - Guayapi<\/title>\n<meta name=\"robots\" content=\"index, follow, max-snippet:-1, max-image-preview:large, max-video-preview:-1\" \/>\n<link rel=\"canonical\" href=\"https:\/\/www.guayapi.com\/boutique\/produit\/guayashot-au-warana\/\" \/>\n<meta property=\"og:locale\" content=\"fr_FR\" \/>\n<meta property=\"og:type\" content=\"article\" \/>\n<meta property=\"og:title\" content=\"GUAYASHOT AU WARANA 1 ACHETE = 1 OFFERT - Guayapi\" \/>\n<meta property=\"og:description\" content=\"DDM (DLUO) : 09\/2021  Le produit est encore bon \u00e0 consommer : b\u00e9n\u00e9ficiez de la promo : 1 achet\u00e9 = 1 offert  En 2019 les DLUO furent d\u00e9finitivement supprim\u00e9es et remplac\u00e9es par les DDM dans le cadre de la lutte contre le gaspillage alimentaire : https:\/\/www.service-public.fr\/particuliers\/vosdroits\/F10990  Les produits en DDM pass\u00e9es peuvent donc non seulement \u00eatre consomm\u00e9s (ils peuvent simplement avoir perdu l\u00e9g\u00e8rement en qualit\u00e9 organoleptique)\u00a0 mais aussi VENDUS dans le commerce. Faites valoir vos droits et sensibilisez vos commer\u00e7ants \u00e0 votre \u00e9chelle gr\u00e2ce \u00e0 l&#039;action anti-gaspi !  \u00ab L\u2019\u00e9nergie en un clin d\u2019\u0153il \u00bb  Concentr\u00e9 d\u2019\u00e9nergie gr\u00e2ce \u00e0 sa teneur en Warana (Guarana des Terres d\u2019Origine)  (200.00\u20ac\/L)\" \/>\n<meta property=\"og:url\" content=\"https:\/\/www.guayapi.com\/boutique\/produit\/guayashot-au-warana\/\" \/>\n<meta property=\"og:site_name\" content=\"Guayapi\" \/>\n<meta property=\"article:modified_time\" content=\"2025-04-23T13:27:51+00:00\" \/>\n<meta property=\"og:image\" content=\"https:\/\/www.guayapi.com\/boutique\/wp-content\/uploads\/2017\/04\/28-removebg-preview.png\" \/>\n\t<meta property=\"og:image:width\" content=\"433\" \/>\n\t<meta property=\"og:image:height\" content=\"577\" \/>\n\t<meta property=\"og:image:type\" content=\"image\/png\" \/>\n<meta name=\"twitter:card\" content=\"summary_large_image\" \/>\n<meta name=\"twitter:label1\" content=\"Dur\u00e9e de lecture estim\u00e9e\" \/>\n\t<meta name=\"twitter:data1\" content=\"1 minute\" \/>\n<script type=\"application\/ld+json\" class=\"yoast-schema-graph\">{\"@context\":\"https:\\\/\\\/schema.org\",\"@graph\":[{\"@type\":\"WebPage\",\"@id\":\"https:\\\/\\\/www.guayapi.com\\\/boutique\\\/produit\\\/guayashot-au-warana\\\/\",\"url\":\"https:\\\/\\\/www.guayapi.com\\\/boutique\\\/produit\\\/guayashot-au-warana\\\/\",\"name\":\"GUAYASHOT AU WARANA 1 ACHETE = 1 OFFERT - Guayapi\",\"isPartOf\":{\"@id\":\"https:\\\/\\\/www.guayapi.com\\\/boutique\\\/#website\"},\"primaryImageOfPage\":{\"@id\":\"https:\\\/\\\/www.guayapi.com\\\/boutique\\\/produit\\\/guayashot-au-warana\\\/#primaryimage\"},\"image\":{\"@id\":\"https:\\\/\\\/www.guayapi.com\\\/boutique\\\/produit\\\/guayashot-au-warana\\\/#primaryimage\"},\"thumbnailUrl\":\"https:\\\/\\\/www.guayapi.com\\\/boutique\\\/wp-content\\\/uploads\\\/2017\\\/04\\\/28-removebg-preview.png\",\"datePublished\":\"2017-04-06T14:24:02+00:00\",\"dateModified\":\"2025-04-23T13:27:51+00:00\",\"breadcrumb\":{\"@id\":\"https:\\\/\\\/www.guayapi.com\\\/boutique\\\/produit\\\/guayashot-au-warana\\\/#breadcrumb\"},\"inLanguage\":\"fr-FR\",\"potentialAction\":[{\"@type\":\"ReadAction\",\"target\":[\"https:\\\/\\\/www.guayapi.com\\\/boutique\\\/produit\\\/guayashot-au-warana\\\/\"]}]},{\"@type\":\"ImageObject\",\"inLanguage\":\"fr-FR\",\"@id\":\"https:\\\/\\\/www.guayapi.com\\\/boutique\\\/produit\\\/guayashot-au-warana\\\/#primaryimage\",\"url\":\"https:\\\/\\\/www.guayapi.com\\\/boutique\\\/wp-content\\\/uploads\\\/2017\\\/04\\\/28-removebg-preview.png\",\"contentUrl\":\"https:\\\/\\\/www.guayapi.com\\\/boutique\\\/wp-content\\\/uploads\\\/2017\\\/04\\\/28-removebg-preview.png\",\"width\":433,\"height\":577},{\"@type\":\"BreadcrumbList\",\"@id\":\"https:\\\/\\\/www.guayapi.com\\\/boutique\\\/produit\\\/guayashot-au-warana\\\/#breadcrumb\",\"itemListElement\":[{\"@type\":\"ListItem\",\"position\":1,\"name\":\"Accueil\",\"item\":\"https:\\\/\\\/www.guayapi.com\\\/boutique\\\/\"},{\"@type\":\"ListItem\",\"position\":2,\"name\":\"Boutique\",\"item\":\"https:\\\/\\\/www.guayapi.com\\\/boutique\\\/\"},{\"@type\":\"ListItem\",\"position\":3,\"name\":\"GUAYASHOT AU WARANA 1 ACHETE = 1 OFFERT\"}]},{\"@type\":\"WebSite\",\"@id\":\"https:\\\/\\\/www.guayapi.com\\\/boutique\\\/#website\",\"url\":\"https:\\\/\\\/www.guayapi.com\\\/boutique\\\/\",\"name\":\"Guayapi\",\"description\":\"Super-aliments \u2022 \u00c9picerie fine \u2022 Cosm\u00e9tiques\",\"potentialAction\":[{\"@type\":\"SearchAction\",\"target\":{\"@type\":\"EntryPoint\",\"urlTemplate\":\"https:\\\/\\\/www.guayapi.com\\\/boutique\\\/?s={search_term_string}\"},\"query-input\":{\"@type\":\"PropertyValueSpecification\",\"valueRequired\":true,\"valueName\":\"search_term_string\"}}],\"inLanguage\":\"fr-FR\"}]}<\/script>","yoast_head_json":{"title":"GUAYASHOT AU WARANA 1 ACHETE = 1 OFFERT - Guayapi","robots":{"index":"index","follow":"follow","max-snippet":"max-snippet:-1","max-image-preview":"max-image-preview:large","max-video-preview":"max-video-preview:-1"},"canonical":"https:\/\/www.guayapi.com\/boutique\/produit\/guayashot-au-warana\/","og_locale":"fr_FR","og_type":"article","og_title":"GUAYASHOT AU WARANA 1 ACHETE = 1 OFFERT - Guayapi","og_description":"DDM (DLUO) : 09\/2021  Le produit est encore bon \u00e0 consommer : b\u00e9n\u00e9ficiez de la promo : 1 achet\u00e9 = 1 offert  En 2019 les DLUO furent d\u00e9finitivement supprim\u00e9es et remplac\u00e9es par les DDM dans le cadre de la lutte contre le gaspillage alimentaire : https:\/\/www.service-public.fr\/particuliers\/vosdroits\/F10990  Les produits en DDM pass\u00e9es peuvent donc non seulement \u00eatre consomm\u00e9s (ils peuvent simplement avoir perdu l\u00e9g\u00e8rement en qualit\u00e9 organoleptique)\u00a0 mais aussi VENDUS dans le commerce. Faites valoir vos droits et sensibilisez vos commer\u00e7ants \u00e0 votre \u00e9chelle gr\u00e2ce \u00e0 l'action anti-gaspi !  \u00ab L\u2019\u00e9nergie en un clin d\u2019\u0153il \u00bb  Concentr\u00e9 d\u2019\u00e9nergie gr\u00e2ce \u00e0 sa teneur en Warana (Guarana des Terres d\u2019Origine)  (200.00\u20ac\/L)","og_url":"https:\/\/www.guayapi.com\/boutique\/produit\/guayashot-au-warana\/","og_site_name":"Guayapi","article_modified_time":"2025-04-23T13:27:51+00:00","og_image":[{"width":433,"height":577,"url":"https:\/\/www.guayapi.com\/boutique\/wp-content\/uploads\/2017\/04\/28-removebg-preview.png","type":"image\/png"}],"twitter_card":"summary_large_image","twitter_misc":{"Dur\u00e9e de lecture estim\u00e9e":"1 minute"},"schema":{"@context":"https:\/\/schema.org","@graph":[{"@type":"WebPage","@id":"https:\/\/www.guayapi.com\/boutique\/produit\/guayashot-au-warana\/","url":"https:\/\/www.guayapi.com\/boutique\/produit\/guayashot-au-warana\/","name":"GUAYASHOT AU WARANA 1 ACHETE = 1 OFFERT - Guayapi","isPartOf":{"@id":"https:\/\/www.guayapi.com\/boutique\/#website"},"primaryImageOfPage":{"@id":"https:\/\/www.guayapi.com\/boutique\/produit\/guayashot-au-warana\/#primaryimage"},"image":{"@id":"https:\/\/www.guayapi.com\/boutique\/produit\/guayashot-au-warana\/#primaryimage"},"thumbnailUrl":"https:\/\/www.guayapi.com\/boutique\/wp-content\/uploads\/2017\/04\/28-removebg-preview.png","datePublished":"2017-04-06T14:24:02+00:00","dateModified":"2025-04-23T13:27:51+00:00","breadcrumb":{"@id":"https:\/\/www.guayapi.com\/boutique\/produit\/guayashot-au-warana\/#breadcrumb"},"inLanguage":"fr-FR","potentialAction":[{"@type":"ReadAction","target":["https:\/\/www.guayapi.com\/boutique\/produit\/guayashot-au-warana\/"]}]},{"@type":"ImageObject","inLanguage":"fr-FR","@id":"https:\/\/www.guayapi.com\/boutique\/produit\/guayashot-au-warana\/#primaryimage","url":"https:\/\/www.guayapi.com\/boutique\/wp-content\/uploads\/2017\/04\/28-removebg-preview.png","contentUrl":"https:\/\/www.guayapi.com\/boutique\/wp-content\/uploads\/2017\/04\/28-removebg-preview.png","width":433,"height":577},{"@type":"BreadcrumbList","@id":"https:\/\/www.guayapi.com\/boutique\/produit\/guayashot-au-warana\/#breadcrumb","itemListElement":[{"@type":"ListItem","position":1,"name":"Accueil","item":"https:\/\/www.guayapi.com\/boutique\/"},{"@type":"ListItem","position":2,"name":"Boutique","item":"https:\/\/www.guayapi.com\/boutique\/"},{"@type":"ListItem","position":3,"name":"GUAYASHOT AU WARANA 1 ACHETE = 1 OFFERT"}]},{"@type":"WebSite","@id":"https:\/\/www.guayapi.com\/boutique\/#website","url":"https:\/\/www.guayapi.com\/boutique\/","name":"Guayapi","description":"Super-aliments \u2022 \u00c9picerie fine \u2022 Cosm\u00e9tiques","potentialAction":[{"@type":"SearchAction","target":{"@type":"EntryPoint","urlTemplate":"https:\/\/www.guayapi.com\/boutique\/?s={search_term_string}"},"query-input":{"@type":"PropertyValueSpecification","valueRequired":true,"valueName":"search_term_string"}}],"inLanguage":"fr-FR"}]}},"_links":{"self":[{"href":"https:\/\/www.guayapi.com\/boutique\/wp-json\/wp\/v2\/product\/2046","targetHints":{"allow":["GET"]}}],"collection":[{"href":"https:\/\/www.guayapi.com\/boutique\/wp-json\/wp\/v2\/product"}],"about":[{"href":"https:\/\/www.guayapi.com\/boutique\/wp-json\/wp\/v2\/types\/product"}],"wp:featuredmedia":[{"embeddable":true,"href":"https:\/\/www.guayapi.com\/boutique\/wp-json\/wp\/v2\/media\/11456"}],"wp:attachment":[{"href":"https:\/\/www.guayapi.com\/boutique\/wp-json\/wp\/v2\/media?parent=2046"}],"wp:term":[{"taxonomy":"product_brand","embeddable":true,"href":"https:\/\/www.guayapi.com\/boutique\/wp-json\/wp\/v2\/product_brand?post=2046"},{"taxonomy":"product_cat","embeddable":true,"href":"https:\/\/www.guayapi.com\/boutique\/wp-json\/wp\/v2\/product_cat?post=2046"},{"taxonomy":"product_tag","embeddable":true,"href":"https:\/\/www.guayapi.com\/boutique\/wp-json\/wp\/v2\/product_tag?post=2046"}],"curies":[{"name":"wp","href":"https:\/\/api.w.org\/{rel}","templated":true}]}}