{"id":2048,"date":"2017-04-06T16:29:30","date_gmt":"2017-04-06T14:29:30","guid":{"rendered":"http:\/\/www.guayapi.com\/boutique\/?post_type=product&#038;p=2048"},"modified":"2026-01-02T12:17:24","modified_gmt":"2026-01-02T11:17:24","slug":"guarana-damazonas","status":"publish","type":"product","link":"https:\/\/www.guayapi.com\/boutique\/produit\/guarana-damazonas\/","title":{"rendered":"GUARANA D&rsquo;AMAZONAS BIO"},"content":{"rendered":"<p>Les Indiens Sater\u00e9 Maw\u00e9 se sont organis\u00e9s pour r\u00e9pondre \u00e0 une demande de Guarana de seconde qualit\u00e9, et afin de donner acc\u00e8s \u00e0 ce march\u00e9 \u00e0 des peuples qui ne sont pas Indiens. Des partenariats ont ainsi \u00e9t\u00e9 cr\u00e9\u00e9s avec des producteurs en dehors de l\u2019aire indig\u00e8ne, et le savoir-faire des Indiens Sater\u00e9 Maw\u00e9 leur a \u00e9t\u00e9 partiellement transmis.<br \/>\nCe Guarana repr\u00e9sente donc la lutte des Indiens et autres producteurs contre les multinationales qui veulent imposer leurs m\u00e9thodes de production intensive en introduisant des clones et pesticides dans la for\u00eat amazonienne. Le Guarana n\u2019est donc pas le Warana, Guarana natif, le \u00ab grand cru \u00bb de la plus haute qualit\u00e9, mais ce Guarana d\u2019Amazonas reste tout de m\u00eame un produit de qualit\u00e9.<br \/>\nOrigine : Br\u00e9sil, Etat d\u2019Amazonas<br \/>\nPartie utilis\u00e9e : noyau du fruit<br \/>\nConseils d\u2019utilisation : 1 cc par jour dans une boisson froide, avant l\u2019effort ou en cure de 1 \u00e0 3 mois.<\/p>\n<p>Format : bo\u00eete de 50g de poudre.<\/p>\n<p>INFORMATION NUTRITIONNELLE POUR 100 GRAMMES<\/p>\n<p>Valeur \u00e9nerg\u00e9tique:<br \/>\nKcal 370,<br \/>\nKJ 1548<\/p>\n<p>Lipides: 2,1 g;<br \/>\nDont acides gras satur\u00e9s: 0,4 g<\/p>\n<p>Glucides: 74,2;<br \/>\nDont sucres: 3 g<\/p>\n<p>Prot\u00e9ines: 13,9 g<\/p>\n<p>Sel: 0 g<\/p>\n<p>Guaranine: 4 g<\/p>\n<p>&nbsp;<\/p>\n<p>INFORMATION NUTRITIONNELLE PAR PORTION DE 2 GRAMMES (1 CUILL\u00c8RE \u00c0 CAF\u00c9)<\/p>\n<p>Valeur \u00e9nerg\u00e9tique:<br \/>\nKcal 7,4<br \/>\nKJ 31<\/p>\n<p>Lipides: 0,04 g;<br \/>\nDont acides gras satur\u00e9s: 0,01 g<\/p>\n<p>Glucides: 1,48 g;<br \/>\nDont sucres: 0,06 g<\/p>\n<p>Prot\u00e9ines: 0,28 g<\/p>\n<p>Sel: 0 g<\/p>\n<p>Guaranine: 0,08 g<\/p>\n<p>&nbsp;<\/p>\n<p><span style=\"font-size: 8pt\"><em>COMPL\u00c9MENT ALIMENTAIRE. TENIR HORS DE PORT\u00c9E DES JEUNES ENFANTS. NE PEUT SE SUBSTITUER \u00c0 UN R\u00c9GIME ALIMENTAIRE VARI\u00c9, NI \u00c0 UN MODE DE VIE SAIN. \u00c0 CONSOMMER DE PR\u00c9F\u00c9RENCE AVANT FIN : VOIR AU FOND DE LA BO\u00ceTE.<\/em><\/span><\/p>\n","protected":false},"excerpt":{"rendered":"<p>Les Indiens Sater\u00e9 Maw\u00e9 se sont organis\u00e9s pour r\u00e9pondre \u00e0 une demande de Guarana de seconde qualit\u00e9, et afin de donner acc\u00e8s \u00e0 ce march\u00e9 \u00e0 des peuples qui ne sont pas Indiens. Des partenariats ont ainsi \u00e9t\u00e9 cr\u00e9\u00e9s avec des producteurs en dehors de l\u2019aire indig\u00e8ne, et le savoir-faire des Indiens Sater\u00e9 Maw\u00e9 leur a \u00e9t\u00e9 partiellement transmis.<\/p>\n<p>Origine : Br\u00e9sil, Etat d\u2019Amazonas<\/p>\n<p>(272\u20ac \/kg)<\/p>\n<p>Essayez aussi notre Guaran\u00e0 Bio Amazon Punch, issu des petits producteurs amazoniens (3\u00e8me qualit\u00e9 de Guaran\u00e0 bio) : <a href=\"https:\/\/www.guayapi.com\/boutique\/produit\/amazonpunch\/\" target=\"_blank\" rel=\"noopener\">https:\/\/www.guayapi.com\/boutique\/produit\/amazonpunch\/<\/a><\/p>\n","protected":false},"featured_media":35000,"template":"","meta":{"_acf_changed":false},"product_brand":[],"product_cat":[7],"product_tag":[47],"class_list":{"0":"post-2048","1":"product","2":"type-product","3":"status-publish","4":"has-post-thumbnail","6":"product_cat-super-aliments","7":"product_tag-tonus-energie","9":"first","10":"instock","11":"taxable","12":"shipping-taxable","13":"purchasable","14":"product-type-simple"},"acf":[],"yoast_head":"<title>GUARANA D&#039;AMAZONAS BIO - Guayapi<\/title>\n<meta name=\"robots\" content=\"index, follow, max-snippet:-1, max-image-preview:large, max-video-preview:-1\" \/>\n<link rel=\"canonical\" href=\"https:\/\/www.guayapi.com\/boutique\/produit\/guarana-damazonas\/\" \/>\n<meta property=\"og:locale\" content=\"fr_FR\" \/>\n<meta property=\"og:type\" content=\"article\" \/>\n<meta property=\"og:title\" content=\"GUARANA D&#039;AMAZONAS BIO - Guayapi\" \/>\n<meta property=\"og:description\" content=\"Les Indiens Sater\u00e9 Maw\u00e9 se sont organis\u00e9s pour r\u00e9pondre \u00e0 une demande de Guarana de seconde qualit\u00e9, et afin de donner acc\u00e8s \u00e0 ce march\u00e9 \u00e0 des peuples qui ne sont pas Indiens. Des partenariats ont ainsi \u00e9t\u00e9 cr\u00e9\u00e9s avec des producteurs en dehors de l\u2019aire indig\u00e8ne, et le savoir-faire des Indiens Sater\u00e9 Maw\u00e9 leur a \u00e9t\u00e9 partiellement transmis.  Origine : Br\u00e9sil, Etat d\u2019Amazonas  (272\u20ac \/kg)  Essayez aussi notre Guaran\u00e0 Bio Amazon Punch, issu des petits producteurs amazoniens (3\u00e8me qualit\u00e9 de Guaran\u00e0 bio) : https:\/\/www.guayapi.com\/boutique\/produit\/amazonpunch\/\" \/>\n<meta property=\"og:url\" content=\"https:\/\/www.guayapi.com\/boutique\/produit\/guarana-damazonas\/\" \/>\n<meta property=\"og:site_name\" content=\"Guayapi\" \/>\n<meta property=\"article:modified_time\" content=\"2026-01-02T11:17:24+00:00\" \/>\n<meta property=\"og:image\" content=\"https:\/\/www.guayapi.com\/boutique\/wp-content\/uploads\/2017\/04\/whatsapp-image-2021-12-02-at-16.38.37-removebg-preview-e1638787646309.png\" \/>\n\t<meta property=\"og:image:width\" content=\"276\" \/>\n\t<meta property=\"og:image:height\" content=\"476\" \/>\n\t<meta property=\"og:image:type\" content=\"image\/png\" \/>\n<meta name=\"twitter:card\" content=\"summary_large_image\" \/>\n<meta name=\"twitter:label1\" content=\"Dur\u00e9e de lecture estim\u00e9e\" \/>\n\t<meta name=\"twitter:data1\" content=\"2 minutes\" \/>\n<script type=\"application\/ld+json\" class=\"yoast-schema-graph\">{\"@context\":\"https:\\\/\\\/schema.org\",\"@graph\":[{\"@type\":\"WebPage\",\"@id\":\"https:\\\/\\\/www.guayapi.com\\\/boutique\\\/produit\\\/guarana-damazonas\\\/\",\"url\":\"https:\\\/\\\/www.guayapi.com\\\/boutique\\\/produit\\\/guarana-damazonas\\\/\",\"name\":\"GUARANA D'AMAZONAS BIO - Guayapi\",\"isPartOf\":{\"@id\":\"https:\\\/\\\/www.guayapi.com\\\/boutique\\\/#website\"},\"primaryImageOfPage\":{\"@id\":\"https:\\\/\\\/www.guayapi.com\\\/boutique\\\/produit\\\/guarana-damazonas\\\/#primaryimage\"},\"image\":{\"@id\":\"https:\\\/\\\/www.guayapi.com\\\/boutique\\\/produit\\\/guarana-damazonas\\\/#primaryimage\"},\"thumbnailUrl\":\"https:\\\/\\\/www.guayapi.com\\\/boutique\\\/wp-content\\\/uploads\\\/2017\\\/04\\\/whatsapp-image-2021-12-02-at-16.38.37-removebg-preview-e1638787646309.png\",\"datePublished\":\"2017-04-06T14:29:30+00:00\",\"dateModified\":\"2026-01-02T11:17:24+00:00\",\"breadcrumb\":{\"@id\":\"https:\\\/\\\/www.guayapi.com\\\/boutique\\\/produit\\\/guarana-damazonas\\\/#breadcrumb\"},\"inLanguage\":\"fr-FR\",\"potentialAction\":[{\"@type\":\"ReadAction\",\"target\":[\"https:\\\/\\\/www.guayapi.com\\\/boutique\\\/produit\\\/guarana-damazonas\\\/\"]}]},{\"@type\":\"ImageObject\",\"inLanguage\":\"fr-FR\",\"@id\":\"https:\\\/\\\/www.guayapi.com\\\/boutique\\\/produit\\\/guarana-damazonas\\\/#primaryimage\",\"url\":\"https:\\\/\\\/www.guayapi.com\\\/boutique\\\/wp-content\\\/uploads\\\/2017\\\/04\\\/whatsapp-image-2021-12-02-at-16.38.37-removebg-preview-e1638787646309.png\",\"contentUrl\":\"https:\\\/\\\/www.guayapi.com\\\/boutique\\\/wp-content\\\/uploads\\\/2017\\\/04\\\/whatsapp-image-2021-12-02-at-16.38.37-removebg-preview-e1638787646309.png\",\"width\":276,\"height\":476},{\"@type\":\"BreadcrumbList\",\"@id\":\"https:\\\/\\\/www.guayapi.com\\\/boutique\\\/produit\\\/guarana-damazonas\\\/#breadcrumb\",\"itemListElement\":[{\"@type\":\"ListItem\",\"position\":1,\"name\":\"Accueil\",\"item\":\"https:\\\/\\\/www.guayapi.com\\\/boutique\\\/\"},{\"@type\":\"ListItem\",\"position\":2,\"name\":\"Boutique\",\"item\":\"https:\\\/\\\/www.guayapi.com\\\/boutique\\\/\"},{\"@type\":\"ListItem\",\"position\":3,\"name\":\"GUARANA D&rsquo;AMAZONAS BIO\"}]},{\"@type\":\"WebSite\",\"@id\":\"https:\\\/\\\/www.guayapi.com\\\/boutique\\\/#website\",\"url\":\"https:\\\/\\\/www.guayapi.com\\\/boutique\\\/\",\"name\":\"Guayapi\",\"description\":\"Super-aliments \u2022 \u00c9picerie fine \u2022 Cosm\u00e9tiques\",\"potentialAction\":[{\"@type\":\"SearchAction\",\"target\":{\"@type\":\"EntryPoint\",\"urlTemplate\":\"https:\\\/\\\/www.guayapi.com\\\/boutique\\\/?s={search_term_string}\"},\"query-input\":{\"@type\":\"PropertyValueSpecification\",\"valueRequired\":true,\"valueName\":\"search_term_string\"}}],\"inLanguage\":\"fr-FR\"}]}<\/script>","yoast_head_json":{"title":"GUARANA D'AMAZONAS BIO - Guayapi","robots":{"index":"index","follow":"follow","max-snippet":"max-snippet:-1","max-image-preview":"max-image-preview:large","max-video-preview":"max-video-preview:-1"},"canonical":"https:\/\/www.guayapi.com\/boutique\/produit\/guarana-damazonas\/","og_locale":"fr_FR","og_type":"article","og_title":"GUARANA D'AMAZONAS BIO - Guayapi","og_description":"Les Indiens Sater\u00e9 Maw\u00e9 se sont organis\u00e9s pour r\u00e9pondre \u00e0 une demande de Guarana de seconde qualit\u00e9, et afin de donner acc\u00e8s \u00e0 ce march\u00e9 \u00e0 des peuples qui ne sont pas Indiens. Des partenariats ont ainsi \u00e9t\u00e9 cr\u00e9\u00e9s avec des producteurs en dehors de l\u2019aire indig\u00e8ne, et le savoir-faire des Indiens Sater\u00e9 Maw\u00e9 leur a \u00e9t\u00e9 partiellement transmis.  Origine : Br\u00e9sil, Etat d\u2019Amazonas  (272\u20ac \/kg)  Essayez aussi notre Guaran\u00e0 Bio Amazon Punch, issu des petits producteurs amazoniens (3\u00e8me qualit\u00e9 de Guaran\u00e0 bio) : https:\/\/www.guayapi.com\/boutique\/produit\/amazonpunch\/","og_url":"https:\/\/www.guayapi.com\/boutique\/produit\/guarana-damazonas\/","og_site_name":"Guayapi","article_modified_time":"2026-01-02T11:17:24+00:00","og_image":[{"width":276,"height":476,"url":"https:\/\/www.guayapi.com\/boutique\/wp-content\/uploads\/2017\/04\/whatsapp-image-2021-12-02-at-16.38.37-removebg-preview-e1638787646309.png","type":"image\/png"}],"twitter_card":"summary_large_image","twitter_misc":{"Dur\u00e9e de lecture estim\u00e9e":"2 minutes"},"schema":{"@context":"https:\/\/schema.org","@graph":[{"@type":"WebPage","@id":"https:\/\/www.guayapi.com\/boutique\/produit\/guarana-damazonas\/","url":"https:\/\/www.guayapi.com\/boutique\/produit\/guarana-damazonas\/","name":"GUARANA D'AMAZONAS BIO - Guayapi","isPartOf":{"@id":"https:\/\/www.guayapi.com\/boutique\/#website"},"primaryImageOfPage":{"@id":"https:\/\/www.guayapi.com\/boutique\/produit\/guarana-damazonas\/#primaryimage"},"image":{"@id":"https:\/\/www.guayapi.com\/boutique\/produit\/guarana-damazonas\/#primaryimage"},"thumbnailUrl":"https:\/\/www.guayapi.com\/boutique\/wp-content\/uploads\/2017\/04\/whatsapp-image-2021-12-02-at-16.38.37-removebg-preview-e1638787646309.png","datePublished":"2017-04-06T14:29:30+00:00","dateModified":"2026-01-02T11:17:24+00:00","breadcrumb":{"@id":"https:\/\/www.guayapi.com\/boutique\/produit\/guarana-damazonas\/#breadcrumb"},"inLanguage":"fr-FR","potentialAction":[{"@type":"ReadAction","target":["https:\/\/www.guayapi.com\/boutique\/produit\/guarana-damazonas\/"]}]},{"@type":"ImageObject","inLanguage":"fr-FR","@id":"https:\/\/www.guayapi.com\/boutique\/produit\/guarana-damazonas\/#primaryimage","url":"https:\/\/www.guayapi.com\/boutique\/wp-content\/uploads\/2017\/04\/whatsapp-image-2021-12-02-at-16.38.37-removebg-preview-e1638787646309.png","contentUrl":"https:\/\/www.guayapi.com\/boutique\/wp-content\/uploads\/2017\/04\/whatsapp-image-2021-12-02-at-16.38.37-removebg-preview-e1638787646309.png","width":276,"height":476},{"@type":"BreadcrumbList","@id":"https:\/\/www.guayapi.com\/boutique\/produit\/guarana-damazonas\/#breadcrumb","itemListElement":[{"@type":"ListItem","position":1,"name":"Accueil","item":"https:\/\/www.guayapi.com\/boutique\/"},{"@type":"ListItem","position":2,"name":"Boutique","item":"https:\/\/www.guayapi.com\/boutique\/"},{"@type":"ListItem","position":3,"name":"GUARANA D&rsquo;AMAZONAS BIO"}]},{"@type":"WebSite","@id":"https:\/\/www.guayapi.com\/boutique\/#website","url":"https:\/\/www.guayapi.com\/boutique\/","name":"Guayapi","description":"Super-aliments \u2022 \u00c9picerie fine \u2022 Cosm\u00e9tiques","potentialAction":[{"@type":"SearchAction","target":{"@type":"EntryPoint","urlTemplate":"https:\/\/www.guayapi.com\/boutique\/?s={search_term_string}"},"query-input":{"@type":"PropertyValueSpecification","valueRequired":true,"valueName":"search_term_string"}}],"inLanguage":"fr-FR"}]}},"_links":{"self":[{"href":"https:\/\/www.guayapi.com\/boutique\/wp-json\/wp\/v2\/product\/2048","targetHints":{"allow":["GET"]}}],"collection":[{"href":"https:\/\/www.guayapi.com\/boutique\/wp-json\/wp\/v2\/product"}],"about":[{"href":"https:\/\/www.guayapi.com\/boutique\/wp-json\/wp\/v2\/types\/product"}],"wp:featuredmedia":[{"embeddable":true,"href":"https:\/\/www.guayapi.com\/boutique\/wp-json\/wp\/v2\/media\/35000"}],"wp:attachment":[{"href":"https:\/\/www.guayapi.com\/boutique\/wp-json\/wp\/v2\/media?parent=2048"}],"wp:term":[{"taxonomy":"product_brand","embeddable":true,"href":"https:\/\/www.guayapi.com\/boutique\/wp-json\/wp\/v2\/product_brand?post=2048"},{"taxonomy":"product_cat","embeddable":true,"href":"https:\/\/www.guayapi.com\/boutique\/wp-json\/wp\/v2\/product_cat?post=2048"},{"taxonomy":"product_tag","embeddable":true,"href":"https:\/\/www.guayapi.com\/boutique\/wp-json\/wp\/v2\/product_tag?post=2048"}],"curies":[{"name":"wp","href":"https:\/\/api.w.org\/{rel}","templated":true}]}}