{"id":2146,"date":"2017-04-13T12:05:33","date_gmt":"2017-04-13T10:05:33","guid":{"rendered":"https:\/\/www.guayapi.com\/boutique\/?post_type=product&#038;p=2146"},"modified":"2026-03-05T15:03:26","modified_gmt":"2026-03-05T14:03:26","slug":"warana-ou-guarana-2","status":"publish","type":"product","link":"https:\/\/www.guayapi.com\/boutique\/produit\/warana-ou-guarana-2\/","title":{"rendered":"Warana &#8211; Guarana Des Terres d&rsquo;Origines G\u00e9lules"},"content":{"rendered":"<p>Le Waran\u00e0, Appellation d\u2019Origine Contr\u00f4l\u00e9e du Guaran\u00e0 est un tr\u00e9sor mythique et mystique de l\u2019Amazonie.<\/p>\n<p>Dynamisant physique et c\u00e9r\u00e9bral sans effet d\u2019excitation ni d\u2019\u00e9nervement gr\u00e2ce aux m\u00e9thodes ancestrales utilis\u00e9es, riche en guaranine et source d\u2019oligo-\u00e9l\u00e9ments, le Waran\u00e0 aide \u00e0 entreprendre, se concentrer, \u00e9tudier, rester vigilant, n\u00e9gocier, avoir une meilleure \u00e9locution, veiller (f\u00eates), et \u00e0 contr\u00f4ler son poids.<\/p>\n<p>Il convient donc aux \u00e9tudiants, travailleurs, cr\u00e9atifs, femmes et hommes d\u2019affaires, artistes, sportifs.<\/p>\n<p>Les Indiens Sater\u00e9 Maw\u00e9, avec qui nous travaillons chez GUAYAPI depuis 1993, veillent sur elle depuis des milliers d\u2019ann\u00e9es. Ce sont eux qui ont d\u00e9couvert et domestiqu\u00e9 la liane en arbuste comestible il y a des milliers d\u2019ann\u00e9es.<\/p>\n<p>D\u2019une belle couleur blanc cass\u00e9, le Waran\u00e0 des Indiens Sater\u00e9 Maw\u00e9 est d\u00e9crit par les \u0153nologues comme ayant l\u2019amertume du pissenlit et la consistance de la ch\u00e2taigne. Il aiguise les sens, comme savent le faire les go\u00fbts anciens et potentialise les vertus des aliments auxquels il est associ\u00e9.<\/p>\n<p>Les Indiens Sater\u00e9 Maw\u00e9 poss\u00e8dent le savoir-faire ancestral de culture de la plante. Ils sont les inventeurs de la technique de domestication du Waran\u00e0, patrimoine culturel et naturel de l\u2019humanit\u00e9 enti\u00e8re.<\/p>\n<p>Les Indiens Sater\u00e9 Maw\u00e9, en partenariat avec GUAYAPI depuis 1993, sont les Gardiens de la banque g\u00e9n\u00e9tique mondiale du Warana.<\/p>\n<p>Depuis 2016 le Waran\u00e0 Sater\u00e9 Maw\u00e9 fait l\u2019objet d\u2019une Denomina\u00e7\u00e3o de Origem aupr\u00e8s de l\u2019Institut National de la Propri\u00e9t\u00e9 Industrielle au Br\u00e9sil, l\u2019\u00e9quivalent br\u00e9silien de notre AOC (Appellation d\u2019Origine Contr\u00f4l\u00e9e).<\/p>\n<p>Pour plus d\u2019information sur le Projet Waran\u00e0 : www.nusoken.com<\/p>\n<p>Conseil d\u2019utilisation: 2 \u00e0 4 g\u00e9lules par jour. Ponctuellement avant l\u2019effort ou par jour durant des p\u00e9riodes de 1 \u00e0 3 semaines.<\/p>\n<p>Saveurs: L\u2019amertume du pissenlit avec la consistance de la ch\u00e2taigne. De subtiles notes rafra\u00eechissantes fum\u00e9es qui enchantent les papilles. Bouche saillante, authentique.<\/p>\n<p><iframe title=\"\ud83e\udd9c Savez-vous quelle est la diff\u00e9rence entre #warana et #guarana ? \u2728\" width=\"422\" height=\"750\" src=\"https:\/\/www.youtube-nocookie.com\/embed\/ajl-GGljq34?feature=oembed\" frameborder=\"0\" allow=\"accelerometer; autoplay; clipboard-write; encrypted-media; gyroscope; picture-in-picture; web-share\" referrerpolicy=\"strict-origin-when-cross-origin\" allowfullscreen><\/iframe><\/p>\n<p>INFORMATIONS NUTRITIONNELLES POUR 100 GRAMMES:<\/p>\n<p>Valeur \u00e9nerg\u00e9tique:<br \/>\nKcal 370<br \/>\nKJ 1548<\/p>\n<p>Lipides: 2,4 g;<br \/>\ndont acides gras satur\u00e9s: 0,2 g<\/p>\n<p>Glucides: 73,3 g;<br \/>\nDont sucres: 1,7 g<\/p>\n<p>Prot\u00e9ines: 13,9 g<\/p>\n<p>Sel: 0 g<\/p>\n<p>Potassium: 445 mg (22,25% des VNR*)<br \/>\nPhosphore: 383 mg (54,71% des VNR*)<br \/>\nGuaranine: &gt; 4,5 g<\/p>\n<p>*VNR: Valeur Nutritionnelle de R\u00e9f\u00e9rence<\/p>\n<p>&nbsp;<\/p>\n<p>INFORMATIONS NUTRITIONNELLES POUR 3 G\u00c9LULES (SOIT 1,26 GRAMMES):<\/p>\n<p>Valeur \u00e9nerg\u00e9tique:<br \/>\nKcal 5<br \/>\nKJ 20<\/p>\n<p>Lipides: 0,03 g;<br \/>\ndont acides gras satur\u00e9s: 0 g<\/p>\n<p>Glucides: 0,92 g;<br \/>\nDont sucres: 0,02 g<\/p>\n<p>Prot\u00e9ines: 0,18 g<\/p>\n<p>Sel: 0 g<\/p>\n<p>Potassium: 5,6 mg (0,3 % des VNR*)<br \/>\nPhosphore: 4,8 mg (0,7 % des VNR*)<br \/>\nGuaranine: &gt; 0,6 g<\/p>\n<p>*VNR: Valeur Nutritionnelle de R\u00e9f\u00e9rence<\/p>\n<p>&nbsp;<\/p>\n<p><span style=\"font-size: 8pt\"><em>COMPL\u00c9MENT ALIMENTAIRE. TENIR HORS DE PORT\u00c9E DES JEUNES ENFANTS. NE PEUT SE SUBSTITUER \u00c0 UN R\u00c9GIME ALIMENTAIRE VARI\u00c9, NI \u00c0 UN MODE DE VIE SAIN. \u00c0 CONSOMMER DE PR\u00c9F\u00c9RENCE AVANT FIN : VOIR AU FOND DE LA BO\u00ceTE.<\/em><\/span><\/p>\n","protected":false},"excerpt":{"rendered":"<p>LE WARANA EST UNE PLANTE MYTHIQUE ET MYSTIQUE DE LA FOR\u00caT AMAZONIENNE ET UN TR\u00c9SOR POUR LE PEUPLE SATER\u00c9 MAW\u00c9 QUI VEILLE SUR ELLE DEPUIS DES MILLIERS D\u2019ANN\u00c9ES.<br \/>\nDYNAMISANT PHYSIQUE ET C\u00c9R\u00c9BRAL, LE WARANA AM\u00c9LIORE LA CONCENTRATION ET LA VIGILANCE.<\/p>\n<p>(750\u20ac\/kg)<\/p>\n","protected":false},"featured_media":43768,"template":"","meta":{"_acf_changed":false},"product_brand":[],"product_cat":[7],"product_tag":[47,17],"class_list":{"0":"post-2146","1":"product","2":"type-product","3":"status-publish","4":"has-post-thumbnail","6":"product_cat-super-aliments","7":"product_tag-tonus-energie","8":"product_tag-sport","10":"first","11":"instock","12":"taxable","13":"shipping-taxable","14":"purchasable","15":"product-type-simple"},"acf":[],"yoast_head":"<title>Warana - Guarana Des Terres d&#039;Origines G\u00e9lules - Guayapi<\/title>\n<meta name=\"robots\" content=\"index, follow, max-snippet:-1, max-image-preview:large, max-video-preview:-1\" \/>\n<link rel=\"canonical\" href=\"https:\/\/www.guayapi.com\/boutique\/produit\/warana-ou-guarana-2\/\" \/>\n<meta property=\"og:locale\" content=\"fr_FR\" \/>\n<meta property=\"og:type\" content=\"article\" \/>\n<meta property=\"og:title\" content=\"Warana - Guarana Des Terres d&#039;Origines G\u00e9lules - Guayapi\" \/>\n<meta property=\"og:description\" content=\"LE WARANA EST UNE PLANTE MYTHIQUE ET MYSTIQUE DE LA FOR\u00caT AMAZONIENNE ET UN TR\u00c9SOR POUR LE PEUPLE SATER\u00c9 MAW\u00c9 QUI VEILLE SUR ELLE DEPUIS DES MILLIERS D\u2019ANN\u00c9ES. DYNAMISANT PHYSIQUE ET C\u00c9R\u00c9BRAL, LE WARANA AM\u00c9LIORE LA CONCENTRATION ET LA VIGILANCE.  (750\u20ac\/kg)\" \/>\n<meta property=\"og:url\" content=\"https:\/\/www.guayapi.com\/boutique\/produit\/warana-ou-guarana-2\/\" \/>\n<meta property=\"og:site_name\" content=\"Guayapi\" \/>\n<meta property=\"article:modified_time\" content=\"2026-03-05T14:03:26+00:00\" \/>\n<meta property=\"og:image\" content=\"https:\/\/www.guayapi.com\/boutique\/wp-content\/uploads\/2017\/04\/whatsapp-image-2021-12-06-at-123532-removebg-preview-e1666176095886.png\" \/>\n\t<meta property=\"og:image:width\" content=\"274\" \/>\n\t<meta property=\"og:image:height\" content=\"432\" \/>\n\t<meta property=\"og:image:type\" content=\"image\/png\" \/>\n<meta name=\"twitter:card\" content=\"summary_large_image\" \/>\n<meta name=\"twitter:label1\" content=\"Dur\u00e9e de lecture estim\u00e9e\" \/>\n\t<meta name=\"twitter:data1\" content=\"3 minutes\" \/>\n<script type=\"application\/ld+json\" class=\"yoast-schema-graph\">{\"@context\":\"https:\\\/\\\/schema.org\",\"@graph\":[{\"@type\":\"WebPage\",\"@id\":\"https:\\\/\\\/www.guayapi.com\\\/boutique\\\/produit\\\/warana-ou-guarana-2\\\/\",\"url\":\"https:\\\/\\\/www.guayapi.com\\\/boutique\\\/produit\\\/warana-ou-guarana-2\\\/\",\"name\":\"Warana - Guarana Des Terres d'Origines G\u00e9lules - Guayapi\",\"isPartOf\":{\"@id\":\"https:\\\/\\\/www.guayapi.com\\\/boutique\\\/#website\"},\"primaryImageOfPage\":{\"@id\":\"https:\\\/\\\/www.guayapi.com\\\/boutique\\\/produit\\\/warana-ou-guarana-2\\\/#primaryimage\"},\"image\":{\"@id\":\"https:\\\/\\\/www.guayapi.com\\\/boutique\\\/produit\\\/warana-ou-guarana-2\\\/#primaryimage\"},\"thumbnailUrl\":\"https:\\\/\\\/www.guayapi.com\\\/boutique\\\/wp-content\\\/uploads\\\/2017\\\/04\\\/whatsapp-image-2021-12-06-at-123532-removebg-preview-e1666176095886.png\",\"datePublished\":\"2017-04-13T10:05:33+00:00\",\"dateModified\":\"2026-03-05T14:03:26+00:00\",\"breadcrumb\":{\"@id\":\"https:\\\/\\\/www.guayapi.com\\\/boutique\\\/produit\\\/warana-ou-guarana-2\\\/#breadcrumb\"},\"inLanguage\":\"fr-FR\",\"potentialAction\":[{\"@type\":\"ReadAction\",\"target\":[\"https:\\\/\\\/www.guayapi.com\\\/boutique\\\/produit\\\/warana-ou-guarana-2\\\/\"]}]},{\"@type\":\"ImageObject\",\"inLanguage\":\"fr-FR\",\"@id\":\"https:\\\/\\\/www.guayapi.com\\\/boutique\\\/produit\\\/warana-ou-guarana-2\\\/#primaryimage\",\"url\":\"https:\\\/\\\/www.guayapi.com\\\/boutique\\\/wp-content\\\/uploads\\\/2017\\\/04\\\/whatsapp-image-2021-12-06-at-123532-removebg-preview-e1666176095886.png\",\"contentUrl\":\"https:\\\/\\\/www.guayapi.com\\\/boutique\\\/wp-content\\\/uploads\\\/2017\\\/04\\\/whatsapp-image-2021-12-06-at-123532-removebg-preview-e1666176095886.png\",\"width\":274,\"height\":432},{\"@type\":\"BreadcrumbList\",\"@id\":\"https:\\\/\\\/www.guayapi.com\\\/boutique\\\/produit\\\/warana-ou-guarana-2\\\/#breadcrumb\",\"itemListElement\":[{\"@type\":\"ListItem\",\"position\":1,\"name\":\"Accueil\",\"item\":\"https:\\\/\\\/www.guayapi.com\\\/boutique\\\/\"},{\"@type\":\"ListItem\",\"position\":2,\"name\":\"Boutique\",\"item\":\"https:\\\/\\\/www.guayapi.com\\\/boutique\\\/\"},{\"@type\":\"ListItem\",\"position\":3,\"name\":\"Warana &#8211; Guarana Des Terres d&rsquo;Origines G\u00e9lules\"}]},{\"@type\":\"WebSite\",\"@id\":\"https:\\\/\\\/www.guayapi.com\\\/boutique\\\/#website\",\"url\":\"https:\\\/\\\/www.guayapi.com\\\/boutique\\\/\",\"name\":\"Guayapi\",\"description\":\"Super-aliments \u2022 \u00c9picerie fine \u2022 Cosm\u00e9tiques\",\"potentialAction\":[{\"@type\":\"SearchAction\",\"target\":{\"@type\":\"EntryPoint\",\"urlTemplate\":\"https:\\\/\\\/www.guayapi.com\\\/boutique\\\/?s={search_term_string}\"},\"query-input\":{\"@type\":\"PropertyValueSpecification\",\"valueRequired\":true,\"valueName\":\"search_term_string\"}}],\"inLanguage\":\"fr-FR\"}]}<\/script>","yoast_head_json":{"title":"Warana - Guarana Des Terres d'Origines G\u00e9lules - Guayapi","robots":{"index":"index","follow":"follow","max-snippet":"max-snippet:-1","max-image-preview":"max-image-preview:large","max-video-preview":"max-video-preview:-1"},"canonical":"https:\/\/www.guayapi.com\/boutique\/produit\/warana-ou-guarana-2\/","og_locale":"fr_FR","og_type":"article","og_title":"Warana - Guarana Des Terres d'Origines G\u00e9lules - Guayapi","og_description":"LE WARANA EST UNE PLANTE MYTHIQUE ET MYSTIQUE DE LA FOR\u00caT AMAZONIENNE ET UN TR\u00c9SOR POUR LE PEUPLE SATER\u00c9 MAW\u00c9 QUI VEILLE SUR ELLE DEPUIS DES MILLIERS D\u2019ANN\u00c9ES. DYNAMISANT PHYSIQUE ET C\u00c9R\u00c9BRAL, LE WARANA AM\u00c9LIORE LA CONCENTRATION ET LA VIGILANCE.  (750\u20ac\/kg)","og_url":"https:\/\/www.guayapi.com\/boutique\/produit\/warana-ou-guarana-2\/","og_site_name":"Guayapi","article_modified_time":"2026-03-05T14:03:26+00:00","og_image":[{"width":274,"height":432,"url":"https:\/\/www.guayapi.com\/boutique\/wp-content\/uploads\/2017\/04\/whatsapp-image-2021-12-06-at-123532-removebg-preview-e1666176095886.png","type":"image\/png"}],"twitter_card":"summary_large_image","twitter_misc":{"Dur\u00e9e de lecture estim\u00e9e":"3 minutes"},"schema":{"@context":"https:\/\/schema.org","@graph":[{"@type":"WebPage","@id":"https:\/\/www.guayapi.com\/boutique\/produit\/warana-ou-guarana-2\/","url":"https:\/\/www.guayapi.com\/boutique\/produit\/warana-ou-guarana-2\/","name":"Warana - Guarana Des Terres d'Origines G\u00e9lules - Guayapi","isPartOf":{"@id":"https:\/\/www.guayapi.com\/boutique\/#website"},"primaryImageOfPage":{"@id":"https:\/\/www.guayapi.com\/boutique\/produit\/warana-ou-guarana-2\/#primaryimage"},"image":{"@id":"https:\/\/www.guayapi.com\/boutique\/produit\/warana-ou-guarana-2\/#primaryimage"},"thumbnailUrl":"https:\/\/www.guayapi.com\/boutique\/wp-content\/uploads\/2017\/04\/whatsapp-image-2021-12-06-at-123532-removebg-preview-e1666176095886.png","datePublished":"2017-04-13T10:05:33+00:00","dateModified":"2026-03-05T14:03:26+00:00","breadcrumb":{"@id":"https:\/\/www.guayapi.com\/boutique\/produit\/warana-ou-guarana-2\/#breadcrumb"},"inLanguage":"fr-FR","potentialAction":[{"@type":"ReadAction","target":["https:\/\/www.guayapi.com\/boutique\/produit\/warana-ou-guarana-2\/"]}]},{"@type":"ImageObject","inLanguage":"fr-FR","@id":"https:\/\/www.guayapi.com\/boutique\/produit\/warana-ou-guarana-2\/#primaryimage","url":"https:\/\/www.guayapi.com\/boutique\/wp-content\/uploads\/2017\/04\/whatsapp-image-2021-12-06-at-123532-removebg-preview-e1666176095886.png","contentUrl":"https:\/\/www.guayapi.com\/boutique\/wp-content\/uploads\/2017\/04\/whatsapp-image-2021-12-06-at-123532-removebg-preview-e1666176095886.png","width":274,"height":432},{"@type":"BreadcrumbList","@id":"https:\/\/www.guayapi.com\/boutique\/produit\/warana-ou-guarana-2\/#breadcrumb","itemListElement":[{"@type":"ListItem","position":1,"name":"Accueil","item":"https:\/\/www.guayapi.com\/boutique\/"},{"@type":"ListItem","position":2,"name":"Boutique","item":"https:\/\/www.guayapi.com\/boutique\/"},{"@type":"ListItem","position":3,"name":"Warana &#8211; Guarana Des Terres d&rsquo;Origines G\u00e9lules"}]},{"@type":"WebSite","@id":"https:\/\/www.guayapi.com\/boutique\/#website","url":"https:\/\/www.guayapi.com\/boutique\/","name":"Guayapi","description":"Super-aliments \u2022 \u00c9picerie fine \u2022 Cosm\u00e9tiques","potentialAction":[{"@type":"SearchAction","target":{"@type":"EntryPoint","urlTemplate":"https:\/\/www.guayapi.com\/boutique\/?s={search_term_string}"},"query-input":{"@type":"PropertyValueSpecification","valueRequired":true,"valueName":"search_term_string"}}],"inLanguage":"fr-FR"}]}},"_links":{"self":[{"href":"https:\/\/www.guayapi.com\/boutique\/wp-json\/wp\/v2\/product\/2146","targetHints":{"allow":["GET"]}}],"collection":[{"href":"https:\/\/www.guayapi.com\/boutique\/wp-json\/wp\/v2\/product"}],"about":[{"href":"https:\/\/www.guayapi.com\/boutique\/wp-json\/wp\/v2\/types\/product"}],"wp:featuredmedia":[{"embeddable":true,"href":"https:\/\/www.guayapi.com\/boutique\/wp-json\/wp\/v2\/media\/43768"}],"wp:attachment":[{"href":"https:\/\/www.guayapi.com\/boutique\/wp-json\/wp\/v2\/media?parent=2146"}],"wp:term":[{"taxonomy":"product_brand","embeddable":true,"href":"https:\/\/www.guayapi.com\/boutique\/wp-json\/wp\/v2\/product_brand?post=2146"},{"taxonomy":"product_cat","embeddable":true,"href":"https:\/\/www.guayapi.com\/boutique\/wp-json\/wp\/v2\/product_cat?post=2146"},{"taxonomy":"product_tag","embeddable":true,"href":"https:\/\/www.guayapi.com\/boutique\/wp-json\/wp\/v2\/product_tag?post=2146"}],"curies":[{"name":"wp","href":"https:\/\/api.w.org\/{rel}","templated":true}]}}