{"id":2149,"date":"2017-04-13T12:21:54","date_gmt":"2017-04-13T10:21:54","guid":{"rendered":"https:\/\/www.guayapi.com\/boutique\/?post_type=product&#038;p=2149"},"modified":"2026-01-02T12:55:38","modified_gmt":"2026-01-02T11:55:38","slug":"complexe-restructurant","status":"publish","type":"product","link":"https:\/\/www.guayapi.com\/boutique\/produit\/complexe-restructurant\/","title":{"rendered":"Le Restructurant, synergie de plantes Amazoniennes"},"content":{"rendered":"<p>Alliance synergique exceptionnelle de 4 super-aliments d&rsquo;Amazonie&#8230; et de France :<br \/>\nLE WARANA, FRUIT MYTHIQUE, DYNAMISANT PHYSIQUE ET C\u00c9R\u00c9BRAL ; L\u2019ACEROLA, BAIE AMAZONIENNE, ET LE WAKAM\u00c9, ALGUE MARINE, ANTIOXYDANTES, AINSI QUE LA SPIRULINE.<\/p>\n<p>Mode d&#8217;emploi: 2 \u00e0 4 comprim\u00e9s par jour.<\/p>\n<p>INFORMATION NUTRITIONNELLE POUR 100 GRAMMES<\/p>\n<p>Valeur \u00e9nerg\u00e9tique:<br \/>\nKcal 338<br \/>\nKJ 1412<\/p>\n<p>Lipides: 3,17g<br \/>\nDont acides gras satur\u00e9s: 0,65g<\/p>\n<p>Glucides: 57,22g<br \/>\nDont sucres: 34,95g<\/p>\n<p>Prot\u00e9ines: 20,03g<\/p>\n<p>Sel: 3,5g<\/p>\n<p>&nbsp;<\/p>\n<p>INFORMATION NUTRITIONNELLE PAR PORTION DE 3 COMPRIM\u00c9S (SOIT 2,25 GRAMMES)<\/p>\n<p>Valeur \u00e9nerg\u00e9tique:<br \/>\nKcal 7,6<br \/>\nKJ 31,77<\/p>\n<p>Lipides: 0,7g<br \/>\nDont acides gras satur\u00e9s: 0,01g<\/p>\n<p>Glucides: 1,29g<br \/>\nDont sucres: 0,79g<\/p>\n<p>Prot\u00e9ines: 0,45g<\/p>\n<p>Sel: 0,08g<\/p>\n<p>&nbsp;<\/p>\n<p><span style=\"font-size: 8pt\"><em>COMPL\u00c9MENT ALIMENTAIRE. TENIR HORS DE PORT\u00c9E DES JEUNES ENFANTS. NE PEUT SE SUBSTITUER \u00c0 UN R\u00c9GIME ALIMENTAIRE VARI\u00c9, NI \u00c0 UN MODE DE VIE SAIN. \u00c0 CONSOMMER DE PR\u00c9F\u00c9RENCE AVANT FIN : VOIR AU FOND DE LA BO\u00ceTE.<\/em><\/span><\/p>\n","protected":false},"excerpt":{"rendered":"<p>\u00ab La synergie de super-aliments \u00bb<\/p>\n<p>(454\u20ac\/kg)<\/p>\n","protected":false},"featured_media":43838,"template":"","meta":{"_acf_changed":false},"product_brand":[],"product_cat":[7],"product_tag":[47,280],"class_list":{"0":"post-2149","1":"product","2":"type-product","3":"status-publish","4":"has-post-thumbnail","6":"product_cat-super-aliments","7":"product_tag-tonus-energie","8":"product_tag-vitamine-c-antioxydants","10":"first","11":"outofstock","12":"taxable","13":"shipping-taxable","14":"purchasable","15":"product-type-simple"},"acf":[],"yoast_head":"<title>Le Restructurant, synergie de plantes Amazoniennes - Guayapi<\/title>\n<meta name=\"robots\" content=\"index, follow, max-snippet:-1, max-image-preview:large, max-video-preview:-1\" \/>\n<link rel=\"canonical\" href=\"https:\/\/www.guayapi.com\/boutique\/produit\/complexe-restructurant\/\" \/>\n<meta property=\"og:locale\" content=\"fr_FR\" \/>\n<meta property=\"og:type\" content=\"article\" \/>\n<meta property=\"og:title\" content=\"Le Restructurant, synergie de plantes Amazoniennes - Guayapi\" \/>\n<meta property=\"og:description\" content=\"\u00ab La synergie de super-aliments \u00bb  (454\u20ac\/kg)\" \/>\n<meta property=\"og:url\" content=\"https:\/\/www.guayapi.com\/boutique\/produit\/complexe-restructurant\/\" \/>\n<meta property=\"og:site_name\" content=\"Guayapi\" \/>\n<meta property=\"article:modified_time\" content=\"2026-01-02T11:55:38+00:00\" \/>\n<meta property=\"og:image\" content=\"https:\/\/www.guayapi.com\/boutique\/wp-content\/uploads\/2017\/04\/capture-d-ecran-2022-10-20-174533-removebg-preview.png\" \/>\n\t<meta property=\"og:image:width\" content=\"255\" \/>\n\t<meta property=\"og:image:height\" content=\"336\" \/>\n\t<meta property=\"og:image:type\" content=\"image\/png\" \/>\n<meta name=\"twitter:card\" content=\"summary_large_image\" \/>\n<meta name=\"twitter:label1\" content=\"Dur\u00e9e de lecture estim\u00e9e\" \/>\n\t<meta name=\"twitter:data1\" content=\"1 minute\" \/>\n<script type=\"application\/ld+json\" class=\"yoast-schema-graph\">{\"@context\":\"https:\\\/\\\/schema.org\",\"@graph\":[{\"@type\":\"WebPage\",\"@id\":\"https:\\\/\\\/www.guayapi.com\\\/boutique\\\/produit\\\/complexe-restructurant\\\/\",\"url\":\"https:\\\/\\\/www.guayapi.com\\\/boutique\\\/produit\\\/complexe-restructurant\\\/\",\"name\":\"Le Restructurant, synergie de plantes Amazoniennes - Guayapi\",\"isPartOf\":{\"@id\":\"https:\\\/\\\/www.guayapi.com\\\/boutique\\\/#website\"},\"primaryImageOfPage\":{\"@id\":\"https:\\\/\\\/www.guayapi.com\\\/boutique\\\/produit\\\/complexe-restructurant\\\/#primaryimage\"},\"image\":{\"@id\":\"https:\\\/\\\/www.guayapi.com\\\/boutique\\\/produit\\\/complexe-restructurant\\\/#primaryimage\"},\"thumbnailUrl\":\"https:\\\/\\\/www.guayapi.com\\\/boutique\\\/wp-content\\\/uploads\\\/2017\\\/04\\\/capture-d-ecran-2022-10-20-174533-removebg-preview.png\",\"datePublished\":\"2017-04-13T10:21:54+00:00\",\"dateModified\":\"2026-01-02T11:55:38+00:00\",\"breadcrumb\":{\"@id\":\"https:\\\/\\\/www.guayapi.com\\\/boutique\\\/produit\\\/complexe-restructurant\\\/#breadcrumb\"},\"inLanguage\":\"fr-FR\",\"potentialAction\":[{\"@type\":\"ReadAction\",\"target\":[\"https:\\\/\\\/www.guayapi.com\\\/boutique\\\/produit\\\/complexe-restructurant\\\/\"]}]},{\"@type\":\"ImageObject\",\"inLanguage\":\"fr-FR\",\"@id\":\"https:\\\/\\\/www.guayapi.com\\\/boutique\\\/produit\\\/complexe-restructurant\\\/#primaryimage\",\"url\":\"https:\\\/\\\/www.guayapi.com\\\/boutique\\\/wp-content\\\/uploads\\\/2017\\\/04\\\/capture-d-ecran-2022-10-20-174533-removebg-preview.png\",\"contentUrl\":\"https:\\\/\\\/www.guayapi.com\\\/boutique\\\/wp-content\\\/uploads\\\/2017\\\/04\\\/capture-d-ecran-2022-10-20-174533-removebg-preview.png\",\"width\":255,\"height\":336},{\"@type\":\"BreadcrumbList\",\"@id\":\"https:\\\/\\\/www.guayapi.com\\\/boutique\\\/produit\\\/complexe-restructurant\\\/#breadcrumb\",\"itemListElement\":[{\"@type\":\"ListItem\",\"position\":1,\"name\":\"Accueil\",\"item\":\"https:\\\/\\\/www.guayapi.com\\\/boutique\\\/\"},{\"@type\":\"ListItem\",\"position\":2,\"name\":\"Boutique\",\"item\":\"https:\\\/\\\/www.guayapi.com\\\/boutique\\\/\"},{\"@type\":\"ListItem\",\"position\":3,\"name\":\"Le Restructurant, synergie de plantes Amazoniennes\"}]},{\"@type\":\"WebSite\",\"@id\":\"https:\\\/\\\/www.guayapi.com\\\/boutique\\\/#website\",\"url\":\"https:\\\/\\\/www.guayapi.com\\\/boutique\\\/\",\"name\":\"Guayapi\",\"description\":\"Super-aliments \u2022 \u00c9picerie fine \u2022 Cosm\u00e9tiques\",\"potentialAction\":[{\"@type\":\"SearchAction\",\"target\":{\"@type\":\"EntryPoint\",\"urlTemplate\":\"https:\\\/\\\/www.guayapi.com\\\/boutique\\\/?s={search_term_string}\"},\"query-input\":{\"@type\":\"PropertyValueSpecification\",\"valueRequired\":true,\"valueName\":\"search_term_string\"}}],\"inLanguage\":\"fr-FR\"}]}<\/script>","yoast_head_json":{"title":"Le Restructurant, synergie de plantes Amazoniennes - Guayapi","robots":{"index":"index","follow":"follow","max-snippet":"max-snippet:-1","max-image-preview":"max-image-preview:large","max-video-preview":"max-video-preview:-1"},"canonical":"https:\/\/www.guayapi.com\/boutique\/produit\/complexe-restructurant\/","og_locale":"fr_FR","og_type":"article","og_title":"Le Restructurant, synergie de plantes Amazoniennes - Guayapi","og_description":"\u00ab La synergie de super-aliments \u00bb  (454\u20ac\/kg)","og_url":"https:\/\/www.guayapi.com\/boutique\/produit\/complexe-restructurant\/","og_site_name":"Guayapi","article_modified_time":"2026-01-02T11:55:38+00:00","og_image":[{"width":255,"height":336,"url":"https:\/\/www.guayapi.com\/boutique\/wp-content\/uploads\/2017\/04\/capture-d-ecran-2022-10-20-174533-removebg-preview.png","type":"image\/png"}],"twitter_card":"summary_large_image","twitter_misc":{"Dur\u00e9e de lecture estim\u00e9e":"1 minute"},"schema":{"@context":"https:\/\/schema.org","@graph":[{"@type":"WebPage","@id":"https:\/\/www.guayapi.com\/boutique\/produit\/complexe-restructurant\/","url":"https:\/\/www.guayapi.com\/boutique\/produit\/complexe-restructurant\/","name":"Le Restructurant, synergie de plantes Amazoniennes - Guayapi","isPartOf":{"@id":"https:\/\/www.guayapi.com\/boutique\/#website"},"primaryImageOfPage":{"@id":"https:\/\/www.guayapi.com\/boutique\/produit\/complexe-restructurant\/#primaryimage"},"image":{"@id":"https:\/\/www.guayapi.com\/boutique\/produit\/complexe-restructurant\/#primaryimage"},"thumbnailUrl":"https:\/\/www.guayapi.com\/boutique\/wp-content\/uploads\/2017\/04\/capture-d-ecran-2022-10-20-174533-removebg-preview.png","datePublished":"2017-04-13T10:21:54+00:00","dateModified":"2026-01-02T11:55:38+00:00","breadcrumb":{"@id":"https:\/\/www.guayapi.com\/boutique\/produit\/complexe-restructurant\/#breadcrumb"},"inLanguage":"fr-FR","potentialAction":[{"@type":"ReadAction","target":["https:\/\/www.guayapi.com\/boutique\/produit\/complexe-restructurant\/"]}]},{"@type":"ImageObject","inLanguage":"fr-FR","@id":"https:\/\/www.guayapi.com\/boutique\/produit\/complexe-restructurant\/#primaryimage","url":"https:\/\/www.guayapi.com\/boutique\/wp-content\/uploads\/2017\/04\/capture-d-ecran-2022-10-20-174533-removebg-preview.png","contentUrl":"https:\/\/www.guayapi.com\/boutique\/wp-content\/uploads\/2017\/04\/capture-d-ecran-2022-10-20-174533-removebg-preview.png","width":255,"height":336},{"@type":"BreadcrumbList","@id":"https:\/\/www.guayapi.com\/boutique\/produit\/complexe-restructurant\/#breadcrumb","itemListElement":[{"@type":"ListItem","position":1,"name":"Accueil","item":"https:\/\/www.guayapi.com\/boutique\/"},{"@type":"ListItem","position":2,"name":"Boutique","item":"https:\/\/www.guayapi.com\/boutique\/"},{"@type":"ListItem","position":3,"name":"Le Restructurant, synergie de plantes Amazoniennes"}]},{"@type":"WebSite","@id":"https:\/\/www.guayapi.com\/boutique\/#website","url":"https:\/\/www.guayapi.com\/boutique\/","name":"Guayapi","description":"Super-aliments \u2022 \u00c9picerie fine \u2022 Cosm\u00e9tiques","potentialAction":[{"@type":"SearchAction","target":{"@type":"EntryPoint","urlTemplate":"https:\/\/www.guayapi.com\/boutique\/?s={search_term_string}"},"query-input":{"@type":"PropertyValueSpecification","valueRequired":true,"valueName":"search_term_string"}}],"inLanguage":"fr-FR"}]}},"_links":{"self":[{"href":"https:\/\/www.guayapi.com\/boutique\/wp-json\/wp\/v2\/product\/2149","targetHints":{"allow":["GET"]}}],"collection":[{"href":"https:\/\/www.guayapi.com\/boutique\/wp-json\/wp\/v2\/product"}],"about":[{"href":"https:\/\/www.guayapi.com\/boutique\/wp-json\/wp\/v2\/types\/product"}],"wp:featuredmedia":[{"embeddable":true,"href":"https:\/\/www.guayapi.com\/boutique\/wp-json\/wp\/v2\/media\/43838"}],"wp:attachment":[{"href":"https:\/\/www.guayapi.com\/boutique\/wp-json\/wp\/v2\/media?parent=2149"}],"wp:term":[{"taxonomy":"product_brand","embeddable":true,"href":"https:\/\/www.guayapi.com\/boutique\/wp-json\/wp\/v2\/product_brand?post=2149"},{"taxonomy":"product_cat","embeddable":true,"href":"https:\/\/www.guayapi.com\/boutique\/wp-json\/wp\/v2\/product_cat?post=2149"},{"taxonomy":"product_tag","embeddable":true,"href":"https:\/\/www.guayapi.com\/boutique\/wp-json\/wp\/v2\/product_tag?post=2149"}],"curies":[{"name":"wp","href":"https:\/\/api.w.org\/{rel}","templated":true}]}}