{"id":2156,"date":"2017-04-13T12:36:45","date_gmt":"2017-04-13T10:36:45","guid":{"rendered":"https:\/\/www.guayapi.com\/boutique\/?post_type=product&#038;p=2156"},"modified":"2026-01-02T12:14:50","modified_gmt":"2026-01-02T11:14:50","slug":"griffe-de-chat-unha-de-gato-poudre","status":"publish","type":"product","link":"https:\/\/www.guayapi.com\/boutique\/produit\/griffe-de-chat-unha-de-gato-poudre\/","title":{"rendered":"Griffe de Chat (Unha de Gato) Poudre"},"content":{"rendered":"<p>La Griffe du Chat soulage les g\u00eanes articulaires et contribue au syst\u00e8me<br \/>\nimmunitaire. A associer au Camu Camu et au Tecoma pour b\u00e9n\u00e9ficier du<br \/>\nmeilleur des plantes.<\/p>\n<p>Origine : Amazonie Br\u00e9silienne.<\/p>\n<p>Partie utilis\u00e9e : \u00e9corce interne de la tige ou des racines.<\/p>\n<p>Conseils d\u2019utilisation : 1 \u00e0 2 cc de poudre par jour, \u00e0 diluer dans une boisson, 3 minutes apr\u00e8s les repas. D\u00e9conseill\u00e9e aux enfants de moins de 3 mois, femmes enceintes \/ allaitantes, dans les situations post-op\u00e9ratoires et en cas de maladie auto-immune.<\/p>\n<p>INFORMATION NUTRITIONNELLE POUR 100 GRAMMES<\/p>\n<p>Valeur \u00e9nerg\u00e9tique:<br \/>\nKcal 365,<br \/>\nKJ 1552<\/p>\n<p>Lipides: 0,6 g;<br \/>\nDont acides gras satur\u00e9s: 0 g<\/p>\n<p>Glucides: 89 g;<br \/>\nDont sucres: 5,6 g<\/p>\n<p>Prot\u00e9ines: 2,3 g<\/p>\n<p>Sel: 0 g<\/p>\n<p>INFORMATION NUTRITIONNELLE PAR PORTION DE 2 GRAMMES (2 CUILL\u00c8RES \u00c0 CAF\u00c9)<\/p>\n<p>Valeur \u00e9nerg\u00e9tique:<br \/>\nKcal 7,3,<br \/>\nKJ 31<\/p>\n<p>Lipides: 0,01 g;<br \/>\nDont acides gras satur\u00e9s: 0 g<\/p>\n<p>Glucides: 1,78 g;<br \/>\nDont sucres: 0,11 g<\/p>\n<p>Prot\u00e9ines: 0,05 g<\/p>\n<p>Sel: 0 g<\/p>\n<p>&nbsp;<\/p>\n<p><span style=\"font-size: 8pt\"><em>COMPL\u00c9MENT ALIMENTAIRE. TENIR HORS DE PORT\u00c9E DES JEUNES ENFANTS. NE PEUT SE SUBSTITUER \u00c0 UN R\u00c9GIME ALIMENTAIRE VARI\u00c9, NI \u00c0 UN MODE DE VIE SAIN. \u00c0 CONSOMMER DE PR\u00c9F\u00c9RENCE AVANT FIN : VOIR AU FOND DE LA BO\u00ceTE<\/em><\/span><\/p>\n","protected":false},"excerpt":{"rendered":"<p>Immunit\u00e9 &#8211; Souplesse &#8211; Articulation<\/p>\n<p>(396\u20ac\/kg)<\/p>\n","protected":false},"featured_media":43831,"template":"","meta":{"_acf_changed":false},"product_brand":[],"product_cat":[7],"product_tag":[25,288],"class_list":{"0":"post-2156","1":"product","2":"type-product","3":"status-publish","4":"has-post-thumbnail","6":"product_cat-super-aliments","7":"product_tag-immunite","8":"product_tag-gestuelle","10":"first","11":"instock","12":"taxable","13":"shipping-taxable","14":"purchasable","15":"product-type-simple"},"acf":[],"yoast_head":"<title>Griffe de Chat (Unha de Gato) Poudre - Guayapi<\/title>\n<meta name=\"robots\" content=\"index, follow, max-snippet:-1, max-image-preview:large, max-video-preview:-1\" \/>\n<link rel=\"canonical\" href=\"https:\/\/www.guayapi.com\/boutique\/produit\/griffe-de-chat-unha-de-gato-poudre\/\" \/>\n<meta property=\"og:locale\" content=\"fr_FR\" \/>\n<meta property=\"og:type\" content=\"article\" \/>\n<meta property=\"og:title\" content=\"Griffe de Chat (Unha de Gato) Poudre - Guayapi\" \/>\n<meta property=\"og:description\" content=\"Immunit\u00e9 - Souplesse - Articulation  (396\u20ac\/kg)\" \/>\n<meta property=\"og:url\" content=\"https:\/\/www.guayapi.com\/boutique\/produit\/griffe-de-chat-unha-de-gato-poudre\/\" \/>\n<meta property=\"og:site_name\" content=\"Guayapi\" \/>\n<meta property=\"article:modified_time\" content=\"2026-01-02T11:14:50+00:00\" \/>\n<meta property=\"og:image\" content=\"https:\/\/www.guayapi.com\/boutique\/wp-content\/uploads\/2017\/04\/capture-d-ecran-2022-10-20-173428-removebg-preview.png\" \/>\n\t<meta property=\"og:image:width\" content=\"425\" \/>\n\t<meta property=\"og:image:height\" content=\"587\" \/>\n\t<meta property=\"og:image:type\" content=\"image\/png\" \/>\n<meta name=\"twitter:card\" content=\"summary_large_image\" \/>\n<meta name=\"twitter:label1\" content=\"Dur\u00e9e de lecture estim\u00e9e\" \/>\n\t<meta name=\"twitter:data1\" content=\"2 minutes\" \/>\n<script type=\"application\/ld+json\" class=\"yoast-schema-graph\">{\"@context\":\"https:\\\/\\\/schema.org\",\"@graph\":[{\"@type\":\"WebPage\",\"@id\":\"https:\\\/\\\/www.guayapi.com\\\/boutique\\\/produit\\\/griffe-de-chat-unha-de-gato-poudre\\\/\",\"url\":\"https:\\\/\\\/www.guayapi.com\\\/boutique\\\/produit\\\/griffe-de-chat-unha-de-gato-poudre\\\/\",\"name\":\"Griffe de Chat (Unha de Gato) Poudre - Guayapi\",\"isPartOf\":{\"@id\":\"https:\\\/\\\/www.guayapi.com\\\/boutique\\\/#website\"},\"primaryImageOfPage\":{\"@id\":\"https:\\\/\\\/www.guayapi.com\\\/boutique\\\/produit\\\/griffe-de-chat-unha-de-gato-poudre\\\/#primaryimage\"},\"image\":{\"@id\":\"https:\\\/\\\/www.guayapi.com\\\/boutique\\\/produit\\\/griffe-de-chat-unha-de-gato-poudre\\\/#primaryimage\"},\"thumbnailUrl\":\"https:\\\/\\\/www.guayapi.com\\\/boutique\\\/wp-content\\\/uploads\\\/2017\\\/04\\\/capture-d-ecran-2022-10-20-173428-removebg-preview.png\",\"datePublished\":\"2017-04-13T10:36:45+00:00\",\"dateModified\":\"2026-01-02T11:14:50+00:00\",\"breadcrumb\":{\"@id\":\"https:\\\/\\\/www.guayapi.com\\\/boutique\\\/produit\\\/griffe-de-chat-unha-de-gato-poudre\\\/#breadcrumb\"},\"inLanguage\":\"fr-FR\",\"potentialAction\":[{\"@type\":\"ReadAction\",\"target\":[\"https:\\\/\\\/www.guayapi.com\\\/boutique\\\/produit\\\/griffe-de-chat-unha-de-gato-poudre\\\/\"]}]},{\"@type\":\"ImageObject\",\"inLanguage\":\"fr-FR\",\"@id\":\"https:\\\/\\\/www.guayapi.com\\\/boutique\\\/produit\\\/griffe-de-chat-unha-de-gato-poudre\\\/#primaryimage\",\"url\":\"https:\\\/\\\/www.guayapi.com\\\/boutique\\\/wp-content\\\/uploads\\\/2017\\\/04\\\/capture-d-ecran-2022-10-20-173428-removebg-preview.png\",\"contentUrl\":\"https:\\\/\\\/www.guayapi.com\\\/boutique\\\/wp-content\\\/uploads\\\/2017\\\/04\\\/capture-d-ecran-2022-10-20-173428-removebg-preview.png\",\"width\":425,\"height\":587},{\"@type\":\"BreadcrumbList\",\"@id\":\"https:\\\/\\\/www.guayapi.com\\\/boutique\\\/produit\\\/griffe-de-chat-unha-de-gato-poudre\\\/#breadcrumb\",\"itemListElement\":[{\"@type\":\"ListItem\",\"position\":1,\"name\":\"Accueil\",\"item\":\"https:\\\/\\\/www.guayapi.com\\\/boutique\\\/\"},{\"@type\":\"ListItem\",\"position\":2,\"name\":\"Boutique\",\"item\":\"https:\\\/\\\/www.guayapi.com\\\/boutique\\\/\"},{\"@type\":\"ListItem\",\"position\":3,\"name\":\"Griffe de Chat (Unha de Gato) Poudre\"}]},{\"@type\":\"WebSite\",\"@id\":\"https:\\\/\\\/www.guayapi.com\\\/boutique\\\/#website\",\"url\":\"https:\\\/\\\/www.guayapi.com\\\/boutique\\\/\",\"name\":\"Guayapi\",\"description\":\"Super-aliments \u2022 \u00c9picerie fine \u2022 Cosm\u00e9tiques\",\"potentialAction\":[{\"@type\":\"SearchAction\",\"target\":{\"@type\":\"EntryPoint\",\"urlTemplate\":\"https:\\\/\\\/www.guayapi.com\\\/boutique\\\/?s={search_term_string}\"},\"query-input\":{\"@type\":\"PropertyValueSpecification\",\"valueRequired\":true,\"valueName\":\"search_term_string\"}}],\"inLanguage\":\"fr-FR\"}]}<\/script>","yoast_head_json":{"title":"Griffe de Chat (Unha de Gato) Poudre - Guayapi","robots":{"index":"index","follow":"follow","max-snippet":"max-snippet:-1","max-image-preview":"max-image-preview:large","max-video-preview":"max-video-preview:-1"},"canonical":"https:\/\/www.guayapi.com\/boutique\/produit\/griffe-de-chat-unha-de-gato-poudre\/","og_locale":"fr_FR","og_type":"article","og_title":"Griffe de Chat (Unha de Gato) Poudre - Guayapi","og_description":"Immunit\u00e9 - Souplesse - Articulation  (396\u20ac\/kg)","og_url":"https:\/\/www.guayapi.com\/boutique\/produit\/griffe-de-chat-unha-de-gato-poudre\/","og_site_name":"Guayapi","article_modified_time":"2026-01-02T11:14:50+00:00","og_image":[{"width":425,"height":587,"url":"https:\/\/www.guayapi.com\/boutique\/wp-content\/uploads\/2017\/04\/capture-d-ecran-2022-10-20-173428-removebg-preview.png","type":"image\/png"}],"twitter_card":"summary_large_image","twitter_misc":{"Dur\u00e9e de lecture estim\u00e9e":"2 minutes"},"schema":{"@context":"https:\/\/schema.org","@graph":[{"@type":"WebPage","@id":"https:\/\/www.guayapi.com\/boutique\/produit\/griffe-de-chat-unha-de-gato-poudre\/","url":"https:\/\/www.guayapi.com\/boutique\/produit\/griffe-de-chat-unha-de-gato-poudre\/","name":"Griffe de Chat (Unha de Gato) Poudre - Guayapi","isPartOf":{"@id":"https:\/\/www.guayapi.com\/boutique\/#website"},"primaryImageOfPage":{"@id":"https:\/\/www.guayapi.com\/boutique\/produit\/griffe-de-chat-unha-de-gato-poudre\/#primaryimage"},"image":{"@id":"https:\/\/www.guayapi.com\/boutique\/produit\/griffe-de-chat-unha-de-gato-poudre\/#primaryimage"},"thumbnailUrl":"https:\/\/www.guayapi.com\/boutique\/wp-content\/uploads\/2017\/04\/capture-d-ecran-2022-10-20-173428-removebg-preview.png","datePublished":"2017-04-13T10:36:45+00:00","dateModified":"2026-01-02T11:14:50+00:00","breadcrumb":{"@id":"https:\/\/www.guayapi.com\/boutique\/produit\/griffe-de-chat-unha-de-gato-poudre\/#breadcrumb"},"inLanguage":"fr-FR","potentialAction":[{"@type":"ReadAction","target":["https:\/\/www.guayapi.com\/boutique\/produit\/griffe-de-chat-unha-de-gato-poudre\/"]}]},{"@type":"ImageObject","inLanguage":"fr-FR","@id":"https:\/\/www.guayapi.com\/boutique\/produit\/griffe-de-chat-unha-de-gato-poudre\/#primaryimage","url":"https:\/\/www.guayapi.com\/boutique\/wp-content\/uploads\/2017\/04\/capture-d-ecran-2022-10-20-173428-removebg-preview.png","contentUrl":"https:\/\/www.guayapi.com\/boutique\/wp-content\/uploads\/2017\/04\/capture-d-ecran-2022-10-20-173428-removebg-preview.png","width":425,"height":587},{"@type":"BreadcrumbList","@id":"https:\/\/www.guayapi.com\/boutique\/produit\/griffe-de-chat-unha-de-gato-poudre\/#breadcrumb","itemListElement":[{"@type":"ListItem","position":1,"name":"Accueil","item":"https:\/\/www.guayapi.com\/boutique\/"},{"@type":"ListItem","position":2,"name":"Boutique","item":"https:\/\/www.guayapi.com\/boutique\/"},{"@type":"ListItem","position":3,"name":"Griffe de Chat (Unha de Gato) Poudre"}]},{"@type":"WebSite","@id":"https:\/\/www.guayapi.com\/boutique\/#website","url":"https:\/\/www.guayapi.com\/boutique\/","name":"Guayapi","description":"Super-aliments \u2022 \u00c9picerie fine \u2022 Cosm\u00e9tiques","potentialAction":[{"@type":"SearchAction","target":{"@type":"EntryPoint","urlTemplate":"https:\/\/www.guayapi.com\/boutique\/?s={search_term_string}"},"query-input":{"@type":"PropertyValueSpecification","valueRequired":true,"valueName":"search_term_string"}}],"inLanguage":"fr-FR"}]}},"_links":{"self":[{"href":"https:\/\/www.guayapi.com\/boutique\/wp-json\/wp\/v2\/product\/2156","targetHints":{"allow":["GET"]}}],"collection":[{"href":"https:\/\/www.guayapi.com\/boutique\/wp-json\/wp\/v2\/product"}],"about":[{"href":"https:\/\/www.guayapi.com\/boutique\/wp-json\/wp\/v2\/types\/product"}],"wp:featuredmedia":[{"embeddable":true,"href":"https:\/\/www.guayapi.com\/boutique\/wp-json\/wp\/v2\/media\/43831"}],"wp:attachment":[{"href":"https:\/\/www.guayapi.com\/boutique\/wp-json\/wp\/v2\/media?parent=2156"}],"wp:term":[{"taxonomy":"product_brand","embeddable":true,"href":"https:\/\/www.guayapi.com\/boutique\/wp-json\/wp\/v2\/product_brand?post=2156"},{"taxonomy":"product_cat","embeddable":true,"href":"https:\/\/www.guayapi.com\/boutique\/wp-json\/wp\/v2\/product_cat?post=2156"},{"taxonomy":"product_tag","embeddable":true,"href":"https:\/\/www.guayapi.com\/boutique\/wp-json\/wp\/v2\/product_tag?post=2156"}],"curies":[{"name":"wp","href":"https:\/\/api.w.org\/{rel}","templated":true}]}}