{"id":2157,"date":"2017-04-13T12:40:09","date_gmt":"2017-04-13T10:40:09","guid":{"rendered":"https:\/\/www.guayapi.com\/boutique\/?post_type=product&#038;p=2157"},"modified":"2026-01-02T12:13:45","modified_gmt":"2026-01-02T11:13:45","slug":"graines-de-warana","status":"publish","type":"product","link":"https:\/\/www.guayapi.com\/boutique\/produit\/graines-de-warana\/","title":{"rendered":"Graines de Warana"},"content":{"rendered":"<p>Le Waran\u00e0, Appellation d\u2019Origine Contr\u00f4l\u00e9e du Guarana est un tr\u00e9sor mythique et mystique de l\u2019Amazonie.<\/p>\n<p>Dynamisant physique et c\u00e9r\u00e9bral sans effet d\u2019excitation ni d\u2019\u00e9nervement gr\u00e2ce aux m\u00e9thodes ancestrales utilis\u00e9es, riche en guaranine et source d\u2019oligo-\u00e9l\u00e9ments, le Waran\u00e0 aide entreprendre, se concentrer, \u00e9tudier, rester vigilant, n\u00e9gocier, avoir une meilleure \u00e9locution, veiller (f\u00eates), et \u00e0 contr\u00f4ler son poids.<\/p>\n<p>Il convient donc aux \u00e9tudiants, travailleurs, cr\u00e9atifs, femmes et hommes d\u2019affaires, artistes, sportifs.<\/p>\n<p>Les Indiens Sater\u00e9 Maw\u00e9, avec qui nous travaillons chez GUAYAPI depuis 1993, veillent sur cette plante qu&rsquo;ils ont d\u00e9couvert et domestiqu\u00e9 il y a des milliers d\u2019ann\u00e9es.<\/p>\n<p>D\u2019une belle couleur blanc cass\u00e9, le Waran\u00e0 des Indiens Sater\u00e9 Maw\u00e9 est d\u00e9crit par les \u0153nologues comme ayant l\u2019amertume du pissenlit et la consistance de la ch\u00e2taigne. Il aiguise les sens, comme savent le faire les go\u00fbts anciens et potentialise les vertus des aliments auxquels il est associ\u00e9.<\/p>\n<p>Les Indiens Sater\u00e9 Maw\u00e9 poss\u00e8dent le savoir-faire ancestral de culture de la plante. Ils sont les inventeurs de la technique de domestication du Waran\u00e0, patrimoine culturel et naturel de l\u2019humanit\u00e9 enti\u00e8re.<\/p>\n<p>Les Indiens Sater\u00e9 Maw\u00e9, en partenariat avec GUAYAPI depuis 1993, sont les Gardiens de la banque g\u00e9n\u00e9tique mondiale du Warana.<\/p>\n<p>Depuis 2016 le Waran\u00e0 Sater\u00e9 Maw\u00e9 fait l\u2019objet d\u2019une Denomina\u00e7\u00e3o de Origem aupr\u00e8s de l\u2019Institut National de la Propri\u00e9t\u00e9 Industrielle au Br\u00e9sil, l\u2019\u00e9quivalent br\u00e9silien de notre AOC (Appellation d\u2019Origine Contr\u00f4l\u00e9e).<\/p>\n<p>Pour plus d\u2019information sur le Projet Waran\u00e0 : www.nusoken.com<\/p>\n<p>Conseil d\u2019utilisation: 2 \u00e0 3 graines par jour \u00e0 laisser fondre en bouche.<\/p>\n<p>Saveurs : L\u2019amertume du pissenlit avec la consistance de la ch\u00e2taigne. De subtiles notes rafra\u00eechissantes fum\u00e9es qui enchantent les papilles. Bouche saillante, authentique.<\/p>\n<p><iframe title=\"\ud83e\udd9c Savez-vous quelle est la diff\u00e9rence entre #warana et #guarana ? \u2728\" width=\"422\" height=\"750\" src=\"https:\/\/www.youtube-nocookie.com\/embed\/ajl-GGljq34?feature=oembed\" frameborder=\"0\" allow=\"accelerometer; autoplay; clipboard-write; encrypted-media; gyroscope; picture-in-picture; web-share\" referrerpolicy=\"strict-origin-when-cross-origin\" allowfullscreen><\/iframe><\/p>\n<p>&nbsp;<\/p>\n<p>INFORMATIONS NUTRITIONNELLES POUR 100 GRAMMES:<\/p>\n<p>Valeur \u00e9nerg\u00e9tique:<br \/>\nKcal 370<br \/>\nKJ 1548<\/p>\n<p>Lipides: 2,4 g;<br \/>\ndont acides gras satur\u00e9s: 0,2 g<\/p>\n<p>Glucides: 73,3 g;<br \/>\nDont sucres: 1,7 g<\/p>\n<p>Prot\u00e9ines: 13,9 g<\/p>\n<p>Sel: 0 g<\/p>\n<p>Potassium: 445 mg (22,25% des VNR*)<br \/>\nPhosphore: 383 mg (54,71% des VNR*)<br \/>\nGuaranine: &gt; 4,5 g<\/p>\n<p>*VNR: Valeur Nutritionnelle de R\u00e9f\u00e9rence<\/p>\n<p>&nbsp;<\/p>\n<p><span style=\"font-size: 10pt\"><em>PRODUIT ALIMENTAIRE. TENIR HORS DE PORT\u00c9E DES JEUNES ENFANTS. NE PEUT SE SUBSTITUER \u00c0 UN R\u00c9GIME ALIMENTAIRE VARI\u00c9, NI \u00c0 UN MODE DE VIE SAIN. \u00c0 CONSOMMER DE PR\u00c9F\u00c9RENCE AVANT FIN : VOIR AU FOND DE LA BO\u00ceTE.<\/em><\/span><\/p>\n","protected":false},"excerpt":{"rendered":"<p>Graines de Warana<\/p>\n<p>LE WARAN\u00c0, APPELLATION D\u2019ORIGINE CONTR\u00d4L\u00c9E DU GUARAN\u00c0 EST UN DYNAMISANT PHYSIQUE ET INTELLECTUEL, TR\u00c9SOR MYTHIQUE ET MYSTIQUE DE L\u2019AMAZONIE.<\/p>\n<p>(396\u20ac\/kg)<\/p>\n","protected":false},"featured_media":46248,"template":"","meta":{"_acf_changed":false},"product_brand":[],"product_cat":[7],"product_tag":[47,17],"class_list":{"0":"post-2157","1":"product","2":"type-product","3":"status-publish","4":"has-post-thumbnail","6":"product_cat-super-aliments","7":"product_tag-tonus-energie","8":"product_tag-sport","10":"first","11":"instock","12":"taxable","13":"shipping-taxable","14":"purchasable","15":"product-type-simple"},"acf":[],"yoast_head":"<title>Graines de Warana - Guayapi<\/title>\n<meta name=\"robots\" content=\"index, follow, max-snippet:-1, max-image-preview:large, max-video-preview:-1\" \/>\n<link rel=\"canonical\" href=\"https:\/\/www.guayapi.com\/boutique\/produit\/graines-de-warana\/\" \/>\n<meta property=\"og:locale\" content=\"fr_FR\" \/>\n<meta property=\"og:type\" content=\"article\" \/>\n<meta property=\"og:title\" content=\"Graines de Warana - Guayapi\" \/>\n<meta property=\"og:description\" content=\"Graines de Warana  LE WARAN\u00c0, APPELLATION D\u2019ORIGINE CONTR\u00d4L\u00c9E DU GUARAN\u00c0 EST UN DYNAMISANT PHYSIQUE ET INTELLECTUEL, TR\u00c9SOR MYTHIQUE ET MYSTIQUE DE L\u2019AMAZONIE.  (396\u20ac\/kg)\" \/>\n<meta property=\"og:url\" content=\"https:\/\/www.guayapi.com\/boutique\/produit\/graines-de-warana\/\" \/>\n<meta property=\"og:site_name\" content=\"Guayapi\" \/>\n<meta property=\"article:modified_time\" content=\"2026-01-02T11:13:45+00:00\" \/>\n<meta property=\"og:image\" content=\"https:\/\/www.guayapi.com\/boutique\/wp-content\/uploads\/2017\/04\/graines-de-warana-2023-removebg-preview.png\" \/>\n\t<meta property=\"og:image:width\" content=\"433\" \/>\n\t<meta property=\"og:image:height\" content=\"577\" \/>\n\t<meta property=\"og:image:type\" content=\"image\/png\" \/>\n<meta name=\"twitter:card\" content=\"summary_large_image\" \/>\n<meta name=\"twitter:label1\" content=\"Dur\u00e9e de lecture estim\u00e9e\" \/>\n\t<meta name=\"twitter:data1\" content=\"3 minutes\" \/>\n<script type=\"application\/ld+json\" class=\"yoast-schema-graph\">{\"@context\":\"https:\\\/\\\/schema.org\",\"@graph\":[{\"@type\":\"WebPage\",\"@id\":\"https:\\\/\\\/www.guayapi.com\\\/boutique\\\/produit\\\/graines-de-warana\\\/\",\"url\":\"https:\\\/\\\/www.guayapi.com\\\/boutique\\\/produit\\\/graines-de-warana\\\/\",\"name\":\"Graines de Warana - Guayapi\",\"isPartOf\":{\"@id\":\"https:\\\/\\\/www.guayapi.com\\\/boutique\\\/#website\"},\"primaryImageOfPage\":{\"@id\":\"https:\\\/\\\/www.guayapi.com\\\/boutique\\\/produit\\\/graines-de-warana\\\/#primaryimage\"},\"image\":{\"@id\":\"https:\\\/\\\/www.guayapi.com\\\/boutique\\\/produit\\\/graines-de-warana\\\/#primaryimage\"},\"thumbnailUrl\":\"https:\\\/\\\/www.guayapi.com\\\/boutique\\\/wp-content\\\/uploads\\\/2017\\\/04\\\/graines-de-warana-2023-removebg-preview.png\",\"datePublished\":\"2017-04-13T10:40:09+00:00\",\"dateModified\":\"2026-01-02T11:13:45+00:00\",\"breadcrumb\":{\"@id\":\"https:\\\/\\\/www.guayapi.com\\\/boutique\\\/produit\\\/graines-de-warana\\\/#breadcrumb\"},\"inLanguage\":\"fr-FR\",\"potentialAction\":[{\"@type\":\"ReadAction\",\"target\":[\"https:\\\/\\\/www.guayapi.com\\\/boutique\\\/produit\\\/graines-de-warana\\\/\"]}]},{\"@type\":\"ImageObject\",\"inLanguage\":\"fr-FR\",\"@id\":\"https:\\\/\\\/www.guayapi.com\\\/boutique\\\/produit\\\/graines-de-warana\\\/#primaryimage\",\"url\":\"https:\\\/\\\/www.guayapi.com\\\/boutique\\\/wp-content\\\/uploads\\\/2017\\\/04\\\/graines-de-warana-2023-removebg-preview.png\",\"contentUrl\":\"https:\\\/\\\/www.guayapi.com\\\/boutique\\\/wp-content\\\/uploads\\\/2017\\\/04\\\/graines-de-warana-2023-removebg-preview.png\",\"width\":433,\"height\":577},{\"@type\":\"BreadcrumbList\",\"@id\":\"https:\\\/\\\/www.guayapi.com\\\/boutique\\\/produit\\\/graines-de-warana\\\/#breadcrumb\",\"itemListElement\":[{\"@type\":\"ListItem\",\"position\":1,\"name\":\"Accueil\",\"item\":\"https:\\\/\\\/www.guayapi.com\\\/boutique\\\/\"},{\"@type\":\"ListItem\",\"position\":2,\"name\":\"Boutique\",\"item\":\"https:\\\/\\\/www.guayapi.com\\\/boutique\\\/\"},{\"@type\":\"ListItem\",\"position\":3,\"name\":\"Graines de Warana\"}]},{\"@type\":\"WebSite\",\"@id\":\"https:\\\/\\\/www.guayapi.com\\\/boutique\\\/#website\",\"url\":\"https:\\\/\\\/www.guayapi.com\\\/boutique\\\/\",\"name\":\"Guayapi\",\"description\":\"Super-aliments \u2022 \u00c9picerie fine \u2022 Cosm\u00e9tiques\",\"potentialAction\":[{\"@type\":\"SearchAction\",\"target\":{\"@type\":\"EntryPoint\",\"urlTemplate\":\"https:\\\/\\\/www.guayapi.com\\\/boutique\\\/?s={search_term_string}\"},\"query-input\":{\"@type\":\"PropertyValueSpecification\",\"valueRequired\":true,\"valueName\":\"search_term_string\"}}],\"inLanguage\":\"fr-FR\"}]}<\/script>","yoast_head_json":{"title":"Graines de Warana - Guayapi","robots":{"index":"index","follow":"follow","max-snippet":"max-snippet:-1","max-image-preview":"max-image-preview:large","max-video-preview":"max-video-preview:-1"},"canonical":"https:\/\/www.guayapi.com\/boutique\/produit\/graines-de-warana\/","og_locale":"fr_FR","og_type":"article","og_title":"Graines de Warana - Guayapi","og_description":"Graines de Warana  LE WARAN\u00c0, APPELLATION D\u2019ORIGINE CONTR\u00d4L\u00c9E DU GUARAN\u00c0 EST UN DYNAMISANT PHYSIQUE ET INTELLECTUEL, TR\u00c9SOR MYTHIQUE ET MYSTIQUE DE L\u2019AMAZONIE.  (396\u20ac\/kg)","og_url":"https:\/\/www.guayapi.com\/boutique\/produit\/graines-de-warana\/","og_site_name":"Guayapi","article_modified_time":"2026-01-02T11:13:45+00:00","og_image":[{"width":433,"height":577,"url":"https:\/\/www.guayapi.com\/boutique\/wp-content\/uploads\/2017\/04\/graines-de-warana-2023-removebg-preview.png","type":"image\/png"}],"twitter_card":"summary_large_image","twitter_misc":{"Dur\u00e9e de lecture estim\u00e9e":"3 minutes"},"schema":{"@context":"https:\/\/schema.org","@graph":[{"@type":"WebPage","@id":"https:\/\/www.guayapi.com\/boutique\/produit\/graines-de-warana\/","url":"https:\/\/www.guayapi.com\/boutique\/produit\/graines-de-warana\/","name":"Graines de Warana - Guayapi","isPartOf":{"@id":"https:\/\/www.guayapi.com\/boutique\/#website"},"primaryImageOfPage":{"@id":"https:\/\/www.guayapi.com\/boutique\/produit\/graines-de-warana\/#primaryimage"},"image":{"@id":"https:\/\/www.guayapi.com\/boutique\/produit\/graines-de-warana\/#primaryimage"},"thumbnailUrl":"https:\/\/www.guayapi.com\/boutique\/wp-content\/uploads\/2017\/04\/graines-de-warana-2023-removebg-preview.png","datePublished":"2017-04-13T10:40:09+00:00","dateModified":"2026-01-02T11:13:45+00:00","breadcrumb":{"@id":"https:\/\/www.guayapi.com\/boutique\/produit\/graines-de-warana\/#breadcrumb"},"inLanguage":"fr-FR","potentialAction":[{"@type":"ReadAction","target":["https:\/\/www.guayapi.com\/boutique\/produit\/graines-de-warana\/"]}]},{"@type":"ImageObject","inLanguage":"fr-FR","@id":"https:\/\/www.guayapi.com\/boutique\/produit\/graines-de-warana\/#primaryimage","url":"https:\/\/www.guayapi.com\/boutique\/wp-content\/uploads\/2017\/04\/graines-de-warana-2023-removebg-preview.png","contentUrl":"https:\/\/www.guayapi.com\/boutique\/wp-content\/uploads\/2017\/04\/graines-de-warana-2023-removebg-preview.png","width":433,"height":577},{"@type":"BreadcrumbList","@id":"https:\/\/www.guayapi.com\/boutique\/produit\/graines-de-warana\/#breadcrumb","itemListElement":[{"@type":"ListItem","position":1,"name":"Accueil","item":"https:\/\/www.guayapi.com\/boutique\/"},{"@type":"ListItem","position":2,"name":"Boutique","item":"https:\/\/www.guayapi.com\/boutique\/"},{"@type":"ListItem","position":3,"name":"Graines de Warana"}]},{"@type":"WebSite","@id":"https:\/\/www.guayapi.com\/boutique\/#website","url":"https:\/\/www.guayapi.com\/boutique\/","name":"Guayapi","description":"Super-aliments \u2022 \u00c9picerie fine \u2022 Cosm\u00e9tiques","potentialAction":[{"@type":"SearchAction","target":{"@type":"EntryPoint","urlTemplate":"https:\/\/www.guayapi.com\/boutique\/?s={search_term_string}"},"query-input":{"@type":"PropertyValueSpecification","valueRequired":true,"valueName":"search_term_string"}}],"inLanguage":"fr-FR"}]}},"_links":{"self":[{"href":"https:\/\/www.guayapi.com\/boutique\/wp-json\/wp\/v2\/product\/2157","targetHints":{"allow":["GET"]}}],"collection":[{"href":"https:\/\/www.guayapi.com\/boutique\/wp-json\/wp\/v2\/product"}],"about":[{"href":"https:\/\/www.guayapi.com\/boutique\/wp-json\/wp\/v2\/types\/product"}],"wp:featuredmedia":[{"embeddable":true,"href":"https:\/\/www.guayapi.com\/boutique\/wp-json\/wp\/v2\/media\/46248"}],"wp:attachment":[{"href":"https:\/\/www.guayapi.com\/boutique\/wp-json\/wp\/v2\/media?parent=2157"}],"wp:term":[{"taxonomy":"product_brand","embeddable":true,"href":"https:\/\/www.guayapi.com\/boutique\/wp-json\/wp\/v2\/product_brand?post=2157"},{"taxonomy":"product_cat","embeddable":true,"href":"https:\/\/www.guayapi.com\/boutique\/wp-json\/wp\/v2\/product_cat?post=2157"},{"taxonomy":"product_tag","embeddable":true,"href":"https:\/\/www.guayapi.com\/boutique\/wp-json\/wp\/v2\/product_tag?post=2157"}],"curies":[{"name":"wp","href":"https:\/\/api.w.org\/{rel}","templated":true}]}}