{"id":2163,"date":"2017-04-13T12:42:12","date_gmt":"2017-04-13T10:42:12","guid":{"rendered":"https:\/\/www.guayapi.com\/boutique\/?post_type=product&#038;p=2163"},"modified":"2026-01-02T12:32:03","modified_gmt":"2026-01-02T11:32:03","slug":"huile-vierge-de-coco","status":"publish","type":"product","link":"https:\/\/www.guayapi.com\/boutique\/produit\/huile-vierge-de-coco\/","title":{"rendered":"Huile Vierge de Coco Bio du Sri Lanka"},"content":{"rendered":"<p>La meilleure Huile de Coco Bio du monde.<\/p>\n<p>L\u2019Huile Vierge de Noix de Coco Biologique GUAYAPI est press\u00e9e \u00e0 froid \u00e0 partir de la pulpe s\u00e9ch\u00e9e de Noix de Coco. D\u00e9licate, l\u2019huile vierge de coco vous plongera au c\u0153ur des traditions Sri Lankaises.<\/p>\n<p>DDM (Date de Durabilit\u00e9 Minimale) 10\/2023, les produits peuvent \u00eatre parfaitement consomm\u00e9s apr\u00e8s leur DDM : <a href=\"https:\/\/www.service-public.fr\/particuliers\/vosdroits\/F10990\">https:\/\/www.service-public.fr\/particuliers\/vosdroits\/F10990<\/a><\/p>\n<p>INFORMATIONS NUTRITIONNELLES POUR 100 GRAMMES:<\/p>\n<p>Valeur \u00e9nerg\u00e9tique:<br \/>\nKcal 863<br \/>\nKJ 3610<\/p>\n<p>Lipides: 100 g;<br \/>\ndont acides gras satur\u00e9s: 83,3 g<\/p>\n<p>Glucides: 0 g;<br \/>\nDont sucres: 0 g<\/p>\n<p>Prot\u00e9ines: 0 g<\/p>\n<p>Sel: 0 g<\/p>\n","protected":false},"excerpt":{"rendered":"<p>L\u2019Huile Vierge de Noix de Coco Biologique GUAYAPI est press\u00e9e \u00e0 froid \u00e0 partir de la pulpe s\u00e9ch\u00e9e de Noix de Coco. D\u00e9licate, l\u2019huile vierge de coco vous plongera au c\u0153ur des traditions Sri Lankaises.<\/p>\n<p>(45,33\u20ac\/L)<\/p>\n","protected":false},"featured_media":43844,"template":"","meta":{"_acf_changed":false},"product_brand":[],"product_cat":[9],"product_tag":[53],"class_list":{"0":"post-2163","1":"product","2":"type-product","3":"status-publish","4":"has-post-thumbnail","6":"product_cat-epicerie-fine","7":"product_tag-coco","9":"first","10":"instock","11":"taxable","12":"shipping-taxable","13":"purchasable","14":"product-type-simple"},"acf":[],"yoast_head":"<title>Huile Vierge de Coco Bio du Sri Lanka - Guayapi<\/title>\n<meta name=\"robots\" content=\"index, follow, max-snippet:-1, max-image-preview:large, max-video-preview:-1\" \/>\n<link rel=\"canonical\" href=\"https:\/\/www.guayapi.com\/boutique\/produit\/huile-vierge-de-coco\/\" \/>\n<meta property=\"og:locale\" content=\"fr_FR\" \/>\n<meta property=\"og:type\" content=\"article\" \/>\n<meta property=\"og:title\" content=\"Huile Vierge de Coco Bio du Sri Lanka - Guayapi\" \/>\n<meta property=\"og:description\" content=\"L\u2019Huile Vierge de Noix de Coco Biologique GUAYAPI est press\u00e9e \u00e0 froid \u00e0 partir de la pulpe s\u00e9ch\u00e9e de Noix de Coco. D\u00e9licate, l\u2019huile vierge de coco vous plongera au c\u0153ur des traditions Sri Lankaises.  (45,33\u20ac\/L)\" \/>\n<meta property=\"og:url\" content=\"https:\/\/www.guayapi.com\/boutique\/produit\/huile-vierge-de-coco\/\" \/>\n<meta property=\"og:site_name\" content=\"Guayapi\" \/>\n<meta property=\"article:modified_time\" content=\"2026-01-02T11:32:03+00:00\" \/>\n<meta property=\"og:image\" content=\"https:\/\/www.guayapi.com\/boutique\/wp-content\/uploads\/2017\/04\/huile-coco-removebg-preview.png\" \/>\n\t<meta property=\"og:image:width\" content=\"225\" \/>\n\t<meta property=\"og:image:height\" content=\"226\" \/>\n\t<meta property=\"og:image:type\" content=\"image\/png\" \/>\n<meta name=\"twitter:card\" content=\"summary_large_image\" \/>\n<meta name=\"twitter:label1\" content=\"Dur\u00e9e de lecture estim\u00e9e\" \/>\n\t<meta name=\"twitter:data1\" content=\"1 minute\" \/>\n<script type=\"application\/ld+json\" class=\"yoast-schema-graph\">{\"@context\":\"https:\\\/\\\/schema.org\",\"@graph\":[{\"@type\":\"WebPage\",\"@id\":\"https:\\\/\\\/www.guayapi.com\\\/boutique\\\/produit\\\/huile-vierge-de-coco\\\/\",\"url\":\"https:\\\/\\\/www.guayapi.com\\\/boutique\\\/produit\\\/huile-vierge-de-coco\\\/\",\"name\":\"Huile Vierge de Coco Bio du Sri Lanka - Guayapi\",\"isPartOf\":{\"@id\":\"https:\\\/\\\/www.guayapi.com\\\/boutique\\\/#website\"},\"primaryImageOfPage\":{\"@id\":\"https:\\\/\\\/www.guayapi.com\\\/boutique\\\/produit\\\/huile-vierge-de-coco\\\/#primaryimage\"},\"image\":{\"@id\":\"https:\\\/\\\/www.guayapi.com\\\/boutique\\\/produit\\\/huile-vierge-de-coco\\\/#primaryimage\"},\"thumbnailUrl\":\"https:\\\/\\\/www.guayapi.com\\\/boutique\\\/wp-content\\\/uploads\\\/2017\\\/04\\\/huile-coco-removebg-preview.png\",\"datePublished\":\"2017-04-13T10:42:12+00:00\",\"dateModified\":\"2026-01-02T11:32:03+00:00\",\"breadcrumb\":{\"@id\":\"https:\\\/\\\/www.guayapi.com\\\/boutique\\\/produit\\\/huile-vierge-de-coco\\\/#breadcrumb\"},\"inLanguage\":\"fr-FR\",\"potentialAction\":[{\"@type\":\"ReadAction\",\"target\":[\"https:\\\/\\\/www.guayapi.com\\\/boutique\\\/produit\\\/huile-vierge-de-coco\\\/\"]}]},{\"@type\":\"ImageObject\",\"inLanguage\":\"fr-FR\",\"@id\":\"https:\\\/\\\/www.guayapi.com\\\/boutique\\\/produit\\\/huile-vierge-de-coco\\\/#primaryimage\",\"url\":\"https:\\\/\\\/www.guayapi.com\\\/boutique\\\/wp-content\\\/uploads\\\/2017\\\/04\\\/huile-coco-removebg-preview.png\",\"contentUrl\":\"https:\\\/\\\/www.guayapi.com\\\/boutique\\\/wp-content\\\/uploads\\\/2017\\\/04\\\/huile-coco-removebg-preview.png\",\"width\":225,\"height\":226},{\"@type\":\"BreadcrumbList\",\"@id\":\"https:\\\/\\\/www.guayapi.com\\\/boutique\\\/produit\\\/huile-vierge-de-coco\\\/#breadcrumb\",\"itemListElement\":[{\"@type\":\"ListItem\",\"position\":1,\"name\":\"Accueil\",\"item\":\"https:\\\/\\\/www.guayapi.com\\\/boutique\\\/\"},{\"@type\":\"ListItem\",\"position\":2,\"name\":\"Boutique\",\"item\":\"https:\\\/\\\/www.guayapi.com\\\/boutique\\\/\"},{\"@type\":\"ListItem\",\"position\":3,\"name\":\"Huile Vierge de Coco Bio du Sri Lanka\"}]},{\"@type\":\"WebSite\",\"@id\":\"https:\\\/\\\/www.guayapi.com\\\/boutique\\\/#website\",\"url\":\"https:\\\/\\\/www.guayapi.com\\\/boutique\\\/\",\"name\":\"Guayapi\",\"description\":\"Super-aliments \u2022 \u00c9picerie fine \u2022 Cosm\u00e9tiques\",\"potentialAction\":[{\"@type\":\"SearchAction\",\"target\":{\"@type\":\"EntryPoint\",\"urlTemplate\":\"https:\\\/\\\/www.guayapi.com\\\/boutique\\\/?s={search_term_string}\"},\"query-input\":{\"@type\":\"PropertyValueSpecification\",\"valueRequired\":true,\"valueName\":\"search_term_string\"}}],\"inLanguage\":\"fr-FR\"}]}<\/script>","yoast_head_json":{"title":"Huile Vierge de Coco Bio du Sri Lanka - Guayapi","robots":{"index":"index","follow":"follow","max-snippet":"max-snippet:-1","max-image-preview":"max-image-preview:large","max-video-preview":"max-video-preview:-1"},"canonical":"https:\/\/www.guayapi.com\/boutique\/produit\/huile-vierge-de-coco\/","og_locale":"fr_FR","og_type":"article","og_title":"Huile Vierge de Coco Bio du Sri Lanka - Guayapi","og_description":"L\u2019Huile Vierge de Noix de Coco Biologique GUAYAPI est press\u00e9e \u00e0 froid \u00e0 partir de la pulpe s\u00e9ch\u00e9e de Noix de Coco. D\u00e9licate, l\u2019huile vierge de coco vous plongera au c\u0153ur des traditions Sri Lankaises.  (45,33\u20ac\/L)","og_url":"https:\/\/www.guayapi.com\/boutique\/produit\/huile-vierge-de-coco\/","og_site_name":"Guayapi","article_modified_time":"2026-01-02T11:32:03+00:00","og_image":[{"width":225,"height":226,"url":"https:\/\/www.guayapi.com\/boutique\/wp-content\/uploads\/2017\/04\/huile-coco-removebg-preview.png","type":"image\/png"}],"twitter_card":"summary_large_image","twitter_misc":{"Dur\u00e9e de lecture estim\u00e9e":"1 minute"},"schema":{"@context":"https:\/\/schema.org","@graph":[{"@type":"WebPage","@id":"https:\/\/www.guayapi.com\/boutique\/produit\/huile-vierge-de-coco\/","url":"https:\/\/www.guayapi.com\/boutique\/produit\/huile-vierge-de-coco\/","name":"Huile Vierge de Coco Bio du Sri Lanka - Guayapi","isPartOf":{"@id":"https:\/\/www.guayapi.com\/boutique\/#website"},"primaryImageOfPage":{"@id":"https:\/\/www.guayapi.com\/boutique\/produit\/huile-vierge-de-coco\/#primaryimage"},"image":{"@id":"https:\/\/www.guayapi.com\/boutique\/produit\/huile-vierge-de-coco\/#primaryimage"},"thumbnailUrl":"https:\/\/www.guayapi.com\/boutique\/wp-content\/uploads\/2017\/04\/huile-coco-removebg-preview.png","datePublished":"2017-04-13T10:42:12+00:00","dateModified":"2026-01-02T11:32:03+00:00","breadcrumb":{"@id":"https:\/\/www.guayapi.com\/boutique\/produit\/huile-vierge-de-coco\/#breadcrumb"},"inLanguage":"fr-FR","potentialAction":[{"@type":"ReadAction","target":["https:\/\/www.guayapi.com\/boutique\/produit\/huile-vierge-de-coco\/"]}]},{"@type":"ImageObject","inLanguage":"fr-FR","@id":"https:\/\/www.guayapi.com\/boutique\/produit\/huile-vierge-de-coco\/#primaryimage","url":"https:\/\/www.guayapi.com\/boutique\/wp-content\/uploads\/2017\/04\/huile-coco-removebg-preview.png","contentUrl":"https:\/\/www.guayapi.com\/boutique\/wp-content\/uploads\/2017\/04\/huile-coco-removebg-preview.png","width":225,"height":226},{"@type":"BreadcrumbList","@id":"https:\/\/www.guayapi.com\/boutique\/produit\/huile-vierge-de-coco\/#breadcrumb","itemListElement":[{"@type":"ListItem","position":1,"name":"Accueil","item":"https:\/\/www.guayapi.com\/boutique\/"},{"@type":"ListItem","position":2,"name":"Boutique","item":"https:\/\/www.guayapi.com\/boutique\/"},{"@type":"ListItem","position":3,"name":"Huile Vierge de Coco Bio du Sri Lanka"}]},{"@type":"WebSite","@id":"https:\/\/www.guayapi.com\/boutique\/#website","url":"https:\/\/www.guayapi.com\/boutique\/","name":"Guayapi","description":"Super-aliments \u2022 \u00c9picerie fine \u2022 Cosm\u00e9tiques","potentialAction":[{"@type":"SearchAction","target":{"@type":"EntryPoint","urlTemplate":"https:\/\/www.guayapi.com\/boutique\/?s={search_term_string}"},"query-input":{"@type":"PropertyValueSpecification","valueRequired":true,"valueName":"search_term_string"}}],"inLanguage":"fr-FR"}]}},"_links":{"self":[{"href":"https:\/\/www.guayapi.com\/boutique\/wp-json\/wp\/v2\/product\/2163","targetHints":{"allow":["GET"]}}],"collection":[{"href":"https:\/\/www.guayapi.com\/boutique\/wp-json\/wp\/v2\/product"}],"about":[{"href":"https:\/\/www.guayapi.com\/boutique\/wp-json\/wp\/v2\/types\/product"}],"wp:featuredmedia":[{"embeddable":true,"href":"https:\/\/www.guayapi.com\/boutique\/wp-json\/wp\/v2\/media\/43844"}],"wp:attachment":[{"href":"https:\/\/www.guayapi.com\/boutique\/wp-json\/wp\/v2\/media?parent=2163"}],"wp:term":[{"taxonomy":"product_brand","embeddable":true,"href":"https:\/\/www.guayapi.com\/boutique\/wp-json\/wp\/v2\/product_brand?post=2163"},{"taxonomy":"product_cat","embeddable":true,"href":"https:\/\/www.guayapi.com\/boutique\/wp-json\/wp\/v2\/product_cat?post=2163"},{"taxonomy":"product_tag","embeddable":true,"href":"https:\/\/www.guayapi.com\/boutique\/wp-json\/wp\/v2\/product_tag?post=2163"}],"curies":[{"name":"wp","href":"https:\/\/api.w.org\/{rel}","templated":true}]}}