{"id":2169,"date":"2017-04-13T12:47:44","date_gmt":"2017-04-13T10:47:44","guid":{"rendered":"https:\/\/www.guayapi.com\/boutique\/?post_type=product&#038;p=2169"},"modified":"2025-01-02T15:50:16","modified_gmt":"2025-01-02T14:50:16","slug":"guayagum-gomme-a-macher-warana-a-lacerola","status":"publish","type":"product","link":"https:\/\/www.guayapi.com\/boutique\/produit\/guayagum-gomme-a-macher-warana-a-lacerola\/","title":{"rendered":"Guayagum &#8211; Gomme \u00e0 m\u00e2cher au Warana et \u00e0 l&rsquo;Ac\u00e9rola"},"content":{"rendered":"<p>\u00ab La gomme \u00e0 m\u00e2cher dynamisante \u00bb<\/p>\n<p>Le Guayagum associe le Warana, dynamisant physique et c\u00e9r\u00e9bral, avec l\u2019Acerola, antioxydant plein de vitalit\u00e9.<\/p>\n<p>Conseils d\u2019utilisation : 4 \u00e0 5 gommes par jour.<\/p>\n<p>INFORMATION NUTRITIONNELLE POUR 100 GRAMMES<\/p>\n<p>Valeur \u00e9nerg\u00e9tique:<br \/>\nKcal 281,<br \/>\nKJ 1173,5<\/p>\n<p>Lipides: 0,62 g;<br \/>\nDont acides gras satur\u00e9s: 0,1 g<\/p>\n<p>Glucides: 68,4;<br \/>\nDont sucres: 59,2 g<\/p>\n<p>Prot\u00e9ines: 0,48 g<\/p>\n<p>Sel: 0 g<\/p>\n<p>[Allerg\u00e8ne: Soja]<\/p>\n","protected":false},"excerpt":{"rendered":"<p>\u00ab La gomme dynamisante \u00bb<\/p>\n<p>(71.43\u20ac\/kg)<\/p>\n","protected":false},"featured_media":43872,"template":"","meta":{"_acf_changed":false},"product_brand":[],"product_cat":[9],"product_tag":[47],"class_list":{"0":"post-2169","1":"product","2":"type-product","3":"status-publish","4":"has-post-thumbnail","6":"product_cat-epicerie-fine","7":"product_tag-tonus-energie","9":"first","10":"instock","11":"taxable","12":"shipping-taxable","13":"purchasable","14":"product-type-simple"},"acf":[],"yoast_head":"<title>Guayagum - Gomme \u00e0 m\u00e2cher au Warana et \u00e0 l&#039;Ac\u00e9rola - Guayapi<\/title>\n<meta name=\"robots\" content=\"index, follow, max-snippet:-1, max-image-preview:large, max-video-preview:-1\" \/>\n<link rel=\"canonical\" href=\"https:\/\/www.guayapi.com\/boutique\/produit\/guayagum-gomme-a-macher-warana-a-lacerola\/\" \/>\n<meta property=\"og:locale\" content=\"fr_FR\" \/>\n<meta property=\"og:type\" content=\"article\" \/>\n<meta property=\"og:title\" content=\"Guayagum - Gomme \u00e0 m\u00e2cher au Warana et \u00e0 l&#039;Ac\u00e9rola - Guayapi\" \/>\n<meta property=\"og:description\" content=\"\u00ab La gomme dynamisante \u00bb  (71.43\u20ac\/kg)\" \/>\n<meta property=\"og:url\" content=\"https:\/\/www.guayapi.com\/boutique\/produit\/guayagum-gomme-a-macher-warana-a-lacerola\/\" \/>\n<meta property=\"og:site_name\" content=\"Guayapi\" \/>\n<meta property=\"article:modified_time\" content=\"2025-01-02T14:50:16+00:00\" \/>\n<meta property=\"og:image\" content=\"https:\/\/www.guayapi.com\/boutique\/wp-content\/uploads\/2017\/04\/0e8aa3cd-fefc-4e93-8269-0df5ba9b142b-removebg-preview-e1666338950840.png\" \/>\n\t<meta property=\"og:image:width\" content=\"213\" \/>\n\t<meta property=\"og:image:height\" content=\"263\" \/>\n\t<meta property=\"og:image:type\" content=\"image\/png\" \/>\n<meta name=\"twitter:card\" content=\"summary_large_image\" \/>\n<meta name=\"twitter:label1\" content=\"Dur\u00e9e de lecture estim\u00e9e\" \/>\n\t<meta name=\"twitter:data1\" content=\"1 minute\" \/>\n<script type=\"application\/ld+json\" class=\"yoast-schema-graph\">{\"@context\":\"https:\\\/\\\/schema.org\",\"@graph\":[{\"@type\":\"WebPage\",\"@id\":\"https:\\\/\\\/www.guayapi.com\\\/boutique\\\/produit\\\/guayagum-gomme-a-macher-warana-a-lacerola\\\/\",\"url\":\"https:\\\/\\\/www.guayapi.com\\\/boutique\\\/produit\\\/guayagum-gomme-a-macher-warana-a-lacerola\\\/\",\"name\":\"Guayagum - Gomme \u00e0 m\u00e2cher au Warana et \u00e0 l'Ac\u00e9rola - Guayapi\",\"isPartOf\":{\"@id\":\"https:\\\/\\\/www.guayapi.com\\\/boutique\\\/#website\"},\"primaryImageOfPage\":{\"@id\":\"https:\\\/\\\/www.guayapi.com\\\/boutique\\\/produit\\\/guayagum-gomme-a-macher-warana-a-lacerola\\\/#primaryimage\"},\"image\":{\"@id\":\"https:\\\/\\\/www.guayapi.com\\\/boutique\\\/produit\\\/guayagum-gomme-a-macher-warana-a-lacerola\\\/#primaryimage\"},\"thumbnailUrl\":\"https:\\\/\\\/www.guayapi.com\\\/boutique\\\/wp-content\\\/uploads\\\/2017\\\/04\\\/0e8aa3cd-fefc-4e93-8269-0df5ba9b142b-removebg-preview-e1666338950840.png\",\"datePublished\":\"2017-04-13T10:47:44+00:00\",\"dateModified\":\"2025-01-02T14:50:16+00:00\",\"breadcrumb\":{\"@id\":\"https:\\\/\\\/www.guayapi.com\\\/boutique\\\/produit\\\/guayagum-gomme-a-macher-warana-a-lacerola\\\/#breadcrumb\"},\"inLanguage\":\"fr-FR\",\"potentialAction\":[{\"@type\":\"ReadAction\",\"target\":[\"https:\\\/\\\/www.guayapi.com\\\/boutique\\\/produit\\\/guayagum-gomme-a-macher-warana-a-lacerola\\\/\"]}]},{\"@type\":\"ImageObject\",\"inLanguage\":\"fr-FR\",\"@id\":\"https:\\\/\\\/www.guayapi.com\\\/boutique\\\/produit\\\/guayagum-gomme-a-macher-warana-a-lacerola\\\/#primaryimage\",\"url\":\"https:\\\/\\\/www.guayapi.com\\\/boutique\\\/wp-content\\\/uploads\\\/2017\\\/04\\\/0e8aa3cd-fefc-4e93-8269-0df5ba9b142b-removebg-preview-e1666338950840.png\",\"contentUrl\":\"https:\\\/\\\/www.guayapi.com\\\/boutique\\\/wp-content\\\/uploads\\\/2017\\\/04\\\/0e8aa3cd-fefc-4e93-8269-0df5ba9b142b-removebg-preview-e1666338950840.png\",\"width\":213,\"height\":263},{\"@type\":\"BreadcrumbList\",\"@id\":\"https:\\\/\\\/www.guayapi.com\\\/boutique\\\/produit\\\/guayagum-gomme-a-macher-warana-a-lacerola\\\/#breadcrumb\",\"itemListElement\":[{\"@type\":\"ListItem\",\"position\":1,\"name\":\"Accueil\",\"item\":\"https:\\\/\\\/www.guayapi.com\\\/boutique\\\/\"},{\"@type\":\"ListItem\",\"position\":2,\"name\":\"Boutique\",\"item\":\"https:\\\/\\\/www.guayapi.com\\\/boutique\\\/\"},{\"@type\":\"ListItem\",\"position\":3,\"name\":\"Guayagum &#8211; Gomme \u00e0 m\u00e2cher au Warana et \u00e0 l&rsquo;Ac\u00e9rola\"}]},{\"@type\":\"WebSite\",\"@id\":\"https:\\\/\\\/www.guayapi.com\\\/boutique\\\/#website\",\"url\":\"https:\\\/\\\/www.guayapi.com\\\/boutique\\\/\",\"name\":\"Guayapi\",\"description\":\"Super-aliments \u2022 \u00c9picerie fine \u2022 Cosm\u00e9tiques\",\"potentialAction\":[{\"@type\":\"SearchAction\",\"target\":{\"@type\":\"EntryPoint\",\"urlTemplate\":\"https:\\\/\\\/www.guayapi.com\\\/boutique\\\/?s={search_term_string}\"},\"query-input\":{\"@type\":\"PropertyValueSpecification\",\"valueRequired\":true,\"valueName\":\"search_term_string\"}}],\"inLanguage\":\"fr-FR\"}]}<\/script>","yoast_head_json":{"title":"Guayagum - Gomme \u00e0 m\u00e2cher au Warana et \u00e0 l'Ac\u00e9rola - Guayapi","robots":{"index":"index","follow":"follow","max-snippet":"max-snippet:-1","max-image-preview":"max-image-preview:large","max-video-preview":"max-video-preview:-1"},"canonical":"https:\/\/www.guayapi.com\/boutique\/produit\/guayagum-gomme-a-macher-warana-a-lacerola\/","og_locale":"fr_FR","og_type":"article","og_title":"Guayagum - Gomme \u00e0 m\u00e2cher au Warana et \u00e0 l'Ac\u00e9rola - Guayapi","og_description":"\u00ab La gomme dynamisante \u00bb  (71.43\u20ac\/kg)","og_url":"https:\/\/www.guayapi.com\/boutique\/produit\/guayagum-gomme-a-macher-warana-a-lacerola\/","og_site_name":"Guayapi","article_modified_time":"2025-01-02T14:50:16+00:00","og_image":[{"width":213,"height":263,"url":"https:\/\/www.guayapi.com\/boutique\/wp-content\/uploads\/2017\/04\/0e8aa3cd-fefc-4e93-8269-0df5ba9b142b-removebg-preview-e1666338950840.png","type":"image\/png"}],"twitter_card":"summary_large_image","twitter_misc":{"Dur\u00e9e de lecture estim\u00e9e":"1 minute"},"schema":{"@context":"https:\/\/schema.org","@graph":[{"@type":"WebPage","@id":"https:\/\/www.guayapi.com\/boutique\/produit\/guayagum-gomme-a-macher-warana-a-lacerola\/","url":"https:\/\/www.guayapi.com\/boutique\/produit\/guayagum-gomme-a-macher-warana-a-lacerola\/","name":"Guayagum - Gomme \u00e0 m\u00e2cher au Warana et \u00e0 l'Ac\u00e9rola - Guayapi","isPartOf":{"@id":"https:\/\/www.guayapi.com\/boutique\/#website"},"primaryImageOfPage":{"@id":"https:\/\/www.guayapi.com\/boutique\/produit\/guayagum-gomme-a-macher-warana-a-lacerola\/#primaryimage"},"image":{"@id":"https:\/\/www.guayapi.com\/boutique\/produit\/guayagum-gomme-a-macher-warana-a-lacerola\/#primaryimage"},"thumbnailUrl":"https:\/\/www.guayapi.com\/boutique\/wp-content\/uploads\/2017\/04\/0e8aa3cd-fefc-4e93-8269-0df5ba9b142b-removebg-preview-e1666338950840.png","datePublished":"2017-04-13T10:47:44+00:00","dateModified":"2025-01-02T14:50:16+00:00","breadcrumb":{"@id":"https:\/\/www.guayapi.com\/boutique\/produit\/guayagum-gomme-a-macher-warana-a-lacerola\/#breadcrumb"},"inLanguage":"fr-FR","potentialAction":[{"@type":"ReadAction","target":["https:\/\/www.guayapi.com\/boutique\/produit\/guayagum-gomme-a-macher-warana-a-lacerola\/"]}]},{"@type":"ImageObject","inLanguage":"fr-FR","@id":"https:\/\/www.guayapi.com\/boutique\/produit\/guayagum-gomme-a-macher-warana-a-lacerola\/#primaryimage","url":"https:\/\/www.guayapi.com\/boutique\/wp-content\/uploads\/2017\/04\/0e8aa3cd-fefc-4e93-8269-0df5ba9b142b-removebg-preview-e1666338950840.png","contentUrl":"https:\/\/www.guayapi.com\/boutique\/wp-content\/uploads\/2017\/04\/0e8aa3cd-fefc-4e93-8269-0df5ba9b142b-removebg-preview-e1666338950840.png","width":213,"height":263},{"@type":"BreadcrumbList","@id":"https:\/\/www.guayapi.com\/boutique\/produit\/guayagum-gomme-a-macher-warana-a-lacerola\/#breadcrumb","itemListElement":[{"@type":"ListItem","position":1,"name":"Accueil","item":"https:\/\/www.guayapi.com\/boutique\/"},{"@type":"ListItem","position":2,"name":"Boutique","item":"https:\/\/www.guayapi.com\/boutique\/"},{"@type":"ListItem","position":3,"name":"Guayagum &#8211; Gomme \u00e0 m\u00e2cher au Warana et \u00e0 l&rsquo;Ac\u00e9rola"}]},{"@type":"WebSite","@id":"https:\/\/www.guayapi.com\/boutique\/#website","url":"https:\/\/www.guayapi.com\/boutique\/","name":"Guayapi","description":"Super-aliments \u2022 \u00c9picerie fine \u2022 Cosm\u00e9tiques","potentialAction":[{"@type":"SearchAction","target":{"@type":"EntryPoint","urlTemplate":"https:\/\/www.guayapi.com\/boutique\/?s={search_term_string}"},"query-input":{"@type":"PropertyValueSpecification","valueRequired":true,"valueName":"search_term_string"}}],"inLanguage":"fr-FR"}]}},"_links":{"self":[{"href":"https:\/\/www.guayapi.com\/boutique\/wp-json\/wp\/v2\/product\/2169","targetHints":{"allow":["GET"]}}],"collection":[{"href":"https:\/\/www.guayapi.com\/boutique\/wp-json\/wp\/v2\/product"}],"about":[{"href":"https:\/\/www.guayapi.com\/boutique\/wp-json\/wp\/v2\/types\/product"}],"wp:featuredmedia":[{"embeddable":true,"href":"https:\/\/www.guayapi.com\/boutique\/wp-json\/wp\/v2\/media\/43872"}],"wp:attachment":[{"href":"https:\/\/www.guayapi.com\/boutique\/wp-json\/wp\/v2\/media?parent=2169"}],"wp:term":[{"taxonomy":"product_brand","embeddable":true,"href":"https:\/\/www.guayapi.com\/boutique\/wp-json\/wp\/v2\/product_brand?post=2169"},{"taxonomy":"product_cat","embeddable":true,"href":"https:\/\/www.guayapi.com\/boutique\/wp-json\/wp\/v2\/product_cat?post=2169"},{"taxonomy":"product_tag","embeddable":true,"href":"https:\/\/www.guayapi.com\/boutique\/wp-json\/wp\/v2\/product_tag?post=2169"}],"curies":[{"name":"wp","href":"https:\/\/api.w.org\/{rel}","templated":true}]}}