{"id":2184,"date":"2017-04-13T14:52:02","date_gmt":"2017-04-13T12:52:02","guid":{"rendered":"https:\/\/www.guayapi.com\/boutique\/?post_type=product&#038;p=2184"},"modified":"2026-01-02T13:55:55","modified_gmt":"2026-01-02T12:55:55","slug":"sirop-de-warana-guarana-terres-dorigine","status":"publish","type":"product","link":"https:\/\/www.guayapi.com\/boutique\/produit\/sirop-de-warana-guarana-terres-dorigine\/","title":{"rendered":"Sirop de Warana (Guarana des Terres d&rsquo;Origine)"},"content":{"rendered":"<p>\u00ab L\u2019Amazonie sur le bout de la langue \u00bb<br \/>\nLe Sirop de Warana apporte une touche tonique et savoureuse \u00e0 tous vos desserts (cr\u00e8me glac\u00e9e, fruits au sirop, etc) et dynamise vos boissons. Le sirop de Warana peut \u00eatre consomm\u00e9 aussi par les enfants pour son go\u00fbt agr\u00e9able et doux.<\/p>\n<p>INFORMATION NUTRITIONNELLE POUR 100 GRAMMES<\/p>\n<p>Valeur \u00e9nerg\u00e9tique:<br \/>\nKcal 272,<br \/>\nKJ 1138<\/p>\n<p>Lipides: 0,07 g;<br \/>\nDont acides gras satur\u00e9s: 0,01 g<\/p>\n<p>Glucides: 69,8;<br \/>\nDont sucres: 67,65 g<\/p>\n<p>Prot\u00e9ines: 0,42 g<\/p>\n<p>Sel: 0 g<\/p>\n","protected":false},"excerpt":{"rendered":"<p>(35,20\u20ac\/L)<\/p>\n","protected":false},"featured_media":2896,"template":"","meta":{"_acf_changed":false},"product_brand":[],"product_cat":[9],"product_tag":[47],"class_list":{"0":"post-2184","1":"product","2":"type-product","3":"status-publish","4":"has-post-thumbnail","6":"product_cat-epicerie-fine","7":"product_tag-tonus-energie","9":"first","10":"instock","11":"taxable","12":"shipping-taxable","13":"purchasable","14":"product-type-simple"},"acf":[],"yoast_head":"<title>Sirop de Warana (Guarana des Terres d&#039;Origine) - Guayapi<\/title>\n<meta name=\"robots\" content=\"index, follow, max-snippet:-1, max-image-preview:large, max-video-preview:-1\" \/>\n<link rel=\"canonical\" href=\"https:\/\/www.guayapi.com\/boutique\/produit\/sirop-de-warana-guarana-terres-dorigine\/\" \/>\n<meta property=\"og:locale\" content=\"fr_FR\" \/>\n<meta property=\"og:type\" content=\"article\" \/>\n<meta property=\"og:title\" content=\"Sirop de Warana (Guarana des Terres d&#039;Origine) - Guayapi\" \/>\n<meta property=\"og:description\" content=\"(35,20\u20ac\/L)\" \/>\n<meta property=\"og:url\" content=\"https:\/\/www.guayapi.com\/boutique\/produit\/sirop-de-warana-guarana-terres-dorigine\/\" \/>\n<meta property=\"og:site_name\" content=\"Guayapi\" \/>\n<meta property=\"article:modified_time\" content=\"2026-01-02T12:55:55+00:00\" \/>\n<meta property=\"og:image\" content=\"https:\/\/www.guayapi.com\/boutique\/wp-content\/uploads\/2017\/04\/guayapi-sirop-de-warana.png\" \/>\n\t<meta property=\"og:image:width\" content=\"800\" \/>\n\t<meta property=\"og:image:height\" content=\"1200\" \/>\n\t<meta property=\"og:image:type\" content=\"image\/png\" \/>\n<meta name=\"twitter:card\" content=\"summary_large_image\" \/>\n<meta name=\"twitter:label1\" content=\"Dur\u00e9e de lecture estim\u00e9e\" \/>\n\t<meta name=\"twitter:data1\" content=\"1 minute\" \/>\n<script type=\"application\/ld+json\" class=\"yoast-schema-graph\">{\"@context\":\"https:\\\/\\\/schema.org\",\"@graph\":[{\"@type\":\"WebPage\",\"@id\":\"https:\\\/\\\/www.guayapi.com\\\/boutique\\\/produit\\\/sirop-de-warana-guarana-terres-dorigine\\\/\",\"url\":\"https:\\\/\\\/www.guayapi.com\\\/boutique\\\/produit\\\/sirop-de-warana-guarana-terres-dorigine\\\/\",\"name\":\"Sirop de Warana (Guarana des Terres d'Origine) - Guayapi\",\"isPartOf\":{\"@id\":\"https:\\\/\\\/www.guayapi.com\\\/boutique\\\/#website\"},\"primaryImageOfPage\":{\"@id\":\"https:\\\/\\\/www.guayapi.com\\\/boutique\\\/produit\\\/sirop-de-warana-guarana-terres-dorigine\\\/#primaryimage\"},\"image\":{\"@id\":\"https:\\\/\\\/www.guayapi.com\\\/boutique\\\/produit\\\/sirop-de-warana-guarana-terres-dorigine\\\/#primaryimage\"},\"thumbnailUrl\":\"https:\\\/\\\/www.guayapi.com\\\/boutique\\\/wp-content\\\/uploads\\\/2017\\\/04\\\/guayapi-sirop-de-warana.png\",\"datePublished\":\"2017-04-13T12:52:02+00:00\",\"dateModified\":\"2026-01-02T12:55:55+00:00\",\"breadcrumb\":{\"@id\":\"https:\\\/\\\/www.guayapi.com\\\/boutique\\\/produit\\\/sirop-de-warana-guarana-terres-dorigine\\\/#breadcrumb\"},\"inLanguage\":\"fr-FR\",\"potentialAction\":[{\"@type\":\"ReadAction\",\"target\":[\"https:\\\/\\\/www.guayapi.com\\\/boutique\\\/produit\\\/sirop-de-warana-guarana-terres-dorigine\\\/\"]}]},{\"@type\":\"ImageObject\",\"inLanguage\":\"fr-FR\",\"@id\":\"https:\\\/\\\/www.guayapi.com\\\/boutique\\\/produit\\\/sirop-de-warana-guarana-terres-dorigine\\\/#primaryimage\",\"url\":\"https:\\\/\\\/www.guayapi.com\\\/boutique\\\/wp-content\\\/uploads\\\/2017\\\/04\\\/guayapi-sirop-de-warana.png\",\"contentUrl\":\"https:\\\/\\\/www.guayapi.com\\\/boutique\\\/wp-content\\\/uploads\\\/2017\\\/04\\\/guayapi-sirop-de-warana.png\",\"width\":800,\"height\":1200},{\"@type\":\"BreadcrumbList\",\"@id\":\"https:\\\/\\\/www.guayapi.com\\\/boutique\\\/produit\\\/sirop-de-warana-guarana-terres-dorigine\\\/#breadcrumb\",\"itemListElement\":[{\"@type\":\"ListItem\",\"position\":1,\"name\":\"Accueil\",\"item\":\"https:\\\/\\\/www.guayapi.com\\\/boutique\\\/\"},{\"@type\":\"ListItem\",\"position\":2,\"name\":\"Boutique\",\"item\":\"https:\\\/\\\/www.guayapi.com\\\/boutique\\\/\"},{\"@type\":\"ListItem\",\"position\":3,\"name\":\"Sirop de Warana (Guarana des Terres d&rsquo;Origine)\"}]},{\"@type\":\"WebSite\",\"@id\":\"https:\\\/\\\/www.guayapi.com\\\/boutique\\\/#website\",\"url\":\"https:\\\/\\\/www.guayapi.com\\\/boutique\\\/\",\"name\":\"Guayapi\",\"description\":\"Super-aliments \u2022 \u00c9picerie fine \u2022 Cosm\u00e9tiques\",\"potentialAction\":[{\"@type\":\"SearchAction\",\"target\":{\"@type\":\"EntryPoint\",\"urlTemplate\":\"https:\\\/\\\/www.guayapi.com\\\/boutique\\\/?s={search_term_string}\"},\"query-input\":{\"@type\":\"PropertyValueSpecification\",\"valueRequired\":true,\"valueName\":\"search_term_string\"}}],\"inLanguage\":\"fr-FR\"}]}<\/script>","yoast_head_json":{"title":"Sirop de Warana (Guarana des Terres d'Origine) - Guayapi","robots":{"index":"index","follow":"follow","max-snippet":"max-snippet:-1","max-image-preview":"max-image-preview:large","max-video-preview":"max-video-preview:-1"},"canonical":"https:\/\/www.guayapi.com\/boutique\/produit\/sirop-de-warana-guarana-terres-dorigine\/","og_locale":"fr_FR","og_type":"article","og_title":"Sirop de Warana (Guarana des Terres d'Origine) - Guayapi","og_description":"(35,20\u20ac\/L)","og_url":"https:\/\/www.guayapi.com\/boutique\/produit\/sirop-de-warana-guarana-terres-dorigine\/","og_site_name":"Guayapi","article_modified_time":"2026-01-02T12:55:55+00:00","og_image":[{"width":800,"height":1200,"url":"https:\/\/www.guayapi.com\/boutique\/wp-content\/uploads\/2017\/04\/guayapi-sirop-de-warana.png","type":"image\/png"}],"twitter_card":"summary_large_image","twitter_misc":{"Dur\u00e9e de lecture estim\u00e9e":"1 minute"},"schema":{"@context":"https:\/\/schema.org","@graph":[{"@type":"WebPage","@id":"https:\/\/www.guayapi.com\/boutique\/produit\/sirop-de-warana-guarana-terres-dorigine\/","url":"https:\/\/www.guayapi.com\/boutique\/produit\/sirop-de-warana-guarana-terres-dorigine\/","name":"Sirop de Warana (Guarana des Terres d'Origine) - Guayapi","isPartOf":{"@id":"https:\/\/www.guayapi.com\/boutique\/#website"},"primaryImageOfPage":{"@id":"https:\/\/www.guayapi.com\/boutique\/produit\/sirop-de-warana-guarana-terres-dorigine\/#primaryimage"},"image":{"@id":"https:\/\/www.guayapi.com\/boutique\/produit\/sirop-de-warana-guarana-terres-dorigine\/#primaryimage"},"thumbnailUrl":"https:\/\/www.guayapi.com\/boutique\/wp-content\/uploads\/2017\/04\/guayapi-sirop-de-warana.png","datePublished":"2017-04-13T12:52:02+00:00","dateModified":"2026-01-02T12:55:55+00:00","breadcrumb":{"@id":"https:\/\/www.guayapi.com\/boutique\/produit\/sirop-de-warana-guarana-terres-dorigine\/#breadcrumb"},"inLanguage":"fr-FR","potentialAction":[{"@type":"ReadAction","target":["https:\/\/www.guayapi.com\/boutique\/produit\/sirop-de-warana-guarana-terres-dorigine\/"]}]},{"@type":"ImageObject","inLanguage":"fr-FR","@id":"https:\/\/www.guayapi.com\/boutique\/produit\/sirop-de-warana-guarana-terres-dorigine\/#primaryimage","url":"https:\/\/www.guayapi.com\/boutique\/wp-content\/uploads\/2017\/04\/guayapi-sirop-de-warana.png","contentUrl":"https:\/\/www.guayapi.com\/boutique\/wp-content\/uploads\/2017\/04\/guayapi-sirop-de-warana.png","width":800,"height":1200},{"@type":"BreadcrumbList","@id":"https:\/\/www.guayapi.com\/boutique\/produit\/sirop-de-warana-guarana-terres-dorigine\/#breadcrumb","itemListElement":[{"@type":"ListItem","position":1,"name":"Accueil","item":"https:\/\/www.guayapi.com\/boutique\/"},{"@type":"ListItem","position":2,"name":"Boutique","item":"https:\/\/www.guayapi.com\/boutique\/"},{"@type":"ListItem","position":3,"name":"Sirop de Warana (Guarana des Terres d&rsquo;Origine)"}]},{"@type":"WebSite","@id":"https:\/\/www.guayapi.com\/boutique\/#website","url":"https:\/\/www.guayapi.com\/boutique\/","name":"Guayapi","description":"Super-aliments \u2022 \u00c9picerie fine \u2022 Cosm\u00e9tiques","potentialAction":[{"@type":"SearchAction","target":{"@type":"EntryPoint","urlTemplate":"https:\/\/www.guayapi.com\/boutique\/?s={search_term_string}"},"query-input":{"@type":"PropertyValueSpecification","valueRequired":true,"valueName":"search_term_string"}}],"inLanguage":"fr-FR"}]}},"_links":{"self":[{"href":"https:\/\/www.guayapi.com\/boutique\/wp-json\/wp\/v2\/product\/2184","targetHints":{"allow":["GET"]}}],"collection":[{"href":"https:\/\/www.guayapi.com\/boutique\/wp-json\/wp\/v2\/product"}],"about":[{"href":"https:\/\/www.guayapi.com\/boutique\/wp-json\/wp\/v2\/types\/product"}],"wp:featuredmedia":[{"embeddable":true,"href":"https:\/\/www.guayapi.com\/boutique\/wp-json\/wp\/v2\/media\/2896"}],"wp:attachment":[{"href":"https:\/\/www.guayapi.com\/boutique\/wp-json\/wp\/v2\/media?parent=2184"}],"wp:term":[{"taxonomy":"product_brand","embeddable":true,"href":"https:\/\/www.guayapi.com\/boutique\/wp-json\/wp\/v2\/product_brand?post=2184"},{"taxonomy":"product_cat","embeddable":true,"href":"https:\/\/www.guayapi.com\/boutique\/wp-json\/wp\/v2\/product_cat?post=2184"},{"taxonomy":"product_tag","embeddable":true,"href":"https:\/\/www.guayapi.com\/boutique\/wp-json\/wp\/v2\/product_tag?post=2184"}],"curies":[{"name":"wp","href":"https:\/\/api.w.org\/{rel}","templated":true}]}}