{"id":2189,"date":"2017-04-13T15:02:24","date_gmt":"2017-04-13T13:02:24","guid":{"rendered":"https:\/\/www.guayapi.com\/boutique\/?post_type=product&#038;p=2189"},"modified":"2026-01-02T11:39:01","modified_gmt":"2026-01-02T10:39:01","slug":"farine-de-coco","status":"publish","type":"product","link":"https:\/\/www.guayapi.com\/boutique\/produit\/farine-de-coco\/","title":{"rendered":"Farine de Coco Bio du Sri Lanka"},"content":{"rendered":"<p>La meilleure Farine de Coco Bio du monde. 100% naturelle, la Farine de Coco est riche en fibres. Sans gluten, sans cholest\u00e9rol, son indice glyc\u00e9mique est faible\u00a0: elle permet d\u2019\u00e9laborer des menus gourmands.<\/p>\n<p>Indice glyc\u00e9mique: 35<\/p>\n<p>INFORMATIONS NUTRITIONNELLES POUR 100 GRAMMES:<\/p>\n<p>Valeur \u00e9nerg\u00e9tique:<br \/>\nKcal 388<br \/>\nKJ 1625<\/p>\n<p>Lipides: 10,8 g;<br \/>\ndont acides gras satur\u00e9s: 10,2 g<\/p>\n<p>Glucides: 54,1 g;<br \/>\nDont sucres: 21,1 g<\/p>\n<p>Fibre: 36,9 g<\/p>\n<p>Prot\u00e9ines: 19,8 g<\/p>\n<p>Sel: 0,06 g<\/p>\n<p>Chol\u00e9st\u00e9rol: 0 g<\/p>\n","protected":false},"excerpt":{"rendered":"<p>(14,80\u20ac\/kg)<\/p>\n<p>DDM (Date de Durabilit\u00e9 Minimale) 10\/2023, les produits peuvent \u00eatre parfaitement consomm\u00e9s apr\u00e8s leur DDM : <a href=\"https:\/\/www.service-public.fr\/particuliers\/vosdroits\/F10990\">https:\/\/www.service-public.fr\/particuliers\/vosdroits\/F10990<\/a><\/p>\n<p>&nbsp;<\/p>\n","protected":false},"featured_media":43843,"template":"","meta":{"_acf_changed":false},"product_brand":[],"product_cat":[9],"product_tag":[53],"class_list":{"0":"post-2189","1":"product","2":"type-product","3":"status-publish","4":"has-post-thumbnail","6":"product_cat-epicerie-fine","7":"product_tag-coco","9":"first","10":"instock","11":"taxable","12":"shipping-taxable","13":"purchasable","14":"product-type-simple"},"acf":[],"yoast_head":"<title>Farine de Coco Bio du Sri Lanka - Guayapi<\/title>\n<meta name=\"robots\" content=\"index, follow, max-snippet:-1, max-image-preview:large, max-video-preview:-1\" \/>\n<link rel=\"canonical\" href=\"https:\/\/www.guayapi.com\/boutique\/produit\/farine-de-coco\/\" \/>\n<meta property=\"og:locale\" content=\"fr_FR\" \/>\n<meta property=\"og:type\" content=\"article\" \/>\n<meta property=\"og:title\" content=\"Farine de Coco Bio du Sri Lanka - Guayapi\" \/>\n<meta property=\"og:description\" content=\"(14,80\u20ac\/kg)  DDM (Date de Durabilit\u00e9 Minimale) 10\/2023, les produits peuvent \u00eatre parfaitement consomm\u00e9s apr\u00e8s leur DDM : https:\/\/www.service-public.fr\/particuliers\/vosdroits\/F10990  &nbsp;\" \/>\n<meta property=\"og:url\" content=\"https:\/\/www.guayapi.com\/boutique\/produit\/farine-de-coco\/\" \/>\n<meta property=\"og:site_name\" content=\"Guayapi\" \/>\n<meta property=\"article:modified_time\" content=\"2026-01-02T10:39:01+00:00\" \/>\n<meta property=\"og:image\" content=\"https:\/\/www.guayapi.com\/boutique\/wp-content\/uploads\/2020\/04\/farine-de-coco-removebg-preview.png\" \/>\n\t<meta property=\"og:image:width\" content=\"313\" \/>\n\t<meta property=\"og:image:height\" content=\"432\" \/>\n\t<meta property=\"og:image:type\" content=\"image\/png\" \/>\n<meta name=\"twitter:card\" content=\"summary_large_image\" \/>\n<meta name=\"twitter:label1\" content=\"Dur\u00e9e de lecture estim\u00e9e\" \/>\n\t<meta name=\"twitter:data1\" content=\"1 minute\" \/>\n<script type=\"application\/ld+json\" class=\"yoast-schema-graph\">{\"@context\":\"https:\\\/\\\/schema.org\",\"@graph\":[{\"@type\":\"WebPage\",\"@id\":\"https:\\\/\\\/www.guayapi.com\\\/boutique\\\/produit\\\/farine-de-coco\\\/\",\"url\":\"https:\\\/\\\/www.guayapi.com\\\/boutique\\\/produit\\\/farine-de-coco\\\/\",\"name\":\"Farine de Coco Bio du Sri Lanka - Guayapi\",\"isPartOf\":{\"@id\":\"https:\\\/\\\/www.guayapi.com\\\/boutique\\\/#website\"},\"primaryImageOfPage\":{\"@id\":\"https:\\\/\\\/www.guayapi.com\\\/boutique\\\/produit\\\/farine-de-coco\\\/#primaryimage\"},\"image\":{\"@id\":\"https:\\\/\\\/www.guayapi.com\\\/boutique\\\/produit\\\/farine-de-coco\\\/#primaryimage\"},\"thumbnailUrl\":\"https:\\\/\\\/www.guayapi.com\\\/boutique\\\/wp-content\\\/uploads\\\/2020\\\/04\\\/farine-de-coco-removebg-preview.png\",\"datePublished\":\"2017-04-13T13:02:24+00:00\",\"dateModified\":\"2026-01-02T10:39:01+00:00\",\"breadcrumb\":{\"@id\":\"https:\\\/\\\/www.guayapi.com\\\/boutique\\\/produit\\\/farine-de-coco\\\/#breadcrumb\"},\"inLanguage\":\"fr-FR\",\"potentialAction\":[{\"@type\":\"ReadAction\",\"target\":[\"https:\\\/\\\/www.guayapi.com\\\/boutique\\\/produit\\\/farine-de-coco\\\/\"]}]},{\"@type\":\"ImageObject\",\"inLanguage\":\"fr-FR\",\"@id\":\"https:\\\/\\\/www.guayapi.com\\\/boutique\\\/produit\\\/farine-de-coco\\\/#primaryimage\",\"url\":\"https:\\\/\\\/www.guayapi.com\\\/boutique\\\/wp-content\\\/uploads\\\/2020\\\/04\\\/farine-de-coco-removebg-preview.png\",\"contentUrl\":\"https:\\\/\\\/www.guayapi.com\\\/boutique\\\/wp-content\\\/uploads\\\/2020\\\/04\\\/farine-de-coco-removebg-preview.png\",\"width\":313,\"height\":432},{\"@type\":\"BreadcrumbList\",\"@id\":\"https:\\\/\\\/www.guayapi.com\\\/boutique\\\/produit\\\/farine-de-coco\\\/#breadcrumb\",\"itemListElement\":[{\"@type\":\"ListItem\",\"position\":1,\"name\":\"Accueil\",\"item\":\"https:\\\/\\\/www.guayapi.com\\\/boutique\\\/\"},{\"@type\":\"ListItem\",\"position\":2,\"name\":\"Boutique\",\"item\":\"https:\\\/\\\/www.guayapi.com\\\/boutique\\\/\"},{\"@type\":\"ListItem\",\"position\":3,\"name\":\"Farine de Coco Bio du Sri Lanka\"}]},{\"@type\":\"WebSite\",\"@id\":\"https:\\\/\\\/www.guayapi.com\\\/boutique\\\/#website\",\"url\":\"https:\\\/\\\/www.guayapi.com\\\/boutique\\\/\",\"name\":\"Guayapi\",\"description\":\"Super-aliments \u2022 \u00c9picerie fine \u2022 Cosm\u00e9tiques\",\"potentialAction\":[{\"@type\":\"SearchAction\",\"target\":{\"@type\":\"EntryPoint\",\"urlTemplate\":\"https:\\\/\\\/www.guayapi.com\\\/boutique\\\/?s={search_term_string}\"},\"query-input\":{\"@type\":\"PropertyValueSpecification\",\"valueRequired\":true,\"valueName\":\"search_term_string\"}}],\"inLanguage\":\"fr-FR\"}]}<\/script>","yoast_head_json":{"title":"Farine de Coco Bio du Sri Lanka - Guayapi","robots":{"index":"index","follow":"follow","max-snippet":"max-snippet:-1","max-image-preview":"max-image-preview:large","max-video-preview":"max-video-preview:-1"},"canonical":"https:\/\/www.guayapi.com\/boutique\/produit\/farine-de-coco\/","og_locale":"fr_FR","og_type":"article","og_title":"Farine de Coco Bio du Sri Lanka - Guayapi","og_description":"(14,80\u20ac\/kg)  DDM (Date de Durabilit\u00e9 Minimale) 10\/2023, les produits peuvent \u00eatre parfaitement consomm\u00e9s apr\u00e8s leur DDM : https:\/\/www.service-public.fr\/particuliers\/vosdroits\/F10990  &nbsp;","og_url":"https:\/\/www.guayapi.com\/boutique\/produit\/farine-de-coco\/","og_site_name":"Guayapi","article_modified_time":"2026-01-02T10:39:01+00:00","og_image":[{"width":313,"height":432,"url":"https:\/\/www.guayapi.com\/boutique\/wp-content\/uploads\/2020\/04\/farine-de-coco-removebg-preview.png","type":"image\/png"}],"twitter_card":"summary_large_image","twitter_misc":{"Dur\u00e9e de lecture estim\u00e9e":"1 minute"},"schema":{"@context":"https:\/\/schema.org","@graph":[{"@type":"WebPage","@id":"https:\/\/www.guayapi.com\/boutique\/produit\/farine-de-coco\/","url":"https:\/\/www.guayapi.com\/boutique\/produit\/farine-de-coco\/","name":"Farine de Coco Bio du Sri Lanka - Guayapi","isPartOf":{"@id":"https:\/\/www.guayapi.com\/boutique\/#website"},"primaryImageOfPage":{"@id":"https:\/\/www.guayapi.com\/boutique\/produit\/farine-de-coco\/#primaryimage"},"image":{"@id":"https:\/\/www.guayapi.com\/boutique\/produit\/farine-de-coco\/#primaryimage"},"thumbnailUrl":"https:\/\/www.guayapi.com\/boutique\/wp-content\/uploads\/2020\/04\/farine-de-coco-removebg-preview.png","datePublished":"2017-04-13T13:02:24+00:00","dateModified":"2026-01-02T10:39:01+00:00","breadcrumb":{"@id":"https:\/\/www.guayapi.com\/boutique\/produit\/farine-de-coco\/#breadcrumb"},"inLanguage":"fr-FR","potentialAction":[{"@type":"ReadAction","target":["https:\/\/www.guayapi.com\/boutique\/produit\/farine-de-coco\/"]}]},{"@type":"ImageObject","inLanguage":"fr-FR","@id":"https:\/\/www.guayapi.com\/boutique\/produit\/farine-de-coco\/#primaryimage","url":"https:\/\/www.guayapi.com\/boutique\/wp-content\/uploads\/2020\/04\/farine-de-coco-removebg-preview.png","contentUrl":"https:\/\/www.guayapi.com\/boutique\/wp-content\/uploads\/2020\/04\/farine-de-coco-removebg-preview.png","width":313,"height":432},{"@type":"BreadcrumbList","@id":"https:\/\/www.guayapi.com\/boutique\/produit\/farine-de-coco\/#breadcrumb","itemListElement":[{"@type":"ListItem","position":1,"name":"Accueil","item":"https:\/\/www.guayapi.com\/boutique\/"},{"@type":"ListItem","position":2,"name":"Boutique","item":"https:\/\/www.guayapi.com\/boutique\/"},{"@type":"ListItem","position":3,"name":"Farine de Coco Bio du Sri Lanka"}]},{"@type":"WebSite","@id":"https:\/\/www.guayapi.com\/boutique\/#website","url":"https:\/\/www.guayapi.com\/boutique\/","name":"Guayapi","description":"Super-aliments \u2022 \u00c9picerie fine \u2022 Cosm\u00e9tiques","potentialAction":[{"@type":"SearchAction","target":{"@type":"EntryPoint","urlTemplate":"https:\/\/www.guayapi.com\/boutique\/?s={search_term_string}"},"query-input":{"@type":"PropertyValueSpecification","valueRequired":true,"valueName":"search_term_string"}}],"inLanguage":"fr-FR"}]}},"_links":{"self":[{"href":"https:\/\/www.guayapi.com\/boutique\/wp-json\/wp\/v2\/product\/2189","targetHints":{"allow":["GET"]}}],"collection":[{"href":"https:\/\/www.guayapi.com\/boutique\/wp-json\/wp\/v2\/product"}],"about":[{"href":"https:\/\/www.guayapi.com\/boutique\/wp-json\/wp\/v2\/types\/product"}],"wp:featuredmedia":[{"embeddable":true,"href":"https:\/\/www.guayapi.com\/boutique\/wp-json\/wp\/v2\/media\/43843"}],"wp:attachment":[{"href":"https:\/\/www.guayapi.com\/boutique\/wp-json\/wp\/v2\/media?parent=2189"}],"wp:term":[{"taxonomy":"product_brand","embeddable":true,"href":"https:\/\/www.guayapi.com\/boutique\/wp-json\/wp\/v2\/product_brand?post=2189"},{"taxonomy":"product_cat","embeddable":true,"href":"https:\/\/www.guayapi.com\/boutique\/wp-json\/wp\/v2\/product_cat?post=2189"},{"taxonomy":"product_tag","embeddable":true,"href":"https:\/\/www.guayapi.com\/boutique\/wp-json\/wp\/v2\/product_tag?post=2189"}],"curies":[{"name":"wp","href":"https:\/\/api.w.org\/{rel}","templated":true}]}}