{"id":2191,"date":"2017-04-13T15:04:37","date_gmt":"2017-04-13T13:04:37","guid":{"rendered":"https:\/\/www.guayapi.com\/boutique\/?post_type=product&#038;p=2191"},"modified":"2026-01-02T11:09:30","modified_gmt":"2026-01-02T10:09:30","slug":"chocolat-noir-warana-guarana-terres-dorigine","status":"publish","type":"product","link":"https:\/\/www.guayapi.com\/boutique\/produit\/chocolat-noir-warana-guarana-terres-dorigine\/","title":{"rendered":"Chocolat noir au Warana (Guarana des Terres d&rsquo;Origine)"},"content":{"rendered":"<p>\u00ab L\u2019alliance de deux grands crus \u00bb<br \/>\nQuand le chocolat El Inti de la coop\u00e9rative Pangoa du P\u00e9rou rencontre le Warana des Indiens Sater\u00e9 Maw\u00e9, le r\u00e9sultat est incomparable. Le chocolat El Inti de Saldac est fabriqu\u00e9 dans la Dr\u00f4me par une chocolaterie artisanale qui travaille la f\u00e8ve de Criollo selon des recettes traditionnelles h\u00e9rit\u00e9es depuis plusieurs g\u00e9n\u00e9rations. Le Warana est le tr\u00e9sor mythique des Indiens Sater\u00e9 Maw\u00e9, fruit d\u2019Amazonie br\u00e9silienne \u00e0 l\u2019action dynamisante sur l\u2019activit\u00e9 intellectuelle et les capacit\u00e9s physiques.<\/p>\n<p>INFORMATION NUTRITIONNELLE POUR 100 GRAMMES<\/p>\n<p>Valeur \u00e9nerg\u00e9tique:<br \/>\nKcal 597,<br \/>\nKJ 2288<\/p>\n<p>Lipides: 41,1 g;<br \/>\nDont acides gras satur\u00e9s: 25,2 g<\/p>\n<p>Glucides: 45,6;<br \/>\nDont sucres: 27,6 g<\/p>\n<p>Prot\u00e9ines: 10 g<\/p>\n<p>Sel: 0,07 g<\/p>\n","protected":false},"excerpt":{"rendered":"<p>(71\u20ac\/kg)<\/p>\n<p>DDM 02\/12\/2023. Vous pouvez tout \u00e0 fait consommer un produit apr\u00e8s sa DDM : <a href=\"https:\/\/www.service-public.fr\/particuliers\/vosdroits\/F10990\" target=\"_blank\" rel=\"noopener\">https:\/\/www.service-public.fr\/particuliers\/vosdroits\/F10990<\/a><\/p>\n","protected":false},"featured_media":43839,"template":"","meta":{"_acf_changed":false},"product_brand":[],"product_cat":[9],"product_tag":[248],"class_list":{"0":"post-2191","1":"product","2":"type-product","3":"status-publish","4":"has-post-thumbnail","6":"product_cat-epicerie-fine","7":"product_tag-douceur","9":"first","10":"outofstock","11":"sale","12":"taxable","13":"shipping-taxable","14":"purchasable","15":"product-type-simple"},"acf":[],"yoast_head":"<title>Chocolat noir au Warana (Guarana des Terres d&#039;Origine) - Guayapi<\/title>\n<meta name=\"robots\" content=\"index, follow, max-snippet:-1, max-image-preview:large, max-video-preview:-1\" \/>\n<link rel=\"canonical\" href=\"https:\/\/www.guayapi.com\/boutique\/produit\/chocolat-noir-warana-guarana-terres-dorigine\/\" \/>\n<meta property=\"og:locale\" content=\"fr_FR\" \/>\n<meta property=\"og:type\" content=\"article\" \/>\n<meta property=\"og:title\" content=\"Chocolat noir au Warana (Guarana des Terres d&#039;Origine) - Guayapi\" \/>\n<meta property=\"og:description\" content=\"(71\u20ac\/kg)  DDM 02\/12\/2023. Vous pouvez tout \u00e0 fait consommer un produit apr\u00e8s sa DDM : https:\/\/www.service-public.fr\/particuliers\/vosdroits\/F10990\" \/>\n<meta property=\"og:url\" content=\"https:\/\/www.guayapi.com\/boutique\/produit\/chocolat-noir-warana-guarana-terres-dorigine\/\" \/>\n<meta property=\"og:site_name\" content=\"Guayapi\" \/>\n<meta property=\"article:modified_time\" content=\"2026-01-02T10:09:30+00:00\" \/>\n<meta property=\"og:image\" content=\"https:\/\/www.guayapi.com\/boutique\/wp-content\/uploads\/2017\/04\/guayachoc-detoure-e1666280919791.png\" \/>\n\t<meta property=\"og:image:width\" content=\"356\" \/>\n\t<meta property=\"og:image:height\" content=\"392\" \/>\n\t<meta property=\"og:image:type\" content=\"image\/png\" \/>\n<meta name=\"twitter:card\" content=\"summary_large_image\" \/>\n<meta name=\"twitter:label1\" content=\"Dur\u00e9e de lecture estim\u00e9e\" \/>\n\t<meta name=\"twitter:data1\" content=\"1 minute\" \/>\n<script type=\"application\/ld+json\" class=\"yoast-schema-graph\">{\"@context\":\"https:\\\/\\\/schema.org\",\"@graph\":[{\"@type\":\"WebPage\",\"@id\":\"https:\\\/\\\/www.guayapi.com\\\/boutique\\\/produit\\\/chocolat-noir-warana-guarana-terres-dorigine\\\/\",\"url\":\"https:\\\/\\\/www.guayapi.com\\\/boutique\\\/produit\\\/chocolat-noir-warana-guarana-terres-dorigine\\\/\",\"name\":\"Chocolat noir au Warana (Guarana des Terres d'Origine) - Guayapi\",\"isPartOf\":{\"@id\":\"https:\\\/\\\/www.guayapi.com\\\/boutique\\\/#website\"},\"primaryImageOfPage\":{\"@id\":\"https:\\\/\\\/www.guayapi.com\\\/boutique\\\/produit\\\/chocolat-noir-warana-guarana-terres-dorigine\\\/#primaryimage\"},\"image\":{\"@id\":\"https:\\\/\\\/www.guayapi.com\\\/boutique\\\/produit\\\/chocolat-noir-warana-guarana-terres-dorigine\\\/#primaryimage\"},\"thumbnailUrl\":\"https:\\\/\\\/www.guayapi.com\\\/boutique\\\/wp-content\\\/uploads\\\/2017\\\/04\\\/guayachoc-detoure-e1666280919791.png\",\"datePublished\":\"2017-04-13T13:04:37+00:00\",\"dateModified\":\"2026-01-02T10:09:30+00:00\",\"breadcrumb\":{\"@id\":\"https:\\\/\\\/www.guayapi.com\\\/boutique\\\/produit\\\/chocolat-noir-warana-guarana-terres-dorigine\\\/#breadcrumb\"},\"inLanguage\":\"fr-FR\",\"potentialAction\":[{\"@type\":\"ReadAction\",\"target\":[\"https:\\\/\\\/www.guayapi.com\\\/boutique\\\/produit\\\/chocolat-noir-warana-guarana-terres-dorigine\\\/\"]}]},{\"@type\":\"ImageObject\",\"inLanguage\":\"fr-FR\",\"@id\":\"https:\\\/\\\/www.guayapi.com\\\/boutique\\\/produit\\\/chocolat-noir-warana-guarana-terres-dorigine\\\/#primaryimage\",\"url\":\"https:\\\/\\\/www.guayapi.com\\\/boutique\\\/wp-content\\\/uploads\\\/2017\\\/04\\\/guayachoc-detoure-e1666280919791.png\",\"contentUrl\":\"https:\\\/\\\/www.guayapi.com\\\/boutique\\\/wp-content\\\/uploads\\\/2017\\\/04\\\/guayachoc-detoure-e1666280919791.png\",\"width\":356,\"height\":392},{\"@type\":\"BreadcrumbList\",\"@id\":\"https:\\\/\\\/www.guayapi.com\\\/boutique\\\/produit\\\/chocolat-noir-warana-guarana-terres-dorigine\\\/#breadcrumb\",\"itemListElement\":[{\"@type\":\"ListItem\",\"position\":1,\"name\":\"Accueil\",\"item\":\"https:\\\/\\\/www.guayapi.com\\\/boutique\\\/\"},{\"@type\":\"ListItem\",\"position\":2,\"name\":\"Boutique\",\"item\":\"https:\\\/\\\/www.guayapi.com\\\/boutique\\\/\"},{\"@type\":\"ListItem\",\"position\":3,\"name\":\"Chocolat noir au Warana (Guarana des Terres d&rsquo;Origine)\"}]},{\"@type\":\"WebSite\",\"@id\":\"https:\\\/\\\/www.guayapi.com\\\/boutique\\\/#website\",\"url\":\"https:\\\/\\\/www.guayapi.com\\\/boutique\\\/\",\"name\":\"Guayapi\",\"description\":\"Super-aliments \u2022 \u00c9picerie fine \u2022 Cosm\u00e9tiques\",\"potentialAction\":[{\"@type\":\"SearchAction\",\"target\":{\"@type\":\"EntryPoint\",\"urlTemplate\":\"https:\\\/\\\/www.guayapi.com\\\/boutique\\\/?s={search_term_string}\"},\"query-input\":{\"@type\":\"PropertyValueSpecification\",\"valueRequired\":true,\"valueName\":\"search_term_string\"}}],\"inLanguage\":\"fr-FR\"}]}<\/script>","yoast_head_json":{"title":"Chocolat noir au Warana (Guarana des Terres d'Origine) - Guayapi","robots":{"index":"index","follow":"follow","max-snippet":"max-snippet:-1","max-image-preview":"max-image-preview:large","max-video-preview":"max-video-preview:-1"},"canonical":"https:\/\/www.guayapi.com\/boutique\/produit\/chocolat-noir-warana-guarana-terres-dorigine\/","og_locale":"fr_FR","og_type":"article","og_title":"Chocolat noir au Warana (Guarana des Terres d'Origine) - Guayapi","og_description":"(71\u20ac\/kg)  DDM 02\/12\/2023. Vous pouvez tout \u00e0 fait consommer un produit apr\u00e8s sa DDM : https:\/\/www.service-public.fr\/particuliers\/vosdroits\/F10990","og_url":"https:\/\/www.guayapi.com\/boutique\/produit\/chocolat-noir-warana-guarana-terres-dorigine\/","og_site_name":"Guayapi","article_modified_time":"2026-01-02T10:09:30+00:00","og_image":[{"width":356,"height":392,"url":"https:\/\/www.guayapi.com\/boutique\/wp-content\/uploads\/2017\/04\/guayachoc-detoure-e1666280919791.png","type":"image\/png"}],"twitter_card":"summary_large_image","twitter_misc":{"Dur\u00e9e de lecture estim\u00e9e":"1 minute"},"schema":{"@context":"https:\/\/schema.org","@graph":[{"@type":"WebPage","@id":"https:\/\/www.guayapi.com\/boutique\/produit\/chocolat-noir-warana-guarana-terres-dorigine\/","url":"https:\/\/www.guayapi.com\/boutique\/produit\/chocolat-noir-warana-guarana-terres-dorigine\/","name":"Chocolat noir au Warana (Guarana des Terres d'Origine) - Guayapi","isPartOf":{"@id":"https:\/\/www.guayapi.com\/boutique\/#website"},"primaryImageOfPage":{"@id":"https:\/\/www.guayapi.com\/boutique\/produit\/chocolat-noir-warana-guarana-terres-dorigine\/#primaryimage"},"image":{"@id":"https:\/\/www.guayapi.com\/boutique\/produit\/chocolat-noir-warana-guarana-terres-dorigine\/#primaryimage"},"thumbnailUrl":"https:\/\/www.guayapi.com\/boutique\/wp-content\/uploads\/2017\/04\/guayachoc-detoure-e1666280919791.png","datePublished":"2017-04-13T13:04:37+00:00","dateModified":"2026-01-02T10:09:30+00:00","breadcrumb":{"@id":"https:\/\/www.guayapi.com\/boutique\/produit\/chocolat-noir-warana-guarana-terres-dorigine\/#breadcrumb"},"inLanguage":"fr-FR","potentialAction":[{"@type":"ReadAction","target":["https:\/\/www.guayapi.com\/boutique\/produit\/chocolat-noir-warana-guarana-terres-dorigine\/"]}]},{"@type":"ImageObject","inLanguage":"fr-FR","@id":"https:\/\/www.guayapi.com\/boutique\/produit\/chocolat-noir-warana-guarana-terres-dorigine\/#primaryimage","url":"https:\/\/www.guayapi.com\/boutique\/wp-content\/uploads\/2017\/04\/guayachoc-detoure-e1666280919791.png","contentUrl":"https:\/\/www.guayapi.com\/boutique\/wp-content\/uploads\/2017\/04\/guayachoc-detoure-e1666280919791.png","width":356,"height":392},{"@type":"BreadcrumbList","@id":"https:\/\/www.guayapi.com\/boutique\/produit\/chocolat-noir-warana-guarana-terres-dorigine\/#breadcrumb","itemListElement":[{"@type":"ListItem","position":1,"name":"Accueil","item":"https:\/\/www.guayapi.com\/boutique\/"},{"@type":"ListItem","position":2,"name":"Boutique","item":"https:\/\/www.guayapi.com\/boutique\/"},{"@type":"ListItem","position":3,"name":"Chocolat noir au Warana (Guarana des Terres d&rsquo;Origine)"}]},{"@type":"WebSite","@id":"https:\/\/www.guayapi.com\/boutique\/#website","url":"https:\/\/www.guayapi.com\/boutique\/","name":"Guayapi","description":"Super-aliments \u2022 \u00c9picerie fine \u2022 Cosm\u00e9tiques","potentialAction":[{"@type":"SearchAction","target":{"@type":"EntryPoint","urlTemplate":"https:\/\/www.guayapi.com\/boutique\/?s={search_term_string}"},"query-input":{"@type":"PropertyValueSpecification","valueRequired":true,"valueName":"search_term_string"}}],"inLanguage":"fr-FR"}]}},"_links":{"self":[{"href":"https:\/\/www.guayapi.com\/boutique\/wp-json\/wp\/v2\/product\/2191","targetHints":{"allow":["GET"]}}],"collection":[{"href":"https:\/\/www.guayapi.com\/boutique\/wp-json\/wp\/v2\/product"}],"about":[{"href":"https:\/\/www.guayapi.com\/boutique\/wp-json\/wp\/v2\/types\/product"}],"wp:featuredmedia":[{"embeddable":true,"href":"https:\/\/www.guayapi.com\/boutique\/wp-json\/wp\/v2\/media\/43839"}],"wp:attachment":[{"href":"https:\/\/www.guayapi.com\/boutique\/wp-json\/wp\/v2\/media?parent=2191"}],"wp:term":[{"taxonomy":"product_brand","embeddable":true,"href":"https:\/\/www.guayapi.com\/boutique\/wp-json\/wp\/v2\/product_brand?post=2191"},{"taxonomy":"product_cat","embeddable":true,"href":"https:\/\/www.guayapi.com\/boutique\/wp-json\/wp\/v2\/product_cat?post=2191"},{"taxonomy":"product_tag","embeddable":true,"href":"https:\/\/www.guayapi.com\/boutique\/wp-json\/wp\/v2\/product_tag?post=2191"}],"curies":[{"name":"wp","href":"https:\/\/api.w.org\/{rel}","templated":true}]}}