{"id":2198,"date":"2017-04-13T16:08:03","date_gmt":"2017-04-13T14:08:03","guid":{"rendered":"https:\/\/www.guayapi.com\/boutique\/?post_type=product&#038;p=2198"},"modified":"2026-01-02T13:33:26","modified_gmt":"2026-01-02T12:33:26","slug":"noix-de-cajou-fraiches-sri-lanka","status":"publish","type":"product","link":"https:\/\/www.guayapi.com\/boutique\/produit\/noix-de-cajou-fraiches-sri-lanka\/","title":{"rendered":"Noix de Cajou Fraiches du Sri Lanka"},"content":{"rendered":"<p>Ces Noix de Cajou ne sont ni grill\u00e9es ni sal\u00e9es afin de pr\u00e9server leur go\u00fbt incomparable. D&rsquo;une taille plus grande que ses consoeurs, la Noix de Cajou Sri Lankaise d\u00e9gage une saveur authentique qui lui est propre.<\/p>\n<p>INFORMATIONS NUTRITIONNELLES POUR 100 GRAMMES:<\/p>\n<p>Valeur \u00e9nerg\u00e9tique:<br \/>\nKcal 785;<br \/>\nKJ 3285<\/p>\n<p>Lipides: 64 g;<br \/>\nDont acides gras satur\u00e9s: 12,9 g<\/p>\n<p>Glucides: 41 g;<br \/>\nDont sucres: 1,23 g<\/p>\n<p>Prot\u00e9ines: 24 g<\/p>\n<p>Sel: 0,02 g<\/p>\n","protected":false},"excerpt":{"rendered":"<p>Ces Noix de Cajou ne sont ni grill\u00e9es ni sal\u00e9es afin de pr\u00e9server leur go\u00fbt incomparable. D&rsquo;une taille plus grande que ses consoeurs, la Noix de Cajou Sri Lankaise d\u00e9gage une saveur authentique qui lui est propre.<\/p>\n<p>(176\u20ac\/kg)<\/p>\n","protected":false},"featured_media":2891,"template":"","meta":{"_acf_changed":false},"product_brand":[],"product_cat":[9],"product_tag":[],"class_list":{"0":"post-2198","1":"product","2":"type-product","3":"status-publish","4":"has-post-thumbnail","6":"product_cat-epicerie-fine","8":"first","9":"outofstock","10":"taxable","11":"shipping-taxable","12":"purchasable","13":"product-type-simple"},"acf":[],"yoast_head":"<title>Noix de Cajou Fraiches du Sri Lanka - Guayapi<\/title>\n<meta name=\"robots\" content=\"index, follow, max-snippet:-1, max-image-preview:large, max-video-preview:-1\" \/>\n<link rel=\"canonical\" href=\"https:\/\/www.guayapi.com\/boutique\/produit\/noix-de-cajou-fraiches-sri-lanka\/\" \/>\n<meta property=\"og:locale\" content=\"fr_FR\" \/>\n<meta property=\"og:type\" content=\"article\" \/>\n<meta property=\"og:title\" content=\"Noix de Cajou Fraiches du Sri Lanka - Guayapi\" \/>\n<meta property=\"og:description\" content=\"Ces Noix de Cajou ne sont ni grill\u00e9es ni sal\u00e9es afin de pr\u00e9server leur go\u00fbt incomparable. D&#039;une taille plus grande que ses consoeurs, la Noix de Cajou Sri Lankaise d\u00e9gage une saveur authentique qui lui est propre.  (176\u20ac\/kg)\" \/>\n<meta property=\"og:url\" content=\"https:\/\/www.guayapi.com\/boutique\/produit\/noix-de-cajou-fraiches-sri-lanka\/\" \/>\n<meta property=\"og:site_name\" content=\"Guayapi\" \/>\n<meta property=\"article:modified_time\" content=\"2026-01-02T12:33:26+00:00\" \/>\n<meta property=\"og:image\" content=\"https:\/\/www.guayapi.com\/boutique\/wp-content\/uploads\/2017\/04\/noix-de-cajou-e1666339015524.png\" \/>\n\t<meta property=\"og:image:width\" content=\"696\" \/>\n\t<meta property=\"og:image:height\" content=\"1032\" \/>\n\t<meta property=\"og:image:type\" content=\"image\/png\" \/>\n<meta name=\"twitter:card\" content=\"summary_large_image\" \/>\n<meta name=\"twitter:label1\" content=\"Dur\u00e9e de lecture estim\u00e9e\" \/>\n\t<meta name=\"twitter:data1\" content=\"1 minute\" \/>\n<script type=\"application\/ld+json\" class=\"yoast-schema-graph\">{\"@context\":\"https:\\\/\\\/schema.org\",\"@graph\":[{\"@type\":\"WebPage\",\"@id\":\"https:\\\/\\\/www.guayapi.com\\\/boutique\\\/produit\\\/noix-de-cajou-fraiches-sri-lanka\\\/\",\"url\":\"https:\\\/\\\/www.guayapi.com\\\/boutique\\\/produit\\\/noix-de-cajou-fraiches-sri-lanka\\\/\",\"name\":\"Noix de Cajou Fraiches du Sri Lanka - Guayapi\",\"isPartOf\":{\"@id\":\"https:\\\/\\\/www.guayapi.com\\\/boutique\\\/#website\"},\"primaryImageOfPage\":{\"@id\":\"https:\\\/\\\/www.guayapi.com\\\/boutique\\\/produit\\\/noix-de-cajou-fraiches-sri-lanka\\\/#primaryimage\"},\"image\":{\"@id\":\"https:\\\/\\\/www.guayapi.com\\\/boutique\\\/produit\\\/noix-de-cajou-fraiches-sri-lanka\\\/#primaryimage\"},\"thumbnailUrl\":\"https:\\\/\\\/www.guayapi.com\\\/boutique\\\/wp-content\\\/uploads\\\/2017\\\/04\\\/noix-de-cajou-e1666339015524.png\",\"datePublished\":\"2017-04-13T14:08:03+00:00\",\"dateModified\":\"2026-01-02T12:33:26+00:00\",\"breadcrumb\":{\"@id\":\"https:\\\/\\\/www.guayapi.com\\\/boutique\\\/produit\\\/noix-de-cajou-fraiches-sri-lanka\\\/#breadcrumb\"},\"inLanguage\":\"fr-FR\",\"potentialAction\":[{\"@type\":\"ReadAction\",\"target\":[\"https:\\\/\\\/www.guayapi.com\\\/boutique\\\/produit\\\/noix-de-cajou-fraiches-sri-lanka\\\/\"]}]},{\"@type\":\"ImageObject\",\"inLanguage\":\"fr-FR\",\"@id\":\"https:\\\/\\\/www.guayapi.com\\\/boutique\\\/produit\\\/noix-de-cajou-fraiches-sri-lanka\\\/#primaryimage\",\"url\":\"https:\\\/\\\/www.guayapi.com\\\/boutique\\\/wp-content\\\/uploads\\\/2017\\\/04\\\/noix-de-cajou-e1666339015524.png\",\"contentUrl\":\"https:\\\/\\\/www.guayapi.com\\\/boutique\\\/wp-content\\\/uploads\\\/2017\\\/04\\\/noix-de-cajou-e1666339015524.png\",\"width\":696,\"height\":1032},{\"@type\":\"BreadcrumbList\",\"@id\":\"https:\\\/\\\/www.guayapi.com\\\/boutique\\\/produit\\\/noix-de-cajou-fraiches-sri-lanka\\\/#breadcrumb\",\"itemListElement\":[{\"@type\":\"ListItem\",\"position\":1,\"name\":\"Accueil\",\"item\":\"https:\\\/\\\/www.guayapi.com\\\/boutique\\\/\"},{\"@type\":\"ListItem\",\"position\":2,\"name\":\"Boutique\",\"item\":\"https:\\\/\\\/www.guayapi.com\\\/boutique\\\/\"},{\"@type\":\"ListItem\",\"position\":3,\"name\":\"Noix de Cajou Fraiches du Sri Lanka\"}]},{\"@type\":\"WebSite\",\"@id\":\"https:\\\/\\\/www.guayapi.com\\\/boutique\\\/#website\",\"url\":\"https:\\\/\\\/www.guayapi.com\\\/boutique\\\/\",\"name\":\"Guayapi\",\"description\":\"Super-aliments \u2022 \u00c9picerie fine \u2022 Cosm\u00e9tiques\",\"potentialAction\":[{\"@type\":\"SearchAction\",\"target\":{\"@type\":\"EntryPoint\",\"urlTemplate\":\"https:\\\/\\\/www.guayapi.com\\\/boutique\\\/?s={search_term_string}\"},\"query-input\":{\"@type\":\"PropertyValueSpecification\",\"valueRequired\":true,\"valueName\":\"search_term_string\"}}],\"inLanguage\":\"fr-FR\"}]}<\/script>","yoast_head_json":{"title":"Noix de Cajou Fraiches du Sri Lanka - Guayapi","robots":{"index":"index","follow":"follow","max-snippet":"max-snippet:-1","max-image-preview":"max-image-preview:large","max-video-preview":"max-video-preview:-1"},"canonical":"https:\/\/www.guayapi.com\/boutique\/produit\/noix-de-cajou-fraiches-sri-lanka\/","og_locale":"fr_FR","og_type":"article","og_title":"Noix de Cajou Fraiches du Sri Lanka - Guayapi","og_description":"Ces Noix de Cajou ne sont ni grill\u00e9es ni sal\u00e9es afin de pr\u00e9server leur go\u00fbt incomparable. D'une taille plus grande que ses consoeurs, la Noix de Cajou Sri Lankaise d\u00e9gage une saveur authentique qui lui est propre.  (176\u20ac\/kg)","og_url":"https:\/\/www.guayapi.com\/boutique\/produit\/noix-de-cajou-fraiches-sri-lanka\/","og_site_name":"Guayapi","article_modified_time":"2026-01-02T12:33:26+00:00","og_image":[{"width":696,"height":1032,"url":"https:\/\/www.guayapi.com\/boutique\/wp-content\/uploads\/2017\/04\/noix-de-cajou-e1666339015524.png","type":"image\/png"}],"twitter_card":"summary_large_image","twitter_misc":{"Dur\u00e9e de lecture estim\u00e9e":"1 minute"},"schema":{"@context":"https:\/\/schema.org","@graph":[{"@type":"WebPage","@id":"https:\/\/www.guayapi.com\/boutique\/produit\/noix-de-cajou-fraiches-sri-lanka\/","url":"https:\/\/www.guayapi.com\/boutique\/produit\/noix-de-cajou-fraiches-sri-lanka\/","name":"Noix de Cajou Fraiches du Sri Lanka - Guayapi","isPartOf":{"@id":"https:\/\/www.guayapi.com\/boutique\/#website"},"primaryImageOfPage":{"@id":"https:\/\/www.guayapi.com\/boutique\/produit\/noix-de-cajou-fraiches-sri-lanka\/#primaryimage"},"image":{"@id":"https:\/\/www.guayapi.com\/boutique\/produit\/noix-de-cajou-fraiches-sri-lanka\/#primaryimage"},"thumbnailUrl":"https:\/\/www.guayapi.com\/boutique\/wp-content\/uploads\/2017\/04\/noix-de-cajou-e1666339015524.png","datePublished":"2017-04-13T14:08:03+00:00","dateModified":"2026-01-02T12:33:26+00:00","breadcrumb":{"@id":"https:\/\/www.guayapi.com\/boutique\/produit\/noix-de-cajou-fraiches-sri-lanka\/#breadcrumb"},"inLanguage":"fr-FR","potentialAction":[{"@type":"ReadAction","target":["https:\/\/www.guayapi.com\/boutique\/produit\/noix-de-cajou-fraiches-sri-lanka\/"]}]},{"@type":"ImageObject","inLanguage":"fr-FR","@id":"https:\/\/www.guayapi.com\/boutique\/produit\/noix-de-cajou-fraiches-sri-lanka\/#primaryimage","url":"https:\/\/www.guayapi.com\/boutique\/wp-content\/uploads\/2017\/04\/noix-de-cajou-e1666339015524.png","contentUrl":"https:\/\/www.guayapi.com\/boutique\/wp-content\/uploads\/2017\/04\/noix-de-cajou-e1666339015524.png","width":696,"height":1032},{"@type":"BreadcrumbList","@id":"https:\/\/www.guayapi.com\/boutique\/produit\/noix-de-cajou-fraiches-sri-lanka\/#breadcrumb","itemListElement":[{"@type":"ListItem","position":1,"name":"Accueil","item":"https:\/\/www.guayapi.com\/boutique\/"},{"@type":"ListItem","position":2,"name":"Boutique","item":"https:\/\/www.guayapi.com\/boutique\/"},{"@type":"ListItem","position":3,"name":"Noix de Cajou Fraiches du Sri Lanka"}]},{"@type":"WebSite","@id":"https:\/\/www.guayapi.com\/boutique\/#website","url":"https:\/\/www.guayapi.com\/boutique\/","name":"Guayapi","description":"Super-aliments \u2022 \u00c9picerie fine \u2022 Cosm\u00e9tiques","potentialAction":[{"@type":"SearchAction","target":{"@type":"EntryPoint","urlTemplate":"https:\/\/www.guayapi.com\/boutique\/?s={search_term_string}"},"query-input":{"@type":"PropertyValueSpecification","valueRequired":true,"valueName":"search_term_string"}}],"inLanguage":"fr-FR"}]}},"_links":{"self":[{"href":"https:\/\/www.guayapi.com\/boutique\/wp-json\/wp\/v2\/product\/2198","targetHints":{"allow":["GET"]}}],"collection":[{"href":"https:\/\/www.guayapi.com\/boutique\/wp-json\/wp\/v2\/product"}],"about":[{"href":"https:\/\/www.guayapi.com\/boutique\/wp-json\/wp\/v2\/types\/product"}],"wp:featuredmedia":[{"embeddable":true,"href":"https:\/\/www.guayapi.com\/boutique\/wp-json\/wp\/v2\/media\/2891"}],"wp:attachment":[{"href":"https:\/\/www.guayapi.com\/boutique\/wp-json\/wp\/v2\/media?parent=2198"}],"wp:term":[{"taxonomy":"product_brand","embeddable":true,"href":"https:\/\/www.guayapi.com\/boutique\/wp-json\/wp\/v2\/product_brand?post=2198"},{"taxonomy":"product_cat","embeddable":true,"href":"https:\/\/www.guayapi.com\/boutique\/wp-json\/wp\/v2\/product_cat?post=2198"},{"taxonomy":"product_tag","embeddable":true,"href":"https:\/\/www.guayapi.com\/boutique\/wp-json\/wp\/v2\/product_tag?post=2198"}],"curies":[{"name":"wp","href":"https:\/\/api.w.org\/{rel}","templated":true}]}}