{"id":2203,"date":"2017-04-13T16:45:44","date_gmt":"2017-04-13T14:45:44","guid":{"rendered":"https:\/\/www.guayapi.com\/boutique\/?post_type=product&#038;p=2203"},"modified":"2025-01-02T15:27:10","modified_gmt":"2025-01-02T14:27:10","slug":"cafe-sauvage-de-maussawa","status":"publish","type":"product","link":"https:\/\/www.guayapi.com\/boutique\/produit\/cafe-sauvage-de-maussawa\/","title":{"rendered":"Caf\u00e9 Sauvage de Maussawa"},"content":{"rendered":"<p>Caf\u00e9 Noir Moulu &#8211; M\u00e9lange d\u2019Arabica et de Robusta.<\/p>\n<p>Ce caf\u00e9 sauvage et authentique est consid\u00e9r\u00e9 comme l\u2019un des meilleurs au monde, issu du jardin biodiversifi\u00e9 de Maussawa dans la r\u00e9gion montagneuse de Kotmale au Sri Lanka.<br \/>\nFormat : sachet de 250g.<\/p>\n","protected":false},"excerpt":{"rendered":"<p>Caf\u00e9 Noir Moulu &#8211; M\u00e9lange d\u2019Arabica et de Robusta. Ce caf\u00e9 sauvage et authentique est consid\u00e9r\u00e9 comme l\u2019un des meilleurs au monde, issu du jardin biodiversifi\u00e9 de Maussawa dans la r\u00e9gion montagneuse de Kotmale au Sri Lanka.<br \/>\nFormat : sachet de 250g.<\/p>\n<p>(52.00\u20ac \/kg)<\/p>\n","protected":false},"featured_media":11468,"template":"","meta":{"_acf_changed":false},"product_brand":[],"product_cat":[9],"product_tag":[47],"class_list":{"0":"post-2203","1":"product","2":"type-product","3":"status-publish","4":"has-post-thumbnail","6":"product_cat-epicerie-fine","7":"product_tag-tonus-energie","9":"first","10":"outofstock","11":"taxable","12":"shipping-taxable","13":"purchasable","14":"product-type-simple"},"acf":[],"yoast_head":"<title>Caf\u00e9 Sauvage de Maussawa - Guayapi<\/title>\n<meta name=\"robots\" content=\"index, follow, max-snippet:-1, max-image-preview:large, max-video-preview:-1\" \/>\n<link rel=\"canonical\" href=\"https:\/\/www.guayapi.com\/boutique\/produit\/cafe-sauvage-de-maussawa\/\" \/>\n<meta property=\"og:locale\" content=\"fr_FR\" \/>\n<meta property=\"og:type\" content=\"article\" \/>\n<meta property=\"og:title\" content=\"Caf\u00e9 Sauvage de Maussawa - Guayapi\" \/>\n<meta property=\"og:description\" content=\"Caf\u00e9 Noir Moulu - M\u00e9lange d\u2019Arabica et de Robusta. Ce caf\u00e9 sauvage et authentique est consid\u00e9r\u00e9 comme l\u2019un des meilleurs au monde, issu du jardin biodiversifi\u00e9 de Maussawa dans la r\u00e9gion montagneuse de Kotmale au Sri Lanka. Format : sachet de 250g.  (52.00\u20ac \/kg)\" \/>\n<meta property=\"og:url\" content=\"https:\/\/www.guayapi.com\/boutique\/produit\/cafe-sauvage-de-maussawa\/\" \/>\n<meta property=\"og:site_name\" content=\"Guayapi\" \/>\n<meta property=\"article:modified_time\" content=\"2025-01-02T14:27:10+00:00\" \/>\n<meta property=\"og:image\" content=\"https:\/\/www.guayapi.com\/boutique\/wp-content\/uploads\/2017\/04\/12-removebg-preview.png\" \/>\n\t<meta property=\"og:image:width\" content=\"433\" \/>\n\t<meta property=\"og:image:height\" content=\"577\" \/>\n\t<meta property=\"og:image:type\" content=\"image\/png\" \/>\n<meta name=\"twitter:card\" content=\"summary_large_image\" \/>\n<meta name=\"twitter:label1\" content=\"Dur\u00e9e de lecture estim\u00e9e\" \/>\n\t<meta name=\"twitter:data1\" content=\"1 minute\" \/>\n<script type=\"application\/ld+json\" class=\"yoast-schema-graph\">{\"@context\":\"https:\\\/\\\/schema.org\",\"@graph\":[{\"@type\":\"WebPage\",\"@id\":\"https:\\\/\\\/www.guayapi.com\\\/boutique\\\/produit\\\/cafe-sauvage-de-maussawa\\\/\",\"url\":\"https:\\\/\\\/www.guayapi.com\\\/boutique\\\/produit\\\/cafe-sauvage-de-maussawa\\\/\",\"name\":\"Caf\u00e9 Sauvage de Maussawa - Guayapi\",\"isPartOf\":{\"@id\":\"https:\\\/\\\/www.guayapi.com\\\/boutique\\\/#website\"},\"primaryImageOfPage\":{\"@id\":\"https:\\\/\\\/www.guayapi.com\\\/boutique\\\/produit\\\/cafe-sauvage-de-maussawa\\\/#primaryimage\"},\"image\":{\"@id\":\"https:\\\/\\\/www.guayapi.com\\\/boutique\\\/produit\\\/cafe-sauvage-de-maussawa\\\/#primaryimage\"},\"thumbnailUrl\":\"https:\\\/\\\/www.guayapi.com\\\/boutique\\\/wp-content\\\/uploads\\\/2017\\\/04\\\/12-removebg-preview.png\",\"datePublished\":\"2017-04-13T14:45:44+00:00\",\"dateModified\":\"2025-01-02T14:27:10+00:00\",\"breadcrumb\":{\"@id\":\"https:\\\/\\\/www.guayapi.com\\\/boutique\\\/produit\\\/cafe-sauvage-de-maussawa\\\/#breadcrumb\"},\"inLanguage\":\"fr-FR\",\"potentialAction\":[{\"@type\":\"ReadAction\",\"target\":[\"https:\\\/\\\/www.guayapi.com\\\/boutique\\\/produit\\\/cafe-sauvage-de-maussawa\\\/\"]}]},{\"@type\":\"ImageObject\",\"inLanguage\":\"fr-FR\",\"@id\":\"https:\\\/\\\/www.guayapi.com\\\/boutique\\\/produit\\\/cafe-sauvage-de-maussawa\\\/#primaryimage\",\"url\":\"https:\\\/\\\/www.guayapi.com\\\/boutique\\\/wp-content\\\/uploads\\\/2017\\\/04\\\/12-removebg-preview.png\",\"contentUrl\":\"https:\\\/\\\/www.guayapi.com\\\/boutique\\\/wp-content\\\/uploads\\\/2017\\\/04\\\/12-removebg-preview.png\",\"width\":433,\"height\":577},{\"@type\":\"BreadcrumbList\",\"@id\":\"https:\\\/\\\/www.guayapi.com\\\/boutique\\\/produit\\\/cafe-sauvage-de-maussawa\\\/#breadcrumb\",\"itemListElement\":[{\"@type\":\"ListItem\",\"position\":1,\"name\":\"Accueil\",\"item\":\"https:\\\/\\\/www.guayapi.com\\\/boutique\\\/\"},{\"@type\":\"ListItem\",\"position\":2,\"name\":\"Boutique\",\"item\":\"https:\\\/\\\/www.guayapi.com\\\/boutique\\\/\"},{\"@type\":\"ListItem\",\"position\":3,\"name\":\"Caf\u00e9 Sauvage de Maussawa\"}]},{\"@type\":\"WebSite\",\"@id\":\"https:\\\/\\\/www.guayapi.com\\\/boutique\\\/#website\",\"url\":\"https:\\\/\\\/www.guayapi.com\\\/boutique\\\/\",\"name\":\"Guayapi\",\"description\":\"Super-aliments \u2022 \u00c9picerie fine \u2022 Cosm\u00e9tiques\",\"potentialAction\":[{\"@type\":\"SearchAction\",\"target\":{\"@type\":\"EntryPoint\",\"urlTemplate\":\"https:\\\/\\\/www.guayapi.com\\\/boutique\\\/?s={search_term_string}\"},\"query-input\":{\"@type\":\"PropertyValueSpecification\",\"valueRequired\":true,\"valueName\":\"search_term_string\"}}],\"inLanguage\":\"fr-FR\"}]}<\/script>","yoast_head_json":{"title":"Caf\u00e9 Sauvage de Maussawa - Guayapi","robots":{"index":"index","follow":"follow","max-snippet":"max-snippet:-1","max-image-preview":"max-image-preview:large","max-video-preview":"max-video-preview:-1"},"canonical":"https:\/\/www.guayapi.com\/boutique\/produit\/cafe-sauvage-de-maussawa\/","og_locale":"fr_FR","og_type":"article","og_title":"Caf\u00e9 Sauvage de Maussawa - Guayapi","og_description":"Caf\u00e9 Noir Moulu - M\u00e9lange d\u2019Arabica et de Robusta. Ce caf\u00e9 sauvage et authentique est consid\u00e9r\u00e9 comme l\u2019un des meilleurs au monde, issu du jardin biodiversifi\u00e9 de Maussawa dans la r\u00e9gion montagneuse de Kotmale au Sri Lanka. Format : sachet de 250g.  (52.00\u20ac \/kg)","og_url":"https:\/\/www.guayapi.com\/boutique\/produit\/cafe-sauvage-de-maussawa\/","og_site_name":"Guayapi","article_modified_time":"2025-01-02T14:27:10+00:00","og_image":[{"width":433,"height":577,"url":"https:\/\/www.guayapi.com\/boutique\/wp-content\/uploads\/2017\/04\/12-removebg-preview.png","type":"image\/png"}],"twitter_card":"summary_large_image","twitter_misc":{"Dur\u00e9e de lecture estim\u00e9e":"1 minute"},"schema":{"@context":"https:\/\/schema.org","@graph":[{"@type":"WebPage","@id":"https:\/\/www.guayapi.com\/boutique\/produit\/cafe-sauvage-de-maussawa\/","url":"https:\/\/www.guayapi.com\/boutique\/produit\/cafe-sauvage-de-maussawa\/","name":"Caf\u00e9 Sauvage de Maussawa - Guayapi","isPartOf":{"@id":"https:\/\/www.guayapi.com\/boutique\/#website"},"primaryImageOfPage":{"@id":"https:\/\/www.guayapi.com\/boutique\/produit\/cafe-sauvage-de-maussawa\/#primaryimage"},"image":{"@id":"https:\/\/www.guayapi.com\/boutique\/produit\/cafe-sauvage-de-maussawa\/#primaryimage"},"thumbnailUrl":"https:\/\/www.guayapi.com\/boutique\/wp-content\/uploads\/2017\/04\/12-removebg-preview.png","datePublished":"2017-04-13T14:45:44+00:00","dateModified":"2025-01-02T14:27:10+00:00","breadcrumb":{"@id":"https:\/\/www.guayapi.com\/boutique\/produit\/cafe-sauvage-de-maussawa\/#breadcrumb"},"inLanguage":"fr-FR","potentialAction":[{"@type":"ReadAction","target":["https:\/\/www.guayapi.com\/boutique\/produit\/cafe-sauvage-de-maussawa\/"]}]},{"@type":"ImageObject","inLanguage":"fr-FR","@id":"https:\/\/www.guayapi.com\/boutique\/produit\/cafe-sauvage-de-maussawa\/#primaryimage","url":"https:\/\/www.guayapi.com\/boutique\/wp-content\/uploads\/2017\/04\/12-removebg-preview.png","contentUrl":"https:\/\/www.guayapi.com\/boutique\/wp-content\/uploads\/2017\/04\/12-removebg-preview.png","width":433,"height":577},{"@type":"BreadcrumbList","@id":"https:\/\/www.guayapi.com\/boutique\/produit\/cafe-sauvage-de-maussawa\/#breadcrumb","itemListElement":[{"@type":"ListItem","position":1,"name":"Accueil","item":"https:\/\/www.guayapi.com\/boutique\/"},{"@type":"ListItem","position":2,"name":"Boutique","item":"https:\/\/www.guayapi.com\/boutique\/"},{"@type":"ListItem","position":3,"name":"Caf\u00e9 Sauvage de Maussawa"}]},{"@type":"WebSite","@id":"https:\/\/www.guayapi.com\/boutique\/#website","url":"https:\/\/www.guayapi.com\/boutique\/","name":"Guayapi","description":"Super-aliments \u2022 \u00c9picerie fine \u2022 Cosm\u00e9tiques","potentialAction":[{"@type":"SearchAction","target":{"@type":"EntryPoint","urlTemplate":"https:\/\/www.guayapi.com\/boutique\/?s={search_term_string}"},"query-input":{"@type":"PropertyValueSpecification","valueRequired":true,"valueName":"search_term_string"}}],"inLanguage":"fr-FR"}]}},"_links":{"self":[{"href":"https:\/\/www.guayapi.com\/boutique\/wp-json\/wp\/v2\/product\/2203","targetHints":{"allow":["GET"]}}],"collection":[{"href":"https:\/\/www.guayapi.com\/boutique\/wp-json\/wp\/v2\/product"}],"about":[{"href":"https:\/\/www.guayapi.com\/boutique\/wp-json\/wp\/v2\/types\/product"}],"wp:featuredmedia":[{"embeddable":true,"href":"https:\/\/www.guayapi.com\/boutique\/wp-json\/wp\/v2\/media\/11468"}],"wp:attachment":[{"href":"https:\/\/www.guayapi.com\/boutique\/wp-json\/wp\/v2\/media?parent=2203"}],"wp:term":[{"taxonomy":"product_brand","embeddable":true,"href":"https:\/\/www.guayapi.com\/boutique\/wp-json\/wp\/v2\/product_brand?post=2203"},{"taxonomy":"product_cat","embeddable":true,"href":"https:\/\/www.guayapi.com\/boutique\/wp-json\/wp\/v2\/product_cat?post=2203"},{"taxonomy":"product_tag","embeddable":true,"href":"https:\/\/www.guayapi.com\/boutique\/wp-json\/wp\/v2\/product_tag?post=2203"}],"curies":[{"name":"wp","href":"https:\/\/api.w.org\/{rel}","templated":true}]}}