{"id":2207,"date":"2017-04-13T17:11:33","date_gmt":"2017-04-13T15:11:33","guid":{"rendered":"https:\/\/www.guayapi.com\/boutique\/?post_type=product&#038;p=2207"},"modified":"2026-01-02T14:05:47","modified_gmt":"2026-01-02T13:05:47","slug":"the-vert-bio-sri-lanka","status":"publish","type":"product","link":"https:\/\/www.guayapi.com\/boutique\/produit\/the-vert-bio-sri-lanka\/","title":{"rendered":"Th\u00e9 Vert Bio du Sri Lanka"},"content":{"rendered":"<p>\u00ab Le th\u00e9 raffin\u00e9 haut de gamme. \u00bb<br \/>\nAvec sa l\u00e9g\u00e8re pointe d\u2019amertume et sa couleur claire, ce th\u00e9 de qualit\u00e9 est d\u2019une subtilit\u00e9 rare.<br \/>\nOrigine : issu de cueillette sauvage des petits jardins forestiers du Sri Lanka.<br \/>\nConseils d\u2019utilisation : \u00e0 d\u00e9guster avec un peu de S\u00e8ve de Kitul ou de St\u00e9via pour l\u2019\u00e9dulcorer naturellement.<\/p>\n","protected":false},"excerpt":{"rendered":"<p>\u00ab Le th\u00e9 raffin\u00e9 haut de gamme. \u00bb<br \/>\nAvec sa l\u00e9g\u00e8re pointe d\u2019amertume et sa couleur claire, ce th\u00e9 de qualit\u00e9 est d\u2019une subtilit\u00e9 rare.<br \/>\nOrigine : issu de cueillette sauvage des petits jardins forestiers du Sri Lanka.<br \/>\nConseils d\u2019utilisation : \u00e0 d\u00e9guster avec un peu de S\u00e8ve de Kitul ou de St\u00e9via pour l\u2019\u00e9dulcorer naturellement.<\/p>\n<p>(240\u20ac\/kg)<\/p>\n","protected":false},"featured_media":50431,"template":"","meta":{"_acf_changed":false},"product_brand":[],"product_cat":[9],"product_tag":[501],"class_list":{"0":"post-2207","1":"product","2":"type-product","3":"status-publish","4":"has-post-thumbnail","6":"product_cat-epicerie-fine","7":"product_tag-the-en-fr","9":"first","10":"instock","11":"taxable","12":"shipping-taxable","13":"purchasable","14":"product-type-simple"},"acf":[],"yoast_head":"<title>Th\u00e9 Vert Bio du Sri Lanka - Guayapi<\/title>\n<meta name=\"robots\" content=\"index, follow, max-snippet:-1, max-image-preview:large, max-video-preview:-1\" \/>\n<link rel=\"canonical\" href=\"https:\/\/www.guayapi.com\/boutique\/produit\/the-vert-bio-sri-lanka\/\" \/>\n<meta property=\"og:locale\" content=\"fr_FR\" \/>\n<meta property=\"og:type\" content=\"article\" \/>\n<meta property=\"og:title\" content=\"Th\u00e9 Vert Bio du Sri Lanka - Guayapi\" \/>\n<meta property=\"og:description\" content=\"\u00ab Le th\u00e9 raffin\u00e9 haut de gamme. \u00bb Avec sa l\u00e9g\u00e8re pointe d\u2019amertume et sa couleur claire, ce th\u00e9 de qualit\u00e9 est d\u2019une subtilit\u00e9 rare. Origine : issu de cueillette sauvage des petits jardins forestiers du Sri Lanka. Conseils d\u2019utilisation : \u00e0 d\u00e9guster avec un peu de S\u00e8ve de Kitul ou de St\u00e9via pour l\u2019\u00e9dulcorer naturellement.  (240\u20ac\/kg)\" \/>\n<meta property=\"og:url\" content=\"https:\/\/www.guayapi.com\/boutique\/produit\/the-vert-bio-sri-lanka\/\" \/>\n<meta property=\"og:site_name\" content=\"Guayapi\" \/>\n<meta property=\"article:modified_time\" content=\"2026-01-02T13:05:47+00:00\" \/>\n<meta property=\"og:image\" content=\"https:\/\/www.guayapi.com\/boutique\/wp-content\/uploads\/2017\/04\/whatsapp-image-2025-09-24-at-125400-removebg-preview.png\" \/>\n\t<meta property=\"og:image:width\" content=\"362\" \/>\n\t<meta property=\"og:image:height\" content=\"689\" \/>\n\t<meta property=\"og:image:type\" content=\"image\/png\" \/>\n<meta name=\"twitter:card\" content=\"summary_large_image\" \/>\n<meta name=\"twitter:label1\" content=\"Dur\u00e9e de lecture estim\u00e9e\" \/>\n\t<meta name=\"twitter:data1\" content=\"1 minute\" \/>\n<script type=\"application\/ld+json\" class=\"yoast-schema-graph\">{\"@context\":\"https:\\\/\\\/schema.org\",\"@graph\":[{\"@type\":\"WebPage\",\"@id\":\"https:\\\/\\\/www.guayapi.com\\\/boutique\\\/produit\\\/the-vert-bio-sri-lanka\\\/\",\"url\":\"https:\\\/\\\/www.guayapi.com\\\/boutique\\\/produit\\\/the-vert-bio-sri-lanka\\\/\",\"name\":\"Th\u00e9 Vert Bio du Sri Lanka - Guayapi\",\"isPartOf\":{\"@id\":\"https:\\\/\\\/www.guayapi.com\\\/boutique\\\/#website\"},\"primaryImageOfPage\":{\"@id\":\"https:\\\/\\\/www.guayapi.com\\\/boutique\\\/produit\\\/the-vert-bio-sri-lanka\\\/#primaryimage\"},\"image\":{\"@id\":\"https:\\\/\\\/www.guayapi.com\\\/boutique\\\/produit\\\/the-vert-bio-sri-lanka\\\/#primaryimage\"},\"thumbnailUrl\":\"https:\\\/\\\/www.guayapi.com\\\/boutique\\\/wp-content\\\/uploads\\\/2017\\\/04\\\/whatsapp-image-2025-09-24-at-125400-removebg-preview.png\",\"datePublished\":\"2017-04-13T15:11:33+00:00\",\"dateModified\":\"2026-01-02T13:05:47+00:00\",\"breadcrumb\":{\"@id\":\"https:\\\/\\\/www.guayapi.com\\\/boutique\\\/produit\\\/the-vert-bio-sri-lanka\\\/#breadcrumb\"},\"inLanguage\":\"fr-FR\",\"potentialAction\":[{\"@type\":\"ReadAction\",\"target\":[\"https:\\\/\\\/www.guayapi.com\\\/boutique\\\/produit\\\/the-vert-bio-sri-lanka\\\/\"]}]},{\"@type\":\"ImageObject\",\"inLanguage\":\"fr-FR\",\"@id\":\"https:\\\/\\\/www.guayapi.com\\\/boutique\\\/produit\\\/the-vert-bio-sri-lanka\\\/#primaryimage\",\"url\":\"https:\\\/\\\/www.guayapi.com\\\/boutique\\\/wp-content\\\/uploads\\\/2017\\\/04\\\/whatsapp-image-2025-09-24-at-125400-removebg-preview.png\",\"contentUrl\":\"https:\\\/\\\/www.guayapi.com\\\/boutique\\\/wp-content\\\/uploads\\\/2017\\\/04\\\/whatsapp-image-2025-09-24-at-125400-removebg-preview.png\",\"width\":362,\"height\":689},{\"@type\":\"BreadcrumbList\",\"@id\":\"https:\\\/\\\/www.guayapi.com\\\/boutique\\\/produit\\\/the-vert-bio-sri-lanka\\\/#breadcrumb\",\"itemListElement\":[{\"@type\":\"ListItem\",\"position\":1,\"name\":\"Accueil\",\"item\":\"https:\\\/\\\/www.guayapi.com\\\/boutique\\\/\"},{\"@type\":\"ListItem\",\"position\":2,\"name\":\"Boutique\",\"item\":\"https:\\\/\\\/www.guayapi.com\\\/boutique\\\/\"},{\"@type\":\"ListItem\",\"position\":3,\"name\":\"Th\u00e9 Vert Bio du Sri Lanka\"}]},{\"@type\":\"WebSite\",\"@id\":\"https:\\\/\\\/www.guayapi.com\\\/boutique\\\/#website\",\"url\":\"https:\\\/\\\/www.guayapi.com\\\/boutique\\\/\",\"name\":\"Guayapi\",\"description\":\"Super-aliments \u2022 \u00c9picerie fine \u2022 Cosm\u00e9tiques\",\"potentialAction\":[{\"@type\":\"SearchAction\",\"target\":{\"@type\":\"EntryPoint\",\"urlTemplate\":\"https:\\\/\\\/www.guayapi.com\\\/boutique\\\/?s={search_term_string}\"},\"query-input\":{\"@type\":\"PropertyValueSpecification\",\"valueRequired\":true,\"valueName\":\"search_term_string\"}}],\"inLanguage\":\"fr-FR\"}]}<\/script>","yoast_head_json":{"title":"Th\u00e9 Vert Bio du Sri Lanka - Guayapi","robots":{"index":"index","follow":"follow","max-snippet":"max-snippet:-1","max-image-preview":"max-image-preview:large","max-video-preview":"max-video-preview:-1"},"canonical":"https:\/\/www.guayapi.com\/boutique\/produit\/the-vert-bio-sri-lanka\/","og_locale":"fr_FR","og_type":"article","og_title":"Th\u00e9 Vert Bio du Sri Lanka - Guayapi","og_description":"\u00ab Le th\u00e9 raffin\u00e9 haut de gamme. \u00bb Avec sa l\u00e9g\u00e8re pointe d\u2019amertume et sa couleur claire, ce th\u00e9 de qualit\u00e9 est d\u2019une subtilit\u00e9 rare. Origine : issu de cueillette sauvage des petits jardins forestiers du Sri Lanka. Conseils d\u2019utilisation : \u00e0 d\u00e9guster avec un peu de S\u00e8ve de Kitul ou de St\u00e9via pour l\u2019\u00e9dulcorer naturellement.  (240\u20ac\/kg)","og_url":"https:\/\/www.guayapi.com\/boutique\/produit\/the-vert-bio-sri-lanka\/","og_site_name":"Guayapi","article_modified_time":"2026-01-02T13:05:47+00:00","og_image":[{"width":362,"height":689,"url":"https:\/\/www.guayapi.com\/boutique\/wp-content\/uploads\/2017\/04\/whatsapp-image-2025-09-24-at-125400-removebg-preview.png","type":"image\/png"}],"twitter_card":"summary_large_image","twitter_misc":{"Dur\u00e9e de lecture estim\u00e9e":"1 minute"},"schema":{"@context":"https:\/\/schema.org","@graph":[{"@type":"WebPage","@id":"https:\/\/www.guayapi.com\/boutique\/produit\/the-vert-bio-sri-lanka\/","url":"https:\/\/www.guayapi.com\/boutique\/produit\/the-vert-bio-sri-lanka\/","name":"Th\u00e9 Vert Bio du Sri Lanka - Guayapi","isPartOf":{"@id":"https:\/\/www.guayapi.com\/boutique\/#website"},"primaryImageOfPage":{"@id":"https:\/\/www.guayapi.com\/boutique\/produit\/the-vert-bio-sri-lanka\/#primaryimage"},"image":{"@id":"https:\/\/www.guayapi.com\/boutique\/produit\/the-vert-bio-sri-lanka\/#primaryimage"},"thumbnailUrl":"https:\/\/www.guayapi.com\/boutique\/wp-content\/uploads\/2017\/04\/whatsapp-image-2025-09-24-at-125400-removebg-preview.png","datePublished":"2017-04-13T15:11:33+00:00","dateModified":"2026-01-02T13:05:47+00:00","breadcrumb":{"@id":"https:\/\/www.guayapi.com\/boutique\/produit\/the-vert-bio-sri-lanka\/#breadcrumb"},"inLanguage":"fr-FR","potentialAction":[{"@type":"ReadAction","target":["https:\/\/www.guayapi.com\/boutique\/produit\/the-vert-bio-sri-lanka\/"]}]},{"@type":"ImageObject","inLanguage":"fr-FR","@id":"https:\/\/www.guayapi.com\/boutique\/produit\/the-vert-bio-sri-lanka\/#primaryimage","url":"https:\/\/www.guayapi.com\/boutique\/wp-content\/uploads\/2017\/04\/whatsapp-image-2025-09-24-at-125400-removebg-preview.png","contentUrl":"https:\/\/www.guayapi.com\/boutique\/wp-content\/uploads\/2017\/04\/whatsapp-image-2025-09-24-at-125400-removebg-preview.png","width":362,"height":689},{"@type":"BreadcrumbList","@id":"https:\/\/www.guayapi.com\/boutique\/produit\/the-vert-bio-sri-lanka\/#breadcrumb","itemListElement":[{"@type":"ListItem","position":1,"name":"Accueil","item":"https:\/\/www.guayapi.com\/boutique\/"},{"@type":"ListItem","position":2,"name":"Boutique","item":"https:\/\/www.guayapi.com\/boutique\/"},{"@type":"ListItem","position":3,"name":"Th\u00e9 Vert Bio du Sri Lanka"}]},{"@type":"WebSite","@id":"https:\/\/www.guayapi.com\/boutique\/#website","url":"https:\/\/www.guayapi.com\/boutique\/","name":"Guayapi","description":"Super-aliments \u2022 \u00c9picerie fine \u2022 Cosm\u00e9tiques","potentialAction":[{"@type":"SearchAction","target":{"@type":"EntryPoint","urlTemplate":"https:\/\/www.guayapi.com\/boutique\/?s={search_term_string}"},"query-input":{"@type":"PropertyValueSpecification","valueRequired":true,"valueName":"search_term_string"}}],"inLanguage":"fr-FR"}]}},"_links":{"self":[{"href":"https:\/\/www.guayapi.com\/boutique\/wp-json\/wp\/v2\/product\/2207","targetHints":{"allow":["GET"]}}],"collection":[{"href":"https:\/\/www.guayapi.com\/boutique\/wp-json\/wp\/v2\/product"}],"about":[{"href":"https:\/\/www.guayapi.com\/boutique\/wp-json\/wp\/v2\/types\/product"}],"wp:featuredmedia":[{"embeddable":true,"href":"https:\/\/www.guayapi.com\/boutique\/wp-json\/wp\/v2\/media\/50431"}],"wp:attachment":[{"href":"https:\/\/www.guayapi.com\/boutique\/wp-json\/wp\/v2\/media?parent=2207"}],"wp:term":[{"taxonomy":"product_brand","embeddable":true,"href":"https:\/\/www.guayapi.com\/boutique\/wp-json\/wp\/v2\/product_brand?post=2207"},{"taxonomy":"product_cat","embeddable":true,"href":"https:\/\/www.guayapi.com\/boutique\/wp-json\/wp\/v2\/product_cat?post=2207"},{"taxonomy":"product_tag","embeddable":true,"href":"https:\/\/www.guayapi.com\/boutique\/wp-json\/wp\/v2\/product_tag?post=2207"}],"curies":[{"name":"wp","href":"https:\/\/api.w.org\/{rel}","templated":true}]}}