{"id":22104,"date":"2020-10-06T16:28:07","date_gmt":"2020-10-06T14:28:07","guid":{"rendered":"https:\/\/www.guayapi.com\/boutique\/?post_type=product&#038;p=22104"},"modified":"2026-01-02T10:51:35","modified_gmt":"2026-01-02T09:51:35","slug":"baton-de-warana-satere-mawe","status":"publish","type":"product","link":"https:\/\/www.guayapi.com\/boutique\/produit\/baton-de-warana-satere-mawe\/","title":{"rendered":"B\u00c2TON DE WARAN\u00c1 SATER\u00c9 MAW\u00c9"},"content":{"rendered":"<p>Le b\u00e2ton de Waran\u00e0 traditionnel des Indiens Sater\u00e9 Maw\u00e9 !<\/p>\n<p>Dynamisant physique et c\u00e9r\u00e9bral, le Warana aide \u00e0 entreprendre, se concentrer, \u00e9tudier, rester vigilant. Le b\u00e2ton est la forme traditionnelle, z\u00e9ro-d\u00e9chet. B\u00e2ton de 250g environs \u00e0 r\u00e2per \u00e0 hauteur d&rsquo;une cuill\u00e8re \u00e0 caf\u00e9 dans 20 cl d&rsquo;eau, de jus de fruit ou de votre smoothie pr\u00e9f\u00e9r\u00e9.<\/p>\n<p>Il s&rsquo;utilise de fa\u00e7on ponctuelle avant un effort physique, intellectuel ou en cure.<\/p>\n<p>Conseil d\u2019utilisation: 1 petite cuill\u00e8re \u00e0 caf\u00e9 de poudre r\u00e2p\u00e9e \u00e0 m\u00e9langer dans une boisson froide, dans une compote, un yaourt ou dans l\u2019alimentation. Ponctuellement avant l\u2019effort ou durant des p\u00e9riodes de 1 \u00e0 3 semaines.<\/p>\n<p><iframe title=\"\ud83e\udd9c Savez-vous quelle est la diff\u00e9rence entre #warana et #guarana ? \u2728\" width=\"422\" height=\"750\" src=\"https:\/\/www.youtube-nocookie.com\/embed\/ajl-GGljq34?feature=oembed\" frameborder=\"0\" allow=\"accelerometer; autoplay; clipboard-write; encrypted-media; gyroscope; picture-in-picture; web-share\" referrerpolicy=\"strict-origin-when-cross-origin\" allowfullscreen><\/iframe><\/p>\n<p>INFORMATION NUTRITIONNELLE POUR 100 GRAMMES<\/p>\n<p>Valeur \u00e9nerg\u00e9tique:<br \/>\nKcal 370,<br \/>\nKJ 1548<\/p>\n<p>Lipides: 2,4 g;<br \/>\nDont acides gras satur\u00e9s: 0,2 g<\/p>\n<p>Glucides: 73,3;<br \/>\nDont sucres: 1,7 g<\/p>\n<p>Prot\u00e9ines: 13,9 g<\/p>\n<p>Sel: 0 g<\/p>\n<p>Potassium: 445 mg (22,25 % des VNR*)<br \/>\nPhosphore: 383 mg (54,71 % des VNR*)<\/p>\n<p>Guaranine: &gt; 4,5 g<\/p>\n<p>*VNR: Valeur Nutritionnelle de R\u00e9f\u00e9rence<\/p>\n<p>&nbsp;<\/p>\n<p><span style=\"font-size: 8pt\"><em>PRODUIT ALIMENTAIRE. TENIR HORS DE PORT\u00c9E DES JEUNES ENFANTS. NE PEUT SE SUBSTITUER \u00c0 UN R\u00c9GIME ALIMENTAIRE VARI\u00c9, NI \u00c0 UN MODE DE VIE SAIN. \u00c0 CONSOMMER DE PR\u00c9F\u00c9RENCE AVANT FIN : VOIR AU FOND DE LA BO\u00ceTE.<\/em><\/span><\/p>\n","protected":false},"excerpt":{"rendered":"<p>(277,33 \u20ac \/kg)<\/p>\n","protected":false},"featured_media":48871,"template":"","meta":{"_acf_changed":false},"product_brand":[],"product_cat":[7],"product_tag":[47],"class_list":{"0":"post-22104","1":"product","2":"type-product","3":"status-publish","4":"has-post-thumbnail","6":"product_cat-super-aliments","7":"product_tag-tonus-energie","9":"first","10":"outofstock","11":"taxable","12":"shipping-taxable","13":"purchasable","14":"product-type-simple"},"acf":[],"yoast_head":"<title>B\u00c2TON DE WARAN\u00c1 SATER\u00c9 MAW\u00c9 - Guayapi<\/title>\n<meta name=\"robots\" content=\"index, follow, max-snippet:-1, max-image-preview:large, max-video-preview:-1\" \/>\n<link rel=\"canonical\" href=\"https:\/\/www.guayapi.com\/boutique\/produit\/baton-de-warana-satere-mawe\/\" \/>\n<meta property=\"og:locale\" content=\"fr_FR\" \/>\n<meta property=\"og:type\" content=\"article\" \/>\n<meta property=\"og:title\" content=\"B\u00c2TON DE WARAN\u00c1 SATER\u00c9 MAW\u00c9 - Guayapi\" \/>\n<meta property=\"og:description\" content=\"(277,33 \u20ac \/kg)\" \/>\n<meta property=\"og:url\" content=\"https:\/\/www.guayapi.com\/boutique\/produit\/baton-de-warana-satere-mawe\/\" \/>\n<meta property=\"og:site_name\" content=\"Guayapi\" \/>\n<meta property=\"article:modified_time\" content=\"2026-01-02T09:51:35+00:00\" \/>\n<meta property=\"og:image\" content=\"https:\/\/www.guayapi.com\/boutique\/wp-content\/uploads\/2020\/10\/img-7853-1-1024x768.jpg\" \/>\n\t<meta property=\"og:image:width\" content=\"1024\" \/>\n\t<meta property=\"og:image:height\" content=\"768\" \/>\n\t<meta property=\"og:image:type\" content=\"image\/jpeg\" \/>\n<meta name=\"twitter:card\" content=\"summary_large_image\" \/>\n<meta name=\"twitter:label1\" content=\"Dur\u00e9e de lecture estim\u00e9e\" \/>\n\t<meta name=\"twitter:data1\" content=\"2 minutes\" \/>\n<script type=\"application\/ld+json\" class=\"yoast-schema-graph\">{\"@context\":\"https:\\\/\\\/schema.org\",\"@graph\":[{\"@type\":\"WebPage\",\"@id\":\"https:\\\/\\\/www.guayapi.com\\\/boutique\\\/produit\\\/baton-de-warana-satere-mawe\\\/\",\"url\":\"https:\\\/\\\/www.guayapi.com\\\/boutique\\\/produit\\\/baton-de-warana-satere-mawe\\\/\",\"name\":\"B\u00c2TON DE WARAN\u00c1 SATER\u00c9 MAW\u00c9 - Guayapi\",\"isPartOf\":{\"@id\":\"https:\\\/\\\/www.guayapi.com\\\/boutique\\\/#website\"},\"primaryImageOfPage\":{\"@id\":\"https:\\\/\\\/www.guayapi.com\\\/boutique\\\/produit\\\/baton-de-warana-satere-mawe\\\/#primaryimage\"},\"image\":{\"@id\":\"https:\\\/\\\/www.guayapi.com\\\/boutique\\\/produit\\\/baton-de-warana-satere-mawe\\\/#primaryimage\"},\"thumbnailUrl\":\"https:\\\/\\\/www.guayapi.com\\\/boutique\\\/wp-content\\\/uploads\\\/2020\\\/10\\\/img-7853-1-scaled.jpg\",\"datePublished\":\"2020-10-06T14:28:07+00:00\",\"dateModified\":\"2026-01-02T09:51:35+00:00\",\"breadcrumb\":{\"@id\":\"https:\\\/\\\/www.guayapi.com\\\/boutique\\\/produit\\\/baton-de-warana-satere-mawe\\\/#breadcrumb\"},\"inLanguage\":\"fr-FR\",\"potentialAction\":[{\"@type\":\"ReadAction\",\"target\":[\"https:\\\/\\\/www.guayapi.com\\\/boutique\\\/produit\\\/baton-de-warana-satere-mawe\\\/\"]}]},{\"@type\":\"ImageObject\",\"inLanguage\":\"fr-FR\",\"@id\":\"https:\\\/\\\/www.guayapi.com\\\/boutique\\\/produit\\\/baton-de-warana-satere-mawe\\\/#primaryimage\",\"url\":\"https:\\\/\\\/www.guayapi.com\\\/boutique\\\/wp-content\\\/uploads\\\/2020\\\/10\\\/img-7853-1-scaled.jpg\",\"contentUrl\":\"https:\\\/\\\/www.guayapi.com\\\/boutique\\\/wp-content\\\/uploads\\\/2020\\\/10\\\/img-7853-1-scaled.jpg\",\"width\":3840,\"height\":2880},{\"@type\":\"BreadcrumbList\",\"@id\":\"https:\\\/\\\/www.guayapi.com\\\/boutique\\\/produit\\\/baton-de-warana-satere-mawe\\\/#breadcrumb\",\"itemListElement\":[{\"@type\":\"ListItem\",\"position\":1,\"name\":\"Accueil\",\"item\":\"https:\\\/\\\/www.guayapi.com\\\/boutique\\\/\"},{\"@type\":\"ListItem\",\"position\":2,\"name\":\"Boutique\",\"item\":\"https:\\\/\\\/www.guayapi.com\\\/boutique\\\/\"},{\"@type\":\"ListItem\",\"position\":3,\"name\":\"B\u00c2TON DE WARAN\u00c1 SATER\u00c9 MAW\u00c9\"}]},{\"@type\":\"WebSite\",\"@id\":\"https:\\\/\\\/www.guayapi.com\\\/boutique\\\/#website\",\"url\":\"https:\\\/\\\/www.guayapi.com\\\/boutique\\\/\",\"name\":\"Guayapi\",\"description\":\"Super-aliments \u2022 \u00c9picerie fine \u2022 Cosm\u00e9tiques\",\"potentialAction\":[{\"@type\":\"SearchAction\",\"target\":{\"@type\":\"EntryPoint\",\"urlTemplate\":\"https:\\\/\\\/www.guayapi.com\\\/boutique\\\/?s={search_term_string}\"},\"query-input\":{\"@type\":\"PropertyValueSpecification\",\"valueRequired\":true,\"valueName\":\"search_term_string\"}}],\"inLanguage\":\"fr-FR\"}]}<\/script>","yoast_head_json":{"title":"B\u00c2TON DE WARAN\u00c1 SATER\u00c9 MAW\u00c9 - Guayapi","robots":{"index":"index","follow":"follow","max-snippet":"max-snippet:-1","max-image-preview":"max-image-preview:large","max-video-preview":"max-video-preview:-1"},"canonical":"https:\/\/www.guayapi.com\/boutique\/produit\/baton-de-warana-satere-mawe\/","og_locale":"fr_FR","og_type":"article","og_title":"B\u00c2TON DE WARAN\u00c1 SATER\u00c9 MAW\u00c9 - Guayapi","og_description":"(277,33 \u20ac \/kg)","og_url":"https:\/\/www.guayapi.com\/boutique\/produit\/baton-de-warana-satere-mawe\/","og_site_name":"Guayapi","article_modified_time":"2026-01-02T09:51:35+00:00","og_image":[{"width":1024,"height":768,"url":"https:\/\/www.guayapi.com\/boutique\/wp-content\/uploads\/2020\/10\/img-7853-1-1024x768.jpg","type":"image\/jpeg"}],"twitter_card":"summary_large_image","twitter_misc":{"Dur\u00e9e de lecture estim\u00e9e":"2 minutes"},"schema":{"@context":"https:\/\/schema.org","@graph":[{"@type":"WebPage","@id":"https:\/\/www.guayapi.com\/boutique\/produit\/baton-de-warana-satere-mawe\/","url":"https:\/\/www.guayapi.com\/boutique\/produit\/baton-de-warana-satere-mawe\/","name":"B\u00c2TON DE WARAN\u00c1 SATER\u00c9 MAW\u00c9 - Guayapi","isPartOf":{"@id":"https:\/\/www.guayapi.com\/boutique\/#website"},"primaryImageOfPage":{"@id":"https:\/\/www.guayapi.com\/boutique\/produit\/baton-de-warana-satere-mawe\/#primaryimage"},"image":{"@id":"https:\/\/www.guayapi.com\/boutique\/produit\/baton-de-warana-satere-mawe\/#primaryimage"},"thumbnailUrl":"https:\/\/www.guayapi.com\/boutique\/wp-content\/uploads\/2020\/10\/img-7853-1-scaled.jpg","datePublished":"2020-10-06T14:28:07+00:00","dateModified":"2026-01-02T09:51:35+00:00","breadcrumb":{"@id":"https:\/\/www.guayapi.com\/boutique\/produit\/baton-de-warana-satere-mawe\/#breadcrumb"},"inLanguage":"fr-FR","potentialAction":[{"@type":"ReadAction","target":["https:\/\/www.guayapi.com\/boutique\/produit\/baton-de-warana-satere-mawe\/"]}]},{"@type":"ImageObject","inLanguage":"fr-FR","@id":"https:\/\/www.guayapi.com\/boutique\/produit\/baton-de-warana-satere-mawe\/#primaryimage","url":"https:\/\/www.guayapi.com\/boutique\/wp-content\/uploads\/2020\/10\/img-7853-1-scaled.jpg","contentUrl":"https:\/\/www.guayapi.com\/boutique\/wp-content\/uploads\/2020\/10\/img-7853-1-scaled.jpg","width":3840,"height":2880},{"@type":"BreadcrumbList","@id":"https:\/\/www.guayapi.com\/boutique\/produit\/baton-de-warana-satere-mawe\/#breadcrumb","itemListElement":[{"@type":"ListItem","position":1,"name":"Accueil","item":"https:\/\/www.guayapi.com\/boutique\/"},{"@type":"ListItem","position":2,"name":"Boutique","item":"https:\/\/www.guayapi.com\/boutique\/"},{"@type":"ListItem","position":3,"name":"B\u00c2TON DE WARAN\u00c1 SATER\u00c9 MAW\u00c9"}]},{"@type":"WebSite","@id":"https:\/\/www.guayapi.com\/boutique\/#website","url":"https:\/\/www.guayapi.com\/boutique\/","name":"Guayapi","description":"Super-aliments \u2022 \u00c9picerie fine \u2022 Cosm\u00e9tiques","potentialAction":[{"@type":"SearchAction","target":{"@type":"EntryPoint","urlTemplate":"https:\/\/www.guayapi.com\/boutique\/?s={search_term_string}"},"query-input":{"@type":"PropertyValueSpecification","valueRequired":true,"valueName":"search_term_string"}}],"inLanguage":"fr-FR"}]}},"_links":{"self":[{"href":"https:\/\/www.guayapi.com\/boutique\/wp-json\/wp\/v2\/product\/22104","targetHints":{"allow":["GET"]}}],"collection":[{"href":"https:\/\/www.guayapi.com\/boutique\/wp-json\/wp\/v2\/product"}],"about":[{"href":"https:\/\/www.guayapi.com\/boutique\/wp-json\/wp\/v2\/types\/product"}],"wp:featuredmedia":[{"embeddable":true,"href":"https:\/\/www.guayapi.com\/boutique\/wp-json\/wp\/v2\/media\/48871"}],"wp:attachment":[{"href":"https:\/\/www.guayapi.com\/boutique\/wp-json\/wp\/v2\/media?parent=22104"}],"wp:term":[{"taxonomy":"product_brand","embeddable":true,"href":"https:\/\/www.guayapi.com\/boutique\/wp-json\/wp\/v2\/product_brand?post=22104"},{"taxonomy":"product_cat","embeddable":true,"href":"https:\/\/www.guayapi.com\/boutique\/wp-json\/wp\/v2\/product_cat?post=22104"},{"taxonomy":"product_tag","embeddable":true,"href":"https:\/\/www.guayapi.com\/boutique\/wp-json\/wp\/v2\/product_tag?post=22104"}],"curies":[{"name":"wp","href":"https:\/\/api.w.org\/{rel}","templated":true}]}}