{"id":22106,"date":"2020-10-06T16:42:48","date_gmt":"2020-10-06T14:42:48","guid":{"rendered":"https:\/\/www.guayapi.com\/boutique\/?post_type=product&#038;p=22106"},"modified":"2024-11-22T12:34:39","modified_gmt":"2024-11-22T11:34:39","slug":"le-guarana-tresor-des-indiens-satere-mawe","status":"publish","type":"product","link":"https:\/\/www.guayapi.com\/boutique\/produit\/le-guarana-tresor-des-indiens-satere-mawe\/","title":{"rendered":"Livre \u00ab\u00a0Le Guaran\u00e0, Tr\u00e9sor des Indiens Sater\u00e9 Maw\u00e9\u00a0\u00bb"},"content":{"rendered":"<p>Le Guaran\u00e0, Tr\u00e9sor des Indiens Sater\u00e9 Maw\u00e9 : Mythes fondateurs, Commerce \u00e9quitable et Biodiversit\u00e9.<\/p>\n<p>Au commencement \u00e9tait le guarana\u2026 plante symbole de la culture Sater\u00e9 Maw\u00e9. Depuis la nuit des temps, ses baies rouges sont r\u00e9colt\u00e9es et transform\u00e9es selon un savoir-faire ancestral. Appr\u00e9ci\u00e9es par les Indiens pour leurs nombreuses propri\u00e9t\u00e9s, elles apportent l\u2019harmonie entre les hommes et la lucidit\u00e9 pour chacun.<\/p>\n<p>Les cinq mythes fondateurs pr\u00e9sent\u00e9s ici par les auteurs, racines de l\u2019identit\u00e9 Sater\u00e9 Maw\u00e9, nous font d\u00e9couvrir une autre vision des rapports entre l\u2019homme et la nature.<span id=\"more-3418\"><\/span><\/p>\n<p>Au c\u0153ur de l\u2019Amazonie br\u00e9silienne, dans le \u00ab Sanctuaire culturel et \u00e9cologique du Warana\u00bb, la tribu indienne des Sater\u00e9 Maw\u00e9 a su perp\u00e9tuer ses traditions et d\u00e9velopper une activit\u00e9 commerciale autour du guarana. Elle a gagn\u00e9 en moins de vingt ans son ind\u00e9pendance \u00e9conomique et politique.<\/p>\n<p>L\u2019entreprise Guayapi Tropical l\u2019a accompagn\u00e9e dans cette d\u00e9marche, s\u2019appuyant sur les principes du commerce \u00e9quitable. Le guarana b\u00e9n\u00e9ficie de la reconnaissance de l\u2019association internationale Slow Food. Ce projet assure travail et protection aux 10 000 membres des 83 communaut\u00e9s de la nation Sater\u00e9 Maw\u00e9.<\/p>\n<p>Les Sater\u00e9 Maw\u00e9 d\u00e9fendent aujourd\u2019hui le Warana, symbole de la biodiversit\u00e9, menac\u00e9 par l\u2019introduction en Amazonie de plantes hybrides, clon\u00e9es et de moindre qualit\u00e9 et par le recours \u00e0 la culture intensive avec pesticides et engrais.<\/p>\n<p>Un mod\u00e8le exemplaire de d\u00e9veloppement \u00e9cologique, social et politique, pour tous les Am\u00e9rindiens, et pour l\u2019humanit\u00e9 enti\u00e8re.<\/p>\n<p><em><strong>Bastien Beaufort<\/strong>\u00a0\u00e9tudie \u00e0 l\u2019Institut Sup\u00e9rieur de Gestion (ISG \u00e0 Paris).<\/em><\/p>\n<p><em><strong>S\u00e9bastien Wolf<\/strong>\u00a0\u00e9tudie \u00e0 Saint-Louis en classe pr\u00e9paratoire. De m\u00e8re br\u00e9silienne, il a travaill\u00e9 sur le Projet Warana sur place.<\/em><\/p>\n<p><em><strong>Ronald Mary<\/strong>\u00a0est auteur, \u00e9crivain-conseil et journaliste.<\/em><\/p>\n<p>Collection : Soci\u00e9t\u00e9 Civile<\/p>\n<p>ISBN : 978 2 913492 57 8<\/p>\n<p>Format : 14 x 22 cm<\/p>\n<p>Nb de pages : 180<\/p>\n","protected":false},"excerpt":{"rendered":"<p>Le Guaran\u00e0, Tr\u00e9sor des Indiens Sater\u00e9 Maw\u00e9 : Mythes fondateurs, Commerce \u00e9quitable et Biodiversit\u00e9. Au commencement \u00e9tait le guarana\u2026 plante symbole de la culture Sater\u00e9 Maw\u00e9. Depuis la nuit des temps, ses baies rouges sont r\u00e9colt\u00e9es et transform\u00e9es selon un savoir-faire ancestral. Appr\u00e9ci\u00e9es par les Indiens pour leurs nombreuses propri\u00e9t\u00e9s, elles apportent l\u2019harmonie entre les<\/p>\n","protected":false},"featured_media":22107,"template":"","meta":{"_acf_changed":false},"product_brand":[],"product_cat":[342],"product_tag":[],"class_list":{"0":"post-22106","1":"product","2":"type-product","3":"status-publish","4":"has-post-thumbnail","6":"product_cat-livres","8":"first","9":"instock","10":"taxable","11":"shipping-taxable","12":"purchasable","13":"product-type-simple"},"acf":[],"yoast_head":"<title>Livre &quot;Le Guaran\u00e0, Tr\u00e9sor des Indiens Sater\u00e9 Maw\u00e9&quot; - Guayapi<\/title>\n<meta name=\"robots\" content=\"index, follow, max-snippet:-1, max-image-preview:large, max-video-preview:-1\" \/>\n<link rel=\"canonical\" href=\"https:\/\/www.guayapi.com\/boutique\/produit\/le-guarana-tresor-des-indiens-satere-mawe\/\" \/>\n<meta property=\"og:locale\" content=\"fr_FR\" \/>\n<meta property=\"og:type\" content=\"article\" \/>\n<meta property=\"og:title\" content=\"Livre &quot;Le Guaran\u00e0, Tr\u00e9sor des Indiens Sater\u00e9 Maw\u00e9&quot; - Guayapi\" \/>\n<meta property=\"og:description\" content=\"Le Guaran\u00e0, Tr\u00e9sor des Indiens Sater\u00e9 Maw\u00e9 : Mythes fondateurs, Commerce \u00e9quitable et Biodiversit\u00e9. Au commencement \u00e9tait le guarana\u2026 plante symbole de la culture Sater\u00e9 Maw\u00e9. Depuis la nuit des temps, ses baies rouges sont r\u00e9colt\u00e9es et transform\u00e9es selon un savoir-faire ancestral. Appr\u00e9ci\u00e9es par les Indiens pour leurs nombreuses propri\u00e9t\u00e9s, elles apportent l\u2019harmonie entre les\" \/>\n<meta property=\"og:url\" content=\"https:\/\/www.guayapi.com\/boutique\/produit\/le-guarana-tresor-des-indiens-satere-mawe\/\" \/>\n<meta property=\"og:site_name\" content=\"Guayapi\" \/>\n<meta property=\"article:modified_time\" content=\"2024-11-22T11:34:39+00:00\" \/>\n<meta property=\"og:image\" content=\"https:\/\/www.guayapi.com\/boutique\/wp-content\/uploads\/2020\/10\/31-couverture-livre-basse-def.jpg\" \/>\n\t<meta property=\"og:image:width\" content=\"1577\" \/>\n\t<meta property=\"og:image:height\" content=\"2478\" \/>\n\t<meta property=\"og:image:type\" content=\"image\/jpeg\" \/>\n<meta name=\"twitter:card\" content=\"summary_large_image\" \/>\n<meta name=\"twitter:label1\" content=\"Dur\u00e9e de lecture estim\u00e9e\" \/>\n\t<meta name=\"twitter:data1\" content=\"2 minutes\" \/>\n<script type=\"application\/ld+json\" class=\"yoast-schema-graph\">{\"@context\":\"https:\\\/\\\/schema.org\",\"@graph\":[{\"@type\":\"WebPage\",\"@id\":\"https:\\\/\\\/www.guayapi.com\\\/boutique\\\/produit\\\/le-guarana-tresor-des-indiens-satere-mawe\\\/\",\"url\":\"https:\\\/\\\/www.guayapi.com\\\/boutique\\\/produit\\\/le-guarana-tresor-des-indiens-satere-mawe\\\/\",\"name\":\"Livre \\\"Le Guaran\u00e0, Tr\u00e9sor des Indiens Sater\u00e9 Maw\u00e9\\\" - Guayapi\",\"isPartOf\":{\"@id\":\"https:\\\/\\\/www.guayapi.com\\\/boutique\\\/#website\"},\"primaryImageOfPage\":{\"@id\":\"https:\\\/\\\/www.guayapi.com\\\/boutique\\\/produit\\\/le-guarana-tresor-des-indiens-satere-mawe\\\/#primaryimage\"},\"image\":{\"@id\":\"https:\\\/\\\/www.guayapi.com\\\/boutique\\\/produit\\\/le-guarana-tresor-des-indiens-satere-mawe\\\/#primaryimage\"},\"thumbnailUrl\":\"https:\\\/\\\/www.guayapi.com\\\/boutique\\\/wp-content\\\/uploads\\\/2020\\\/10\\\/31-couverture-livre-basse-def.jpg\",\"datePublished\":\"2020-10-06T14:42:48+00:00\",\"dateModified\":\"2024-11-22T11:34:39+00:00\",\"breadcrumb\":{\"@id\":\"https:\\\/\\\/www.guayapi.com\\\/boutique\\\/produit\\\/le-guarana-tresor-des-indiens-satere-mawe\\\/#breadcrumb\"},\"inLanguage\":\"fr-FR\",\"potentialAction\":[{\"@type\":\"ReadAction\",\"target\":[\"https:\\\/\\\/www.guayapi.com\\\/boutique\\\/produit\\\/le-guarana-tresor-des-indiens-satere-mawe\\\/\"]}]},{\"@type\":\"ImageObject\",\"inLanguage\":\"fr-FR\",\"@id\":\"https:\\\/\\\/www.guayapi.com\\\/boutique\\\/produit\\\/le-guarana-tresor-des-indiens-satere-mawe\\\/#primaryimage\",\"url\":\"https:\\\/\\\/www.guayapi.com\\\/boutique\\\/wp-content\\\/uploads\\\/2020\\\/10\\\/31-couverture-livre-basse-def.jpg\",\"contentUrl\":\"https:\\\/\\\/www.guayapi.com\\\/boutique\\\/wp-content\\\/uploads\\\/2020\\\/10\\\/31-couverture-livre-basse-def.jpg\",\"width\":1577,\"height\":2478},{\"@type\":\"BreadcrumbList\",\"@id\":\"https:\\\/\\\/www.guayapi.com\\\/boutique\\\/produit\\\/le-guarana-tresor-des-indiens-satere-mawe\\\/#breadcrumb\",\"itemListElement\":[{\"@type\":\"ListItem\",\"position\":1,\"name\":\"Accueil\",\"item\":\"https:\\\/\\\/www.guayapi.com\\\/boutique\\\/\"},{\"@type\":\"ListItem\",\"position\":2,\"name\":\"Boutique\",\"item\":\"https:\\\/\\\/www.guayapi.com\\\/boutique\\\/\"},{\"@type\":\"ListItem\",\"position\":3,\"name\":\"Livre \u00ab\u00a0Le Guaran\u00e0, Tr\u00e9sor des Indiens Sater\u00e9 Maw\u00e9\u00a0\u00bb\"}]},{\"@type\":\"WebSite\",\"@id\":\"https:\\\/\\\/www.guayapi.com\\\/boutique\\\/#website\",\"url\":\"https:\\\/\\\/www.guayapi.com\\\/boutique\\\/\",\"name\":\"Guayapi\",\"description\":\"Super-aliments \u2022 \u00c9picerie fine \u2022 Cosm\u00e9tiques\",\"potentialAction\":[{\"@type\":\"SearchAction\",\"target\":{\"@type\":\"EntryPoint\",\"urlTemplate\":\"https:\\\/\\\/www.guayapi.com\\\/boutique\\\/?s={search_term_string}\"},\"query-input\":{\"@type\":\"PropertyValueSpecification\",\"valueRequired\":true,\"valueName\":\"search_term_string\"}}],\"inLanguage\":\"fr-FR\"}]}<\/script>","yoast_head_json":{"title":"Livre \"Le Guaran\u00e0, Tr\u00e9sor des Indiens Sater\u00e9 Maw\u00e9\" - Guayapi","robots":{"index":"index","follow":"follow","max-snippet":"max-snippet:-1","max-image-preview":"max-image-preview:large","max-video-preview":"max-video-preview:-1"},"canonical":"https:\/\/www.guayapi.com\/boutique\/produit\/le-guarana-tresor-des-indiens-satere-mawe\/","og_locale":"fr_FR","og_type":"article","og_title":"Livre \"Le Guaran\u00e0, Tr\u00e9sor des Indiens Sater\u00e9 Maw\u00e9\" - Guayapi","og_description":"Le Guaran\u00e0, Tr\u00e9sor des Indiens Sater\u00e9 Maw\u00e9 : Mythes fondateurs, Commerce \u00e9quitable et Biodiversit\u00e9. Au commencement \u00e9tait le guarana\u2026 plante symbole de la culture Sater\u00e9 Maw\u00e9. Depuis la nuit des temps, ses baies rouges sont r\u00e9colt\u00e9es et transform\u00e9es selon un savoir-faire ancestral. Appr\u00e9ci\u00e9es par les Indiens pour leurs nombreuses propri\u00e9t\u00e9s, elles apportent l\u2019harmonie entre les","og_url":"https:\/\/www.guayapi.com\/boutique\/produit\/le-guarana-tresor-des-indiens-satere-mawe\/","og_site_name":"Guayapi","article_modified_time":"2024-11-22T11:34:39+00:00","og_image":[{"width":1577,"height":2478,"url":"https:\/\/www.guayapi.com\/boutique\/wp-content\/uploads\/2020\/10\/31-couverture-livre-basse-def.jpg","type":"image\/jpeg"}],"twitter_card":"summary_large_image","twitter_misc":{"Dur\u00e9e de lecture estim\u00e9e":"2 minutes"},"schema":{"@context":"https:\/\/schema.org","@graph":[{"@type":"WebPage","@id":"https:\/\/www.guayapi.com\/boutique\/produit\/le-guarana-tresor-des-indiens-satere-mawe\/","url":"https:\/\/www.guayapi.com\/boutique\/produit\/le-guarana-tresor-des-indiens-satere-mawe\/","name":"Livre \"Le Guaran\u00e0, Tr\u00e9sor des Indiens Sater\u00e9 Maw\u00e9\" - Guayapi","isPartOf":{"@id":"https:\/\/www.guayapi.com\/boutique\/#website"},"primaryImageOfPage":{"@id":"https:\/\/www.guayapi.com\/boutique\/produit\/le-guarana-tresor-des-indiens-satere-mawe\/#primaryimage"},"image":{"@id":"https:\/\/www.guayapi.com\/boutique\/produit\/le-guarana-tresor-des-indiens-satere-mawe\/#primaryimage"},"thumbnailUrl":"https:\/\/www.guayapi.com\/boutique\/wp-content\/uploads\/2020\/10\/31-couverture-livre-basse-def.jpg","datePublished":"2020-10-06T14:42:48+00:00","dateModified":"2024-11-22T11:34:39+00:00","breadcrumb":{"@id":"https:\/\/www.guayapi.com\/boutique\/produit\/le-guarana-tresor-des-indiens-satere-mawe\/#breadcrumb"},"inLanguage":"fr-FR","potentialAction":[{"@type":"ReadAction","target":["https:\/\/www.guayapi.com\/boutique\/produit\/le-guarana-tresor-des-indiens-satere-mawe\/"]}]},{"@type":"ImageObject","inLanguage":"fr-FR","@id":"https:\/\/www.guayapi.com\/boutique\/produit\/le-guarana-tresor-des-indiens-satere-mawe\/#primaryimage","url":"https:\/\/www.guayapi.com\/boutique\/wp-content\/uploads\/2020\/10\/31-couverture-livre-basse-def.jpg","contentUrl":"https:\/\/www.guayapi.com\/boutique\/wp-content\/uploads\/2020\/10\/31-couverture-livre-basse-def.jpg","width":1577,"height":2478},{"@type":"BreadcrumbList","@id":"https:\/\/www.guayapi.com\/boutique\/produit\/le-guarana-tresor-des-indiens-satere-mawe\/#breadcrumb","itemListElement":[{"@type":"ListItem","position":1,"name":"Accueil","item":"https:\/\/www.guayapi.com\/boutique\/"},{"@type":"ListItem","position":2,"name":"Boutique","item":"https:\/\/www.guayapi.com\/boutique\/"},{"@type":"ListItem","position":3,"name":"Livre \u00ab\u00a0Le Guaran\u00e0, Tr\u00e9sor des Indiens Sater\u00e9 Maw\u00e9\u00a0\u00bb"}]},{"@type":"WebSite","@id":"https:\/\/www.guayapi.com\/boutique\/#website","url":"https:\/\/www.guayapi.com\/boutique\/","name":"Guayapi","description":"Super-aliments \u2022 \u00c9picerie fine \u2022 Cosm\u00e9tiques","potentialAction":[{"@type":"SearchAction","target":{"@type":"EntryPoint","urlTemplate":"https:\/\/www.guayapi.com\/boutique\/?s={search_term_string}"},"query-input":{"@type":"PropertyValueSpecification","valueRequired":true,"valueName":"search_term_string"}}],"inLanguage":"fr-FR"}]}},"_links":{"self":[{"href":"https:\/\/www.guayapi.com\/boutique\/wp-json\/wp\/v2\/product\/22106","targetHints":{"allow":["GET"]}}],"collection":[{"href":"https:\/\/www.guayapi.com\/boutique\/wp-json\/wp\/v2\/product"}],"about":[{"href":"https:\/\/www.guayapi.com\/boutique\/wp-json\/wp\/v2\/types\/product"}],"wp:featuredmedia":[{"embeddable":true,"href":"https:\/\/www.guayapi.com\/boutique\/wp-json\/wp\/v2\/media\/22107"}],"wp:attachment":[{"href":"https:\/\/www.guayapi.com\/boutique\/wp-json\/wp\/v2\/media?parent=22106"}],"wp:term":[{"taxonomy":"product_brand","embeddable":true,"href":"https:\/\/www.guayapi.com\/boutique\/wp-json\/wp\/v2\/product_brand?post=22106"},{"taxonomy":"product_cat","embeddable":true,"href":"https:\/\/www.guayapi.com\/boutique\/wp-json\/wp\/v2\/product_cat?post=22106"},{"taxonomy":"product_tag","embeddable":true,"href":"https:\/\/www.guayapi.com\/boutique\/wp-json\/wp\/v2\/product_tag?post=22106"}],"curies":[{"name":"wp","href":"https:\/\/api.w.org\/{rel}","templated":true}]}}