{"id":22113,"date":"2020-10-06T17:09:31","date_gmt":"2020-10-06T15:09:31","guid":{"rendered":"https:\/\/www.guayapi.com\/boutique\/?post_type=product&#038;p=22113"},"modified":"2022-11-29T16:34:24","modified_gmt":"2022-11-29T15:34:24","slug":"livre-stevia-le-sucre-vertueux","status":"publish","type":"product","link":"https:\/\/www.guayapi.com\/boutique\/produit\/livre-stevia-le-sucre-vertueux\/","title":{"rendered":"Livre \u00ab\u00a0St\u00e9via, le sucre vertueux\u00a0\u00bb"},"content":{"rendered":"<p>Il existe plus de 150 esp\u00e8ces de St\u00e9via dont certaines sont r\u00e9put\u00e9es pour leur pouvoir \u00e9dulcorant. L&rsquo;origine de la plante se trouve en Am\u00e9rique du Sud o\u00f9 les Indiens Guarani l&rsquo;utilisaient pour adoucir leurs infusions. Les extraits de la feuille ayant un pouvoir sucrant tr\u00e8s sup\u00e9rieur \u00e0 notre sucre, cette plante a attir\u00e9 l&rsquo;attention des chercheurs. Elle peut \u00eatre un substitut compatible avec les r\u00e9gimes pour diab\u00e9tiques et les r\u00e9gimes hypoglyc\u00e9miques. Les auteurs guident le lecteur dans l\u2019utilisation au quotidien de cette plante \u00e9tonnante. Un ouvrage utile pour en savoir plus sur son origine et ses bienfaits.<\/p>\n<p>Aymeric Lazarin s&rsquo;est int\u00e9ress\u00e9 tr\u00e8s jeune \u00e0 l&rsquo;\u00e9cologie et \u00e0 la biodiversit\u00e9. Dipl\u00f4m\u00e9 en agronomie et en g\u00e9ographie, il a ensuite travaill\u00e9 au Cemagref, au sein d&rsquo;une \u00e9quipe qui \u00e9tudie l&rsquo;utilisation du v\u00e9g\u00e9tal dans la lutte contre les risques naturels li\u00e9s \u00e0 l&rsquo;\u00e9rosion. Il enseigne aujourd&rsquo;hui dans l&rsquo;agronomie et il continue de s&rsquo;int\u00e9resser \u00e0 l&rsquo;utilisation du v\u00e9g\u00e9tal pour r\u00e9soudre les probl\u00e8mes rencontr\u00e9s par nos soci\u00e9t\u00e9s contemporaines.<\/p>\n<p>Ethnobotaniste, docteur \u00e8s sciences, Fran\u00e7ois Couplan enseigne la vie en autonomie dans la nature sous forme de stages pratiques sur le terrain. Il est le cr\u00e9ateur de la survie douce, mani\u00e8re de vivre en harmonie avec le milieu naturel. \u00c0 sa formation de scientifique, il joint une exp\u00e9rience approfondie de la vie au sein de la nature qu\u2019il a acquis \u00e0 travers de multiples voyages sur toute la plan\u00e8te. Il est l\u2019auteur de nombreux ouvrages sur les plantes et la nature. Il collabore aussi \u00e0 de nombreuses revues.<\/p>\n","protected":false},"excerpt":{"rendered":"<p>Il existe plus de 150 esp\u00e8ces de St\u00e9via dont certaines sont r\u00e9put\u00e9es pour leur pouvoir \u00e9dulcorant. L&rsquo;origine de la plante se trouve en Am\u00e9rique du Sud o\u00f9 les Indiens Guarani l&rsquo;utilisaient pour adoucir leurs infusions. Les extraits de la feuille ayant un pouvoir sucrant tr\u00e8s sup\u00e9rieur \u00e0 notre sucre, cette plante a attir\u00e9 l&rsquo;attention des<\/p>\n","protected":false},"featured_media":22114,"template":"","meta":{"_acf_changed":false},"product_brand":[],"product_cat":[342],"product_tag":[],"class_list":{"0":"post-22113","1":"product","2":"type-product","3":"status-publish","4":"has-post-thumbnail","6":"product_cat-livres","8":"first","9":"instock","10":"taxable","11":"shipping-taxable","12":"purchasable","13":"product-type-simple"},"acf":[],"yoast_head":"<title>Livre &quot;St\u00e9via, le sucre vertueux&quot; - Guayapi<\/title>\n<meta name=\"robots\" content=\"index, follow, max-snippet:-1, max-image-preview:large, max-video-preview:-1\" \/>\n<link rel=\"canonical\" href=\"https:\/\/www.guayapi.com\/boutique\/produit\/livre-stevia-le-sucre-vertueux\/\" \/>\n<meta property=\"og:locale\" content=\"fr_FR\" \/>\n<meta property=\"og:type\" content=\"article\" \/>\n<meta property=\"og:title\" content=\"Livre &quot;St\u00e9via, le sucre vertueux&quot; - Guayapi\" \/>\n<meta property=\"og:description\" content=\"Il existe plus de 150 esp\u00e8ces de St\u00e9via dont certaines sont r\u00e9put\u00e9es pour leur pouvoir \u00e9dulcorant. L&rsquo;origine de la plante se trouve en Am\u00e9rique du Sud o\u00f9 les Indiens Guarani l&rsquo;utilisaient pour adoucir leurs infusions. Les extraits de la feuille ayant un pouvoir sucrant tr\u00e8s sup\u00e9rieur \u00e0 notre sucre, cette plante a attir\u00e9 l&rsquo;attention des\" \/>\n<meta property=\"og:url\" content=\"https:\/\/www.guayapi.com\/boutique\/produit\/livre-stevia-le-sucre-vertueux\/\" \/>\n<meta property=\"og:site_name\" content=\"Guayapi\" \/>\n<meta property=\"article:modified_time\" content=\"2022-11-29T15:34:24+00:00\" \/>\n<meta property=\"og:image\" content=\"https:\/\/www.guayapi.com\/boutique\/wp-content\/uploads\/2020\/10\/stevia-le-sucre-vertueux.jpg\" \/>\n\t<meta property=\"og:image:width\" content=\"200\" \/>\n\t<meta property=\"og:image:height\" content=\"286\" \/>\n\t<meta property=\"og:image:type\" content=\"image\/jpeg\" \/>\n<meta name=\"twitter:card\" content=\"summary_large_image\" \/>\n<meta name=\"twitter:label1\" content=\"Dur\u00e9e de lecture estim\u00e9e\" \/>\n\t<meta name=\"twitter:data1\" content=\"2 minutes\" \/>\n<script type=\"application\/ld+json\" class=\"yoast-schema-graph\">{\"@context\":\"https:\\\/\\\/schema.org\",\"@graph\":[{\"@type\":\"WebPage\",\"@id\":\"https:\\\/\\\/www.guayapi.com\\\/boutique\\\/produit\\\/livre-stevia-le-sucre-vertueux\\\/\",\"url\":\"https:\\\/\\\/www.guayapi.com\\\/boutique\\\/produit\\\/livre-stevia-le-sucre-vertueux\\\/\",\"name\":\"Livre \\\"St\u00e9via, le sucre vertueux\\\" - Guayapi\",\"isPartOf\":{\"@id\":\"https:\\\/\\\/www.guayapi.com\\\/boutique\\\/#website\"},\"primaryImageOfPage\":{\"@id\":\"https:\\\/\\\/www.guayapi.com\\\/boutique\\\/produit\\\/livre-stevia-le-sucre-vertueux\\\/#primaryimage\"},\"image\":{\"@id\":\"https:\\\/\\\/www.guayapi.com\\\/boutique\\\/produit\\\/livre-stevia-le-sucre-vertueux\\\/#primaryimage\"},\"thumbnailUrl\":\"https:\\\/\\\/www.guayapi.com\\\/boutique\\\/wp-content\\\/uploads\\\/2020\\\/10\\\/stevia-le-sucre-vertueux.jpg\",\"datePublished\":\"2020-10-06T15:09:31+00:00\",\"dateModified\":\"2022-11-29T15:34:24+00:00\",\"breadcrumb\":{\"@id\":\"https:\\\/\\\/www.guayapi.com\\\/boutique\\\/produit\\\/livre-stevia-le-sucre-vertueux\\\/#breadcrumb\"},\"inLanguage\":\"fr-FR\",\"potentialAction\":[{\"@type\":\"ReadAction\",\"target\":[\"https:\\\/\\\/www.guayapi.com\\\/boutique\\\/produit\\\/livre-stevia-le-sucre-vertueux\\\/\"]}]},{\"@type\":\"ImageObject\",\"inLanguage\":\"fr-FR\",\"@id\":\"https:\\\/\\\/www.guayapi.com\\\/boutique\\\/produit\\\/livre-stevia-le-sucre-vertueux\\\/#primaryimage\",\"url\":\"https:\\\/\\\/www.guayapi.com\\\/boutique\\\/wp-content\\\/uploads\\\/2020\\\/10\\\/stevia-le-sucre-vertueux.jpg\",\"contentUrl\":\"https:\\\/\\\/www.guayapi.com\\\/boutique\\\/wp-content\\\/uploads\\\/2020\\\/10\\\/stevia-le-sucre-vertueux.jpg\",\"width\":200,\"height\":286},{\"@type\":\"BreadcrumbList\",\"@id\":\"https:\\\/\\\/www.guayapi.com\\\/boutique\\\/produit\\\/livre-stevia-le-sucre-vertueux\\\/#breadcrumb\",\"itemListElement\":[{\"@type\":\"ListItem\",\"position\":1,\"name\":\"Accueil\",\"item\":\"https:\\\/\\\/www.guayapi.com\\\/boutique\\\/\"},{\"@type\":\"ListItem\",\"position\":2,\"name\":\"Boutique\",\"item\":\"https:\\\/\\\/www.guayapi.com\\\/boutique\\\/\"},{\"@type\":\"ListItem\",\"position\":3,\"name\":\"Livre \u00ab\u00a0St\u00e9via, le sucre vertueux\u00a0\u00bb\"}]},{\"@type\":\"WebSite\",\"@id\":\"https:\\\/\\\/www.guayapi.com\\\/boutique\\\/#website\",\"url\":\"https:\\\/\\\/www.guayapi.com\\\/boutique\\\/\",\"name\":\"Guayapi\",\"description\":\"Super-aliments \u2022 \u00c9picerie fine \u2022 Cosm\u00e9tiques\",\"potentialAction\":[{\"@type\":\"SearchAction\",\"target\":{\"@type\":\"EntryPoint\",\"urlTemplate\":\"https:\\\/\\\/www.guayapi.com\\\/boutique\\\/?s={search_term_string}\"},\"query-input\":{\"@type\":\"PropertyValueSpecification\",\"valueRequired\":true,\"valueName\":\"search_term_string\"}}],\"inLanguage\":\"fr-FR\"}]}<\/script>","yoast_head_json":{"title":"Livre \"St\u00e9via, le sucre vertueux\" - Guayapi","robots":{"index":"index","follow":"follow","max-snippet":"max-snippet:-1","max-image-preview":"max-image-preview:large","max-video-preview":"max-video-preview:-1"},"canonical":"https:\/\/www.guayapi.com\/boutique\/produit\/livre-stevia-le-sucre-vertueux\/","og_locale":"fr_FR","og_type":"article","og_title":"Livre \"St\u00e9via, le sucre vertueux\" - Guayapi","og_description":"Il existe plus de 150 esp\u00e8ces de St\u00e9via dont certaines sont r\u00e9put\u00e9es pour leur pouvoir \u00e9dulcorant. L&rsquo;origine de la plante se trouve en Am\u00e9rique du Sud o\u00f9 les Indiens Guarani l&rsquo;utilisaient pour adoucir leurs infusions. Les extraits de la feuille ayant un pouvoir sucrant tr\u00e8s sup\u00e9rieur \u00e0 notre sucre, cette plante a attir\u00e9 l&rsquo;attention des","og_url":"https:\/\/www.guayapi.com\/boutique\/produit\/livre-stevia-le-sucre-vertueux\/","og_site_name":"Guayapi","article_modified_time":"2022-11-29T15:34:24+00:00","og_image":[{"width":200,"height":286,"url":"https:\/\/www.guayapi.com\/boutique\/wp-content\/uploads\/2020\/10\/stevia-le-sucre-vertueux.jpg","type":"image\/jpeg"}],"twitter_card":"summary_large_image","twitter_misc":{"Dur\u00e9e de lecture estim\u00e9e":"2 minutes"},"schema":{"@context":"https:\/\/schema.org","@graph":[{"@type":"WebPage","@id":"https:\/\/www.guayapi.com\/boutique\/produit\/livre-stevia-le-sucre-vertueux\/","url":"https:\/\/www.guayapi.com\/boutique\/produit\/livre-stevia-le-sucre-vertueux\/","name":"Livre \"St\u00e9via, le sucre vertueux\" - Guayapi","isPartOf":{"@id":"https:\/\/www.guayapi.com\/boutique\/#website"},"primaryImageOfPage":{"@id":"https:\/\/www.guayapi.com\/boutique\/produit\/livre-stevia-le-sucre-vertueux\/#primaryimage"},"image":{"@id":"https:\/\/www.guayapi.com\/boutique\/produit\/livre-stevia-le-sucre-vertueux\/#primaryimage"},"thumbnailUrl":"https:\/\/www.guayapi.com\/boutique\/wp-content\/uploads\/2020\/10\/stevia-le-sucre-vertueux.jpg","datePublished":"2020-10-06T15:09:31+00:00","dateModified":"2022-11-29T15:34:24+00:00","breadcrumb":{"@id":"https:\/\/www.guayapi.com\/boutique\/produit\/livre-stevia-le-sucre-vertueux\/#breadcrumb"},"inLanguage":"fr-FR","potentialAction":[{"@type":"ReadAction","target":["https:\/\/www.guayapi.com\/boutique\/produit\/livre-stevia-le-sucre-vertueux\/"]}]},{"@type":"ImageObject","inLanguage":"fr-FR","@id":"https:\/\/www.guayapi.com\/boutique\/produit\/livre-stevia-le-sucre-vertueux\/#primaryimage","url":"https:\/\/www.guayapi.com\/boutique\/wp-content\/uploads\/2020\/10\/stevia-le-sucre-vertueux.jpg","contentUrl":"https:\/\/www.guayapi.com\/boutique\/wp-content\/uploads\/2020\/10\/stevia-le-sucre-vertueux.jpg","width":200,"height":286},{"@type":"BreadcrumbList","@id":"https:\/\/www.guayapi.com\/boutique\/produit\/livre-stevia-le-sucre-vertueux\/#breadcrumb","itemListElement":[{"@type":"ListItem","position":1,"name":"Accueil","item":"https:\/\/www.guayapi.com\/boutique\/"},{"@type":"ListItem","position":2,"name":"Boutique","item":"https:\/\/www.guayapi.com\/boutique\/"},{"@type":"ListItem","position":3,"name":"Livre \u00ab\u00a0St\u00e9via, le sucre vertueux\u00a0\u00bb"}]},{"@type":"WebSite","@id":"https:\/\/www.guayapi.com\/boutique\/#website","url":"https:\/\/www.guayapi.com\/boutique\/","name":"Guayapi","description":"Super-aliments \u2022 \u00c9picerie fine \u2022 Cosm\u00e9tiques","potentialAction":[{"@type":"SearchAction","target":{"@type":"EntryPoint","urlTemplate":"https:\/\/www.guayapi.com\/boutique\/?s={search_term_string}"},"query-input":{"@type":"PropertyValueSpecification","valueRequired":true,"valueName":"search_term_string"}}],"inLanguage":"fr-FR"}]}},"_links":{"self":[{"href":"https:\/\/www.guayapi.com\/boutique\/wp-json\/wp\/v2\/product\/22113","targetHints":{"allow":["GET"]}}],"collection":[{"href":"https:\/\/www.guayapi.com\/boutique\/wp-json\/wp\/v2\/product"}],"about":[{"href":"https:\/\/www.guayapi.com\/boutique\/wp-json\/wp\/v2\/types\/product"}],"wp:featuredmedia":[{"embeddable":true,"href":"https:\/\/www.guayapi.com\/boutique\/wp-json\/wp\/v2\/media\/22114"}],"wp:attachment":[{"href":"https:\/\/www.guayapi.com\/boutique\/wp-json\/wp\/v2\/media?parent=22113"}],"wp:term":[{"taxonomy":"product_brand","embeddable":true,"href":"https:\/\/www.guayapi.com\/boutique\/wp-json\/wp\/v2\/product_brand?post=22113"},{"taxonomy":"product_cat","embeddable":true,"href":"https:\/\/www.guayapi.com\/boutique\/wp-json\/wp\/v2\/product_cat?post=22113"},{"taxonomy":"product_tag","embeddable":true,"href":"https:\/\/www.guayapi.com\/boutique\/wp-json\/wp\/v2\/product_tag?post=22113"}],"curies":[{"name":"wp","href":"https:\/\/api.w.org\/{rel}","templated":true}]}}