{"id":2214,"date":"2017-04-13T17:19:41","date_gmt":"2017-04-13T15:19:41","guid":{"rendered":"https:\/\/www.guayapi.com\/boutique\/?post_type=product&#038;p=2214"},"modified":"2026-01-02T13:41:30","modified_gmt":"2026-01-02T12:41:30","slug":"parfum-amazonien-15-ml-2","status":"publish","type":"product","link":"https:\/\/www.guayapi.com\/boutique\/produit\/parfum-amazonien-15-ml-2\/","title":{"rendered":"Parfum Amazonien 50 ml"},"content":{"rendered":"<p>\u00ab Quand mixit\u00e9 rime avec sensualit\u00e9 \u00bb<br \/>\nDe l\u2019authentique pr\u00e9sent\u00e9 dans un flacon sobre qui respire la douceur du naturel et qui laissera sur votre peau une fra\u00eecheur musqu\u00e9e, sensuelle, envo\u00fbtante \u2026 une pluie d\u2019\u00e9rotisme assur\u00e9e. Pour homme ou femme. Unique, de par ses tonalit\u00e9s tropicales et sa fragrance bienfaisante, dynamisante, apaisante et relaxante, le parfum amazonien se veut gourmand, et pour cause, le citron vert, la bergamote, la mandarine, la foug\u00e8re en note de t\u00eate, le bois de rose, la mousse d\u2019arbre, la cardamome en note de c\u0153ur, la muscade, la maracuja, le benjoin, la myrrhe, la mousse, le patchouli en note de fond vous offrent un voyage voluptueux au c\u0153ur des moiteurs de la for\u00eat d\u2019Emeraude.<\/p>\n","protected":false},"excerpt":{"rendered":"<p>\u00ab Quand mixit\u00e9 rime avec sensualit\u00e9 \u00bb<br \/>\nDe l\u2019authentique pr\u00e9sent\u00e9 dans un flacon sobre qui respire la douceur du naturel et qui laissera sur votre peau une fra\u00eecheur musqu\u00e9e, sensuelle, envo\u00fbtante \u2026 une pluie d\u2019\u00e9rotisme assur\u00e9e. Pour homme ou femme. Unique, de par ses tonalit\u00e9s tropicales et sa fragrance bienfaisante, dynamisante, apaisante et relaxante, le parfum amazonien se veut gourmand, et pour cause, le citron vert, la bergamote, la mandarine, la foug\u00e8re en note de t\u00eate, le bois de rose, la mousse d\u2019arbre, la cardamome en note de c\u0153ur, la muscade, la maracuja, le benjoin, la myrrhe, la mousse, le patchouli en note de fond vous offrent un voyage voluptueux au c\u0153ur des moiteurs de la for\u00eat d\u2019Emeraude.<\/p>\n<p>(1.394\u20ac\/L)<\/p>\n","protected":false},"featured_media":35171,"template":"","meta":{"_acf_changed":false},"product_brand":[],"product_cat":[16],"product_tag":[446],"class_list":{"0":"post-2214","1":"product","2":"type-product","3":"status-publish","4":"has-post-thumbnail","6":"product_cat-cosmetiques","7":"product_tag-beaute","9":"first","10":"instock","11":"taxable","12":"shipping-taxable","13":"purchasable","14":"product-type-simple"},"acf":[],"yoast_head":"<title>Parfum Amazonien 50 ml - Guayapi<\/title>\n<meta name=\"robots\" content=\"index, follow, max-snippet:-1, max-image-preview:large, max-video-preview:-1\" \/>\n<link rel=\"canonical\" href=\"https:\/\/www.guayapi.com\/boutique\/produit\/parfum-amazonien-15-ml-2\/\" \/>\n<meta property=\"og:locale\" content=\"fr_FR\" \/>\n<meta property=\"og:type\" content=\"article\" \/>\n<meta property=\"og:title\" content=\"Parfum Amazonien 50 ml - Guayapi\" \/>\n<meta property=\"og:description\" content=\"\u00ab Quand mixit\u00e9 rime avec sensualit\u00e9 \u00bb De l\u2019authentique pr\u00e9sent\u00e9 dans un flacon sobre qui respire la douceur du naturel et qui laissera sur votre peau une fra\u00eecheur musqu\u00e9e, sensuelle, envo\u00fbtante \u2026 une pluie d\u2019\u00e9rotisme assur\u00e9e. Pour homme ou femme. Unique, de par ses tonalit\u00e9s tropicales et sa fragrance bienfaisante, dynamisante, apaisante et relaxante, le parfum amazonien se veut gourmand, et pour cause, le citron vert, la bergamote, la mandarine, la foug\u00e8re en note de t\u00eate, le bois de rose, la mousse d\u2019arbre, la cardamome en note de c\u0153ur, la muscade, la maracuja, le benjoin, la myrrhe, la mousse, le patchouli en note de fond vous offrent un voyage voluptueux au c\u0153ur des moiteurs de la for\u00eat d\u2019Emeraude.  (1.394\u20ac\/L)\" \/>\n<meta property=\"og:url\" content=\"https:\/\/www.guayapi.com\/boutique\/produit\/parfum-amazonien-15-ml-2\/\" \/>\n<meta property=\"og:site_name\" content=\"Guayapi\" \/>\n<meta property=\"article:modified_time\" content=\"2026-01-02T12:41:30+00:00\" \/>\n<meta property=\"og:image\" content=\"https:\/\/www.guayapi.com\/boutique\/wp-content\/uploads\/2017\/04\/whatsapp-image-2021-12-16-at-15.21.16-removebg-preview-e1639730033227.png\" \/>\n\t<meta property=\"og:image:width\" content=\"252\" \/>\n\t<meta property=\"og:image:height\" content=\"483\" \/>\n\t<meta property=\"og:image:type\" content=\"image\/png\" \/>\n<meta name=\"twitter:card\" content=\"summary_large_image\" \/>\n<meta name=\"twitter:label1\" content=\"Dur\u00e9e de lecture estim\u00e9e\" \/>\n\t<meta name=\"twitter:data1\" content=\"1 minute\" \/>\n<script type=\"application\/ld+json\" class=\"yoast-schema-graph\">{\"@context\":\"https:\\\/\\\/schema.org\",\"@graph\":[{\"@type\":\"WebPage\",\"@id\":\"https:\\\/\\\/www.guayapi.com\\\/boutique\\\/produit\\\/parfum-amazonien-15-ml-2\\\/\",\"url\":\"https:\\\/\\\/www.guayapi.com\\\/boutique\\\/produit\\\/parfum-amazonien-15-ml-2\\\/\",\"name\":\"Parfum Amazonien 50 ml - Guayapi\",\"isPartOf\":{\"@id\":\"https:\\\/\\\/www.guayapi.com\\\/boutique\\\/#website\"},\"primaryImageOfPage\":{\"@id\":\"https:\\\/\\\/www.guayapi.com\\\/boutique\\\/produit\\\/parfum-amazonien-15-ml-2\\\/#primaryimage\"},\"image\":{\"@id\":\"https:\\\/\\\/www.guayapi.com\\\/boutique\\\/produit\\\/parfum-amazonien-15-ml-2\\\/#primaryimage\"},\"thumbnailUrl\":\"https:\\\/\\\/www.guayapi.com\\\/boutique\\\/wp-content\\\/uploads\\\/2017\\\/04\\\/whatsapp-image-2021-12-16-at-15.21.16-removebg-preview-e1639730033227.png\",\"datePublished\":\"2017-04-13T15:19:41+00:00\",\"dateModified\":\"2026-01-02T12:41:30+00:00\",\"breadcrumb\":{\"@id\":\"https:\\\/\\\/www.guayapi.com\\\/boutique\\\/produit\\\/parfum-amazonien-15-ml-2\\\/#breadcrumb\"},\"inLanguage\":\"fr-FR\",\"potentialAction\":[{\"@type\":\"ReadAction\",\"target\":[\"https:\\\/\\\/www.guayapi.com\\\/boutique\\\/produit\\\/parfum-amazonien-15-ml-2\\\/\"]}]},{\"@type\":\"ImageObject\",\"inLanguage\":\"fr-FR\",\"@id\":\"https:\\\/\\\/www.guayapi.com\\\/boutique\\\/produit\\\/parfum-amazonien-15-ml-2\\\/#primaryimage\",\"url\":\"https:\\\/\\\/www.guayapi.com\\\/boutique\\\/wp-content\\\/uploads\\\/2017\\\/04\\\/whatsapp-image-2021-12-16-at-15.21.16-removebg-preview-e1639730033227.png\",\"contentUrl\":\"https:\\\/\\\/www.guayapi.com\\\/boutique\\\/wp-content\\\/uploads\\\/2017\\\/04\\\/whatsapp-image-2021-12-16-at-15.21.16-removebg-preview-e1639730033227.png\",\"width\":252,\"height\":483},{\"@type\":\"BreadcrumbList\",\"@id\":\"https:\\\/\\\/www.guayapi.com\\\/boutique\\\/produit\\\/parfum-amazonien-15-ml-2\\\/#breadcrumb\",\"itemListElement\":[{\"@type\":\"ListItem\",\"position\":1,\"name\":\"Accueil\",\"item\":\"https:\\\/\\\/www.guayapi.com\\\/boutique\\\/\"},{\"@type\":\"ListItem\",\"position\":2,\"name\":\"Boutique\",\"item\":\"https:\\\/\\\/www.guayapi.com\\\/boutique\\\/\"},{\"@type\":\"ListItem\",\"position\":3,\"name\":\"Parfum Amazonien 50 ml\"}]},{\"@type\":\"WebSite\",\"@id\":\"https:\\\/\\\/www.guayapi.com\\\/boutique\\\/#website\",\"url\":\"https:\\\/\\\/www.guayapi.com\\\/boutique\\\/\",\"name\":\"Guayapi\",\"description\":\"Super-aliments \u2022 \u00c9picerie fine \u2022 Cosm\u00e9tiques\",\"potentialAction\":[{\"@type\":\"SearchAction\",\"target\":{\"@type\":\"EntryPoint\",\"urlTemplate\":\"https:\\\/\\\/www.guayapi.com\\\/boutique\\\/?s={search_term_string}\"},\"query-input\":{\"@type\":\"PropertyValueSpecification\",\"valueRequired\":true,\"valueName\":\"search_term_string\"}}],\"inLanguage\":\"fr-FR\"}]}<\/script>","yoast_head_json":{"title":"Parfum Amazonien 50 ml - Guayapi","robots":{"index":"index","follow":"follow","max-snippet":"max-snippet:-1","max-image-preview":"max-image-preview:large","max-video-preview":"max-video-preview:-1"},"canonical":"https:\/\/www.guayapi.com\/boutique\/produit\/parfum-amazonien-15-ml-2\/","og_locale":"fr_FR","og_type":"article","og_title":"Parfum Amazonien 50 ml - Guayapi","og_description":"\u00ab Quand mixit\u00e9 rime avec sensualit\u00e9 \u00bb De l\u2019authentique pr\u00e9sent\u00e9 dans un flacon sobre qui respire la douceur du naturel et qui laissera sur votre peau une fra\u00eecheur musqu\u00e9e, sensuelle, envo\u00fbtante \u2026 une pluie d\u2019\u00e9rotisme assur\u00e9e. Pour homme ou femme. Unique, de par ses tonalit\u00e9s tropicales et sa fragrance bienfaisante, dynamisante, apaisante et relaxante, le parfum amazonien se veut gourmand, et pour cause, le citron vert, la bergamote, la mandarine, la foug\u00e8re en note de t\u00eate, le bois de rose, la mousse d\u2019arbre, la cardamome en note de c\u0153ur, la muscade, la maracuja, le benjoin, la myrrhe, la mousse, le patchouli en note de fond vous offrent un voyage voluptueux au c\u0153ur des moiteurs de la for\u00eat d\u2019Emeraude.  (1.394\u20ac\/L)","og_url":"https:\/\/www.guayapi.com\/boutique\/produit\/parfum-amazonien-15-ml-2\/","og_site_name":"Guayapi","article_modified_time":"2026-01-02T12:41:30+00:00","og_image":[{"width":252,"height":483,"url":"https:\/\/www.guayapi.com\/boutique\/wp-content\/uploads\/2017\/04\/whatsapp-image-2021-12-16-at-15.21.16-removebg-preview-e1639730033227.png","type":"image\/png"}],"twitter_card":"summary_large_image","twitter_misc":{"Dur\u00e9e de lecture estim\u00e9e":"1 minute"},"schema":{"@context":"https:\/\/schema.org","@graph":[{"@type":"WebPage","@id":"https:\/\/www.guayapi.com\/boutique\/produit\/parfum-amazonien-15-ml-2\/","url":"https:\/\/www.guayapi.com\/boutique\/produit\/parfum-amazonien-15-ml-2\/","name":"Parfum Amazonien 50 ml - Guayapi","isPartOf":{"@id":"https:\/\/www.guayapi.com\/boutique\/#website"},"primaryImageOfPage":{"@id":"https:\/\/www.guayapi.com\/boutique\/produit\/parfum-amazonien-15-ml-2\/#primaryimage"},"image":{"@id":"https:\/\/www.guayapi.com\/boutique\/produit\/parfum-amazonien-15-ml-2\/#primaryimage"},"thumbnailUrl":"https:\/\/www.guayapi.com\/boutique\/wp-content\/uploads\/2017\/04\/whatsapp-image-2021-12-16-at-15.21.16-removebg-preview-e1639730033227.png","datePublished":"2017-04-13T15:19:41+00:00","dateModified":"2026-01-02T12:41:30+00:00","breadcrumb":{"@id":"https:\/\/www.guayapi.com\/boutique\/produit\/parfum-amazonien-15-ml-2\/#breadcrumb"},"inLanguage":"fr-FR","potentialAction":[{"@type":"ReadAction","target":["https:\/\/www.guayapi.com\/boutique\/produit\/parfum-amazonien-15-ml-2\/"]}]},{"@type":"ImageObject","inLanguage":"fr-FR","@id":"https:\/\/www.guayapi.com\/boutique\/produit\/parfum-amazonien-15-ml-2\/#primaryimage","url":"https:\/\/www.guayapi.com\/boutique\/wp-content\/uploads\/2017\/04\/whatsapp-image-2021-12-16-at-15.21.16-removebg-preview-e1639730033227.png","contentUrl":"https:\/\/www.guayapi.com\/boutique\/wp-content\/uploads\/2017\/04\/whatsapp-image-2021-12-16-at-15.21.16-removebg-preview-e1639730033227.png","width":252,"height":483},{"@type":"BreadcrumbList","@id":"https:\/\/www.guayapi.com\/boutique\/produit\/parfum-amazonien-15-ml-2\/#breadcrumb","itemListElement":[{"@type":"ListItem","position":1,"name":"Accueil","item":"https:\/\/www.guayapi.com\/boutique\/"},{"@type":"ListItem","position":2,"name":"Boutique","item":"https:\/\/www.guayapi.com\/boutique\/"},{"@type":"ListItem","position":3,"name":"Parfum Amazonien 50 ml"}]},{"@type":"WebSite","@id":"https:\/\/www.guayapi.com\/boutique\/#website","url":"https:\/\/www.guayapi.com\/boutique\/","name":"Guayapi","description":"Super-aliments \u2022 \u00c9picerie fine \u2022 Cosm\u00e9tiques","potentialAction":[{"@type":"SearchAction","target":{"@type":"EntryPoint","urlTemplate":"https:\/\/www.guayapi.com\/boutique\/?s={search_term_string}"},"query-input":{"@type":"PropertyValueSpecification","valueRequired":true,"valueName":"search_term_string"}}],"inLanguage":"fr-FR"}]}},"_links":{"self":[{"href":"https:\/\/www.guayapi.com\/boutique\/wp-json\/wp\/v2\/product\/2214","targetHints":{"allow":["GET"]}}],"collection":[{"href":"https:\/\/www.guayapi.com\/boutique\/wp-json\/wp\/v2\/product"}],"about":[{"href":"https:\/\/www.guayapi.com\/boutique\/wp-json\/wp\/v2\/types\/product"}],"wp:featuredmedia":[{"embeddable":true,"href":"https:\/\/www.guayapi.com\/boutique\/wp-json\/wp\/v2\/media\/35171"}],"wp:attachment":[{"href":"https:\/\/www.guayapi.com\/boutique\/wp-json\/wp\/v2\/media?parent=2214"}],"wp:term":[{"taxonomy":"product_brand","embeddable":true,"href":"https:\/\/www.guayapi.com\/boutique\/wp-json\/wp\/v2\/product_brand?post=2214"},{"taxonomy":"product_cat","embeddable":true,"href":"https:\/\/www.guayapi.com\/boutique\/wp-json\/wp\/v2\/product_cat?post=2214"},{"taxonomy":"product_tag","embeddable":true,"href":"https:\/\/www.guayapi.com\/boutique\/wp-json\/wp\/v2\/product_tag?post=2214"}],"curies":[{"name":"wp","href":"https:\/\/api.w.org\/{rel}","templated":true}]}}