{"id":2216,"date":"2017-04-13T17:45:22","date_gmt":"2017-04-13T15:45:22","guid":{"rendered":"https:\/\/www.guayapi.com\/boutique\/?post_type=product&#038;p=2216"},"modified":"2026-03-30T15:53:00","modified_gmt":"2026-03-30T13:53:00","slug":"cire-de-jojoba","status":"publish","type":"product","link":"https:\/\/www.guayapi.com\/boutique\/produit\/cire-de-jojoba\/","title":{"rendered":"Cire De Jojoba"},"content":{"rendered":"<p>\u00ab Hydratante et relipidante \u00bb<br \/>\n100% pure, sans parfum ni odeur, cette cire liquide non grasse offre un fort pouvoir hydratant permettant de maintenir le tonus et la vitalit\u00e9 de la peau \u00e0 son niveau le plus haut. Hydratant les couches sup\u00e9rieures de l\u2019\u00e9piderme, le jojoba revitalise et renforce \u00e9galement le cuir chevelu et les pointes s\u00e8ches.<br \/>\nConseils d\u2019utilisation : appliquer quelques gouttes matin et soir, pour d\u00e9fatiguer et hydrater le visage. Peut remplacer un lait hydratant sur les jambes et les bras gr\u00e2ce \u00e0 l\u2019application de quelques gouttes apr\u00e8s la douche sur la peau encore l\u00e9g\u00e8rement humide. Enfin, la cire de jojoba gaine les cheveux, les rend lisses, soyeux et faciles \u00e0 peigner. A utiliser chaque semaine en couches plus \u00e9paisses, en masque.<\/p>\n<p>(436\u20ac\/L)<\/p>\n","protected":false},"excerpt":{"rendered":"<p>\u00ab Hydratante et restructurante \u00bb<br \/>\n100% pure, sans parfum ni odeur, cette cire liquide non grasse offre un fort pouvoir hydratant permettant de maintenir le tonus et la vitalit\u00e9 de la peau \u00e0 son niveau le plus haut. Hydratant les couches sup\u00e9rieures de l\u2019\u00e9piderme, le jojoba revitalise et renforce \u00e9galement le cuir chevelu et les pointes s\u00e8ches.<br \/>\nConseils d\u2019utilisation : appliquer quelques gouttes matin et soir, pour d\u00e9fatiguer et hydrater le visage. Peut remplacer un lait hydratant sur les jambes et les bras gr\u00e2ce \u00e0 l\u2019application de quelques gouttes apr\u00e8s la douche sur la peau encore l\u00e9g\u00e8rement humide. Enfin, la cire de jojoba gaine les cheveux, les rend lisses, soyeux et faciles \u00e0 peigner. A utiliser chaque semaine en couches plus \u00e9paisses, en masque.<\/p>\n<p>&nbsp;<\/p>\n<p>&nbsp;<\/p>\n<p>(436 \u20ac \/L)<\/p>\n","protected":false},"featured_media":45085,"template":"","meta":{"_acf_changed":false},"product_brand":[],"product_cat":[16],"product_tag":[446,471],"class_list":{"0":"post-2216","1":"product","2":"type-product","3":"status-publish","4":"has-post-thumbnail","6":"product_cat-cosmetiques","7":"product_tag-beaute","8":"product_tag-massage","10":"first","11":"outofstock","12":"taxable","13":"shipping-taxable","14":"purchasable","15":"product-type-simple"},"acf":[],"yoast_head":"<title>Cire De Jojoba - Guayapi<\/title>\n<meta name=\"robots\" content=\"index, follow, max-snippet:-1, max-image-preview:large, max-video-preview:-1\" \/>\n<link rel=\"canonical\" href=\"https:\/\/www.guayapi.com\/boutique\/produit\/cire-de-jojoba\/\" \/>\n<meta property=\"og:locale\" content=\"fr_FR\" \/>\n<meta property=\"og:type\" content=\"article\" \/>\n<meta property=\"og:title\" content=\"Cire De Jojoba - Guayapi\" \/>\n<meta property=\"og:description\" content=\"\u00ab Hydratante et restructurante \u00bb 100% pure, sans parfum ni odeur, cette cire liquide non grasse offre un fort pouvoir hydratant permettant de maintenir le tonus et la vitalit\u00e9 de la peau \u00e0 son niveau le plus haut. Hydratant les couches sup\u00e9rieures de l\u2019\u00e9piderme, le jojoba revitalise et renforce \u00e9galement le cuir chevelu et les pointes s\u00e8ches. Conseils d\u2019utilisation : appliquer quelques gouttes matin et soir, pour d\u00e9fatiguer et hydrater le visage. Peut remplacer un lait hydratant sur les jambes et les bras gr\u00e2ce \u00e0 l\u2019application de quelques gouttes apr\u00e8s la douche sur la peau encore l\u00e9g\u00e8rement humide. Enfin, la cire de jojoba gaine les cheveux, les rend lisses, soyeux et faciles \u00e0 peigner. A utiliser chaque semaine en couches plus \u00e9paisses, en masque.  &nbsp;  &nbsp;  (436 \u20ac \/L)\" \/>\n<meta property=\"og:url\" content=\"https:\/\/www.guayapi.com\/boutique\/produit\/cire-de-jojoba\/\" \/>\n<meta property=\"og:site_name\" content=\"Guayapi\" \/>\n<meta property=\"article:modified_time\" content=\"2026-03-30T13:53:00+00:00\" \/>\n<meta property=\"og:image\" content=\"https:\/\/www.guayapi.com\/boutique\/wp-content\/uploads\/2017\/04\/dsc-5113-29-removebg-preview-e1669302074461.png\" \/>\n\t<meta property=\"og:image:width\" content=\"226\" \/>\n\t<meta property=\"og:image:height\" content=\"467\" \/>\n\t<meta property=\"og:image:type\" content=\"image\/png\" \/>\n<meta name=\"twitter:card\" content=\"summary_large_image\" \/>\n<meta name=\"twitter:label1\" content=\"Dur\u00e9e de lecture estim\u00e9e\" \/>\n\t<meta name=\"twitter:data1\" content=\"1 minute\" \/>\n<script type=\"application\/ld+json\" class=\"yoast-schema-graph\">{\"@context\":\"https:\\\/\\\/schema.org\",\"@graph\":[{\"@type\":\"WebPage\",\"@id\":\"https:\\\/\\\/www.guayapi.com\\\/boutique\\\/produit\\\/cire-de-jojoba\\\/\",\"url\":\"https:\\\/\\\/www.guayapi.com\\\/boutique\\\/produit\\\/cire-de-jojoba\\\/\",\"name\":\"Cire De Jojoba - Guayapi\",\"isPartOf\":{\"@id\":\"https:\\\/\\\/www.guayapi.com\\\/boutique\\\/#website\"},\"primaryImageOfPage\":{\"@id\":\"https:\\\/\\\/www.guayapi.com\\\/boutique\\\/produit\\\/cire-de-jojoba\\\/#primaryimage\"},\"image\":{\"@id\":\"https:\\\/\\\/www.guayapi.com\\\/boutique\\\/produit\\\/cire-de-jojoba\\\/#primaryimage\"},\"thumbnailUrl\":\"https:\\\/\\\/www.guayapi.com\\\/boutique\\\/wp-content\\\/uploads\\\/2017\\\/04\\\/dsc-5113-29-removebg-preview-e1669302074461.png\",\"datePublished\":\"2017-04-13T15:45:22+00:00\",\"dateModified\":\"2026-03-30T13:53:00+00:00\",\"breadcrumb\":{\"@id\":\"https:\\\/\\\/www.guayapi.com\\\/boutique\\\/produit\\\/cire-de-jojoba\\\/#breadcrumb\"},\"inLanguage\":\"fr-FR\",\"potentialAction\":[{\"@type\":\"ReadAction\",\"target\":[\"https:\\\/\\\/www.guayapi.com\\\/boutique\\\/produit\\\/cire-de-jojoba\\\/\"]}]},{\"@type\":\"ImageObject\",\"inLanguage\":\"fr-FR\",\"@id\":\"https:\\\/\\\/www.guayapi.com\\\/boutique\\\/produit\\\/cire-de-jojoba\\\/#primaryimage\",\"url\":\"https:\\\/\\\/www.guayapi.com\\\/boutique\\\/wp-content\\\/uploads\\\/2017\\\/04\\\/dsc-5113-29-removebg-preview-e1669302074461.png\",\"contentUrl\":\"https:\\\/\\\/www.guayapi.com\\\/boutique\\\/wp-content\\\/uploads\\\/2017\\\/04\\\/dsc-5113-29-removebg-preview-e1669302074461.png\",\"width\":226,\"height\":467},{\"@type\":\"BreadcrumbList\",\"@id\":\"https:\\\/\\\/www.guayapi.com\\\/boutique\\\/produit\\\/cire-de-jojoba\\\/#breadcrumb\",\"itemListElement\":[{\"@type\":\"ListItem\",\"position\":1,\"name\":\"Accueil\",\"item\":\"https:\\\/\\\/www.guayapi.com\\\/boutique\\\/\"},{\"@type\":\"ListItem\",\"position\":2,\"name\":\"Boutique\",\"item\":\"https:\\\/\\\/www.guayapi.com\\\/boutique\\\/\"},{\"@type\":\"ListItem\",\"position\":3,\"name\":\"Cire De Jojoba\"}]},{\"@type\":\"WebSite\",\"@id\":\"https:\\\/\\\/www.guayapi.com\\\/boutique\\\/#website\",\"url\":\"https:\\\/\\\/www.guayapi.com\\\/boutique\\\/\",\"name\":\"Guayapi\",\"description\":\"Super-aliments \u2022 \u00c9picerie fine \u2022 Cosm\u00e9tiques\",\"potentialAction\":[{\"@type\":\"SearchAction\",\"target\":{\"@type\":\"EntryPoint\",\"urlTemplate\":\"https:\\\/\\\/www.guayapi.com\\\/boutique\\\/?s={search_term_string}\"},\"query-input\":{\"@type\":\"PropertyValueSpecification\",\"valueRequired\":true,\"valueName\":\"search_term_string\"}}],\"inLanguage\":\"fr-FR\"}]}<\/script>","yoast_head_json":{"title":"Cire De Jojoba - Guayapi","robots":{"index":"index","follow":"follow","max-snippet":"max-snippet:-1","max-image-preview":"max-image-preview:large","max-video-preview":"max-video-preview:-1"},"canonical":"https:\/\/www.guayapi.com\/boutique\/produit\/cire-de-jojoba\/","og_locale":"fr_FR","og_type":"article","og_title":"Cire De Jojoba - Guayapi","og_description":"\u00ab Hydratante et restructurante \u00bb 100% pure, sans parfum ni odeur, cette cire liquide non grasse offre un fort pouvoir hydratant permettant de maintenir le tonus et la vitalit\u00e9 de la peau \u00e0 son niveau le plus haut. Hydratant les couches sup\u00e9rieures de l\u2019\u00e9piderme, le jojoba revitalise et renforce \u00e9galement le cuir chevelu et les pointes s\u00e8ches. Conseils d\u2019utilisation : appliquer quelques gouttes matin et soir, pour d\u00e9fatiguer et hydrater le visage. Peut remplacer un lait hydratant sur les jambes et les bras gr\u00e2ce \u00e0 l\u2019application de quelques gouttes apr\u00e8s la douche sur la peau encore l\u00e9g\u00e8rement humide. Enfin, la cire de jojoba gaine les cheveux, les rend lisses, soyeux et faciles \u00e0 peigner. A utiliser chaque semaine en couches plus \u00e9paisses, en masque.  &nbsp;  &nbsp;  (436 \u20ac \/L)","og_url":"https:\/\/www.guayapi.com\/boutique\/produit\/cire-de-jojoba\/","og_site_name":"Guayapi","article_modified_time":"2026-03-30T13:53:00+00:00","og_image":[{"width":226,"height":467,"url":"https:\/\/www.guayapi.com\/boutique\/wp-content\/uploads\/2017\/04\/dsc-5113-29-removebg-preview-e1669302074461.png","type":"image\/png"}],"twitter_card":"summary_large_image","twitter_misc":{"Dur\u00e9e de lecture estim\u00e9e":"1 minute"},"schema":{"@context":"https:\/\/schema.org","@graph":[{"@type":"WebPage","@id":"https:\/\/www.guayapi.com\/boutique\/produit\/cire-de-jojoba\/","url":"https:\/\/www.guayapi.com\/boutique\/produit\/cire-de-jojoba\/","name":"Cire De Jojoba - Guayapi","isPartOf":{"@id":"https:\/\/www.guayapi.com\/boutique\/#website"},"primaryImageOfPage":{"@id":"https:\/\/www.guayapi.com\/boutique\/produit\/cire-de-jojoba\/#primaryimage"},"image":{"@id":"https:\/\/www.guayapi.com\/boutique\/produit\/cire-de-jojoba\/#primaryimage"},"thumbnailUrl":"https:\/\/www.guayapi.com\/boutique\/wp-content\/uploads\/2017\/04\/dsc-5113-29-removebg-preview-e1669302074461.png","datePublished":"2017-04-13T15:45:22+00:00","dateModified":"2026-03-30T13:53:00+00:00","breadcrumb":{"@id":"https:\/\/www.guayapi.com\/boutique\/produit\/cire-de-jojoba\/#breadcrumb"},"inLanguage":"fr-FR","potentialAction":[{"@type":"ReadAction","target":["https:\/\/www.guayapi.com\/boutique\/produit\/cire-de-jojoba\/"]}]},{"@type":"ImageObject","inLanguage":"fr-FR","@id":"https:\/\/www.guayapi.com\/boutique\/produit\/cire-de-jojoba\/#primaryimage","url":"https:\/\/www.guayapi.com\/boutique\/wp-content\/uploads\/2017\/04\/dsc-5113-29-removebg-preview-e1669302074461.png","contentUrl":"https:\/\/www.guayapi.com\/boutique\/wp-content\/uploads\/2017\/04\/dsc-5113-29-removebg-preview-e1669302074461.png","width":226,"height":467},{"@type":"BreadcrumbList","@id":"https:\/\/www.guayapi.com\/boutique\/produit\/cire-de-jojoba\/#breadcrumb","itemListElement":[{"@type":"ListItem","position":1,"name":"Accueil","item":"https:\/\/www.guayapi.com\/boutique\/"},{"@type":"ListItem","position":2,"name":"Boutique","item":"https:\/\/www.guayapi.com\/boutique\/"},{"@type":"ListItem","position":3,"name":"Cire De Jojoba"}]},{"@type":"WebSite","@id":"https:\/\/www.guayapi.com\/boutique\/#website","url":"https:\/\/www.guayapi.com\/boutique\/","name":"Guayapi","description":"Super-aliments \u2022 \u00c9picerie fine \u2022 Cosm\u00e9tiques","potentialAction":[{"@type":"SearchAction","target":{"@type":"EntryPoint","urlTemplate":"https:\/\/www.guayapi.com\/boutique\/?s={search_term_string}"},"query-input":{"@type":"PropertyValueSpecification","valueRequired":true,"valueName":"search_term_string"}}],"inLanguage":"fr-FR"}]}},"_links":{"self":[{"href":"https:\/\/www.guayapi.com\/boutique\/wp-json\/wp\/v2\/product\/2216","targetHints":{"allow":["GET"]}}],"collection":[{"href":"https:\/\/www.guayapi.com\/boutique\/wp-json\/wp\/v2\/product"}],"about":[{"href":"https:\/\/www.guayapi.com\/boutique\/wp-json\/wp\/v2\/types\/product"}],"wp:featuredmedia":[{"embeddable":true,"href":"https:\/\/www.guayapi.com\/boutique\/wp-json\/wp\/v2\/media\/45085"}],"wp:attachment":[{"href":"https:\/\/www.guayapi.com\/boutique\/wp-json\/wp\/v2\/media?parent=2216"}],"wp:term":[{"taxonomy":"product_brand","embeddable":true,"href":"https:\/\/www.guayapi.com\/boutique\/wp-json\/wp\/v2\/product_brand?post=2216"},{"taxonomy":"product_cat","embeddable":true,"href":"https:\/\/www.guayapi.com\/boutique\/wp-json\/wp\/v2\/product_cat?post=2216"},{"taxonomy":"product_tag","embeddable":true,"href":"https:\/\/www.guayapi.com\/boutique\/wp-json\/wp\/v2\/product_tag?post=2216"}],"curies":[{"name":"wp","href":"https:\/\/api.w.org\/{rel}","templated":true}]}}