{"id":2220,"date":"2017-04-13T17:48:31","date_gmt":"2017-04-13T15:48:31","guid":{"rendered":"https:\/\/www.guayapi.com\/boutique\/?post_type=product&#038;p=2220"},"modified":"2026-01-02T12:31:04","modified_gmt":"2026-01-02T11:31:04","slug":"huile-solaire-a-lurucum","status":"publish","type":"product","link":"https:\/\/www.guayapi.com\/boutique\/produit\/huile-solaire-a-lurucum\/","title":{"rendered":"Huile Solaire \u00e0 l&rsquo;Urucum"},"content":{"rendered":"<p>Riche en antioxydants, cette huile solaire prolonge le bronzage. Alliance de l\u2019Urucum \u00e0 l\u2019huile de Coco Nucifera, une formulation \u00e9tonnante.<\/p>\n<p>Ses meilleurs actifs : Huile de Coco Nucif\u00e9ra, Urucum, Huile de S\u00e9same et Parfum d\u2019Huile d\u2019Ylang Ylang.<\/p>\n","protected":false},"excerpt":{"rendered":"<p>Riche en antioxydants, cette huile solaire prolonge le bronzage. Alliance de l\u2019Urucum \u00e0 l\u2019huile de Coco Nucifera, une formulation \u00e9tonnante.<\/p>\n<p>Ses meilleurs actifs : Huile de Coco Nucif\u00e9ra, Urucum, Huile de S\u00e9same et Parfum d\u2019Huile d\u2019Ylang Ylang.<\/p>\n<p>(260\u20ac \/L)<\/p>\n","protected":false},"featured_media":2888,"template":"","meta":{"_acf_changed":false},"product_brand":[],"product_cat":[16],"product_tag":[50,446],"class_list":{"0":"post-2220","1":"product","2":"type-product","3":"status-publish","4":"has-post-thumbnail","6":"product_cat-cosmetiques","7":"product_tag-bronzage-soleil-peau","8":"product_tag-beaute","10":"first","11":"outofstock","12":"featured","13":"taxable","14":"shipping-taxable","15":"purchasable","16":"product-type-simple"},"acf":[],"yoast_head":"<title>Huile Solaire \u00e0 l&#039;Urucum - Guayapi<\/title>\n<meta name=\"robots\" content=\"index, follow, max-snippet:-1, max-image-preview:large, max-video-preview:-1\" \/>\n<link rel=\"canonical\" href=\"https:\/\/www.guayapi.com\/boutique\/produit\/huile-solaire-a-lurucum\/\" \/>\n<meta property=\"og:locale\" content=\"fr_FR\" \/>\n<meta property=\"og:type\" content=\"article\" \/>\n<meta property=\"og:title\" content=\"Huile Solaire \u00e0 l&#039;Urucum - Guayapi\" \/>\n<meta property=\"og:description\" content=\"Riche en antioxydants, cette huile solaire prolonge le bronzage. Alliance de l\u2019Urucum \u00e0 l\u2019huile de Coco Nucifera, une formulation \u00e9tonnante.  Ses meilleurs actifs : Huile de Coco Nucif\u00e9ra, Urucum, Huile de S\u00e9same et Parfum d\u2019Huile d\u2019Ylang Ylang.  (260\u20ac \/L)\" \/>\n<meta property=\"og:url\" content=\"https:\/\/www.guayapi.com\/boutique\/produit\/huile-solaire-a-lurucum\/\" \/>\n<meta property=\"og:site_name\" content=\"Guayapi\" \/>\n<meta property=\"article:modified_time\" content=\"2026-01-02T11:31:04+00:00\" \/>\n<meta property=\"og:image\" content=\"https:\/\/www.guayapi.com\/boutique\/wp-content\/uploads\/2017\/04\/guayapi-huile-solaire-copie.png\" \/>\n\t<meta property=\"og:image:width\" content=\"313\" \/>\n\t<meta property=\"og:image:height\" content=\"1200\" \/>\n\t<meta property=\"og:image:type\" content=\"image\/png\" \/>\n<meta name=\"twitter:card\" content=\"summary_large_image\" \/>\n<meta name=\"twitter:label1\" content=\"Dur\u00e9e de lecture estim\u00e9e\" \/>\n\t<meta name=\"twitter:data1\" content=\"1 minute\" \/>\n<script type=\"application\/ld+json\" class=\"yoast-schema-graph\">{\"@context\":\"https:\\\/\\\/schema.org\",\"@graph\":[{\"@type\":\"WebPage\",\"@id\":\"https:\\\/\\\/www.guayapi.com\\\/boutique\\\/produit\\\/huile-solaire-a-lurucum\\\/\",\"url\":\"https:\\\/\\\/www.guayapi.com\\\/boutique\\\/produit\\\/huile-solaire-a-lurucum\\\/\",\"name\":\"Huile Solaire \u00e0 l'Urucum - Guayapi\",\"isPartOf\":{\"@id\":\"https:\\\/\\\/www.guayapi.com\\\/boutique\\\/#website\"},\"primaryImageOfPage\":{\"@id\":\"https:\\\/\\\/www.guayapi.com\\\/boutique\\\/produit\\\/huile-solaire-a-lurucum\\\/#primaryimage\"},\"image\":{\"@id\":\"https:\\\/\\\/www.guayapi.com\\\/boutique\\\/produit\\\/huile-solaire-a-lurucum\\\/#primaryimage\"},\"thumbnailUrl\":\"https:\\\/\\\/www.guayapi.com\\\/boutique\\\/wp-content\\\/uploads\\\/2017\\\/04\\\/guayapi-huile-solaire-copie.png\",\"datePublished\":\"2017-04-13T15:48:31+00:00\",\"dateModified\":\"2026-01-02T11:31:04+00:00\",\"breadcrumb\":{\"@id\":\"https:\\\/\\\/www.guayapi.com\\\/boutique\\\/produit\\\/huile-solaire-a-lurucum\\\/#breadcrumb\"},\"inLanguage\":\"fr-FR\",\"potentialAction\":[{\"@type\":\"ReadAction\",\"target\":[\"https:\\\/\\\/www.guayapi.com\\\/boutique\\\/produit\\\/huile-solaire-a-lurucum\\\/\"]}]},{\"@type\":\"ImageObject\",\"inLanguage\":\"fr-FR\",\"@id\":\"https:\\\/\\\/www.guayapi.com\\\/boutique\\\/produit\\\/huile-solaire-a-lurucum\\\/#primaryimage\",\"url\":\"https:\\\/\\\/www.guayapi.com\\\/boutique\\\/wp-content\\\/uploads\\\/2017\\\/04\\\/guayapi-huile-solaire-copie.png\",\"contentUrl\":\"https:\\\/\\\/www.guayapi.com\\\/boutique\\\/wp-content\\\/uploads\\\/2017\\\/04\\\/guayapi-huile-solaire-copie.png\",\"width\":313,\"height\":1200},{\"@type\":\"BreadcrumbList\",\"@id\":\"https:\\\/\\\/www.guayapi.com\\\/boutique\\\/produit\\\/huile-solaire-a-lurucum\\\/#breadcrumb\",\"itemListElement\":[{\"@type\":\"ListItem\",\"position\":1,\"name\":\"Accueil\",\"item\":\"https:\\\/\\\/www.guayapi.com\\\/boutique\\\/\"},{\"@type\":\"ListItem\",\"position\":2,\"name\":\"Boutique\",\"item\":\"https:\\\/\\\/www.guayapi.com\\\/boutique\\\/\"},{\"@type\":\"ListItem\",\"position\":3,\"name\":\"Huile Solaire \u00e0 l&rsquo;Urucum\"}]},{\"@type\":\"WebSite\",\"@id\":\"https:\\\/\\\/www.guayapi.com\\\/boutique\\\/#website\",\"url\":\"https:\\\/\\\/www.guayapi.com\\\/boutique\\\/\",\"name\":\"Guayapi\",\"description\":\"Super-aliments \u2022 \u00c9picerie fine \u2022 Cosm\u00e9tiques\",\"potentialAction\":[{\"@type\":\"SearchAction\",\"target\":{\"@type\":\"EntryPoint\",\"urlTemplate\":\"https:\\\/\\\/www.guayapi.com\\\/boutique\\\/?s={search_term_string}\"},\"query-input\":{\"@type\":\"PropertyValueSpecification\",\"valueRequired\":true,\"valueName\":\"search_term_string\"}}],\"inLanguage\":\"fr-FR\"}]}<\/script>","yoast_head_json":{"title":"Huile Solaire \u00e0 l'Urucum - Guayapi","robots":{"index":"index","follow":"follow","max-snippet":"max-snippet:-1","max-image-preview":"max-image-preview:large","max-video-preview":"max-video-preview:-1"},"canonical":"https:\/\/www.guayapi.com\/boutique\/produit\/huile-solaire-a-lurucum\/","og_locale":"fr_FR","og_type":"article","og_title":"Huile Solaire \u00e0 l'Urucum - Guayapi","og_description":"Riche en antioxydants, cette huile solaire prolonge le bronzage. Alliance de l\u2019Urucum \u00e0 l\u2019huile de Coco Nucifera, une formulation \u00e9tonnante.  Ses meilleurs actifs : Huile de Coco Nucif\u00e9ra, Urucum, Huile de S\u00e9same et Parfum d\u2019Huile d\u2019Ylang Ylang.  (260\u20ac \/L)","og_url":"https:\/\/www.guayapi.com\/boutique\/produit\/huile-solaire-a-lurucum\/","og_site_name":"Guayapi","article_modified_time":"2026-01-02T11:31:04+00:00","og_image":[{"width":313,"height":1200,"url":"https:\/\/www.guayapi.com\/boutique\/wp-content\/uploads\/2017\/04\/guayapi-huile-solaire-copie.png","type":"image\/png"}],"twitter_card":"summary_large_image","twitter_misc":{"Dur\u00e9e de lecture estim\u00e9e":"1 minute"},"schema":{"@context":"https:\/\/schema.org","@graph":[{"@type":"WebPage","@id":"https:\/\/www.guayapi.com\/boutique\/produit\/huile-solaire-a-lurucum\/","url":"https:\/\/www.guayapi.com\/boutique\/produit\/huile-solaire-a-lurucum\/","name":"Huile Solaire \u00e0 l'Urucum - Guayapi","isPartOf":{"@id":"https:\/\/www.guayapi.com\/boutique\/#website"},"primaryImageOfPage":{"@id":"https:\/\/www.guayapi.com\/boutique\/produit\/huile-solaire-a-lurucum\/#primaryimage"},"image":{"@id":"https:\/\/www.guayapi.com\/boutique\/produit\/huile-solaire-a-lurucum\/#primaryimage"},"thumbnailUrl":"https:\/\/www.guayapi.com\/boutique\/wp-content\/uploads\/2017\/04\/guayapi-huile-solaire-copie.png","datePublished":"2017-04-13T15:48:31+00:00","dateModified":"2026-01-02T11:31:04+00:00","breadcrumb":{"@id":"https:\/\/www.guayapi.com\/boutique\/produit\/huile-solaire-a-lurucum\/#breadcrumb"},"inLanguage":"fr-FR","potentialAction":[{"@type":"ReadAction","target":["https:\/\/www.guayapi.com\/boutique\/produit\/huile-solaire-a-lurucum\/"]}]},{"@type":"ImageObject","inLanguage":"fr-FR","@id":"https:\/\/www.guayapi.com\/boutique\/produit\/huile-solaire-a-lurucum\/#primaryimage","url":"https:\/\/www.guayapi.com\/boutique\/wp-content\/uploads\/2017\/04\/guayapi-huile-solaire-copie.png","contentUrl":"https:\/\/www.guayapi.com\/boutique\/wp-content\/uploads\/2017\/04\/guayapi-huile-solaire-copie.png","width":313,"height":1200},{"@type":"BreadcrumbList","@id":"https:\/\/www.guayapi.com\/boutique\/produit\/huile-solaire-a-lurucum\/#breadcrumb","itemListElement":[{"@type":"ListItem","position":1,"name":"Accueil","item":"https:\/\/www.guayapi.com\/boutique\/"},{"@type":"ListItem","position":2,"name":"Boutique","item":"https:\/\/www.guayapi.com\/boutique\/"},{"@type":"ListItem","position":3,"name":"Huile Solaire \u00e0 l&rsquo;Urucum"}]},{"@type":"WebSite","@id":"https:\/\/www.guayapi.com\/boutique\/#website","url":"https:\/\/www.guayapi.com\/boutique\/","name":"Guayapi","description":"Super-aliments \u2022 \u00c9picerie fine \u2022 Cosm\u00e9tiques","potentialAction":[{"@type":"SearchAction","target":{"@type":"EntryPoint","urlTemplate":"https:\/\/www.guayapi.com\/boutique\/?s={search_term_string}"},"query-input":{"@type":"PropertyValueSpecification","valueRequired":true,"valueName":"search_term_string"}}],"inLanguage":"fr-FR"}]}},"_links":{"self":[{"href":"https:\/\/www.guayapi.com\/boutique\/wp-json\/wp\/v2\/product\/2220","targetHints":{"allow":["GET"]}}],"collection":[{"href":"https:\/\/www.guayapi.com\/boutique\/wp-json\/wp\/v2\/product"}],"about":[{"href":"https:\/\/www.guayapi.com\/boutique\/wp-json\/wp\/v2\/types\/product"}],"wp:featuredmedia":[{"embeddable":true,"href":"https:\/\/www.guayapi.com\/boutique\/wp-json\/wp\/v2\/media\/2888"}],"wp:attachment":[{"href":"https:\/\/www.guayapi.com\/boutique\/wp-json\/wp\/v2\/media?parent=2220"}],"wp:term":[{"taxonomy":"product_brand","embeddable":true,"href":"https:\/\/www.guayapi.com\/boutique\/wp-json\/wp\/v2\/product_brand?post=2220"},{"taxonomy":"product_cat","embeddable":true,"href":"https:\/\/www.guayapi.com\/boutique\/wp-json\/wp\/v2\/product_cat?post=2220"},{"taxonomy":"product_tag","embeddable":true,"href":"https:\/\/www.guayapi.com\/boutique\/wp-json\/wp\/v2\/product_tag?post=2220"}],"curies":[{"name":"wp","href":"https:\/\/api.w.org\/{rel}","templated":true}]}}