{"id":2230,"date":"2017-04-13T18:11:40","date_gmt":"2017-04-13T16:11:40","guid":{"rendered":"https:\/\/www.guayapi.com\/boutique\/?post_type=product&#038;p=2230"},"modified":"2026-01-02T11:40:39","modified_gmt":"2026-01-02T10:40:39","slug":"farine-de-kurakkan","status":"publish","type":"product","link":"https:\/\/www.guayapi.com\/boutique\/produit\/farine-de-kurakkan\/","title":{"rendered":"Farine de Kurakkan"},"content":{"rendered":"<p>Sans gluten, la farine de Kurrakan est tr\u00e8s riche en acides amin\u00e9s, min\u00e9raux et vitamine, et est source de fibres, de calcium et de fer. Excellent pour les b\u00e9b\u00e9s, les enfants, les personnes \u00e2g\u00e9es, les femmes allaitantes, les v\u00e9g\u00e9taliens, les v\u00e9g\u00e9tariens, et les vegans.<br \/>\nLe Kurrakan est une vari\u00e9t\u00e9 de millet sauvage Sri Lankais dont la richesse en fait un produit unique en son genre.<\/p>\n<p>Il est tr\u00e8s \u00e9cologique, car il enrichit la terre et puise le carbone polluant. Le Kurrakan contribue \u00e0 la s\u00e9questration rapide de carbone, tandis qu\u2019il enrichit le sol avec l\u2019azote.<\/p>\n<p>INFORMATION NUTRITIONNELLE POUR 100 GRAMMES<\/p>\n<p>Valeur \u00e9nerg\u00e9tique:<br \/>\nKcal 396,<br \/>\nKJ 1657<\/p>\n<p>Lipides: 1,5 g;<br \/>\nDont acides gras satur\u00e9s: 0 g<\/p>\n<p>Glucides: 88;<br \/>\nDont sucres: 0 g<\/p>\n<p>Fibres: 3 g<\/p>\n<p>Prot\u00e9ines: 7,6 g<\/p>\n<p>Sel: 0 g<\/p>\n<p>Vitamine A : 480 \u03bcg (60% des VNR*)<br \/>\nThiamine (Vitamine B1) : 0,33 mg (30% des VNR*)<br \/>\nCalcium: 410 mg (51,25% des VNR*)<br \/>\nPhosphore: 290 mg (41,43% des VNR*)<br \/>\nFer : 12,6 mg (90% des VNR*)<\/p>\n<p>*VNR: Valeur Nutritionnelle de R\u00e9f\u00e9rence<\/p>\n","protected":false},"excerpt":{"rendered":"<p>C\u00e9r\u00e9ale vari\u00e9t\u00e9 de Millet Sauvage des hauts-plateaux du Sri Lanka<br \/>\nSans gluten<\/p>\n<p>(19,28\u20ac \/kg)<\/p>\n<p>&nbsp;<\/p>\n","protected":false},"featured_media":50434,"template":"","meta":{"_acf_changed":false},"product_brand":[],"product_cat":[9],"product_tag":[250],"class_list":{"0":"post-2230","1":"product","2":"type-product","3":"status-publish","4":"has-post-thumbnail","6":"product_cat-epicerie-fine","7":"product_tag-sans-gluten","9":"first","10":"instock","11":"taxable","12":"shipping-taxable","13":"purchasable","14":"product-type-simple"},"acf":[],"yoast_head":"<title>Farine de Kurakkan - Guayapi<\/title>\n<meta name=\"robots\" content=\"index, follow, max-snippet:-1, max-image-preview:large, max-video-preview:-1\" \/>\n<link rel=\"canonical\" href=\"https:\/\/www.guayapi.com\/boutique\/produit\/farine-de-kurakkan\/\" \/>\n<meta property=\"og:locale\" content=\"fr_FR\" \/>\n<meta property=\"og:type\" content=\"article\" \/>\n<meta property=\"og:title\" content=\"Farine de Kurakkan - Guayapi\" \/>\n<meta property=\"og:description\" content=\"C\u00e9r\u00e9ale vari\u00e9t\u00e9 de Millet Sauvage des hauts-plateaux du Sri Lanka Sans gluten  (19,28\u20ac \/kg)  &nbsp;\" \/>\n<meta property=\"og:url\" content=\"https:\/\/www.guayapi.com\/boutique\/produit\/farine-de-kurakkan\/\" \/>\n<meta property=\"og:site_name\" content=\"Guayapi\" \/>\n<meta property=\"article:modified_time\" content=\"2026-01-02T10:40:39+00:00\" \/>\n<meta property=\"og:image\" content=\"https:\/\/www.guayapi.com\/boutique\/wp-content\/uploads\/2017\/04\/whatsapp-image-2025-09-24-at-125401-removebg-preview.png\" \/>\n\t<meta property=\"og:image:width\" content=\"404\" \/>\n\t<meta property=\"og:image:height\" content=\"617\" \/>\n\t<meta property=\"og:image:type\" content=\"image\/png\" \/>\n<meta name=\"twitter:card\" content=\"summary_large_image\" \/>\n<meta name=\"twitter:label1\" content=\"Dur\u00e9e de lecture estim\u00e9e\" \/>\n\t<meta name=\"twitter:data1\" content=\"2 minutes\" \/>\n<script type=\"application\/ld+json\" class=\"yoast-schema-graph\">{\"@context\":\"https:\\\/\\\/schema.org\",\"@graph\":[{\"@type\":\"WebPage\",\"@id\":\"https:\\\/\\\/www.guayapi.com\\\/boutique\\\/produit\\\/farine-de-kurakkan\\\/\",\"url\":\"https:\\\/\\\/www.guayapi.com\\\/boutique\\\/produit\\\/farine-de-kurakkan\\\/\",\"name\":\"Farine de Kurakkan - Guayapi\",\"isPartOf\":{\"@id\":\"https:\\\/\\\/www.guayapi.com\\\/boutique\\\/#website\"},\"primaryImageOfPage\":{\"@id\":\"https:\\\/\\\/www.guayapi.com\\\/boutique\\\/produit\\\/farine-de-kurakkan\\\/#primaryimage\"},\"image\":{\"@id\":\"https:\\\/\\\/www.guayapi.com\\\/boutique\\\/produit\\\/farine-de-kurakkan\\\/#primaryimage\"},\"thumbnailUrl\":\"https:\\\/\\\/www.guayapi.com\\\/boutique\\\/wp-content\\\/uploads\\\/2017\\\/04\\\/whatsapp-image-2025-09-24-at-125401-removebg-preview.png\",\"datePublished\":\"2017-04-13T16:11:40+00:00\",\"dateModified\":\"2026-01-02T10:40:39+00:00\",\"breadcrumb\":{\"@id\":\"https:\\\/\\\/www.guayapi.com\\\/boutique\\\/produit\\\/farine-de-kurakkan\\\/#breadcrumb\"},\"inLanguage\":\"fr-FR\",\"potentialAction\":[{\"@type\":\"ReadAction\",\"target\":[\"https:\\\/\\\/www.guayapi.com\\\/boutique\\\/produit\\\/farine-de-kurakkan\\\/\"]}]},{\"@type\":\"ImageObject\",\"inLanguage\":\"fr-FR\",\"@id\":\"https:\\\/\\\/www.guayapi.com\\\/boutique\\\/produit\\\/farine-de-kurakkan\\\/#primaryimage\",\"url\":\"https:\\\/\\\/www.guayapi.com\\\/boutique\\\/wp-content\\\/uploads\\\/2017\\\/04\\\/whatsapp-image-2025-09-24-at-125401-removebg-preview.png\",\"contentUrl\":\"https:\\\/\\\/www.guayapi.com\\\/boutique\\\/wp-content\\\/uploads\\\/2017\\\/04\\\/whatsapp-image-2025-09-24-at-125401-removebg-preview.png\",\"width\":404,\"height\":617},{\"@type\":\"BreadcrumbList\",\"@id\":\"https:\\\/\\\/www.guayapi.com\\\/boutique\\\/produit\\\/farine-de-kurakkan\\\/#breadcrumb\",\"itemListElement\":[{\"@type\":\"ListItem\",\"position\":1,\"name\":\"Accueil\",\"item\":\"https:\\\/\\\/www.guayapi.com\\\/boutique\\\/\"},{\"@type\":\"ListItem\",\"position\":2,\"name\":\"Boutique\",\"item\":\"https:\\\/\\\/www.guayapi.com\\\/boutique\\\/\"},{\"@type\":\"ListItem\",\"position\":3,\"name\":\"Farine de Kurakkan\"}]},{\"@type\":\"WebSite\",\"@id\":\"https:\\\/\\\/www.guayapi.com\\\/boutique\\\/#website\",\"url\":\"https:\\\/\\\/www.guayapi.com\\\/boutique\\\/\",\"name\":\"Guayapi\",\"description\":\"Super-aliments \u2022 \u00c9picerie fine \u2022 Cosm\u00e9tiques\",\"potentialAction\":[{\"@type\":\"SearchAction\",\"target\":{\"@type\":\"EntryPoint\",\"urlTemplate\":\"https:\\\/\\\/www.guayapi.com\\\/boutique\\\/?s={search_term_string}\"},\"query-input\":{\"@type\":\"PropertyValueSpecification\",\"valueRequired\":true,\"valueName\":\"search_term_string\"}}],\"inLanguage\":\"fr-FR\"}]}<\/script>","yoast_head_json":{"title":"Farine de Kurakkan - Guayapi","robots":{"index":"index","follow":"follow","max-snippet":"max-snippet:-1","max-image-preview":"max-image-preview:large","max-video-preview":"max-video-preview:-1"},"canonical":"https:\/\/www.guayapi.com\/boutique\/produit\/farine-de-kurakkan\/","og_locale":"fr_FR","og_type":"article","og_title":"Farine de Kurakkan - Guayapi","og_description":"C\u00e9r\u00e9ale vari\u00e9t\u00e9 de Millet Sauvage des hauts-plateaux du Sri Lanka Sans gluten  (19,28\u20ac \/kg)  &nbsp;","og_url":"https:\/\/www.guayapi.com\/boutique\/produit\/farine-de-kurakkan\/","og_site_name":"Guayapi","article_modified_time":"2026-01-02T10:40:39+00:00","og_image":[{"width":404,"height":617,"url":"https:\/\/www.guayapi.com\/boutique\/wp-content\/uploads\/2017\/04\/whatsapp-image-2025-09-24-at-125401-removebg-preview.png","type":"image\/png"}],"twitter_card":"summary_large_image","twitter_misc":{"Dur\u00e9e de lecture estim\u00e9e":"2 minutes"},"schema":{"@context":"https:\/\/schema.org","@graph":[{"@type":"WebPage","@id":"https:\/\/www.guayapi.com\/boutique\/produit\/farine-de-kurakkan\/","url":"https:\/\/www.guayapi.com\/boutique\/produit\/farine-de-kurakkan\/","name":"Farine de Kurakkan - Guayapi","isPartOf":{"@id":"https:\/\/www.guayapi.com\/boutique\/#website"},"primaryImageOfPage":{"@id":"https:\/\/www.guayapi.com\/boutique\/produit\/farine-de-kurakkan\/#primaryimage"},"image":{"@id":"https:\/\/www.guayapi.com\/boutique\/produit\/farine-de-kurakkan\/#primaryimage"},"thumbnailUrl":"https:\/\/www.guayapi.com\/boutique\/wp-content\/uploads\/2017\/04\/whatsapp-image-2025-09-24-at-125401-removebg-preview.png","datePublished":"2017-04-13T16:11:40+00:00","dateModified":"2026-01-02T10:40:39+00:00","breadcrumb":{"@id":"https:\/\/www.guayapi.com\/boutique\/produit\/farine-de-kurakkan\/#breadcrumb"},"inLanguage":"fr-FR","potentialAction":[{"@type":"ReadAction","target":["https:\/\/www.guayapi.com\/boutique\/produit\/farine-de-kurakkan\/"]}]},{"@type":"ImageObject","inLanguage":"fr-FR","@id":"https:\/\/www.guayapi.com\/boutique\/produit\/farine-de-kurakkan\/#primaryimage","url":"https:\/\/www.guayapi.com\/boutique\/wp-content\/uploads\/2017\/04\/whatsapp-image-2025-09-24-at-125401-removebg-preview.png","contentUrl":"https:\/\/www.guayapi.com\/boutique\/wp-content\/uploads\/2017\/04\/whatsapp-image-2025-09-24-at-125401-removebg-preview.png","width":404,"height":617},{"@type":"BreadcrumbList","@id":"https:\/\/www.guayapi.com\/boutique\/produit\/farine-de-kurakkan\/#breadcrumb","itemListElement":[{"@type":"ListItem","position":1,"name":"Accueil","item":"https:\/\/www.guayapi.com\/boutique\/"},{"@type":"ListItem","position":2,"name":"Boutique","item":"https:\/\/www.guayapi.com\/boutique\/"},{"@type":"ListItem","position":3,"name":"Farine de Kurakkan"}]},{"@type":"WebSite","@id":"https:\/\/www.guayapi.com\/boutique\/#website","url":"https:\/\/www.guayapi.com\/boutique\/","name":"Guayapi","description":"Super-aliments \u2022 \u00c9picerie fine \u2022 Cosm\u00e9tiques","potentialAction":[{"@type":"SearchAction","target":{"@type":"EntryPoint","urlTemplate":"https:\/\/www.guayapi.com\/boutique\/?s={search_term_string}"},"query-input":{"@type":"PropertyValueSpecification","valueRequired":true,"valueName":"search_term_string"}}],"inLanguage":"fr-FR"}]}},"_links":{"self":[{"href":"https:\/\/www.guayapi.com\/boutique\/wp-json\/wp\/v2\/product\/2230","targetHints":{"allow":["GET"]}}],"collection":[{"href":"https:\/\/www.guayapi.com\/boutique\/wp-json\/wp\/v2\/product"}],"about":[{"href":"https:\/\/www.guayapi.com\/boutique\/wp-json\/wp\/v2\/types\/product"}],"wp:featuredmedia":[{"embeddable":true,"href":"https:\/\/www.guayapi.com\/boutique\/wp-json\/wp\/v2\/media\/50434"}],"wp:attachment":[{"href":"https:\/\/www.guayapi.com\/boutique\/wp-json\/wp\/v2\/media?parent=2230"}],"wp:term":[{"taxonomy":"product_brand","embeddable":true,"href":"https:\/\/www.guayapi.com\/boutique\/wp-json\/wp\/v2\/product_brand?post=2230"},{"taxonomy":"product_cat","embeddable":true,"href":"https:\/\/www.guayapi.com\/boutique\/wp-json\/wp\/v2\/product_cat?post=2230"},{"taxonomy":"product_tag","embeddable":true,"href":"https:\/\/www.guayapi.com\/boutique\/wp-json\/wp\/v2\/product_tag?post=2230"}],"curies":[{"name":"wp","href":"https:\/\/api.w.org\/{rel}","templated":true}]}}