{"id":22700,"date":"2020-11-04T09:27:13","date_gmt":"2020-11-04T08:27:13","guid":{"rendered":"https:\/\/www.guayapi.com\/boutique\/?post_type=product&#038;p=22700"},"modified":"2026-04-02T14:31:33","modified_gmt":"2026-04-02T12:31:33","slug":"huile-essentielle-au-fruit-de-palo-santo","status":"publish","type":"product","link":"https:\/\/www.guayapi.com\/boutique\/produit\/huile-essentielle-au-fruit-de-palo-santo\/","title":{"rendered":"Huile Essentielle de Fruits de Palo Santo"},"content":{"rendered":"<p>Le Palo Santo, litt\u00e9ralement le \u00ab\u00a0bois sacr\u00e9\u00a0\u00bb, est un bois dont l&rsquo;essence a \u00e9t\u00e9 utilis\u00e9e pendant des si\u00e8cles par des peuples tr\u00e8s divers : Les Jivaros, les Quechuas ou les Incas attribuent des vertus chamaniques \u00e0 son parfum.<\/p>\n<p>L&rsquo;huile essentielle du fruit du Palo Santo, plut\u00f4t que le bois, permet d&rsquo;obtenir un produit plus citrique, menthol\u00e9, notamment son proc\u00e9d\u00e9 d&rsquo;obtention \u00e9vite la destruction des for\u00eats et maintient les \u00e9cosyst\u00e8mes locaux.<\/p>\n<p>Ses caract\u00e9ristiques en font une plante importante pour l&rsquo;homme ainsi que pour la biodiversit\u00e9.<\/p>\n<p>L&rsquo;huile essentielle de fruit de Palo Santo est une essence mystique aux grands parfums. Sur diffuseur, elle d\u00e9ploie tout le bien-\u00eatre que son parfum apporte.<\/p>\n<p>Origine : Amazonie d&rsquo;Equateur<\/p>\n<p>M\u00e9thode de production : Cueillette sauvage dans un bois centenaire de Palo Santo, proc\u00e9d\u00e9 traditionnel.<\/p>\n<p>Mode d\u2019emploi : Utiliser avec un diffuseur d\u2019huile essentielle, deux \u00e0 trois gouttes.<\/p>\n<p>Pr\u00e9cautions: ne pas utiliser chez les femmes enceintes, allaitantes; ne pas utiliser chez les enfants de moins de sept ans; liquide et vapeurs inflammables ; maintenir \u00e9loign\u00e9 des sources de chaleurs ou flammes; nocif en cas d&rsquo;ingestion; peut \u00eatre mortel en cas d&rsquo;ingestion et de p\u00e9n\u00e9tration dans les voies respiratoires; peut provoquer une allergie cutan\u00e9e ; ne pas utiliser chez les personnes avec des ant\u00e9c\u00e9dents allergiques aux huiles essentielles. toxique pour les organismes aquatiques, entra\u00eene des effets n\u00e9fastes \u00e0 long terme.<\/p>\n<p>Caract\u00e9ristiques physiques et chimiques :<br \/>\nApparence : Incolore<br \/>\nAr\u00f4me : caract\u00e9ristique de l&rsquo;essence de Palo Santo, citrique, \u00e9pic\u00e9, bois\u00e9,<br \/>\nl\u00e9g\u00e8rement menthol\u00e9<br \/>\nLa solubilit\u00e9 : Insoluble dans l&rsquo;eau, soluble dans l&rsquo;alcool<br \/>\nValeur du pH : 3.67<br \/>\nLimon\u00e8ne : plus de 50%.<\/p>\n","protected":false},"excerpt":{"rendered":"<p>Huile essentielle du fruit de Palo Santo<\/p>\n<p>Plut\u00f4t que de couper son bois, l&rsquo;huile essentielle de Palo Santo est recueillie \u00e0 partir du fruit : la plante<br \/>\nreste en vie.<\/p>\n<p>MODE D&rsquo;EMPLOI : UTILISER AVEC UN DIFFUSEUR D&rsquo;HUILES ESSENTIELLES ; APPLIQUER UNE GOUTTE.<\/p>\n<p>&nbsp;<\/p>\n<p>(3.850,00\u20ac\/L au lieu de 5.100,00\u20ac\/L)<\/p>\n","protected":false},"featured_media":35176,"template":"","meta":{"_acf_changed":false},"product_brand":[],"product_cat":[338,346],"product_tag":[332],"class_list":{"0":"post-22700","1":"product","2":"type-product","3":"status-publish","4":"has-post-thumbnail","6":"product_cat-huile-essentielle","7":"product_cat-essential-oil-fr","8":"product_tag-detente-en-fr","10":"first","11":"instock","12":"sale","13":"taxable","14":"shipping-taxable","15":"purchasable","16":"product-type-simple"},"acf":[],"yoast_head":"<title>Huile Essentielle de Fruits de Palo Santo - Guayapi<\/title>\n<meta name=\"robots\" content=\"index, follow, max-snippet:-1, max-image-preview:large, max-video-preview:-1\" \/>\n<link rel=\"canonical\" href=\"https:\/\/www.guayapi.com\/boutique\/produit\/huile-essentielle-au-fruit-de-palo-santo\/\" \/>\n<meta property=\"og:locale\" content=\"fr_FR\" \/>\n<meta property=\"og:type\" content=\"article\" \/>\n<meta property=\"og:title\" content=\"Huile Essentielle de Fruits de Palo Santo - Guayapi\" \/>\n<meta property=\"og:description\" content=\"Huile essentielle du fruit de Palo Santo  Plut\u00f4t que de couper son bois, l&#039;huile essentielle de Palo Santo est recueillie \u00e0 partir du fruit : la plante reste en vie.  MODE D&#039;EMPLOI : UTILISER AVEC UN DIFFUSEUR D&#039;HUILES ESSENTIELLES ; APPLIQUER UNE GOUTTE.  &nbsp;  (3.850,00\u20ac\/L au lieu de 5.100,00\u20ac\/L)\" \/>\n<meta property=\"og:url\" content=\"https:\/\/www.guayapi.com\/boutique\/produit\/huile-essentielle-au-fruit-de-palo-santo\/\" \/>\n<meta property=\"og:site_name\" content=\"Guayapi\" \/>\n<meta property=\"article:modified_time\" content=\"2026-04-02T12:31:33+00:00\" \/>\n<meta property=\"og:image\" content=\"https:\/\/www.guayapi.com\/boutique\/wp-content\/uploads\/2020\/08\/guayapi-he-palo-santo-1-removebg-preview-e1639730785768.png\" \/>\n\t<meta property=\"og:image:width\" content=\"301\" \/>\n\t<meta property=\"og:image:height\" content=\"499\" \/>\n\t<meta property=\"og:image:type\" content=\"image\/png\" \/>\n<meta name=\"twitter:card\" content=\"summary_large_image\" \/>\n<meta name=\"twitter:label1\" content=\"Dur\u00e9e de lecture estim\u00e9e\" \/>\n\t<meta name=\"twitter:data1\" content=\"2 minutes\" \/>\n<script type=\"application\/ld+json\" class=\"yoast-schema-graph\">{\"@context\":\"https:\\\/\\\/schema.org\",\"@graph\":[{\"@type\":\"WebPage\",\"@id\":\"https:\\\/\\\/www.guayapi.com\\\/boutique\\\/produit\\\/huile-essentielle-au-fruit-de-palo-santo\\\/\",\"url\":\"https:\\\/\\\/www.guayapi.com\\\/boutique\\\/produit\\\/huile-essentielle-au-fruit-de-palo-santo\\\/\",\"name\":\"Huile Essentielle de Fruits de Palo Santo - Guayapi\",\"isPartOf\":{\"@id\":\"https:\\\/\\\/www.guayapi.com\\\/boutique\\\/#website\"},\"primaryImageOfPage\":{\"@id\":\"https:\\\/\\\/www.guayapi.com\\\/boutique\\\/produit\\\/huile-essentielle-au-fruit-de-palo-santo\\\/#primaryimage\"},\"image\":{\"@id\":\"https:\\\/\\\/www.guayapi.com\\\/boutique\\\/produit\\\/huile-essentielle-au-fruit-de-palo-santo\\\/#primaryimage\"},\"thumbnailUrl\":\"https:\\\/\\\/www.guayapi.com\\\/boutique\\\/wp-content\\\/uploads\\\/2020\\\/08\\\/guayapi-he-palo-santo-1-removebg-preview-e1639730785768.png\",\"datePublished\":\"2020-11-04T08:27:13+00:00\",\"dateModified\":\"2026-04-02T12:31:33+00:00\",\"breadcrumb\":{\"@id\":\"https:\\\/\\\/www.guayapi.com\\\/boutique\\\/produit\\\/huile-essentielle-au-fruit-de-palo-santo\\\/#breadcrumb\"},\"inLanguage\":\"fr-FR\",\"potentialAction\":[{\"@type\":\"ReadAction\",\"target\":[\"https:\\\/\\\/www.guayapi.com\\\/boutique\\\/produit\\\/huile-essentielle-au-fruit-de-palo-santo\\\/\"]}]},{\"@type\":\"ImageObject\",\"inLanguage\":\"fr-FR\",\"@id\":\"https:\\\/\\\/www.guayapi.com\\\/boutique\\\/produit\\\/huile-essentielle-au-fruit-de-palo-santo\\\/#primaryimage\",\"url\":\"https:\\\/\\\/www.guayapi.com\\\/boutique\\\/wp-content\\\/uploads\\\/2020\\\/08\\\/guayapi-he-palo-santo-1-removebg-preview-e1639730785768.png\",\"contentUrl\":\"https:\\\/\\\/www.guayapi.com\\\/boutique\\\/wp-content\\\/uploads\\\/2020\\\/08\\\/guayapi-he-palo-santo-1-removebg-preview-e1639730785768.png\",\"width\":301,\"height\":499},{\"@type\":\"BreadcrumbList\",\"@id\":\"https:\\\/\\\/www.guayapi.com\\\/boutique\\\/produit\\\/huile-essentielle-au-fruit-de-palo-santo\\\/#breadcrumb\",\"itemListElement\":[{\"@type\":\"ListItem\",\"position\":1,\"name\":\"Accueil\",\"item\":\"https:\\\/\\\/www.guayapi.com\\\/boutique\\\/\"},{\"@type\":\"ListItem\",\"position\":2,\"name\":\"Boutique\",\"item\":\"https:\\\/\\\/www.guayapi.com\\\/boutique\\\/\"},{\"@type\":\"ListItem\",\"position\":3,\"name\":\"Huile Essentielle de Fruits de Palo Santo\"}]},{\"@type\":\"WebSite\",\"@id\":\"https:\\\/\\\/www.guayapi.com\\\/boutique\\\/#website\",\"url\":\"https:\\\/\\\/www.guayapi.com\\\/boutique\\\/\",\"name\":\"Guayapi\",\"description\":\"Super-aliments \u2022 \u00c9picerie fine \u2022 Cosm\u00e9tiques\",\"potentialAction\":[{\"@type\":\"SearchAction\",\"target\":{\"@type\":\"EntryPoint\",\"urlTemplate\":\"https:\\\/\\\/www.guayapi.com\\\/boutique\\\/?s={search_term_string}\"},\"query-input\":{\"@type\":\"PropertyValueSpecification\",\"valueRequired\":true,\"valueName\":\"search_term_string\"}}],\"inLanguage\":\"fr-FR\"}]}<\/script>","yoast_head_json":{"title":"Huile Essentielle de Fruits de Palo Santo - Guayapi","robots":{"index":"index","follow":"follow","max-snippet":"max-snippet:-1","max-image-preview":"max-image-preview:large","max-video-preview":"max-video-preview:-1"},"canonical":"https:\/\/www.guayapi.com\/boutique\/produit\/huile-essentielle-au-fruit-de-palo-santo\/","og_locale":"fr_FR","og_type":"article","og_title":"Huile Essentielle de Fruits de Palo Santo - Guayapi","og_description":"Huile essentielle du fruit de Palo Santo  Plut\u00f4t que de couper son bois, l'huile essentielle de Palo Santo est recueillie \u00e0 partir du fruit : la plante reste en vie.  MODE D'EMPLOI : UTILISER AVEC UN DIFFUSEUR D'HUILES ESSENTIELLES ; APPLIQUER UNE GOUTTE.  &nbsp;  (3.850,00\u20ac\/L au lieu de 5.100,00\u20ac\/L)","og_url":"https:\/\/www.guayapi.com\/boutique\/produit\/huile-essentielle-au-fruit-de-palo-santo\/","og_site_name":"Guayapi","article_modified_time":"2026-04-02T12:31:33+00:00","og_image":[{"width":301,"height":499,"url":"https:\/\/www.guayapi.com\/boutique\/wp-content\/uploads\/2020\/08\/guayapi-he-palo-santo-1-removebg-preview-e1639730785768.png","type":"image\/png"}],"twitter_card":"summary_large_image","twitter_misc":{"Dur\u00e9e de lecture estim\u00e9e":"2 minutes"},"schema":{"@context":"https:\/\/schema.org","@graph":[{"@type":"WebPage","@id":"https:\/\/www.guayapi.com\/boutique\/produit\/huile-essentielle-au-fruit-de-palo-santo\/","url":"https:\/\/www.guayapi.com\/boutique\/produit\/huile-essentielle-au-fruit-de-palo-santo\/","name":"Huile Essentielle de Fruits de Palo Santo - Guayapi","isPartOf":{"@id":"https:\/\/www.guayapi.com\/boutique\/#website"},"primaryImageOfPage":{"@id":"https:\/\/www.guayapi.com\/boutique\/produit\/huile-essentielle-au-fruit-de-palo-santo\/#primaryimage"},"image":{"@id":"https:\/\/www.guayapi.com\/boutique\/produit\/huile-essentielle-au-fruit-de-palo-santo\/#primaryimage"},"thumbnailUrl":"https:\/\/www.guayapi.com\/boutique\/wp-content\/uploads\/2020\/08\/guayapi-he-palo-santo-1-removebg-preview-e1639730785768.png","datePublished":"2020-11-04T08:27:13+00:00","dateModified":"2026-04-02T12:31:33+00:00","breadcrumb":{"@id":"https:\/\/www.guayapi.com\/boutique\/produit\/huile-essentielle-au-fruit-de-palo-santo\/#breadcrumb"},"inLanguage":"fr-FR","potentialAction":[{"@type":"ReadAction","target":["https:\/\/www.guayapi.com\/boutique\/produit\/huile-essentielle-au-fruit-de-palo-santo\/"]}]},{"@type":"ImageObject","inLanguage":"fr-FR","@id":"https:\/\/www.guayapi.com\/boutique\/produit\/huile-essentielle-au-fruit-de-palo-santo\/#primaryimage","url":"https:\/\/www.guayapi.com\/boutique\/wp-content\/uploads\/2020\/08\/guayapi-he-palo-santo-1-removebg-preview-e1639730785768.png","contentUrl":"https:\/\/www.guayapi.com\/boutique\/wp-content\/uploads\/2020\/08\/guayapi-he-palo-santo-1-removebg-preview-e1639730785768.png","width":301,"height":499},{"@type":"BreadcrumbList","@id":"https:\/\/www.guayapi.com\/boutique\/produit\/huile-essentielle-au-fruit-de-palo-santo\/#breadcrumb","itemListElement":[{"@type":"ListItem","position":1,"name":"Accueil","item":"https:\/\/www.guayapi.com\/boutique\/"},{"@type":"ListItem","position":2,"name":"Boutique","item":"https:\/\/www.guayapi.com\/boutique\/"},{"@type":"ListItem","position":3,"name":"Huile Essentielle de Fruits de Palo Santo"}]},{"@type":"WebSite","@id":"https:\/\/www.guayapi.com\/boutique\/#website","url":"https:\/\/www.guayapi.com\/boutique\/","name":"Guayapi","description":"Super-aliments \u2022 \u00c9picerie fine \u2022 Cosm\u00e9tiques","potentialAction":[{"@type":"SearchAction","target":{"@type":"EntryPoint","urlTemplate":"https:\/\/www.guayapi.com\/boutique\/?s={search_term_string}"},"query-input":{"@type":"PropertyValueSpecification","valueRequired":true,"valueName":"search_term_string"}}],"inLanguage":"fr-FR"}]}},"_links":{"self":[{"href":"https:\/\/www.guayapi.com\/boutique\/wp-json\/wp\/v2\/product\/22700","targetHints":{"allow":["GET"]}}],"collection":[{"href":"https:\/\/www.guayapi.com\/boutique\/wp-json\/wp\/v2\/product"}],"about":[{"href":"https:\/\/www.guayapi.com\/boutique\/wp-json\/wp\/v2\/types\/product"}],"wp:featuredmedia":[{"embeddable":true,"href":"https:\/\/www.guayapi.com\/boutique\/wp-json\/wp\/v2\/media\/35176"}],"wp:attachment":[{"href":"https:\/\/www.guayapi.com\/boutique\/wp-json\/wp\/v2\/media?parent=22700"}],"wp:term":[{"taxonomy":"product_brand","embeddable":true,"href":"https:\/\/www.guayapi.com\/boutique\/wp-json\/wp\/v2\/product_brand?post=22700"},{"taxonomy":"product_cat","embeddable":true,"href":"https:\/\/www.guayapi.com\/boutique\/wp-json\/wp\/v2\/product_cat?post=22700"},{"taxonomy":"product_tag","embeddable":true,"href":"https:\/\/www.guayapi.com\/boutique\/wp-json\/wp\/v2\/product_tag?post=22700"}],"curies":[{"name":"wp","href":"https:\/\/api.w.org\/{rel}","templated":true}]}}