{"id":25547,"date":"2021-02-01T14:28:17","date_gmt":"2021-02-01T13:28:17","guid":{"rendered":"https:\/\/www.guayapi.com\/boutique\/?post_type=product&#038;p=25547"},"modified":"2026-01-02T14:07:39","modified_gmt":"2026-01-02T13:07:39","slug":"truffes-sexy-valentine-au-muirapuama-bois-bande-et-gingembre-100gr","status":"publish","type":"product","link":"https:\/\/www.guayapi.com\/boutique\/produit\/truffes-sexy-valentine-au-muirapuama-bois-bande-et-gingembre-100gr\/","title":{"rendered":"TRUFFES SEXY VALENTINE AU MUIRAPUAMA \/ BOIS BANDE ET GINGEMBRE (100GR)"},"content":{"rendered":"<p>S\u00e9rie limit\u00e9e SEXY VALENTINE : nous avons ajout\u00e9 nos fameuses plantes amazoniennes, issues de nos fili\u00e8res d&rsquo;excellences, aux fameuses truffes de cacao cru de nos partenaires <a href=\"https:\/\/rrraw.fr\/fr\/\">RRRAW CACAO<\/a> ! Les principes actifs contenus dans ces plantes, ainsi associ\u00e9es, sont r\u00e9put\u00e9s pour nous aider \u00e0 lib\u00e9rer et partager l\u2019\u00e9nergie d\u2019Amour qui est en nous.<\/p>\n<p>&nbsp;<\/p>\n<p>INFORMATION NUTRITIONNELLE POUR 100 G:<\/p>\n<p>Valeur \u00e9nerg\u00e9tique:<br \/>\nKcal 569;<br \/>\nKJ 2371<\/p>\n<p>Lipides: 41,87 g;<br \/>\nDont acides gras satur\u00e9s: 15,02 g;<\/p>\n<p>Glucides: 37,68 g;<br \/>\nDont sucres: 22,64 g<\/p>\n<p>Fibres: 14,63 g;<\/p>\n<p>Prot\u00e9ines: 9,11 g<\/p>\n<p>Sel: 0,03 g<\/p>\n<p>&nbsp;<\/p>\n","protected":false},"excerpt":{"rendered":"<p>Fabriqu\u00e9 artisanalement au c\u0153ur de Paris \u00e0 la RRRAW CACAO FACTORY avec la complicit\u00e9 de GUAYAPI et des Indiens Sater\u00e9 Maw\u00e9 d\u2019Amazonie.<\/p>\n<p>40% de Cacao<\/p>\n<p>Poids net: 100 g<\/p>\n<p>(185\u20ac \/ KG)<\/p>\n","protected":false},"featured_media":25548,"template":"","meta":{"_acf_changed":false},"product_brand":[],"product_cat":[9],"product_tag":[248],"class_list":{"0":"post-25547","1":"product","2":"type-product","3":"status-publish","4":"has-post-thumbnail","6":"product_cat-epicerie-fine","7":"product_tag-douceur","9":"first","10":"outofstock","11":"taxable","12":"shipping-taxable","13":"purchasable","14":"product-type-simple"},"acf":[],"yoast_head":"<title>TRUFFES SEXY VALENTINE AU MUIRAPUAMA \/ BOIS BANDE ET GINGEMBRE (100GR) - Guayapi<\/title>\n<meta name=\"description\" content=\"S\u00e9rie limit\u00e9e SEXY VALENTINE : nous avons ajout\u00e9, \u00e0 nos fameuses truffes de cacao cru, des plantes d\u2019Amazonie issues des fili\u00e8res d\u2019excellence de GUAYAPI TROPICAL. Les principes actifs contenus dans ces plantes, ainsi associ\u00e9es, sont r\u00e9put\u00e9s pour nous aider \u00e0 lib\u00e9rer et partager l\u2019\u00e9nergie d\u2019Amour qui est en nous.\" \/>\n<meta name=\"robots\" content=\"index, follow, max-snippet:-1, max-image-preview:large, max-video-preview:-1\" \/>\n<link rel=\"canonical\" href=\"https:\/\/www.guayapi.com\/boutique\/produit\/truffes-sexy-valentine-au-muirapuama-bois-bande-et-gingembre-100gr\/\" \/>\n<meta property=\"og:locale\" content=\"fr_FR\" \/>\n<meta property=\"og:type\" content=\"article\" \/>\n<meta property=\"og:title\" content=\"TRUFFES SEXY VALENTINE AU MUIRAPUAMA \/ BOIS BANDE ET GINGEMBRE (100GR) - Guayapi\" \/>\n<meta property=\"og:description\" content=\"S\u00e9rie limit\u00e9e SEXY VALENTINE : nous avons ajout\u00e9, \u00e0 nos fameuses truffes de cacao cru, des plantes d\u2019Amazonie issues des fili\u00e8res d\u2019excellence de GUAYAPI TROPICAL. Les principes actifs contenus dans ces plantes, ainsi associ\u00e9es, sont r\u00e9put\u00e9s pour nous aider \u00e0 lib\u00e9rer et partager l\u2019\u00e9nergie d\u2019Amour qui est en nous.\" \/>\n<meta property=\"og:url\" content=\"https:\/\/www.guayapi.com\/boutique\/produit\/truffes-sexy-valentine-au-muirapuama-bois-bande-et-gingembre-100gr\/\" \/>\n<meta property=\"og:site_name\" content=\"Guayapi\" \/>\n<meta property=\"article:modified_time\" content=\"2026-01-02T13:07:39+00:00\" \/>\n<meta property=\"og:image\" content=\"https:\/\/www.guayapi.com\/boutique\/wp-content\/uploads\/2021\/02\/r-100g-sexy-valentine.jpg\" \/>\n\t<meta property=\"og:image:width\" content=\"1772\" \/>\n\t<meta property=\"og:image:height\" content=\"1772\" \/>\n\t<meta property=\"og:image:type\" content=\"image\/jpeg\" \/>\n<meta name=\"twitter:card\" content=\"summary_large_image\" \/>\n<meta name=\"twitter:label1\" content=\"Dur\u00e9e de lecture estim\u00e9e\" \/>\n\t<meta name=\"twitter:data1\" content=\"1 minute\" \/>\n<script type=\"application\/ld+json\" class=\"yoast-schema-graph\">{\"@context\":\"https:\\\/\\\/schema.org\",\"@graph\":[{\"@type\":\"WebPage\",\"@id\":\"https:\\\/\\\/www.guayapi.com\\\/boutique\\\/produit\\\/truffes-sexy-valentine-au-muirapuama-bois-bande-et-gingembre-100gr\\\/\",\"url\":\"https:\\\/\\\/www.guayapi.com\\\/boutique\\\/produit\\\/truffes-sexy-valentine-au-muirapuama-bois-bande-et-gingembre-100gr\\\/\",\"name\":\"TRUFFES SEXY VALENTINE AU MUIRAPUAMA \\\/ BOIS BANDE ET GINGEMBRE (100GR) - Guayapi\",\"isPartOf\":{\"@id\":\"https:\\\/\\\/www.guayapi.com\\\/boutique\\\/#website\"},\"primaryImageOfPage\":{\"@id\":\"https:\\\/\\\/www.guayapi.com\\\/boutique\\\/produit\\\/truffes-sexy-valentine-au-muirapuama-bois-bande-et-gingembre-100gr\\\/#primaryimage\"},\"image\":{\"@id\":\"https:\\\/\\\/www.guayapi.com\\\/boutique\\\/produit\\\/truffes-sexy-valentine-au-muirapuama-bois-bande-et-gingembre-100gr\\\/#primaryimage\"},\"thumbnailUrl\":\"https:\\\/\\\/www.guayapi.com\\\/boutique\\\/wp-content\\\/uploads\\\/2021\\\/02\\\/r-100g-sexy-valentine.jpg\",\"datePublished\":\"2021-02-01T13:28:17+00:00\",\"dateModified\":\"2026-01-02T13:07:39+00:00\",\"description\":\"S\u00e9rie limit\u00e9e SEXY VALENTINE : nous avons ajout\u00e9, \u00e0 nos fameuses truffes de cacao cru, des plantes d\u2019Amazonie issues des fili\u00e8res d\u2019excellence de GUAYAPI TROPICAL. Les principes actifs contenus dans ces plantes, ainsi associ\u00e9es, sont r\u00e9put\u00e9s pour nous aider \u00e0 lib\u00e9rer et partager l\u2019\u00e9nergie d\u2019Amour qui est en nous.\",\"breadcrumb\":{\"@id\":\"https:\\\/\\\/www.guayapi.com\\\/boutique\\\/produit\\\/truffes-sexy-valentine-au-muirapuama-bois-bande-et-gingembre-100gr\\\/#breadcrumb\"},\"inLanguage\":\"fr-FR\",\"potentialAction\":[{\"@type\":\"ReadAction\",\"target\":[\"https:\\\/\\\/www.guayapi.com\\\/boutique\\\/produit\\\/truffes-sexy-valentine-au-muirapuama-bois-bande-et-gingembre-100gr\\\/\"]}]},{\"@type\":\"ImageObject\",\"inLanguage\":\"fr-FR\",\"@id\":\"https:\\\/\\\/www.guayapi.com\\\/boutique\\\/produit\\\/truffes-sexy-valentine-au-muirapuama-bois-bande-et-gingembre-100gr\\\/#primaryimage\",\"url\":\"https:\\\/\\\/www.guayapi.com\\\/boutique\\\/wp-content\\\/uploads\\\/2021\\\/02\\\/r-100g-sexy-valentine.jpg\",\"contentUrl\":\"https:\\\/\\\/www.guayapi.com\\\/boutique\\\/wp-content\\\/uploads\\\/2021\\\/02\\\/r-100g-sexy-valentine.jpg\",\"width\":1772,\"height\":1772},{\"@type\":\"BreadcrumbList\",\"@id\":\"https:\\\/\\\/www.guayapi.com\\\/boutique\\\/produit\\\/truffes-sexy-valentine-au-muirapuama-bois-bande-et-gingembre-100gr\\\/#breadcrumb\",\"itemListElement\":[{\"@type\":\"ListItem\",\"position\":1,\"name\":\"Accueil\",\"item\":\"https:\\\/\\\/www.guayapi.com\\\/boutique\\\/\"},{\"@type\":\"ListItem\",\"position\":2,\"name\":\"Boutique\",\"item\":\"https:\\\/\\\/www.guayapi.com\\\/boutique\\\/\"},{\"@type\":\"ListItem\",\"position\":3,\"name\":\"TRUFFES SEXY VALENTINE AU MUIRAPUAMA \\\/ BOIS BANDE ET GINGEMBRE (100GR)\"}]},{\"@type\":\"WebSite\",\"@id\":\"https:\\\/\\\/www.guayapi.com\\\/boutique\\\/#website\",\"url\":\"https:\\\/\\\/www.guayapi.com\\\/boutique\\\/\",\"name\":\"Guayapi\",\"description\":\"Super-aliments \u2022 \u00c9picerie fine \u2022 Cosm\u00e9tiques\",\"potentialAction\":[{\"@type\":\"SearchAction\",\"target\":{\"@type\":\"EntryPoint\",\"urlTemplate\":\"https:\\\/\\\/www.guayapi.com\\\/boutique\\\/?s={search_term_string}\"},\"query-input\":{\"@type\":\"PropertyValueSpecification\",\"valueRequired\":true,\"valueName\":\"search_term_string\"}}],\"inLanguage\":\"fr-FR\"}]}<\/script>","yoast_head_json":{"title":"TRUFFES SEXY VALENTINE AU MUIRAPUAMA \/ BOIS BANDE ET GINGEMBRE (100GR) - Guayapi","description":"S\u00e9rie limit\u00e9e SEXY VALENTINE : nous avons ajout\u00e9, \u00e0 nos fameuses truffes de cacao cru, des plantes d\u2019Amazonie issues des fili\u00e8res d\u2019excellence de GUAYAPI TROPICAL. Les principes actifs contenus dans ces plantes, ainsi associ\u00e9es, sont r\u00e9put\u00e9s pour nous aider \u00e0 lib\u00e9rer et partager l\u2019\u00e9nergie d\u2019Amour qui est en nous.","robots":{"index":"index","follow":"follow","max-snippet":"max-snippet:-1","max-image-preview":"max-image-preview:large","max-video-preview":"max-video-preview:-1"},"canonical":"https:\/\/www.guayapi.com\/boutique\/produit\/truffes-sexy-valentine-au-muirapuama-bois-bande-et-gingembre-100gr\/","og_locale":"fr_FR","og_type":"article","og_title":"TRUFFES SEXY VALENTINE AU MUIRAPUAMA \/ BOIS BANDE ET GINGEMBRE (100GR) - Guayapi","og_description":"S\u00e9rie limit\u00e9e SEXY VALENTINE : nous avons ajout\u00e9, \u00e0 nos fameuses truffes de cacao cru, des plantes d\u2019Amazonie issues des fili\u00e8res d\u2019excellence de GUAYAPI TROPICAL. Les principes actifs contenus dans ces plantes, ainsi associ\u00e9es, sont r\u00e9put\u00e9s pour nous aider \u00e0 lib\u00e9rer et partager l\u2019\u00e9nergie d\u2019Amour qui est en nous.","og_url":"https:\/\/www.guayapi.com\/boutique\/produit\/truffes-sexy-valentine-au-muirapuama-bois-bande-et-gingembre-100gr\/","og_site_name":"Guayapi","article_modified_time":"2026-01-02T13:07:39+00:00","og_image":[{"width":1772,"height":1772,"url":"https:\/\/www.guayapi.com\/boutique\/wp-content\/uploads\/2021\/02\/r-100g-sexy-valentine.jpg","type":"image\/jpeg"}],"twitter_card":"summary_large_image","twitter_misc":{"Dur\u00e9e de lecture estim\u00e9e":"1 minute"},"schema":{"@context":"https:\/\/schema.org","@graph":[{"@type":"WebPage","@id":"https:\/\/www.guayapi.com\/boutique\/produit\/truffes-sexy-valentine-au-muirapuama-bois-bande-et-gingembre-100gr\/","url":"https:\/\/www.guayapi.com\/boutique\/produit\/truffes-sexy-valentine-au-muirapuama-bois-bande-et-gingembre-100gr\/","name":"TRUFFES SEXY VALENTINE AU MUIRAPUAMA \/ BOIS BANDE ET GINGEMBRE (100GR) - Guayapi","isPartOf":{"@id":"https:\/\/www.guayapi.com\/boutique\/#website"},"primaryImageOfPage":{"@id":"https:\/\/www.guayapi.com\/boutique\/produit\/truffes-sexy-valentine-au-muirapuama-bois-bande-et-gingembre-100gr\/#primaryimage"},"image":{"@id":"https:\/\/www.guayapi.com\/boutique\/produit\/truffes-sexy-valentine-au-muirapuama-bois-bande-et-gingembre-100gr\/#primaryimage"},"thumbnailUrl":"https:\/\/www.guayapi.com\/boutique\/wp-content\/uploads\/2021\/02\/r-100g-sexy-valentine.jpg","datePublished":"2021-02-01T13:28:17+00:00","dateModified":"2026-01-02T13:07:39+00:00","description":"S\u00e9rie limit\u00e9e SEXY VALENTINE : nous avons ajout\u00e9, \u00e0 nos fameuses truffes de cacao cru, des plantes d\u2019Amazonie issues des fili\u00e8res d\u2019excellence de GUAYAPI TROPICAL. Les principes actifs contenus dans ces plantes, ainsi associ\u00e9es, sont r\u00e9put\u00e9s pour nous aider \u00e0 lib\u00e9rer et partager l\u2019\u00e9nergie d\u2019Amour qui est en nous.","breadcrumb":{"@id":"https:\/\/www.guayapi.com\/boutique\/produit\/truffes-sexy-valentine-au-muirapuama-bois-bande-et-gingembre-100gr\/#breadcrumb"},"inLanguage":"fr-FR","potentialAction":[{"@type":"ReadAction","target":["https:\/\/www.guayapi.com\/boutique\/produit\/truffes-sexy-valentine-au-muirapuama-bois-bande-et-gingembre-100gr\/"]}]},{"@type":"ImageObject","inLanguage":"fr-FR","@id":"https:\/\/www.guayapi.com\/boutique\/produit\/truffes-sexy-valentine-au-muirapuama-bois-bande-et-gingembre-100gr\/#primaryimage","url":"https:\/\/www.guayapi.com\/boutique\/wp-content\/uploads\/2021\/02\/r-100g-sexy-valentine.jpg","contentUrl":"https:\/\/www.guayapi.com\/boutique\/wp-content\/uploads\/2021\/02\/r-100g-sexy-valentine.jpg","width":1772,"height":1772},{"@type":"BreadcrumbList","@id":"https:\/\/www.guayapi.com\/boutique\/produit\/truffes-sexy-valentine-au-muirapuama-bois-bande-et-gingembre-100gr\/#breadcrumb","itemListElement":[{"@type":"ListItem","position":1,"name":"Accueil","item":"https:\/\/www.guayapi.com\/boutique\/"},{"@type":"ListItem","position":2,"name":"Boutique","item":"https:\/\/www.guayapi.com\/boutique\/"},{"@type":"ListItem","position":3,"name":"TRUFFES SEXY VALENTINE AU MUIRAPUAMA \/ BOIS BANDE ET GINGEMBRE (100GR)"}]},{"@type":"WebSite","@id":"https:\/\/www.guayapi.com\/boutique\/#website","url":"https:\/\/www.guayapi.com\/boutique\/","name":"Guayapi","description":"Super-aliments \u2022 \u00c9picerie fine \u2022 Cosm\u00e9tiques","potentialAction":[{"@type":"SearchAction","target":{"@type":"EntryPoint","urlTemplate":"https:\/\/www.guayapi.com\/boutique\/?s={search_term_string}"},"query-input":{"@type":"PropertyValueSpecification","valueRequired":true,"valueName":"search_term_string"}}],"inLanguage":"fr-FR"}]}},"_links":{"self":[{"href":"https:\/\/www.guayapi.com\/boutique\/wp-json\/wp\/v2\/product\/25547","targetHints":{"allow":["GET"]}}],"collection":[{"href":"https:\/\/www.guayapi.com\/boutique\/wp-json\/wp\/v2\/product"}],"about":[{"href":"https:\/\/www.guayapi.com\/boutique\/wp-json\/wp\/v2\/types\/product"}],"wp:featuredmedia":[{"embeddable":true,"href":"https:\/\/www.guayapi.com\/boutique\/wp-json\/wp\/v2\/media\/25548"}],"wp:attachment":[{"href":"https:\/\/www.guayapi.com\/boutique\/wp-json\/wp\/v2\/media?parent=25547"}],"wp:term":[{"taxonomy":"product_brand","embeddable":true,"href":"https:\/\/www.guayapi.com\/boutique\/wp-json\/wp\/v2\/product_brand?post=25547"},{"taxonomy":"product_cat","embeddable":true,"href":"https:\/\/www.guayapi.com\/boutique\/wp-json\/wp\/v2\/product_cat?post=25547"},{"taxonomy":"product_tag","embeddable":true,"href":"https:\/\/www.guayapi.com\/boutique\/wp-json\/wp\/v2\/product_tag?post=25547"}],"curies":[{"name":"wp","href":"https:\/\/api.w.org\/{rel}","templated":true}]}}