{"id":32158,"date":"2021-08-16T10:56:06","date_gmt":"2021-08-16T08:56:06","guid":{"rendered":"https:\/\/www.guayapi.com\/boutique\/?post_type=product&#038;p=32158"},"modified":"2024-05-13T11:32:04","modified_gmt":"2024-05-13T09:32:04","slug":"biere-tabu-au-warana-muirapuama-et-gingembre-guayapi","status":"publish","type":"product","link":"https:\/\/www.guayapi.com\/boutique\/produit\/biere-tabu-au-warana-muirapuama-et-gingembre-guayapi\/","title":{"rendered":"Bi\u00e8re Tabu au Warana, Muirapuama et Gingembre Guayapi"},"content":{"rendered":"","protected":false},"excerpt":{"rendered":"<p>Brass\u00e9e en Corse avec talent par nos amis de Ribella, la TABU r\u00e9v\u00e8le toutes les saveurs subtiles du Warana, du Muirapuama et du Gingembre. Bi\u00e8re d\u00e9licieuse, biologique, autonome et autochtone, elle saura vous s\u00e9duire par sa finesse en bouche.<br \/>\nD&rsquo;une couleur l\u00e9g\u00e8rement ambr\u00e9e, elle se r\u00e9v\u00e9lera pleinement en ap\u00e9ritif ou sur une cuisine asiatique, des sushis, des sashimis&#8230;<\/p>\n<p>Alcool : 4,5 % vol ; L&rsquo;abus d&rsquo;alcool est dangereux pour la sant\u00e9, \u00e0 consommer avec mod\u00e9ration.<\/p>\n","protected":false},"featured_media":32159,"template":"","meta":{"_acf_changed":false},"product_brand":[],"product_cat":[9],"product_tag":[476],"class_list":{"0":"post-32158","1":"product","2":"type-product","3":"status-publish","4":"has-post-thumbnail","6":"product_cat-epicerie-fine","7":"product_tag-biere","9":"first","10":"outofstock","11":"taxable","12":"shipping-taxable","13":"purchasable","14":"product-type-simple"},"acf":[],"yoast_head":"<title>Bi\u00e8re Tabu au Warana, Muirapuama et Gingembre Guayapi - Guayapi<\/title>\n<meta name=\"robots\" content=\"index, follow, max-snippet:-1, max-image-preview:large, max-video-preview:-1\" \/>\n<link rel=\"canonical\" href=\"https:\/\/www.guayapi.com\/boutique\/produit\/biere-tabu-au-warana-muirapuama-et-gingembre-guayapi\/\" \/>\n<meta property=\"og:locale\" content=\"fr_FR\" \/>\n<meta property=\"og:type\" content=\"article\" \/>\n<meta property=\"og:title\" content=\"Bi\u00e8re Tabu au Warana, Muirapuama et Gingembre Guayapi - Guayapi\" \/>\n<meta property=\"og:description\" content=\"Brass\u00e9e en Corse avec talent par nos amis de Ribella, la TABU r\u00e9v\u00e8le toutes les saveurs subtiles du Warana, du Muirapuama et du Gingembre. Bi\u00e8re d\u00e9licieuse, biologique, autonome et autochtone, elle saura vous s\u00e9duire par sa finesse en bouche. D&#039;une couleur l\u00e9g\u00e8rement ambr\u00e9e, elle se r\u00e9v\u00e9lera pleinement en ap\u00e9ritif ou sur une cuisine asiatique, des sushis, des sashimis...  Alcool : 4,5 % vol ; L&#039;abus d&#039;alcool est dangereux pour la sant\u00e9, \u00e0 consommer avec mod\u00e9ration.\" \/>\n<meta property=\"og:url\" content=\"https:\/\/www.guayapi.com\/boutique\/produit\/biere-tabu-au-warana-muirapuama-et-gingembre-guayapi\/\" \/>\n<meta property=\"og:site_name\" content=\"Guayapi\" \/>\n<meta property=\"article:modified_time\" content=\"2024-05-13T09:32:04+00:00\" \/>\n<meta property=\"og:image\" content=\"https:\/\/www.guayapi.com\/boutique\/wp-content\/uploads\/2021\/08\/biere-tabu-detouree.png\" \/>\n\t<meta property=\"og:image:width\" content=\"433\" \/>\n\t<meta property=\"og:image:height\" content=\"577\" \/>\n\t<meta property=\"og:image:type\" content=\"image\/png\" \/>\n<meta name=\"twitter:card\" content=\"summary_large_image\" \/>\n<meta name=\"twitter:label1\" content=\"Dur\u00e9e de lecture estim\u00e9e\" \/>\n\t<meta name=\"twitter:data1\" content=\"1 minute\" \/>\n<script type=\"application\/ld+json\" class=\"yoast-schema-graph\">{\"@context\":\"https:\\\/\\\/schema.org\",\"@graph\":[{\"@type\":\"WebPage\",\"@id\":\"https:\\\/\\\/www.guayapi.com\\\/boutique\\\/produit\\\/biere-tabu-au-warana-muirapuama-et-gingembre-guayapi\\\/\",\"url\":\"https:\\\/\\\/www.guayapi.com\\\/boutique\\\/produit\\\/biere-tabu-au-warana-muirapuama-et-gingembre-guayapi\\\/\",\"name\":\"Bi\u00e8re Tabu au Warana, Muirapuama et Gingembre Guayapi - Guayapi\",\"isPartOf\":{\"@id\":\"https:\\\/\\\/www.guayapi.com\\\/boutique\\\/#website\"},\"primaryImageOfPage\":{\"@id\":\"https:\\\/\\\/www.guayapi.com\\\/boutique\\\/produit\\\/biere-tabu-au-warana-muirapuama-et-gingembre-guayapi\\\/#primaryimage\"},\"image\":{\"@id\":\"https:\\\/\\\/www.guayapi.com\\\/boutique\\\/produit\\\/biere-tabu-au-warana-muirapuama-et-gingembre-guayapi\\\/#primaryimage\"},\"thumbnailUrl\":\"https:\\\/\\\/www.guayapi.com\\\/boutique\\\/wp-content\\\/uploads\\\/2021\\\/08\\\/biere-tabu-detouree.png\",\"datePublished\":\"2021-08-16T08:56:06+00:00\",\"dateModified\":\"2024-05-13T09:32:04+00:00\",\"breadcrumb\":{\"@id\":\"https:\\\/\\\/www.guayapi.com\\\/boutique\\\/produit\\\/biere-tabu-au-warana-muirapuama-et-gingembre-guayapi\\\/#breadcrumb\"},\"inLanguage\":\"fr-FR\",\"potentialAction\":[{\"@type\":\"ReadAction\",\"target\":[\"https:\\\/\\\/www.guayapi.com\\\/boutique\\\/produit\\\/biere-tabu-au-warana-muirapuama-et-gingembre-guayapi\\\/\"]}]},{\"@type\":\"ImageObject\",\"inLanguage\":\"fr-FR\",\"@id\":\"https:\\\/\\\/www.guayapi.com\\\/boutique\\\/produit\\\/biere-tabu-au-warana-muirapuama-et-gingembre-guayapi\\\/#primaryimage\",\"url\":\"https:\\\/\\\/www.guayapi.com\\\/boutique\\\/wp-content\\\/uploads\\\/2021\\\/08\\\/biere-tabu-detouree.png\",\"contentUrl\":\"https:\\\/\\\/www.guayapi.com\\\/boutique\\\/wp-content\\\/uploads\\\/2021\\\/08\\\/biere-tabu-detouree.png\",\"width\":433,\"height\":577},{\"@type\":\"BreadcrumbList\",\"@id\":\"https:\\\/\\\/www.guayapi.com\\\/boutique\\\/produit\\\/biere-tabu-au-warana-muirapuama-et-gingembre-guayapi\\\/#breadcrumb\",\"itemListElement\":[{\"@type\":\"ListItem\",\"position\":1,\"name\":\"Accueil\",\"item\":\"https:\\\/\\\/www.guayapi.com\\\/boutique\\\/\"},{\"@type\":\"ListItem\",\"position\":2,\"name\":\"Boutique\",\"item\":\"https:\\\/\\\/www.guayapi.com\\\/boutique\\\/\"},{\"@type\":\"ListItem\",\"position\":3,\"name\":\"Bi\u00e8re Tabu au Warana, Muirapuama et Gingembre Guayapi\"}]},{\"@type\":\"WebSite\",\"@id\":\"https:\\\/\\\/www.guayapi.com\\\/boutique\\\/#website\",\"url\":\"https:\\\/\\\/www.guayapi.com\\\/boutique\\\/\",\"name\":\"Guayapi\",\"description\":\"Super-aliments \u2022 \u00c9picerie fine \u2022 Cosm\u00e9tiques\",\"potentialAction\":[{\"@type\":\"SearchAction\",\"target\":{\"@type\":\"EntryPoint\",\"urlTemplate\":\"https:\\\/\\\/www.guayapi.com\\\/boutique\\\/?s={search_term_string}\"},\"query-input\":{\"@type\":\"PropertyValueSpecification\",\"valueRequired\":true,\"valueName\":\"search_term_string\"}}],\"inLanguage\":\"fr-FR\"}]}<\/script>","yoast_head_json":{"title":"Bi\u00e8re Tabu au Warana, Muirapuama et Gingembre Guayapi - Guayapi","robots":{"index":"index","follow":"follow","max-snippet":"max-snippet:-1","max-image-preview":"max-image-preview:large","max-video-preview":"max-video-preview:-1"},"canonical":"https:\/\/www.guayapi.com\/boutique\/produit\/biere-tabu-au-warana-muirapuama-et-gingembre-guayapi\/","og_locale":"fr_FR","og_type":"article","og_title":"Bi\u00e8re Tabu au Warana, Muirapuama et Gingembre Guayapi - Guayapi","og_description":"Brass\u00e9e en Corse avec talent par nos amis de Ribella, la TABU r\u00e9v\u00e8le toutes les saveurs subtiles du Warana, du Muirapuama et du Gingembre. Bi\u00e8re d\u00e9licieuse, biologique, autonome et autochtone, elle saura vous s\u00e9duire par sa finesse en bouche. D'une couleur l\u00e9g\u00e8rement ambr\u00e9e, elle se r\u00e9v\u00e9lera pleinement en ap\u00e9ritif ou sur une cuisine asiatique, des sushis, des sashimis...  Alcool : 4,5 % vol ; L'abus d'alcool est dangereux pour la sant\u00e9, \u00e0 consommer avec mod\u00e9ration.","og_url":"https:\/\/www.guayapi.com\/boutique\/produit\/biere-tabu-au-warana-muirapuama-et-gingembre-guayapi\/","og_site_name":"Guayapi","article_modified_time":"2024-05-13T09:32:04+00:00","og_image":[{"width":433,"height":577,"url":"https:\/\/www.guayapi.com\/boutique\/wp-content\/uploads\/2021\/08\/biere-tabu-detouree.png","type":"image\/png"}],"twitter_card":"summary_large_image","twitter_misc":{"Dur\u00e9e de lecture estim\u00e9e":"1 minute"},"schema":{"@context":"https:\/\/schema.org","@graph":[{"@type":"WebPage","@id":"https:\/\/www.guayapi.com\/boutique\/produit\/biere-tabu-au-warana-muirapuama-et-gingembre-guayapi\/","url":"https:\/\/www.guayapi.com\/boutique\/produit\/biere-tabu-au-warana-muirapuama-et-gingembre-guayapi\/","name":"Bi\u00e8re Tabu au Warana, Muirapuama et Gingembre Guayapi - Guayapi","isPartOf":{"@id":"https:\/\/www.guayapi.com\/boutique\/#website"},"primaryImageOfPage":{"@id":"https:\/\/www.guayapi.com\/boutique\/produit\/biere-tabu-au-warana-muirapuama-et-gingembre-guayapi\/#primaryimage"},"image":{"@id":"https:\/\/www.guayapi.com\/boutique\/produit\/biere-tabu-au-warana-muirapuama-et-gingembre-guayapi\/#primaryimage"},"thumbnailUrl":"https:\/\/www.guayapi.com\/boutique\/wp-content\/uploads\/2021\/08\/biere-tabu-detouree.png","datePublished":"2021-08-16T08:56:06+00:00","dateModified":"2024-05-13T09:32:04+00:00","breadcrumb":{"@id":"https:\/\/www.guayapi.com\/boutique\/produit\/biere-tabu-au-warana-muirapuama-et-gingembre-guayapi\/#breadcrumb"},"inLanguage":"fr-FR","potentialAction":[{"@type":"ReadAction","target":["https:\/\/www.guayapi.com\/boutique\/produit\/biere-tabu-au-warana-muirapuama-et-gingembre-guayapi\/"]}]},{"@type":"ImageObject","inLanguage":"fr-FR","@id":"https:\/\/www.guayapi.com\/boutique\/produit\/biere-tabu-au-warana-muirapuama-et-gingembre-guayapi\/#primaryimage","url":"https:\/\/www.guayapi.com\/boutique\/wp-content\/uploads\/2021\/08\/biere-tabu-detouree.png","contentUrl":"https:\/\/www.guayapi.com\/boutique\/wp-content\/uploads\/2021\/08\/biere-tabu-detouree.png","width":433,"height":577},{"@type":"BreadcrumbList","@id":"https:\/\/www.guayapi.com\/boutique\/produit\/biere-tabu-au-warana-muirapuama-et-gingembre-guayapi\/#breadcrumb","itemListElement":[{"@type":"ListItem","position":1,"name":"Accueil","item":"https:\/\/www.guayapi.com\/boutique\/"},{"@type":"ListItem","position":2,"name":"Boutique","item":"https:\/\/www.guayapi.com\/boutique\/"},{"@type":"ListItem","position":3,"name":"Bi\u00e8re Tabu au Warana, Muirapuama et Gingembre Guayapi"}]},{"@type":"WebSite","@id":"https:\/\/www.guayapi.com\/boutique\/#website","url":"https:\/\/www.guayapi.com\/boutique\/","name":"Guayapi","description":"Super-aliments \u2022 \u00c9picerie fine \u2022 Cosm\u00e9tiques","potentialAction":[{"@type":"SearchAction","target":{"@type":"EntryPoint","urlTemplate":"https:\/\/www.guayapi.com\/boutique\/?s={search_term_string}"},"query-input":{"@type":"PropertyValueSpecification","valueRequired":true,"valueName":"search_term_string"}}],"inLanguage":"fr-FR"}]}},"_links":{"self":[{"href":"https:\/\/www.guayapi.com\/boutique\/wp-json\/wp\/v2\/product\/32158","targetHints":{"allow":["GET"]}}],"collection":[{"href":"https:\/\/www.guayapi.com\/boutique\/wp-json\/wp\/v2\/product"}],"about":[{"href":"https:\/\/www.guayapi.com\/boutique\/wp-json\/wp\/v2\/types\/product"}],"wp:featuredmedia":[{"embeddable":true,"href":"https:\/\/www.guayapi.com\/boutique\/wp-json\/wp\/v2\/media\/32159"}],"wp:attachment":[{"href":"https:\/\/www.guayapi.com\/boutique\/wp-json\/wp\/v2\/media?parent=32158"}],"wp:term":[{"taxonomy":"product_brand","embeddable":true,"href":"https:\/\/www.guayapi.com\/boutique\/wp-json\/wp\/v2\/product_brand?post=32158"},{"taxonomy":"product_cat","embeddable":true,"href":"https:\/\/www.guayapi.com\/boutique\/wp-json\/wp\/v2\/product_cat?post=32158"},{"taxonomy":"product_tag","embeddable":true,"href":"https:\/\/www.guayapi.com\/boutique\/wp-json\/wp\/v2\/product_tag?post=32158"}],"curies":[{"name":"wp","href":"https:\/\/api.w.org\/{rel}","templated":true}]}}