{"id":32242,"date":"2021-08-23T16:58:15","date_gmt":"2021-08-23T14:58:15","guid":{"rendered":"https:\/\/www.guayapi.com\/boutique\/?post_type=product&#038;p=32242"},"modified":"2026-01-02T13:36:05","modified_gmt":"2026-01-02T12:36:05","slug":"32242","status":"publish","type":"product","link":"https:\/\/www.guayapi.com\/boutique\/produit\/32242\/","title":{"rendered":"NOUVEAU NOM-Nuit Blanche: Truffes de cacao cru au Warana et au caf\u00e9 vert de Maussawa"},"content":{"rendered":"<p>D\u00e9couvrez ce petit tr\u00e9sor gustatif avec la complicit\u00e9 de nos amis de chez RRRaw cacao cru et bio.<\/p>\n<p>S\u00e9rie limit\u00e9e NUIT MAGIQUE : nous avons ajout\u00e9 nos incroyables plantes amazoniennes, issues de nos fili\u00e8res d\u2019excellences, aux fameuses truffes de cacao cru de nos partenaires RRRAW CACAO ! Les principes actifs contenus dans ces plantes, ainsi associ\u00e9es, sont r\u00e9put\u00e9s pour nous aider \u00e0 \u00eatre, avec le Warana (Guarana des Terres d&rsquo;Origine), dynamiques.<\/p>\n<p>&nbsp;<\/p>\n<p>INFORMATION NUTRITIONNELLE POUR 100 G:<\/p>\n<p>Valeur \u00e9nerg\u00e9tique:<br \/>\nKcal 577;<br \/>\nKJ 2517<\/p>\n<p>Lipides: 44 g;<br \/>\nDont acides gras satur\u00e9s: 19 g;<\/p>\n<p>Dont acides gras mono et poly-insatur\u00e9s: 25 g;<\/p>\n<p>Glucides: 30 g;<br \/>\nDont sucres: 15 g<\/p>\n<p>Fibres: 14 g;<\/p>\n<p>Prot\u00e9ines: 9 g<\/p>\n<p>Sel: 0,3 g<\/p>\n","protected":false},"excerpt":{"rendered":"<p>Truffes de cacao cru 100% v\u00e9g\u00e9tales et sans sucre ajout\u00e9 et dans ces truffes c&rsquo;est tout simplement la datte qui vient adoucir le cacao.<\/p>\n<p>Fabriqu\u00e9 artisanalement au c\u0153ur de Paris \u00e0 la RRRAW CACAO FACTORY<\/p>\n<p>45% de Cacao<\/p>\n<p>Poids net: 100 grammes<\/p>\n<p>(185\u20ac\/Kg)<\/p>\n","protected":false},"featured_media":32243,"template":"","meta":{"_acf_changed":false},"product_brand":[],"product_cat":[9],"product_tag":[248],"class_list":{"0":"post-32242","1":"product","2":"type-product","3":"status-publish","4":"has-post-thumbnail","6":"product_cat-epicerie-fine","7":"product_tag-douceur","9":"first","10":"outofstock","11":"taxable","12":"shipping-taxable","13":"purchasable","14":"product-type-simple"},"acf":[],"yoast_head":"<title>NOUVEAU NOM-Nuit Blanche: Truffes de cacao cru au Warana et au caf\u00e9 vert de Maussawa - Guayapi<\/title>\n<meta name=\"robots\" content=\"index, follow, max-snippet:-1, max-image-preview:large, max-video-preview:-1\" \/>\n<link rel=\"canonical\" href=\"https:\/\/www.guayapi.com\/boutique\/produit\/32242\/\" \/>\n<meta property=\"og:locale\" content=\"fr_FR\" \/>\n<meta property=\"og:type\" content=\"article\" \/>\n<meta property=\"og:title\" content=\"NOUVEAU NOM-Nuit Blanche: Truffes de cacao cru au Warana et au caf\u00e9 vert de Maussawa - Guayapi\" \/>\n<meta property=\"og:description\" content=\"Truffes de cacao cru 100% v\u00e9g\u00e9tales et sans sucre ajout\u00e9 et dans ces truffes c&#039;est tout simplement la datte qui vient adoucir le cacao.  Fabriqu\u00e9 artisanalement au c\u0153ur de Paris \u00e0 la RRRAW CACAO FACTORY  45% de Cacao  Poids net: 100 grammes  (185\u20ac\/Kg)\" \/>\n<meta property=\"og:url\" content=\"https:\/\/www.guayapi.com\/boutique\/produit\/32242\/\" \/>\n<meta property=\"og:site_name\" content=\"Guayapi\" \/>\n<meta property=\"article:modified_time\" content=\"2026-01-02T12:36:05+00:00\" \/>\n<meta property=\"og:image\" content=\"https:\/\/www.guayapi.com\/boutique\/wp-content\/uploads\/2021\/08\/r-100g-bandeau-boite-blanche-nuit-blanche-guayapi.jpg\" \/>\n\t<meta property=\"og:image:width\" content=\"1181\" \/>\n\t<meta property=\"og:image:height\" content=\"1181\" \/>\n\t<meta property=\"og:image:type\" content=\"image\/jpeg\" \/>\n<meta name=\"twitter:card\" content=\"summary_large_image\" \/>\n<meta name=\"twitter:label1\" content=\"Dur\u00e9e de lecture estim\u00e9e\" \/>\n\t<meta name=\"twitter:data1\" content=\"1 minute\" \/>\n<script type=\"application\/ld+json\" class=\"yoast-schema-graph\">{\"@context\":\"https:\\\/\\\/schema.org\",\"@graph\":[{\"@type\":\"WebPage\",\"@id\":\"https:\\\/\\\/www.guayapi.com\\\/boutique\\\/produit\\\/32242\\\/\",\"url\":\"https:\\\/\\\/www.guayapi.com\\\/boutique\\\/produit\\\/32242\\\/\",\"name\":\"NOUVEAU NOM-Nuit Blanche: Truffes de cacao cru au Warana et au caf\u00e9 vert de Maussawa - Guayapi\",\"isPartOf\":{\"@id\":\"https:\\\/\\\/www.guayapi.com\\\/boutique\\\/#website\"},\"primaryImageOfPage\":{\"@id\":\"https:\\\/\\\/www.guayapi.com\\\/boutique\\\/produit\\\/32242\\\/#primaryimage\"},\"image\":{\"@id\":\"https:\\\/\\\/www.guayapi.com\\\/boutique\\\/produit\\\/32242\\\/#primaryimage\"},\"thumbnailUrl\":\"https:\\\/\\\/www.guayapi.com\\\/boutique\\\/wp-content\\\/uploads\\\/2021\\\/08\\\/r-100g-bandeau-boite-blanche-nuit-blanche-guayapi.jpg\",\"datePublished\":\"2021-08-23T14:58:15+00:00\",\"dateModified\":\"2026-01-02T12:36:05+00:00\",\"breadcrumb\":{\"@id\":\"https:\\\/\\\/www.guayapi.com\\\/boutique\\\/produit\\\/32242\\\/#breadcrumb\"},\"inLanguage\":\"fr-FR\",\"potentialAction\":[{\"@type\":\"ReadAction\",\"target\":[\"https:\\\/\\\/www.guayapi.com\\\/boutique\\\/produit\\\/32242\\\/\"]}]},{\"@type\":\"ImageObject\",\"inLanguage\":\"fr-FR\",\"@id\":\"https:\\\/\\\/www.guayapi.com\\\/boutique\\\/produit\\\/32242\\\/#primaryimage\",\"url\":\"https:\\\/\\\/www.guayapi.com\\\/boutique\\\/wp-content\\\/uploads\\\/2021\\\/08\\\/r-100g-bandeau-boite-blanche-nuit-blanche-guayapi.jpg\",\"contentUrl\":\"https:\\\/\\\/www.guayapi.com\\\/boutique\\\/wp-content\\\/uploads\\\/2021\\\/08\\\/r-100g-bandeau-boite-blanche-nuit-blanche-guayapi.jpg\",\"width\":1181,\"height\":1181},{\"@type\":\"BreadcrumbList\",\"@id\":\"https:\\\/\\\/www.guayapi.com\\\/boutique\\\/produit\\\/32242\\\/#breadcrumb\",\"itemListElement\":[{\"@type\":\"ListItem\",\"position\":1,\"name\":\"Accueil\",\"item\":\"https:\\\/\\\/www.guayapi.com\\\/boutique\\\/\"},{\"@type\":\"ListItem\",\"position\":2,\"name\":\"Boutique\",\"item\":\"https:\\\/\\\/www.guayapi.com\\\/boutique\\\/\"},{\"@type\":\"ListItem\",\"position\":3,\"name\":\"NOUVEAU NOM-Nuit Blanche: Truffes de cacao cru au Warana et au caf\u00e9 vert de Maussawa\"}]},{\"@type\":\"WebSite\",\"@id\":\"https:\\\/\\\/www.guayapi.com\\\/boutique\\\/#website\",\"url\":\"https:\\\/\\\/www.guayapi.com\\\/boutique\\\/\",\"name\":\"Guayapi\",\"description\":\"Super-aliments \u2022 \u00c9picerie fine \u2022 Cosm\u00e9tiques\",\"potentialAction\":[{\"@type\":\"SearchAction\",\"target\":{\"@type\":\"EntryPoint\",\"urlTemplate\":\"https:\\\/\\\/www.guayapi.com\\\/boutique\\\/?s={search_term_string}\"},\"query-input\":{\"@type\":\"PropertyValueSpecification\",\"valueRequired\":true,\"valueName\":\"search_term_string\"}}],\"inLanguage\":\"fr-FR\"}]}<\/script>","yoast_head_json":{"title":"NOUVEAU NOM-Nuit Blanche: Truffes de cacao cru au Warana et au caf\u00e9 vert de Maussawa - Guayapi","robots":{"index":"index","follow":"follow","max-snippet":"max-snippet:-1","max-image-preview":"max-image-preview:large","max-video-preview":"max-video-preview:-1"},"canonical":"https:\/\/www.guayapi.com\/boutique\/produit\/32242\/","og_locale":"fr_FR","og_type":"article","og_title":"NOUVEAU NOM-Nuit Blanche: Truffes de cacao cru au Warana et au caf\u00e9 vert de Maussawa - Guayapi","og_description":"Truffes de cacao cru 100% v\u00e9g\u00e9tales et sans sucre ajout\u00e9 et dans ces truffes c'est tout simplement la datte qui vient adoucir le cacao.  Fabriqu\u00e9 artisanalement au c\u0153ur de Paris \u00e0 la RRRAW CACAO FACTORY  45% de Cacao  Poids net: 100 grammes  (185\u20ac\/Kg)","og_url":"https:\/\/www.guayapi.com\/boutique\/produit\/32242\/","og_site_name":"Guayapi","article_modified_time":"2026-01-02T12:36:05+00:00","og_image":[{"width":1181,"height":1181,"url":"https:\/\/www.guayapi.com\/boutique\/wp-content\/uploads\/2021\/08\/r-100g-bandeau-boite-blanche-nuit-blanche-guayapi.jpg","type":"image\/jpeg"}],"twitter_card":"summary_large_image","twitter_misc":{"Dur\u00e9e de lecture estim\u00e9e":"1 minute"},"schema":{"@context":"https:\/\/schema.org","@graph":[{"@type":"WebPage","@id":"https:\/\/www.guayapi.com\/boutique\/produit\/32242\/","url":"https:\/\/www.guayapi.com\/boutique\/produit\/32242\/","name":"NOUVEAU NOM-Nuit Blanche: Truffes de cacao cru au Warana et au caf\u00e9 vert de Maussawa - Guayapi","isPartOf":{"@id":"https:\/\/www.guayapi.com\/boutique\/#website"},"primaryImageOfPage":{"@id":"https:\/\/www.guayapi.com\/boutique\/produit\/32242\/#primaryimage"},"image":{"@id":"https:\/\/www.guayapi.com\/boutique\/produit\/32242\/#primaryimage"},"thumbnailUrl":"https:\/\/www.guayapi.com\/boutique\/wp-content\/uploads\/2021\/08\/r-100g-bandeau-boite-blanche-nuit-blanche-guayapi.jpg","datePublished":"2021-08-23T14:58:15+00:00","dateModified":"2026-01-02T12:36:05+00:00","breadcrumb":{"@id":"https:\/\/www.guayapi.com\/boutique\/produit\/32242\/#breadcrumb"},"inLanguage":"fr-FR","potentialAction":[{"@type":"ReadAction","target":["https:\/\/www.guayapi.com\/boutique\/produit\/32242\/"]}]},{"@type":"ImageObject","inLanguage":"fr-FR","@id":"https:\/\/www.guayapi.com\/boutique\/produit\/32242\/#primaryimage","url":"https:\/\/www.guayapi.com\/boutique\/wp-content\/uploads\/2021\/08\/r-100g-bandeau-boite-blanche-nuit-blanche-guayapi.jpg","contentUrl":"https:\/\/www.guayapi.com\/boutique\/wp-content\/uploads\/2021\/08\/r-100g-bandeau-boite-blanche-nuit-blanche-guayapi.jpg","width":1181,"height":1181},{"@type":"BreadcrumbList","@id":"https:\/\/www.guayapi.com\/boutique\/produit\/32242\/#breadcrumb","itemListElement":[{"@type":"ListItem","position":1,"name":"Accueil","item":"https:\/\/www.guayapi.com\/boutique\/"},{"@type":"ListItem","position":2,"name":"Boutique","item":"https:\/\/www.guayapi.com\/boutique\/"},{"@type":"ListItem","position":3,"name":"NOUVEAU NOM-Nuit Blanche: Truffes de cacao cru au Warana et au caf\u00e9 vert de Maussawa"}]},{"@type":"WebSite","@id":"https:\/\/www.guayapi.com\/boutique\/#website","url":"https:\/\/www.guayapi.com\/boutique\/","name":"Guayapi","description":"Super-aliments \u2022 \u00c9picerie fine \u2022 Cosm\u00e9tiques","potentialAction":[{"@type":"SearchAction","target":{"@type":"EntryPoint","urlTemplate":"https:\/\/www.guayapi.com\/boutique\/?s={search_term_string}"},"query-input":{"@type":"PropertyValueSpecification","valueRequired":true,"valueName":"search_term_string"}}],"inLanguage":"fr-FR"}]}},"_links":{"self":[{"href":"https:\/\/www.guayapi.com\/boutique\/wp-json\/wp\/v2\/product\/32242","targetHints":{"allow":["GET"]}}],"collection":[{"href":"https:\/\/www.guayapi.com\/boutique\/wp-json\/wp\/v2\/product"}],"about":[{"href":"https:\/\/www.guayapi.com\/boutique\/wp-json\/wp\/v2\/types\/product"}],"wp:featuredmedia":[{"embeddable":true,"href":"https:\/\/www.guayapi.com\/boutique\/wp-json\/wp\/v2\/media\/32243"}],"wp:attachment":[{"href":"https:\/\/www.guayapi.com\/boutique\/wp-json\/wp\/v2\/media?parent=32242"}],"wp:term":[{"taxonomy":"product_brand","embeddable":true,"href":"https:\/\/www.guayapi.com\/boutique\/wp-json\/wp\/v2\/product_brand?post=32242"},{"taxonomy":"product_cat","embeddable":true,"href":"https:\/\/www.guayapi.com\/boutique\/wp-json\/wp\/v2\/product_cat?post=32242"},{"taxonomy":"product_tag","embeddable":true,"href":"https:\/\/www.guayapi.com\/boutique\/wp-json\/wp\/v2\/product_tag?post=32242"}],"curies":[{"name":"wp","href":"https:\/\/api.w.org\/{rel}","templated":true}]}}