{"id":36848,"date":"2022-02-09T15:08:22","date_gmt":"2022-02-09T14:08:22","guid":{"rendered":"https:\/\/www.guayapi.com\/boutique\/?post_type=product&#038;p=36848"},"modified":"2025-01-02T15:52:11","modified_gmt":"2025-01-02T14:52:11","slug":"huile-de-sacha-inchi-bio-100-pure","status":"publish","type":"product","link":"https:\/\/www.guayapi.com\/boutique\/produit\/huile-de-sacha-inchi-bio-100-pure\/","title":{"rendered":"Huile de Sacha Inchi Bio 100 % Pure"},"content":{"rendered":"<p>Le Sacha Inchi (Plukenetia Volubilis Linneo) est un aliment traditionnel du P\u00e9rou.<\/p>\n<p>Cette huile est pr\u00e9cieuse pour sa grande richesse nutritionnelle :<br \/>\nSon profil lipidique est particuli\u00e8rement int\u00e9ressant car elle contient 43,75% d\u2019acides gras Om\u00e9ga 3 (Acide Alpha-Linol\u00e9nique) et 33% d\u2019Om\u00e9ga 6 (Acide Linol\u00e9ique).<br \/>\nPar ailleurs, elle est riche en vitamine E (Alpha-Tocoph\u00e9rol), antioxydante.<\/p>\n<p>HUILE V\u00c9G\u00c9TALE ALIMENTAIRE 100% NATURELLE, NON RAFFIN\u00c9E ET SANS ADDITIFS<\/p>\n<p>INFORMATIONS NUTRITIONNELLES POUR 100mL:<\/p>\n<p>Valeur \u00e9nerg\u00e9tique:<br \/>\nKcal 810;<br \/>\nKJ 3392<\/p>\n<p>Lipides: 90 g;<br \/>\nDont acides gras satur\u00e9s: 5,57g<\/p>\n<p>Glucides: 0 g;<br \/>\nDont sucres: 0 g<\/p>\n<p>Prot\u00e9ines: 0 g<\/p>\n<p>Sel: 0 g<\/p>\n<p>Om\u00e9ga 3 (Acide Alpha-linol\u00e9nique): 43,75 g<\/p>\n<p>Om\u00e9ga 6 (Acide Linol\u00e9ique): 33,1 g<\/p>\n<p>Vitamine E: 15,3 mg (127,5% des VNR*)<\/p>\n<p>Vitamine A: 612,9 \u03bcg (76,6% des VNR*)<\/p>\n<p>*VNR: Valeur Nutritionnelle de R\u00e9f\u00e9rence<\/p>\n<p><span style=\"font-size: 8pt\"><em>NE PEUT SE SUBSTITUER \u00c0 UN R\u00c9GIME ALIMENTAIRE VARI\u00c9, NI \u00c0 UN MODE DE VIE SAIN.<\/em><\/span><\/p>\n","protected":false},"excerpt":{"rendered":"<p>HUILE DE SACHA INCHI BIO<br \/>\nOM\u00c9GA 3 &amp; 6<\/p>\n<p>(96\u20ac\/L)<\/p>\n","protected":false},"featured_media":36849,"template":"","meta":{"_acf_changed":false},"product_brand":[],"product_cat":[9],"product_tag":[450],"class_list":{"0":"post-36848","1":"product","2":"type-product","3":"status-publish","4":"has-post-thumbnail","6":"product_cat-epicerie-fine","7":"product_tag-omega-3-et-6","9":"first","10":"outofstock","11":"taxable","12":"shipping-taxable","13":"purchasable","14":"product-type-simple"},"acf":[],"yoast_head":"<title>Huile de Sacha Inchi Bio 100 % Pure - Guayapi<\/title>\n<meta name=\"robots\" content=\"index, follow, max-snippet:-1, max-image-preview:large, max-video-preview:-1\" \/>\n<link rel=\"canonical\" href=\"https:\/\/www.guayapi.com\/boutique\/produit\/huile-de-sacha-inchi-bio-100-pure\/\" \/>\n<meta property=\"og:locale\" content=\"fr_FR\" \/>\n<meta property=\"og:type\" content=\"article\" \/>\n<meta property=\"og:title\" content=\"Huile de Sacha Inchi Bio 100 % Pure - Guayapi\" \/>\n<meta property=\"og:description\" content=\"HUILE DE SACHA INCHI BIO OM\u00c9GA 3 &amp; 6  (96\u20ac\/L)\" \/>\n<meta property=\"og:url\" content=\"https:\/\/www.guayapi.com\/boutique\/produit\/huile-de-sacha-inchi-bio-100-pure\/\" \/>\n<meta property=\"og:site_name\" content=\"Guayapi\" \/>\n<meta property=\"article:modified_time\" content=\"2025-01-02T14:52:11+00:00\" \/>\n<meta property=\"og:image\" content=\"https:\/\/www.guayapi.com\/boutique\/wp-content\/uploads\/2022\/02\/cp-guayapi-huile-de-sacha-inchi-page-0002-removebg-preview.png\" \/>\n\t<meta property=\"og:image:width\" content=\"256\" \/>\n\t<meta property=\"og:image:height\" content=\"974\" \/>\n\t<meta property=\"og:image:type\" content=\"image\/png\" \/>\n<meta name=\"twitter:card\" content=\"summary_large_image\" \/>\n<meta name=\"twitter:label1\" content=\"Dur\u00e9e de lecture estim\u00e9e\" \/>\n\t<meta name=\"twitter:data1\" content=\"1 minute\" \/>\n<script type=\"application\/ld+json\" class=\"yoast-schema-graph\">{\"@context\":\"https:\\\/\\\/schema.org\",\"@graph\":[{\"@type\":\"WebPage\",\"@id\":\"https:\\\/\\\/www.guayapi.com\\\/boutique\\\/produit\\\/huile-de-sacha-inchi-bio-100-pure\\\/\",\"url\":\"https:\\\/\\\/www.guayapi.com\\\/boutique\\\/produit\\\/huile-de-sacha-inchi-bio-100-pure\\\/\",\"name\":\"Huile de Sacha Inchi Bio 100 % Pure - Guayapi\",\"isPartOf\":{\"@id\":\"https:\\\/\\\/www.guayapi.com\\\/boutique\\\/#website\"},\"primaryImageOfPage\":{\"@id\":\"https:\\\/\\\/www.guayapi.com\\\/boutique\\\/produit\\\/huile-de-sacha-inchi-bio-100-pure\\\/#primaryimage\"},\"image\":{\"@id\":\"https:\\\/\\\/www.guayapi.com\\\/boutique\\\/produit\\\/huile-de-sacha-inchi-bio-100-pure\\\/#primaryimage\"},\"thumbnailUrl\":\"https:\\\/\\\/www.guayapi.com\\\/boutique\\\/wp-content\\\/uploads\\\/2022\\\/02\\\/cp-guayapi-huile-de-sacha-inchi-page-0002-removebg-preview.png\",\"datePublished\":\"2022-02-09T14:08:22+00:00\",\"dateModified\":\"2025-01-02T14:52:11+00:00\",\"breadcrumb\":{\"@id\":\"https:\\\/\\\/www.guayapi.com\\\/boutique\\\/produit\\\/huile-de-sacha-inchi-bio-100-pure\\\/#breadcrumb\"},\"inLanguage\":\"fr-FR\",\"potentialAction\":[{\"@type\":\"ReadAction\",\"target\":[\"https:\\\/\\\/www.guayapi.com\\\/boutique\\\/produit\\\/huile-de-sacha-inchi-bio-100-pure\\\/\"]}]},{\"@type\":\"ImageObject\",\"inLanguage\":\"fr-FR\",\"@id\":\"https:\\\/\\\/www.guayapi.com\\\/boutique\\\/produit\\\/huile-de-sacha-inchi-bio-100-pure\\\/#primaryimage\",\"url\":\"https:\\\/\\\/www.guayapi.com\\\/boutique\\\/wp-content\\\/uploads\\\/2022\\\/02\\\/cp-guayapi-huile-de-sacha-inchi-page-0002-removebg-preview.png\",\"contentUrl\":\"https:\\\/\\\/www.guayapi.com\\\/boutique\\\/wp-content\\\/uploads\\\/2022\\\/02\\\/cp-guayapi-huile-de-sacha-inchi-page-0002-removebg-preview.png\",\"width\":256,\"height\":974},{\"@type\":\"BreadcrumbList\",\"@id\":\"https:\\\/\\\/www.guayapi.com\\\/boutique\\\/produit\\\/huile-de-sacha-inchi-bio-100-pure\\\/#breadcrumb\",\"itemListElement\":[{\"@type\":\"ListItem\",\"position\":1,\"name\":\"Accueil\",\"item\":\"https:\\\/\\\/www.guayapi.com\\\/boutique\\\/\"},{\"@type\":\"ListItem\",\"position\":2,\"name\":\"Boutique\",\"item\":\"https:\\\/\\\/www.guayapi.com\\\/boutique\\\/\"},{\"@type\":\"ListItem\",\"position\":3,\"name\":\"Huile de Sacha Inchi Bio 100 % Pure\"}]},{\"@type\":\"WebSite\",\"@id\":\"https:\\\/\\\/www.guayapi.com\\\/boutique\\\/#website\",\"url\":\"https:\\\/\\\/www.guayapi.com\\\/boutique\\\/\",\"name\":\"Guayapi\",\"description\":\"Super-aliments \u2022 \u00c9picerie fine \u2022 Cosm\u00e9tiques\",\"potentialAction\":[{\"@type\":\"SearchAction\",\"target\":{\"@type\":\"EntryPoint\",\"urlTemplate\":\"https:\\\/\\\/www.guayapi.com\\\/boutique\\\/?s={search_term_string}\"},\"query-input\":{\"@type\":\"PropertyValueSpecification\",\"valueRequired\":true,\"valueName\":\"search_term_string\"}}],\"inLanguage\":\"fr-FR\"}]}<\/script>","yoast_head_json":{"title":"Huile de Sacha Inchi Bio 100 % Pure - Guayapi","robots":{"index":"index","follow":"follow","max-snippet":"max-snippet:-1","max-image-preview":"max-image-preview:large","max-video-preview":"max-video-preview:-1"},"canonical":"https:\/\/www.guayapi.com\/boutique\/produit\/huile-de-sacha-inchi-bio-100-pure\/","og_locale":"fr_FR","og_type":"article","og_title":"Huile de Sacha Inchi Bio 100 % Pure - Guayapi","og_description":"HUILE DE SACHA INCHI BIO OM\u00c9GA 3 &amp; 6  (96\u20ac\/L)","og_url":"https:\/\/www.guayapi.com\/boutique\/produit\/huile-de-sacha-inchi-bio-100-pure\/","og_site_name":"Guayapi","article_modified_time":"2025-01-02T14:52:11+00:00","og_image":[{"width":256,"height":974,"url":"https:\/\/www.guayapi.com\/boutique\/wp-content\/uploads\/2022\/02\/cp-guayapi-huile-de-sacha-inchi-page-0002-removebg-preview.png","type":"image\/png"}],"twitter_card":"summary_large_image","twitter_misc":{"Dur\u00e9e de lecture estim\u00e9e":"1 minute"},"schema":{"@context":"https:\/\/schema.org","@graph":[{"@type":"WebPage","@id":"https:\/\/www.guayapi.com\/boutique\/produit\/huile-de-sacha-inchi-bio-100-pure\/","url":"https:\/\/www.guayapi.com\/boutique\/produit\/huile-de-sacha-inchi-bio-100-pure\/","name":"Huile de Sacha Inchi Bio 100 % Pure - Guayapi","isPartOf":{"@id":"https:\/\/www.guayapi.com\/boutique\/#website"},"primaryImageOfPage":{"@id":"https:\/\/www.guayapi.com\/boutique\/produit\/huile-de-sacha-inchi-bio-100-pure\/#primaryimage"},"image":{"@id":"https:\/\/www.guayapi.com\/boutique\/produit\/huile-de-sacha-inchi-bio-100-pure\/#primaryimage"},"thumbnailUrl":"https:\/\/www.guayapi.com\/boutique\/wp-content\/uploads\/2022\/02\/cp-guayapi-huile-de-sacha-inchi-page-0002-removebg-preview.png","datePublished":"2022-02-09T14:08:22+00:00","dateModified":"2025-01-02T14:52:11+00:00","breadcrumb":{"@id":"https:\/\/www.guayapi.com\/boutique\/produit\/huile-de-sacha-inchi-bio-100-pure\/#breadcrumb"},"inLanguage":"fr-FR","potentialAction":[{"@type":"ReadAction","target":["https:\/\/www.guayapi.com\/boutique\/produit\/huile-de-sacha-inchi-bio-100-pure\/"]}]},{"@type":"ImageObject","inLanguage":"fr-FR","@id":"https:\/\/www.guayapi.com\/boutique\/produit\/huile-de-sacha-inchi-bio-100-pure\/#primaryimage","url":"https:\/\/www.guayapi.com\/boutique\/wp-content\/uploads\/2022\/02\/cp-guayapi-huile-de-sacha-inchi-page-0002-removebg-preview.png","contentUrl":"https:\/\/www.guayapi.com\/boutique\/wp-content\/uploads\/2022\/02\/cp-guayapi-huile-de-sacha-inchi-page-0002-removebg-preview.png","width":256,"height":974},{"@type":"BreadcrumbList","@id":"https:\/\/www.guayapi.com\/boutique\/produit\/huile-de-sacha-inchi-bio-100-pure\/#breadcrumb","itemListElement":[{"@type":"ListItem","position":1,"name":"Accueil","item":"https:\/\/www.guayapi.com\/boutique\/"},{"@type":"ListItem","position":2,"name":"Boutique","item":"https:\/\/www.guayapi.com\/boutique\/"},{"@type":"ListItem","position":3,"name":"Huile de Sacha Inchi Bio 100 % Pure"}]},{"@type":"WebSite","@id":"https:\/\/www.guayapi.com\/boutique\/#website","url":"https:\/\/www.guayapi.com\/boutique\/","name":"Guayapi","description":"Super-aliments \u2022 \u00c9picerie fine \u2022 Cosm\u00e9tiques","potentialAction":[{"@type":"SearchAction","target":{"@type":"EntryPoint","urlTemplate":"https:\/\/www.guayapi.com\/boutique\/?s={search_term_string}"},"query-input":{"@type":"PropertyValueSpecification","valueRequired":true,"valueName":"search_term_string"}}],"inLanguage":"fr-FR"}]}},"_links":{"self":[{"href":"https:\/\/www.guayapi.com\/boutique\/wp-json\/wp\/v2\/product\/36848","targetHints":{"allow":["GET"]}}],"collection":[{"href":"https:\/\/www.guayapi.com\/boutique\/wp-json\/wp\/v2\/product"}],"about":[{"href":"https:\/\/www.guayapi.com\/boutique\/wp-json\/wp\/v2\/types\/product"}],"wp:featuredmedia":[{"embeddable":true,"href":"https:\/\/www.guayapi.com\/boutique\/wp-json\/wp\/v2\/media\/36849"}],"wp:attachment":[{"href":"https:\/\/www.guayapi.com\/boutique\/wp-json\/wp\/v2\/media?parent=36848"}],"wp:term":[{"taxonomy":"product_brand","embeddable":true,"href":"https:\/\/www.guayapi.com\/boutique\/wp-json\/wp\/v2\/product_brand?post=36848"},{"taxonomy":"product_cat","embeddable":true,"href":"https:\/\/www.guayapi.com\/boutique\/wp-json\/wp\/v2\/product_cat?post=36848"},{"taxonomy":"product_tag","embeddable":true,"href":"https:\/\/www.guayapi.com\/boutique\/wp-json\/wp\/v2\/product_tag?post=36848"}],"curies":[{"name":"wp","href":"https:\/\/api.w.org\/{rel}","templated":true}]}}