{"id":39893,"date":"2022-06-02T09:40:31","date_gmt":"2022-06-02T07:40:31","guid":{"rendered":"https:\/\/www.guayapi.com\/boutique\/?post_type=product&#038;p=39893"},"modified":"2026-03-02T14:05:43","modified_gmt":"2026-03-02T13:05:43","slug":"pack-promo-kiri-hodi-lait-dor-21","status":"publish","type":"product","link":"https:\/\/www.guayapi.com\/boutique\/produit\/pack-promo-kiri-hodi-lait-dor-21\/","title":{"rendered":"PACK PROMO KIRI HODI &#8211; LAIT D&rsquo;OR 1 achet\u00e9 = 1 offert !"},"content":{"rendered":"<p><strong>LE LAIT D\u2019OR BIO PR\u00caT \u00c0 D\u00c9GUSTER GUAYAPI<\/strong><\/p>\n<p>Le Kiri Hodi-Lait d&rsquo;Or GUAYAPI est une d\u00e9licieuse recette traditionnelle du Sri Lanka : du lait de coco aromatis\u00e9 aux \u00e9pices ayurv\u00e9diques ! Le Kiri Hodi-Lait d&rsquo;Or GUAYAPI est con\u00e7u dans la plus pure tradition et avec les meilleurs ingr\u00e9dients qui soient, issus des Terres d\u2019Origine et produits dans le respect de l\u2019environnement et de fa\u00e7on \u00e9quitable dans les jardins for\u00eats de Maussawa (Sri Lanka).<\/p>\n<p><strong>Comment pr\u00e9parer le Lait d\u2019Or GUAYAPI ?<\/strong><br \/>\nSecouer la pr\u00e9paration puis la chauffer.<\/p>\n<p>Cette boisson peut accompagner tous les plats, ou \u00eatre, par exemple, servie en soupe avec des \u0153ufs. Pour varier les plaisirs et les saveurs, il est possible d\u2019y associer d\u2019autres \u00e9pices.<\/p>\n<p><strong>Pourquoi on l\u2019aime ?<\/strong><br \/>\n\u2013 Pr\u00eat \u00e0 l\u2019emploi;<br \/>\n\u2013 Sans ar\u00f4me artificiel et sans conservateur;<br \/>\n\u2013 Compos\u00e9 d\u2019ingr\u00e9dients \u00e9quitables produits par des petits producteurs au Sri Lanka.<\/p>\n<p><strong>Informations nutritionnelles pour 100 grammes :<\/strong><\/p>\n<p>Valeur \u00e9nerg\u00e9tique: 170 Kcal \/ 712 KJ; Lipides : 12 g dont 11,5 g d\u2019acides<br \/>\ngras satur\u00e9s \/ Glucides : 10 g dont 3 g de sucres \/ Prot\u00e9ines : 2 g \/ Sel : 1,93 g<\/p>\n<p>DDM 04\/2023. La Date de Durabilit\u00e9 Minimale (DDM) est seulement indicative, vous pouvez consommer le produit une fois la date pass\u00e9e : <a href=\"https:\/\/www.service-public.fr\/particuliers\/vosdroits\/F10990\" target=\"_blank\" rel=\"noopener\">https:\/\/www.service-public.fr\/particuliers\/vosdroits\/F10990<\/a><\/p>\n","protected":false},"excerpt":{"rendered":"<p>Profitez d\u2019une incroyable promotion sur le Kiri Hodi &#8211; Lait d&rsquo;Or : 1 achet\u00e9 1 offert !<\/p>\n<p>(11,25\u20ac\/kg)<\/p>\n","protected":false},"featured_media":49224,"template":"","meta":{"_acf_changed":false},"product_brand":[],"product_cat":[9],"product_tag":[432],"class_list":{"0":"post-39893","1":"product","2":"type-product","3":"status-publish","4":"has-post-thumbnail","6":"product_cat-epicerie-fine","7":"product_tag-ayurveda","9":"first","10":"outofstock","11":"sale","12":"featured","13":"taxable","14":"shipping-taxable","15":"purchasable","16":"product-type-simple"},"acf":[],"yoast_head":"<title>PACK PROMO KIRI HODI - LAIT D&#039;OR 1 achet\u00e9 = 1 offert ! - Guayapi<\/title>\n<meta name=\"robots\" content=\"index, follow, max-snippet:-1, max-image-preview:large, max-video-preview:-1\" \/>\n<link rel=\"canonical\" href=\"https:\/\/www.guayapi.com\/boutique\/produit\/pack-promo-kiri-hodi-lait-dor-21\/\" \/>\n<meta property=\"og:locale\" content=\"fr_FR\" \/>\n<meta property=\"og:type\" content=\"article\" \/>\n<meta property=\"og:title\" content=\"PACK PROMO KIRI HODI - LAIT D&#039;OR 1 achet\u00e9 = 1 offert ! - Guayapi\" \/>\n<meta property=\"og:description\" content=\"Profitez d\u2019une incroyable promotion sur le Kiri Hodi - Lait d&#039;Or : 1 achet\u00e9 1 offert !  (11,25\u20ac\/kg)\" \/>\n<meta property=\"og:url\" content=\"https:\/\/www.guayapi.com\/boutique\/produit\/pack-promo-kiri-hodi-lait-dor-21\/\" \/>\n<meta property=\"og:site_name\" content=\"Guayapi\" \/>\n<meta property=\"article:modified_time\" content=\"2026-03-02T13:05:43+00:00\" \/>\n<meta property=\"og:image\" content=\"https:\/\/www.guayapi.com\/boutique\/wp-content\/uploads\/2022\/06\/whatsapp-image-2024-11-22-at-125258-1.jpeg\" \/>\n\t<meta property=\"og:image:width\" content=\"1600\" \/>\n\t<meta property=\"og:image:height\" content=\"1250\" \/>\n\t<meta property=\"og:image:type\" content=\"image\/jpeg\" \/>\n<meta name=\"twitter:card\" content=\"summary_large_image\" \/>\n<meta name=\"twitter:label1\" content=\"Dur\u00e9e de lecture estim\u00e9e\" \/>\n\t<meta name=\"twitter:data1\" content=\"2 minutes\" \/>\n<script type=\"application\/ld+json\" class=\"yoast-schema-graph\">{\"@context\":\"https:\\\/\\\/schema.org\",\"@graph\":[{\"@type\":\"WebPage\",\"@id\":\"https:\\\/\\\/www.guayapi.com\\\/boutique\\\/produit\\\/pack-promo-kiri-hodi-lait-dor-21\\\/\",\"url\":\"https:\\\/\\\/www.guayapi.com\\\/boutique\\\/produit\\\/pack-promo-kiri-hodi-lait-dor-21\\\/\",\"name\":\"PACK PROMO KIRI HODI - LAIT D'OR 1 achet\u00e9 = 1 offert ! - Guayapi\",\"isPartOf\":{\"@id\":\"https:\\\/\\\/www.guayapi.com\\\/boutique\\\/#website\"},\"primaryImageOfPage\":{\"@id\":\"https:\\\/\\\/www.guayapi.com\\\/boutique\\\/produit\\\/pack-promo-kiri-hodi-lait-dor-21\\\/#primaryimage\"},\"image\":{\"@id\":\"https:\\\/\\\/www.guayapi.com\\\/boutique\\\/produit\\\/pack-promo-kiri-hodi-lait-dor-21\\\/#primaryimage\"},\"thumbnailUrl\":\"https:\\\/\\\/www.guayapi.com\\\/boutique\\\/wp-content\\\/uploads\\\/2022\\\/06\\\/whatsapp-image-2024-11-22-at-125258-1.jpeg\",\"datePublished\":\"2022-06-02T07:40:31+00:00\",\"dateModified\":\"2026-03-02T13:05:43+00:00\",\"breadcrumb\":{\"@id\":\"https:\\\/\\\/www.guayapi.com\\\/boutique\\\/produit\\\/pack-promo-kiri-hodi-lait-dor-21\\\/#breadcrumb\"},\"inLanguage\":\"fr-FR\",\"potentialAction\":[{\"@type\":\"ReadAction\",\"target\":[\"https:\\\/\\\/www.guayapi.com\\\/boutique\\\/produit\\\/pack-promo-kiri-hodi-lait-dor-21\\\/\"]}]},{\"@type\":\"ImageObject\",\"inLanguage\":\"fr-FR\",\"@id\":\"https:\\\/\\\/www.guayapi.com\\\/boutique\\\/produit\\\/pack-promo-kiri-hodi-lait-dor-21\\\/#primaryimage\",\"url\":\"https:\\\/\\\/www.guayapi.com\\\/boutique\\\/wp-content\\\/uploads\\\/2022\\\/06\\\/whatsapp-image-2024-11-22-at-125258-1.jpeg\",\"contentUrl\":\"https:\\\/\\\/www.guayapi.com\\\/boutique\\\/wp-content\\\/uploads\\\/2022\\\/06\\\/whatsapp-image-2024-11-22-at-125258-1.jpeg\",\"width\":1600,\"height\":1250},{\"@type\":\"BreadcrumbList\",\"@id\":\"https:\\\/\\\/www.guayapi.com\\\/boutique\\\/produit\\\/pack-promo-kiri-hodi-lait-dor-21\\\/#breadcrumb\",\"itemListElement\":[{\"@type\":\"ListItem\",\"position\":1,\"name\":\"Accueil\",\"item\":\"https:\\\/\\\/www.guayapi.com\\\/boutique\\\/\"},{\"@type\":\"ListItem\",\"position\":2,\"name\":\"Boutique\",\"item\":\"https:\\\/\\\/www.guayapi.com\\\/boutique\\\/\"},{\"@type\":\"ListItem\",\"position\":3,\"name\":\"PACK PROMO KIRI HODI &#8211; LAIT D&rsquo;OR 1 achet\u00e9 = 1 offert !\"}]},{\"@type\":\"WebSite\",\"@id\":\"https:\\\/\\\/www.guayapi.com\\\/boutique\\\/#website\",\"url\":\"https:\\\/\\\/www.guayapi.com\\\/boutique\\\/\",\"name\":\"Guayapi\",\"description\":\"Super-aliments \u2022 \u00c9picerie fine \u2022 Cosm\u00e9tiques\",\"potentialAction\":[{\"@type\":\"SearchAction\",\"target\":{\"@type\":\"EntryPoint\",\"urlTemplate\":\"https:\\\/\\\/www.guayapi.com\\\/boutique\\\/?s={search_term_string}\"},\"query-input\":{\"@type\":\"PropertyValueSpecification\",\"valueRequired\":true,\"valueName\":\"search_term_string\"}}],\"inLanguage\":\"fr-FR\"}]}<\/script>","yoast_head_json":{"title":"PACK PROMO KIRI HODI - LAIT D'OR 1 achet\u00e9 = 1 offert ! - Guayapi","robots":{"index":"index","follow":"follow","max-snippet":"max-snippet:-1","max-image-preview":"max-image-preview:large","max-video-preview":"max-video-preview:-1"},"canonical":"https:\/\/www.guayapi.com\/boutique\/produit\/pack-promo-kiri-hodi-lait-dor-21\/","og_locale":"fr_FR","og_type":"article","og_title":"PACK PROMO KIRI HODI - LAIT D'OR 1 achet\u00e9 = 1 offert ! - Guayapi","og_description":"Profitez d\u2019une incroyable promotion sur le Kiri Hodi - Lait d'Or : 1 achet\u00e9 1 offert !  (11,25\u20ac\/kg)","og_url":"https:\/\/www.guayapi.com\/boutique\/produit\/pack-promo-kiri-hodi-lait-dor-21\/","og_site_name":"Guayapi","article_modified_time":"2026-03-02T13:05:43+00:00","og_image":[{"width":1600,"height":1250,"url":"https:\/\/www.guayapi.com\/boutique\/wp-content\/uploads\/2022\/06\/whatsapp-image-2024-11-22-at-125258-1.jpeg","type":"image\/jpeg"}],"twitter_card":"summary_large_image","twitter_misc":{"Dur\u00e9e de lecture estim\u00e9e":"2 minutes"},"schema":{"@context":"https:\/\/schema.org","@graph":[{"@type":"WebPage","@id":"https:\/\/www.guayapi.com\/boutique\/produit\/pack-promo-kiri-hodi-lait-dor-21\/","url":"https:\/\/www.guayapi.com\/boutique\/produit\/pack-promo-kiri-hodi-lait-dor-21\/","name":"PACK PROMO KIRI HODI - LAIT D'OR 1 achet\u00e9 = 1 offert ! - Guayapi","isPartOf":{"@id":"https:\/\/www.guayapi.com\/boutique\/#website"},"primaryImageOfPage":{"@id":"https:\/\/www.guayapi.com\/boutique\/produit\/pack-promo-kiri-hodi-lait-dor-21\/#primaryimage"},"image":{"@id":"https:\/\/www.guayapi.com\/boutique\/produit\/pack-promo-kiri-hodi-lait-dor-21\/#primaryimage"},"thumbnailUrl":"https:\/\/www.guayapi.com\/boutique\/wp-content\/uploads\/2022\/06\/whatsapp-image-2024-11-22-at-125258-1.jpeg","datePublished":"2022-06-02T07:40:31+00:00","dateModified":"2026-03-02T13:05:43+00:00","breadcrumb":{"@id":"https:\/\/www.guayapi.com\/boutique\/produit\/pack-promo-kiri-hodi-lait-dor-21\/#breadcrumb"},"inLanguage":"fr-FR","potentialAction":[{"@type":"ReadAction","target":["https:\/\/www.guayapi.com\/boutique\/produit\/pack-promo-kiri-hodi-lait-dor-21\/"]}]},{"@type":"ImageObject","inLanguage":"fr-FR","@id":"https:\/\/www.guayapi.com\/boutique\/produit\/pack-promo-kiri-hodi-lait-dor-21\/#primaryimage","url":"https:\/\/www.guayapi.com\/boutique\/wp-content\/uploads\/2022\/06\/whatsapp-image-2024-11-22-at-125258-1.jpeg","contentUrl":"https:\/\/www.guayapi.com\/boutique\/wp-content\/uploads\/2022\/06\/whatsapp-image-2024-11-22-at-125258-1.jpeg","width":1600,"height":1250},{"@type":"BreadcrumbList","@id":"https:\/\/www.guayapi.com\/boutique\/produit\/pack-promo-kiri-hodi-lait-dor-21\/#breadcrumb","itemListElement":[{"@type":"ListItem","position":1,"name":"Accueil","item":"https:\/\/www.guayapi.com\/boutique\/"},{"@type":"ListItem","position":2,"name":"Boutique","item":"https:\/\/www.guayapi.com\/boutique\/"},{"@type":"ListItem","position":3,"name":"PACK PROMO KIRI HODI &#8211; LAIT D&rsquo;OR 1 achet\u00e9 = 1 offert !"}]},{"@type":"WebSite","@id":"https:\/\/www.guayapi.com\/boutique\/#website","url":"https:\/\/www.guayapi.com\/boutique\/","name":"Guayapi","description":"Super-aliments \u2022 \u00c9picerie fine \u2022 Cosm\u00e9tiques","potentialAction":[{"@type":"SearchAction","target":{"@type":"EntryPoint","urlTemplate":"https:\/\/www.guayapi.com\/boutique\/?s={search_term_string}"},"query-input":{"@type":"PropertyValueSpecification","valueRequired":true,"valueName":"search_term_string"}}],"inLanguage":"fr-FR"}]}},"_links":{"self":[{"href":"https:\/\/www.guayapi.com\/boutique\/wp-json\/wp\/v2\/product\/39893","targetHints":{"allow":["GET"]}}],"collection":[{"href":"https:\/\/www.guayapi.com\/boutique\/wp-json\/wp\/v2\/product"}],"about":[{"href":"https:\/\/www.guayapi.com\/boutique\/wp-json\/wp\/v2\/types\/product"}],"wp:featuredmedia":[{"embeddable":true,"href":"https:\/\/www.guayapi.com\/boutique\/wp-json\/wp\/v2\/media\/49224"}],"wp:attachment":[{"href":"https:\/\/www.guayapi.com\/boutique\/wp-json\/wp\/v2\/media?parent=39893"}],"wp:term":[{"taxonomy":"product_brand","embeddable":true,"href":"https:\/\/www.guayapi.com\/boutique\/wp-json\/wp\/v2\/product_brand?post=39893"},{"taxonomy":"product_cat","embeddable":true,"href":"https:\/\/www.guayapi.com\/boutique\/wp-json\/wp\/v2\/product_cat?post=39893"},{"taxonomy":"product_tag","embeddable":true,"href":"https:\/\/www.guayapi.com\/boutique\/wp-json\/wp\/v2\/product_tag?post=39893"}],"curies":[{"name":"wp","href":"https:\/\/api.w.org\/{rel}","templated":true}]}}